{"id":289445,"date":"2024-08-16T15:03:29","date_gmt":"2024-08-16T07:03:29","guid":{"rendered":"https:\/\/crudo-leather.com\/product\/disney-yululun-silver-beaded-heart-tag-bracelet-copy\/"},"modified":"2026-03-18T17:18:55","modified_gmt":"2026-03-18T09:18:55","slug":"disney-yululun-silver-beaded-heart-tag-bracelet-stellare-white-gold","status":"publish","type":"product","link":"https:\/\/crudo-leather.com\/de\/product\/disney-yululun-silver-beaded-heart-tag-bracelet-stellare-white-gold\/","title":{"rendered":"Disney Yululun Limited Edition ma\u00dfgeschmiedete reine Silberperlenarmband"},"content":{"rendered":"","protected":false},"excerpt":{"rendered":"**Bitte w\u00e4hlen Sie mindestens ein Disney Yululun Charakter Metallanh\u00e4nger oder 925 Silber Anh\u00e4nger, sonst wird das Produkt nur mit dem urspr\u00fcnglichen Crudo runden Anh\u00e4nger geliefert und nicht mit der Disney Yululun Special Edition Geschenkbox**\n\n<ins><strong>Disney Special Edition<\/strong><\/ins>\nYululun l\u00e4sst die Herzen aller entspannen, sie lassen sich von nichts st\u00f6ren. Bestellen Sie jetzt Ihr personalisiertes Disney Yululun Special Edition Armband und tauchen Sie ein in die magische Welt der Disney Charaktere.\n\n<strong>Klicken Sie auf \"Zum Warenkorb hinzuf\u00fcgen und gestalten\", um Ihren Gravurinhalt zu gestalten<\/strong>\n\n- Offiziell lizenziertes Disney Produkt\n- Verschiedene Disney Charakter Yululun Thema Metallanh\u00e4nger und Silber Anh\u00e4nger, frei kombinierbar und an der Perlenarmband befestigbar\n- Beim Kauf eines Disney Yululun Limited Edition Silber Perlenarmbands erhalten Sie eine Disney Yululun Special Edition Geschenkbox mit abl\u00f6sbarer Gru\u00dfkarte (inklusive Geschenkkarte und Produktgarantie)\n- Hergestellt aus 925 Sterling Silber Perlen, eleganter und luxuri\u00f6ser Look\n- H\u00fcbsches Herz-Anh\u00e4nger, eine Seite mit funkelnden Edelsteinen besetzt, die andere Seite personalisierbar mit Laser-Gravur\n- Mit verstellbarem Verschluss, perfekter Sitz am Handgelenk\n- Kostenloser Gravurservice, verschiedene Schriftarten, Emojis und Gravurvorschl\u00e4ge zur Auswahl\n- Verblasst und oxidiert nicht leicht, langlebige Aufbewahrung\n- Silberschmuck geeignet f\u00fcr Menschen mit empfindlicher Haut\n\n<strong>Herstellungszeit und Versanddetails<\/strong>\n- Jedes Produkt ben\u00f6tigt nur 1-5 Werktage zur Herstellung\n- Bei Bestellung heute kann es bereits morgen versendet werden\n- Direktversand nach Hongkong und Macau","protected":false},"featured_media":289450,"comment_status":"open","ping_status":"closed","template":"","meta":{"inline_featured_image":false},"collection":[2291],"trending_cat":[],"product_cat":[17],"product_tag":[2403],"class_list":{"0":"post-289445","1":"product","2":"type-product","3":"status-publish","4":"has-post-thumbnail","6":"product_cat-bracelets-cuffs","7":"product_tag-disney-yululun","9":"first","10":"instock","11":"sale","12":"shipping-taxable","13":"purchasable","14":"product-type-variable"},"yoast_head":"<!-- This site is optimized with the Yoast SEO plugin v23.4 - https:\/\/yoast.com\/wordpress\/plugins\/seo\/ -->\n<title>Disney Yululun Limited Edition ma\u00dfgeschmiedete Sterling Silber Perlen Armband - Crudo<\/title>\n<meta name=\"description\" content=\"Entdecken Sie das Crudo Disney Yululun Armband mit herzf\u00f6rmigem Anh\u00e4nger aus Silberperlen im Sternenlicht-Platin-Design. Exklusives Design, kostenlose Gravur. Verleiht Ihrem Handgelenk einen charmanten Look. Jetzt ausw\u00e4hlen und kaufen.\" \/>\n<meta name=\"robots\" content=\"index, follow, max-snippet:-1, max-image-preview:large, max-video-preview:-1\" \/>\n<link rel=\"canonical\" href=\"https:\/\/crudo-leather.com\/de\/product\/disney-yululun-silver-beaded-heart-tag-bracelet-stellare-white-gold\/\" \/>\n<meta property=\"og:locale\" content=\"en_US\" \/>\n<meta property=\"og:type\" content=\"article\" \/>\n<meta property=\"og:title\" content=\"Disney Yululun Limited Edition ma\u00dfgeschmiedete Sterling Silber Perlen Armband - Crudo\" \/>\n<meta property=\"og:description\" content=\"Entdecken Sie das Crudo Disney Yululun Armband mit herzf\u00f6rmigem Anh\u00e4nger aus Silberperlen im Sternenlicht-Platin-Design. Exklusives Design, kostenlose Gravur. Verleiht Ihrem Handgelenk einen charmanten Look. Jetzt ausw\u00e4hlen und kaufen.\" \/>\n<meta property=\"og:url\" content=\"https:\/\/crudo-leather.com\/product\/disney-yululun-silver-beaded-heart-tag-bracelet-stellare-white-gold\/\" \/>\n<meta property=\"og:site_name\" content=\"Crudo\" \/>\n<meta property=\"article:modified_time\" content=\"2026-03-18T09:18:55+00:00\" \/>\n<meta property=\"og:image\" content=\"https:\/\/crudo-leather.com\/wp-content\/uploads\/2024\/08\/BeadWomen-Silver_KT01-1.jpg\" \/>\n\t<meta property=\"og:image:width\" content=\"2000\" \/>\n\t<meta property=\"og:image:height\" content=\"2000\" \/>\n\t<meta property=\"og:image:type\" content=\"image\/jpeg\" \/>\n<meta name=\"twitter:card\" content=\"summary_large_image\" \/>\n<meta name=\"twitter:label1\" content=\"Est. reading time\" \/>\n\t<meta name=\"twitter:data1\" content=\"1 minute\" \/>\n<script type=\"application\/ld+json\" class=\"yoast-schema-graph\">{\"@context\":\"https:\/\/schema.org\",\"@graph\":[{\"@type\":\"WebPage\",\"@id\":\"https:\/\/crudo-leather.com\/product\/disney-yululun-silver-beaded-heart-tag-bracelet-stellare-white-gold\/\",\"url\":\"https:\/\/crudo-leather.com\/product\/disney-yululun-silver-beaded-heart-tag-bracelet-stellare-white-gold\/\",\"name\":\"Disney Yululun Stellare White Gold Bracelet\",\"isPartOf\":{\"@id\":\"https:\/\/crudo-leather.com\/#website\"},\"primaryImageOfPage\":{\"@id\":\"https:\/\/crudo-leather.com\/product\/disney-yululun-silver-beaded-heart-tag-bracelet-stellare-white-gold\/#primaryimage\"},\"image\":{\"@id\":\"https:\/\/crudo-leather.com\/product\/disney-yululun-silver-beaded-heart-tag-bracelet-stellare-white-gold\/#primaryimage\"},\"thumbnailUrl\":\"https:\/\/crudo-leather.com\/wp-content\/uploads\/2024\/08\/BeadWomen-Silver_KT01-1.jpg\",\"datePublished\":\"2024-08-16T07:03:29+00:00\",\"dateModified\":\"2026-03-18T09:18:55+00:00\",\"description\":\"Add magic to your style with the Disney Yululun Silver Beaded Heart Tag Bracelet in Stellare White Gold. A delightful and personal accessory.\",\"breadcrumb\":{\"@id\":\"https:\/\/crudo-leather.com\/product\/disney-yululun-silver-beaded-heart-tag-bracelet-stellare-white-gold\/#breadcrumb\"},\"inLanguage\":\"en-US\",\"potentialAction\":[{\"@type\":\"ReadAction\",\"target\":[\"https:\/\/crudo-leather.com\/product\/disney-yululun-silver-beaded-heart-tag-bracelet-stellare-white-gold\/\"]}]},{\"@type\":\"ImageObject\",\"inLanguage\":\"en-US\",\"@id\":\"https:\/\/crudo-leather.com\/product\/disney-yululun-silver-beaded-heart-tag-bracelet-stellare-white-gold\/#primaryimage\",\"url\":\"https:\/\/crudo-leather.com\/wp-content\/uploads\/2024\/08\/BeadWomen-Silver_KT01-1.jpg\",\"contentUrl\":\"https:\/\/crudo-leather.com\/wp-content\/uploads\/2024\/08\/BeadWomen-Silver_KT01-1.jpg\",\"width\":2000,\"height\":2000},{\"@type\":\"BreadcrumbList\",\"@id\":\"https:\/\/crudo-leather.com\/product\/disney-yululun-silver-beaded-heart-tag-bracelet-stellare-white-gold\/#breadcrumb\",\"itemListElement\":[{\"@type\":\"ListItem\",\"position\":1,\"name\":\"Shop\",\"item\":\"https:\/\/crudo-leather.com\/shop\/\"},{\"@type\":\"ListItem\",\"position\":2,\"name\":\"Disney Yululun Silver Beaded Heart Tag Bracelet\"}]},{\"@type\":\"WebSite\",\"@id\":\"https:\/\/crudo-leather.com\/#website\",\"url\":\"https:\/\/crudo-leather.com\/\",\"name\":\"Crudo\",\"description\":\"\",\"potentialAction\":[{\"@type\":\"SearchAction\",\"target\":{\"@type\":\"EntryPoint\",\"urlTemplate\":\"https:\/\/crudo-leather.com\/?s={search_term_string}\"},\"query-input\":{\"@type\":\"PropertyValueSpecification\",\"valueRequired\":true,\"valueName\":\"search_term_string\"}}],\"inLanguage\":\"en-US\"}]}<\/script>\n<!-- \/ Yoast SEO plugin. -->","yoast_head_json":{"title":"Disney Yululun Limited Edition ma\u00dfgeschmiedete Sterling Silber Perlen Armband - Crudo","description":"Entdecken Sie das Crudo Disney Yululun Armband mit herzf\u00f6rmigem Anh\u00e4nger aus Silberperlen im Sternenlicht-Platin-Design. Exklusives Design, kostenlose Gravur. Verleiht Ihrem Handgelenk einen charmanten Look. Jetzt ausw\u00e4hlen und kaufen.","robots":{"index":"index","follow":"follow","max-snippet":"max-snippet:-1","max-image-preview":"max-image-preview:large","max-video-preview":"max-video-preview:-1"},"canonical":"https:\/\/crudo-leather.com\/de\/product\/disney-yululun-silver-beaded-heart-tag-bracelet-stellare-white-gold\/","og_locale":"en_US","og_type":"article","og_title":"Disney Yululun Limited Edition ma\u00dfgeschmiedete Sterling Silber Perlen Armband - Crudo","og_description":"Entdecken Sie das Crudo Disney Yululun Armband mit herzf\u00f6rmigem Anh\u00e4nger aus Silberperlen im Sternenlicht-Platin-Design. Exklusives Design, kostenlose Gravur. Verleiht Ihrem Handgelenk einen charmanten Look. Jetzt ausw\u00e4hlen und kaufen.","og_url":"https:\/\/crudo-leather.com\/product\/disney-yululun-silver-beaded-heart-tag-bracelet-stellare-white-gold\/","og_site_name":"Crudo","article_modified_time":"2026-03-18T09:18:55+00:00","og_image":[{"width":2000,"height":2000,"url":"https:\/\/crudo-leather.com\/wp-content\/uploads\/2024\/08\/BeadWomen-Silver_KT01-1.jpg","type":"image\/jpeg"}],"twitter_card":"summary_large_image","twitter_misc":{"Est. reading time":"1 minute"},"schema":{"@context":"https:\/\/schema.org","@graph":[{"@type":"WebPage","@id":"https:\/\/crudo-leather.com\/product\/disney-yululun-silver-beaded-heart-tag-bracelet-stellare-white-gold\/","url":"https:\/\/crudo-leather.com\/product\/disney-yululun-silver-beaded-heart-tag-bracelet-stellare-white-gold\/","name":"Disney Yululun Stellare White Gold Bracelet","isPartOf":{"@id":"https:\/\/crudo-leather.com\/#website"},"primaryImageOfPage":{"@id":"https:\/\/crudo-leather.com\/product\/disney-yululun-silver-beaded-heart-tag-bracelet-stellare-white-gold\/#primaryimage"},"image":{"@id":"https:\/\/crudo-leather.com\/product\/disney-yululun-silver-beaded-heart-tag-bracelet-stellare-white-gold\/#primaryimage"},"thumbnailUrl":"https:\/\/crudo-leather.com\/wp-content\/uploads\/2024\/08\/BeadWomen-Silver_KT01-1.jpg","datePublished":"2024-08-16T07:03:29+00:00","dateModified":"2026-03-18T09:18:55+00:00","description":"Add magic to your style with the Disney Yululun Silver Beaded Heart Tag Bracelet in Stellare White Gold. A delightful and personal accessory.","breadcrumb":{"@id":"https:\/\/crudo-leather.com\/product\/disney-yululun-silver-beaded-heart-tag-bracelet-stellare-white-gold\/#breadcrumb"},"inLanguage":"en-US","potentialAction":[{"@type":"ReadAction","target":["https:\/\/crudo-leather.com\/product\/disney-yululun-silver-beaded-heart-tag-bracelet-stellare-white-gold\/"]}]},{"@type":"ImageObject","inLanguage":"en-US","@id":"https:\/\/crudo-leather.com\/product\/disney-yululun-silver-beaded-heart-tag-bracelet-stellare-white-gold\/#primaryimage","url":"https:\/\/crudo-leather.com\/wp-content\/uploads\/2024\/08\/BeadWomen-Silver_KT01-1.jpg","contentUrl":"https:\/\/crudo-leather.com\/wp-content\/uploads\/2024\/08\/BeadWomen-Silver_KT01-1.jpg","width":2000,"height":2000},{"@type":"BreadcrumbList","@id":"https:\/\/crudo-leather.com\/product\/disney-yululun-silver-beaded-heart-tag-bracelet-stellare-white-gold\/#breadcrumb","itemListElement":[{"@type":"ListItem","position":1,"name":"Shop","item":"https:\/\/crudo-leather.com\/shop\/"},{"@type":"ListItem","position":2,"name":"Disney Yululun Silver Beaded Heart Tag Bracelet"}]},{"@type":"WebSite","@id":"https:\/\/crudo-leather.com\/#website","url":"https:\/\/crudo-leather.com\/","name":"Crudo","description":"","potentialAction":[{"@type":"SearchAction","target":{"@type":"EntryPoint","urlTemplate":"https:\/\/crudo-leather.com\/?s={search_term_string}"},"query-input":{"@type":"PropertyValueSpecification","valueRequired":true,"valueName":"search_term_string"}}],"inLanguage":"en-US"}]}},"_links":{"self":[{"href":"https:\/\/crudo-leather.com\/de\/wp-json\/wp\/v2\/product\/289445"}],"collection":[{"href":"https:\/\/crudo-leather.com\/de\/wp-json\/wp\/v2\/product"}],"about":[{"href":"https:\/\/crudo-leather.com\/de\/wp-json\/wp\/v2\/types\/product"}],"replies":[{"embeddable":true,"href":"https:\/\/crudo-leather.com\/de\/wp-json\/wp\/v2\/comments?post=289445"}],"wp:featuredmedia":[{"embeddable":true,"href":"https:\/\/crudo-leather.com\/de\/wp-json\/wp\/v2\/media\/289450"}],"wp:attachment":[{"href":"https:\/\/crudo-leather.com\/de\/wp-json\/wp\/v2\/media?parent=289445"}],"wp:term":[{"taxonomy":"collection","embeddable":true,"href":"https:\/\/crudo-leather.com\/de\/wp-json\/wp\/v2\/collection?post=289445"},{"taxonomy":"trending_cat","embeddable":true,"href":"https:\/\/crudo-leather.com\/de\/wp-json\/wp\/v2\/trending_cat?post=289445"},{"taxonomy":"product_cat","embeddable":true,"href":"https:\/\/crudo-leather.com\/de\/wp-json\/wp\/v2\/product_cat?post=289445"},{"taxonomy":"product_tag","embeddable":true,"href":"https:\/\/crudo-leather.com\/de\/wp-json\/wp\/v2\/product_tag?post=289445"}],"curies":[{"name":"wp","href":"https:\/\/api.w.org\/{rel}","templated":true}]}}