{"id":289459,"date":"2024-08-16T15:27:12","date_gmt":"2024-08-16T07:27:12","guid":{"rendered":"https:\/\/crudo-leather.com\/product\/disney-yululun-customized-silver-beaded-heart-tag-gemstone-bracelet-copy\/"},"modified":"2025-10-10T16:10:12","modified_gmt":"2025-10-10T08:10:12","slug":"disney-yululun-customized-silver-beaded-heart-tag-gemstone-bracelet-copy","status":"publish","type":"product","link":"https:\/\/crudo-leather.com\/de\/product\/disney-yululun-customized-silver-beaded-heart-tag-gemstone-bracelet-copy\/","title":{"rendered":"Disney Yululun Limited Edition ma\u00dfgeschmiedete reine Silberperlenarmband"},"content":{"rendered":"","protected":false},"excerpt":{"rendered":"**Bitte w\u00e4hlen Sie mindestens ein Disney Yululun Charakter Metallanh\u00e4nger oder 925 Silber Anh\u00e4nger, sonst wird das Produkt nur mit dem urspr\u00fcnglichen Crudo runden Anh\u00e4nger geliefert und nicht mit der Disney Yululun Special Edition Geschenkbox**\n\n<ins><strong>Disney Special Edition<\/strong><\/ins>\nYululun l\u00e4sst die Herzen aller entspannen, sie lassen sich von nichts st\u00f6ren. Bestellen Sie jetzt Ihr personalisiertes Disney Yululun Special Edition Armband und tauchen Sie ein in die magische Welt der Disney Charaktere.\n\n<strong>Klicken Sie auf \"Zum Warenkorb hinzuf\u00fcgen und gestalten\", um Ihre Gravur zu entwerfen<\/strong>\n\n- Offiziell lizenziertes Disney Produkt\n- Verschiedene Disney Charakter Yululun Thema Metallanh\u00e4nger und reine Silberanh\u00e4nger, frei kombinierbar und an der Perlenarmband befestigbar\n- Beim Kauf eines Disney Yululun Limited Edition reinen Silber Perlenarmbands erhalten Sie eine Disney Yululun Special Edition Geschenkbox mit abl\u00f6sbarer Gru\u00dfkarte (inklusive Geschenkkarte und Produktgarantie)\n- Verwendung von nat\u00fcrlichem Amethyst, verziert mit 925 Silber Perlen, leichter luxuri\u00f6ser und eleganter Look, bringt Ihnen Liebe und Gl\u00fcck\n- Jeder Edelstein wird nat\u00fcrlich abgebaut und hat eine einzigartige nat\u00fcrliche Textur\n- H\u00fcbscher herzf\u00f6rmiger Anh\u00e4nger, eine Seite mit funkelndem Edelstein besetzt, die andere Seite kann personalisiert mit Lasergravur versehen werden\n- Mit verstellbarem Verschluss, passt sich perfekt dem Handgelenk an\n- Kostenloser Gravurservice, verschiedene Schriftarten, Emojis und Gravurvorschl\u00e4ge zur Auswahl\n- Verblasst und oxidiert nicht leicht, dauerhafte Haltbarkeit\n- Reine Silberschmuck geeignet f\u00fcr Menschen mit empfindlicher Haut\n\n<strong>Produktionszeit und Versanddetails<\/strong>\n- Jedes Produkt ben\u00f6tigt nur 1-5 Werktage zur Fertigstellung\n- Bei Bestellung heute kann es bereits morgen versendet werden\n- Direktversand nach Hongkong und Macau","protected":false},"featured_media":289465,"comment_status":"open","ping_status":"closed","template":"","meta":{"inline_featured_image":false},"collection":[2291],"trending_cat":[],"product_cat":[17],"product_tag":[2403],"class_list":{"0":"post-289459","1":"product","2":"type-product","3":"status-publish","4":"has-post-thumbnail","6":"product_cat-bracelets-cuffs","7":"product_tag-disney-yululun","9":"first","10":"instock","11":"sale","12":"shipping-taxable","13":"purchasable","14":"product-type-variable"},"yoast_head":"<!-- This site is optimized with the Yoast SEO plugin v23.4 - https:\/\/yoast.com\/wordpress\/plugins\/seo\/ -->\n<title>Crudo Senzaltro Lederausweish\u00fclle: Grau mit personalisierter Gravur<\/title>\n<meta name=\"description\" content=\"Crudo Senzaltro Leder Kartenhalter f\u00fcr Ausweise, graues italienisches Kreuznarbenrindleder. Handgen\u00e4ht, kostenlose Gravur, mit elegantem Geschenkbox.\" \/>\n<meta name=\"robots\" content=\"index, follow, max-snippet:-1, max-image-preview:large, max-video-preview:-1\" \/>\n<link rel=\"canonical\" href=\"https:\/\/crudo-leather.com\/de\/product\/disney-yululun-customized-silver-beaded-heart-tag-gemstone-bracelet-copy\/\" \/>\n<meta property=\"og:locale\" content=\"en_US\" \/>\n<meta property=\"og:type\" content=\"article\" \/>\n<meta property=\"og:title\" content=\"Crudo Senzaltro Lederausweish\u00fclle: Grau mit personalisierter Gravur\" \/>\n<meta property=\"og:description\" content=\"Crudo Senzaltro Leder Kartenhalter f\u00fcr Ausweise, graues italienisches Kreuznarbenrindleder. Handgen\u00e4ht, kostenlose Gravur, mit elegantem Geschenkbox.\" \/>\n<meta property=\"og:url\" content=\"https:\/\/crudo-leather.com\/product\/disney-yululun-customized-silver-beaded-heart-tag-gemstone-bracelet-copy\/\" \/>\n<meta property=\"og:site_name\" content=\"Crudo\" \/>\n<meta property=\"article:modified_time\" content=\"2025-10-10T08:10:12+00:00\" \/>\n<meta property=\"og:image\" content=\"https:\/\/crudo-leather.com\/wp-content\/uploads\/2024\/08\/Yululun-Purple_01.jpg\" \/>\n\t<meta property=\"og:image:width\" content=\"2000\" \/>\n\t<meta property=\"og:image:height\" content=\"2000\" \/>\n\t<meta property=\"og:image:type\" content=\"image\/jpeg\" \/>\n<meta name=\"twitter:card\" content=\"summary_large_image\" \/>\n<meta name=\"twitter:label1\" content=\"Est. reading time\" \/>\n\t<meta name=\"twitter:data1\" content=\"1 minute\" \/>\n<script type=\"application\/ld+json\" class=\"yoast-schema-graph\">{\"@context\":\"https:\/\/schema.org\",\"@graph\":[{\"@type\":\"WebPage\",\"@id\":\"https:\/\/crudo-leather.com\/product\/disney-yululun-customized-silver-beaded-heart-tag-gemstone-bracelet-copy\/\",\"url\":\"https:\/\/crudo-leather.com\/product\/disney-yululun-customized-silver-beaded-heart-tag-gemstone-bracelet-copy\/\",\"name\":\"Disney Yululun Gemstone Beaded Bracelet\",\"isPartOf\":{\"@id\":\"https:\/\/crudo-leather.com\/#website\"},\"primaryImageOfPage\":{\"@id\":\"https:\/\/crudo-leather.com\/product\/disney-yululun-customized-silver-beaded-heart-tag-gemstone-bracelet-copy\/#primaryimage\"},\"image\":{\"@id\":\"https:\/\/crudo-leather.com\/product\/disney-yululun-customized-silver-beaded-heart-tag-gemstone-bracelet-copy\/#primaryimage\"},\"thumbnailUrl\":\"https:\/\/crudo-leather.com\/wp-content\/uploads\/2024\/08\/Yululun-Purple_01.jpg\",\"datePublished\":\"2024-08-16T07:27:12+00:00\",\"dateModified\":\"2025-10-10T08:10:12+00:00\",\"description\":\"Add magic to your style with the Disney Yululun Customized Silver Beaded Heart Tag Gemstone Bracelet. A delightful and personal accessory.\",\"breadcrumb\":{\"@id\":\"https:\/\/crudo-leather.com\/product\/disney-yululun-customized-silver-beaded-heart-tag-gemstone-bracelet-copy\/#breadcrumb\"},\"inLanguage\":\"en-US\",\"potentialAction\":[{\"@type\":\"ReadAction\",\"target\":[\"https:\/\/crudo-leather.com\/product\/disney-yululun-customized-silver-beaded-heart-tag-gemstone-bracelet-copy\/\"]}]},{\"@type\":\"ImageObject\",\"inLanguage\":\"en-US\",\"@id\":\"https:\/\/crudo-leather.com\/product\/disney-yululun-customized-silver-beaded-heart-tag-gemstone-bracelet-copy\/#primaryimage\",\"url\":\"https:\/\/crudo-leather.com\/wp-content\/uploads\/2024\/08\/Yululun-Purple_01.jpg\",\"contentUrl\":\"https:\/\/crudo-leather.com\/wp-content\/uploads\/2024\/08\/Yululun-Purple_01.jpg\",\"width\":2000,\"height\":2000},{\"@type\":\"BreadcrumbList\",\"@id\":\"https:\/\/crudo-leather.com\/product\/disney-yululun-customized-silver-beaded-heart-tag-gemstone-bracelet-copy\/#breadcrumb\",\"itemListElement\":[{\"@type\":\"ListItem\",\"position\":1,\"name\":\"Shop\",\"item\":\"https:\/\/crudo-leather.com\/shop\/\"},{\"@type\":\"ListItem\",\"position\":2,\"name\":\"Disney Yululun Customized Silver Beaded Heart Tag Gemstone Bracelet\"}]},{\"@type\":\"WebSite\",\"@id\":\"https:\/\/crudo-leather.com\/#website\",\"url\":\"https:\/\/crudo-leather.com\/\",\"name\":\"Crudo\",\"description\":\"\",\"potentialAction\":[{\"@type\":\"SearchAction\",\"target\":{\"@type\":\"EntryPoint\",\"urlTemplate\":\"https:\/\/crudo-leather.com\/?s={search_term_string}\"},\"query-input\":{\"@type\":\"PropertyValueSpecification\",\"valueRequired\":true,\"valueName\":\"search_term_string\"}}],\"inLanguage\":\"en-US\"}]}<\/script>\n<!-- \/ Yoast SEO plugin. -->","yoast_head_json":{"title":"Crudo Senzaltro Lederausweish\u00fclle: Grau mit personalisierter Gravur","description":"Crudo Senzaltro Leder Kartenhalter f\u00fcr Ausweise, graues italienisches Kreuznarbenrindleder. Handgen\u00e4ht, kostenlose Gravur, mit elegantem Geschenkbox.","robots":{"index":"index","follow":"follow","max-snippet":"max-snippet:-1","max-image-preview":"max-image-preview:large","max-video-preview":"max-video-preview:-1"},"canonical":"https:\/\/crudo-leather.com\/de\/product\/disney-yululun-customized-silver-beaded-heart-tag-gemstone-bracelet-copy\/","og_locale":"en_US","og_type":"article","og_title":"Crudo Senzaltro Lederausweish\u00fclle: Grau mit personalisierter Gravur","og_description":"Crudo Senzaltro Leder Kartenhalter f\u00fcr Ausweise, graues italienisches Kreuznarbenrindleder. Handgen\u00e4ht, kostenlose Gravur, mit elegantem Geschenkbox.","og_url":"https:\/\/crudo-leather.com\/product\/disney-yululun-customized-silver-beaded-heart-tag-gemstone-bracelet-copy\/","og_site_name":"Crudo","article_modified_time":"2025-10-10T08:10:12+00:00","og_image":[{"width":2000,"height":2000,"url":"https:\/\/crudo-leather.com\/wp-content\/uploads\/2024\/08\/Yululun-Purple_01.jpg","type":"image\/jpeg"}],"twitter_card":"summary_large_image","twitter_misc":{"Est. reading time":"1 minute"},"schema":{"@context":"https:\/\/schema.org","@graph":[{"@type":"WebPage","@id":"https:\/\/crudo-leather.com\/product\/disney-yululun-customized-silver-beaded-heart-tag-gemstone-bracelet-copy\/","url":"https:\/\/crudo-leather.com\/product\/disney-yululun-customized-silver-beaded-heart-tag-gemstone-bracelet-copy\/","name":"Disney Yululun Gemstone Beaded Bracelet","isPartOf":{"@id":"https:\/\/crudo-leather.com\/#website"},"primaryImageOfPage":{"@id":"https:\/\/crudo-leather.com\/product\/disney-yululun-customized-silver-beaded-heart-tag-gemstone-bracelet-copy\/#primaryimage"},"image":{"@id":"https:\/\/crudo-leather.com\/product\/disney-yululun-customized-silver-beaded-heart-tag-gemstone-bracelet-copy\/#primaryimage"},"thumbnailUrl":"https:\/\/crudo-leather.com\/wp-content\/uploads\/2024\/08\/Yululun-Purple_01.jpg","datePublished":"2024-08-16T07:27:12+00:00","dateModified":"2025-10-10T08:10:12+00:00","description":"Add magic to your style with the Disney Yululun Customized Silver Beaded Heart Tag Gemstone Bracelet. A delightful and personal accessory.","breadcrumb":{"@id":"https:\/\/crudo-leather.com\/product\/disney-yululun-customized-silver-beaded-heart-tag-gemstone-bracelet-copy\/#breadcrumb"},"inLanguage":"en-US","potentialAction":[{"@type":"ReadAction","target":["https:\/\/crudo-leather.com\/product\/disney-yululun-customized-silver-beaded-heart-tag-gemstone-bracelet-copy\/"]}]},{"@type":"ImageObject","inLanguage":"en-US","@id":"https:\/\/crudo-leather.com\/product\/disney-yululun-customized-silver-beaded-heart-tag-gemstone-bracelet-copy\/#primaryimage","url":"https:\/\/crudo-leather.com\/wp-content\/uploads\/2024\/08\/Yululun-Purple_01.jpg","contentUrl":"https:\/\/crudo-leather.com\/wp-content\/uploads\/2024\/08\/Yululun-Purple_01.jpg","width":2000,"height":2000},{"@type":"BreadcrumbList","@id":"https:\/\/crudo-leather.com\/product\/disney-yululun-customized-silver-beaded-heart-tag-gemstone-bracelet-copy\/#breadcrumb","itemListElement":[{"@type":"ListItem","position":1,"name":"Shop","item":"https:\/\/crudo-leather.com\/shop\/"},{"@type":"ListItem","position":2,"name":"Disney Yululun Customized Silver Beaded Heart Tag Gemstone Bracelet"}]},{"@type":"WebSite","@id":"https:\/\/crudo-leather.com\/#website","url":"https:\/\/crudo-leather.com\/","name":"Crudo","description":"","potentialAction":[{"@type":"SearchAction","target":{"@type":"EntryPoint","urlTemplate":"https:\/\/crudo-leather.com\/?s={search_term_string}"},"query-input":{"@type":"PropertyValueSpecification","valueRequired":true,"valueName":"search_term_string"}}],"inLanguage":"en-US"}]}},"_links":{"self":[{"href":"https:\/\/crudo-leather.com\/de\/wp-json\/wp\/v2\/product\/289459"}],"collection":[{"href":"https:\/\/crudo-leather.com\/de\/wp-json\/wp\/v2\/product"}],"about":[{"href":"https:\/\/crudo-leather.com\/de\/wp-json\/wp\/v2\/types\/product"}],"replies":[{"embeddable":true,"href":"https:\/\/crudo-leather.com\/de\/wp-json\/wp\/v2\/comments?post=289459"}],"wp:featuredmedia":[{"embeddable":true,"href":"https:\/\/crudo-leather.com\/de\/wp-json\/wp\/v2\/media\/289465"}],"wp:attachment":[{"href":"https:\/\/crudo-leather.com\/de\/wp-json\/wp\/v2\/media?parent=289459"}],"wp:term":[{"taxonomy":"collection","embeddable":true,"href":"https:\/\/crudo-leather.com\/de\/wp-json\/wp\/v2\/collection?post=289459"},{"taxonomy":"trending_cat","embeddable":true,"href":"https:\/\/crudo-leather.com\/de\/wp-json\/wp\/v2\/trending_cat?post=289459"},{"taxonomy":"product_cat","embeddable":true,"href":"https:\/\/crudo-leather.com\/de\/wp-json\/wp\/v2\/product_cat?post=289459"},{"taxonomy":"product_tag","embeddable":true,"href":"https:\/\/crudo-leather.com\/de\/wp-json\/wp\/v2\/product_tag?post=289459"}],"curies":[{"name":"wp","href":"https:\/\/api.w.org\/{rel}","templated":true}]}}