{"id":289474,"date":"2024-08-16T16:19:55","date_gmt":"2024-08-16T08:19:55","guid":{"rendered":"https:\/\/crudo-leather.com\/?post_type=product&#038;p=289474"},"modified":"2025-10-15T15:00:31","modified_gmt":"2025-10-15T07:00:31","slug":"disney-yululun-customized-italian-leather-keychain-jet-black","status":"publish","type":"product","link":"https:\/\/crudo-leather.com\/de\/product\/disney-yululun-customized-italian-leather-keychain-jet-black\/","title":{"rendered":"Disney Yululun Limited Edition personalisiertes geflochtenes Leder Schl\u00fcsselanh\u00e4nger"},"content":{"rendered":"","protected":false},"excerpt":{"rendered":"**Bitte w\u00e4hlen Sie mindestens ein Disney Yululun Charakter Metallanh\u00e4nger oder 925 Silber Anh\u00e4nger, sonst wird das Produkt nur mit dem urspr\u00fcnglichen Crudo runden Anh\u00e4nger geliefert und nicht mit der Disney Yululun Special Edition Geschenkbox**\n\n<ins><strong>Disney Special Edition<\/strong><\/ins>\nYululun l\u00e4sst die Herzen aller entspannen, sie lassen sich von nichts st\u00f6ren. Bestellen Sie jetzt Ihr pers\u00f6nliches Disney Yululun Special Edition Schmuckst\u00fcck und tauchen Sie ein in die magische Welt der Disney Charaktere.\n\n<strong>Klicken Sie auf \"Zum Warenkorb hinzuf\u00fcgen und gestalten\", um Ihre Gravur zu entwerfen<\/strong>\n\n- Offiziell lizenziertes Disney Produkt\n- Verschiedene Disney Charakter Yululun Metallanh\u00e4nger und Silberanh\u00e4nger, frei kombinierbar und an einem Leder Schl\u00fcsselring befestigbar\n- Beim Kauf eines Disney Yululun Limited Edition Leder Schl\u00fcsselrings erhalten Sie eine Disney Yululun Special Edition Geschenkbox mit abl\u00f6sbarer Gru\u00dfkarte (inklusive Geschenkkarte und Produktgarantie)\n- Kostenloser Gravurservice, verschiedene Schriftarten, Emojis und Gravurvorschl\u00e4ge verf\u00fcgbar\n- Handgefertigt aus italienischem geflochtenem Leder, erweiterbar f\u00fcr die Verbindung mit verschiedenen Gegenst\u00e4nden\n- Exklusives achteckiges Metall-Cut-Design\n- Kombiniert Kunst, Mode und Funktionalit\u00e4t im Design\n\n<strong>Produktionszeit und Versanddetails<\/strong>\n- Jedes Produkt ben\u00f6tigt nur 1-5 Werktage zur Fertigstellung\n- Bei Bestellung heute kann es bereits morgen versendet werden\n- Direktversand nach Hongkong und Macau","protected":false},"featured_media":289475,"comment_status":"open","ping_status":"closed","template":"","meta":{"inline_featured_image":false},"collection":[2291],"trending_cat":[],"product_cat":[89],"product_tag":[2403],"class_list":{"0":"post-289474","1":"product","2":"type-product","3":"status-publish","4":"has-post-thumbnail","6":"product_cat-others-accessories","7":"product_tag-disney-yululun","9":"first","10":"instock","11":"sale","12":"shipping-taxable","13":"purchasable","14":"product-type-variable"},"yoast_head":"<!-- This site is optimized with the Yoast SEO plugin v23.4 - https:\/\/yoast.com\/wordpress\/plugins\/seo\/ -->\n<title>Crudo Disney Yululun Italienisches Leder Schl\u00fcsselanh\u00e4nger<\/title>\n<meta name=\"description\" content=\"Crudo Leather x Disney Yululun Limited Edition Italienisches Leder Schl\u00fcsselanh\u00e4nger. Aus hochwertigem Rindsleder handgefertigt, kostenlose Gravur, exklusives achteckiges Metall-Schnittdesign. Mit Anh\u00e4nger und exklusiver Geschenkbox.\" \/>\n<meta name=\"robots\" content=\"index, follow, max-snippet:-1, max-image-preview:large, max-video-preview:-1\" \/>\n<link rel=\"canonical\" href=\"https:\/\/crudo-leather.com\/de\/product\/disney-yululun-customized-italian-leather-keychain-jet-black\/\" \/>\n<meta property=\"og:locale\" content=\"en_US\" \/>\n<meta property=\"og:type\" content=\"article\" \/>\n<meta property=\"og:title\" content=\"Crudo Disney Yululun Italienisches Leder Schl\u00fcsselanh\u00e4nger\" \/>\n<meta property=\"og:description\" content=\"Crudo Leather x Disney Yululun Limited Edition Italienisches Leder Schl\u00fcsselanh\u00e4nger. Aus hochwertigem Rindsleder handgefertigt, kostenlose Gravur, exklusives achteckiges Metall-Schnittdesign. Mit Anh\u00e4nger und exklusiver Geschenkbox.\" \/>\n<meta property=\"og:url\" content=\"https:\/\/crudo-leather.com\/product\/disney-yululun-customized-italian-leather-keychain-jet-black\/\" \/>\n<meta property=\"og:site_name\" content=\"Crudo\" \/>\n<meta property=\"article:modified_time\" content=\"2025-10-15T07:00:31+00:00\" \/>\n<meta property=\"og:image\" content=\"https:\/\/crudo-leather.com\/wp-content\/uploads\/2024\/08\/Yululun_KEC01_Black_Front.jpg\" \/>\n\t<meta property=\"og:image:width\" content=\"2000\" \/>\n\t<meta property=\"og:image:height\" content=\"2000\" \/>\n\t<meta property=\"og:image:type\" content=\"image\/jpeg\" \/>\n<meta name=\"twitter:card\" content=\"summary_large_image\" \/>\n<meta name=\"twitter:label1\" content=\"Est. reading time\" \/>\n\t<meta name=\"twitter:data1\" content=\"1 minute\" \/>\n<script type=\"application\/ld+json\" class=\"yoast-schema-graph\">{\"@context\":\"https:\/\/schema.org\",\"@graph\":[{\"@type\":\"WebPage\",\"@id\":\"https:\/\/crudo-leather.com\/product\/disney-yululun-customized-italian-leather-keychain-jet-black\/\",\"url\":\"https:\/\/crudo-leather.com\/product\/disney-yululun-customized-italian-leather-keychain-jet-black\/\",\"name\":\"Customized Disney Yululun Italian Leather Keychain - Jet Black\",\"isPartOf\":{\"@id\":\"https:\/\/crudo-leather.com\/#website\"},\"primaryImageOfPage\":{\"@id\":\"https:\/\/crudo-leather.com\/product\/disney-yululun-customized-italian-leather-keychain-jet-black\/#primaryimage\"},\"image\":{\"@id\":\"https:\/\/crudo-leather.com\/product\/disney-yululun-customized-italian-leather-keychain-jet-black\/#primaryimage\"},\"thumbnailUrl\":\"https:\/\/crudo-leather.com\/wp-content\/uploads\/2024\/08\/Yululun_KEC01_Black_Front.jpg\",\"datePublished\":\"2024-08-16T08:19:55+00:00\",\"dateModified\":\"2025-10-15T07:00:31+00:00\",\"description\":\"Shop Disney Yululun Italian leather keychain. Jet black with rose gold plated brass. Free engraving & luxury gift box. Create your exclusive Disney accessory. Shop now!\",\"breadcrumb\":{\"@id\":\"https:\/\/crudo-leather.com\/product\/disney-yululun-customized-italian-leather-keychain-jet-black\/#breadcrumb\"},\"inLanguage\":\"en-US\",\"potentialAction\":[{\"@type\":\"ReadAction\",\"target\":[\"https:\/\/crudo-leather.com\/product\/disney-yululun-customized-italian-leather-keychain-jet-black\/\"]}]},{\"@type\":\"ImageObject\",\"inLanguage\":\"en-US\",\"@id\":\"https:\/\/crudo-leather.com\/product\/disney-yululun-customized-italian-leather-keychain-jet-black\/#primaryimage\",\"url\":\"https:\/\/crudo-leather.com\/wp-content\/uploads\/2024\/08\/Yululun_KEC01_Black_Front.jpg\",\"contentUrl\":\"https:\/\/crudo-leather.com\/wp-content\/uploads\/2024\/08\/Yululun_KEC01_Black_Front.jpg\",\"width\":2000,\"height\":2000},{\"@type\":\"BreadcrumbList\",\"@id\":\"https:\/\/crudo-leather.com\/product\/disney-yululun-customized-italian-leather-keychain-jet-black\/#breadcrumb\",\"itemListElement\":[{\"@type\":\"ListItem\",\"position\":1,\"name\":\"Shop\",\"item\":\"https:\/\/crudo-leather.com\/shop\/\"},{\"@type\":\"ListItem\",\"position\":2,\"name\":\"Disney Yululun Customized Italian Leather Keychain\"}]},{\"@type\":\"WebSite\",\"@id\":\"https:\/\/crudo-leather.com\/#website\",\"url\":\"https:\/\/crudo-leather.com\/\",\"name\":\"Crudo\",\"description\":\"\",\"potentialAction\":[{\"@type\":\"SearchAction\",\"target\":{\"@type\":\"EntryPoint\",\"urlTemplate\":\"https:\/\/crudo-leather.com\/?s={search_term_string}\"},\"query-input\":{\"@type\":\"PropertyValueSpecification\",\"valueRequired\":true,\"valueName\":\"search_term_string\"}}],\"inLanguage\":\"en-US\"}]}<\/script>\n<!-- \/ Yoast SEO plugin. -->","yoast_head_json":{"title":"Crudo Disney Yululun Italienisches Leder Schl\u00fcsselanh\u00e4nger","description":"Crudo Leather x Disney Yululun Limited Edition Italienisches Leder Schl\u00fcsselanh\u00e4nger. Aus hochwertigem Rindsleder handgefertigt, kostenlose Gravur, exklusives achteckiges Metall-Schnittdesign. Mit Anh\u00e4nger und exklusiver Geschenkbox.","robots":{"index":"index","follow":"follow","max-snippet":"max-snippet:-1","max-image-preview":"max-image-preview:large","max-video-preview":"max-video-preview:-1"},"canonical":"https:\/\/crudo-leather.com\/de\/product\/disney-yululun-customized-italian-leather-keychain-jet-black\/","og_locale":"en_US","og_type":"article","og_title":"Crudo Disney Yululun Italienisches Leder Schl\u00fcsselanh\u00e4nger","og_description":"Crudo Leather x Disney Yululun Limited Edition Italienisches Leder Schl\u00fcsselanh\u00e4nger. Aus hochwertigem Rindsleder handgefertigt, kostenlose Gravur, exklusives achteckiges Metall-Schnittdesign. Mit Anh\u00e4nger und exklusiver Geschenkbox.","og_url":"https:\/\/crudo-leather.com\/product\/disney-yululun-customized-italian-leather-keychain-jet-black\/","og_site_name":"Crudo","article_modified_time":"2025-10-15T07:00:31+00:00","og_image":[{"width":2000,"height":2000,"url":"https:\/\/crudo-leather.com\/wp-content\/uploads\/2024\/08\/Yululun_KEC01_Black_Front.jpg","type":"image\/jpeg"}],"twitter_card":"summary_large_image","twitter_misc":{"Est. reading time":"1 minute"},"schema":{"@context":"https:\/\/schema.org","@graph":[{"@type":"WebPage","@id":"https:\/\/crudo-leather.com\/product\/disney-yululun-customized-italian-leather-keychain-jet-black\/","url":"https:\/\/crudo-leather.com\/product\/disney-yululun-customized-italian-leather-keychain-jet-black\/","name":"Customized Disney Yululun Italian Leather Keychain - Jet Black","isPartOf":{"@id":"https:\/\/crudo-leather.com\/#website"},"primaryImageOfPage":{"@id":"https:\/\/crudo-leather.com\/product\/disney-yululun-customized-italian-leather-keychain-jet-black\/#primaryimage"},"image":{"@id":"https:\/\/crudo-leather.com\/product\/disney-yululun-customized-italian-leather-keychain-jet-black\/#primaryimage"},"thumbnailUrl":"https:\/\/crudo-leather.com\/wp-content\/uploads\/2024\/08\/Yululun_KEC01_Black_Front.jpg","datePublished":"2024-08-16T08:19:55+00:00","dateModified":"2025-10-15T07:00:31+00:00","description":"Shop Disney Yululun Italian leather keychain. Jet black with rose gold plated brass. Free engraving & luxury gift box. Create your exclusive Disney accessory. Shop now!","breadcrumb":{"@id":"https:\/\/crudo-leather.com\/product\/disney-yululun-customized-italian-leather-keychain-jet-black\/#breadcrumb"},"inLanguage":"en-US","potentialAction":[{"@type":"ReadAction","target":["https:\/\/crudo-leather.com\/product\/disney-yululun-customized-italian-leather-keychain-jet-black\/"]}]},{"@type":"ImageObject","inLanguage":"en-US","@id":"https:\/\/crudo-leather.com\/product\/disney-yululun-customized-italian-leather-keychain-jet-black\/#primaryimage","url":"https:\/\/crudo-leather.com\/wp-content\/uploads\/2024\/08\/Yululun_KEC01_Black_Front.jpg","contentUrl":"https:\/\/crudo-leather.com\/wp-content\/uploads\/2024\/08\/Yululun_KEC01_Black_Front.jpg","width":2000,"height":2000},{"@type":"BreadcrumbList","@id":"https:\/\/crudo-leather.com\/product\/disney-yululun-customized-italian-leather-keychain-jet-black\/#breadcrumb","itemListElement":[{"@type":"ListItem","position":1,"name":"Shop","item":"https:\/\/crudo-leather.com\/shop\/"},{"@type":"ListItem","position":2,"name":"Disney Yululun Customized Italian Leather Keychain"}]},{"@type":"WebSite","@id":"https:\/\/crudo-leather.com\/#website","url":"https:\/\/crudo-leather.com\/","name":"Crudo","description":"","potentialAction":[{"@type":"SearchAction","target":{"@type":"EntryPoint","urlTemplate":"https:\/\/crudo-leather.com\/?s={search_term_string}"},"query-input":{"@type":"PropertyValueSpecification","valueRequired":true,"valueName":"search_term_string"}}],"inLanguage":"en-US"}]}},"_links":{"self":[{"href":"https:\/\/crudo-leather.com\/de\/wp-json\/wp\/v2\/product\/289474"}],"collection":[{"href":"https:\/\/crudo-leather.com\/de\/wp-json\/wp\/v2\/product"}],"about":[{"href":"https:\/\/crudo-leather.com\/de\/wp-json\/wp\/v2\/types\/product"}],"replies":[{"embeddable":true,"href":"https:\/\/crudo-leather.com\/de\/wp-json\/wp\/v2\/comments?post=289474"}],"wp:featuredmedia":[{"embeddable":true,"href":"https:\/\/crudo-leather.com\/de\/wp-json\/wp\/v2\/media\/289475"}],"wp:attachment":[{"href":"https:\/\/crudo-leather.com\/de\/wp-json\/wp\/v2\/media?parent=289474"}],"wp:term":[{"taxonomy":"collection","embeddable":true,"href":"https:\/\/crudo-leather.com\/de\/wp-json\/wp\/v2\/collection?post=289474"},{"taxonomy":"trending_cat","embeddable":true,"href":"https:\/\/crudo-leather.com\/de\/wp-json\/wp\/v2\/trending_cat?post=289474"},{"taxonomy":"product_cat","embeddable":true,"href":"https:\/\/crudo-leather.com\/de\/wp-json\/wp\/v2\/product_cat?post=289474"},{"taxonomy":"product_tag","embeddable":true,"href":"https:\/\/crudo-leather.com\/de\/wp-json\/wp\/v2\/product_tag?post=289474"}],"curies":[{"name":"wp","href":"https:\/\/api.w.org\/{rel}","templated":true}]}}