{"id":2898,"date":"2024-08-01T14:19:59","date_gmt":"2024-08-01T06:19:59","guid":{"rendered":"https:\/\/crudo-leather.com\/product\/peanuts-uv-printed-customized-rfid-slim-passport-wallet-saffiano-pink\/"},"modified":"2026-02-03T12:07:46","modified_gmt":"2026-02-03T04:07:46","slug":"peanuts-uv-printed-customized-rfid-slim-passport-wallet-saffiano-pink","status":"publish","type":"product","link":"https:\/\/crudo-leather.com\/de\/product\/peanuts-uv-printed-customized-rfid-slim-passport-wallet-saffiano-pink\/","title":{"rendered":"Snoopy Limited Edition UV-Druck personalisiertes RFID d\u00fcnnes Leder Reisepassh\u00fclle Portemonnaie"},"content":{"rendered":"","protected":false},"excerpt":{"rendered":"** Nachdem Sie ein Produkt ausgew\u00e4hlt und auf \"Zum Warenkorb hinzuf\u00fcgen und gestalten\" geklickt haben, w\u00e4hlen Sie bitte auf der Gestaltungsseite ein spezielles Motiv aus der PEANUTS Kollektion aus. Andernfalls wird das Produkt nicht mit einem UV-Druck versehen und auch nicht mit der PEANUTS Geschenkbox geliefert.**\n\n<ins><strong>Crudo x PEANUTS <\/strong><\/ins>\n\nCrudo pr\u00e4sentiert in Zusammenarbeit mit PEANUTS eine brandneue Serie aus italienischem Leder mit UV-Druck, die Sie den klassischen Charakteren aus den \"Peanuts\"-Comics wie Snoopy und seinen Freunden n\u00e4her bringt! Durch hochwertige UV-Drucktechnologie werden die niedlichen Bilder der PEANUTS Gangs zusammen mit Ihrer Unterschrift auf dem italienischen Leder als lebendigere und klarere Muster dargestellt, was Ihre Lederprodukte noch interessanter macht.\n\n- Offiziell lizenziertes PEANUTS Leder-Reisepassetui\n- Hergestellt aus italienischem Rindleder erster Wahl mit Kreuzpr\u00e4gung\n- Bis zu 28 spezielle Motive aus der PEANUTS Kollektion zur Auswahl, die zusammen mit Ihrer personalisierten Unterschrift per UV-Druck auf das Lederportemonnaie aufgebracht werden\n- Beim Kauf einer PEANUTS Limited Edition Leder-Geldb\u00f6rse erhalten Sie eine PEANUTS Geschenkbox mit abtrennbarer Gru\u00dfkarte (inklusive Geschenkkarte und Produktgarantie)\n- RFID-Technologie sch\u00fctzt wichtige Daten auf Ihren Karten vor Diebstahl\n- Handgen\u00e4hte Ziern\u00e4hte, geschliffene und vers\u00e4uberte Kanten\n\n<strong>Details<\/strong>\n- Separate Geldscheinfach\n- 5 Kreditkartenf\u00e4cher\n- 1 Reisepassfach\n- 1 Bordkartenfach\n- 1 Innentasche\n\n<strong>Herstellungszeit und Versanddetails<\/strong><strong> <\/strong>\n- Jedes Produkt wird in nur 1-5 Werktagen hergestellt\n- Bei Bestellung heute kann die Lieferung bereits morgen erfolgen\n- Nur erh\u00e4ltlich in Hongkong, Taiwan, Macau, Singapur, Malaysia und dem chinesischen Festland","protected":false},"featured_media":19060,"comment_status":"open","ping_status":"closed","template":"","meta":{"inline_featured_image":false},"collection":[2278],"trending_cat":[],"product_cat":[82],"product_tag":[103],"class_list":{"0":"post-2898","1":"product","2":"type-product","3":"status-publish","4":"has-post-thumbnail","6":"product_cat-passport-holder","7":"product_tag-peanuts","9":"first","10":"instock","11":"sale","12":"shipping-taxable","13":"purchasable","14":"product-type-variable"},"yoast_head":"<!-- This site is optimized with the Yoast SEO plugin v23.4 - https:\/\/yoast.com\/wordpress\/plugins\/seo\/ -->\n<title>Crudo Peanuts UV-Druck RFID-Diebstahlschutz schlanke Reisepassh\u00fclle - Rosa<\/title>\n<meta name=\"description\" content=\"Entdecken Sie den Crudo Peanuts Comic Limited Edition rosa Saffiano-Leder Reisepassh\u00fclle. Mit UV-gedrucktem Peanuts Comic-Muster, integrierter RFID-Diebstahlschutztechnologie, mehreren Kartenf\u00e4chern, SIM-Kartensteckplatz und Bordkartenfach. Inklusive exklusiver Geschenkbox.\" \/>\n<meta name=\"robots\" content=\"index, follow, max-snippet:-1, max-image-preview:large, max-video-preview:-1\" \/>\n<link rel=\"canonical\" href=\"https:\/\/crudo-leather.com\/de\/product\/peanuts-uv-printed-customized-rfid-slim-passport-wallet-saffiano-pink\/\" \/>\n<meta property=\"og:locale\" content=\"en_US\" \/>\n<meta property=\"og:type\" content=\"article\" \/>\n<meta property=\"og:title\" content=\"Crudo Peanuts UV-Druck RFID-Diebstahlschutz schlanke Reisepassh\u00fclle - Rosa\" \/>\n<meta property=\"og:description\" content=\"Entdecken Sie den Crudo Peanuts Comic Limited Edition rosa Saffiano-Leder Reisepassh\u00fclle. Mit UV-gedrucktem Peanuts Comic-Muster, integrierter RFID-Diebstahlschutztechnologie, mehreren Kartenf\u00e4chern, SIM-Kartensteckplatz und Bordkartenfach. Inklusive exklusiver Geschenkbox.\" \/>\n<meta property=\"og:url\" content=\"https:\/\/crudo-leather.com\/product\/peanuts-uv-printed-customized-rfid-slim-passport-wallet-saffiano-pink\/\" \/>\n<meta property=\"og:site_name\" content=\"Crudo\" \/>\n<meta property=\"article:modified_time\" content=\"2026-02-03T04:07:46+00:00\" \/>\n<meta property=\"og:image\" content=\"https:\/\/crudo-leather.com\/wp-content\/uploads\/2024\/08\/pph13_1_pink_thumbnail.jpg\" \/>\n\t<meta property=\"og:image:width\" content=\"640\" \/>\n\t<meta property=\"og:image:height\" content=\"640\" \/>\n\t<meta property=\"og:image:type\" content=\"image\/jpeg\" \/>\n<meta name=\"twitter:card\" content=\"summary_large_image\" \/>\n<meta name=\"twitter:label1\" content=\"Est. reading time\" \/>\n\t<meta name=\"twitter:data1\" content=\"1 minute\" \/>\n<script type=\"application\/ld+json\" class=\"yoast-schema-graph\">{\"@context\":\"https:\/\/schema.org\",\"@graph\":[{\"@type\":\"WebPage\",\"@id\":\"https:\/\/crudo-leather.com\/product\/peanuts-uv-printed-customized-rfid-slim-passport-wallet-saffiano-pink\/\",\"url\":\"https:\/\/crudo-leather.com\/product\/peanuts-uv-printed-customized-rfid-slim-passport-wallet-saffiano-pink\/\",\"name\":\"Winnie the Pooh Collection\",\"isPartOf\":{\"@id\":\"https:\/\/crudo-leather.com\/#website\"},\"primaryImageOfPage\":{\"@id\":\"https:\/\/crudo-leather.com\/product\/peanuts-uv-printed-customized-rfid-slim-passport-wallet-saffiano-pink\/#primaryimage\"},\"image\":{\"@id\":\"https:\/\/crudo-leather.com\/product\/peanuts-uv-printed-customized-rfid-slim-passport-wallet-saffiano-pink\/#primaryimage\"},\"thumbnailUrl\":\"https:\/\/crudo-leather.com\/wp-content\/uploads\/2024\/08\/pph13_1_pink_thumbnail.jpg\",\"datePublished\":\"2024-08-01T06:19:59+00:00\",\"dateModified\":\"2026-02-03T04:07:46+00:00\",\"description\":\"Explore Crudo Leather's Winnie the Pooh Collection. Officially licensed products, warm designs, customized leather and jewelry accessories. For Winnie the Pooh fans. Shop now!\",\"breadcrumb\":{\"@id\":\"https:\/\/crudo-leather.com\/product\/peanuts-uv-printed-customized-rfid-slim-passport-wallet-saffiano-pink\/#breadcrumb\"},\"inLanguage\":\"en-US\",\"potentialAction\":[{\"@type\":\"ReadAction\",\"target\":[\"https:\/\/crudo-leather.com\/product\/peanuts-uv-printed-customized-rfid-slim-passport-wallet-saffiano-pink\/\"]}]},{\"@type\":\"ImageObject\",\"inLanguage\":\"en-US\",\"@id\":\"https:\/\/crudo-leather.com\/product\/peanuts-uv-printed-customized-rfid-slim-passport-wallet-saffiano-pink\/#primaryimage\",\"url\":\"https:\/\/crudo-leather.com\/wp-content\/uploads\/2024\/08\/pph13_1_pink_thumbnail.jpg\",\"contentUrl\":\"https:\/\/crudo-leather.com\/wp-content\/uploads\/2024\/08\/pph13_1_pink_thumbnail.jpg\",\"width\":640,\"height\":640},{\"@type\":\"BreadcrumbList\",\"@id\":\"https:\/\/crudo-leather.com\/product\/peanuts-uv-printed-customized-rfid-slim-passport-wallet-saffiano-pink\/#breadcrumb\",\"itemListElement\":[{\"@type\":\"ListItem\",\"position\":1,\"name\":\"Shop\",\"item\":\"https:\/\/crudo-leather.com\/shop\/\"},{\"@type\":\"ListItem\",\"position\":2,\"name\":\"Snoopy UV Printed Customized RFID Slim Passport Wallet\"}]},{\"@type\":\"WebSite\",\"@id\":\"https:\/\/crudo-leather.com\/#website\",\"url\":\"https:\/\/crudo-leather.com\/\",\"name\":\"Crudo\",\"description\":\"\",\"potentialAction\":[{\"@type\":\"SearchAction\",\"target\":{\"@type\":\"EntryPoint\",\"urlTemplate\":\"https:\/\/crudo-leather.com\/?s={search_term_string}\"},\"query-input\":{\"@type\":\"PropertyValueSpecification\",\"valueRequired\":true,\"valueName\":\"search_term_string\"}}],\"inLanguage\":\"en-US\"}]}<\/script>\n<!-- \/ Yoast SEO plugin. -->","yoast_head_json":{"title":"Crudo Peanuts UV-Druck RFID-Diebstahlschutz schlanke Reisepassh\u00fclle - Rosa","description":"Entdecken Sie den Crudo Peanuts Comic Limited Edition rosa Saffiano-Leder Reisepassh\u00fclle. Mit UV-gedrucktem Peanuts Comic-Muster, integrierter RFID-Diebstahlschutztechnologie, mehreren Kartenf\u00e4chern, SIM-Kartensteckplatz und Bordkartenfach. Inklusive exklusiver Geschenkbox.","robots":{"index":"index","follow":"follow","max-snippet":"max-snippet:-1","max-image-preview":"max-image-preview:large","max-video-preview":"max-video-preview:-1"},"canonical":"https:\/\/crudo-leather.com\/de\/product\/peanuts-uv-printed-customized-rfid-slim-passport-wallet-saffiano-pink\/","og_locale":"en_US","og_type":"article","og_title":"Crudo Peanuts UV-Druck RFID-Diebstahlschutz schlanke Reisepassh\u00fclle - Rosa","og_description":"Entdecken Sie den Crudo Peanuts Comic Limited Edition rosa Saffiano-Leder Reisepassh\u00fclle. Mit UV-gedrucktem Peanuts Comic-Muster, integrierter RFID-Diebstahlschutztechnologie, mehreren Kartenf\u00e4chern, SIM-Kartensteckplatz und Bordkartenfach. Inklusive exklusiver Geschenkbox.","og_url":"https:\/\/crudo-leather.com\/product\/peanuts-uv-printed-customized-rfid-slim-passport-wallet-saffiano-pink\/","og_site_name":"Crudo","article_modified_time":"2026-02-03T04:07:46+00:00","og_image":[{"width":640,"height":640,"url":"https:\/\/crudo-leather.com\/wp-content\/uploads\/2024\/08\/pph13_1_pink_thumbnail.jpg","type":"image\/jpeg"}],"twitter_card":"summary_large_image","twitter_misc":{"Est. reading time":"1 minute"},"schema":{"@context":"https:\/\/schema.org","@graph":[{"@type":"WebPage","@id":"https:\/\/crudo-leather.com\/product\/peanuts-uv-printed-customized-rfid-slim-passport-wallet-saffiano-pink\/","url":"https:\/\/crudo-leather.com\/product\/peanuts-uv-printed-customized-rfid-slim-passport-wallet-saffiano-pink\/","name":"Winnie the Pooh Collection","isPartOf":{"@id":"https:\/\/crudo-leather.com\/#website"},"primaryImageOfPage":{"@id":"https:\/\/crudo-leather.com\/product\/peanuts-uv-printed-customized-rfid-slim-passport-wallet-saffiano-pink\/#primaryimage"},"image":{"@id":"https:\/\/crudo-leather.com\/product\/peanuts-uv-printed-customized-rfid-slim-passport-wallet-saffiano-pink\/#primaryimage"},"thumbnailUrl":"https:\/\/crudo-leather.com\/wp-content\/uploads\/2024\/08\/pph13_1_pink_thumbnail.jpg","datePublished":"2024-08-01T06:19:59+00:00","dateModified":"2026-02-03T04:07:46+00:00","description":"Explore Crudo Leather's Winnie the Pooh Collection. Officially licensed products, warm designs, customized leather and jewelry accessories. For Winnie the Pooh fans. Shop now!","breadcrumb":{"@id":"https:\/\/crudo-leather.com\/product\/peanuts-uv-printed-customized-rfid-slim-passport-wallet-saffiano-pink\/#breadcrumb"},"inLanguage":"en-US","potentialAction":[{"@type":"ReadAction","target":["https:\/\/crudo-leather.com\/product\/peanuts-uv-printed-customized-rfid-slim-passport-wallet-saffiano-pink\/"]}]},{"@type":"ImageObject","inLanguage":"en-US","@id":"https:\/\/crudo-leather.com\/product\/peanuts-uv-printed-customized-rfid-slim-passport-wallet-saffiano-pink\/#primaryimage","url":"https:\/\/crudo-leather.com\/wp-content\/uploads\/2024\/08\/pph13_1_pink_thumbnail.jpg","contentUrl":"https:\/\/crudo-leather.com\/wp-content\/uploads\/2024\/08\/pph13_1_pink_thumbnail.jpg","width":640,"height":640},{"@type":"BreadcrumbList","@id":"https:\/\/crudo-leather.com\/product\/peanuts-uv-printed-customized-rfid-slim-passport-wallet-saffiano-pink\/#breadcrumb","itemListElement":[{"@type":"ListItem","position":1,"name":"Shop","item":"https:\/\/crudo-leather.com\/shop\/"},{"@type":"ListItem","position":2,"name":"Snoopy UV Printed Customized RFID Slim Passport Wallet"}]},{"@type":"WebSite","@id":"https:\/\/crudo-leather.com\/#website","url":"https:\/\/crudo-leather.com\/","name":"Crudo","description":"","potentialAction":[{"@type":"SearchAction","target":{"@type":"EntryPoint","urlTemplate":"https:\/\/crudo-leather.com\/?s={search_term_string}"},"query-input":{"@type":"PropertyValueSpecification","valueRequired":true,"valueName":"search_term_string"}}],"inLanguage":"en-US"}]}},"_links":{"self":[{"href":"https:\/\/crudo-leather.com\/de\/wp-json\/wp\/v2\/product\/2898"}],"collection":[{"href":"https:\/\/crudo-leather.com\/de\/wp-json\/wp\/v2\/product"}],"about":[{"href":"https:\/\/crudo-leather.com\/de\/wp-json\/wp\/v2\/types\/product"}],"replies":[{"embeddable":true,"href":"https:\/\/crudo-leather.com\/de\/wp-json\/wp\/v2\/comments?post=2898"}],"wp:featuredmedia":[{"embeddable":true,"href":"https:\/\/crudo-leather.com\/de\/wp-json\/wp\/v2\/media\/19060"}],"wp:attachment":[{"href":"https:\/\/crudo-leather.com\/de\/wp-json\/wp\/v2\/media?parent=2898"}],"wp:term":[{"taxonomy":"collection","embeddable":true,"href":"https:\/\/crudo-leather.com\/de\/wp-json\/wp\/v2\/collection?post=2898"},{"taxonomy":"trending_cat","embeddable":true,"href":"https:\/\/crudo-leather.com\/de\/wp-json\/wp\/v2\/trending_cat?post=2898"},{"taxonomy":"product_cat","embeddable":true,"href":"https:\/\/crudo-leather.com\/de\/wp-json\/wp\/v2\/product_cat?post=2898"},{"taxonomy":"product_tag","embeddable":true,"href":"https:\/\/crudo-leather.com\/de\/wp-json\/wp\/v2\/product_tag?post=2898"}],"curies":[{"name":"wp","href":"https:\/\/api.w.org\/{rel}","templated":true}]}}