{"id":290163,"date":"2024-09-04T10:12:01","date_gmt":"2024-09-04T02:12:01","guid":{"rendered":"https:\/\/crudo-leather.com\/product\/cinnamoroll-enamel-small-metal-plate\/"},"modified":"2025-12-23T17:59:54","modified_gmt":"2025-12-23T09:59:54","slug":"cinnamoroll-enamel-small-metal-plate-music-and-harp-is-my-life","status":"publish","type":"product","link":"https:\/\/crudo-leather.com\/de\/product\/cinnamoroll-enamel-small-metal-plate-music-and-harp-is-my-life\/","title":{"rendered":"Cinnamoroll Emaille-Metallanh\u00e4nger - Leidenschaft f\u00fcr Harfe und Musik"},"content":{"rendered":"","protected":false},"excerpt":{"rendered":"** Dieses Produkt ist ein Kombinationsprodukt und muss mit dem Cinnamoroll Special Edition Schmuck gekauft werden **\n\n<strong><u>Cinnamoroll x Crudo<\/u><\/strong>\n\nEs gibt so viele lustige Dinge im Leben, genau wie bei Cinnamoroll, entdecke die Dinge, die du liebst!\n\nDas niedliche und unschuldige Cinnamoroll-Muster wird in Emaille-Technik zu einem kleinen Metallanh\u00e4nger gefertigt, dessen Oberfl\u00e4che mit Glitzer oder Strasssteinen verziert ist, kombiniert mit seinen Lieblingsspeisen oder Musikinstrumenten als Dekoration, um die Textur und Eleganz des Anh\u00e4ngers zu steigern.\n\n- Offiziell lizenziertes Sanrio-Produkt\n\n- Verschiedene Cinnamoroll Emaille-Metallanh\u00e4nger\n\n- Zwei kleine Anh\u00e4nger \u00fcberlappendes Dekorationsdesign\n\n- Hergestellt aus nicht oxidierendem 316L Edelstahl\n\n- In Emaille-Technik gefertigt, f\u00fcr einen ausgepr\u00e4gteren Reliefeffekt\n\n- Frei kombinierbar mit Leder- oder Stahlschmuck","protected":false},"featured_media":290166,"comment_status":"open","ping_status":"closed","template":"","meta":{"inline_featured_image":false},"collection":[2570],"trending_cat":[],"product_cat":[2415,15],"product_tag":[],"class_list":{"0":"post-290163","1":"product","2":"type-product","3":"status-publish","4":"has-post-thumbnail","6":"product_cat-pendant-metal-plate","7":"product_cat-uncategorized","9":"first","10":"instock","11":"shipping-taxable","12":"purchasable","13":"product-type-variable"},"yoast_head":"<!-- This site is optimized with the Yoast SEO plugin v23.4 - https:\/\/yoast.com\/wordpress\/plugins\/seo\/ -->\n<title>Crudo Cinnamoroll Emaille Metallanh\u00e4nger - Musik und Harfe sind mein Leben<\/title>\n<meta name=\"description\" content=\"Entdecken Sie das Crudo Cinnamoroll Emaille-Metallanh\u00e4nger, Musik- und Harfendesign. Exquisite Emaille-Kunsthandwerk, das einen k\u00fcnstlerischen und niedlichen Stil zeigt. Kaufen Sie jetzt und verleihen Sie Ihrem Schmuck Spa\u00df und Pers\u00f6nlichkeit.\" \/>\n<meta name=\"robots\" content=\"index, follow, max-snippet:-1, max-image-preview:large, max-video-preview:-1\" \/>\n<link rel=\"canonical\" href=\"https:\/\/crudo-leather.com\/de\/product\/cinnamoroll-enamel-small-metal-plate-music-and-harp-is-my-life\/\" \/>\n<meta property=\"og:locale\" content=\"en_US\" \/>\n<meta property=\"og:type\" content=\"article\" \/>\n<meta property=\"og:title\" content=\"Crudo Cinnamoroll Emaille Metallanh\u00e4nger - Musik und Harfe sind mein Leben\" \/>\n<meta property=\"og:description\" content=\"Entdecken Sie das Crudo Cinnamoroll Emaille-Metallanh\u00e4nger, Musik- und Harfendesign. Exquisite Emaille-Kunsthandwerk, das einen k\u00fcnstlerischen und niedlichen Stil zeigt. Kaufen Sie jetzt und verleihen Sie Ihrem Schmuck Spa\u00df und Pers\u00f6nlichkeit.\" \/>\n<meta property=\"og:url\" content=\"https:\/\/crudo-leather.com\/product\/cinnamoroll-enamel-small-metal-plate-music-and-harp-is-my-life\/\" \/>\n<meta property=\"og:site_name\" content=\"Crudo\" \/>\n<meta property=\"article:modified_time\" content=\"2025-12-23T09:59:54+00:00\" \/>\n<meta property=\"og:image\" content=\"https:\/\/crudo-leather.com\/wp-content\/uploads\/2024\/09\/CN_Charm_02-1.jpg\" \/>\n\t<meta property=\"og:image:width\" content=\"2000\" \/>\n\t<meta property=\"og:image:height\" content=\"2000\" \/>\n\t<meta property=\"og:image:type\" content=\"image\/jpeg\" \/>\n<meta name=\"twitter:card\" content=\"summary_large_image\" \/>\n<meta name=\"twitter:label1\" content=\"Est. reading time\" \/>\n\t<meta name=\"twitter:data1\" content=\"1 minute\" \/>\n<script type=\"application\/ld+json\" class=\"yoast-schema-graph\">{\"@context\":\"https:\/\/schema.org\",\"@graph\":[{\"@type\":\"WebPage\",\"@id\":\"https:\/\/crudo-leather.com\/product\/cinnamoroll-enamel-small-metal-plate-music-and-harp-is-my-life\/\",\"url\":\"https:\/\/crudo-leather.com\/product\/cinnamoroll-enamel-small-metal-plate-music-and-harp-is-my-life\/\",\"name\":\"Cinnamoroll Music & Harp Enamel Metal Plate\",\"isPartOf\":{\"@id\":\"https:\/\/crudo-leather.com\/#website\"},\"primaryImageOfPage\":{\"@id\":\"https:\/\/crudo-leather.com\/product\/cinnamoroll-enamel-small-metal-plate-music-and-harp-is-my-life\/#primaryimage\"},\"image\":{\"@id\":\"https:\/\/crudo-leather.com\/product\/cinnamoroll-enamel-small-metal-plate-music-and-harp-is-my-life\/#primaryimage\"},\"thumbnailUrl\":\"https:\/\/crudo-leather.com\/wp-content\/uploads\/2024\/09\/CN_Charm_02-1.jpg\",\"datePublished\":\"2024-09-04T02:12:01+00:00\",\"dateModified\":\"2025-12-23T09:59:54+00:00\",\"description\":\"Harmonize your style with the Cinnamoroll Music and Harp Is My Life Enamel Small Metal Plate. A melodious accessory.\",\"breadcrumb\":{\"@id\":\"https:\/\/crudo-leather.com\/product\/cinnamoroll-enamel-small-metal-plate-music-and-harp-is-my-life\/#breadcrumb\"},\"inLanguage\":\"en-US\",\"potentialAction\":[{\"@type\":\"ReadAction\",\"target\":[\"https:\/\/crudo-leather.com\/product\/cinnamoroll-enamel-small-metal-plate-music-and-harp-is-my-life\/\"]}]},{\"@type\":\"ImageObject\",\"inLanguage\":\"en-US\",\"@id\":\"https:\/\/crudo-leather.com\/product\/cinnamoroll-enamel-small-metal-plate-music-and-harp-is-my-life\/#primaryimage\",\"url\":\"https:\/\/crudo-leather.com\/wp-content\/uploads\/2024\/09\/CN_Charm_02-1.jpg\",\"contentUrl\":\"https:\/\/crudo-leather.com\/wp-content\/uploads\/2024\/09\/CN_Charm_02-1.jpg\",\"width\":2000,\"height\":2000},{\"@type\":\"BreadcrumbList\",\"@id\":\"https:\/\/crudo-leather.com\/product\/cinnamoroll-enamel-small-metal-plate-music-and-harp-is-my-life\/#breadcrumb\",\"itemListElement\":[{\"@type\":\"ListItem\",\"position\":1,\"name\":\"Shop\",\"item\":\"https:\/\/crudo-leather.com\/shop\/\"},{\"@type\":\"ListItem\",\"position\":2,\"name\":\"Cinnamoroll Enamel Metal Plate &#8211; Music and Harp is my life\"}]},{\"@type\":\"WebSite\",\"@id\":\"https:\/\/crudo-leather.com\/#website\",\"url\":\"https:\/\/crudo-leather.com\/\",\"name\":\"Crudo\",\"description\":\"\",\"potentialAction\":[{\"@type\":\"SearchAction\",\"target\":{\"@type\":\"EntryPoint\",\"urlTemplate\":\"https:\/\/crudo-leather.com\/?s={search_term_string}\"},\"query-input\":{\"@type\":\"PropertyValueSpecification\",\"valueRequired\":true,\"valueName\":\"search_term_string\"}}],\"inLanguage\":\"en-US\"}]}<\/script>\n<!-- \/ Yoast SEO plugin. -->","yoast_head_json":{"title":"Crudo Cinnamoroll Emaille Metallanh\u00e4nger - Musik und Harfe sind mein Leben","description":"Entdecken Sie das Crudo Cinnamoroll Emaille-Metallanh\u00e4nger, Musik- und Harfendesign. Exquisite Emaille-Kunsthandwerk, das einen k\u00fcnstlerischen und niedlichen Stil zeigt. Kaufen Sie jetzt und verleihen Sie Ihrem Schmuck Spa\u00df und Pers\u00f6nlichkeit.","robots":{"index":"index","follow":"follow","max-snippet":"max-snippet:-1","max-image-preview":"max-image-preview:large","max-video-preview":"max-video-preview:-1"},"canonical":"https:\/\/crudo-leather.com\/de\/product\/cinnamoroll-enamel-small-metal-plate-music-and-harp-is-my-life\/","og_locale":"en_US","og_type":"article","og_title":"Crudo Cinnamoroll Emaille Metallanh\u00e4nger - Musik und Harfe sind mein Leben","og_description":"Entdecken Sie das Crudo Cinnamoroll Emaille-Metallanh\u00e4nger, Musik- und Harfendesign. Exquisite Emaille-Kunsthandwerk, das einen k\u00fcnstlerischen und niedlichen Stil zeigt. Kaufen Sie jetzt und verleihen Sie Ihrem Schmuck Spa\u00df und Pers\u00f6nlichkeit.","og_url":"https:\/\/crudo-leather.com\/product\/cinnamoroll-enamel-small-metal-plate-music-and-harp-is-my-life\/","og_site_name":"Crudo","article_modified_time":"2025-12-23T09:59:54+00:00","og_image":[{"width":2000,"height":2000,"url":"https:\/\/crudo-leather.com\/wp-content\/uploads\/2024\/09\/CN_Charm_02-1.jpg","type":"image\/jpeg"}],"twitter_card":"summary_large_image","twitter_misc":{"Est. reading time":"1 minute"},"schema":{"@context":"https:\/\/schema.org","@graph":[{"@type":"WebPage","@id":"https:\/\/crudo-leather.com\/product\/cinnamoroll-enamel-small-metal-plate-music-and-harp-is-my-life\/","url":"https:\/\/crudo-leather.com\/product\/cinnamoroll-enamel-small-metal-plate-music-and-harp-is-my-life\/","name":"Cinnamoroll Music & Harp Enamel Metal Plate","isPartOf":{"@id":"https:\/\/crudo-leather.com\/#website"},"primaryImageOfPage":{"@id":"https:\/\/crudo-leather.com\/product\/cinnamoroll-enamel-small-metal-plate-music-and-harp-is-my-life\/#primaryimage"},"image":{"@id":"https:\/\/crudo-leather.com\/product\/cinnamoroll-enamel-small-metal-plate-music-and-harp-is-my-life\/#primaryimage"},"thumbnailUrl":"https:\/\/crudo-leather.com\/wp-content\/uploads\/2024\/09\/CN_Charm_02-1.jpg","datePublished":"2024-09-04T02:12:01+00:00","dateModified":"2025-12-23T09:59:54+00:00","description":"Harmonize your style with the Cinnamoroll Music and Harp Is My Life Enamel Small Metal Plate. A melodious accessory.","breadcrumb":{"@id":"https:\/\/crudo-leather.com\/product\/cinnamoroll-enamel-small-metal-plate-music-and-harp-is-my-life\/#breadcrumb"},"inLanguage":"en-US","potentialAction":[{"@type":"ReadAction","target":["https:\/\/crudo-leather.com\/product\/cinnamoroll-enamel-small-metal-plate-music-and-harp-is-my-life\/"]}]},{"@type":"ImageObject","inLanguage":"en-US","@id":"https:\/\/crudo-leather.com\/product\/cinnamoroll-enamel-small-metal-plate-music-and-harp-is-my-life\/#primaryimage","url":"https:\/\/crudo-leather.com\/wp-content\/uploads\/2024\/09\/CN_Charm_02-1.jpg","contentUrl":"https:\/\/crudo-leather.com\/wp-content\/uploads\/2024\/09\/CN_Charm_02-1.jpg","width":2000,"height":2000},{"@type":"BreadcrumbList","@id":"https:\/\/crudo-leather.com\/product\/cinnamoroll-enamel-small-metal-plate-music-and-harp-is-my-life\/#breadcrumb","itemListElement":[{"@type":"ListItem","position":1,"name":"Shop","item":"https:\/\/crudo-leather.com\/shop\/"},{"@type":"ListItem","position":2,"name":"Cinnamoroll Enamel Metal Plate &#8211; Music and Harp is my life"}]},{"@type":"WebSite","@id":"https:\/\/crudo-leather.com\/#website","url":"https:\/\/crudo-leather.com\/","name":"Crudo","description":"","potentialAction":[{"@type":"SearchAction","target":{"@type":"EntryPoint","urlTemplate":"https:\/\/crudo-leather.com\/?s={search_term_string}"},"query-input":{"@type":"PropertyValueSpecification","valueRequired":true,"valueName":"search_term_string"}}],"inLanguage":"en-US"}]}},"_links":{"self":[{"href":"https:\/\/crudo-leather.com\/de\/wp-json\/wp\/v2\/product\/290163"}],"collection":[{"href":"https:\/\/crudo-leather.com\/de\/wp-json\/wp\/v2\/product"}],"about":[{"href":"https:\/\/crudo-leather.com\/de\/wp-json\/wp\/v2\/types\/product"}],"replies":[{"embeddable":true,"href":"https:\/\/crudo-leather.com\/de\/wp-json\/wp\/v2\/comments?post=290163"}],"wp:featuredmedia":[{"embeddable":true,"href":"https:\/\/crudo-leather.com\/de\/wp-json\/wp\/v2\/media\/290166"}],"wp:attachment":[{"href":"https:\/\/crudo-leather.com\/de\/wp-json\/wp\/v2\/media?parent=290163"}],"wp:term":[{"taxonomy":"collection","embeddable":true,"href":"https:\/\/crudo-leather.com\/de\/wp-json\/wp\/v2\/collection?post=290163"},{"taxonomy":"trending_cat","embeddable":true,"href":"https:\/\/crudo-leather.com\/de\/wp-json\/wp\/v2\/trending_cat?post=290163"},{"taxonomy":"product_cat","embeddable":true,"href":"https:\/\/crudo-leather.com\/de\/wp-json\/wp\/v2\/product_cat?post=290163"},{"taxonomy":"product_tag","embeddable":true,"href":"https:\/\/crudo-leather.com\/de\/wp-json\/wp\/v2\/product_tag?post=290163"}],"curies":[{"name":"wp","href":"https:\/\/api.w.org\/{rel}","templated":true}]}}