{"id":290187,"date":"2024-09-04T10:39:36","date_gmt":"2024-09-04T02:39:36","guid":{"rendered":"https:\/\/crudo-leather.com\/product\/cinnamoroll-enamel-small-metal-plate-copy\/"},"modified":"2025-12-23T17:59:55","modified_gmt":"2025-12-23T09:59:55","slug":"cinnamoroll-enamel-small-metal-plate-cinnamon-roll-is-ready-for-you","status":"publish","type":"product","link":"https:\/\/crudo-leather.com\/de\/product\/cinnamoroll-enamel-small-metal-plate-cinnamon-roll-is-ready-for-you\/","title":{"rendered":"Cinnamoroll Emaille Metallanh\u00e4nger - Cinnamoroll Bitte genie\u00dfen Sie langsam"},"content":{"rendered":"","protected":false},"excerpt":{"rendered":"** Dieses Produkt ist ein Kombinationsprodukt und muss mit dem Cinnamoroll Special Edition Schmuck gekauft werden **\n\n<strong><u>Cinnamoroll x Crudo<\/u><\/strong>\n\nEs gibt so viele lustige Dinge im Leben, genau wie Cinnamoroll, entdecke die Dinge, die du liebst!\n\nDas niedliche und unschuldige Cinnamoroll-Muster wird durch Emaille-Technik zu einem kleinen Metallanh\u00e4nger verarbeitet, dessen Oberfl\u00e4che mit Glitzer oder Strasssteinen verziert ist, kombiniert mit seinen Lieblingsspeisen oder Musikinstrumenten als Dekoration, um die Textur und Eleganz des Anh\u00e4ngers zu steigern.\n\n- Offiziell lizenziertes Sanrio-Produkt\n\n- Verschiedene Cinnamoroll Emaille-Metallanh\u00e4nger\n\n- Zwei kleine Anh\u00e4nger \u00fcberlappendes Dekorationsdesign\n\n- Musteroberfl\u00e4che mit Glitzer verziert\n\n- Hergestellt aus nicht rostendem 316L German Steel\n\n- Durch Emaille-Technik hergestellt, mit ausgepr\u00e4gter Reliefstruktur\n\n- Frei kombinierbar mit Leder- oder Stahlschmuck","protected":false},"featured_media":290165,"comment_status":"open","ping_status":"closed","template":"","meta":{"inline_featured_image":false},"collection":[2570],"trending_cat":[],"product_cat":[2415,15],"product_tag":[],"class_list":{"0":"post-290187","1":"product","2":"type-product","3":"status-publish","4":"has-post-thumbnail","6":"product_cat-pendant-metal-plate","7":"product_cat-uncategorized","9":"first","10":"instock","11":"shipping-taxable","12":"purchasable","13":"product-type-variable"},"yoast_head":"<!-- This site is optimized with the Yoast SEO plugin v23.4 - https:\/\/yoast.com\/wordpress\/plugins\/seo\/ -->\n<title>Crudo Cinnamoroll Emaille Metallanh\u00e4nger - Cinnamoroll ist f\u00fcr Sie bereit<\/title>\n<meta name=\"description\" content=\"Entdecken Sie das Crudo Cinnamoroll Emaille-Metallanh\u00e4nger-Kooperationsprodukt, Cinnamoroll hat das Design f\u00fcr Sie vorbereitet. Exquisite Emaille-Technik zeigt einen warmherzigen und niedlichen Stil. Kaufen Sie jetzt und verleihen Sie Ihrem Schmuck Spa\u00df und Pers\u00f6nlichkeit.\" \/>\n<meta name=\"robots\" content=\"index, follow, max-snippet:-1, max-image-preview:large, max-video-preview:-1\" \/>\n<link rel=\"canonical\" href=\"https:\/\/crudo-leather.com\/de\/product\/cinnamoroll-enamel-small-metal-plate-cinnamon-roll-is-ready-for-you\/\" \/>\n<meta property=\"og:locale\" content=\"en_US\" \/>\n<meta property=\"og:type\" content=\"article\" \/>\n<meta property=\"og:title\" content=\"Crudo Cinnamoroll Emaille Metallanh\u00e4nger - Cinnamoroll ist f\u00fcr Sie bereit\" \/>\n<meta property=\"og:description\" content=\"Entdecken Sie das Crudo Cinnamoroll Emaille-Metallanh\u00e4nger-Kooperationsprodukt, Cinnamoroll hat das Design f\u00fcr Sie vorbereitet. Exquisite Emaille-Technik zeigt einen warmherzigen und niedlichen Stil. Kaufen Sie jetzt und verleihen Sie Ihrem Schmuck Spa\u00df und Pers\u00f6nlichkeit.\" \/>\n<meta property=\"og:url\" content=\"https:\/\/crudo-leather.com\/product\/cinnamoroll-enamel-small-metal-plate-cinnamon-roll-is-ready-for-you\/\" \/>\n<meta property=\"og:site_name\" content=\"Crudo\" \/>\n<meta property=\"article:modified_time\" content=\"2025-12-23T09:59:55+00:00\" \/>\n<meta property=\"og:image\" content=\"https:\/\/crudo-leather.com\/wp-content\/uploads\/2024\/09\/CN_Charm_01-1.jpg\" \/>\n\t<meta property=\"og:image:width\" content=\"2000\" \/>\n\t<meta property=\"og:image:height\" content=\"2000\" \/>\n\t<meta property=\"og:image:type\" content=\"image\/jpeg\" \/>\n<meta name=\"twitter:card\" content=\"summary_large_image\" \/>\n<meta name=\"twitter:label1\" content=\"Est. reading time\" \/>\n\t<meta name=\"twitter:data1\" content=\"1 minute\" \/>\n<script type=\"application\/ld+json\" class=\"yoast-schema-graph\">{\"@context\":\"https:\/\/schema.org\",\"@graph\":[{\"@type\":\"WebPage\",\"@id\":\"https:\/\/crudo-leather.com\/product\/cinnamoroll-enamel-small-metal-plate-cinnamon-roll-is-ready-for-you\/\",\"url\":\"https:\/\/crudo-leather.com\/product\/cinnamoroll-enamel-small-metal-plate-cinnamon-roll-is-ready-for-you\/\",\"name\":\"Cinnamoroll Ready For You Enamel Metal Plate\",\"isPartOf\":{\"@id\":\"https:\/\/crudo-leather.com\/#website\"},\"primaryImageOfPage\":{\"@id\":\"https:\/\/crudo-leather.com\/product\/cinnamoroll-enamel-small-metal-plate-cinnamon-roll-is-ready-for-you\/#primaryimage\"},\"image\":{\"@id\":\"https:\/\/crudo-leather.com\/product\/cinnamoroll-enamel-small-metal-plate-cinnamon-roll-is-ready-for-you\/#primaryimage\"},\"thumbnailUrl\":\"https:\/\/crudo-leather.com\/wp-content\/uploads\/2024\/09\/CN_Charm_01-1.jpg\",\"datePublished\":\"2024-09-04T02:39:36+00:00\",\"dateModified\":\"2025-12-23T09:59:55+00:00\",\"description\":\"Embrace the sweetness with the Cinnamoroll Cinnamon Roll Is Ready For You Enamel Small Metal Plate. A charming accessory.\",\"breadcrumb\":{\"@id\":\"https:\/\/crudo-leather.com\/product\/cinnamoroll-enamel-small-metal-plate-cinnamon-roll-is-ready-for-you\/#breadcrumb\"},\"inLanguage\":\"en-US\",\"potentialAction\":[{\"@type\":\"ReadAction\",\"target\":[\"https:\/\/crudo-leather.com\/product\/cinnamoroll-enamel-small-metal-plate-cinnamon-roll-is-ready-for-you\/\"]}]},{\"@type\":\"ImageObject\",\"inLanguage\":\"en-US\",\"@id\":\"https:\/\/crudo-leather.com\/product\/cinnamoroll-enamel-small-metal-plate-cinnamon-roll-is-ready-for-you\/#primaryimage\",\"url\":\"https:\/\/crudo-leather.com\/wp-content\/uploads\/2024\/09\/CN_Charm_01-1.jpg\",\"contentUrl\":\"https:\/\/crudo-leather.com\/wp-content\/uploads\/2024\/09\/CN_Charm_01-1.jpg\",\"width\":2000,\"height\":2000},{\"@type\":\"BreadcrumbList\",\"@id\":\"https:\/\/crudo-leather.com\/product\/cinnamoroll-enamel-small-metal-plate-cinnamon-roll-is-ready-for-you\/#breadcrumb\",\"itemListElement\":[{\"@type\":\"ListItem\",\"position\":1,\"name\":\"Shop\",\"item\":\"https:\/\/crudo-leather.com\/shop\/\"},{\"@type\":\"ListItem\",\"position\":2,\"name\":\"Cinnamoroll Enamel Metal Plate &#8211; Cinnamon Roll is ready for you\"}]},{\"@type\":\"WebSite\",\"@id\":\"https:\/\/crudo-leather.com\/#website\",\"url\":\"https:\/\/crudo-leather.com\/\",\"name\":\"Crudo\",\"description\":\"\",\"potentialAction\":[{\"@type\":\"SearchAction\",\"target\":{\"@type\":\"EntryPoint\",\"urlTemplate\":\"https:\/\/crudo-leather.com\/?s={search_term_string}\"},\"query-input\":{\"@type\":\"PropertyValueSpecification\",\"valueRequired\":true,\"valueName\":\"search_term_string\"}}],\"inLanguage\":\"en-US\"}]}<\/script>\n<!-- \/ Yoast SEO plugin. -->","yoast_head_json":{"title":"Crudo Cinnamoroll Emaille Metallanh\u00e4nger - Cinnamoroll ist f\u00fcr Sie bereit","description":"Entdecken Sie das Crudo Cinnamoroll Emaille-Metallanh\u00e4nger-Kooperationsprodukt, Cinnamoroll hat das Design f\u00fcr Sie vorbereitet. Exquisite Emaille-Technik zeigt einen warmherzigen und niedlichen Stil. Kaufen Sie jetzt und verleihen Sie Ihrem Schmuck Spa\u00df und Pers\u00f6nlichkeit.","robots":{"index":"index","follow":"follow","max-snippet":"max-snippet:-1","max-image-preview":"max-image-preview:large","max-video-preview":"max-video-preview:-1"},"canonical":"https:\/\/crudo-leather.com\/de\/product\/cinnamoroll-enamel-small-metal-plate-cinnamon-roll-is-ready-for-you\/","og_locale":"en_US","og_type":"article","og_title":"Crudo Cinnamoroll Emaille Metallanh\u00e4nger - Cinnamoroll ist f\u00fcr Sie bereit","og_description":"Entdecken Sie das Crudo Cinnamoroll Emaille-Metallanh\u00e4nger-Kooperationsprodukt, Cinnamoroll hat das Design f\u00fcr Sie vorbereitet. Exquisite Emaille-Technik zeigt einen warmherzigen und niedlichen Stil. Kaufen Sie jetzt und verleihen Sie Ihrem Schmuck Spa\u00df und Pers\u00f6nlichkeit.","og_url":"https:\/\/crudo-leather.com\/product\/cinnamoroll-enamel-small-metal-plate-cinnamon-roll-is-ready-for-you\/","og_site_name":"Crudo","article_modified_time":"2025-12-23T09:59:55+00:00","og_image":[{"width":2000,"height":2000,"url":"https:\/\/crudo-leather.com\/wp-content\/uploads\/2024\/09\/CN_Charm_01-1.jpg","type":"image\/jpeg"}],"twitter_card":"summary_large_image","twitter_misc":{"Est. reading time":"1 minute"},"schema":{"@context":"https:\/\/schema.org","@graph":[{"@type":"WebPage","@id":"https:\/\/crudo-leather.com\/product\/cinnamoroll-enamel-small-metal-plate-cinnamon-roll-is-ready-for-you\/","url":"https:\/\/crudo-leather.com\/product\/cinnamoroll-enamel-small-metal-plate-cinnamon-roll-is-ready-for-you\/","name":"Cinnamoroll Ready For You Enamel Metal Plate","isPartOf":{"@id":"https:\/\/crudo-leather.com\/#website"},"primaryImageOfPage":{"@id":"https:\/\/crudo-leather.com\/product\/cinnamoroll-enamel-small-metal-plate-cinnamon-roll-is-ready-for-you\/#primaryimage"},"image":{"@id":"https:\/\/crudo-leather.com\/product\/cinnamoroll-enamel-small-metal-plate-cinnamon-roll-is-ready-for-you\/#primaryimage"},"thumbnailUrl":"https:\/\/crudo-leather.com\/wp-content\/uploads\/2024\/09\/CN_Charm_01-1.jpg","datePublished":"2024-09-04T02:39:36+00:00","dateModified":"2025-12-23T09:59:55+00:00","description":"Embrace the sweetness with the Cinnamoroll Cinnamon Roll Is Ready For You Enamel Small Metal Plate. A charming accessory.","breadcrumb":{"@id":"https:\/\/crudo-leather.com\/product\/cinnamoroll-enamel-small-metal-plate-cinnamon-roll-is-ready-for-you\/#breadcrumb"},"inLanguage":"en-US","potentialAction":[{"@type":"ReadAction","target":["https:\/\/crudo-leather.com\/product\/cinnamoroll-enamel-small-metal-plate-cinnamon-roll-is-ready-for-you\/"]}]},{"@type":"ImageObject","inLanguage":"en-US","@id":"https:\/\/crudo-leather.com\/product\/cinnamoroll-enamel-small-metal-plate-cinnamon-roll-is-ready-for-you\/#primaryimage","url":"https:\/\/crudo-leather.com\/wp-content\/uploads\/2024\/09\/CN_Charm_01-1.jpg","contentUrl":"https:\/\/crudo-leather.com\/wp-content\/uploads\/2024\/09\/CN_Charm_01-1.jpg","width":2000,"height":2000},{"@type":"BreadcrumbList","@id":"https:\/\/crudo-leather.com\/product\/cinnamoroll-enamel-small-metal-plate-cinnamon-roll-is-ready-for-you\/#breadcrumb","itemListElement":[{"@type":"ListItem","position":1,"name":"Shop","item":"https:\/\/crudo-leather.com\/shop\/"},{"@type":"ListItem","position":2,"name":"Cinnamoroll Enamel Metal Plate &#8211; Cinnamon Roll is ready for you"}]},{"@type":"WebSite","@id":"https:\/\/crudo-leather.com\/#website","url":"https:\/\/crudo-leather.com\/","name":"Crudo","description":"","potentialAction":[{"@type":"SearchAction","target":{"@type":"EntryPoint","urlTemplate":"https:\/\/crudo-leather.com\/?s={search_term_string}"},"query-input":{"@type":"PropertyValueSpecification","valueRequired":true,"valueName":"search_term_string"}}],"inLanguage":"en-US"}]}},"_links":{"self":[{"href":"https:\/\/crudo-leather.com\/de\/wp-json\/wp\/v2\/product\/290187"}],"collection":[{"href":"https:\/\/crudo-leather.com\/de\/wp-json\/wp\/v2\/product"}],"about":[{"href":"https:\/\/crudo-leather.com\/de\/wp-json\/wp\/v2\/types\/product"}],"replies":[{"embeddable":true,"href":"https:\/\/crudo-leather.com\/de\/wp-json\/wp\/v2\/comments?post=290187"}],"wp:featuredmedia":[{"embeddable":true,"href":"https:\/\/crudo-leather.com\/de\/wp-json\/wp\/v2\/media\/290165"}],"wp:attachment":[{"href":"https:\/\/crudo-leather.com\/de\/wp-json\/wp\/v2\/media?parent=290187"}],"wp:term":[{"taxonomy":"collection","embeddable":true,"href":"https:\/\/crudo-leather.com\/de\/wp-json\/wp\/v2\/collection?post=290187"},{"taxonomy":"trending_cat","embeddable":true,"href":"https:\/\/crudo-leather.com\/de\/wp-json\/wp\/v2\/trending_cat?post=290187"},{"taxonomy":"product_cat","embeddable":true,"href":"https:\/\/crudo-leather.com\/de\/wp-json\/wp\/v2\/product_cat?post=290187"},{"taxonomy":"product_tag","embeddable":true,"href":"https:\/\/crudo-leather.com\/de\/wp-json\/wp\/v2\/product_tag?post=290187"}],"curies":[{"name":"wp","href":"https:\/\/api.w.org\/{rel}","templated":true}]}}