{"id":290362,"date":"2024-09-05T10:17:19","date_gmt":"2024-09-05T02:17:19","guid":{"rendered":"https:\/\/crudo-leather.com\/product\/peanuts-customized-box-chain-bracelet-copy\/"},"modified":"2026-03-18T17:46:47","modified_gmt":"2026-03-18T09:46:47","slug":"cinnamoroll-customzied-stainless-steel-box-chain-bracelet-twilight-silver","status":"publish","type":"product","link":"https:\/\/crudo-leather.com\/de\/product\/cinnamoroll-customzied-stainless-steel-box-chain-bracelet-twilight-silver\/","title":{"rendered":"Cinnamoroll Limited Edition ma\u00dfgeschmiedeter Stahlarmband"},"content":{"rendered":"","protected":false},"excerpt":{"rendered":"**Bitte w\u00e4hlen Sie mindestens ein Cinnamoroll Metall-Anh\u00e4nger oder 925 Sterling Silber Anh\u00e4nger, sonst wird das Produkt nur mit dem urspr\u00fcnglichen Crudo runden Anh\u00e4nger geliefert und nicht mit der Cinnamoroll Special Edition Geschenkbox**\n\n<strong><u>Cinnamoroll x Crudo<\/u><\/strong>\n\nEs gibt so viele interessante Dinge im Leben, genau wie Cinnamoroll, entdecken Sie, was Sie lieben! Eine Reihe von Cinnamoroll Emaille-Metallanh\u00e4ngern und 925 Sterling Silber Anh\u00e4ngern mit innovativem Design, verziert mit Glitzer oder Strasssteinen, veredeln die Textur und Eleganz der Anh\u00e4nger.\n\nDie limitierte Cinnamoroll exklusive Farbarmb\u00e4nder sind ebenfalls erh\u00e4ltlich, in den charakteristischen Cinnamoroll Farben Himmelblau und Wei\u00df. Jeder Anh\u00e4nger kann frei mit Crudo Leder- oder Stahlarmb\u00e4ndern und Accessoires kombiniert werden, um Ihrem t\u00e4glichen Stil eine raffinierte Note zu verleihen.\n\n<strong>Klicken Sie auf \"Zum Warenkorb hinzuf\u00fcgen und gestalten\", um Ihren Gravurtext zu gestalten<\/strong>\n\n- Offiziell lizenziertes Sanrio Produkt\n\n- Jeder Cinnamoroll Emaille-Metall- oder 925 Silberanh\u00e4nger kann frei kombiniert und an einem Stahlarmband befestigt werden\n\n- Crudos innovatives Design mit zwei \u00fcbereinanderliegenden Anh\u00e4ngern, Cinnamoroll verziert mit seinen Lieblingsgegenst\u00e4nden, die Oberfl\u00e4che der Motive ist mit Glitzer oder Strasssteinen verziert\n\n- 925 Sterling Silber Anh\u00e4nger mit verschiedenen geformten Strasssteinen und emaillierten Akzenten auf Cinnamorolls charakteristischen rosa Wangen, um die traumhafte Textur zu veredeln\n\n- Beim Kauf eines Cinnamoroll Special Edition Stahlarmbands erhalten Sie eine limitierte Geschenkbox mit einem Set von acht Aufklebern und einer abziehbaren Gru\u00dfkarte (inklusive Geschenkkarte und Produktgarantie)\n\n- Einzigartige, achteckig geschliffene rechteckige Stahlelemente kombiniert mit speziell designten quadratischen Edelstahlketten\n\n- Hergestellt aus 316L Edelstahl\n\n- Verblasst und oxidiert nicht leicht, dauerhafte Haltbarkeit\n\n- Geeignet f\u00fcr Menschen mit empfindlicher Haut\n\n- Kann einzeln oder gestapelt getragen werden\n\n- Magnetverschluss-Design\n\n- Verschiedene Schriftarten und Gravurvorschl\u00e4ge zur Auswahl\n\n<strong>Produktionszeit und Versanddetails<\/strong>\n\n- Jedes Produkt ben\u00f6tigt nur 1-5 Werktage zur Fertigstellung\n\n- Bei Bestellung heute kann die Lieferung bereits morgen erfolgen\n\n- Nur erh\u00e4ltlich in Hongkong, Macau, Festlandchina, Japan, S\u00fcdkorea und S\u00fcdamerika (au\u00dfer Panama)","protected":false},"featured_media":290368,"comment_status":"open","ping_status":"closed","template":"","meta":{"inline_featured_image":false},"collection":[2570],"trending_cat":[2391],"product_cat":[17],"product_tag":[2590],"class_list":{"0":"post-290362","1":"product","2":"type-product","3":"status-publish","4":"has-post-thumbnail","6":"trending_cat-miami-love-chain-bracelet","7":"product_cat-bracelets-cuffs","8":"product_tag-cinnamoroll","10":"first","11":"instock","12":"sale","13":"shipping-taxable","14":"purchasable","15":"product-type-variable"},"yoast_head":"<!-- This site is optimized with the Yoast SEO plugin v23.4 - https:\/\/yoast.com\/wordpress\/plugins\/seo\/ -->\n<title>Crudo Cinnamoroll Edelstahlarmband<\/title>\n<meta name=\"description\" content=\"Crudo Cinnamoroll Kollektion ma\u00dfgeschmiedetes Edelstahl-Quadratkett-Armband, Twilight Silber Ausf\u00fchrung. Kostenlose Gravur, elegante Geschenkbox. Erschaffen Sie einzigartigen Schmuck f\u00fcr Sie.\" \/>\n<meta name=\"robots\" content=\"index, follow, max-snippet:-1, max-image-preview:large, max-video-preview:-1\" \/>\n<link rel=\"canonical\" href=\"https:\/\/crudo-leather.com\/de\/product\/cinnamoroll-customzied-stainless-steel-box-chain-bracelet-twilight-silver\/\" \/>\n<meta property=\"og:locale\" content=\"en_US\" \/>\n<meta property=\"og:type\" content=\"article\" \/>\n<meta property=\"og:title\" content=\"Crudo Cinnamoroll Edelstahlarmband\" \/>\n<meta property=\"og:description\" content=\"Crudo Cinnamoroll Kollektion ma\u00dfgeschmiedetes Edelstahl-Quadratkett-Armband, Twilight Silber Ausf\u00fchrung. Kostenlose Gravur, elegante Geschenkbox. Erschaffen Sie einzigartigen Schmuck f\u00fcr Sie.\" \/>\n<meta property=\"og:url\" content=\"https:\/\/crudo-leather.com\/product\/cinnamoroll-customzied-stainless-steel-box-chain-bracelet-twilight-silver\/\" \/>\n<meta property=\"og:site_name\" content=\"Crudo\" \/>\n<meta property=\"article:modified_time\" content=\"2026-03-18T09:46:47+00:00\" \/>\n<meta property=\"og:image\" content=\"https:\/\/crudo-leather.com\/wp-content\/uploads\/2024\/09\/CN_WBG_ZBT26stone_SIR_1.jpg\" \/>\n\t<meta property=\"og:image:width\" content=\"2000\" \/>\n\t<meta property=\"og:image:height\" content=\"2000\" \/>\n\t<meta property=\"og:image:type\" content=\"image\/jpeg\" \/>\n<meta name=\"twitter:card\" content=\"summary_large_image\" \/>\n<meta name=\"twitter:label1\" content=\"Est. reading time\" \/>\n\t<meta name=\"twitter:data1\" content=\"1 minute\" \/>\n<script type=\"application\/ld+json\" class=\"yoast-schema-graph\">{\"@context\":\"https:\/\/schema.org\",\"@graph\":[{\"@type\":\"WebPage\",\"@id\":\"https:\/\/crudo-leather.com\/product\/cinnamoroll-customzied-stainless-steel-box-chain-bracelet-twilight-silver\/\",\"url\":\"https:\/\/crudo-leather.com\/product\/cinnamoroll-customzied-stainless-steel-box-chain-bracelet-twilight-silver\/\",\"name\":\"Cinnamoroll Customized Stainless Steel Box Chain Bracelet - Twilight Silver\",\"isPartOf\":{\"@id\":\"https:\/\/crudo-leather.com\/#website\"},\"primaryImageOfPage\":{\"@id\":\"https:\/\/crudo-leather.com\/product\/cinnamoroll-customzied-stainless-steel-box-chain-bracelet-twilight-silver\/#primaryimage\"},\"image\":{\"@id\":\"https:\/\/crudo-leather.com\/product\/cinnamoroll-customzied-stainless-steel-box-chain-bracelet-twilight-silver\/#primaryimage\"},\"thumbnailUrl\":\"https:\/\/crudo-leather.com\/wp-content\/uploads\/2024\/09\/CN_WBG_ZBT26stone_SIR_1.jpg\",\"datePublished\":\"2024-09-05T02:17:19+00:00\",\"dateModified\":\"2026-03-18T09:46:47+00:00\",\"description\":\"Explore officially licensed Cinnamoroll stainless steel box chain bracelet. Twilight silver color. Free engraving & luxury gift box. A unique accessory. Shop now!\",\"breadcrumb\":{\"@id\":\"https:\/\/crudo-leather.com\/product\/cinnamoroll-customzied-stainless-steel-box-chain-bracelet-twilight-silver\/#breadcrumb\"},\"inLanguage\":\"en-US\",\"potentialAction\":[{\"@type\":\"ReadAction\",\"target\":[\"https:\/\/crudo-leather.com\/product\/cinnamoroll-customzied-stainless-steel-box-chain-bracelet-twilight-silver\/\"]}]},{\"@type\":\"ImageObject\",\"inLanguage\":\"en-US\",\"@id\":\"https:\/\/crudo-leather.com\/product\/cinnamoroll-customzied-stainless-steel-box-chain-bracelet-twilight-silver\/#primaryimage\",\"url\":\"https:\/\/crudo-leather.com\/wp-content\/uploads\/2024\/09\/CN_WBG_ZBT26stone_SIR_1.jpg\",\"contentUrl\":\"https:\/\/crudo-leather.com\/wp-content\/uploads\/2024\/09\/CN_WBG_ZBT26stone_SIR_1.jpg\",\"width\":2000,\"height\":2000},{\"@type\":\"BreadcrumbList\",\"@id\":\"https:\/\/crudo-leather.com\/product\/cinnamoroll-customzied-stainless-steel-box-chain-bracelet-twilight-silver\/#breadcrumb\",\"itemListElement\":[{\"@type\":\"ListItem\",\"position\":1,\"name\":\"Shop\",\"item\":\"https:\/\/crudo-leather.com\/shop\/\"},{\"@type\":\"ListItem\",\"position\":2,\"name\":\"Cinnamoroll Customzied Stainless Steel Box Chain Bracelet\"}]},{\"@type\":\"WebSite\",\"@id\":\"https:\/\/crudo-leather.com\/#website\",\"url\":\"https:\/\/crudo-leather.com\/\",\"name\":\"Crudo\",\"description\":\"\",\"potentialAction\":[{\"@type\":\"SearchAction\",\"target\":{\"@type\":\"EntryPoint\",\"urlTemplate\":\"https:\/\/crudo-leather.com\/?s={search_term_string}\"},\"query-input\":{\"@type\":\"PropertyValueSpecification\",\"valueRequired\":true,\"valueName\":\"search_term_string\"}}],\"inLanguage\":\"en-US\"}]}<\/script>\n<!-- \/ Yoast SEO plugin. -->","yoast_head_json":{"title":"Crudo Cinnamoroll Edelstahlarmband","description":"Crudo Cinnamoroll Kollektion ma\u00dfgeschmiedetes Edelstahl-Quadratkett-Armband, Twilight Silber Ausf\u00fchrung. Kostenlose Gravur, elegante Geschenkbox. Erschaffen Sie einzigartigen Schmuck f\u00fcr Sie.","robots":{"index":"index","follow":"follow","max-snippet":"max-snippet:-1","max-image-preview":"max-image-preview:large","max-video-preview":"max-video-preview:-1"},"canonical":"https:\/\/crudo-leather.com\/de\/product\/cinnamoroll-customzied-stainless-steel-box-chain-bracelet-twilight-silver\/","og_locale":"en_US","og_type":"article","og_title":"Crudo Cinnamoroll Edelstahlarmband","og_description":"Crudo Cinnamoroll Kollektion ma\u00dfgeschmiedetes Edelstahl-Quadratkett-Armband, Twilight Silber Ausf\u00fchrung. Kostenlose Gravur, elegante Geschenkbox. Erschaffen Sie einzigartigen Schmuck f\u00fcr Sie.","og_url":"https:\/\/crudo-leather.com\/product\/cinnamoroll-customzied-stainless-steel-box-chain-bracelet-twilight-silver\/","og_site_name":"Crudo","article_modified_time":"2026-03-18T09:46:47+00:00","og_image":[{"width":2000,"height":2000,"url":"https:\/\/crudo-leather.com\/wp-content\/uploads\/2024\/09\/CN_WBG_ZBT26stone_SIR_1.jpg","type":"image\/jpeg"}],"twitter_card":"summary_large_image","twitter_misc":{"Est. reading time":"1 minute"},"schema":{"@context":"https:\/\/schema.org","@graph":[{"@type":"WebPage","@id":"https:\/\/crudo-leather.com\/product\/cinnamoroll-customzied-stainless-steel-box-chain-bracelet-twilight-silver\/","url":"https:\/\/crudo-leather.com\/product\/cinnamoroll-customzied-stainless-steel-box-chain-bracelet-twilight-silver\/","name":"Cinnamoroll Customized Stainless Steel Box Chain Bracelet - Twilight Silver","isPartOf":{"@id":"https:\/\/crudo-leather.com\/#website"},"primaryImageOfPage":{"@id":"https:\/\/crudo-leather.com\/product\/cinnamoroll-customzied-stainless-steel-box-chain-bracelet-twilight-silver\/#primaryimage"},"image":{"@id":"https:\/\/crudo-leather.com\/product\/cinnamoroll-customzied-stainless-steel-box-chain-bracelet-twilight-silver\/#primaryimage"},"thumbnailUrl":"https:\/\/crudo-leather.com\/wp-content\/uploads\/2024\/09\/CN_WBG_ZBT26stone_SIR_1.jpg","datePublished":"2024-09-05T02:17:19+00:00","dateModified":"2026-03-18T09:46:47+00:00","description":"Explore officially licensed Cinnamoroll stainless steel box chain bracelet. Twilight silver color. Free engraving & luxury gift box. A unique accessory. Shop now!","breadcrumb":{"@id":"https:\/\/crudo-leather.com\/product\/cinnamoroll-customzied-stainless-steel-box-chain-bracelet-twilight-silver\/#breadcrumb"},"inLanguage":"en-US","potentialAction":[{"@type":"ReadAction","target":["https:\/\/crudo-leather.com\/product\/cinnamoroll-customzied-stainless-steel-box-chain-bracelet-twilight-silver\/"]}]},{"@type":"ImageObject","inLanguage":"en-US","@id":"https:\/\/crudo-leather.com\/product\/cinnamoroll-customzied-stainless-steel-box-chain-bracelet-twilight-silver\/#primaryimage","url":"https:\/\/crudo-leather.com\/wp-content\/uploads\/2024\/09\/CN_WBG_ZBT26stone_SIR_1.jpg","contentUrl":"https:\/\/crudo-leather.com\/wp-content\/uploads\/2024\/09\/CN_WBG_ZBT26stone_SIR_1.jpg","width":2000,"height":2000},{"@type":"BreadcrumbList","@id":"https:\/\/crudo-leather.com\/product\/cinnamoroll-customzied-stainless-steel-box-chain-bracelet-twilight-silver\/#breadcrumb","itemListElement":[{"@type":"ListItem","position":1,"name":"Shop","item":"https:\/\/crudo-leather.com\/shop\/"},{"@type":"ListItem","position":2,"name":"Cinnamoroll Customzied Stainless Steel Box Chain Bracelet"}]},{"@type":"WebSite","@id":"https:\/\/crudo-leather.com\/#website","url":"https:\/\/crudo-leather.com\/","name":"Crudo","description":"","potentialAction":[{"@type":"SearchAction","target":{"@type":"EntryPoint","urlTemplate":"https:\/\/crudo-leather.com\/?s={search_term_string}"},"query-input":{"@type":"PropertyValueSpecification","valueRequired":true,"valueName":"search_term_string"}}],"inLanguage":"en-US"}]}},"_links":{"self":[{"href":"https:\/\/crudo-leather.com\/de\/wp-json\/wp\/v2\/product\/290362"}],"collection":[{"href":"https:\/\/crudo-leather.com\/de\/wp-json\/wp\/v2\/product"}],"about":[{"href":"https:\/\/crudo-leather.com\/de\/wp-json\/wp\/v2\/types\/product"}],"replies":[{"embeddable":true,"href":"https:\/\/crudo-leather.com\/de\/wp-json\/wp\/v2\/comments?post=290362"}],"wp:featuredmedia":[{"embeddable":true,"href":"https:\/\/crudo-leather.com\/de\/wp-json\/wp\/v2\/media\/290368"}],"wp:attachment":[{"href":"https:\/\/crudo-leather.com\/de\/wp-json\/wp\/v2\/media?parent=290362"}],"wp:term":[{"taxonomy":"collection","embeddable":true,"href":"https:\/\/crudo-leather.com\/de\/wp-json\/wp\/v2\/collection?post=290362"},{"taxonomy":"trending_cat","embeddable":true,"href":"https:\/\/crudo-leather.com\/de\/wp-json\/wp\/v2\/trending_cat?post=290362"},{"taxonomy":"product_cat","embeddable":true,"href":"https:\/\/crudo-leather.com\/de\/wp-json\/wp\/v2\/product_cat?post=290362"},{"taxonomy":"product_tag","embeddable":true,"href":"https:\/\/crudo-leather.com\/de\/wp-json\/wp\/v2\/product_tag?post=290362"}],"curies":[{"name":"wp","href":"https:\/\/api.w.org\/{rel}","templated":true}]}}