{"id":290386,"date":"2024-09-05T10:38:48","date_gmt":"2024-09-05T02:38:48","guid":{"rendered":"https:\/\/crudo-leather.com\/product\/kuromi-customized-metal-box-chain-gemstone-bracelet-copy\/"},"modified":"2026-01-08T16:56:36","modified_gmt":"2026-01-08T08:56:36","slug":"cinnamoroll-customized-metal-box-chain-gemstone-bracelet-twilight-silver-blue-goldstone","status":"publish","type":"product","link":"https:\/\/crudo-leather.com\/de\/product\/cinnamoroll-customized-metal-box-chain-gemstone-bracelet-twilight-silver-blue-goldstone\/","title":{"rendered":"Cinnamoroll Limited Edition ma\u00dfgeschneiderter Stahl-Edelstein-Armband"},"content":{"rendered":"","protected":false},"excerpt":{"rendered":"**Bitte w\u00e4hlen Sie mindestens ein Cinnamoroll Metall-Anh\u00e4nger oder 925 Sterling Silber Anh\u00e4nger, sonst wird das Produkt nur mit dem urspr\u00fcnglichen Crudo runden Anh\u00e4nger geliefert und nicht mit der Cinnamoroll Special Edition Geschenkbox**\n\n<strong><u>Cinnamoroll x Crudo<\/u><\/strong>\n\nEs gibt so viele interessante Dinge im Leben, genau wie Cinnamoroll, entdecken Sie, was Sie lieben! Eine Reihe von Cinnamoroll Emaille Metall-Anh\u00e4ngern und 925 Sterling Silber Anh\u00e4ngern, innovativ gestaltet mit Glitzer oder Strasssteinen verziert, veredeln die Textur und Eleganz der Anh\u00e4nger.\n\nDie limitierte Cinnamoroll exklusive Farbarmb\u00e4nder sind ebenfalls erh\u00e4ltlich, in Cinnamorolls charakteristischen Himmelblau- und Wei\u00dft\u00f6nen. Jeder Anh\u00e4nger kann frei mit Crudo Leder- oder Stahlarmb\u00e4ndern und Accessoires kombiniert werden, um Ihrem t\u00e4glichen Stil eine raffinierte Note zu verleihen.\n\n<strong>Klicken Sie auf \"Zum Warenkorb hinzuf\u00fcgen und gestalten\", um Ihren Gravurtext zu gestalten<\/strong>\n\n- Offiziell lizenziertes Sanrio Produkt\n\n- Jeder Cinnamoroll Emaille Metall- oder 925 Silberanh\u00e4nger kann frei kombiniert und an einem Stahlarmband befestigt werden\n\n- Crudos innovatives Design mit zwei \u00fcbereinander gestapelten Anh\u00e4ngern, Cinnamoroll verziert mit seinen Lieblingsgegenst\u00e4nden, die Oberfl\u00e4che der Motive mit Glitzer oder Strasssteinen verziert\n\n- 925 Sterling Silber Anh\u00e4nger mit verschiedenen Formen von Strasssteinen und emaillierten Akzenten auf Cinnamorolls charakteristischen rosa Wangen, veredelt den traumhaften Look\n\n- Beim Kauf eines Cinnamoroll Special Edition Stahlarmbands erhalten Sie eine limitierte Geschenkbox mit einem Set von acht Aufklebern und einer abziehbaren Gru\u00dfkarte (inklusive Geschenkkarte und Produktgarantie)\n\n- Einzigartige lange achteckig geschnittene Stahlglieder kombiniert mit speziell gestalteten quadratischen Edelstahlketten\n\n- Blaue Sandstein-Einlagen auf der Oberfl\u00e4che von 316L German Steel, die unter Lichtbrechung einen kristallklaren Glanz erzeugen und Ihnen unvergleichlichen Mut verleihen\n\n- Handwerker verwenden pr\u00e4zise Edelsteinschneidetechniken, um wertvolle Steine in funkelndem Glanz erstrahlen zu lassen\n\n- Jeder Edelstein ist nat\u00fcrlich abgebaut und hat ein einzigartiges nat\u00fcrliches Muster, unersetzlich\n\n- Hergestellt aus 316L German Steel\n\n- Verblasst und oxidiert nicht leicht, h\u00e4lt lange\n\n- Geeignet f\u00fcr Menschen mit empfindlicher Haut\n\n- Kann einzeln oder gestapelt getragen werden\n\n- Magnetverschluss-Design\n\n- Mehrere Schriftarten und Gravurvorschl\u00e4ge verf\u00fcgbar\n\n<strong>Produktionszeit und Versanddetails<\/strong>\n\n- Jedes Produkt ben\u00f6tigt nur 1-5 Werktage zur Fertigstellung\n\n- Bei Bestellung heute kann es bereits morgen versendet werden\n\n- Nur erh\u00e4ltlich in Hongkong, Macau, Festlandchina, Japan, S\u00fcdkorea und S\u00fcdamerika (au\u00dfer Panama)","protected":false},"featured_media":290390,"comment_status":"open","ping_status":"closed","template":"","meta":{"inline_featured_image":false},"collection":[2570],"trending_cat":[2391],"product_cat":[17],"product_tag":[2590],"class_list":{"0":"post-290386","1":"product","2":"type-product","3":"status-publish","4":"has-post-thumbnail","6":"trending_cat-miami-love-chain-bracelet","7":"product_cat-bracelets-cuffs","8":"product_tag-cinnamoroll","10":"first","11":"instock","12":"sale","13":"shipping-taxable","14":"purchasable","15":"product-type-variable"},"yoast_head":"<!-- This site is optimized with the Yoast SEO plugin v23.4 - https:\/\/yoast.com\/wordpress\/plugins\/seo\/ -->\n<title>Crudo Cinnamoroll Metallarmband<\/title>\n<meta name=\"description\" content=\"Crudo Cinnamoroll\u8054\u4e58\u7cfb\u5217\u5b9a\u5236\u91d1\u5c5e\u65b9\u94fe\u5b9d\u77f3\u624b\u73af\uff0c\u66ae\u5149\u94f6\u84dd\u7802\u77f3\u6b3e\u5f0f\u3002\u514d\u8d39\u523b\u5b57\uff0c\u7cbe\u7f8e\u793c\u76d2\u3002\u4e3a\u60a8\u6253\u9020\u72ec\u7279\u9970\u54c1\u3002\" \/>\n<meta name=\"robots\" content=\"index, follow, max-snippet:-1, max-image-preview:large, max-video-preview:-1\" \/>\n<link rel=\"canonical\" href=\"https:\/\/crudo-leather.com\/de\/product\/cinnamoroll-customized-metal-box-chain-gemstone-bracelet-twilight-silver-blue-goldstone\/\" \/>\n<meta property=\"og:locale\" content=\"en_US\" \/>\n<meta property=\"og:type\" content=\"article\" \/>\n<meta property=\"og:title\" content=\"Crudo Cinnamoroll Metallarmband\" \/>\n<meta property=\"og:description\" content=\"Crudo Cinnamoroll\u8054\u4e58\u7cfb\u5217\u5b9a\u5236\u91d1\u5c5e\u65b9\u94fe\u5b9d\u77f3\u624b\u73af\uff0c\u66ae\u5149\u94f6\u84dd\u7802\u77f3\u6b3e\u5f0f\u3002\u514d\u8d39\u523b\u5b57\uff0c\u7cbe\u7f8e\u793c\u76d2\u3002\u4e3a\u60a8\u6253\u9020\u72ec\u7279\u9970\u54c1\u3002\" \/>\n<meta property=\"og:url\" content=\"https:\/\/crudo-leather.com\/product\/cinnamoroll-customized-metal-box-chain-gemstone-bracelet-twilight-silver-blue-goldstone\/\" \/>\n<meta property=\"og:site_name\" content=\"Crudo\" \/>\n<meta property=\"article:modified_time\" content=\"2026-01-08T08:56:36+00:00\" \/>\n<meta property=\"og:image\" content=\"https:\/\/crudo-leather.com\/wp-content\/uploads\/2024\/09\/CN_WBG_ZBT26stone_WGSP_1.jpg\" \/>\n\t<meta property=\"og:image:width\" content=\"2000\" \/>\n\t<meta property=\"og:image:height\" content=\"2000\" \/>\n\t<meta property=\"og:image:type\" content=\"image\/jpeg\" \/>\n<meta name=\"twitter:card\" content=\"summary_large_image\" \/>\n<meta name=\"twitter:label1\" content=\"Est. reading time\" \/>\n\t<meta name=\"twitter:data1\" content=\"1 minute\" \/>\n<script type=\"application\/ld+json\" class=\"yoast-schema-graph\">{\"@context\":\"https:\/\/schema.org\",\"@graph\":[{\"@type\":\"WebPage\",\"@id\":\"https:\/\/crudo-leather.com\/product\/cinnamoroll-customized-metal-box-chain-gemstone-bracelet-twilight-silver-blue-goldstone\/\",\"url\":\"https:\/\/crudo-leather.com\/product\/cinnamoroll-customized-metal-box-chain-gemstone-bracelet-twilight-silver-blue-goldstone\/\",\"name\":\"Cinnamoroll Metal Box Chain Gemstone Bracelet - Twilight Silver Blue Goldstone\",\"isPartOf\":{\"@id\":\"https:\/\/crudo-leather.com\/#website\"},\"primaryImageOfPage\":{\"@id\":\"https:\/\/crudo-leather.com\/product\/cinnamoroll-customized-metal-box-chain-gemstone-bracelet-twilight-silver-blue-goldstone\/#primaryimage\"},\"image\":{\"@id\":\"https:\/\/crudo-leather.com\/product\/cinnamoroll-customized-metal-box-chain-gemstone-bracelet-twilight-silver-blue-goldstone\/#primaryimage\"},\"thumbnailUrl\":\"https:\/\/crudo-leather.com\/wp-content\/uploads\/2024\/09\/CN_WBG_ZBT26stone_WGSP_1.jpg\",\"datePublished\":\"2024-09-05T02:38:48+00:00\",\"dateModified\":\"2026-01-08T08:56:36+00:00\",\"description\":\"Explore officially licensed Cinnamoroll metal box chain gemstone bracelet. Twilight silver with blue goldstone. Free engraving & luxury gift box. A unique accessory. Shop now!\",\"breadcrumb\":{\"@id\":\"https:\/\/crudo-leather.com\/product\/cinnamoroll-customized-metal-box-chain-gemstone-bracelet-twilight-silver-blue-goldstone\/#breadcrumb\"},\"inLanguage\":\"en-US\",\"potentialAction\":[{\"@type\":\"ReadAction\",\"target\":[\"https:\/\/crudo-leather.com\/product\/cinnamoroll-customized-metal-box-chain-gemstone-bracelet-twilight-silver-blue-goldstone\/\"]}]},{\"@type\":\"ImageObject\",\"inLanguage\":\"en-US\",\"@id\":\"https:\/\/crudo-leather.com\/product\/cinnamoroll-customized-metal-box-chain-gemstone-bracelet-twilight-silver-blue-goldstone\/#primaryimage\",\"url\":\"https:\/\/crudo-leather.com\/wp-content\/uploads\/2024\/09\/CN_WBG_ZBT26stone_WGSP_1.jpg\",\"contentUrl\":\"https:\/\/crudo-leather.com\/wp-content\/uploads\/2024\/09\/CN_WBG_ZBT26stone_WGSP_1.jpg\",\"width\":2000,\"height\":2000},{\"@type\":\"BreadcrumbList\",\"@id\":\"https:\/\/crudo-leather.com\/product\/cinnamoroll-customized-metal-box-chain-gemstone-bracelet-twilight-silver-blue-goldstone\/#breadcrumb\",\"itemListElement\":[{\"@type\":\"ListItem\",\"position\":1,\"name\":\"Shop\",\"item\":\"https:\/\/crudo-leather.com\/shop\/\"},{\"@type\":\"ListItem\",\"position\":2,\"name\":\"Cinnamoroll Customzied Stainless Steel Box Chain Gemstone Bracelet\"}]},{\"@type\":\"WebSite\",\"@id\":\"https:\/\/crudo-leather.com\/#website\",\"url\":\"https:\/\/crudo-leather.com\/\",\"name\":\"Crudo\",\"description\":\"\",\"potentialAction\":[{\"@type\":\"SearchAction\",\"target\":{\"@type\":\"EntryPoint\",\"urlTemplate\":\"https:\/\/crudo-leather.com\/?s={search_term_string}\"},\"query-input\":{\"@type\":\"PropertyValueSpecification\",\"valueRequired\":true,\"valueName\":\"search_term_string\"}}],\"inLanguage\":\"en-US\"}]}<\/script>\n<!-- \/ Yoast SEO plugin. -->","yoast_head_json":{"title":"Crudo Cinnamoroll Metallarmband","description":"Crudo Cinnamoroll\u8054\u4e58\u7cfb\u5217\u5b9a\u5236\u91d1\u5c5e\u65b9\u94fe\u5b9d\u77f3\u624b\u73af\uff0c\u66ae\u5149\u94f6\u84dd\u7802\u77f3\u6b3e\u5f0f\u3002\u514d\u8d39\u523b\u5b57\uff0c\u7cbe\u7f8e\u793c\u76d2\u3002\u4e3a\u60a8\u6253\u9020\u72ec\u7279\u9970\u54c1\u3002","robots":{"index":"index","follow":"follow","max-snippet":"max-snippet:-1","max-image-preview":"max-image-preview:large","max-video-preview":"max-video-preview:-1"},"canonical":"https:\/\/crudo-leather.com\/de\/product\/cinnamoroll-customized-metal-box-chain-gemstone-bracelet-twilight-silver-blue-goldstone\/","og_locale":"en_US","og_type":"article","og_title":"Crudo Cinnamoroll Metallarmband","og_description":"Crudo Cinnamoroll\u8054\u4e58\u7cfb\u5217\u5b9a\u5236\u91d1\u5c5e\u65b9\u94fe\u5b9d\u77f3\u624b\u73af\uff0c\u66ae\u5149\u94f6\u84dd\u7802\u77f3\u6b3e\u5f0f\u3002\u514d\u8d39\u523b\u5b57\uff0c\u7cbe\u7f8e\u793c\u76d2\u3002\u4e3a\u60a8\u6253\u9020\u72ec\u7279\u9970\u54c1\u3002","og_url":"https:\/\/crudo-leather.com\/product\/cinnamoroll-customized-metal-box-chain-gemstone-bracelet-twilight-silver-blue-goldstone\/","og_site_name":"Crudo","article_modified_time":"2026-01-08T08:56:36+00:00","og_image":[{"width":2000,"height":2000,"url":"https:\/\/crudo-leather.com\/wp-content\/uploads\/2024\/09\/CN_WBG_ZBT26stone_WGSP_1.jpg","type":"image\/jpeg"}],"twitter_card":"summary_large_image","twitter_misc":{"Est. reading time":"1 minute"},"schema":{"@context":"https:\/\/schema.org","@graph":[{"@type":"WebPage","@id":"https:\/\/crudo-leather.com\/product\/cinnamoroll-customized-metal-box-chain-gemstone-bracelet-twilight-silver-blue-goldstone\/","url":"https:\/\/crudo-leather.com\/product\/cinnamoroll-customized-metal-box-chain-gemstone-bracelet-twilight-silver-blue-goldstone\/","name":"Cinnamoroll Metal Box Chain Gemstone Bracelet - Twilight Silver Blue Goldstone","isPartOf":{"@id":"https:\/\/crudo-leather.com\/#website"},"primaryImageOfPage":{"@id":"https:\/\/crudo-leather.com\/product\/cinnamoroll-customized-metal-box-chain-gemstone-bracelet-twilight-silver-blue-goldstone\/#primaryimage"},"image":{"@id":"https:\/\/crudo-leather.com\/product\/cinnamoroll-customized-metal-box-chain-gemstone-bracelet-twilight-silver-blue-goldstone\/#primaryimage"},"thumbnailUrl":"https:\/\/crudo-leather.com\/wp-content\/uploads\/2024\/09\/CN_WBG_ZBT26stone_WGSP_1.jpg","datePublished":"2024-09-05T02:38:48+00:00","dateModified":"2026-01-08T08:56:36+00:00","description":"Explore officially licensed Cinnamoroll metal box chain gemstone bracelet. Twilight silver with blue goldstone. Free engraving & luxury gift box. A unique accessory. Shop now!","breadcrumb":{"@id":"https:\/\/crudo-leather.com\/product\/cinnamoroll-customized-metal-box-chain-gemstone-bracelet-twilight-silver-blue-goldstone\/#breadcrumb"},"inLanguage":"en-US","potentialAction":[{"@type":"ReadAction","target":["https:\/\/crudo-leather.com\/product\/cinnamoroll-customized-metal-box-chain-gemstone-bracelet-twilight-silver-blue-goldstone\/"]}]},{"@type":"ImageObject","inLanguage":"en-US","@id":"https:\/\/crudo-leather.com\/product\/cinnamoroll-customized-metal-box-chain-gemstone-bracelet-twilight-silver-blue-goldstone\/#primaryimage","url":"https:\/\/crudo-leather.com\/wp-content\/uploads\/2024\/09\/CN_WBG_ZBT26stone_WGSP_1.jpg","contentUrl":"https:\/\/crudo-leather.com\/wp-content\/uploads\/2024\/09\/CN_WBG_ZBT26stone_WGSP_1.jpg","width":2000,"height":2000},{"@type":"BreadcrumbList","@id":"https:\/\/crudo-leather.com\/product\/cinnamoroll-customized-metal-box-chain-gemstone-bracelet-twilight-silver-blue-goldstone\/#breadcrumb","itemListElement":[{"@type":"ListItem","position":1,"name":"Shop","item":"https:\/\/crudo-leather.com\/shop\/"},{"@type":"ListItem","position":2,"name":"Cinnamoroll Customzied Stainless Steel Box Chain Gemstone Bracelet"}]},{"@type":"WebSite","@id":"https:\/\/crudo-leather.com\/#website","url":"https:\/\/crudo-leather.com\/","name":"Crudo","description":"","potentialAction":[{"@type":"SearchAction","target":{"@type":"EntryPoint","urlTemplate":"https:\/\/crudo-leather.com\/?s={search_term_string}"},"query-input":{"@type":"PropertyValueSpecification","valueRequired":true,"valueName":"search_term_string"}}],"inLanguage":"en-US"}]}},"_links":{"self":[{"href":"https:\/\/crudo-leather.com\/de\/wp-json\/wp\/v2\/product\/290386"}],"collection":[{"href":"https:\/\/crudo-leather.com\/de\/wp-json\/wp\/v2\/product"}],"about":[{"href":"https:\/\/crudo-leather.com\/de\/wp-json\/wp\/v2\/types\/product"}],"replies":[{"embeddable":true,"href":"https:\/\/crudo-leather.com\/de\/wp-json\/wp\/v2\/comments?post=290386"}],"wp:featuredmedia":[{"embeddable":true,"href":"https:\/\/crudo-leather.com\/de\/wp-json\/wp\/v2\/media\/290390"}],"wp:attachment":[{"href":"https:\/\/crudo-leather.com\/de\/wp-json\/wp\/v2\/media?parent=290386"}],"wp:term":[{"taxonomy":"collection","embeddable":true,"href":"https:\/\/crudo-leather.com\/de\/wp-json\/wp\/v2\/collection?post=290386"},{"taxonomy":"trending_cat","embeddable":true,"href":"https:\/\/crudo-leather.com\/de\/wp-json\/wp\/v2\/trending_cat?post=290386"},{"taxonomy":"product_cat","embeddable":true,"href":"https:\/\/crudo-leather.com\/de\/wp-json\/wp\/v2\/product_cat?post=290386"},{"taxonomy":"product_tag","embeddable":true,"href":"https:\/\/crudo-leather.com\/de\/wp-json\/wp\/v2\/product_tag?post=290386"}],"curies":[{"name":"wp","href":"https:\/\/api.w.org\/{rel}","templated":true}]}}