{"id":290442,"date":"2024-09-05T12:27:38","date_gmt":"2024-09-05T04:27:38","guid":{"rendered":"https:\/\/crudo-leather.com\/product\/crayon-shinchan-customized-leather-keychain-copy\/"},"modified":"2025-05-20T11:13:21","modified_gmt":"2025-05-20T03:13:21","slug":"cinnamoroll-customzied-italian-leather-wrap-keychain-palace-blue-rose-gold","status":"publish","type":"product","link":"https:\/\/crudo-leather.com\/de\/product\/cinnamoroll-customzied-italian-leather-wrap-keychain-palace-blue-rose-gold\/","title":{"rendered":"Cinnamoroll Limited Edition personalisiertes geflochtenes Leder Schl\u00fcsselanh\u00e4nger"},"content":{"rendered":"","protected":false},"excerpt":{"rendered":"**Bitte w\u00e4hlen Sie mindestens ein Cinnamoroll Metallanh\u00e4nger oder 925 Sterling Silber Anh\u00e4nger, sonst wird das Produkt nur mit dem urspr\u00fcnglichen Crudo runden Anh\u00e4nger geliefert und nicht mit der Cinnamoroll Special Edition Geschenkbox**\n\n<span style=\"text-decoration: underline;\"><strong>Cinnamoroll x Crudo<\/strong><\/span>\n\nEs gibt so viele interessante Dinge im Leben, genau wie Cinnamoroll, entdecken Sie, was Sie lieben! Eine Reihe von Cinnamoroll Emaille Metallanh\u00e4ngern und 925 Sterling Silber Anh\u00e4ngern, mit innovativem Design, verziert mit Glitzer oder Strasssteinen, veredelt die Textur und Eleganz der Anh\u00e4nger.\n\nDie limitierte Cinnamoroll exklusive Farbarmb\u00e4nder sind ebenfalls erh\u00e4ltlich, in Cinnamorolls charakteristischen Himmelblau- und Wei\u00dft\u00f6nen. Jeder Anh\u00e4nger kann frei mit Crudo Leder- oder Stahlarmb\u00e4ndern und Accessoires kombiniert werden, um Ihrem t\u00e4glichen Stil eine raffinierte Note zu verleihen.\n\n<strong>Klicken Sie auf \"Zum Warenkorb hinzuf\u00fcgen und gestalten\", um Ihren Gravurtext zu gestalten<\/strong>\n\n- Offiziell lizenziertes Sanrio Produkt\n\n- Jeder Cinnamoroll Emaille Metall- oder 925 Silberanh\u00e4nger kann frei kombiniert und an Leder-Schl\u00fcsselringen befestigt werden\n\n- Crudos innovatives Design mit zwei \u00fcberlappenden Anh\u00e4ngern, Cinnamoroll verziert mit seinen Lieblingsgegenst\u00e4nden, die Oberfl\u00e4che der Motive ist mit Glitzer oder Strasssteinen verziert\n\n- 925 Sterling Silber Anh\u00e4nger mit verschiedenen geformten Strasssteinen und emaillierten Akzenten auf Cinnamorolls charakteristischen rosa Wangen, veredelt den traumhaften Look\n\n- Beim Kauf eines Cinnamoroll Special Edition Leder-Schl\u00fcsselrings erhalten Sie eine limitierte Geschenkbox mit einem Set von acht Aufklebern und einer abziehbaren Gru\u00dfkarte (inklusive Geschenkkarte und Produktgarantie)\n\n- Kostenloser Gravurservice, verschiedene Schriftarten, Emojis und Gravurvorschl\u00e4ge zur Auswahl\n\n- Handgefertigt aus italienischem geflochtenem Lederband, erweiterbar f\u00fcr die Verbindung mit verschiedenen Gegenst\u00e4nden\n\n- Exklusives achteckiges Metall-Cut-Out-Design\n\n- Kombiniert Kunst, Mode und Funktionalit\u00e4t im Design\n\n<strong>Produktionszeit und Versanddetails<\/strong>\n\n- Jedes Produkt ben\u00f6tigt nur 1-5 Werktage zur Fertigstellung\n\n- Bestellungen von heute k\u00f6nnen bereits morgen versendet werden\n\n- Nur erh\u00e4ltlich in Hongkong, Macau, Festlandchina, Japan, S\u00fcdkorea und S\u00fcdamerika (au\u00dfer Panama)","protected":false},"featured_media":290446,"comment_status":"open","ping_status":"closed","template":"","meta":{"inline_featured_image":false},"collection":[2570],"trending_cat":[],"product_cat":[89],"product_tag":[2590],"class_list":{"0":"post-290442","1":"product","2":"type-product","3":"status-publish","4":"has-post-thumbnail","6":"product_cat-others-accessories","7":"product_tag-cinnamoroll","9":"first","10":"instock","11":"sale","12":"shipping-taxable","13":"purchasable","14":"product-type-variable"},"yoast_head":"<!-- This site is optimized with the Yoast SEO plugin v23.4 - https:\/\/yoast.com\/wordpress\/plugins\/seo\/ -->\n<title>Crudo Cinnamoroll Leder Schl\u00fcsselanh\u00e4nger<\/title>\n<meta name=\"description\" content=\"Crudo Cinnamoroll Kollektion ma\u00dfgeschneiderter italienischer Leder geflochtener Schl\u00fcsselanh\u00e4nger, Hofblau Ros\u00e9gold Stil. Kostenlose Gravur, elegante Geschenkbox. Erstellt einzigartigen Schmuck f\u00fcr Sie.\" \/>\n<meta name=\"robots\" content=\"index, follow, max-snippet:-1, max-image-preview:large, max-video-preview:-1\" \/>\n<link rel=\"canonical\" href=\"https:\/\/crudo-leather.com\/de\/product\/cinnamoroll-customzied-italian-leather-wrap-keychain-palace-blue-rose-gold\/\" \/>\n<meta property=\"og:locale\" content=\"en_US\" \/>\n<meta property=\"og:type\" content=\"article\" \/>\n<meta property=\"og:title\" content=\"Crudo Cinnamoroll Leder Schl\u00fcsselanh\u00e4nger\" \/>\n<meta property=\"og:description\" content=\"Crudo Cinnamoroll Kollektion ma\u00dfgeschneiderter italienischer Leder geflochtener Schl\u00fcsselanh\u00e4nger, Hofblau Ros\u00e9gold Stil. Kostenlose Gravur, elegante Geschenkbox. Erstellt einzigartigen Schmuck f\u00fcr Sie.\" \/>\n<meta property=\"og:url\" content=\"https:\/\/crudo-leather.com\/product\/cinnamoroll-customzied-italian-leather-wrap-keychain-palace-blue-rose-gold\/\" \/>\n<meta property=\"og:site_name\" content=\"Crudo\" \/>\n<meta property=\"article:modified_time\" content=\"2025-05-20T03:13:21+00:00\" \/>\n<meta property=\"og:image\" content=\"https:\/\/crudo-leather.com\/wp-content\/uploads\/2024\/09\/CN_WBG_KEC01_RGBE_1.jpg\" \/>\n\t<meta property=\"og:image:width\" content=\"2000\" \/>\n\t<meta property=\"og:image:height\" content=\"2000\" \/>\n\t<meta property=\"og:image:type\" content=\"image\/jpeg\" \/>\n<meta name=\"twitter:card\" content=\"summary_large_image\" \/>\n<meta name=\"twitter:label1\" content=\"Est. reading time\" \/>\n\t<meta name=\"twitter:data1\" content=\"1 minute\" \/>\n<script type=\"application\/ld+json\" class=\"yoast-schema-graph\">{\"@context\":\"https:\/\/schema.org\",\"@graph\":[{\"@type\":\"WebPage\",\"@id\":\"https:\/\/crudo-leather.com\/product\/cinnamoroll-customzied-italian-leather-wrap-keychain-palace-blue-rose-gold\/\",\"url\":\"https:\/\/crudo-leather.com\/product\/cinnamoroll-customzied-italian-leather-wrap-keychain-palace-blue-rose-gold\/\",\"name\":\"Cinnamoroll Leather Keychain: Palace Blue Rose Gold\",\"isPartOf\":{\"@id\":\"https:\/\/crudo-leather.com\/#website\"},\"primaryImageOfPage\":{\"@id\":\"https:\/\/crudo-leather.com\/product\/cinnamoroll-customzied-italian-leather-wrap-keychain-palace-blue-rose-gold\/#primaryimage\"},\"image\":{\"@id\":\"https:\/\/crudo-leather.com\/product\/cinnamoroll-customzied-italian-leather-wrap-keychain-palace-blue-rose-gold\/#primaryimage\"},\"thumbnailUrl\":\"https:\/\/crudo-leather.com\/wp-content\/uploads\/2024\/09\/CN_WBG_KEC01_RGBE_1.jpg\",\"datePublished\":\"2024-09-05T04:27:38+00:00\",\"dateModified\":\"2025-05-20T03:13:21+00:00\",\"description\":\"Dreamy elegance with the Cinnamoroll Customized Italian Leather Wrap Keychain in Palace Blue Rose Gold. A delightful and personal accessory.\",\"breadcrumb\":{\"@id\":\"https:\/\/crudo-leather.com\/product\/cinnamoroll-customzied-italian-leather-wrap-keychain-palace-blue-rose-gold\/#breadcrumb\"},\"inLanguage\":\"en-US\",\"potentialAction\":[{\"@type\":\"ReadAction\",\"target\":[\"https:\/\/crudo-leather.com\/product\/cinnamoroll-customzied-italian-leather-wrap-keychain-palace-blue-rose-gold\/\"]}]},{\"@type\":\"ImageObject\",\"inLanguage\":\"en-US\",\"@id\":\"https:\/\/crudo-leather.com\/product\/cinnamoroll-customzied-italian-leather-wrap-keychain-palace-blue-rose-gold\/#primaryimage\",\"url\":\"https:\/\/crudo-leather.com\/wp-content\/uploads\/2024\/09\/CN_WBG_KEC01_RGBE_1.jpg\",\"contentUrl\":\"https:\/\/crudo-leather.com\/wp-content\/uploads\/2024\/09\/CN_WBG_KEC01_RGBE_1.jpg\",\"width\":2000,\"height\":2000},{\"@type\":\"BreadcrumbList\",\"@id\":\"https:\/\/crudo-leather.com\/product\/cinnamoroll-customzied-italian-leather-wrap-keychain-palace-blue-rose-gold\/#breadcrumb\",\"itemListElement\":[{\"@type\":\"ListItem\",\"position\":1,\"name\":\"Shop\",\"item\":\"https:\/\/crudo-leather.com\/shop\/\"},{\"@type\":\"ListItem\",\"position\":2,\"name\":\"Cinnamoroll Customzied Italian Leather Keychain\"}]},{\"@type\":\"WebSite\",\"@id\":\"https:\/\/crudo-leather.com\/#website\",\"url\":\"https:\/\/crudo-leather.com\/\",\"name\":\"Crudo\",\"description\":\"\",\"potentialAction\":[{\"@type\":\"SearchAction\",\"target\":{\"@type\":\"EntryPoint\",\"urlTemplate\":\"https:\/\/crudo-leather.com\/?s={search_term_string}\"},\"query-input\":{\"@type\":\"PropertyValueSpecification\",\"valueRequired\":true,\"valueName\":\"search_term_string\"}}],\"inLanguage\":\"en-US\"}]}<\/script>\n<!-- \/ Yoast SEO plugin. -->","yoast_head_json":{"title":"Crudo Cinnamoroll Leder Schl\u00fcsselanh\u00e4nger","description":"Crudo Cinnamoroll Kollektion ma\u00dfgeschneiderter italienischer Leder geflochtener Schl\u00fcsselanh\u00e4nger, Hofblau Ros\u00e9gold Stil. Kostenlose Gravur, elegante Geschenkbox. Erstellt einzigartigen Schmuck f\u00fcr Sie.","robots":{"index":"index","follow":"follow","max-snippet":"max-snippet:-1","max-image-preview":"max-image-preview:large","max-video-preview":"max-video-preview:-1"},"canonical":"https:\/\/crudo-leather.com\/de\/product\/cinnamoroll-customzied-italian-leather-wrap-keychain-palace-blue-rose-gold\/","og_locale":"en_US","og_type":"article","og_title":"Crudo Cinnamoroll Leder Schl\u00fcsselanh\u00e4nger","og_description":"Crudo Cinnamoroll Kollektion ma\u00dfgeschneiderter italienischer Leder geflochtener Schl\u00fcsselanh\u00e4nger, Hofblau Ros\u00e9gold Stil. Kostenlose Gravur, elegante Geschenkbox. Erstellt einzigartigen Schmuck f\u00fcr Sie.","og_url":"https:\/\/crudo-leather.com\/product\/cinnamoroll-customzied-italian-leather-wrap-keychain-palace-blue-rose-gold\/","og_site_name":"Crudo","article_modified_time":"2025-05-20T03:13:21+00:00","og_image":[{"width":2000,"height":2000,"url":"https:\/\/crudo-leather.com\/wp-content\/uploads\/2024\/09\/CN_WBG_KEC01_RGBE_1.jpg","type":"image\/jpeg"}],"twitter_card":"summary_large_image","twitter_misc":{"Est. reading time":"1 minute"},"schema":{"@context":"https:\/\/schema.org","@graph":[{"@type":"WebPage","@id":"https:\/\/crudo-leather.com\/product\/cinnamoroll-customzied-italian-leather-wrap-keychain-palace-blue-rose-gold\/","url":"https:\/\/crudo-leather.com\/product\/cinnamoroll-customzied-italian-leather-wrap-keychain-palace-blue-rose-gold\/","name":"Cinnamoroll Leather Keychain: Palace Blue Rose Gold","isPartOf":{"@id":"https:\/\/crudo-leather.com\/#website"},"primaryImageOfPage":{"@id":"https:\/\/crudo-leather.com\/product\/cinnamoroll-customzied-italian-leather-wrap-keychain-palace-blue-rose-gold\/#primaryimage"},"image":{"@id":"https:\/\/crudo-leather.com\/product\/cinnamoroll-customzied-italian-leather-wrap-keychain-palace-blue-rose-gold\/#primaryimage"},"thumbnailUrl":"https:\/\/crudo-leather.com\/wp-content\/uploads\/2024\/09\/CN_WBG_KEC01_RGBE_1.jpg","datePublished":"2024-09-05T04:27:38+00:00","dateModified":"2025-05-20T03:13:21+00:00","description":"Dreamy elegance with the Cinnamoroll Customized Italian Leather Wrap Keychain in Palace Blue Rose Gold. A delightful and personal accessory.","breadcrumb":{"@id":"https:\/\/crudo-leather.com\/product\/cinnamoroll-customzied-italian-leather-wrap-keychain-palace-blue-rose-gold\/#breadcrumb"},"inLanguage":"en-US","potentialAction":[{"@type":"ReadAction","target":["https:\/\/crudo-leather.com\/product\/cinnamoroll-customzied-italian-leather-wrap-keychain-palace-blue-rose-gold\/"]}]},{"@type":"ImageObject","inLanguage":"en-US","@id":"https:\/\/crudo-leather.com\/product\/cinnamoroll-customzied-italian-leather-wrap-keychain-palace-blue-rose-gold\/#primaryimage","url":"https:\/\/crudo-leather.com\/wp-content\/uploads\/2024\/09\/CN_WBG_KEC01_RGBE_1.jpg","contentUrl":"https:\/\/crudo-leather.com\/wp-content\/uploads\/2024\/09\/CN_WBG_KEC01_RGBE_1.jpg","width":2000,"height":2000},{"@type":"BreadcrumbList","@id":"https:\/\/crudo-leather.com\/product\/cinnamoroll-customzied-italian-leather-wrap-keychain-palace-blue-rose-gold\/#breadcrumb","itemListElement":[{"@type":"ListItem","position":1,"name":"Shop","item":"https:\/\/crudo-leather.com\/shop\/"},{"@type":"ListItem","position":2,"name":"Cinnamoroll Customzied Italian Leather Keychain"}]},{"@type":"WebSite","@id":"https:\/\/crudo-leather.com\/#website","url":"https:\/\/crudo-leather.com\/","name":"Crudo","description":"","potentialAction":[{"@type":"SearchAction","target":{"@type":"EntryPoint","urlTemplate":"https:\/\/crudo-leather.com\/?s={search_term_string}"},"query-input":{"@type":"PropertyValueSpecification","valueRequired":true,"valueName":"search_term_string"}}],"inLanguage":"en-US"}]}},"_links":{"self":[{"href":"https:\/\/crudo-leather.com\/de\/wp-json\/wp\/v2\/product\/290442"}],"collection":[{"href":"https:\/\/crudo-leather.com\/de\/wp-json\/wp\/v2\/product"}],"about":[{"href":"https:\/\/crudo-leather.com\/de\/wp-json\/wp\/v2\/types\/product"}],"replies":[{"embeddable":true,"href":"https:\/\/crudo-leather.com\/de\/wp-json\/wp\/v2\/comments?post=290442"}],"wp:featuredmedia":[{"embeddable":true,"href":"https:\/\/crudo-leather.com\/de\/wp-json\/wp\/v2\/media\/290446"}],"wp:attachment":[{"href":"https:\/\/crudo-leather.com\/de\/wp-json\/wp\/v2\/media?parent=290442"}],"wp:term":[{"taxonomy":"collection","embeddable":true,"href":"https:\/\/crudo-leather.com\/de\/wp-json\/wp\/v2\/collection?post=290442"},{"taxonomy":"trending_cat","embeddable":true,"href":"https:\/\/crudo-leather.com\/de\/wp-json\/wp\/v2\/trending_cat?post=290442"},{"taxonomy":"product_cat","embeddable":true,"href":"https:\/\/crudo-leather.com\/de\/wp-json\/wp\/v2\/product_cat?post=290442"},{"taxonomy":"product_tag","embeddable":true,"href":"https:\/\/crudo-leather.com\/de\/wp-json\/wp\/v2\/product_tag?post=290442"}],"curies":[{"name":"wp","href":"https:\/\/api.w.org\/{rel}","templated":true}]}}