{"id":290462,"date":"2024-09-05T12:39:34","date_gmt":"2024-09-05T04:39:34","guid":{"rendered":"https:\/\/crudo-leather.com\/product\/hello-kitty-customized-metal-tag-keychain-copy\/"},"modified":"2025-05-20T11:23:40","modified_gmt":"2025-05-20T03:23:40","slug":"cinnamoroll-customized-metal-tag-keychain-rose-gold","status":"publish","type":"product","link":"https:\/\/crudo-leather.com\/de\/product\/cinnamoroll-customized-metal-tag-keychain-rose-gold\/","title":{"rendered":"Cinnamoroll Limited Edition personalisiertes Stahlanh\u00e4nger Schl\u00fcsselanh\u00e4nger"},"content":{"rendered":"","protected":false},"excerpt":{"rendered":"**Bitte w\u00e4hlen Sie mindestens ein Cinnamoroll Metall-Anh\u00e4nger oder 925 Sterling Silber Anh\u00e4nger, sonst wird das Produkt nur mit dem urspr\u00fcnglichen Crudo runden Anh\u00e4nger geliefert und nicht mit der Cinnamoroll Special Edition Geschenkbox**\n\n<span style=\"text-decoration: underline;\"><strong>Cinnamoroll x Crudo<\/strong><\/span>\n\nEs gibt so viele interessante Dinge im Leben, genau wie Cinnamoroll, entdecken Sie, was Sie lieben! Eine Reihe von Cinnamoroll Emaille-Metall-Anh\u00e4ngern und 925 Sterling Silber Anh\u00e4ngern, mit innovativem Design, verziert mit Glitzer oder Strasssteinen, um die Textur und Eleganz der Anh\u00e4nger zu steigern.\n\nDie limitierte Cinnamoroll exklusive Farbarmb\u00e4nder sind ebenfalls erh\u00e4ltlich, in Cinnamorolls charakteristischen Himmelblau- und Wei\u00dft\u00f6nen. Jeder Anh\u00e4nger kann frei mit Crudo Leder- oder Stahlarmb\u00e4ndern und Accessoires kombiniert werden, um Ihrem t\u00e4glichen Stil eine raffinierte Note zu verleihen.\n\n<strong>Klicken Sie auf \"In den Warenkorb legen und gestalten\", um Ihren Gravurtext zu gestalten<\/strong>\n\n- Offiziell lizenziertes Sanrio Produkt\n\n- Jeder Cinnamoroll Emaille-Metall- oder 925 Silberanh\u00e4nger kann frei kombiniert und an einem Stahlschl\u00fcsselring befestigt werden\n\n- Crudos innovatives Design mit zwei \u00fcbereinanderliegenden Anh\u00e4ngern, Cinnamoroll verziert mit seinen Lieblingsgegenst\u00e4nden, die Oberfl\u00e4che der Motive ist mit Glitzer oder Strasssteinen verziert\n\n- 925 Sterling Silber Anh\u00e4nger verziert mit verschiedenen geformten Strasssteinen und emailliert, um Cinnamorolls charakteristische rosige Wangen zu betonen, und um die traumhafte Textur zu steigern\n\n- Beim Kauf eines Cinnamoroll Special Edition Stahlschl\u00fcsselrings erhalten Sie eine limitierte Geschenkbox mit einem Set von acht Aufklebern und einer abrei\u00dfbaren Gru\u00dfkarte (inklusive Geschenkkarte und Produktgarantie)\n\n- Kostenloser Gravurservice, verschiedene Schriftarten, Emojis und Gravurvorschl\u00e4ge zur Auswahl\n\n- Elegantes abgeschr\u00e4gtes Design\n\n- Zweifarbiges Metall erh\u00f6ht den modischen Look\n\n- Kompakte Ma\u00dfe f\u00fcr einfachen Transport, kann auch als Anh\u00e4nger verwendet werden\n\n<strong>Herstellungszeit und Versanddetails<\/strong>\n\n- Jedes Produkt ben\u00f6tigt nur 1-5 Werktage zur Herstellung\n\n- Bei Bestellung heute kann die Sendung bereits morgen verschickt werden\n\n- Nur erh\u00e4ltlich in Hongkong, Macau, Festlandchina, Japan, S\u00fcdkorea und S\u00fcdamerika (au\u00dfer Panama)","protected":false},"featured_media":290452,"comment_status":"open","ping_status":"closed","template":"","meta":{"inline_featured_image":false},"collection":[2570],"trending_cat":[],"product_cat":[89],"product_tag":[2590],"class_list":{"0":"post-290462","1":"product","2":"type-product","3":"status-publish","4":"has-post-thumbnail","6":"product_cat-others-accessories","7":"product_tag-cinnamoroll","9":"first","10":"instock","11":"sale","12":"shipping-taxable","13":"purchasable","14":"product-type-variable"},"yoast_head":"<!-- This site is optimized with the Yoast SEO plugin v23.4 - https:\/\/yoast.com\/wordpress\/plugins\/seo\/ -->\n<title>Cinnamoroll Limited Edition personalisierter Stahlanh\u00e4nger Schl\u00fcsselring\uff5cRos\u00e9gold\uff5cCrudo Leather Craft<\/title>\n<meta name=\"description\" content=\"Es gibt so viele interessante Dinge im Leben, genau wie Cinnamoroll, entdecke die Dinge, die du liebst! Eine Reihe von Cinnamoroll Emaille-Metallanh\u00e4ngern und 925 Sterling Silber Anh\u00e4ngern, mit innovativem Design, verziert mit Glitzer oder Strasssteinen, um die Textur und Eleganz der Anh\u00e4nger zu steigern.\" \/>\n<meta name=\"robots\" content=\"index, follow, max-snippet:-1, max-image-preview:large, max-video-preview:-1\" \/>\n<link rel=\"canonical\" href=\"https:\/\/crudo-leather.com\/de\/product\/cinnamoroll-customized-metal-tag-keychain-rose-gold\/\" \/>\n<meta property=\"og:locale\" content=\"en_US\" \/>\n<meta property=\"og:type\" content=\"article\" \/>\n<meta property=\"og:title\" content=\"Cinnamoroll Limited Edition personalisierter Stahlanh\u00e4nger Schl\u00fcsselring\uff5cRos\u00e9gold\uff5cCrudo Leather Craft\" \/>\n<meta property=\"og:description\" content=\"Es gibt so viele interessante Dinge im Leben, genau wie Cinnamoroll, entdecke die Dinge, die du liebst! Eine Reihe von Cinnamoroll Emaille-Metallanh\u00e4ngern und 925 Sterling Silber Anh\u00e4ngern, mit innovativem Design, verziert mit Glitzer oder Strasssteinen, um die Textur und Eleganz der Anh\u00e4nger zu steigern.\" \/>\n<meta property=\"og:url\" content=\"https:\/\/crudo-leather.com\/product\/cinnamoroll-customized-metal-tag-keychain-rose-gold\/\" \/>\n<meta property=\"og:site_name\" content=\"Crudo\" \/>\n<meta property=\"article:modified_time\" content=\"2025-05-20T03:23:40+00:00\" \/>\n<meta property=\"og:image\" content=\"https:\/\/crudo-leather.com\/wp-content\/uploads\/2024\/09\/CN_WBG_KEC02_RG_.jpg\" \/>\n\t<meta property=\"og:image:width\" content=\"2000\" \/>\n\t<meta property=\"og:image:height\" content=\"2000\" \/>\n\t<meta property=\"og:image:type\" content=\"image\/jpeg\" \/>\n<meta name=\"twitter:card\" content=\"summary_large_image\" \/>\n<meta name=\"twitter:label1\" content=\"Est. reading time\" \/>\n\t<meta name=\"twitter:data1\" content=\"1 minute\" \/>\n<script type=\"application\/ld+json\" class=\"yoast-schema-graph\">{\"@context\":\"https:\/\/schema.org\",\"@graph\":[{\"@type\":\"WebPage\",\"@id\":\"https:\/\/crudo-leather.com\/product\/cinnamoroll-customized-metal-tag-keychain-rose-gold\/\",\"url\":\"https:\/\/crudo-leather.com\/product\/cinnamoroll-customized-metal-tag-keychain-rose-gold\/\",\"name\":\"Cinnamoroll Keychain | Custom Engraving Available | Crudo\",\"isPartOf\":{\"@id\":\"https:\/\/crudo-leather.com\/#website\"},\"primaryImageOfPage\":{\"@id\":\"https:\/\/crudo-leather.com\/product\/cinnamoroll-customized-metal-tag-keychain-rose-gold\/#primaryimage\"},\"image\":{\"@id\":\"https:\/\/crudo-leather.com\/product\/cinnamoroll-customized-metal-tag-keychain-rose-gold\/#primaryimage\"},\"thumbnailUrl\":\"https:\/\/crudo-leather.com\/wp-content\/uploads\/2024\/09\/CN_WBG_KEC02_RG_.jpg\",\"datePublished\":\"2024-09-05T04:39:34+00:00\",\"dateModified\":\"2025-05-20T03:23:40+00:00\",\"description\":\"Explore the charming Cinnamoroll customized metal tag keychain. Enjoy unique design options, including custom engraving, from Crudo.\",\"breadcrumb\":{\"@id\":\"https:\/\/crudo-leather.com\/product\/cinnamoroll-customized-metal-tag-keychain-rose-gold\/#breadcrumb\"},\"inLanguage\":\"en-US\",\"potentialAction\":[{\"@type\":\"ReadAction\",\"target\":[\"https:\/\/crudo-leather.com\/product\/cinnamoroll-customized-metal-tag-keychain-rose-gold\/\"]}]},{\"@type\":\"ImageObject\",\"inLanguage\":\"en-US\",\"@id\":\"https:\/\/crudo-leather.com\/product\/cinnamoroll-customized-metal-tag-keychain-rose-gold\/#primaryimage\",\"url\":\"https:\/\/crudo-leather.com\/wp-content\/uploads\/2024\/09\/CN_WBG_KEC02_RG_.jpg\",\"contentUrl\":\"https:\/\/crudo-leather.com\/wp-content\/uploads\/2024\/09\/CN_WBG_KEC02_RG_.jpg\",\"width\":2000,\"height\":2000},{\"@type\":\"BreadcrumbList\",\"@id\":\"https:\/\/crudo-leather.com\/product\/cinnamoroll-customized-metal-tag-keychain-rose-gold\/#breadcrumb\",\"itemListElement\":[{\"@type\":\"ListItem\",\"position\":1,\"name\":\"Shop\",\"item\":\"https:\/\/crudo-leather.com\/shop\/\"},{\"@type\":\"ListItem\",\"position\":2,\"name\":\"Cinnamoroll Customized Metal Tag Keychain\"}]},{\"@type\":\"WebSite\",\"@id\":\"https:\/\/crudo-leather.com\/#website\",\"url\":\"https:\/\/crudo-leather.com\/\",\"name\":\"Crudo\",\"description\":\"\",\"potentialAction\":[{\"@type\":\"SearchAction\",\"target\":{\"@type\":\"EntryPoint\",\"urlTemplate\":\"https:\/\/crudo-leather.com\/?s={search_term_string}\"},\"query-input\":{\"@type\":\"PropertyValueSpecification\",\"valueRequired\":true,\"valueName\":\"search_term_string\"}}],\"inLanguage\":\"en-US\"}]}<\/script>\n<!-- \/ Yoast SEO plugin. -->","yoast_head_json":{"title":"Cinnamoroll Limited Edition personalisierter Stahlanh\u00e4nger Schl\u00fcsselring\uff5cRos\u00e9gold\uff5cCrudo Leather Craft","description":"Es gibt so viele interessante Dinge im Leben, genau wie Cinnamoroll, entdecke die Dinge, die du liebst! Eine Reihe von Cinnamoroll Emaille-Metallanh\u00e4ngern und 925 Sterling Silber Anh\u00e4ngern, mit innovativem Design, verziert mit Glitzer oder Strasssteinen, um die Textur und Eleganz der Anh\u00e4nger zu steigern.","robots":{"index":"index","follow":"follow","max-snippet":"max-snippet:-1","max-image-preview":"max-image-preview:large","max-video-preview":"max-video-preview:-1"},"canonical":"https:\/\/crudo-leather.com\/de\/product\/cinnamoroll-customized-metal-tag-keychain-rose-gold\/","og_locale":"en_US","og_type":"article","og_title":"Cinnamoroll Limited Edition personalisierter Stahlanh\u00e4nger Schl\u00fcsselring\uff5cRos\u00e9gold\uff5cCrudo Leather Craft","og_description":"Es gibt so viele interessante Dinge im Leben, genau wie Cinnamoroll, entdecke die Dinge, die du liebst! Eine Reihe von Cinnamoroll Emaille-Metallanh\u00e4ngern und 925 Sterling Silber Anh\u00e4ngern, mit innovativem Design, verziert mit Glitzer oder Strasssteinen, um die Textur und Eleganz der Anh\u00e4nger zu steigern.","og_url":"https:\/\/crudo-leather.com\/product\/cinnamoroll-customized-metal-tag-keychain-rose-gold\/","og_site_name":"Crudo","article_modified_time":"2025-05-20T03:23:40+00:00","og_image":[{"width":2000,"height":2000,"url":"https:\/\/crudo-leather.com\/wp-content\/uploads\/2024\/09\/CN_WBG_KEC02_RG_.jpg","type":"image\/jpeg"}],"twitter_card":"summary_large_image","twitter_misc":{"Est. reading time":"1 minute"},"schema":{"@context":"https:\/\/schema.org","@graph":[{"@type":"WebPage","@id":"https:\/\/crudo-leather.com\/product\/cinnamoroll-customized-metal-tag-keychain-rose-gold\/","url":"https:\/\/crudo-leather.com\/product\/cinnamoroll-customized-metal-tag-keychain-rose-gold\/","name":"Cinnamoroll Keychain | Custom Engraving Available | Crudo","isPartOf":{"@id":"https:\/\/crudo-leather.com\/#website"},"primaryImageOfPage":{"@id":"https:\/\/crudo-leather.com\/product\/cinnamoroll-customized-metal-tag-keychain-rose-gold\/#primaryimage"},"image":{"@id":"https:\/\/crudo-leather.com\/product\/cinnamoroll-customized-metal-tag-keychain-rose-gold\/#primaryimage"},"thumbnailUrl":"https:\/\/crudo-leather.com\/wp-content\/uploads\/2024\/09\/CN_WBG_KEC02_RG_.jpg","datePublished":"2024-09-05T04:39:34+00:00","dateModified":"2025-05-20T03:23:40+00:00","description":"Explore the charming Cinnamoroll customized metal tag keychain. Enjoy unique design options, including custom engraving, from Crudo.","breadcrumb":{"@id":"https:\/\/crudo-leather.com\/product\/cinnamoroll-customized-metal-tag-keychain-rose-gold\/#breadcrumb"},"inLanguage":"en-US","potentialAction":[{"@type":"ReadAction","target":["https:\/\/crudo-leather.com\/product\/cinnamoroll-customized-metal-tag-keychain-rose-gold\/"]}]},{"@type":"ImageObject","inLanguage":"en-US","@id":"https:\/\/crudo-leather.com\/product\/cinnamoroll-customized-metal-tag-keychain-rose-gold\/#primaryimage","url":"https:\/\/crudo-leather.com\/wp-content\/uploads\/2024\/09\/CN_WBG_KEC02_RG_.jpg","contentUrl":"https:\/\/crudo-leather.com\/wp-content\/uploads\/2024\/09\/CN_WBG_KEC02_RG_.jpg","width":2000,"height":2000},{"@type":"BreadcrumbList","@id":"https:\/\/crudo-leather.com\/product\/cinnamoroll-customized-metal-tag-keychain-rose-gold\/#breadcrumb","itemListElement":[{"@type":"ListItem","position":1,"name":"Shop","item":"https:\/\/crudo-leather.com\/shop\/"},{"@type":"ListItem","position":2,"name":"Cinnamoroll Customized Metal Tag Keychain"}]},{"@type":"WebSite","@id":"https:\/\/crudo-leather.com\/#website","url":"https:\/\/crudo-leather.com\/","name":"Crudo","description":"","potentialAction":[{"@type":"SearchAction","target":{"@type":"EntryPoint","urlTemplate":"https:\/\/crudo-leather.com\/?s={search_term_string}"},"query-input":{"@type":"PropertyValueSpecification","valueRequired":true,"valueName":"search_term_string"}}],"inLanguage":"en-US"}]}},"_links":{"self":[{"href":"https:\/\/crudo-leather.com\/de\/wp-json\/wp\/v2\/product\/290462"}],"collection":[{"href":"https:\/\/crudo-leather.com\/de\/wp-json\/wp\/v2\/product"}],"about":[{"href":"https:\/\/crudo-leather.com\/de\/wp-json\/wp\/v2\/types\/product"}],"replies":[{"embeddable":true,"href":"https:\/\/crudo-leather.com\/de\/wp-json\/wp\/v2\/comments?post=290462"}],"wp:featuredmedia":[{"embeddable":true,"href":"https:\/\/crudo-leather.com\/de\/wp-json\/wp\/v2\/media\/290452"}],"wp:attachment":[{"href":"https:\/\/crudo-leather.com\/de\/wp-json\/wp\/v2\/media?parent=290462"}],"wp:term":[{"taxonomy":"collection","embeddable":true,"href":"https:\/\/crudo-leather.com\/de\/wp-json\/wp\/v2\/collection?post=290462"},{"taxonomy":"trending_cat","embeddable":true,"href":"https:\/\/crudo-leather.com\/de\/wp-json\/wp\/v2\/trending_cat?post=290462"},{"taxonomy":"product_cat","embeddable":true,"href":"https:\/\/crudo-leather.com\/de\/wp-json\/wp\/v2\/product_cat?post=290462"},{"taxonomy":"product_tag","embeddable":true,"href":"https:\/\/crudo-leather.com\/de\/wp-json\/wp\/v2\/product_tag?post=290462"}],"curies":[{"name":"wp","href":"https:\/\/api.w.org\/{rel}","templated":true}]}}