{"id":291201,"date":"2024-09-27T15:03:12","date_gmt":"2024-09-27T07:03:12","guid":{"rendered":"https:\/\/crudo-leather.com\/?post_type=product&#038;p=291201"},"modified":"2025-11-19T09:58:23","modified_gmt":"2025-11-19T01:58:23","slug":"ricordi-customized-titanium-italian-leather-wrap-bracelet-palace-blue-rose-gold","status":"publish","type":"product","link":"https:\/\/crudo-leather.com\/de\/product\/ricordi-customized-titanium-italian-leather-wrap-bracelet-palace-blue-rose-gold\/","title":{"rendered":"Ricordi personalisiertes Titan-Italienisches geflochtenes Lederarmband"},"content":{"rendered":"","protected":false},"excerpt":{"rendered":"Die Kombination aus Metall und italienischem Leder macht den eleganten, schlichten und modischen Ricordi Flechtlederarmband zu eurem ganz pers\u00f6nlichen Liebescode. Das Leder ist nach spezieller Behandlung weich, bequem und langlebig; der Titanstreifen am Armband ist im kleinen Achteckschliff gestaltet, um das Licht besser zu brechen und einen edlen Glanz zu erzeugen; mit wertvollen Erinnerungen und ewigen Versprechen, die in die Metalloberfl\u00e4che graviert werden, ist der Ricordi Flechtlederarmband nicht nur ein modisches Accessoire, sondern auch ein dauerhaftes Andenken.\n\n<strong>Klicken<\/strong><strong> Sie auf <\/strong><strong>\"<\/strong><strong>In den Warenkorb legen und gestalten<\/strong><strong>\"<\/strong><strong>, um Ihren Gravurtext zu gestalten<\/strong>\n\n- M\u00f6chten Sie dem Armband eine pers\u00f6nliche Note verleihen? Kombinieren Sie frei Anh\u00e4nger mit dem Armband, um Ihre pers\u00f6nliche Geschichte zu erz\u00e4hlen\n- Verwendung von 100 % italienischem Flechtvollrindleder\n- Bleibt lange farbecht und oxidiert nicht, dauerhafte Aufbewahrung\n- Verwendung von Weltraummetall Titan\n- Titan ist extrem leicht und h\u00e4rter als Edelstahl\n- Geeignet f\u00fcr Menschen mit empfindlicher Haut\n- Mit Magnetverschluss\n- Exklusiver kleiner Achteckschliff f\u00fcr das Metall\n- Verschiedene Schriftarten, Emojis und Gravurvorschl\u00e4ge zur Auswahl\n- Kostenloses Upgrade zum edlen Geschenkset (inkl. Geschenkkarte und Produktgarantie)\n- Hinweis: Das Armband ist nicht f\u00fcr Kinder unter 3 Jahren geeignet\n\n<strong>Herstellungszeit und Versanddetails<\/strong>\n- Jedes Produkt ben\u00f6tigt nur 1-5 Werktage zur Fertigstellung\n- Bei Bestellung heute kann es bereits morgen versendet werden\n- Weltweiter Versand","protected":false},"featured_media":3951,"comment_status":"open","ping_status":"closed","template":"","meta":{"inline_featured_image":false},"collection":[2268],"trending_cat":[2394],"product_cat":[15],"product_tag":[],"class_list":{"0":"post-291201","1":"product","2":"type-product","3":"status-publish","4":"has-post-thumbnail","6":"trending_cat-prestige-collection-offers","7":"product_cat-uncategorized","9":"first","10":"instock","11":"sale","12":"shipping-taxable","13":"purchasable","14":"product-type-variable"},"yoast_head":"<!-- This site is optimized with the Yoast SEO plugin v23.4 - https:\/\/yoast.com\/wordpress\/plugins\/seo\/ -->\n<title>Ricordi Titanium geflochtenes Lederarmband Marineblau Ros\u00e9gold Edition<\/title>\n<meta name=\"description\" content=\"Crudo Ricordi personalisiertes Titan-Italienisches Lederarmband, Marineblau Ros\u00e9gold Edition. Luftfahrtqualit\u00e4t Titan und italienisches Rindsleder, leicht und langlebig, geeignet f\u00fcr empfindliche Haut.\" \/>\n<meta name=\"robots\" content=\"index, follow, max-snippet:-1, max-image-preview:large, max-video-preview:-1\" \/>\n<link rel=\"canonical\" href=\"https:\/\/crudo-leather.com\/de\/product\/ricordi-customized-titanium-italian-leather-wrap-bracelet-palace-blue-rose-gold\/\" \/>\n<meta property=\"og:locale\" content=\"en_US\" \/>\n<meta property=\"og:type\" content=\"article\" \/>\n<meta property=\"og:title\" content=\"Ricordi Titanium geflochtenes Lederarmband Marineblau Ros\u00e9gold Edition\" \/>\n<meta property=\"og:description\" content=\"Crudo Ricordi personalisiertes Titan-Italienisches Lederarmband, Marineblau Ros\u00e9gold Edition. Luftfahrtqualit\u00e4t Titan und italienisches Rindsleder, leicht und langlebig, geeignet f\u00fcr empfindliche Haut.\" \/>\n<meta property=\"og:url\" content=\"https:\/\/crudo-leather.com\/product\/ricordi-customized-titanium-italian-leather-wrap-bracelet-palace-blue-rose-gold\/\" \/>\n<meta property=\"og:site_name\" content=\"Crudo\" \/>\n<meta property=\"article:modified_time\" content=\"2025-11-19T01:58:23+00:00\" \/>\n<meta property=\"og:image\" content=\"https:\/\/crudo-leather.com\/wp-content\/uploads\/2024\/08\/brt01_copy_10-06-2.jpg\" \/>\n\t<meta property=\"og:image:width\" content=\"640\" \/>\n\t<meta property=\"og:image:height\" content=\"640\" \/>\n\t<meta property=\"og:image:type\" content=\"image\/jpeg\" \/>\n<meta name=\"twitter:card\" content=\"summary_large_image\" \/>\n<meta name=\"twitter:label1\" content=\"Est. reading time\" \/>\n\t<meta name=\"twitter:data1\" content=\"1 minute\" \/>\n<script type=\"application\/ld+json\" class=\"yoast-schema-graph\">{\"@context\":\"https:\/\/schema.org\",\"@graph\":[{\"@type\":\"WebPage\",\"@id\":\"https:\/\/crudo-leather.com\/product\/ricordi-customized-titanium-italian-leather-wrap-bracelet-palace-blue-rose-gold\/\",\"url\":\"https:\/\/crudo-leather.com\/product\/ricordi-customized-titanium-italian-leather-wrap-bracelet-palace-blue-rose-gold\/\",\"name\":\"Ricordi Customized Titanium Italian Leather Wrap Bracelet - Palace Blue Rose Gold\",\"isPartOf\":{\"@id\":\"https:\/\/crudo-leather.com\/#website\"},\"primaryImageOfPage\":{\"@id\":\"https:\/\/crudo-leather.com\/product\/ricordi-customized-titanium-italian-leather-wrap-bracelet-palace-blue-rose-gold\/#primaryimage\"},\"image\":{\"@id\":\"https:\/\/crudo-leather.com\/product\/ricordi-customized-titanium-italian-leather-wrap-bracelet-palace-blue-rose-gold\/#primaryimage\"},\"thumbnailUrl\":\"https:\/\/crudo-leather.com\/wp-content\/uploads\/2024\/08\/brt01_copy_10-06-2.jpg\",\"datePublished\":\"2024-09-27T07:03:12+00:00\",\"dateModified\":\"2025-11-19T01:58:23+00:00\",\"description\":\"Discover Ricordi customized titanium Italian leather wrap bracelet. Palace blue with rose gold. A stylish and durable accessory. Free engraving available. Shop now!\",\"breadcrumb\":{\"@id\":\"https:\/\/crudo-leather.com\/product\/ricordi-customized-titanium-italian-leather-wrap-bracelet-palace-blue-rose-gold\/#breadcrumb\"},\"inLanguage\":\"en-US\",\"potentialAction\":[{\"@type\":\"ReadAction\",\"target\":[\"https:\/\/crudo-leather.com\/product\/ricordi-customized-titanium-italian-leather-wrap-bracelet-palace-blue-rose-gold\/\"]}]},{\"@type\":\"ImageObject\",\"inLanguage\":\"en-US\",\"@id\":\"https:\/\/crudo-leather.com\/product\/ricordi-customized-titanium-italian-leather-wrap-bracelet-palace-blue-rose-gold\/#primaryimage\",\"url\":\"https:\/\/crudo-leather.com\/wp-content\/uploads\/2024\/08\/brt01_copy_10-06-2.jpg\",\"contentUrl\":\"https:\/\/crudo-leather.com\/wp-content\/uploads\/2024\/08\/brt01_copy_10-06-2.jpg\",\"width\":640,\"height\":640},{\"@type\":\"BreadcrumbList\",\"@id\":\"https:\/\/crudo-leather.com\/product\/ricordi-customized-titanium-italian-leather-wrap-bracelet-palace-blue-rose-gold\/#breadcrumb\",\"itemListElement\":[{\"@type\":\"ListItem\",\"position\":1,\"name\":\"Shop\",\"item\":\"https:\/\/crudo-leather.com\/shop\/\"},{\"@type\":\"ListItem\",\"position\":2,\"name\":\"Ricordi Customized Titanium Italian Leather Wrap Bracelet\"}]},{\"@type\":\"WebSite\",\"@id\":\"https:\/\/crudo-leather.com\/#website\",\"url\":\"https:\/\/crudo-leather.com\/\",\"name\":\"Crudo\",\"description\":\"\",\"potentialAction\":[{\"@type\":\"SearchAction\",\"target\":{\"@type\":\"EntryPoint\",\"urlTemplate\":\"https:\/\/crudo-leather.com\/?s={search_term_string}\"},\"query-input\":{\"@type\":\"PropertyValueSpecification\",\"valueRequired\":true,\"valueName\":\"search_term_string\"}}],\"inLanguage\":\"en-US\"}]}<\/script>\n<!-- \/ Yoast SEO plugin. -->","yoast_head_json":{"title":"Ricordi Titanium geflochtenes Lederarmband Marineblau Ros\u00e9gold Edition","description":"Crudo Ricordi personalisiertes Titan-Italienisches Lederarmband, Marineblau Ros\u00e9gold Edition. Luftfahrtqualit\u00e4t Titan und italienisches Rindsleder, leicht und langlebig, geeignet f\u00fcr empfindliche Haut.","robots":{"index":"index","follow":"follow","max-snippet":"max-snippet:-1","max-image-preview":"max-image-preview:large","max-video-preview":"max-video-preview:-1"},"canonical":"https:\/\/crudo-leather.com\/de\/product\/ricordi-customized-titanium-italian-leather-wrap-bracelet-palace-blue-rose-gold\/","og_locale":"en_US","og_type":"article","og_title":"Ricordi Titanium geflochtenes Lederarmband Marineblau Ros\u00e9gold Edition","og_description":"Crudo Ricordi personalisiertes Titan-Italienisches Lederarmband, Marineblau Ros\u00e9gold Edition. Luftfahrtqualit\u00e4t Titan und italienisches Rindsleder, leicht und langlebig, geeignet f\u00fcr empfindliche Haut.","og_url":"https:\/\/crudo-leather.com\/product\/ricordi-customized-titanium-italian-leather-wrap-bracelet-palace-blue-rose-gold\/","og_site_name":"Crudo","article_modified_time":"2025-11-19T01:58:23+00:00","og_image":[{"width":640,"height":640,"url":"https:\/\/crudo-leather.com\/wp-content\/uploads\/2024\/08\/brt01_copy_10-06-2.jpg","type":"image\/jpeg"}],"twitter_card":"summary_large_image","twitter_misc":{"Est. reading time":"1 minute"},"schema":{"@context":"https:\/\/schema.org","@graph":[{"@type":"WebPage","@id":"https:\/\/crudo-leather.com\/product\/ricordi-customized-titanium-italian-leather-wrap-bracelet-palace-blue-rose-gold\/","url":"https:\/\/crudo-leather.com\/product\/ricordi-customized-titanium-italian-leather-wrap-bracelet-palace-blue-rose-gold\/","name":"Ricordi Customized Titanium Italian Leather Wrap Bracelet - Palace Blue Rose Gold","isPartOf":{"@id":"https:\/\/crudo-leather.com\/#website"},"primaryImageOfPage":{"@id":"https:\/\/crudo-leather.com\/product\/ricordi-customized-titanium-italian-leather-wrap-bracelet-palace-blue-rose-gold\/#primaryimage"},"image":{"@id":"https:\/\/crudo-leather.com\/product\/ricordi-customized-titanium-italian-leather-wrap-bracelet-palace-blue-rose-gold\/#primaryimage"},"thumbnailUrl":"https:\/\/crudo-leather.com\/wp-content\/uploads\/2024\/08\/brt01_copy_10-06-2.jpg","datePublished":"2024-09-27T07:03:12+00:00","dateModified":"2025-11-19T01:58:23+00:00","description":"Discover Ricordi customized titanium Italian leather wrap bracelet. Palace blue with rose gold. A stylish and durable accessory. Free engraving available. Shop now!","breadcrumb":{"@id":"https:\/\/crudo-leather.com\/product\/ricordi-customized-titanium-italian-leather-wrap-bracelet-palace-blue-rose-gold\/#breadcrumb"},"inLanguage":"en-US","potentialAction":[{"@type":"ReadAction","target":["https:\/\/crudo-leather.com\/product\/ricordi-customized-titanium-italian-leather-wrap-bracelet-palace-blue-rose-gold\/"]}]},{"@type":"ImageObject","inLanguage":"en-US","@id":"https:\/\/crudo-leather.com\/product\/ricordi-customized-titanium-italian-leather-wrap-bracelet-palace-blue-rose-gold\/#primaryimage","url":"https:\/\/crudo-leather.com\/wp-content\/uploads\/2024\/08\/brt01_copy_10-06-2.jpg","contentUrl":"https:\/\/crudo-leather.com\/wp-content\/uploads\/2024\/08\/brt01_copy_10-06-2.jpg","width":640,"height":640},{"@type":"BreadcrumbList","@id":"https:\/\/crudo-leather.com\/product\/ricordi-customized-titanium-italian-leather-wrap-bracelet-palace-blue-rose-gold\/#breadcrumb","itemListElement":[{"@type":"ListItem","position":1,"name":"Shop","item":"https:\/\/crudo-leather.com\/shop\/"},{"@type":"ListItem","position":2,"name":"Ricordi Customized Titanium Italian Leather Wrap Bracelet"}]},{"@type":"WebSite","@id":"https:\/\/crudo-leather.com\/#website","url":"https:\/\/crudo-leather.com\/","name":"Crudo","description":"","potentialAction":[{"@type":"SearchAction","target":{"@type":"EntryPoint","urlTemplate":"https:\/\/crudo-leather.com\/?s={search_term_string}"},"query-input":{"@type":"PropertyValueSpecification","valueRequired":true,"valueName":"search_term_string"}}],"inLanguage":"en-US"}]}},"_links":{"self":[{"href":"https:\/\/crudo-leather.com\/de\/wp-json\/wp\/v2\/product\/291201"}],"collection":[{"href":"https:\/\/crudo-leather.com\/de\/wp-json\/wp\/v2\/product"}],"about":[{"href":"https:\/\/crudo-leather.com\/de\/wp-json\/wp\/v2\/types\/product"}],"replies":[{"embeddable":true,"href":"https:\/\/crudo-leather.com\/de\/wp-json\/wp\/v2\/comments?post=291201"}],"wp:featuredmedia":[{"embeddable":true,"href":"https:\/\/crudo-leather.com\/de\/wp-json\/wp\/v2\/media\/3951"}],"wp:attachment":[{"href":"https:\/\/crudo-leather.com\/de\/wp-json\/wp\/v2\/media?parent=291201"}],"wp:term":[{"taxonomy":"collection","embeddable":true,"href":"https:\/\/crudo-leather.com\/de\/wp-json\/wp\/v2\/collection?post=291201"},{"taxonomy":"trending_cat","embeddable":true,"href":"https:\/\/crudo-leather.com\/de\/wp-json\/wp\/v2\/trending_cat?post=291201"},{"taxonomy":"product_cat","embeddable":true,"href":"https:\/\/crudo-leather.com\/de\/wp-json\/wp\/v2\/product_cat?post=291201"},{"taxonomy":"product_tag","embeddable":true,"href":"https:\/\/crudo-leather.com\/de\/wp-json\/wp\/v2\/product_tag?post=291201"}],"curies":[{"name":"wp","href":"https:\/\/api.w.org\/{rel}","templated":true}]}}