{"id":291231,"date":"2024-09-27T15:36:11","date_gmt":"2024-09-27T07:36:11","guid":{"rendered":"https:\/\/crudo-leather.com\/?post_type=product&#038;p=291231"},"modified":"2025-08-05T17:46:36","modified_gmt":"2025-08-05T09:46:36","slug":"ricordi-customized-titanium-italian-leather-wrap-gemstone-bracelet-blossom-pink-rose-quartz","status":"publish","type":"product","link":"https:\/\/crudo-leather.com\/de\/product\/ricordi-customized-titanium-italian-leather-wrap-gemstone-bracelet-blossom-pink-rose-quartz\/","title":{"rendered":"Ricordi personalisiertes Titan-Italienisches geflochtenes Leder-Edelstein-Armband"},"content":{"rendered":"","protected":false},"excerpt":{"rendered":"<strong>Rosenquarz \u2013 Unendliche Liebe von einem geliebten Menschen<\/strong>\n\nDie rosa Farbe des Rosenquarzes ist die Farbe der Ehe und die Liebesfarbe des Liebesgottes, daher wird Rosenquarz auch als \"Liebesstein\" bezeichnet und ist der s\u00fc\u00dfeste Ausdruck eurer Liebe. Der heilende Rosenquarz, der Liebe und Gl\u00fcck symbolisiert, hat eine hohe Transparenz und ein sanftes Lichtgef\u00fchl, das unter Sonneneinstrahlung einen gl\u00e4nzenden Schimmer zeigt und \u00e4u\u00dferst auff\u00e4llig ist.\n\n<strong>Klicken<\/strong><strong> Sie auf <\/strong><strong>\"<\/strong><strong>In den Warenkorb legen und gestalten<\/strong><strong>\"<\/strong><strong>, um Ihren Gravurinhalt zu gestalten<\/strong>\n\n- M\u00f6chten Sie dem Armband eine pers\u00f6nliche Note verleihen? Kombinieren Sie frei Anh\u00e4nger mit dem Armband, um Ihre pers\u00f6nliche Geschichte zu erz\u00e4hlen\n- Hergestellt aus 100 % italienischem Flechtleder erster Wahl\n- Rosenquarz ist in die Titanoberfl\u00e4che eingelassen und zeigt unter Lichtbrechung nat\u00fcrliche Texturen, die Ihnen Kraft und Schutz geben\n- Handwerker verwenden raffinierte Edelsteinschneidetechniken, um wertvolle Steine in einem bezaubernden, funkelnden Glanz erstrahlen zu lassen\n- Jeder Edelstein wird nat\u00fcrlich abgebaut und hat eine einzigartige, nat\u00fcrliche Textur, die unersetzlich ist\n- Verblasst und oxidiert nicht leicht, bleibt dauerhaft erhalten\n- Verwendet Weltraummetall Titan\n- Titan ist extrem leicht und h\u00e4rter als Edelstahl\n- Geeignet f\u00fcr Menschen mit empfindlicher Haut\n- Magnetverschluss-Design\n- Exklusive kleine achteckige Metallschliff\n- Mehrere Schriftarten und Gravurvorschl\u00e4ge zur Auswahl\n- Kostenloses Upgrade zum edlen Geschenkset (inklusive Geschenkkarte und Produktgarantie)\n- Hinweis: Das Armband ist nicht f\u00fcr Kinder unter 3 Jahren geeignet\n\n<strong>Herstellungszeit und Versanddetails<\/strong>\n- Jedes Produkt ben\u00f6tigt nur 1-5 Werktage zur Herstellung\n- Bei Bestellung heute kann es bereits morgen versendet werden\n- Weltweiter Versand","protected":false},"featured_media":7389,"comment_status":"open","ping_status":"closed","template":"","meta":{"inline_featured_image":false},"collection":[2268],"trending_cat":[2394],"product_cat":[15],"product_tag":[],"class_list":{"0":"post-291231","1":"product","2":"type-product","3":"status-publish","4":"has-post-thumbnail","6":"trending_cat-prestige-collection-offers","7":"product_cat-uncategorized","9":"first","10":"instock","11":"sale","12":"shipping-taxable","13":"purchasable","14":"product-type-variable"},"yoast_head":"<!-- This site is optimized with the Yoast SEO plugin v23.4 - https:\/\/yoast.com\/wordpress\/plugins\/seo\/ -->\n<title>Ricordi Titanmetall geflochtenes Leder Edelsteinarmband Pfirsichbl\u00fctenrosa Rosenquarz<\/title>\n<meta name=\"description\" content=\"Crudo Ricordi personalisiertes Titan-Italienisches geflochtenes Leder Edelstein Armband, Pfirsichbl\u00fctenrosa Rosenquarz. Luftfahrtqualit\u00e4t Titan und nat\u00fcrliche Edelsteine bringen Liebe und Gl\u00fcck.\" \/>\n<meta name=\"robots\" content=\"index, follow, max-snippet:-1, max-image-preview:large, max-video-preview:-1\" \/>\n<link rel=\"canonical\" href=\"https:\/\/crudo-leather.com\/de\/product\/ricordi-customized-titanium-italian-leather-wrap-gemstone-bracelet-blossom-pink-rose-quartz\/\" \/>\n<meta property=\"og:locale\" content=\"en_US\" \/>\n<meta property=\"og:type\" content=\"article\" \/>\n<meta property=\"og:title\" content=\"Ricordi Titanmetall geflochtenes Leder Edelsteinarmband Pfirsichbl\u00fctenrosa Rosenquarz\" \/>\n<meta property=\"og:description\" content=\"Crudo Ricordi personalisiertes Titan-Italienisches geflochtenes Leder Edelstein Armband, Pfirsichbl\u00fctenrosa Rosenquarz. Luftfahrtqualit\u00e4t Titan und nat\u00fcrliche Edelsteine bringen Liebe und Gl\u00fcck.\" \/>\n<meta property=\"og:url\" content=\"https:\/\/crudo-leather.com\/product\/ricordi-customized-titanium-italian-leather-wrap-gemstone-bracelet-blossom-pink-rose-quartz\/\" \/>\n<meta property=\"og:site_name\" content=\"Crudo\" \/>\n<meta property=\"article:modified_time\" content=\"2025-08-05T09:46:36+00:00\" \/>\n<meta property=\"og:image\" content=\"https:\/\/crudo-leather.com\/wp-content\/uploads\/2024\/08\/brtste_wbg_rqpk_a.jpg\" \/>\n\t<meta property=\"og:image:width\" content=\"640\" \/>\n\t<meta property=\"og:image:height\" content=\"640\" \/>\n\t<meta property=\"og:image:type\" content=\"image\/jpeg\" \/>\n<meta name=\"twitter:card\" content=\"summary_large_image\" \/>\n<meta name=\"twitter:label1\" content=\"Est. reading time\" \/>\n\t<meta name=\"twitter:data1\" content=\"1 minute\" \/>\n<script type=\"application\/ld+json\" class=\"yoast-schema-graph\">{\"@context\":\"https:\/\/schema.org\",\"@graph\":[{\"@type\":\"WebPage\",\"@id\":\"https:\/\/crudo-leather.com\/product\/ricordi-customized-titanium-italian-leather-wrap-gemstone-bracelet-blossom-pink-rose-quartz\/\",\"url\":\"https:\/\/crudo-leather.com\/product\/ricordi-customized-titanium-italian-leather-wrap-gemstone-bracelet-blossom-pink-rose-quartz\/\",\"name\":\"Ricordi Titanium Leather Wrap Rose Quartz Bracelet\",\"isPartOf\":{\"@id\":\"https:\/\/crudo-leather.com\/#website\"},\"primaryImageOfPage\":{\"@id\":\"https:\/\/crudo-leather.com\/product\/ricordi-customized-titanium-italian-leather-wrap-gemstone-bracelet-blossom-pink-rose-quartz\/#primaryimage\"},\"image\":{\"@id\":\"https:\/\/crudo-leather.com\/product\/ricordi-customized-titanium-italian-leather-wrap-gemstone-bracelet-blossom-pink-rose-quartz\/#primaryimage\"},\"thumbnailUrl\":\"https:\/\/crudo-leather.com\/wp-content\/uploads\/2024\/08\/brtste_wbg_rqpk_a.jpg\",\"datePublished\":\"2024-09-27T07:36:11+00:00\",\"dateModified\":\"2025-08-05T09:46:36+00:00\",\"description\":\"Embrace gentle charm with the Ricordi Customized Titanium Italian Leather Wrap Gemstone Bracelet in Blossom Pink Rose Quartz.\",\"breadcrumb\":{\"@id\":\"https:\/\/crudo-leather.com\/product\/ricordi-customized-titanium-italian-leather-wrap-gemstone-bracelet-blossom-pink-rose-quartz\/#breadcrumb\"},\"inLanguage\":\"en-US\",\"potentialAction\":[{\"@type\":\"ReadAction\",\"target\":[\"https:\/\/crudo-leather.com\/product\/ricordi-customized-titanium-italian-leather-wrap-gemstone-bracelet-blossom-pink-rose-quartz\/\"]}]},{\"@type\":\"ImageObject\",\"inLanguage\":\"en-US\",\"@id\":\"https:\/\/crudo-leather.com\/product\/ricordi-customized-titanium-italian-leather-wrap-gemstone-bracelet-blossom-pink-rose-quartz\/#primaryimage\",\"url\":\"https:\/\/crudo-leather.com\/wp-content\/uploads\/2024\/08\/brtste_wbg_rqpk_a.jpg\",\"contentUrl\":\"https:\/\/crudo-leather.com\/wp-content\/uploads\/2024\/08\/brtste_wbg_rqpk_a.jpg\",\"width\":640,\"height\":640},{\"@type\":\"BreadcrumbList\",\"@id\":\"https:\/\/crudo-leather.com\/product\/ricordi-customized-titanium-italian-leather-wrap-gemstone-bracelet-blossom-pink-rose-quartz\/#breadcrumb\",\"itemListElement\":[{\"@type\":\"ListItem\",\"position\":1,\"name\":\"Shop\",\"item\":\"https:\/\/crudo-leather.com\/shop\/\"},{\"@type\":\"ListItem\",\"position\":2,\"name\":\"Ricordi Customized Titanium Italian Leather Wrap Gemstone Bracelet\"}]},{\"@type\":\"WebSite\",\"@id\":\"https:\/\/crudo-leather.com\/#website\",\"url\":\"https:\/\/crudo-leather.com\/\",\"name\":\"Crudo\",\"description\":\"\",\"potentialAction\":[{\"@type\":\"SearchAction\",\"target\":{\"@type\":\"EntryPoint\",\"urlTemplate\":\"https:\/\/crudo-leather.com\/?s={search_term_string}\"},\"query-input\":{\"@type\":\"PropertyValueSpecification\",\"valueRequired\":true,\"valueName\":\"search_term_string\"}}],\"inLanguage\":\"en-US\"}]}<\/script>\n<!-- \/ Yoast SEO plugin. -->","yoast_head_json":{"title":"Ricordi Titanmetall geflochtenes Leder Edelsteinarmband Pfirsichbl\u00fctenrosa Rosenquarz","description":"Crudo Ricordi personalisiertes Titan-Italienisches geflochtenes Leder Edelstein Armband, Pfirsichbl\u00fctenrosa Rosenquarz. Luftfahrtqualit\u00e4t Titan und nat\u00fcrliche Edelsteine bringen Liebe und Gl\u00fcck.","robots":{"index":"index","follow":"follow","max-snippet":"max-snippet:-1","max-image-preview":"max-image-preview:large","max-video-preview":"max-video-preview:-1"},"canonical":"https:\/\/crudo-leather.com\/de\/product\/ricordi-customized-titanium-italian-leather-wrap-gemstone-bracelet-blossom-pink-rose-quartz\/","og_locale":"en_US","og_type":"article","og_title":"Ricordi Titanmetall geflochtenes Leder Edelsteinarmband Pfirsichbl\u00fctenrosa Rosenquarz","og_description":"Crudo Ricordi personalisiertes Titan-Italienisches geflochtenes Leder Edelstein Armband, Pfirsichbl\u00fctenrosa Rosenquarz. Luftfahrtqualit\u00e4t Titan und nat\u00fcrliche Edelsteine bringen Liebe und Gl\u00fcck.","og_url":"https:\/\/crudo-leather.com\/product\/ricordi-customized-titanium-italian-leather-wrap-gemstone-bracelet-blossom-pink-rose-quartz\/","og_site_name":"Crudo","article_modified_time":"2025-08-05T09:46:36+00:00","og_image":[{"width":640,"height":640,"url":"https:\/\/crudo-leather.com\/wp-content\/uploads\/2024\/08\/brtste_wbg_rqpk_a.jpg","type":"image\/jpeg"}],"twitter_card":"summary_large_image","twitter_misc":{"Est. reading time":"1 minute"},"schema":{"@context":"https:\/\/schema.org","@graph":[{"@type":"WebPage","@id":"https:\/\/crudo-leather.com\/product\/ricordi-customized-titanium-italian-leather-wrap-gemstone-bracelet-blossom-pink-rose-quartz\/","url":"https:\/\/crudo-leather.com\/product\/ricordi-customized-titanium-italian-leather-wrap-gemstone-bracelet-blossom-pink-rose-quartz\/","name":"Ricordi Titanium Leather Wrap Rose Quartz Bracelet","isPartOf":{"@id":"https:\/\/crudo-leather.com\/#website"},"primaryImageOfPage":{"@id":"https:\/\/crudo-leather.com\/product\/ricordi-customized-titanium-italian-leather-wrap-gemstone-bracelet-blossom-pink-rose-quartz\/#primaryimage"},"image":{"@id":"https:\/\/crudo-leather.com\/product\/ricordi-customized-titanium-italian-leather-wrap-gemstone-bracelet-blossom-pink-rose-quartz\/#primaryimage"},"thumbnailUrl":"https:\/\/crudo-leather.com\/wp-content\/uploads\/2024\/08\/brtste_wbg_rqpk_a.jpg","datePublished":"2024-09-27T07:36:11+00:00","dateModified":"2025-08-05T09:46:36+00:00","description":"Embrace gentle charm with the Ricordi Customized Titanium Italian Leather Wrap Gemstone Bracelet in Blossom Pink Rose Quartz.","breadcrumb":{"@id":"https:\/\/crudo-leather.com\/product\/ricordi-customized-titanium-italian-leather-wrap-gemstone-bracelet-blossom-pink-rose-quartz\/#breadcrumb"},"inLanguage":"en-US","potentialAction":[{"@type":"ReadAction","target":["https:\/\/crudo-leather.com\/product\/ricordi-customized-titanium-italian-leather-wrap-gemstone-bracelet-blossom-pink-rose-quartz\/"]}]},{"@type":"ImageObject","inLanguage":"en-US","@id":"https:\/\/crudo-leather.com\/product\/ricordi-customized-titanium-italian-leather-wrap-gemstone-bracelet-blossom-pink-rose-quartz\/#primaryimage","url":"https:\/\/crudo-leather.com\/wp-content\/uploads\/2024\/08\/brtste_wbg_rqpk_a.jpg","contentUrl":"https:\/\/crudo-leather.com\/wp-content\/uploads\/2024\/08\/brtste_wbg_rqpk_a.jpg","width":640,"height":640},{"@type":"BreadcrumbList","@id":"https:\/\/crudo-leather.com\/product\/ricordi-customized-titanium-italian-leather-wrap-gemstone-bracelet-blossom-pink-rose-quartz\/#breadcrumb","itemListElement":[{"@type":"ListItem","position":1,"name":"Shop","item":"https:\/\/crudo-leather.com\/shop\/"},{"@type":"ListItem","position":2,"name":"Ricordi Customized Titanium Italian Leather Wrap Gemstone Bracelet"}]},{"@type":"WebSite","@id":"https:\/\/crudo-leather.com\/#website","url":"https:\/\/crudo-leather.com\/","name":"Crudo","description":"","potentialAction":[{"@type":"SearchAction","target":{"@type":"EntryPoint","urlTemplate":"https:\/\/crudo-leather.com\/?s={search_term_string}"},"query-input":{"@type":"PropertyValueSpecification","valueRequired":true,"valueName":"search_term_string"}}],"inLanguage":"en-US"}]}},"_links":{"self":[{"href":"https:\/\/crudo-leather.com\/de\/wp-json\/wp\/v2\/product\/291231"}],"collection":[{"href":"https:\/\/crudo-leather.com\/de\/wp-json\/wp\/v2\/product"}],"about":[{"href":"https:\/\/crudo-leather.com\/de\/wp-json\/wp\/v2\/types\/product"}],"replies":[{"embeddable":true,"href":"https:\/\/crudo-leather.com\/de\/wp-json\/wp\/v2\/comments?post=291231"}],"wp:featuredmedia":[{"embeddable":true,"href":"https:\/\/crudo-leather.com\/de\/wp-json\/wp\/v2\/media\/7389"}],"wp:attachment":[{"href":"https:\/\/crudo-leather.com\/de\/wp-json\/wp\/v2\/media?parent=291231"}],"wp:term":[{"taxonomy":"collection","embeddable":true,"href":"https:\/\/crudo-leather.com\/de\/wp-json\/wp\/v2\/collection?post=291231"},{"taxonomy":"trending_cat","embeddable":true,"href":"https:\/\/crudo-leather.com\/de\/wp-json\/wp\/v2\/trending_cat?post=291231"},{"taxonomy":"product_cat","embeddable":true,"href":"https:\/\/crudo-leather.com\/de\/wp-json\/wp\/v2\/product_cat?post=291231"},{"taxonomy":"product_tag","embeddable":true,"href":"https:\/\/crudo-leather.com\/de\/wp-json\/wp\/v2\/product_tag?post=291231"}],"curies":[{"name":"wp","href":"https:\/\/api.w.org\/{rel}","templated":true}]}}