{"id":291237,"date":"2024-09-27T15:46:24","date_gmt":"2024-09-27T07:46:24","guid":{"rendered":"https:\/\/crudo-leather.com\/?post_type=product&#038;p=291237"},"modified":"2025-08-05T17:46:14","modified_gmt":"2025-08-05T09:46:14","slug":"ricordi-customized-titanium-italian-leather-wrap-gemstone-bracelet-lavender-purple-amethyst","status":"publish","type":"product","link":"https:\/\/crudo-leather.com\/de\/product\/ricordi-customized-titanium-italian-leather-wrap-gemstone-bracelet-lavender-purple-amethyst\/","title":{"rendered":"Ricordi personalisiertes Titan-Italienisches geflochtenes Leder-Edelstein-Armband"},"content":{"rendered":"","protected":false},"excerpt":{"rendered":"<strong>Amethyst \u2013 Heilt deinen K\u00f6rper, Geist und Seele zur Ruhe<\/strong>\n\nAls Gl\u00fccksstein f\u00fcr im Februar Geborene symbolisiert Amethyst G\u00fcte und Aufrichtigkeit. Das mysteri\u00f6se Magnetfeld des Edelsteins hat eine beruhigende und entspannende Wirkung, verleiht dir Inspiration und Weisheit. Der sch\u00f6ne violette Glanz, der sich durch Lichtbrechung aus verschiedenen Winkeln in einen geheimnisvollen und bezaubernden violetten Schimmer verwandelt.\n\n<strong>Klicke<\/strong><strong> auf <\/strong><strong>\"<\/strong><strong>In den Warenkorb legen und gestalten<\/strong><strong>\"<\/strong><strong>, um deine Gravur zu entwerfen<\/strong>\n\n- M\u00f6chtest du deinem Armband Individualit\u00e4t verleihen? Kombiniere frei Anh\u00e4nger mit deinem Armband und erz\u00e4hle deine pers\u00f6nliche Geschichte.\n- Hergestellt aus 100 % italienischem, geflochtenem Rindernarbenleder.\n- Amethyste sind in die Titanoberfl\u00e4che eingefasst und zeigen unter Lichtbrechung nat\u00fcrliche Texturen, die dir Kraft und Schutz geben.\n- Handwerker verwenden raffinierte Edelsteinschneidetechniken, um wertvolle Steine in bezauberndem Glanz erstrahlen zu lassen.\n- Jeder Edelstein wird nat\u00fcrlich abgebaut und hat eine einzigartige, nat\u00fcrliche Textur, die unersetzlich ist.\n- Verblasst und oxidiert nicht leicht, bleibt dauerhaft erhalten.\n- Verwendet Weltraummetall Titan.\n- Titanmetall ist extrem leicht und h\u00e4rter als Edelstahl.\n- Geeignet f\u00fcr Menschen mit empfindlicher Haut.\n- Mit Magnetverschluss-Design.\n- Exklusiver kleiner Achteck-Metallschnitt.\n- Verschiedene Schriftarten und Gravurvorschl\u00e4ge zur Auswahl.\n- Kostenloses Upgrade zum eleganten Geschenkset (inklusive Geschenkkarte und Produktgarantie).\n- Hinweis: Armband ist nicht f\u00fcr Kinder unter 3 Jahren geeignet.\n\n<strong>Herstellungszeit und Versanddetails<\/strong>\n\n- Jedes Produkt ben\u00f6tigt nur 1-5 Werktage zur Fertigstellung.\n- Bei Bestellung heute kann es bereits morgen versendet werden.\n- Weltweiter Versand.","protected":false},"featured_media":7398,"comment_status":"open","ping_status":"closed","template":"","meta":{"inline_featured_image":false},"collection":[2268],"trending_cat":[2394],"product_cat":[15],"product_tag":[],"class_list":{"0":"post-291237","1":"product","2":"type-product","3":"status-publish","4":"has-post-thumbnail","6":"trending_cat-prestige-collection-offers","7":"product_cat-uncategorized","9":"first","10":"instock","11":"sale","12":"shipping-taxable","13":"purchasable","14":"product-type-variable"},"yoast_head":"<!-- This site is optimized with the Yoast SEO plugin v23.4 - https:\/\/yoast.com\/wordpress\/plugins\/seo\/ -->\n<title>Ricordi Titanmetall geflochtenes Leder Edelsteinarmband Lavendelviolett Amethyst<\/title>\n<meta name=\"description\" content=\"Crudo Ricordi personalisiertes Titan-Italienisches geflochtenes Leder-Edelstein-Armband, Lavendelviolett Amethyst. Luftfahrtqualit\u00e4t Titan und nat\u00fcrliche Edelsteine, bringen Ruhe und Weisheit.\" \/>\n<meta name=\"robots\" content=\"index, follow, max-snippet:-1, max-image-preview:large, max-video-preview:-1\" \/>\n<link rel=\"canonical\" href=\"https:\/\/crudo-leather.com\/de\/product\/ricordi-customized-titanium-italian-leather-wrap-gemstone-bracelet-lavender-purple-amethyst\/\" \/>\n<meta property=\"og:locale\" content=\"en_US\" \/>\n<meta property=\"og:type\" content=\"article\" \/>\n<meta property=\"og:title\" content=\"Ricordi Titanmetall geflochtenes Leder Edelsteinarmband Lavendelviolett Amethyst\" \/>\n<meta property=\"og:description\" content=\"Crudo Ricordi personalisiertes Titan-Italienisches geflochtenes Leder-Edelstein-Armband, Lavendelviolett Amethyst. Luftfahrtqualit\u00e4t Titan und nat\u00fcrliche Edelsteine, bringen Ruhe und Weisheit.\" \/>\n<meta property=\"og:url\" content=\"https:\/\/crudo-leather.com\/product\/ricordi-customized-titanium-italian-leather-wrap-gemstone-bracelet-lavender-purple-amethyst\/\" \/>\n<meta property=\"og:site_name\" content=\"Crudo\" \/>\n<meta property=\"article:modified_time\" content=\"2025-08-05T09:46:14+00:00\" \/>\n<meta property=\"og:image\" content=\"https:\/\/crudo-leather.com\/wp-content\/uploads\/2024\/08\/brtste_wbg_atpk_a.jpg\" \/>\n\t<meta property=\"og:image:width\" content=\"640\" \/>\n\t<meta property=\"og:image:height\" content=\"640\" \/>\n\t<meta property=\"og:image:type\" content=\"image\/jpeg\" \/>\n<meta name=\"twitter:card\" content=\"summary_large_image\" \/>\n<meta name=\"twitter:label1\" content=\"Est. reading time\" \/>\n\t<meta name=\"twitter:data1\" content=\"1 minute\" \/>\n<script type=\"application\/ld+json\" class=\"yoast-schema-graph\">{\"@context\":\"https:\/\/schema.org\",\"@graph\":[{\"@type\":\"WebPage\",\"@id\":\"https:\/\/crudo-leather.com\/product\/ricordi-customized-titanium-italian-leather-wrap-gemstone-bracelet-lavender-purple-amethyst\/\",\"url\":\"https:\/\/crudo-leather.com\/product\/ricordi-customized-titanium-italian-leather-wrap-gemstone-bracelet-lavender-purple-amethyst\/\",\"name\":\"Ricordi Titanium Leather Wrap Amethyst Bracelet\",\"isPartOf\":{\"@id\":\"https:\/\/crudo-leather.com\/#website\"},\"primaryImageOfPage\":{\"@id\":\"https:\/\/crudo-leather.com\/product\/ricordi-customized-titanium-italian-leather-wrap-gemstone-bracelet-lavender-purple-amethyst\/#primaryimage\"},\"image\":{\"@id\":\"https:\/\/crudo-leather.com\/product\/ricordi-customized-titanium-italian-leather-wrap-gemstone-bracelet-lavender-purple-amethyst\/#primaryimage\"},\"thumbnailUrl\":\"https:\/\/crudo-leather.com\/wp-content\/uploads\/2024\/08\/brtste_wbg_atpk_a.jpg\",\"datePublished\":\"2024-09-27T07:46:24+00:00\",\"dateModified\":\"2025-08-05T09:46:14+00:00\",\"description\":\"Discover serene elegance with the Ricordi Customized Titanium Italian Leather Wrap Gemstone Bracelet in Lavender Purple Amethyst.\",\"breadcrumb\":{\"@id\":\"https:\/\/crudo-leather.com\/product\/ricordi-customized-titanium-italian-leather-wrap-gemstone-bracelet-lavender-purple-amethyst\/#breadcrumb\"},\"inLanguage\":\"en-US\",\"potentialAction\":[{\"@type\":\"ReadAction\",\"target\":[\"https:\/\/crudo-leather.com\/product\/ricordi-customized-titanium-italian-leather-wrap-gemstone-bracelet-lavender-purple-amethyst\/\"]}]},{\"@type\":\"ImageObject\",\"inLanguage\":\"en-US\",\"@id\":\"https:\/\/crudo-leather.com\/product\/ricordi-customized-titanium-italian-leather-wrap-gemstone-bracelet-lavender-purple-amethyst\/#primaryimage\",\"url\":\"https:\/\/crudo-leather.com\/wp-content\/uploads\/2024\/08\/brtste_wbg_atpk_a.jpg\",\"contentUrl\":\"https:\/\/crudo-leather.com\/wp-content\/uploads\/2024\/08\/brtste_wbg_atpk_a.jpg\",\"width\":640,\"height\":640},{\"@type\":\"BreadcrumbList\",\"@id\":\"https:\/\/crudo-leather.com\/product\/ricordi-customized-titanium-italian-leather-wrap-gemstone-bracelet-lavender-purple-amethyst\/#breadcrumb\",\"itemListElement\":[{\"@type\":\"ListItem\",\"position\":1,\"name\":\"Shop\",\"item\":\"https:\/\/crudo-leather.com\/shop\/\"},{\"@type\":\"ListItem\",\"position\":2,\"name\":\"Ricordi Customized Titanium Italian Leather Wrap Gemstone Bracelet\"}]},{\"@type\":\"WebSite\",\"@id\":\"https:\/\/crudo-leather.com\/#website\",\"url\":\"https:\/\/crudo-leather.com\/\",\"name\":\"Crudo\",\"description\":\"\",\"potentialAction\":[{\"@type\":\"SearchAction\",\"target\":{\"@type\":\"EntryPoint\",\"urlTemplate\":\"https:\/\/crudo-leather.com\/?s={search_term_string}\"},\"query-input\":{\"@type\":\"PropertyValueSpecification\",\"valueRequired\":true,\"valueName\":\"search_term_string\"}}],\"inLanguage\":\"en-US\"}]}<\/script>\n<!-- \/ Yoast SEO plugin. -->","yoast_head_json":{"title":"Ricordi Titanmetall geflochtenes Leder Edelsteinarmband Lavendelviolett Amethyst","description":"Crudo Ricordi personalisiertes Titan-Italienisches geflochtenes Leder-Edelstein-Armband, Lavendelviolett Amethyst. Luftfahrtqualit\u00e4t Titan und nat\u00fcrliche Edelsteine, bringen Ruhe und Weisheit.","robots":{"index":"index","follow":"follow","max-snippet":"max-snippet:-1","max-image-preview":"max-image-preview:large","max-video-preview":"max-video-preview:-1"},"canonical":"https:\/\/crudo-leather.com\/de\/product\/ricordi-customized-titanium-italian-leather-wrap-gemstone-bracelet-lavender-purple-amethyst\/","og_locale":"en_US","og_type":"article","og_title":"Ricordi Titanmetall geflochtenes Leder Edelsteinarmband Lavendelviolett Amethyst","og_description":"Crudo Ricordi personalisiertes Titan-Italienisches geflochtenes Leder-Edelstein-Armband, Lavendelviolett Amethyst. Luftfahrtqualit\u00e4t Titan und nat\u00fcrliche Edelsteine, bringen Ruhe und Weisheit.","og_url":"https:\/\/crudo-leather.com\/product\/ricordi-customized-titanium-italian-leather-wrap-gemstone-bracelet-lavender-purple-amethyst\/","og_site_name":"Crudo","article_modified_time":"2025-08-05T09:46:14+00:00","og_image":[{"width":640,"height":640,"url":"https:\/\/crudo-leather.com\/wp-content\/uploads\/2024\/08\/brtste_wbg_atpk_a.jpg","type":"image\/jpeg"}],"twitter_card":"summary_large_image","twitter_misc":{"Est. reading time":"1 minute"},"schema":{"@context":"https:\/\/schema.org","@graph":[{"@type":"WebPage","@id":"https:\/\/crudo-leather.com\/product\/ricordi-customized-titanium-italian-leather-wrap-gemstone-bracelet-lavender-purple-amethyst\/","url":"https:\/\/crudo-leather.com\/product\/ricordi-customized-titanium-italian-leather-wrap-gemstone-bracelet-lavender-purple-amethyst\/","name":"Ricordi Titanium Leather Wrap Amethyst Bracelet","isPartOf":{"@id":"https:\/\/crudo-leather.com\/#website"},"primaryImageOfPage":{"@id":"https:\/\/crudo-leather.com\/product\/ricordi-customized-titanium-italian-leather-wrap-gemstone-bracelet-lavender-purple-amethyst\/#primaryimage"},"image":{"@id":"https:\/\/crudo-leather.com\/product\/ricordi-customized-titanium-italian-leather-wrap-gemstone-bracelet-lavender-purple-amethyst\/#primaryimage"},"thumbnailUrl":"https:\/\/crudo-leather.com\/wp-content\/uploads\/2024\/08\/brtste_wbg_atpk_a.jpg","datePublished":"2024-09-27T07:46:24+00:00","dateModified":"2025-08-05T09:46:14+00:00","description":"Discover serene elegance with the Ricordi Customized Titanium Italian Leather Wrap Gemstone Bracelet in Lavender Purple Amethyst.","breadcrumb":{"@id":"https:\/\/crudo-leather.com\/product\/ricordi-customized-titanium-italian-leather-wrap-gemstone-bracelet-lavender-purple-amethyst\/#breadcrumb"},"inLanguage":"en-US","potentialAction":[{"@type":"ReadAction","target":["https:\/\/crudo-leather.com\/product\/ricordi-customized-titanium-italian-leather-wrap-gemstone-bracelet-lavender-purple-amethyst\/"]}]},{"@type":"ImageObject","inLanguage":"en-US","@id":"https:\/\/crudo-leather.com\/product\/ricordi-customized-titanium-italian-leather-wrap-gemstone-bracelet-lavender-purple-amethyst\/#primaryimage","url":"https:\/\/crudo-leather.com\/wp-content\/uploads\/2024\/08\/brtste_wbg_atpk_a.jpg","contentUrl":"https:\/\/crudo-leather.com\/wp-content\/uploads\/2024\/08\/brtste_wbg_atpk_a.jpg","width":640,"height":640},{"@type":"BreadcrumbList","@id":"https:\/\/crudo-leather.com\/product\/ricordi-customized-titanium-italian-leather-wrap-gemstone-bracelet-lavender-purple-amethyst\/#breadcrumb","itemListElement":[{"@type":"ListItem","position":1,"name":"Shop","item":"https:\/\/crudo-leather.com\/shop\/"},{"@type":"ListItem","position":2,"name":"Ricordi Customized Titanium Italian Leather Wrap Gemstone Bracelet"}]},{"@type":"WebSite","@id":"https:\/\/crudo-leather.com\/#website","url":"https:\/\/crudo-leather.com\/","name":"Crudo","description":"","potentialAction":[{"@type":"SearchAction","target":{"@type":"EntryPoint","urlTemplate":"https:\/\/crudo-leather.com\/?s={search_term_string}"},"query-input":{"@type":"PropertyValueSpecification","valueRequired":true,"valueName":"search_term_string"}}],"inLanguage":"en-US"}]}},"_links":{"self":[{"href":"https:\/\/crudo-leather.com\/de\/wp-json\/wp\/v2\/product\/291237"}],"collection":[{"href":"https:\/\/crudo-leather.com\/de\/wp-json\/wp\/v2\/product"}],"about":[{"href":"https:\/\/crudo-leather.com\/de\/wp-json\/wp\/v2\/types\/product"}],"replies":[{"embeddable":true,"href":"https:\/\/crudo-leather.com\/de\/wp-json\/wp\/v2\/comments?post=291237"}],"wp:featuredmedia":[{"embeddable":true,"href":"https:\/\/crudo-leather.com\/de\/wp-json\/wp\/v2\/media\/7398"}],"wp:attachment":[{"href":"https:\/\/crudo-leather.com\/de\/wp-json\/wp\/v2\/media?parent=291237"}],"wp:term":[{"taxonomy":"collection","embeddable":true,"href":"https:\/\/crudo-leather.com\/de\/wp-json\/wp\/v2\/collection?post=291237"},{"taxonomy":"trending_cat","embeddable":true,"href":"https:\/\/crudo-leather.com\/de\/wp-json\/wp\/v2\/trending_cat?post=291237"},{"taxonomy":"product_cat","embeddable":true,"href":"https:\/\/crudo-leather.com\/de\/wp-json\/wp\/v2\/product_cat?post=291237"},{"taxonomy":"product_tag","embeddable":true,"href":"https:\/\/crudo-leather.com\/de\/wp-json\/wp\/v2\/product_tag?post=291237"}],"curies":[{"name":"wp","href":"https:\/\/api.w.org\/{rel}","templated":true}]}}