{"id":292322,"date":"2024-10-02T11:01:17","date_gmt":"2024-10-02T03:01:17","guid":{"rendered":"https:\/\/crudo-leather.com\/?post_type=product&#038;p=292322"},"modified":"2025-11-26T10:14:17","modified_gmt":"2025-11-26T02:14:17","slug":"ricordi-customized-titanium-leather-wrap-diamond-bracelet-palace-blue","status":"publish","type":"product","link":"https:\/\/crudo-leather.com\/de\/product\/ricordi-customized-titanium-leather-wrap-diamond-bracelet-palace-blue\/","title":{"rendered":"Ricordi personalisiertes Titan-Italienisch geflochtenes Leder Diamantarmband"},"content":{"rendered":"","protected":false},"excerpt":{"rendered":"Die Kombination aus Metall und italienischem Leder macht das elegante, schlichte und modische Ricordi Flechtlederarmband zu eurer ganz pers\u00f6nlichen Liebessprache. Das Leder ist nach spezieller Behandlung weich, bequem und langlebig; Der Titanstreifen auf dem Armband ist im kleinen Achteckschliff gestaltet und mit international zertifizierten Laborzucht-Diamanten besetzt. Diamanten symbolisieren ewige Liebe und verleihen dem Lederarmband zus\u00e4tzliche Bedeutung und edle Qualit\u00e4t; Durch Gravur wertvoller Erinnerungen und ewiger Versprechen auf der Metalloberfl\u00e4che ist das Ricordi Flechtlederarmband nicht nur ein modisches Accessoire, sondern auch ein dauerhaftes Andenken.\n\n<strong>Klicken<\/strong><strong>\"<\/strong><strong>In den Warenkorb legen und gestalten<\/strong><strong>\"<\/strong><strong>um deine Gravur zu gestalten<\/strong>\n\n- Verwendung von italienischem Flecht-Rindleder erster Wahl\n- Auf der Oberfl\u00e4che von Weltraummetall Titan sind international zertifizierte Laborzucht-Diamanten eingefasst, die ewige Liebe symbolisieren und dem Lederarmband zus\u00e4tzliche Bedeutung und edle Qualit\u00e4t verleihen\n- Laborgez\u00fcchtete Diamanten sind in physikalischer, chemischer und optischer Hinsicht identisch mit abgebauten Diamanten und ebenso das h\u00e4rteste Edelstein\n- Titanmetall ist extrem leicht und h\u00e4rter als Edelstahl\n- Vierfache Korrosionsgravur verleiht dem kleinen Achteckmetall mehr Textur\n- Magnetverschluss-Design\n- Geeignet f\u00fcr Menschen mit empfindlicher Haut\n- Kostenloses Upgrade zum edlen Geschenkset (inklusive Geschenkkarte und Produktgarantie)\n- Hinweis: Das Armband ist nicht f\u00fcr Kinder unter 3 Jahren geeignet\n\n<strong>Herstellungszeit und Versanddetails<\/strong>\n- Jedes Produkt ben\u00f6tigt nur 1-5 Werktage zur Fertigstellung\n- Bei Bestellung heute kann es bereits morgen versendet werden\n- Weltweiter Versand","protected":false},"featured_media":292328,"comment_status":"open","ping_status":"closed","template":"","meta":{"inline_featured_image":false},"collection":[2268],"trending_cat":[2390],"product_cat":[77],"product_tag":[],"class_list":{"0":"post-292322","1":"product","2":"type-product","3":"status-publish","4":"has-post-thumbnail","6":"trending_cat-ricordi-leather-bracelet","7":"product_cat-leather-bracelet","9":"first","10":"instock","11":"sale","12":"shipping-taxable","13":"purchasable","14":"product-type-variable"},"yoast_head":"<!-- This site is optimized with the Yoast SEO plugin v23.4 - https:\/\/yoast.com\/wordpress\/plugins\/seo\/ -->\n<title>Ricordi Titanmetall geflochtenes Leder Diamantarmband Marineblau Diamantversion<\/title>\n<meta name=\"description\" content=\"Crudo Ricordi personalisiertes Titan-Italienisches geflochtenes Leder Diamantarmband, Marineblau Diamantversion. Luftfahrtqualit\u00e4t Titan und Laborzucht-Diamanten, symbolisieren ewige Liebe.\" \/>\n<meta name=\"robots\" content=\"index, follow, max-snippet:-1, max-image-preview:large, max-video-preview:-1\" \/>\n<link rel=\"canonical\" href=\"https:\/\/crudo-leather.com\/de\/product\/ricordi-customized-titanium-leather-wrap-diamond-bracelet-palace-blue\/\" \/>\n<meta property=\"og:locale\" content=\"en_US\" \/>\n<meta property=\"og:type\" content=\"article\" \/>\n<meta property=\"og:title\" content=\"Ricordi Titanmetall geflochtenes Leder Diamantarmband Marineblau Diamantversion\" \/>\n<meta property=\"og:description\" content=\"Crudo Ricordi personalisiertes Titan-Italienisches geflochtenes Leder Diamantarmband, Marineblau Diamantversion. Luftfahrtqualit\u00e4t Titan und Laborzucht-Diamanten, symbolisieren ewige Liebe.\" \/>\n<meta property=\"og:url\" content=\"https:\/\/crudo-leather.com\/product\/ricordi-customized-titanium-leather-wrap-diamond-bracelet-palace-blue\/\" \/>\n<meta property=\"og:site_name\" content=\"Crudo\" \/>\n<meta property=\"article:modified_time\" content=\"2025-11-26T02:14:17+00:00\" \/>\n<meta property=\"og:image\" content=\"https:\/\/crudo-leather.com\/wp-content\/uploads\/2024\/10\/Ti_WBG_BRT41_RGBE_1.jpg\" \/>\n\t<meta property=\"og:image:width\" content=\"2000\" \/>\n\t<meta property=\"og:image:height\" content=\"2000\" \/>\n\t<meta property=\"og:image:type\" content=\"image\/jpeg\" \/>\n<meta name=\"twitter:card\" content=\"summary_large_image\" \/>\n<meta name=\"twitter:label1\" content=\"Est. reading time\" \/>\n\t<meta name=\"twitter:data1\" content=\"1 minute\" \/>\n<script type=\"application\/ld+json\" class=\"yoast-schema-graph\">{\"@context\":\"https:\/\/schema.org\",\"@graph\":[{\"@type\":\"WebPage\",\"@id\":\"https:\/\/crudo-leather.com\/product\/ricordi-customized-titanium-leather-wrap-diamond-bracelet-palace-blue\/\",\"url\":\"https:\/\/crudo-leather.com\/product\/ricordi-customized-titanium-leather-wrap-diamond-bracelet-palace-blue\/\",\"name\":\"Ricordi Titanium Leather Diamond Bracelet\",\"isPartOf\":{\"@id\":\"https:\/\/crudo-leather.com\/#website\"},\"primaryImageOfPage\":{\"@id\":\"https:\/\/crudo-leather.com\/product\/ricordi-customized-titanium-leather-wrap-diamond-bracelet-palace-blue\/#primaryimage\"},\"image\":{\"@id\":\"https:\/\/crudo-leather.com\/product\/ricordi-customized-titanium-leather-wrap-diamond-bracelet-palace-blue\/#primaryimage\"},\"thumbnailUrl\":\"https:\/\/crudo-leather.com\/wp-content\/uploads\/2024\/10\/Ti_WBG_BRT41_RGBE_1.jpg\",\"datePublished\":\"2024-10-02T03:01:17+00:00\",\"dateModified\":\"2025-11-26T02:14:17+00:00\",\"description\":\"Dazzle with the Ricordi Customized Titanium Leather Wrap Diamond Bracelet in Palace Blue. A luxurious and sparkling accessory.\",\"breadcrumb\":{\"@id\":\"https:\/\/crudo-leather.com\/product\/ricordi-customized-titanium-leather-wrap-diamond-bracelet-palace-blue\/#breadcrumb\"},\"inLanguage\":\"en-US\",\"potentialAction\":[{\"@type\":\"ReadAction\",\"target\":[\"https:\/\/crudo-leather.com\/product\/ricordi-customized-titanium-leather-wrap-diamond-bracelet-palace-blue\/\"]}]},{\"@type\":\"ImageObject\",\"inLanguage\":\"en-US\",\"@id\":\"https:\/\/crudo-leather.com\/product\/ricordi-customized-titanium-leather-wrap-diamond-bracelet-palace-blue\/#primaryimage\",\"url\":\"https:\/\/crudo-leather.com\/wp-content\/uploads\/2024\/10\/Ti_WBG_BRT41_RGBE_1.jpg\",\"contentUrl\":\"https:\/\/crudo-leather.com\/wp-content\/uploads\/2024\/10\/Ti_WBG_BRT41_RGBE_1.jpg\",\"width\":2000,\"height\":2000},{\"@type\":\"BreadcrumbList\",\"@id\":\"https:\/\/crudo-leather.com\/product\/ricordi-customized-titanium-leather-wrap-diamond-bracelet-palace-blue\/#breadcrumb\",\"itemListElement\":[{\"@type\":\"ListItem\",\"position\":1,\"name\":\"Shop\",\"item\":\"https:\/\/crudo-leather.com\/shop\/\"},{\"@type\":\"ListItem\",\"position\":2,\"name\":\"Ricordi Customized Titanium Leather Wrap Diamond Bracelet\"}]},{\"@type\":\"WebSite\",\"@id\":\"https:\/\/crudo-leather.com\/#website\",\"url\":\"https:\/\/crudo-leather.com\/\",\"name\":\"Crudo\",\"description\":\"\",\"potentialAction\":[{\"@type\":\"SearchAction\",\"target\":{\"@type\":\"EntryPoint\",\"urlTemplate\":\"https:\/\/crudo-leather.com\/?s={search_term_string}\"},\"query-input\":{\"@type\":\"PropertyValueSpecification\",\"valueRequired\":true,\"valueName\":\"search_term_string\"}}],\"inLanguage\":\"en-US\"}]}<\/script>\n<!-- \/ Yoast SEO plugin. -->","yoast_head_json":{"title":"Ricordi Titanmetall geflochtenes Leder Diamantarmband Marineblau Diamantversion","description":"Crudo Ricordi personalisiertes Titan-Italienisches geflochtenes Leder Diamantarmband, Marineblau Diamantversion. Luftfahrtqualit\u00e4t Titan und Laborzucht-Diamanten, symbolisieren ewige Liebe.","robots":{"index":"index","follow":"follow","max-snippet":"max-snippet:-1","max-image-preview":"max-image-preview:large","max-video-preview":"max-video-preview:-1"},"canonical":"https:\/\/crudo-leather.com\/de\/product\/ricordi-customized-titanium-leather-wrap-diamond-bracelet-palace-blue\/","og_locale":"en_US","og_type":"article","og_title":"Ricordi Titanmetall geflochtenes Leder Diamantarmband Marineblau Diamantversion","og_description":"Crudo Ricordi personalisiertes Titan-Italienisches geflochtenes Leder Diamantarmband, Marineblau Diamantversion. Luftfahrtqualit\u00e4t Titan und Laborzucht-Diamanten, symbolisieren ewige Liebe.","og_url":"https:\/\/crudo-leather.com\/product\/ricordi-customized-titanium-leather-wrap-diamond-bracelet-palace-blue\/","og_site_name":"Crudo","article_modified_time":"2025-11-26T02:14:17+00:00","og_image":[{"width":2000,"height":2000,"url":"https:\/\/crudo-leather.com\/wp-content\/uploads\/2024\/10\/Ti_WBG_BRT41_RGBE_1.jpg","type":"image\/jpeg"}],"twitter_card":"summary_large_image","twitter_misc":{"Est. reading time":"1 minute"},"schema":{"@context":"https:\/\/schema.org","@graph":[{"@type":"WebPage","@id":"https:\/\/crudo-leather.com\/product\/ricordi-customized-titanium-leather-wrap-diamond-bracelet-palace-blue\/","url":"https:\/\/crudo-leather.com\/product\/ricordi-customized-titanium-leather-wrap-diamond-bracelet-palace-blue\/","name":"Ricordi Titanium Leather Diamond Bracelet","isPartOf":{"@id":"https:\/\/crudo-leather.com\/#website"},"primaryImageOfPage":{"@id":"https:\/\/crudo-leather.com\/product\/ricordi-customized-titanium-leather-wrap-diamond-bracelet-palace-blue\/#primaryimage"},"image":{"@id":"https:\/\/crudo-leather.com\/product\/ricordi-customized-titanium-leather-wrap-diamond-bracelet-palace-blue\/#primaryimage"},"thumbnailUrl":"https:\/\/crudo-leather.com\/wp-content\/uploads\/2024\/10\/Ti_WBG_BRT41_RGBE_1.jpg","datePublished":"2024-10-02T03:01:17+00:00","dateModified":"2025-11-26T02:14:17+00:00","description":"Dazzle with the Ricordi Customized Titanium Leather Wrap Diamond Bracelet in Palace Blue. A luxurious and sparkling accessory.","breadcrumb":{"@id":"https:\/\/crudo-leather.com\/product\/ricordi-customized-titanium-leather-wrap-diamond-bracelet-palace-blue\/#breadcrumb"},"inLanguage":"en-US","potentialAction":[{"@type":"ReadAction","target":["https:\/\/crudo-leather.com\/product\/ricordi-customized-titanium-leather-wrap-diamond-bracelet-palace-blue\/"]}]},{"@type":"ImageObject","inLanguage":"en-US","@id":"https:\/\/crudo-leather.com\/product\/ricordi-customized-titanium-leather-wrap-diamond-bracelet-palace-blue\/#primaryimage","url":"https:\/\/crudo-leather.com\/wp-content\/uploads\/2024\/10\/Ti_WBG_BRT41_RGBE_1.jpg","contentUrl":"https:\/\/crudo-leather.com\/wp-content\/uploads\/2024\/10\/Ti_WBG_BRT41_RGBE_1.jpg","width":2000,"height":2000},{"@type":"BreadcrumbList","@id":"https:\/\/crudo-leather.com\/product\/ricordi-customized-titanium-leather-wrap-diamond-bracelet-palace-blue\/#breadcrumb","itemListElement":[{"@type":"ListItem","position":1,"name":"Shop","item":"https:\/\/crudo-leather.com\/shop\/"},{"@type":"ListItem","position":2,"name":"Ricordi Customized Titanium Leather Wrap Diamond Bracelet"}]},{"@type":"WebSite","@id":"https:\/\/crudo-leather.com\/#website","url":"https:\/\/crudo-leather.com\/","name":"Crudo","description":"","potentialAction":[{"@type":"SearchAction","target":{"@type":"EntryPoint","urlTemplate":"https:\/\/crudo-leather.com\/?s={search_term_string}"},"query-input":{"@type":"PropertyValueSpecification","valueRequired":true,"valueName":"search_term_string"}}],"inLanguage":"en-US"}]}},"_links":{"self":[{"href":"https:\/\/crudo-leather.com\/de\/wp-json\/wp\/v2\/product\/292322"}],"collection":[{"href":"https:\/\/crudo-leather.com\/de\/wp-json\/wp\/v2\/product"}],"about":[{"href":"https:\/\/crudo-leather.com\/de\/wp-json\/wp\/v2\/types\/product"}],"replies":[{"embeddable":true,"href":"https:\/\/crudo-leather.com\/de\/wp-json\/wp\/v2\/comments?post=292322"}],"wp:featuredmedia":[{"embeddable":true,"href":"https:\/\/crudo-leather.com\/de\/wp-json\/wp\/v2\/media\/292328"}],"wp:attachment":[{"href":"https:\/\/crudo-leather.com\/de\/wp-json\/wp\/v2\/media?parent=292322"}],"wp:term":[{"taxonomy":"collection","embeddable":true,"href":"https:\/\/crudo-leather.com\/de\/wp-json\/wp\/v2\/collection?post=292322"},{"taxonomy":"trending_cat","embeddable":true,"href":"https:\/\/crudo-leather.com\/de\/wp-json\/wp\/v2\/trending_cat?post=292322"},{"taxonomy":"product_cat","embeddable":true,"href":"https:\/\/crudo-leather.com\/de\/wp-json\/wp\/v2\/product_cat?post=292322"},{"taxonomy":"product_tag","embeddable":true,"href":"https:\/\/crudo-leather.com\/de\/wp-json\/wp\/v2\/product_tag?post=292322"}],"curies":[{"name":"wp","href":"https:\/\/api.w.org\/{rel}","templated":true}]}}