{"id":292476,"date":"2024-10-02T17:06:08","date_gmt":"2024-10-02T09:06:08","guid":{"rendered":"https:\/\/crudo-leather.com\/product\/puro-customized-titanium-bar-necklace-copy\/"},"modified":"2026-03-26T12:29:55","modified_gmt":"2026-03-26T04:29:55","slug":"puro-customized-titanium-bar-necklace-titanium-piano-black-diamond","status":"publish","type":"product","link":"https:\/\/crudo-leather.com\/de\/product\/puro-customized-titanium-bar-necklace-titanium-piano-black-diamond\/","title":{"rendered":"Il Faro personalisierte Titan-Diamant-Bar-Anh\u00e4nger"},"content":{"rendered":"","protected":false},"excerpt":{"rendered":"Die Existenz eines Leuchtturms symbolisiert ein leuchtendes Licht und unver\u00e4nderliche Liebe. Die Il Faro Titan-Edelstein-Langkette ist von einem romantischen Leuchtturm inspiriert. Die Oberfl\u00e4che des Titananh\u00e4ngers ist mit funkelnden, im Labor gez\u00fcchteten Diamanten besetzt, die die ewige Liebe und das unersch\u00fctterliche Liebesversprechen symbolisieren. Das ewige Licht des Leuchtturms befindet sich am n\u00e4chsten zum Herzen, wie der Schutz eines Geliebten, der zum hellen Ufer f\u00fchrt. Kombiniert mit einem exklusiven kleinen achteckigen Metallschliff-Design, wirkt es noch raffinierter.\n\n<strong>Beschreibung<\/strong><strong> :<\/strong>\n- Hergestellt aus Titan der G\u00fcteklasse 5 f\u00fcr die Raumfahrt\n- Titan ist extrem leicht und h\u00e4rter als Edelstahl\nAuf der Oberfl\u00e4che des Weltraumtitans sind international zertifizierte, im Labor gez\u00fcchtete Diamanten eingelassen. Diamanten symbolisieren ewige Liebe und verleihen dem Lederarmband Bedeutung und edle Qualit\u00e4t.\n- Im Labor gez\u00fcchtete Diamanten sind in physikalischer, chemischer und optischer Hinsicht identisch mit abgebauten Diamanten und ebenfalls das h\u00e4rteste Edelstein.\n\n- Exklusives kleines achteckiges Metallschliff-Design\n- Personalisierter Gravurservice, verschiedene Designvorlagen und Schriftarten zur Auswahl\n- Geeignet f\u00fcr Menschen mit empfindlicher Haut\n- Kostenloses Upgrade auf ein elegantes Geschenkset (inklusive Geschenkkarte und Produktgarantie)\n\n<strong>Produktionszeit und Versanddetails<\/strong><strong> <\/strong>\n- Jedes Produkt ben\u00f6tigt nur 1-5 Werktage zur Fertigstellung\n- Bei Bestellung heute kann es bereits morgen versendet werden\n- Weltweiter Versand","protected":false},"featured_media":292482,"comment_status":"open","ping_status":"closed","template":"","meta":{"inline_featured_image":false},"collection":[2268],"trending_cat":[],"product_cat":[2767,86],"product_tag":[],"class_list":{"0":"post-292476","1":"product","2":"type-product","3":"status-publish","4":"has-post-thumbnail","6":"product_cat-diamond","7":"product_cat-customized","9":"first","10":"instock","11":"sale","12":"shipping-taxable","13":"purchasable","14":"product-type-variable"},"yoast_head":"<!-- This site is optimized with the Yoast SEO plugin v23.4 - https:\/\/yoast.com\/wordpress\/plugins\/seo\/ -->\n<title>Crudo Puro personalisierte Titan-Halskette<\/title>\n<meta name=\"description\" content=\"Crudo Puro ma\u00dfgeschneiderte Titan-Barrenkette, Klavierschwarz-Diamant-Design. Hochwertiges Design, kostenlose Gravur. Erstellen Sie einzigartige modische Accessoires f\u00fcr Sie.\" \/>\n<meta name=\"robots\" content=\"index, follow, max-snippet:-1, max-image-preview:large, max-video-preview:-1\" \/>\n<link rel=\"canonical\" href=\"https:\/\/crudo-leather.com\/de\/product\/puro-customized-titanium-bar-necklace-titanium-piano-black-diamond\/\" \/>\n<meta property=\"og:locale\" content=\"en_US\" \/>\n<meta property=\"og:type\" content=\"article\" \/>\n<meta property=\"og:title\" content=\"Crudo Puro personalisierte Titan-Halskette\" \/>\n<meta property=\"og:description\" content=\"Crudo Puro ma\u00dfgeschneiderte Titan-Barrenkette, Klavierschwarz-Diamant-Design. Hochwertiges Design, kostenlose Gravur. Erstellen Sie einzigartige modische Accessoires f\u00fcr Sie.\" \/>\n<meta property=\"og:url\" content=\"https:\/\/crudo-leather.com\/product\/puro-customized-titanium-bar-necklace-titanium-piano-black-diamond\/\" \/>\n<meta property=\"og:site_name\" content=\"Crudo\" \/>\n<meta property=\"article:modified_time\" content=\"2026-03-26T04:29:55+00:00\" \/>\n<meta property=\"og:image\" content=\"https:\/\/crudo-leather.com\/wp-content\/uploads\/2024\/10\/Ti_WBG_ZNK47_BLK_S_1.jpg\" \/>\n\t<meta property=\"og:image:width\" content=\"2000\" \/>\n\t<meta property=\"og:image:height\" content=\"2000\" \/>\n\t<meta property=\"og:image:type\" content=\"image\/jpeg\" \/>\n<meta name=\"twitter:card\" content=\"summary_large_image\" \/>\n<meta name=\"twitter:label1\" content=\"Est. reading time\" \/>\n\t<meta name=\"twitter:data1\" content=\"1 minute\" \/>\n<script type=\"application\/ld+json\" class=\"yoast-schema-graph\">{\"@context\":\"https:\/\/schema.org\",\"@graph\":[{\"@type\":\"WebPage\",\"@id\":\"https:\/\/crudo-leather.com\/product\/puro-customized-titanium-bar-necklace-titanium-piano-black-diamond\/\",\"url\":\"https:\/\/crudo-leather.com\/product\/puro-customized-titanium-bar-necklace-titanium-piano-black-diamond\/\",\"name\":\"Puro Customized Titanium Bar Necklace - Piano Black Diamond\",\"isPartOf\":{\"@id\":\"https:\/\/crudo-leather.com\/#website\"},\"primaryImageOfPage\":{\"@id\":\"https:\/\/crudo-leather.com\/product\/puro-customized-titanium-bar-necklace-titanium-piano-black-diamond\/#primaryimage\"},\"image\":{\"@id\":\"https:\/\/crudo-leather.com\/product\/puro-customized-titanium-bar-necklace-titanium-piano-black-diamond\/#primaryimage\"},\"thumbnailUrl\":\"https:\/\/crudo-leather.com\/wp-content\/uploads\/2024\/10\/Ti_WBG_ZNK47_BLK_S_1.jpg\",\"datePublished\":\"2024-10-02T09:06:08+00:00\",\"dateModified\":\"2026-03-26T04:29:55+00:00\",\"description\":\"Discover Puro customized titanium bar necklace in piano black with diamond. A sleek and personalized accessory, perfect for a modern statement. Free engraving available. Shop now!\",\"breadcrumb\":{\"@id\":\"https:\/\/crudo-leather.com\/product\/puro-customized-titanium-bar-necklace-titanium-piano-black-diamond\/#breadcrumb\"},\"inLanguage\":\"en-US\",\"potentialAction\":[{\"@type\":\"ReadAction\",\"target\":[\"https:\/\/crudo-leather.com\/product\/puro-customized-titanium-bar-necklace-titanium-piano-black-diamond\/\"]}]},{\"@type\":\"ImageObject\",\"inLanguage\":\"en-US\",\"@id\":\"https:\/\/crudo-leather.com\/product\/puro-customized-titanium-bar-necklace-titanium-piano-black-diamond\/#primaryimage\",\"url\":\"https:\/\/crudo-leather.com\/wp-content\/uploads\/2024\/10\/Ti_WBG_ZNK47_BLK_S_1.jpg\",\"contentUrl\":\"https:\/\/crudo-leather.com\/wp-content\/uploads\/2024\/10\/Ti_WBG_ZNK47_BLK_S_1.jpg\",\"width\":2000,\"height\":2000},{\"@type\":\"BreadcrumbList\",\"@id\":\"https:\/\/crudo-leather.com\/product\/puro-customized-titanium-bar-necklace-titanium-piano-black-diamond\/#breadcrumb\",\"itemListElement\":[{\"@type\":\"ListItem\",\"position\":1,\"name\":\"Shop\",\"item\":\"https:\/\/crudo-leather.com\/shop\/\"},{\"@type\":\"ListItem\",\"position\":2,\"name\":\"Il Faro Customized Titanium Diamond Bar Necklace\"}]},{\"@type\":\"WebSite\",\"@id\":\"https:\/\/crudo-leather.com\/#website\",\"url\":\"https:\/\/crudo-leather.com\/\",\"name\":\"Crudo\",\"description\":\"\",\"potentialAction\":[{\"@type\":\"SearchAction\",\"target\":{\"@type\":\"EntryPoint\",\"urlTemplate\":\"https:\/\/crudo-leather.com\/?s={search_term_string}\"},\"query-input\":{\"@type\":\"PropertyValueSpecification\",\"valueRequired\":true,\"valueName\":\"search_term_string\"}}],\"inLanguage\":\"en-US\"}]}<\/script>\n<!-- \/ Yoast SEO plugin. -->","yoast_head_json":{"title":"Crudo Puro personalisierte Titan-Halskette","description":"Crudo Puro ma\u00dfgeschneiderte Titan-Barrenkette, Klavierschwarz-Diamant-Design. Hochwertiges Design, kostenlose Gravur. Erstellen Sie einzigartige modische Accessoires f\u00fcr Sie.","robots":{"index":"index","follow":"follow","max-snippet":"max-snippet:-1","max-image-preview":"max-image-preview:large","max-video-preview":"max-video-preview:-1"},"canonical":"https:\/\/crudo-leather.com\/de\/product\/puro-customized-titanium-bar-necklace-titanium-piano-black-diamond\/","og_locale":"en_US","og_type":"article","og_title":"Crudo Puro personalisierte Titan-Halskette","og_description":"Crudo Puro ma\u00dfgeschneiderte Titan-Barrenkette, Klavierschwarz-Diamant-Design. Hochwertiges Design, kostenlose Gravur. Erstellen Sie einzigartige modische Accessoires f\u00fcr Sie.","og_url":"https:\/\/crudo-leather.com\/product\/puro-customized-titanium-bar-necklace-titanium-piano-black-diamond\/","og_site_name":"Crudo","article_modified_time":"2026-03-26T04:29:55+00:00","og_image":[{"width":2000,"height":2000,"url":"https:\/\/crudo-leather.com\/wp-content\/uploads\/2024\/10\/Ti_WBG_ZNK47_BLK_S_1.jpg","type":"image\/jpeg"}],"twitter_card":"summary_large_image","twitter_misc":{"Est. reading time":"1 minute"},"schema":{"@context":"https:\/\/schema.org","@graph":[{"@type":"WebPage","@id":"https:\/\/crudo-leather.com\/product\/puro-customized-titanium-bar-necklace-titanium-piano-black-diamond\/","url":"https:\/\/crudo-leather.com\/product\/puro-customized-titanium-bar-necklace-titanium-piano-black-diamond\/","name":"Puro Customized Titanium Bar Necklace - Piano Black Diamond","isPartOf":{"@id":"https:\/\/crudo-leather.com\/#website"},"primaryImageOfPage":{"@id":"https:\/\/crudo-leather.com\/product\/puro-customized-titanium-bar-necklace-titanium-piano-black-diamond\/#primaryimage"},"image":{"@id":"https:\/\/crudo-leather.com\/product\/puro-customized-titanium-bar-necklace-titanium-piano-black-diamond\/#primaryimage"},"thumbnailUrl":"https:\/\/crudo-leather.com\/wp-content\/uploads\/2024\/10\/Ti_WBG_ZNK47_BLK_S_1.jpg","datePublished":"2024-10-02T09:06:08+00:00","dateModified":"2026-03-26T04:29:55+00:00","description":"Discover Puro customized titanium bar necklace in piano black with diamond. A sleek and personalized accessory, perfect for a modern statement. Free engraving available. Shop now!","breadcrumb":{"@id":"https:\/\/crudo-leather.com\/product\/puro-customized-titanium-bar-necklace-titanium-piano-black-diamond\/#breadcrumb"},"inLanguage":"en-US","potentialAction":[{"@type":"ReadAction","target":["https:\/\/crudo-leather.com\/product\/puro-customized-titanium-bar-necklace-titanium-piano-black-diamond\/"]}]},{"@type":"ImageObject","inLanguage":"en-US","@id":"https:\/\/crudo-leather.com\/product\/puro-customized-titanium-bar-necklace-titanium-piano-black-diamond\/#primaryimage","url":"https:\/\/crudo-leather.com\/wp-content\/uploads\/2024\/10\/Ti_WBG_ZNK47_BLK_S_1.jpg","contentUrl":"https:\/\/crudo-leather.com\/wp-content\/uploads\/2024\/10\/Ti_WBG_ZNK47_BLK_S_1.jpg","width":2000,"height":2000},{"@type":"BreadcrumbList","@id":"https:\/\/crudo-leather.com\/product\/puro-customized-titanium-bar-necklace-titanium-piano-black-diamond\/#breadcrumb","itemListElement":[{"@type":"ListItem","position":1,"name":"Shop","item":"https:\/\/crudo-leather.com\/shop\/"},{"@type":"ListItem","position":2,"name":"Il Faro Customized Titanium Diamond Bar Necklace"}]},{"@type":"WebSite","@id":"https:\/\/crudo-leather.com\/#website","url":"https:\/\/crudo-leather.com\/","name":"Crudo","description":"","potentialAction":[{"@type":"SearchAction","target":{"@type":"EntryPoint","urlTemplate":"https:\/\/crudo-leather.com\/?s={search_term_string}"},"query-input":{"@type":"PropertyValueSpecification","valueRequired":true,"valueName":"search_term_string"}}],"inLanguage":"en-US"}]}},"_links":{"self":[{"href":"https:\/\/crudo-leather.com\/de\/wp-json\/wp\/v2\/product\/292476"}],"collection":[{"href":"https:\/\/crudo-leather.com\/de\/wp-json\/wp\/v2\/product"}],"about":[{"href":"https:\/\/crudo-leather.com\/de\/wp-json\/wp\/v2\/types\/product"}],"replies":[{"embeddable":true,"href":"https:\/\/crudo-leather.com\/de\/wp-json\/wp\/v2\/comments?post=292476"}],"wp:featuredmedia":[{"embeddable":true,"href":"https:\/\/crudo-leather.com\/de\/wp-json\/wp\/v2\/media\/292482"}],"wp:attachment":[{"href":"https:\/\/crudo-leather.com\/de\/wp-json\/wp\/v2\/media?parent=292476"}],"wp:term":[{"taxonomy":"collection","embeddable":true,"href":"https:\/\/crudo-leather.com\/de\/wp-json\/wp\/v2\/collection?post=292476"},{"taxonomy":"trending_cat","embeddable":true,"href":"https:\/\/crudo-leather.com\/de\/wp-json\/wp\/v2\/trending_cat?post=292476"},{"taxonomy":"product_cat","embeddable":true,"href":"https:\/\/crudo-leather.com\/de\/wp-json\/wp\/v2\/product_cat?post=292476"},{"taxonomy":"product_tag","embeddable":true,"href":"https:\/\/crudo-leather.com\/de\/wp-json\/wp\/v2\/product_tag?post=292476"}],"curies":[{"name":"wp","href":"https:\/\/api.w.org\/{rel}","templated":true}]}}