{"id":293126,"date":"2024-10-09T11:09:32","date_gmt":"2024-10-09T03:09:32","guid":{"rendered":"https:\/\/crudo-leather.com\/product\/pixar-toy-story-customized-italian-leather-wrap-gemstone-bracelet-copy\/"},"modified":"2026-01-09T15:34:49","modified_gmt":"2026-01-09T07:34:49","slug":"pixar-toy-story-customized-italian-leather-wrap-gemstone-bracelet-midnight-green-malachite","status":"publish","type":"product","link":"https:\/\/crudo-leather.com\/de\/product\/pixar-toy-story-customized-italian-leather-wrap-gemstone-bracelet-midnight-green-malachite\/","title":{"rendered":"Pixar Toy Story Limited Edition ma\u00dfgeschneidertes geflochtenes Leder Edelsteinarmband"},"content":{"rendered":"","protected":false},"excerpt":{"rendered":"<strong>**Bitte w\u00e4hlen Sie mindestens ein Toy Story Charakter Metallanh\u00e4nger, sonst wird das Produkt nur mit dem urspr\u00fcnglichen Crudo runden Anh\u00e4nger geliefert und nicht mit der Toy Story Special Edition Geschenkbox**<\/strong>\n\n<ins><strong>Toy Story Special Edition<\/strong><\/ins>\nLassen Sie Ihre Lieblingsspielzeuge Sie immer begleiten! Die Toy Story Charaktere Emaille-Metallanh\u00e4nger mit Glitzerpunkten k\u00f6nnen frei mit den minimalistischen und luxuri\u00f6sen Leder- oder Stahl-Gravurschmuck kombiniert werden. Holen Sie sich sofort Ihren pers\u00f6nlichen Spielzeugfreund!\n\n<strong>Klicken Sie auf \"Zum Warenkorb hinzuf\u00fcgen und gestalten\", um Ihren Gravurtext zu gestalten<\/strong>\n\n- Offiziell lizenziertes Disney Pixar Produkt\n- Verschiedene Toy Story Charaktere gl\u00e4nzende Metallanh\u00e4nger, die frei kombiniert und am Lederarmband befestigt werden k\u00f6nnen\n- Crudos innovatives Design mit zwei \u00fcberlagerten Anh\u00e4ngern, Toy Story Charaktere mit charakteristischen Objektdekorationen, Musteroberfl\u00e4che mit Glitzerpunkten\n- Beim Kauf von Toy Story Schmuck erhalten Sie eine Toy Story Special Edition Geschenkbox mit abrei\u00dfbarer Gru\u00dfkarte (inklusive Geschenkkarte und Produktgarantie)\n- Hergestellt aus italienischem geflochtenem Rindleder erster Wahl und feinstem 316L deutschen Stahl\n- Einlegen von Malachit auf der Oberfl\u00e4che des 316L deutschen Stahls, um dem Lederarmband heilende Energie zu verleihen\n- Handwerker verwenden pr\u00e4zise Edelsteinschneidetechniken, damit die wertvollen Steine in bezauberndem Glanz reflektieren\n- Jeder Stein ist nat\u00fcrlich abgebaut und hat einzigartige nat\u00fcrliche Texturen\n- Kostenloser Gravurservice, verschiedene Schriftarten, Toy Story Special Edition Emojis und Gravurvorschl\u00e4ge zur Auswahl\n- Verblasst und oxidiert nicht leicht, bleibt dauerhaft erhalten\n- Verwendet Magnetschlie\u00dfung und exklusives kleines Achteckschnitt-Design\n- Geeignet f\u00fcr Menschen mit empfindlicher Haut\n- Hinweis: Das Armband ist nicht f\u00fcr Kinder unter 3 Jahren geeignet\n\n<strong>Herstellungszeit und Versanddetails<\/strong>\n- Jedes Produkt ben\u00f6tigt nur 1-5 Werktage zur Fertigstellung\n- Bestellungen von heute k\u00f6nnen bereits morgen versendet werden\n- Direktversand nach Hongkong und Macau","protected":false},"featured_media":293092,"comment_status":"open","ping_status":"closed","template":"","meta":{"inline_featured_image":false},"collection":[2640],"trending_cat":[2390],"product_cat":[17],"product_tag":[2402,2643],"class_list":{"0":"post-293126","1":"product","2":"type-product","3":"status-publish","4":"has-post-thumbnail","6":"trending_cat-ricordi-leather-bracelet","7":"product_cat-bracelets-cuffs","8":"product_tag-disney-pixar","9":"product_tag-pixar-toy-story","11":"first","12":"instock","13":"sale","14":"shipping-taxable","15":"purchasable","16":"product-type-variable"},"yoast_head":"<!-- This site is optimized with the Yoast SEO plugin v23.4 - https:\/\/yoast.com\/wordpress\/plugins\/seo\/ -->\n<title>Pixar Toy Story gewebtes Leder Edelsteinarmband Mitternachtsgr\u00fcn Malachit<\/title>\n<meta name=\"description\" content=\"Crudo Disney &amp; Pixar Limited Edition! Geflochtenes Lederarmband mit Edelsteinen, Mitternachtsgr\u00fcn Malachit. Italienisches Vollrindleder und 316L deutscher Stahl, offiziell lizenziert.\" \/>\n<meta name=\"robots\" content=\"index, follow, max-snippet:-1, max-image-preview:large, max-video-preview:-1\" \/>\n<link rel=\"canonical\" href=\"https:\/\/crudo-leather.com\/de\/product\/pixar-toy-story-customized-italian-leather-wrap-gemstone-bracelet-midnight-green-malachite\/\" \/>\n<meta property=\"og:locale\" content=\"en_US\" \/>\n<meta property=\"og:type\" content=\"article\" \/>\n<meta property=\"og:title\" content=\"Pixar Toy Story gewebtes Leder Edelsteinarmband Mitternachtsgr\u00fcn Malachit\" \/>\n<meta property=\"og:description\" content=\"Crudo Disney &amp; Pixar Limited Edition! Geflochtenes Lederarmband mit Edelsteinen, Mitternachtsgr\u00fcn Malachit. Italienisches Vollrindleder und 316L deutscher Stahl, offiziell lizenziert.\" \/>\n<meta property=\"og:url\" content=\"https:\/\/crudo-leather.com\/product\/pixar-toy-story-customized-italian-leather-wrap-gemstone-bracelet-midnight-green-malachite\/\" \/>\n<meta property=\"og:site_name\" content=\"Crudo\" \/>\n<meta property=\"article:modified_time\" content=\"2026-01-09T07:34:49+00:00\" \/>\n<meta property=\"og:image\" content=\"https:\/\/crudo-leather.com\/wp-content\/uploads\/2024\/10\/TS_1st_WBG_BRT01stone_Green_a.jpg\" \/>\n\t<meta property=\"og:image:width\" content=\"2000\" \/>\n\t<meta property=\"og:image:height\" content=\"2000\" \/>\n\t<meta property=\"og:image:type\" content=\"image\/jpeg\" \/>\n<meta name=\"twitter:card\" content=\"summary_large_image\" \/>\n<meta name=\"twitter:label1\" content=\"Est. reading time\" \/>\n\t<meta name=\"twitter:data1\" content=\"1 minute\" \/>\n<script type=\"application\/ld+json\" class=\"yoast-schema-graph\">{\"@context\":\"https:\/\/schema.org\",\"@graph\":[{\"@type\":\"WebPage\",\"@id\":\"https:\/\/crudo-leather.com\/product\/pixar-toy-story-customized-italian-leather-wrap-gemstone-bracelet-midnight-green-malachite\/\",\"url\":\"https:\/\/crudo-leather.com\/product\/pixar-toy-story-customized-italian-leather-wrap-gemstone-bracelet-midnight-green-malachite\/\",\"name\":\"Pixar Toy Story Italian Leather Wrap Gemstone Bracelet - Midnight Green Malachite\",\"isPartOf\":{\"@id\":\"https:\/\/crudo-leather.com\/#website\"},\"primaryImageOfPage\":{\"@id\":\"https:\/\/crudo-leather.com\/product\/pixar-toy-story-customized-italian-leather-wrap-gemstone-bracelet-midnight-green-malachite\/#primaryimage\"},\"image\":{\"@id\":\"https:\/\/crudo-leather.com\/product\/pixar-toy-story-customized-italian-leather-wrap-gemstone-bracelet-midnight-green-malachite\/#primaryimage\"},\"thumbnailUrl\":\"https:\/\/crudo-leather.com\/wp-content\/uploads\/2024\/10\/TS_1st_WBG_BRT01stone_Green_a.jpg\",\"datePublished\":\"2024-10-09T03:09:32+00:00\",\"dateModified\":\"2026-01-09T07:34:49+00:00\",\"description\":\"Explore officially licensed Pixar Toy Story Italian leather wrap gemstone bracelet. Midnight green with malachite. Free engraving & luxury gift box. A unique accessory. Shop now!\",\"breadcrumb\":{\"@id\":\"https:\/\/crudo-leather.com\/product\/pixar-toy-story-customized-italian-leather-wrap-gemstone-bracelet-midnight-green-malachite\/#breadcrumb\"},\"inLanguage\":\"en-US\",\"potentialAction\":[{\"@type\":\"ReadAction\",\"target\":[\"https:\/\/crudo-leather.com\/product\/pixar-toy-story-customized-italian-leather-wrap-gemstone-bracelet-midnight-green-malachite\/\"]}]},{\"@type\":\"ImageObject\",\"inLanguage\":\"en-US\",\"@id\":\"https:\/\/crudo-leather.com\/product\/pixar-toy-story-customized-italian-leather-wrap-gemstone-bracelet-midnight-green-malachite\/#primaryimage\",\"url\":\"https:\/\/crudo-leather.com\/wp-content\/uploads\/2024\/10\/TS_1st_WBG_BRT01stone_Green_a.jpg\",\"contentUrl\":\"https:\/\/crudo-leather.com\/wp-content\/uploads\/2024\/10\/TS_1st_WBG_BRT01stone_Green_a.jpg\",\"width\":2000,\"height\":2000},{\"@type\":\"BreadcrumbList\",\"@id\":\"https:\/\/crudo-leather.com\/product\/pixar-toy-story-customized-italian-leather-wrap-gemstone-bracelet-midnight-green-malachite\/#breadcrumb\",\"itemListElement\":[{\"@type\":\"ListItem\",\"position\":1,\"name\":\"Shop\",\"item\":\"https:\/\/crudo-leather.com\/shop\/\"},{\"@type\":\"ListItem\",\"position\":2,\"name\":\"Pixar Toy Story Customized Italian Leather Wrap Gemstone Bracelet\"}]},{\"@type\":\"WebSite\",\"@id\":\"https:\/\/crudo-leather.com\/#website\",\"url\":\"https:\/\/crudo-leather.com\/\",\"name\":\"Crudo\",\"description\":\"\",\"potentialAction\":[{\"@type\":\"SearchAction\",\"target\":{\"@type\":\"EntryPoint\",\"urlTemplate\":\"https:\/\/crudo-leather.com\/?s={search_term_string}\"},\"query-input\":{\"@type\":\"PropertyValueSpecification\",\"valueRequired\":true,\"valueName\":\"search_term_string\"}}],\"inLanguage\":\"en-US\"}]}<\/script>\n<!-- \/ Yoast SEO plugin. -->","yoast_head_json":{"title":"Pixar Toy Story gewebtes Leder Edelsteinarmband Mitternachtsgr\u00fcn Malachit","description":"Crudo Disney & Pixar Limited Edition! Geflochtenes Lederarmband mit Edelsteinen, Mitternachtsgr\u00fcn Malachit. Italienisches Vollrindleder und 316L deutscher Stahl, offiziell lizenziert.","robots":{"index":"index","follow":"follow","max-snippet":"max-snippet:-1","max-image-preview":"max-image-preview:large","max-video-preview":"max-video-preview:-1"},"canonical":"https:\/\/crudo-leather.com\/de\/product\/pixar-toy-story-customized-italian-leather-wrap-gemstone-bracelet-midnight-green-malachite\/","og_locale":"en_US","og_type":"article","og_title":"Pixar Toy Story gewebtes Leder Edelsteinarmband Mitternachtsgr\u00fcn Malachit","og_description":"Crudo Disney & Pixar Limited Edition! Geflochtenes Lederarmband mit Edelsteinen, Mitternachtsgr\u00fcn Malachit. Italienisches Vollrindleder und 316L deutscher Stahl, offiziell lizenziert.","og_url":"https:\/\/crudo-leather.com\/product\/pixar-toy-story-customized-italian-leather-wrap-gemstone-bracelet-midnight-green-malachite\/","og_site_name":"Crudo","article_modified_time":"2026-01-09T07:34:49+00:00","og_image":[{"width":2000,"height":2000,"url":"https:\/\/crudo-leather.com\/wp-content\/uploads\/2024\/10\/TS_1st_WBG_BRT01stone_Green_a.jpg","type":"image\/jpeg"}],"twitter_card":"summary_large_image","twitter_misc":{"Est. reading time":"1 minute"},"schema":{"@context":"https:\/\/schema.org","@graph":[{"@type":"WebPage","@id":"https:\/\/crudo-leather.com\/product\/pixar-toy-story-customized-italian-leather-wrap-gemstone-bracelet-midnight-green-malachite\/","url":"https:\/\/crudo-leather.com\/product\/pixar-toy-story-customized-italian-leather-wrap-gemstone-bracelet-midnight-green-malachite\/","name":"Pixar Toy Story Italian Leather Wrap Gemstone Bracelet - Midnight Green Malachite","isPartOf":{"@id":"https:\/\/crudo-leather.com\/#website"},"primaryImageOfPage":{"@id":"https:\/\/crudo-leather.com\/product\/pixar-toy-story-customized-italian-leather-wrap-gemstone-bracelet-midnight-green-malachite\/#primaryimage"},"image":{"@id":"https:\/\/crudo-leather.com\/product\/pixar-toy-story-customized-italian-leather-wrap-gemstone-bracelet-midnight-green-malachite\/#primaryimage"},"thumbnailUrl":"https:\/\/crudo-leather.com\/wp-content\/uploads\/2024\/10\/TS_1st_WBG_BRT01stone_Green_a.jpg","datePublished":"2024-10-09T03:09:32+00:00","dateModified":"2026-01-09T07:34:49+00:00","description":"Explore officially licensed Pixar Toy Story Italian leather wrap gemstone bracelet. Midnight green with malachite. Free engraving & luxury gift box. A unique accessory. Shop now!","breadcrumb":{"@id":"https:\/\/crudo-leather.com\/product\/pixar-toy-story-customized-italian-leather-wrap-gemstone-bracelet-midnight-green-malachite\/#breadcrumb"},"inLanguage":"en-US","potentialAction":[{"@type":"ReadAction","target":["https:\/\/crudo-leather.com\/product\/pixar-toy-story-customized-italian-leather-wrap-gemstone-bracelet-midnight-green-malachite\/"]}]},{"@type":"ImageObject","inLanguage":"en-US","@id":"https:\/\/crudo-leather.com\/product\/pixar-toy-story-customized-italian-leather-wrap-gemstone-bracelet-midnight-green-malachite\/#primaryimage","url":"https:\/\/crudo-leather.com\/wp-content\/uploads\/2024\/10\/TS_1st_WBG_BRT01stone_Green_a.jpg","contentUrl":"https:\/\/crudo-leather.com\/wp-content\/uploads\/2024\/10\/TS_1st_WBG_BRT01stone_Green_a.jpg","width":2000,"height":2000},{"@type":"BreadcrumbList","@id":"https:\/\/crudo-leather.com\/product\/pixar-toy-story-customized-italian-leather-wrap-gemstone-bracelet-midnight-green-malachite\/#breadcrumb","itemListElement":[{"@type":"ListItem","position":1,"name":"Shop","item":"https:\/\/crudo-leather.com\/shop\/"},{"@type":"ListItem","position":2,"name":"Pixar Toy Story Customized Italian Leather Wrap Gemstone Bracelet"}]},{"@type":"WebSite","@id":"https:\/\/crudo-leather.com\/#website","url":"https:\/\/crudo-leather.com\/","name":"Crudo","description":"","potentialAction":[{"@type":"SearchAction","target":{"@type":"EntryPoint","urlTemplate":"https:\/\/crudo-leather.com\/?s={search_term_string}"},"query-input":{"@type":"PropertyValueSpecification","valueRequired":true,"valueName":"search_term_string"}}],"inLanguage":"en-US"}]}},"_links":{"self":[{"href":"https:\/\/crudo-leather.com\/de\/wp-json\/wp\/v2\/product\/293126"}],"collection":[{"href":"https:\/\/crudo-leather.com\/de\/wp-json\/wp\/v2\/product"}],"about":[{"href":"https:\/\/crudo-leather.com\/de\/wp-json\/wp\/v2\/types\/product"}],"replies":[{"embeddable":true,"href":"https:\/\/crudo-leather.com\/de\/wp-json\/wp\/v2\/comments?post=293126"}],"wp:featuredmedia":[{"embeddable":true,"href":"https:\/\/crudo-leather.com\/de\/wp-json\/wp\/v2\/media\/293092"}],"wp:attachment":[{"href":"https:\/\/crudo-leather.com\/de\/wp-json\/wp\/v2\/media?parent=293126"}],"wp:term":[{"taxonomy":"collection","embeddable":true,"href":"https:\/\/crudo-leather.com\/de\/wp-json\/wp\/v2\/collection?post=293126"},{"taxonomy":"trending_cat","embeddable":true,"href":"https:\/\/crudo-leather.com\/de\/wp-json\/wp\/v2\/trending_cat?post=293126"},{"taxonomy":"product_cat","embeddable":true,"href":"https:\/\/crudo-leather.com\/de\/wp-json\/wp\/v2\/product_cat?post=293126"},{"taxonomy":"product_tag","embeddable":true,"href":"https:\/\/crudo-leather.com\/de\/wp-json\/wp\/v2\/product_tag?post=293126"}],"curies":[{"name":"wp","href":"https:\/\/api.w.org\/{rel}","templated":true}]}}