{"id":293146,"date":"2024-10-09T11:51:29","date_gmt":"2024-10-09T03:51:29","guid":{"rendered":"https:\/\/crudo-leather.com\/product\/pixar-toy-story-customized-italian-leather-wrap-gemstone-bracelet-copy\/"},"modified":"2026-01-09T15:34:09","modified_gmt":"2026-01-09T07:34:09","slug":"pixar-toy-story-customized-italian-leather-wrap-gemstone-bracelet-lavender-purple-amethyst","status":"publish","type":"product","link":"https:\/\/crudo-leather.com\/de\/product\/pixar-toy-story-customized-italian-leather-wrap-gemstone-bracelet-lavender-purple-amethyst\/","title":{"rendered":"Pixar Toy Story Limited Edition personalisiertes geflochtenes Leder Edelstein Armband"},"content":{"rendered":"","protected":false},"excerpt":{"rendered":"<strong>**Bitte w\u00e4hlen Sie mindestens ein Toy Story Charakter Metallanh\u00e4nger, sonst wird das Produkt nur mit dem urspr\u00fcnglichen Crudo runden Anh\u00e4nger geliefert und nicht mit der Toy Story Special Edition Geschenkbox**<\/strong>\n\n<ins><strong>Toy Story Special Edition<\/strong><\/ins>\nLassen Sie Ihre Lieblingsspielzeuge immer bei Ihnen sein! Die Toy Story Charaktere Emaille-Metallanh\u00e4nger mit Glitzerpunkten k\u00f6nnen frei mit den minimalistischen und luxuri\u00f6sen Leder- oder Stahl-Gravurschmuck kombiniert werden. Holen Sie sich sofort Ihren pers\u00f6nlichen Spielzeugfreund!\n\n<strong>Klicken Sie auf \"Zum Warenkorb hinzuf\u00fcgen und gestalten\", um Ihren Gravurtext zu gestalten<\/strong>\n\n- Offiziell lizenziertes Disney Pixar Produkt\n- Verschiedene Toy Story Charaktere gl\u00e4nzende Metallanh\u00e4nger, die frei kombiniert und am Lederarmband befestigt werden k\u00f6nnen\n- Crudos innovative Design mit zwei \u00fcberlappenden Anh\u00e4ngern, Toy Story Charaktere mit charakteristischen Objektdekorationen, Musteroberfl\u00e4che mit Glitzerpunkten\n- Beim Kauf von Toy Story Schmuck erhalten Sie eine Toy Story Special Edition Geschenkbox mit abrei\u00dfbarer Gru\u00dfkarte (inklusive Geschenkkarte und Produktgarantie)\n- Hergestellt aus italienischem geflochtenem Rindsleder erster Wahl und hochwertigem 316L deutschen Stahl\n- Amethyststeine sind in die Oberfl\u00e4che des 316L deutschen Stahls eingelassen, um dem Lederarmband heilende Energie zu verleihen\n- Handwerker verwenden pr\u00e4zise Edelsteinschneidetechniken, damit die wertvollen Steine in bezauberndem Glanz erstrahlen\n- Jeder Stein wird nat\u00fcrlich abgebaut und hat eine einzigartige nat\u00fcrliche Textur\n- Kostenloser Gravurservice, verschiedene Schriftarten, Toy Story Special Edition Emojis und Gravurvorschl\u00e4ge zur Auswahl\n- Verblasst und oxidiert nicht leicht, bleibt dauerhaft erhalten\n- Mit Magnetverschluss und exklusivem kleinen Achteckschnitt-Design\n- Geeignet f\u00fcr Menschen mit empfindlicher Haut\n- Hinweis: Das Armband ist nicht f\u00fcr Kinder unter 3 Jahren geeignet\n\n<strong>Herstellungszeit und Versanddetails<\/strong>\n- Jedes Produkt ben\u00f6tigt nur 1-5 Werktage zur Herstellung\n- Bei Bestellung heute kann es bereits morgen versendet werden\n- Direktversand in Hongkong und Macau","protected":false},"featured_media":293101,"comment_status":"open","ping_status":"closed","template":"","meta":{"inline_featured_image":false},"collection":[2640],"trending_cat":[2390],"product_cat":[17],"product_tag":[2402,2643],"class_list":{"0":"post-293146","1":"product","2":"type-product","3":"status-publish","4":"has-post-thumbnail","6":"trending_cat-ricordi-leather-bracelet","7":"product_cat-bracelets-cuffs","8":"product_tag-disney-pixar","9":"product_tag-pixar-toy-story","11":"first","12":"instock","13":"sale","14":"shipping-taxable","15":"purchasable","16":"product-type-variable"},"yoast_head":"<!-- This site is optimized with the Yoast SEO plugin v23.4 - https:\/\/yoast.com\/wordpress\/plugins\/seo\/ -->\n<title>Pixar Toy Story Geflochtenes Leder Edelsteinarmband Lavendelviolett Amethyst<\/title>\n<meta name=\"description\" content=\"Crudo Disney &amp; Pixar Limited Edition! Geflochtenes Lederarmband mit Edelsteinen, Lavendelviolett Amethyst. Italienisches Vollrindleder und 316L deutscher Stahl, offiziell lizenziert.\" \/>\n<meta name=\"robots\" content=\"index, follow, max-snippet:-1, max-image-preview:large, max-video-preview:-1\" \/>\n<link rel=\"canonical\" href=\"https:\/\/crudo-leather.com\/de\/product\/pixar-toy-story-customized-italian-leather-wrap-gemstone-bracelet-lavender-purple-amethyst\/\" \/>\n<meta property=\"og:locale\" content=\"en_US\" \/>\n<meta property=\"og:type\" content=\"article\" \/>\n<meta property=\"og:title\" content=\"Pixar Toy Story Geflochtenes Leder Edelsteinarmband Lavendelviolett Amethyst\" \/>\n<meta property=\"og:description\" content=\"Crudo Disney &amp; Pixar Limited Edition! Geflochtenes Lederarmband mit Edelsteinen, Lavendelviolett Amethyst. Italienisches Vollrindleder und 316L deutscher Stahl, offiziell lizenziert.\" \/>\n<meta property=\"og:url\" content=\"https:\/\/crudo-leather.com\/product\/pixar-toy-story-customized-italian-leather-wrap-gemstone-bracelet-lavender-purple-amethyst\/\" \/>\n<meta property=\"og:site_name\" content=\"Crudo\" \/>\n<meta property=\"article:modified_time\" content=\"2026-01-09T07:34:09+00:00\" \/>\n<meta property=\"og:image\" content=\"https:\/\/crudo-leather.com\/wp-content\/uploads\/2024\/10\/TS_1st_WBG_BRT01stone_Purple_Notag.jpg\" \/>\n\t<meta property=\"og:image:width\" content=\"2000\" \/>\n\t<meta property=\"og:image:height\" content=\"2000\" \/>\n\t<meta property=\"og:image:type\" content=\"image\/jpeg\" \/>\n<meta name=\"twitter:card\" content=\"summary_large_image\" \/>\n<meta name=\"twitter:label1\" content=\"Est. reading time\" \/>\n\t<meta name=\"twitter:data1\" content=\"1 minute\" \/>\n<script type=\"application\/ld+json\" class=\"yoast-schema-graph\">{\"@context\":\"https:\/\/schema.org\",\"@graph\":[{\"@type\":\"WebPage\",\"@id\":\"https:\/\/crudo-leather.com\/product\/pixar-toy-story-customized-italian-leather-wrap-gemstone-bracelet-lavender-purple-amethyst\/\",\"url\":\"https:\/\/crudo-leather.com\/product\/pixar-toy-story-customized-italian-leather-wrap-gemstone-bracelet-lavender-purple-amethyst\/\",\"name\":\"Pixar Toy Story Italian Leather Wrap Gemstone Bracelet - Lavender Purple Amethyst\",\"isPartOf\":{\"@id\":\"https:\/\/crudo-leather.com\/#website\"},\"primaryImageOfPage\":{\"@id\":\"https:\/\/crudo-leather.com\/product\/pixar-toy-story-customized-italian-leather-wrap-gemstone-bracelet-lavender-purple-amethyst\/#primaryimage\"},\"image\":{\"@id\":\"https:\/\/crudo-leather.com\/product\/pixar-toy-story-customized-italian-leather-wrap-gemstone-bracelet-lavender-purple-amethyst\/#primaryimage\"},\"thumbnailUrl\":\"https:\/\/crudo-leather.com\/wp-content\/uploads\/2024\/10\/TS_1st_WBG_BRT01stone_Purple_Notag.jpg\",\"datePublished\":\"2024-10-09T03:51:29+00:00\",\"dateModified\":\"2026-01-09T07:34:09+00:00\",\"description\":\"Explore officially licensed Pixar Toy Story Italian leather wrap gemstone bracelet. Lavender purple with amethyst. Free engraving & luxury gift box. A unique accessory. Shop now!\",\"breadcrumb\":{\"@id\":\"https:\/\/crudo-leather.com\/product\/pixar-toy-story-customized-italian-leather-wrap-gemstone-bracelet-lavender-purple-amethyst\/#breadcrumb\"},\"inLanguage\":\"en-US\",\"potentialAction\":[{\"@type\":\"ReadAction\",\"target\":[\"https:\/\/crudo-leather.com\/product\/pixar-toy-story-customized-italian-leather-wrap-gemstone-bracelet-lavender-purple-amethyst\/\"]}]},{\"@type\":\"ImageObject\",\"inLanguage\":\"en-US\",\"@id\":\"https:\/\/crudo-leather.com\/product\/pixar-toy-story-customized-italian-leather-wrap-gemstone-bracelet-lavender-purple-amethyst\/#primaryimage\",\"url\":\"https:\/\/crudo-leather.com\/wp-content\/uploads\/2024\/10\/TS_1st_WBG_BRT01stone_Purple_Notag.jpg\",\"contentUrl\":\"https:\/\/crudo-leather.com\/wp-content\/uploads\/2024\/10\/TS_1st_WBG_BRT01stone_Purple_Notag.jpg\",\"width\":2000,\"height\":2000},{\"@type\":\"BreadcrumbList\",\"@id\":\"https:\/\/crudo-leather.com\/product\/pixar-toy-story-customized-italian-leather-wrap-gemstone-bracelet-lavender-purple-amethyst\/#breadcrumb\",\"itemListElement\":[{\"@type\":\"ListItem\",\"position\":1,\"name\":\"Shop\",\"item\":\"https:\/\/crudo-leather.com\/shop\/\"},{\"@type\":\"ListItem\",\"position\":2,\"name\":\"Pixar Toy Story Customized Italian Leather Wrap Gemstone Bracelet\"}]},{\"@type\":\"WebSite\",\"@id\":\"https:\/\/crudo-leather.com\/#website\",\"url\":\"https:\/\/crudo-leather.com\/\",\"name\":\"Crudo\",\"description\":\"\",\"potentialAction\":[{\"@type\":\"SearchAction\",\"target\":{\"@type\":\"EntryPoint\",\"urlTemplate\":\"https:\/\/crudo-leather.com\/?s={search_term_string}\"},\"query-input\":{\"@type\":\"PropertyValueSpecification\",\"valueRequired\":true,\"valueName\":\"search_term_string\"}}],\"inLanguage\":\"en-US\"}]}<\/script>\n<!-- \/ Yoast SEO plugin. -->","yoast_head_json":{"title":"Pixar Toy Story Geflochtenes Leder Edelsteinarmband Lavendelviolett Amethyst","description":"Crudo Disney & Pixar Limited Edition! Geflochtenes Lederarmband mit Edelsteinen, Lavendelviolett Amethyst. Italienisches Vollrindleder und 316L deutscher Stahl, offiziell lizenziert.","robots":{"index":"index","follow":"follow","max-snippet":"max-snippet:-1","max-image-preview":"max-image-preview:large","max-video-preview":"max-video-preview:-1"},"canonical":"https:\/\/crudo-leather.com\/de\/product\/pixar-toy-story-customized-italian-leather-wrap-gemstone-bracelet-lavender-purple-amethyst\/","og_locale":"en_US","og_type":"article","og_title":"Pixar Toy Story Geflochtenes Leder Edelsteinarmband Lavendelviolett Amethyst","og_description":"Crudo Disney & Pixar Limited Edition! Geflochtenes Lederarmband mit Edelsteinen, Lavendelviolett Amethyst. Italienisches Vollrindleder und 316L deutscher Stahl, offiziell lizenziert.","og_url":"https:\/\/crudo-leather.com\/product\/pixar-toy-story-customized-italian-leather-wrap-gemstone-bracelet-lavender-purple-amethyst\/","og_site_name":"Crudo","article_modified_time":"2026-01-09T07:34:09+00:00","og_image":[{"width":2000,"height":2000,"url":"https:\/\/crudo-leather.com\/wp-content\/uploads\/2024\/10\/TS_1st_WBG_BRT01stone_Purple_Notag.jpg","type":"image\/jpeg"}],"twitter_card":"summary_large_image","twitter_misc":{"Est. reading time":"1 minute"},"schema":{"@context":"https:\/\/schema.org","@graph":[{"@type":"WebPage","@id":"https:\/\/crudo-leather.com\/product\/pixar-toy-story-customized-italian-leather-wrap-gemstone-bracelet-lavender-purple-amethyst\/","url":"https:\/\/crudo-leather.com\/product\/pixar-toy-story-customized-italian-leather-wrap-gemstone-bracelet-lavender-purple-amethyst\/","name":"Pixar Toy Story Italian Leather Wrap Gemstone Bracelet - Lavender Purple Amethyst","isPartOf":{"@id":"https:\/\/crudo-leather.com\/#website"},"primaryImageOfPage":{"@id":"https:\/\/crudo-leather.com\/product\/pixar-toy-story-customized-italian-leather-wrap-gemstone-bracelet-lavender-purple-amethyst\/#primaryimage"},"image":{"@id":"https:\/\/crudo-leather.com\/product\/pixar-toy-story-customized-italian-leather-wrap-gemstone-bracelet-lavender-purple-amethyst\/#primaryimage"},"thumbnailUrl":"https:\/\/crudo-leather.com\/wp-content\/uploads\/2024\/10\/TS_1st_WBG_BRT01stone_Purple_Notag.jpg","datePublished":"2024-10-09T03:51:29+00:00","dateModified":"2026-01-09T07:34:09+00:00","description":"Explore officially licensed Pixar Toy Story Italian leather wrap gemstone bracelet. Lavender purple with amethyst. Free engraving & luxury gift box. A unique accessory. Shop now!","breadcrumb":{"@id":"https:\/\/crudo-leather.com\/product\/pixar-toy-story-customized-italian-leather-wrap-gemstone-bracelet-lavender-purple-amethyst\/#breadcrumb"},"inLanguage":"en-US","potentialAction":[{"@type":"ReadAction","target":["https:\/\/crudo-leather.com\/product\/pixar-toy-story-customized-italian-leather-wrap-gemstone-bracelet-lavender-purple-amethyst\/"]}]},{"@type":"ImageObject","inLanguage":"en-US","@id":"https:\/\/crudo-leather.com\/product\/pixar-toy-story-customized-italian-leather-wrap-gemstone-bracelet-lavender-purple-amethyst\/#primaryimage","url":"https:\/\/crudo-leather.com\/wp-content\/uploads\/2024\/10\/TS_1st_WBG_BRT01stone_Purple_Notag.jpg","contentUrl":"https:\/\/crudo-leather.com\/wp-content\/uploads\/2024\/10\/TS_1st_WBG_BRT01stone_Purple_Notag.jpg","width":2000,"height":2000},{"@type":"BreadcrumbList","@id":"https:\/\/crudo-leather.com\/product\/pixar-toy-story-customized-italian-leather-wrap-gemstone-bracelet-lavender-purple-amethyst\/#breadcrumb","itemListElement":[{"@type":"ListItem","position":1,"name":"Shop","item":"https:\/\/crudo-leather.com\/shop\/"},{"@type":"ListItem","position":2,"name":"Pixar Toy Story Customized Italian Leather Wrap Gemstone Bracelet"}]},{"@type":"WebSite","@id":"https:\/\/crudo-leather.com\/#website","url":"https:\/\/crudo-leather.com\/","name":"Crudo","description":"","potentialAction":[{"@type":"SearchAction","target":{"@type":"EntryPoint","urlTemplate":"https:\/\/crudo-leather.com\/?s={search_term_string}"},"query-input":{"@type":"PropertyValueSpecification","valueRequired":true,"valueName":"search_term_string"}}],"inLanguage":"en-US"}]}},"_links":{"self":[{"href":"https:\/\/crudo-leather.com\/de\/wp-json\/wp\/v2\/product\/293146"}],"collection":[{"href":"https:\/\/crudo-leather.com\/de\/wp-json\/wp\/v2\/product"}],"about":[{"href":"https:\/\/crudo-leather.com\/de\/wp-json\/wp\/v2\/types\/product"}],"replies":[{"embeddable":true,"href":"https:\/\/crudo-leather.com\/de\/wp-json\/wp\/v2\/comments?post=293146"}],"wp:featuredmedia":[{"embeddable":true,"href":"https:\/\/crudo-leather.com\/de\/wp-json\/wp\/v2\/media\/293101"}],"wp:attachment":[{"href":"https:\/\/crudo-leather.com\/de\/wp-json\/wp\/v2\/media?parent=293146"}],"wp:term":[{"taxonomy":"collection","embeddable":true,"href":"https:\/\/crudo-leather.com\/de\/wp-json\/wp\/v2\/collection?post=293146"},{"taxonomy":"trending_cat","embeddable":true,"href":"https:\/\/crudo-leather.com\/de\/wp-json\/wp\/v2\/trending_cat?post=293146"},{"taxonomy":"product_cat","embeddable":true,"href":"https:\/\/crudo-leather.com\/de\/wp-json\/wp\/v2\/product_cat?post=293146"},{"taxonomy":"product_tag","embeddable":true,"href":"https:\/\/crudo-leather.com\/de\/wp-json\/wp\/v2\/product_tag?post=293146"}],"curies":[{"name":"wp","href":"https:\/\/api.w.org\/{rel}","templated":true}]}}