{"id":293216,"date":"2024-10-09T15:03:05","date_gmt":"2024-10-09T07:03:05","guid":{"rendered":"https:\/\/crudo-leather.com\/product\/cinnamoroll-customzied-italian-leather-wrap-keychain-%e8%a4%87%e8%a3%bd\/"},"modified":"2025-10-15T14:54:29","modified_gmt":"2025-10-15T06:54:29","slug":"pixar-toy-story-customzied-italian-leather-wrap-keychain-jet-black-rose-gold","status":"publish","type":"product","link":"https:\/\/crudo-leather.com\/de\/product\/pixar-toy-story-customzied-italian-leather-wrap-keychain-jet-black-rose-gold\/","title":{"rendered":"Pixar Toy Story Limited Edition personalisiertes geflochtenes Leder Schl\u00fcsselanh\u00e4nger"},"content":{"rendered":"","protected":false},"excerpt":{"rendered":"**Bitte w\u00e4hlen Sie mindestens ein Toy Story Charakter Metallanh\u00e4nger aus, sonst wird das Produkt nur mit dem urspr\u00fcnglichen Crudo runden Anh\u00e4nger geliefert und nicht mit der Toy Story Special Edition Geschenkbox**\n\n<ins><strong>Toy Story Special Edition<\/strong><\/ins>\nLassen Sie Ihre Lieblingsspielzeuge immer bei Ihnen sein! Die Toy Story Charaktere Emaille-Metallanh\u00e4nger mit Glitzerpunkten k\u00f6nnen frei mit den minimalistischen und luxuri\u00f6sen Leder- oder Stahl-Gravurschmuckst\u00fccken kombiniert werden. Holen Sie sich sofort Ihren pers\u00f6nlichen Spielzeugfreund!\n\n<strong>Klicken Sie auf \"Zum Warenkorb hinzuf\u00fcgen und gestalten\", um Ihren Gravurtext zu gestalten<\/strong>\n\n- Offiziell lizenziertes Disney Pixar Produkt\n- Verschiedene Toy Story Charaktere gl\u00e4nzende Metallanh\u00e4nger, die frei kombiniert und an Leder-Schl\u00fcsselanh\u00e4ngern befestigt werden k\u00f6nnen\n- Crudos innovatives Design mit zwei \u00fcberlagerten Anh\u00e4ngern, Toy Story Charaktere mit charakteristischen Objektdekorationen, Musteroberfl\u00e4che mit Glitzerpunkten verziert\n- Beim Kauf von Toy Story Serie Schmuck erhalten Sie eine Toy Story Special Edition Geschenkbox mit abziehbarer Gru\u00dfkarte (inklusive Geschenkkarte und Produktgarantie)\n- Kostenloser Gravurservice, verschiedene Schriftarten, Toy Story Special Edition Emojis und Gravurvorschl\u00e4ge zur Auswahl\n- Handgefertigt aus italienischem geflochtenem Leder, erweiterbar f\u00fcr die Verbindung mit verschiedenen Objekten\n- Exklusives kleines Achteck-Metallschliffdesign\n- Kombiniert Kunst, Mode und Funktionalit\u00e4t im Design\n\n<strong>Herstellungszeit und Versanddetails<\/strong>\n- Jedes Produkt ben\u00f6tigt nur 1-5 Werktage zur Herstellung\n- Bestellungen von heute k\u00f6nnen bereits morgen versendet werden\n- Direktversand in Hongkong und Macau","protected":false},"featured_media":293218,"comment_status":"open","ping_status":"closed","template":"","meta":{"inline_featured_image":false},"collection":[2640],"trending_cat":[],"product_cat":[89],"product_tag":[2402,2643],"class_list":{"0":"post-293216","1":"product","2":"type-product","3":"status-publish","4":"has-post-thumbnail","6":"product_cat-others-accessories","7":"product_tag-disney-pixar","8":"product_tag-pixar-toy-story","10":"first","11":"instock","12":"sale","13":"shipping-taxable","14":"purchasable","15":"product-type-variable"},"yoast_head":"<!-- This site is optimized with the Yoast SEO plugin v23.4 - https:\/\/yoast.com\/wordpress\/plugins\/seo\/ -->\n<title>Pixar Toy Story geflochtenes Leder Schl\u00fcsselanh\u00e4nger Schwarz Rosegold<\/title>\n<meta name=\"description\" content=\"Crudo Disney &amp; Pixar Limited Edition! Personalisiertes geflochtenes Leder-Schl\u00fcsselband, Schwarz-Ros\u00e9gold. Handgefertigt aus italienischem Vollrindleder, exquisit und niedlich, offiziell lizenziert.\" \/>\n<meta name=\"robots\" content=\"index, follow, max-snippet:-1, max-image-preview:large, max-video-preview:-1\" \/>\n<link rel=\"canonical\" href=\"https:\/\/crudo-leather.com\/de\/product\/pixar-toy-story-customzied-italian-leather-wrap-keychain-jet-black-rose-gold\/\" \/>\n<meta property=\"og:locale\" content=\"en_US\" \/>\n<meta property=\"og:type\" content=\"article\" \/>\n<meta property=\"og:title\" content=\"Pixar Toy Story geflochtenes Leder Schl\u00fcsselanh\u00e4nger Schwarz Rosegold\" \/>\n<meta property=\"og:description\" content=\"Crudo Disney &amp; Pixar Limited Edition! Personalisiertes geflochtenes Leder-Schl\u00fcsselband, Schwarz-Ros\u00e9gold. Handgefertigt aus italienischem Vollrindleder, exquisit und niedlich, offiziell lizenziert.\" \/>\n<meta property=\"og:url\" content=\"https:\/\/crudo-leather.com\/product\/pixar-toy-story-customzied-italian-leather-wrap-keychain-jet-black-rose-gold\/\" \/>\n<meta property=\"og:site_name\" content=\"Crudo\" \/>\n<meta property=\"article:modified_time\" content=\"2025-10-15T06:54:29+00:00\" \/>\n<meta property=\"og:image\" content=\"https:\/\/crudo-leather.com\/wp-content\/uploads\/2024\/10\/TS_KEC01_Black_Front.jpg\" \/>\n\t<meta property=\"og:image:width\" content=\"2000\" \/>\n\t<meta property=\"og:image:height\" content=\"2000\" \/>\n\t<meta property=\"og:image:type\" content=\"image\/jpeg\" \/>\n<meta name=\"twitter:card\" content=\"summary_large_image\" \/>\n<meta name=\"twitter:label1\" content=\"Est. reading time\" \/>\n\t<meta name=\"twitter:data1\" content=\"1 minute\" \/>\n<script type=\"application\/ld+json\" class=\"yoast-schema-graph\">{\"@context\":\"https:\/\/schema.org\",\"@graph\":[{\"@type\":\"WebPage\",\"@id\":\"https:\/\/crudo-leather.com\/product\/pixar-toy-story-customzied-italian-leather-wrap-keychain-jet-black-rose-gold\/\",\"url\":\"https:\/\/crudo-leather.com\/product\/pixar-toy-story-customzied-italian-leather-wrap-keychain-jet-black-rose-gold\/\",\"name\":\"Toy Story Leather Keychain: Jet Black Rose Gold\",\"isPartOf\":{\"@id\":\"https:\/\/crudo-leather.com\/#website\"},\"primaryImageOfPage\":{\"@id\":\"https:\/\/crudo-leather.com\/product\/pixar-toy-story-customzied-italian-leather-wrap-keychain-jet-black-rose-gold\/#primaryimage\"},\"image\":{\"@id\":\"https:\/\/crudo-leather.com\/product\/pixar-toy-story-customzied-italian-leather-wrap-keychain-jet-black-rose-gold\/#primaryimage\"},\"thumbnailUrl\":\"https:\/\/crudo-leather.com\/wp-content\/uploads\/2024\/10\/TS_KEC01_Black_Front.jpg\",\"datePublished\":\"2024-10-09T07:03:05+00:00\",\"dateModified\":\"2025-10-15T06:54:29+00:00\",\"description\":\"Classic elegance with a playful twist: the Pixar Toy Story Customized Italian Leather Wrap Keychain in Jet Black Rose Gold.\",\"breadcrumb\":{\"@id\":\"https:\/\/crudo-leather.com\/product\/pixar-toy-story-customzied-italian-leather-wrap-keychain-jet-black-rose-gold\/#breadcrumb\"},\"inLanguage\":\"en-US\",\"potentialAction\":[{\"@type\":\"ReadAction\",\"target\":[\"https:\/\/crudo-leather.com\/product\/pixar-toy-story-customzied-italian-leather-wrap-keychain-jet-black-rose-gold\/\"]}]},{\"@type\":\"ImageObject\",\"inLanguage\":\"en-US\",\"@id\":\"https:\/\/crudo-leather.com\/product\/pixar-toy-story-customzied-italian-leather-wrap-keychain-jet-black-rose-gold\/#primaryimage\",\"url\":\"https:\/\/crudo-leather.com\/wp-content\/uploads\/2024\/10\/TS_KEC01_Black_Front.jpg\",\"contentUrl\":\"https:\/\/crudo-leather.com\/wp-content\/uploads\/2024\/10\/TS_KEC01_Black_Front.jpg\",\"width\":2000,\"height\":2000},{\"@type\":\"BreadcrumbList\",\"@id\":\"https:\/\/crudo-leather.com\/product\/pixar-toy-story-customzied-italian-leather-wrap-keychain-jet-black-rose-gold\/#breadcrumb\",\"itemListElement\":[{\"@type\":\"ListItem\",\"position\":1,\"name\":\"Shop\",\"item\":\"https:\/\/crudo-leather.com\/shop\/\"},{\"@type\":\"ListItem\",\"position\":2,\"name\":\"Pixar Toy Story Customized Italian Leather Keychain\"}]},{\"@type\":\"WebSite\",\"@id\":\"https:\/\/crudo-leather.com\/#website\",\"url\":\"https:\/\/crudo-leather.com\/\",\"name\":\"Crudo\",\"description\":\"\",\"potentialAction\":[{\"@type\":\"SearchAction\",\"target\":{\"@type\":\"EntryPoint\",\"urlTemplate\":\"https:\/\/crudo-leather.com\/?s={search_term_string}\"},\"query-input\":{\"@type\":\"PropertyValueSpecification\",\"valueRequired\":true,\"valueName\":\"search_term_string\"}}],\"inLanguage\":\"en-US\"}]}<\/script>\n<!-- \/ Yoast SEO plugin. -->","yoast_head_json":{"title":"Pixar Toy Story geflochtenes Leder Schl\u00fcsselanh\u00e4nger Schwarz Rosegold","description":"Crudo Disney & Pixar Limited Edition! Personalisiertes geflochtenes Leder-Schl\u00fcsselband, Schwarz-Ros\u00e9gold. Handgefertigt aus italienischem Vollrindleder, exquisit und niedlich, offiziell lizenziert.","robots":{"index":"index","follow":"follow","max-snippet":"max-snippet:-1","max-image-preview":"max-image-preview:large","max-video-preview":"max-video-preview:-1"},"canonical":"https:\/\/crudo-leather.com\/de\/product\/pixar-toy-story-customzied-italian-leather-wrap-keychain-jet-black-rose-gold\/","og_locale":"en_US","og_type":"article","og_title":"Pixar Toy Story geflochtenes Leder Schl\u00fcsselanh\u00e4nger Schwarz Rosegold","og_description":"Crudo Disney & Pixar Limited Edition! Personalisiertes geflochtenes Leder-Schl\u00fcsselband, Schwarz-Ros\u00e9gold. Handgefertigt aus italienischem Vollrindleder, exquisit und niedlich, offiziell lizenziert.","og_url":"https:\/\/crudo-leather.com\/product\/pixar-toy-story-customzied-italian-leather-wrap-keychain-jet-black-rose-gold\/","og_site_name":"Crudo","article_modified_time":"2025-10-15T06:54:29+00:00","og_image":[{"width":2000,"height":2000,"url":"https:\/\/crudo-leather.com\/wp-content\/uploads\/2024\/10\/TS_KEC01_Black_Front.jpg","type":"image\/jpeg"}],"twitter_card":"summary_large_image","twitter_misc":{"Est. reading time":"1 minute"},"schema":{"@context":"https:\/\/schema.org","@graph":[{"@type":"WebPage","@id":"https:\/\/crudo-leather.com\/product\/pixar-toy-story-customzied-italian-leather-wrap-keychain-jet-black-rose-gold\/","url":"https:\/\/crudo-leather.com\/product\/pixar-toy-story-customzied-italian-leather-wrap-keychain-jet-black-rose-gold\/","name":"Toy Story Leather Keychain: Jet Black Rose Gold","isPartOf":{"@id":"https:\/\/crudo-leather.com\/#website"},"primaryImageOfPage":{"@id":"https:\/\/crudo-leather.com\/product\/pixar-toy-story-customzied-italian-leather-wrap-keychain-jet-black-rose-gold\/#primaryimage"},"image":{"@id":"https:\/\/crudo-leather.com\/product\/pixar-toy-story-customzied-italian-leather-wrap-keychain-jet-black-rose-gold\/#primaryimage"},"thumbnailUrl":"https:\/\/crudo-leather.com\/wp-content\/uploads\/2024\/10\/TS_KEC01_Black_Front.jpg","datePublished":"2024-10-09T07:03:05+00:00","dateModified":"2025-10-15T06:54:29+00:00","description":"Classic elegance with a playful twist: the Pixar Toy Story Customized Italian Leather Wrap Keychain in Jet Black Rose Gold.","breadcrumb":{"@id":"https:\/\/crudo-leather.com\/product\/pixar-toy-story-customzied-italian-leather-wrap-keychain-jet-black-rose-gold\/#breadcrumb"},"inLanguage":"en-US","potentialAction":[{"@type":"ReadAction","target":["https:\/\/crudo-leather.com\/product\/pixar-toy-story-customzied-italian-leather-wrap-keychain-jet-black-rose-gold\/"]}]},{"@type":"ImageObject","inLanguage":"en-US","@id":"https:\/\/crudo-leather.com\/product\/pixar-toy-story-customzied-italian-leather-wrap-keychain-jet-black-rose-gold\/#primaryimage","url":"https:\/\/crudo-leather.com\/wp-content\/uploads\/2024\/10\/TS_KEC01_Black_Front.jpg","contentUrl":"https:\/\/crudo-leather.com\/wp-content\/uploads\/2024\/10\/TS_KEC01_Black_Front.jpg","width":2000,"height":2000},{"@type":"BreadcrumbList","@id":"https:\/\/crudo-leather.com\/product\/pixar-toy-story-customzied-italian-leather-wrap-keychain-jet-black-rose-gold\/#breadcrumb","itemListElement":[{"@type":"ListItem","position":1,"name":"Shop","item":"https:\/\/crudo-leather.com\/shop\/"},{"@type":"ListItem","position":2,"name":"Pixar Toy Story Customized Italian Leather Keychain"}]},{"@type":"WebSite","@id":"https:\/\/crudo-leather.com\/#website","url":"https:\/\/crudo-leather.com\/","name":"Crudo","description":"","potentialAction":[{"@type":"SearchAction","target":{"@type":"EntryPoint","urlTemplate":"https:\/\/crudo-leather.com\/?s={search_term_string}"},"query-input":{"@type":"PropertyValueSpecification","valueRequired":true,"valueName":"search_term_string"}}],"inLanguage":"en-US"}]}},"_links":{"self":[{"href":"https:\/\/crudo-leather.com\/de\/wp-json\/wp\/v2\/product\/293216"}],"collection":[{"href":"https:\/\/crudo-leather.com\/de\/wp-json\/wp\/v2\/product"}],"about":[{"href":"https:\/\/crudo-leather.com\/de\/wp-json\/wp\/v2\/types\/product"}],"replies":[{"embeddable":true,"href":"https:\/\/crudo-leather.com\/de\/wp-json\/wp\/v2\/comments?post=293216"}],"wp:featuredmedia":[{"embeddable":true,"href":"https:\/\/crudo-leather.com\/de\/wp-json\/wp\/v2\/media\/293218"}],"wp:attachment":[{"href":"https:\/\/crudo-leather.com\/de\/wp-json\/wp\/v2\/media?parent=293216"}],"wp:term":[{"taxonomy":"collection","embeddable":true,"href":"https:\/\/crudo-leather.com\/de\/wp-json\/wp\/v2\/collection?post=293216"},{"taxonomy":"trending_cat","embeddable":true,"href":"https:\/\/crudo-leather.com\/de\/wp-json\/wp\/v2\/trending_cat?post=293216"},{"taxonomy":"product_cat","embeddable":true,"href":"https:\/\/crudo-leather.com\/de\/wp-json\/wp\/v2\/product_cat?post=293216"},{"taxonomy":"product_tag","embeddable":true,"href":"https:\/\/crudo-leather.com\/de\/wp-json\/wp\/v2\/product_tag?post=293216"}],"curies":[{"name":"wp","href":"https:\/\/api.w.org\/{rel}","templated":true}]}}