{"id":293248,"date":"2024-10-09T15:51:16","date_gmt":"2024-10-09T07:51:16","guid":{"rendered":"https:\/\/crudo-leather.com\/product\/cinnamoroll-customized-metal-tag-keychain-%e8%a4%87%e8%a3%bd\/"},"modified":"2025-10-15T14:55:57","modified_gmt":"2025-10-15T06:55:57","slug":"pixar-toy-story-customized-metal-tag-keychain-white-gold","status":"publish","type":"product","link":"https:\/\/crudo-leather.com\/de\/product\/pixar-toy-story-customized-metal-tag-keychain-white-gold\/","title":{"rendered":"Pixar Toy Story Limited Edition personalisiertes Stahlanh\u00e4nger Schl\u00fcsselanh\u00e4nger"},"content":{"rendered":"","protected":false},"excerpt":{"rendered":"**Bitte w\u00e4hlen Sie mindestens ein Toy Story Charakter Metallanh\u00e4nger aus, sonst wird das Produkt nur mit dem urspr\u00fcnglichen Crudo runden Anh\u00e4nger geliefert und nicht mit der Toy Story Special Edition Geschenkbox**\n\n<ins><strong>Toy Story Special Edition<\/strong><\/ins>\nLassen Sie Ihre Lieblingsspielzeuge immer bei Ihnen sein! Die Toy Story Charaktere Emaille-Metallanh\u00e4nger mit Glitzerpunkten k\u00f6nnen frei mit dem minimalistischen und luxuri\u00f6sen Leder- oder Stahl-Gravurschmuck kombiniert werden. Holen Sie sich sofort Ihren pers\u00f6nlichen Spielzeugfreund!\n\n<strong>Klicken Sie auf \"Zum Warenkorb hinzuf\u00fcgen und gestalten\", um Ihren Gravurtext zu gestalten<\/strong>\n\n- Offiziell lizenziertes Disney Pixar Produkt\n- Verschiedene Toy Story Charaktere glitzernde Metallanh\u00e4nger, die frei kombiniert und am Stahlschl\u00fcsselring befestigt werden k\u00f6nnen\n- Innovatives Crudo Design mit zwei \u00fcberlappenden Anh\u00e4ngern, Toy Story Charaktere mit speziellen Objektdekorationen, Musteroberfl\u00e4che mit Glitzerpunkten\n- Beim Kauf von Toy Story Schmuck erhalten Sie eine Toy Story Special Edition Geschenkbox mit abrei\u00dfbarer Gru\u00dfkarte (inklusive Geschenkkarte und Produktgarantie)\n- Kostenloser Gravurservice, verschiedene Schriftarten, Toy Story Special Edition Emojis und Gravurvorschl\u00e4ge zur Auswahl\n- Elegantes abgeschr\u00e4gtes Design\n- Zweifarbiges Metall erh\u00f6ht den modischen Look\n- Kompakte Ma\u00dfe f\u00fcr einfachen Transport, kann auch als Anh\u00e4nger verwendet werden\n\n<strong>Produktionszeit und Versanddetails<\/strong>\n- Jedes Produkt ben\u00f6tigt nur 1-5 Werktage zur Fertigstellung\n- Bei Bestellung heute kann es bereits morgen versendet werden\n- Direktversand nach Hongkong und Macau","protected":false},"featured_media":293252,"comment_status":"open","ping_status":"closed","template":"","meta":{"inline_featured_image":false},"collection":[2640],"trending_cat":[],"product_cat":[89],"product_tag":[2402,2643],"class_list":{"0":"post-293248","1":"product","2":"type-product","3":"status-publish","4":"has-post-thumbnail","6":"product_cat-others-accessories","7":"product_tag-disney-pixar","8":"product_tag-pixar-toy-story","10":"first","11":"instock","12":"sale","13":"shipping-taxable","14":"purchasable","15":"product-type-variable"},"yoast_head":"<!-- This site is optimized with the Yoast SEO plugin v23.4 - https:\/\/yoast.com\/wordpress\/plugins\/seo\/ -->\n<title>Pixar Toy Story Metallanh\u00e4nger Schl\u00fcsselanh\u00e4nger Platin<\/title>\n<meta name=\"description\" content=\"Crudo Disney &amp; Pixar Limited Edition! Personalisiertes Metallanh\u00e4nger-Schl\u00fcsselband, in Wei\u00dfgold. Raffiniertes Design, offiziell lizenziert, personalisierbare Gravur, leicht und tragbar.\" \/>\n<meta name=\"robots\" content=\"index, follow, max-snippet:-1, max-image-preview:large, max-video-preview:-1\" \/>\n<link rel=\"canonical\" href=\"https:\/\/crudo-leather.com\/de\/product\/pixar-toy-story-customized-metal-tag-keychain-white-gold\/\" \/>\n<meta property=\"og:locale\" content=\"en_US\" \/>\n<meta property=\"og:type\" content=\"article\" \/>\n<meta property=\"og:title\" content=\"Pixar Toy Story Metallanh\u00e4nger Schl\u00fcsselanh\u00e4nger Platin\" \/>\n<meta property=\"og:description\" content=\"Crudo Disney &amp; Pixar Limited Edition! Personalisiertes Metallanh\u00e4nger-Schl\u00fcsselband, in Wei\u00dfgold. Raffiniertes Design, offiziell lizenziert, personalisierbare Gravur, leicht und tragbar.\" \/>\n<meta property=\"og:url\" content=\"https:\/\/crudo-leather.com\/product\/pixar-toy-story-customized-metal-tag-keychain-white-gold\/\" \/>\n<meta property=\"og:site_name\" content=\"Crudo\" \/>\n<meta property=\"article:modified_time\" content=\"2025-10-15T06:55:57+00:00\" \/>\n<meta property=\"og:image\" content=\"https:\/\/crudo-leather.com\/wp-content\/uploads\/2024\/10\/TS_KEC02_Silver.jpg\" \/>\n\t<meta property=\"og:image:width\" content=\"2000\" \/>\n\t<meta property=\"og:image:height\" content=\"2000\" \/>\n\t<meta property=\"og:image:type\" content=\"image\/jpeg\" \/>\n<meta name=\"twitter:card\" content=\"summary_large_image\" \/>\n<meta name=\"twitter:label1\" content=\"Est. reading time\" \/>\n\t<meta name=\"twitter:data1\" content=\"1 minute\" \/>\n<script type=\"application\/ld+json\" class=\"yoast-schema-graph\">{\"@context\":\"https:\/\/schema.org\",\"@graph\":[{\"@type\":\"WebPage\",\"@id\":\"https:\/\/crudo-leather.com\/product\/pixar-toy-story-customized-metal-tag-keychain-white-gold\/\",\"url\":\"https:\/\/crudo-leather.com\/product\/pixar-toy-story-customized-metal-tag-keychain-white-gold\/\",\"name\":\"Pixar Toy Story Customized Metal Tag Keychain - White Gold\",\"isPartOf\":{\"@id\":\"https:\/\/crudo-leather.com\/#website\"},\"primaryImageOfPage\":{\"@id\":\"https:\/\/crudo-leather.com\/product\/pixar-toy-story-customized-metal-tag-keychain-white-gold\/#primaryimage\"},\"image\":{\"@id\":\"https:\/\/crudo-leather.com\/product\/pixar-toy-story-customized-metal-tag-keychain-white-gold\/#primaryimage\"},\"thumbnailUrl\":\"https:\/\/crudo-leather.com\/wp-content\/uploads\/2024\/10\/TS_KEC02_Silver.jpg\",\"datePublished\":\"2024-10-09T07:51:16+00:00\",\"dateModified\":\"2025-10-15T06:55:57+00:00\",\"description\":\"Explore officially licensed Pixar Toy Story metal tag keychain. White gold, free engraving service & luxury gift box. Create your exclusive Toy Story accessory. Shop now!\",\"breadcrumb\":{\"@id\":\"https:\/\/crudo-leather.com\/product\/pixar-toy-story-customized-metal-tag-keychain-white-gold\/#breadcrumb\"},\"inLanguage\":\"en-US\",\"potentialAction\":[{\"@type\":\"ReadAction\",\"target\":[\"https:\/\/crudo-leather.com\/product\/pixar-toy-story-customized-metal-tag-keychain-white-gold\/\"]}]},{\"@type\":\"ImageObject\",\"inLanguage\":\"en-US\",\"@id\":\"https:\/\/crudo-leather.com\/product\/pixar-toy-story-customized-metal-tag-keychain-white-gold\/#primaryimage\",\"url\":\"https:\/\/crudo-leather.com\/wp-content\/uploads\/2024\/10\/TS_KEC02_Silver.jpg\",\"contentUrl\":\"https:\/\/crudo-leather.com\/wp-content\/uploads\/2024\/10\/TS_KEC02_Silver.jpg\",\"width\":2000,\"height\":2000},{\"@type\":\"BreadcrumbList\",\"@id\":\"https:\/\/crudo-leather.com\/product\/pixar-toy-story-customized-metal-tag-keychain-white-gold\/#breadcrumb\",\"itemListElement\":[{\"@type\":\"ListItem\",\"position\":1,\"name\":\"Shop\",\"item\":\"https:\/\/crudo-leather.com\/shop\/\"},{\"@type\":\"ListItem\",\"position\":2,\"name\":\"Pixar Toy Story Customized Metal Tag Keychain\"}]},{\"@type\":\"WebSite\",\"@id\":\"https:\/\/crudo-leather.com\/#website\",\"url\":\"https:\/\/crudo-leather.com\/\",\"name\":\"Crudo\",\"description\":\"\",\"potentialAction\":[{\"@type\":\"SearchAction\",\"target\":{\"@type\":\"EntryPoint\",\"urlTemplate\":\"https:\/\/crudo-leather.com\/?s={search_term_string}\"},\"query-input\":{\"@type\":\"PropertyValueSpecification\",\"valueRequired\":true,\"valueName\":\"search_term_string\"}}],\"inLanguage\":\"en-US\"}]}<\/script>\n<!-- \/ Yoast SEO plugin. -->","yoast_head_json":{"title":"Pixar Toy Story Metallanh\u00e4nger Schl\u00fcsselanh\u00e4nger Platin","description":"Crudo Disney & Pixar Limited Edition! Personalisiertes Metallanh\u00e4nger-Schl\u00fcsselband, in Wei\u00dfgold. Raffiniertes Design, offiziell lizenziert, personalisierbare Gravur, leicht und tragbar.","robots":{"index":"index","follow":"follow","max-snippet":"max-snippet:-1","max-image-preview":"max-image-preview:large","max-video-preview":"max-video-preview:-1"},"canonical":"https:\/\/crudo-leather.com\/de\/product\/pixar-toy-story-customized-metal-tag-keychain-white-gold\/","og_locale":"en_US","og_type":"article","og_title":"Pixar Toy Story Metallanh\u00e4nger Schl\u00fcsselanh\u00e4nger Platin","og_description":"Crudo Disney & Pixar Limited Edition! Personalisiertes Metallanh\u00e4nger-Schl\u00fcsselband, in Wei\u00dfgold. Raffiniertes Design, offiziell lizenziert, personalisierbare Gravur, leicht und tragbar.","og_url":"https:\/\/crudo-leather.com\/product\/pixar-toy-story-customized-metal-tag-keychain-white-gold\/","og_site_name":"Crudo","article_modified_time":"2025-10-15T06:55:57+00:00","og_image":[{"width":2000,"height":2000,"url":"https:\/\/crudo-leather.com\/wp-content\/uploads\/2024\/10\/TS_KEC02_Silver.jpg","type":"image\/jpeg"}],"twitter_card":"summary_large_image","twitter_misc":{"Est. reading time":"1 minute"},"schema":{"@context":"https:\/\/schema.org","@graph":[{"@type":"WebPage","@id":"https:\/\/crudo-leather.com\/product\/pixar-toy-story-customized-metal-tag-keychain-white-gold\/","url":"https:\/\/crudo-leather.com\/product\/pixar-toy-story-customized-metal-tag-keychain-white-gold\/","name":"Pixar Toy Story Customized Metal Tag Keychain - White Gold","isPartOf":{"@id":"https:\/\/crudo-leather.com\/#website"},"primaryImageOfPage":{"@id":"https:\/\/crudo-leather.com\/product\/pixar-toy-story-customized-metal-tag-keychain-white-gold\/#primaryimage"},"image":{"@id":"https:\/\/crudo-leather.com\/product\/pixar-toy-story-customized-metal-tag-keychain-white-gold\/#primaryimage"},"thumbnailUrl":"https:\/\/crudo-leather.com\/wp-content\/uploads\/2024\/10\/TS_KEC02_Silver.jpg","datePublished":"2024-10-09T07:51:16+00:00","dateModified":"2025-10-15T06:55:57+00:00","description":"Explore officially licensed Pixar Toy Story metal tag keychain. White gold, free engraving service & luxury gift box. Create your exclusive Toy Story accessory. Shop now!","breadcrumb":{"@id":"https:\/\/crudo-leather.com\/product\/pixar-toy-story-customized-metal-tag-keychain-white-gold\/#breadcrumb"},"inLanguage":"en-US","potentialAction":[{"@type":"ReadAction","target":["https:\/\/crudo-leather.com\/product\/pixar-toy-story-customized-metal-tag-keychain-white-gold\/"]}]},{"@type":"ImageObject","inLanguage":"en-US","@id":"https:\/\/crudo-leather.com\/product\/pixar-toy-story-customized-metal-tag-keychain-white-gold\/#primaryimage","url":"https:\/\/crudo-leather.com\/wp-content\/uploads\/2024\/10\/TS_KEC02_Silver.jpg","contentUrl":"https:\/\/crudo-leather.com\/wp-content\/uploads\/2024\/10\/TS_KEC02_Silver.jpg","width":2000,"height":2000},{"@type":"BreadcrumbList","@id":"https:\/\/crudo-leather.com\/product\/pixar-toy-story-customized-metal-tag-keychain-white-gold\/#breadcrumb","itemListElement":[{"@type":"ListItem","position":1,"name":"Shop","item":"https:\/\/crudo-leather.com\/shop\/"},{"@type":"ListItem","position":2,"name":"Pixar Toy Story Customized Metal Tag Keychain"}]},{"@type":"WebSite","@id":"https:\/\/crudo-leather.com\/#website","url":"https:\/\/crudo-leather.com\/","name":"Crudo","description":"","potentialAction":[{"@type":"SearchAction","target":{"@type":"EntryPoint","urlTemplate":"https:\/\/crudo-leather.com\/?s={search_term_string}"},"query-input":{"@type":"PropertyValueSpecification","valueRequired":true,"valueName":"search_term_string"}}],"inLanguage":"en-US"}]}},"_links":{"self":[{"href":"https:\/\/crudo-leather.com\/de\/wp-json\/wp\/v2\/product\/293248"}],"collection":[{"href":"https:\/\/crudo-leather.com\/de\/wp-json\/wp\/v2\/product"}],"about":[{"href":"https:\/\/crudo-leather.com\/de\/wp-json\/wp\/v2\/types\/product"}],"replies":[{"embeddable":true,"href":"https:\/\/crudo-leather.com\/de\/wp-json\/wp\/v2\/comments?post=293248"}],"wp:featuredmedia":[{"embeddable":true,"href":"https:\/\/crudo-leather.com\/de\/wp-json\/wp\/v2\/media\/293252"}],"wp:attachment":[{"href":"https:\/\/crudo-leather.com\/de\/wp-json\/wp\/v2\/media?parent=293248"}],"wp:term":[{"taxonomy":"collection","embeddable":true,"href":"https:\/\/crudo-leather.com\/de\/wp-json\/wp\/v2\/collection?post=293248"},{"taxonomy":"trending_cat","embeddable":true,"href":"https:\/\/crudo-leather.com\/de\/wp-json\/wp\/v2\/trending_cat?post=293248"},{"taxonomy":"product_cat","embeddable":true,"href":"https:\/\/crudo-leather.com\/de\/wp-json\/wp\/v2\/product_cat?post=293248"},{"taxonomy":"product_tag","embeddable":true,"href":"https:\/\/crudo-leather.com\/de\/wp-json\/wp\/v2\/product_tag?post=293248"}],"curies":[{"name":"wp","href":"https:\/\/api.w.org\/{rel}","templated":true}]}}