{"id":293294,"date":"2024-10-09T16:46:05","date_gmt":"2024-10-09T08:46:05","guid":{"rendered":"https:\/\/crudo-leather.com\/product\/cinnamoroll-customized-silver-beaded-heart-tag-gemstone-bracelet-copy\/"},"modified":"2025-10-10T16:10:33","modified_gmt":"2025-10-10T08:10:33","slug":"pixar-toy-story-customized-silver-beaded-heart-tag-gemstone-bracelet-amethyst","status":"publish","type":"product","link":"https:\/\/crudo-leather.com\/de\/product\/pixar-toy-story-customized-silver-beaded-heart-tag-gemstone-bracelet-amethyst\/","title":{"rendered":"Pixar Toy Story Limited Edition ma\u00dfgeschmiedete reine Silber Edelstein Perlen Armband"},"content":{"rendered":"","protected":false},"excerpt":{"rendered":"**Bitte w\u00e4hlen Sie mindestens ein Toy Story Charakter Metallanh\u00e4nger aus, sonst wird das Produkt nur mit dem urspr\u00fcnglichen Crudo runden Anh\u00e4nger geliefert und nicht mit der Toy Story Special Edition Geschenkbox**\n\n<ins><strong>Toy Story Special Edition<\/strong><\/ins>\nLassen Sie Ihre Lieblingsspielzeuge immer an Ihrer Seite sein! Die Toy Story Charaktere Emaille-Metallanh\u00e4nger mit Glitzerpunkten k\u00f6nnen frei mit den minimalistischen, luxuri\u00f6sen Leder- oder Stahlgravierschmuckst\u00fccken kombiniert werden. Holen Sie sich sofort Ihren pers\u00f6nlichen Spielzeugfreund!\n\n<strong>Klicken Sie auf \"Zum Warenkorb hinzuf\u00fcgen und gestalten\", um Ihre Gravur zu entwerfen<\/strong>\n\n- Offiziell lizenziertes Disney Pixar Produkt\n- Verschiedene Toy Story Charaktere glitzernde Metallanh\u00e4nger, die frei kombiniert und an Perlenarmb\u00e4ndern befestigt werden k\u00f6nnen\n- Innovatives Crudo Design mit zwei \u00fcbereinanderliegenden Anh\u00e4ngern, Toy Story Charaktere mit charakteristischen Objektdekorationen, Musteroberfl\u00e4che mit Glitzerpunkten\n- Beim Kauf von Toy Story Schmuck erhalten Sie eine Toy Story Special Edition Geschenkbox mit abl\u00f6sbarer Gru\u00dfkarte (inklusive Geschenkkarte und Produktgarantie)\n- Verwendung von nat\u00fcrlichem Amethyst, verziert mit 925 Silberperlen, luxuri\u00f6se und elegante Textur, bringt Ihnen Liebe und Gl\u00fcck\n- Jeder Edelstein wird nat\u00fcrlich abgebaut und hat eine einzigartige nat\u00fcrliche Textur\n- Elegantes herzf\u00f6rmiges Anh\u00e4nger, eine Seite mit hellem Edelstein besetzt, die andere Seite kann personalisiert mit Lasergravur versehen werden\n- Mit verstellbarem Verschluss, umschlie\u00dft das Handgelenk perfekt\n- Kostenloser Gravurservice, verschiedene Schriftarten, Toy Story Special Edition Emojis und Gravurvorschl\u00e4ge zur Auswahl\n- Verblasst und oxidiert nicht leicht, dauerhafte Aufbewahrung\n- Silberschmuck geeignet f\u00fcr Menschen mit empfindlicher Haut\n\n<strong>Produktionszeit und Versanddetails<\/strong>\n- Jedes Produkt ben\u00f6tigt nur 1-5 Werktage zur Fertigstellung\n- Bei Bestellung heute kann es bereits morgen versendet werden\n- Direktversand nach Hongkong und Macau","protected":false},"featured_media":293286,"comment_status":"open","ping_status":"closed","template":"","meta":{"inline_featured_image":false},"collection":[2640],"trending_cat":[],"product_cat":[17],"product_tag":[2402,2643],"class_list":{"0":"post-293294","1":"product","2":"type-product","3":"status-publish","4":"has-post-thumbnail","6":"product_cat-bracelets-cuffs","7":"product_tag-disney-pixar","8":"product_tag-pixar-toy-story","10":"first","11":"instock","12":"sale","13":"shipping-taxable","14":"purchasable","15":"product-type-variable"},"yoast_head":"<!-- This site is optimized with the Yoast SEO plugin v23.4 - https:\/\/yoast.com\/wordpress\/plugins\/seo\/ -->\n<title>Pixar Toy Story Sterling Silber Perlen Edelsteine Armband Amethyst<\/title>\n<meta name=\"description\" content=\"Crudo Disney &amp; Pixar Limited Edition! Reines Silber Perlen Edelsteine Armband, Amethyst bringt Weisheit. 925 Sterling Silber und nat\u00fcrliche Edelsteine, offiziell lizenziert, personalisierte Gravur m\u00f6glich.\" \/>\n<meta name=\"robots\" content=\"index, follow, max-snippet:-1, max-image-preview:large, max-video-preview:-1\" \/>\n<link rel=\"canonical\" href=\"https:\/\/crudo-leather.com\/de\/product\/pixar-toy-story-customized-silver-beaded-heart-tag-gemstone-bracelet-amethyst\/\" \/>\n<meta property=\"og:locale\" content=\"en_US\" \/>\n<meta property=\"og:type\" content=\"article\" \/>\n<meta property=\"og:title\" content=\"Pixar Toy Story Sterling Silber Perlen Edelsteine Armband Amethyst\" \/>\n<meta property=\"og:description\" content=\"Crudo Disney &amp; Pixar Limited Edition! Reines Silber Perlen Edelsteine Armband, Amethyst bringt Weisheit. 925 Sterling Silber und nat\u00fcrliche Edelsteine, offiziell lizenziert, personalisierte Gravur m\u00f6glich.\" \/>\n<meta property=\"og:url\" content=\"https:\/\/crudo-leather.com\/product\/pixar-toy-story-customized-silver-beaded-heart-tag-gemstone-bracelet-amethyst\/\" \/>\n<meta property=\"og:site_name\" content=\"Crudo\" \/>\n<meta property=\"article:modified_time\" content=\"2025-10-10T08:10:33+00:00\" \/>\n<meta property=\"og:image\" content=\"https:\/\/crudo-leather.com\/wp-content\/uploads\/2024\/10\/Yululun-Purple_01.jpg\" \/>\n\t<meta property=\"og:image:width\" content=\"2000\" \/>\n\t<meta property=\"og:image:height\" content=\"2000\" \/>\n\t<meta property=\"og:image:type\" content=\"image\/jpeg\" \/>\n<meta name=\"twitter:card\" content=\"summary_large_image\" \/>\n<meta name=\"twitter:label1\" content=\"Est. reading time\" \/>\n\t<meta name=\"twitter:data1\" content=\"1 minute\" \/>\n<script type=\"application\/ld+json\" class=\"yoast-schema-graph\">{\"@context\":\"https:\/\/schema.org\",\"@graph\":[{\"@type\":\"WebPage\",\"@id\":\"https:\/\/crudo-leather.com\/product\/pixar-toy-story-customized-silver-beaded-heart-tag-gemstone-bracelet-amethyst\/\",\"url\":\"https:\/\/crudo-leather.com\/product\/pixar-toy-story-customized-silver-beaded-heart-tag-gemstone-bracelet-amethyst\/\",\"name\":\"Toy Story Amethyst Beaded Gemstone Bracelet\",\"isPartOf\":{\"@id\":\"https:\/\/crudo-leather.com\/#website\"},\"primaryImageOfPage\":{\"@id\":\"https:\/\/crudo-leather.com\/product\/pixar-toy-story-customized-silver-beaded-heart-tag-gemstone-bracelet-amethyst\/#primaryimage\"},\"image\":{\"@id\":\"https:\/\/crudo-leather.com\/product\/pixar-toy-story-customized-silver-beaded-heart-tag-gemstone-bracelet-amethyst\/#primaryimage\"},\"thumbnailUrl\":\"https:\/\/crudo-leather.com\/wp-content\/uploads\/2024\/10\/Yululun-Purple_01.jpg\",\"datePublished\":\"2024-10-09T08:46:05+00:00\",\"dateModified\":\"2025-10-10T08:10:33+00:00\",\"description\":\"Playful charm with the Pixar Toy Story Customized Silver Beaded Heart Tag Gemstone Bracelet featuring Amethyst. A fun and personal accessory.\",\"breadcrumb\":{\"@id\":\"https:\/\/crudo-leather.com\/product\/pixar-toy-story-customized-silver-beaded-heart-tag-gemstone-bracelet-amethyst\/#breadcrumb\"},\"inLanguage\":\"en-US\",\"potentialAction\":[{\"@type\":\"ReadAction\",\"target\":[\"https:\/\/crudo-leather.com\/product\/pixar-toy-story-customized-silver-beaded-heart-tag-gemstone-bracelet-amethyst\/\"]}]},{\"@type\":\"ImageObject\",\"inLanguage\":\"en-US\",\"@id\":\"https:\/\/crudo-leather.com\/product\/pixar-toy-story-customized-silver-beaded-heart-tag-gemstone-bracelet-amethyst\/#primaryimage\",\"url\":\"https:\/\/crudo-leather.com\/wp-content\/uploads\/2024\/10\/Yululun-Purple_01.jpg\",\"contentUrl\":\"https:\/\/crudo-leather.com\/wp-content\/uploads\/2024\/10\/Yululun-Purple_01.jpg\",\"width\":2000,\"height\":2000},{\"@type\":\"BreadcrumbList\",\"@id\":\"https:\/\/crudo-leather.com\/product\/pixar-toy-story-customized-silver-beaded-heart-tag-gemstone-bracelet-amethyst\/#breadcrumb\",\"itemListElement\":[{\"@type\":\"ListItem\",\"position\":1,\"name\":\"Shop\",\"item\":\"https:\/\/crudo-leather.com\/shop\/\"},{\"@type\":\"ListItem\",\"position\":2,\"name\":\"Pixar Toy Story Customzied Silver Beaded Heart Tag Gemstone Bracelet\"}]},{\"@type\":\"WebSite\",\"@id\":\"https:\/\/crudo-leather.com\/#website\",\"url\":\"https:\/\/crudo-leather.com\/\",\"name\":\"Crudo\",\"description\":\"\",\"potentialAction\":[{\"@type\":\"SearchAction\",\"target\":{\"@type\":\"EntryPoint\",\"urlTemplate\":\"https:\/\/crudo-leather.com\/?s={search_term_string}\"},\"query-input\":{\"@type\":\"PropertyValueSpecification\",\"valueRequired\":true,\"valueName\":\"search_term_string\"}}],\"inLanguage\":\"en-US\"}]}<\/script>\n<!-- \/ Yoast SEO plugin. -->","yoast_head_json":{"title":"Pixar Toy Story Sterling Silber Perlen Edelsteine Armband Amethyst","description":"Crudo Disney & Pixar Limited Edition! Reines Silber Perlen Edelsteine Armband, Amethyst bringt Weisheit. 925 Sterling Silber und nat\u00fcrliche Edelsteine, offiziell lizenziert, personalisierte Gravur m\u00f6glich.","robots":{"index":"index","follow":"follow","max-snippet":"max-snippet:-1","max-image-preview":"max-image-preview:large","max-video-preview":"max-video-preview:-1"},"canonical":"https:\/\/crudo-leather.com\/de\/product\/pixar-toy-story-customized-silver-beaded-heart-tag-gemstone-bracelet-amethyst\/","og_locale":"en_US","og_type":"article","og_title":"Pixar Toy Story Sterling Silber Perlen Edelsteine Armband Amethyst","og_description":"Crudo Disney & Pixar Limited Edition! Reines Silber Perlen Edelsteine Armband, Amethyst bringt Weisheit. 925 Sterling Silber und nat\u00fcrliche Edelsteine, offiziell lizenziert, personalisierte Gravur m\u00f6glich.","og_url":"https:\/\/crudo-leather.com\/product\/pixar-toy-story-customized-silver-beaded-heart-tag-gemstone-bracelet-amethyst\/","og_site_name":"Crudo","article_modified_time":"2025-10-10T08:10:33+00:00","og_image":[{"width":2000,"height":2000,"url":"https:\/\/crudo-leather.com\/wp-content\/uploads\/2024\/10\/Yululun-Purple_01.jpg","type":"image\/jpeg"}],"twitter_card":"summary_large_image","twitter_misc":{"Est. reading time":"1 minute"},"schema":{"@context":"https:\/\/schema.org","@graph":[{"@type":"WebPage","@id":"https:\/\/crudo-leather.com\/product\/pixar-toy-story-customized-silver-beaded-heart-tag-gemstone-bracelet-amethyst\/","url":"https:\/\/crudo-leather.com\/product\/pixar-toy-story-customized-silver-beaded-heart-tag-gemstone-bracelet-amethyst\/","name":"Toy Story Amethyst Beaded Gemstone Bracelet","isPartOf":{"@id":"https:\/\/crudo-leather.com\/#website"},"primaryImageOfPage":{"@id":"https:\/\/crudo-leather.com\/product\/pixar-toy-story-customized-silver-beaded-heart-tag-gemstone-bracelet-amethyst\/#primaryimage"},"image":{"@id":"https:\/\/crudo-leather.com\/product\/pixar-toy-story-customized-silver-beaded-heart-tag-gemstone-bracelet-amethyst\/#primaryimage"},"thumbnailUrl":"https:\/\/crudo-leather.com\/wp-content\/uploads\/2024\/10\/Yululun-Purple_01.jpg","datePublished":"2024-10-09T08:46:05+00:00","dateModified":"2025-10-10T08:10:33+00:00","description":"Playful charm with the Pixar Toy Story Customized Silver Beaded Heart Tag Gemstone Bracelet featuring Amethyst. A fun and personal accessory.","breadcrumb":{"@id":"https:\/\/crudo-leather.com\/product\/pixar-toy-story-customized-silver-beaded-heart-tag-gemstone-bracelet-amethyst\/#breadcrumb"},"inLanguage":"en-US","potentialAction":[{"@type":"ReadAction","target":["https:\/\/crudo-leather.com\/product\/pixar-toy-story-customized-silver-beaded-heart-tag-gemstone-bracelet-amethyst\/"]}]},{"@type":"ImageObject","inLanguage":"en-US","@id":"https:\/\/crudo-leather.com\/product\/pixar-toy-story-customized-silver-beaded-heart-tag-gemstone-bracelet-amethyst\/#primaryimage","url":"https:\/\/crudo-leather.com\/wp-content\/uploads\/2024\/10\/Yululun-Purple_01.jpg","contentUrl":"https:\/\/crudo-leather.com\/wp-content\/uploads\/2024\/10\/Yululun-Purple_01.jpg","width":2000,"height":2000},{"@type":"BreadcrumbList","@id":"https:\/\/crudo-leather.com\/product\/pixar-toy-story-customized-silver-beaded-heart-tag-gemstone-bracelet-amethyst\/#breadcrumb","itemListElement":[{"@type":"ListItem","position":1,"name":"Shop","item":"https:\/\/crudo-leather.com\/shop\/"},{"@type":"ListItem","position":2,"name":"Pixar Toy Story Customzied Silver Beaded Heart Tag Gemstone Bracelet"}]},{"@type":"WebSite","@id":"https:\/\/crudo-leather.com\/#website","url":"https:\/\/crudo-leather.com\/","name":"Crudo","description":"","potentialAction":[{"@type":"SearchAction","target":{"@type":"EntryPoint","urlTemplate":"https:\/\/crudo-leather.com\/?s={search_term_string}"},"query-input":{"@type":"PropertyValueSpecification","valueRequired":true,"valueName":"search_term_string"}}],"inLanguage":"en-US"}]}},"_links":{"self":[{"href":"https:\/\/crudo-leather.com\/de\/wp-json\/wp\/v2\/product\/293294"}],"collection":[{"href":"https:\/\/crudo-leather.com\/de\/wp-json\/wp\/v2\/product"}],"about":[{"href":"https:\/\/crudo-leather.com\/de\/wp-json\/wp\/v2\/types\/product"}],"replies":[{"embeddable":true,"href":"https:\/\/crudo-leather.com\/de\/wp-json\/wp\/v2\/comments?post=293294"}],"wp:featuredmedia":[{"embeddable":true,"href":"https:\/\/crudo-leather.com\/de\/wp-json\/wp\/v2\/media\/293286"}],"wp:attachment":[{"href":"https:\/\/crudo-leather.com\/de\/wp-json\/wp\/v2\/media?parent=293294"}],"wp:term":[{"taxonomy":"collection","embeddable":true,"href":"https:\/\/crudo-leather.com\/de\/wp-json\/wp\/v2\/collection?post=293294"},{"taxonomy":"trending_cat","embeddable":true,"href":"https:\/\/crudo-leather.com\/de\/wp-json\/wp\/v2\/trending_cat?post=293294"},{"taxonomy":"product_cat","embeddable":true,"href":"https:\/\/crudo-leather.com\/de\/wp-json\/wp\/v2\/product_cat?post=293294"},{"taxonomy":"product_tag","embeddable":true,"href":"https:\/\/crudo-leather.com\/de\/wp-json\/wp\/v2\/product_tag?post=293294"}],"curies":[{"name":"wp","href":"https:\/\/api.w.org\/{rel}","templated":true}]}}