{"id":295172,"date":"2024-11-08T10:56:22","date_gmt":"2024-11-08T02:56:22","guid":{"rendered":"https:\/\/crudo-leather.com\/product\/vienna-love-customized-titanium-curb-chain-bracelet-standard-version-copy\/"},"modified":"2025-05-20T14:09:52","modified_gmt":"2025-05-20T06:09:52","slug":"vienna-love-customized-titanium-curb-chain-gemstone-bracelet-ultra-slim-version-rose-gold-blue-goldstone","status":"publish","type":"product","link":"https:\/\/crudo-leather.com\/de\/product\/vienna-love-customized-titanium-curb-chain-gemstone-bracelet-ultra-slim-version-rose-gold-blue-goldstone\/","title":{"rendered":"Vienna Love personalisiertes Titan-Flachring-Edelsteinarmband (schlanke Version)"},"content":{"rendered":"<!-- wp:table -->\n<figure class=\"wp-block-table\"><table class=\"has-fixed-layout\"><tbody><tr><td><\/td><\/tr><\/tbody><\/table><\/figure>\n<!-- \/wp:table -->\n\n<!-- wp:table -->\n<figure class=\"wp-block-table\"><table class=\"has-fixed-layout\"><tbody><tr><td><\/td><\/tr><\/tbody><\/table><\/figure>\n<!-- \/wp:table -->\n\n<!-- wp:table -->\n<figure class=\"wp-block-table\"><table class=\"has-fixed-layout\"><tbody><tr><td><\/td><\/tr><\/tbody><\/table><\/figure>\n<!-- \/wp:table -->\n\n<!-- wp:table -->\n<figure class=\"wp-block-table\"><table class=\"has-fixed-layout\"><tbody><tr><td><\/td><\/tr><\/tbody><\/table><\/figure>\n<!-- \/wp:table -->\n\n<!-- wp:paragraph -->\n<p><\/p>\n<!-- \/wp:paragraph -->","protected":false},"excerpt":{"rendered":"<p><span data-contrast=\"auto\">In dem Moment, in dem wir uns trafen, versprachen wir uns f\u00fcr den Rest unseres Lebens. Die Vienna Love Kollektion ist inspiriert vom Film \"Before Sunrise\", in dem sich die beiden Hauptfiguren in einem Zug nach Wien treffen. Ein zuf\u00e4lliger Augenblick verwebt ihr weiteres Leben.<\/span><\/p>\n<p><span data-contrast=\"auto\">Das Vienna Love Armband besteht aus extrem leichtem, robustem und nicht verblassendem Titan. Die Metallplatte ist ergonomisch gebogen, um sich dem Handgelenk anzupassen, was elegant und luxuri\u00f6s wirkt und die Handgelenklinien betont. Gravieren Sie Ihren unvergesslichen Moment auf das Armband und lassen Sie den Augenblick f\u00fcr immer andauern.<\/span><span data-ccp-props=\"{}\"> <\/span><\/p>\n<p><b><span data-contrast=\"none\">Blauer Goldsandstein<\/span><\/b><span data-contrast=\"auto\"> besitzt eine unglaublich starke, motivierende Energie und ist ein Edelstein, der Ehrgeiz, Tatkraft und Selbstvertrauen ausstrahlt. Der blaue Goldsandstein, der f\u00fcr Ambitionen, Vitalit\u00e4t, Mut und Positivit\u00e4t steht, erm\u00f6glicht es Ihnen, Ihre Tr\u00e4ume mit Entschlossenheit zu verfolgen und Ihre Ziele zu erreichen.<\/span><span data-ccp-props=\"{}\"> <\/span><span data-ccp-props=\"{}\"> <\/span><\/p>\n<p><b><span data-contrast=\"auto\">Klicken Sie auf \"Zum Warenkorb hinzuf\u00fcgen und gestalten\", um Ihren Gravurtext zu entwerfen<\/span><\/b><span data-ccp-props=\"{}\"> <\/span><\/p>\n<p><b><span data-contrast=\"auto\">Beschreibung\u202f:<\/span><\/b><\/p>\n<p><span data-contrast=\"auto\">- Hergestellt aus Luftfahrt-Titan<br \/><\/span><span data-contrast=\"auto\">- Titan ist extrem leicht und h\u00e4rter als Edelstahl<br \/><\/span><span data-contrast=\"auto\">- Geeignet f\u00fcr Menschen mit empfindlicher Haut<\/span><span data-ccp-props=\"{}\"> <br \/><\/span><span data-contrast=\"auto\">- Mit blauem Goldsandstein auf der Titanoberfl\u00e4che besetzt<\/span><span data-contrast=\"auto\">, der unter Lichtbrechung nat\u00fcrliche Texturen zeigt und Ihnen Kraft und Schutz gibt<\/span><span data-ccp-props=\"{}\"> <br \/><\/span><span data-contrast=\"auto\">- Handwerker verwenden pr\u00e4zise Edelsteinschleiftechniken, um die wertvollen Steine in funkelndem Glanz erstrahlen zu lassen<\/span><span data-ccp-props=\"{}\"> <br \/><\/span><span data-contrast=\"auto\">- Jeder Edelstein wird nat\u00fcrlich abgebaut und hat eine einzigartige, nat\u00fcrliche Textur, die unersetzlich ist<br \/><\/span><span data-contrast=\"auto\">-<\/span><span data-contrast=\"none\"> Flaches Kettenglied-Design, die ergonomische Biegung der Metallst\u00e4bchen passt sich dem Handgelenk an, f\u00fcr langen, komfortablen Tragekomfort<br \/><\/span><span data-contrast=\"none\">- Leicht und schlicht, die Kette verformt sich beim Tragen nicht leicht<br \/><\/span><span data-contrast=\"auto\">- Die Stahlverzierung kann mit personalisierten S\u00e4tzen graviert werden<br \/><\/span><span data-contrast=\"auto\">- Mehrere<\/span><span data-contrast=\"auto\"> Schriftarten<\/span><span data-contrast=\"auto\"> und<\/span><span data-contrast=\"auto\"> Gravurvorschl\u00e4ge zur Auswahl<br \/><\/span><span data-contrast=\"auto\">- Kostenloses Upgrade auf elegantes Geschenkset\u202f(inkl. Geschenkkarte und Produktgarantie)<\/span><span data-ccp-props=\"{}\"> <\/span><\/p>\n<p><b><span data-contrast=\"auto\">Herstellungszeit und Versanddetails\u202f<\/span><\/b> <br \/><span data-contrast=\"auto\">-\u202fJedes Produkt ben\u00f6tigt nur<\/span><span data-contrast=\"auto\">1-5<\/span><span data-contrast=\"auto\">Werktage zur Fertigstellung<\/span> <br \/><span data-contrast=\"auto\">-\u202fBei Bestellung heute kann es bereits morgen versendet werden<\/span> <br \/><span data-contrast=\"auto\">-\u202fWeltweiter Versand<\/span><span data-ccp-props=\"{}\"> <\/span><\/p>","protected":false},"featured_media":295978,"comment_status":"open","ping_status":"closed","template":"","meta":{"inline_featured_image":false},"collection":[],"trending_cat":[2682],"product_cat":[17],"product_tag":[],"class_list":{"0":"post-295172","1":"product","2":"type-product","3":"status-publish","4":"has-post-thumbnail","6":"trending_cat-vienna-love-chain-bracelet","7":"product_cat-bracelets-cuffs","9":"first","10":"instock","11":"sale","12":"shipping-taxable","13":"purchasable","14":"product-type-variable"},"yoast_head":"<!-- This site is optimized with the Yoast SEO plugin v23.4 - https:\/\/yoast.com\/wordpress\/plugins\/seo\/ -->\n<title>Crudo Wiener Liebe personalisiertes Titanstahl Edelstein Armband - Ros\u00e9gold Blauer Sandstein schlanke Version<\/title>\n<meta name=\"description\" content=\"Entdecken Sie den Crudo Wien-Liebe ma\u00dfgeschneiderten Titanstahl-Edelstein-Armband Ros\u00e9gold Blauer Sandstein Ultrad\u00fcnne Version. 316L deutscher Stahl mit eingelegtem blauem Sandstein, kostenlose Gravur m\u00f6glich. Leicht und modisch, zeigt einzigartigen Stil.\" \/>\n<meta name=\"robots\" content=\"index, follow, max-snippet:-1, max-image-preview:large, max-video-preview:-1\" \/>\n<link rel=\"canonical\" href=\"https:\/\/crudo-leather.com\/de\/product\/vienna-love-customized-titanium-curb-chain-gemstone-bracelet-ultra-slim-version-rose-gold-blue-goldstone\/\" \/>\n<meta property=\"og:locale\" content=\"en_US\" \/>\n<meta property=\"og:type\" content=\"article\" \/>\n<meta property=\"og:title\" content=\"Crudo Wiener Liebe personalisiertes Titanstahl Edelstein Armband - Ros\u00e9gold Blauer Sandstein schlanke Version\" \/>\n<meta property=\"og:description\" content=\"Entdecken Sie den Crudo Wien-Liebe ma\u00dfgeschneiderten Titanstahl-Edelstein-Armband Ros\u00e9gold Blauer Sandstein Ultrad\u00fcnne Version. 316L deutscher Stahl mit eingelegtem blauem Sandstein, kostenlose Gravur m\u00f6glich. Leicht und modisch, zeigt einzigartigen Stil.\" \/>\n<meta property=\"og:url\" content=\"https:\/\/crudo-leather.com\/product\/vienna-love-customized-titanium-curb-chain-gemstone-bracelet-ultra-slim-version-rose-gold-blue-goldstone\/\" \/>\n<meta property=\"og:site_name\" content=\"Crudo\" \/>\n<meta property=\"article:modified_time\" content=\"2025-05-20T06:09:52+00:00\" \/>\n<meta property=\"og:image\" content=\"https:\/\/crudo-leather.com\/wp-content\/uploads\/2024\/11\/ZBT34_Gold_BlueStone-1.jpg\" \/>\n\t<meta property=\"og:image:width\" content=\"2000\" \/>\n\t<meta property=\"og:image:height\" content=\"2000\" \/>\n\t<meta property=\"og:image:type\" content=\"image\/jpeg\" \/>\n<meta name=\"twitter:card\" content=\"summary_large_image\" \/>\n<meta name=\"twitter:label1\" content=\"Est. reading time\" \/>\n\t<meta name=\"twitter:data1\" content=\"1 minute\" \/>\n<script type=\"application\/ld+json\" class=\"yoast-schema-graph\">{\"@context\":\"https:\/\/schema.org\",\"@graph\":[{\"@type\":\"WebPage\",\"@id\":\"https:\/\/crudo-leather.com\/product\/vienna-love-customized-titanium-curb-chain-gemstone-bracelet-ultra-slim-version-rose-gold-blue-goldstone\/\",\"url\":\"https:\/\/crudo-leather.com\/product\/vienna-love-customized-titanium-curb-chain-gemstone-bracelet-ultra-slim-version-rose-gold-blue-goldstone\/\",\"name\":\"Vienna Love Customized Titanium Curb Chain Gemstone Bracelet - Ultra Slim Rose Gold Blue Goldstone\",\"isPartOf\":{\"@id\":\"https:\/\/crudo-leather.com\/#website\"},\"primaryImageOfPage\":{\"@id\":\"https:\/\/crudo-leather.com\/product\/vienna-love-customized-titanium-curb-chain-gemstone-bracelet-ultra-slim-version-rose-gold-blue-goldstone\/#primaryimage\"},\"image\":{\"@id\":\"https:\/\/crudo-leather.com\/product\/vienna-love-customized-titanium-curb-chain-gemstone-bracelet-ultra-slim-version-rose-gold-blue-goldstone\/#primaryimage\"},\"thumbnailUrl\":\"https:\/\/crudo-leather.com\/wp-content\/uploads\/2024\/11\/ZBT34_Gold_BlueStone-1.jpg\",\"datePublished\":\"2024-11-08T02:56:22+00:00\",\"dateModified\":\"2025-05-20T06:09:52+00:00\",\"description\":\"Discover Vienna Love customized titanium curb chain gemstone bracelet in ultra slim rose gold with blue goldstone. Durable & sleek, perfect for a personalized touch. Free engraving available. Shop now!\",\"breadcrumb\":{\"@id\":\"https:\/\/crudo-leather.com\/product\/vienna-love-customized-titanium-curb-chain-gemstone-bracelet-ultra-slim-version-rose-gold-blue-goldstone\/#breadcrumb\"},\"inLanguage\":\"en-US\",\"potentialAction\":[{\"@type\":\"ReadAction\",\"target\":[\"https:\/\/crudo-leather.com\/product\/vienna-love-customized-titanium-curb-chain-gemstone-bracelet-ultra-slim-version-rose-gold-blue-goldstone\/\"]}]},{\"@type\":\"ImageObject\",\"inLanguage\":\"en-US\",\"@id\":\"https:\/\/crudo-leather.com\/product\/vienna-love-customized-titanium-curb-chain-gemstone-bracelet-ultra-slim-version-rose-gold-blue-goldstone\/#primaryimage\",\"url\":\"https:\/\/crudo-leather.com\/wp-content\/uploads\/2024\/11\/ZBT34_Gold_BlueStone-1.jpg\",\"contentUrl\":\"https:\/\/crudo-leather.com\/wp-content\/uploads\/2024\/11\/ZBT34_Gold_BlueStone-1.jpg\",\"width\":2000,\"height\":2000},{\"@type\":\"BreadcrumbList\",\"@id\":\"https:\/\/crudo-leather.com\/product\/vienna-love-customized-titanium-curb-chain-gemstone-bracelet-ultra-slim-version-rose-gold-blue-goldstone\/#breadcrumb\",\"itemListElement\":[{\"@type\":\"ListItem\",\"position\":1,\"name\":\"Shop\",\"item\":\"https:\/\/crudo-leather.com\/shop\/\"},{\"@type\":\"ListItem\",\"position\":2,\"name\":\"Vienna Love Customized Titanium Curb Chain Gemstone Bracelet\u00a0 (Ultra Slim Version)\"}]},{\"@type\":\"WebSite\",\"@id\":\"https:\/\/crudo-leather.com\/#website\",\"url\":\"https:\/\/crudo-leather.com\/\",\"name\":\"Crudo\",\"description\":\"\",\"potentialAction\":[{\"@type\":\"SearchAction\",\"target\":{\"@type\":\"EntryPoint\",\"urlTemplate\":\"https:\/\/crudo-leather.com\/?s={search_term_string}\"},\"query-input\":{\"@type\":\"PropertyValueSpecification\",\"valueRequired\":true,\"valueName\":\"search_term_string\"}}],\"inLanguage\":\"en-US\"}]}<\/script>\n<!-- \/ Yoast SEO plugin. -->","yoast_head_json":{"title":"Crudo Wiener Liebe personalisiertes Titanstahl Edelstein Armband - Ros\u00e9gold Blauer Sandstein schlanke Version","description":"Entdecken Sie den Crudo Wien-Liebe ma\u00dfgeschneiderten Titanstahl-Edelstein-Armband Ros\u00e9gold Blauer Sandstein Ultrad\u00fcnne Version. 316L deutscher Stahl mit eingelegtem blauem Sandstein, kostenlose Gravur m\u00f6glich. Leicht und modisch, zeigt einzigartigen Stil.","robots":{"index":"index","follow":"follow","max-snippet":"max-snippet:-1","max-image-preview":"max-image-preview:large","max-video-preview":"max-video-preview:-1"},"canonical":"https:\/\/crudo-leather.com\/de\/product\/vienna-love-customized-titanium-curb-chain-gemstone-bracelet-ultra-slim-version-rose-gold-blue-goldstone\/","og_locale":"en_US","og_type":"article","og_title":"Crudo Wiener Liebe personalisiertes Titanstahl Edelstein Armband - Ros\u00e9gold Blauer Sandstein schlanke Version","og_description":"Entdecken Sie den Crudo Wien-Liebe ma\u00dfgeschneiderten Titanstahl-Edelstein-Armband Ros\u00e9gold Blauer Sandstein Ultrad\u00fcnne Version. 316L deutscher Stahl mit eingelegtem blauem Sandstein, kostenlose Gravur m\u00f6glich. Leicht und modisch, zeigt einzigartigen Stil.","og_url":"https:\/\/crudo-leather.com\/product\/vienna-love-customized-titanium-curb-chain-gemstone-bracelet-ultra-slim-version-rose-gold-blue-goldstone\/","og_site_name":"Crudo","article_modified_time":"2025-05-20T06:09:52+00:00","og_image":[{"width":2000,"height":2000,"url":"https:\/\/crudo-leather.com\/wp-content\/uploads\/2024\/11\/ZBT34_Gold_BlueStone-1.jpg","type":"image\/jpeg"}],"twitter_card":"summary_large_image","twitter_misc":{"Est. reading time":"1 minute"},"schema":{"@context":"https:\/\/schema.org","@graph":[{"@type":"WebPage","@id":"https:\/\/crudo-leather.com\/product\/vienna-love-customized-titanium-curb-chain-gemstone-bracelet-ultra-slim-version-rose-gold-blue-goldstone\/","url":"https:\/\/crudo-leather.com\/product\/vienna-love-customized-titanium-curb-chain-gemstone-bracelet-ultra-slim-version-rose-gold-blue-goldstone\/","name":"Vienna Love Customized Titanium Curb Chain Gemstone Bracelet - Ultra Slim Rose Gold Blue Goldstone","isPartOf":{"@id":"https:\/\/crudo-leather.com\/#website"},"primaryImageOfPage":{"@id":"https:\/\/crudo-leather.com\/product\/vienna-love-customized-titanium-curb-chain-gemstone-bracelet-ultra-slim-version-rose-gold-blue-goldstone\/#primaryimage"},"image":{"@id":"https:\/\/crudo-leather.com\/product\/vienna-love-customized-titanium-curb-chain-gemstone-bracelet-ultra-slim-version-rose-gold-blue-goldstone\/#primaryimage"},"thumbnailUrl":"https:\/\/crudo-leather.com\/wp-content\/uploads\/2024\/11\/ZBT34_Gold_BlueStone-1.jpg","datePublished":"2024-11-08T02:56:22+00:00","dateModified":"2025-05-20T06:09:52+00:00","description":"Discover Vienna Love customized titanium curb chain gemstone bracelet in ultra slim rose gold with blue goldstone. Durable & sleek, perfect for a personalized touch. Free engraving available. Shop now!","breadcrumb":{"@id":"https:\/\/crudo-leather.com\/product\/vienna-love-customized-titanium-curb-chain-gemstone-bracelet-ultra-slim-version-rose-gold-blue-goldstone\/#breadcrumb"},"inLanguage":"en-US","potentialAction":[{"@type":"ReadAction","target":["https:\/\/crudo-leather.com\/product\/vienna-love-customized-titanium-curb-chain-gemstone-bracelet-ultra-slim-version-rose-gold-blue-goldstone\/"]}]},{"@type":"ImageObject","inLanguage":"en-US","@id":"https:\/\/crudo-leather.com\/product\/vienna-love-customized-titanium-curb-chain-gemstone-bracelet-ultra-slim-version-rose-gold-blue-goldstone\/#primaryimage","url":"https:\/\/crudo-leather.com\/wp-content\/uploads\/2024\/11\/ZBT34_Gold_BlueStone-1.jpg","contentUrl":"https:\/\/crudo-leather.com\/wp-content\/uploads\/2024\/11\/ZBT34_Gold_BlueStone-1.jpg","width":2000,"height":2000},{"@type":"BreadcrumbList","@id":"https:\/\/crudo-leather.com\/product\/vienna-love-customized-titanium-curb-chain-gemstone-bracelet-ultra-slim-version-rose-gold-blue-goldstone\/#breadcrumb","itemListElement":[{"@type":"ListItem","position":1,"name":"Shop","item":"https:\/\/crudo-leather.com\/shop\/"},{"@type":"ListItem","position":2,"name":"Vienna Love Customized Titanium Curb Chain Gemstone Bracelet\u00a0 (Ultra Slim Version)"}]},{"@type":"WebSite","@id":"https:\/\/crudo-leather.com\/#website","url":"https:\/\/crudo-leather.com\/","name":"Crudo","description":"","potentialAction":[{"@type":"SearchAction","target":{"@type":"EntryPoint","urlTemplate":"https:\/\/crudo-leather.com\/?s={search_term_string}"},"query-input":{"@type":"PropertyValueSpecification","valueRequired":true,"valueName":"search_term_string"}}],"inLanguage":"en-US"}]}},"_links":{"self":[{"href":"https:\/\/crudo-leather.com\/de\/wp-json\/wp\/v2\/product\/295172"}],"collection":[{"href":"https:\/\/crudo-leather.com\/de\/wp-json\/wp\/v2\/product"}],"about":[{"href":"https:\/\/crudo-leather.com\/de\/wp-json\/wp\/v2\/types\/product"}],"replies":[{"embeddable":true,"href":"https:\/\/crudo-leather.com\/de\/wp-json\/wp\/v2\/comments?post=295172"}],"wp:featuredmedia":[{"embeddable":true,"href":"https:\/\/crudo-leather.com\/de\/wp-json\/wp\/v2\/media\/295978"}],"wp:attachment":[{"href":"https:\/\/crudo-leather.com\/de\/wp-json\/wp\/v2\/media?parent=295172"}],"wp:term":[{"taxonomy":"collection","embeddable":true,"href":"https:\/\/crudo-leather.com\/de\/wp-json\/wp\/v2\/collection?post=295172"},{"taxonomy":"trending_cat","embeddable":true,"href":"https:\/\/crudo-leather.com\/de\/wp-json\/wp\/v2\/trending_cat?post=295172"},{"taxonomy":"product_cat","embeddable":true,"href":"https:\/\/crudo-leather.com\/de\/wp-json\/wp\/v2\/product_cat?post=295172"},{"taxonomy":"product_tag","embeddable":true,"href":"https:\/\/crudo-leather.com\/de\/wp-json\/wp\/v2\/product_tag?post=295172"}],"curies":[{"name":"wp","href":"https:\/\/api.w.org\/{rel}","templated":true}]}}