{"id":296672,"date":"2025-01-14T10:07:43","date_gmt":"2025-01-14T02:07:43","guid":{"rendered":"https:\/\/crudo-leather.com\/?post_type=product&#038;p=296672"},"modified":"2025-11-24T16:16:56","modified_gmt":"2025-11-24T08:16:56","slug":"felicita-customized-long-leather-flap-wallet-saffiano-blue","status":"publish","type":"product","link":"https:\/\/crudo-leather.com\/de\/product\/felicita-customized-long-leather-flap-wallet-saffiano-blue\/","title":{"rendered":"Felicita Personalisiertes Leder Klappportemonnaie"},"content":{"rendered":"","protected":false},"excerpt":{"rendered":"<strong>Klicken Sie auf \"In den Warenkorb legen und gestalten\", um Ihren Gravurinhalt zu gestalten.<\/strong>\n\nFelicit\u00e0 Portemonnaie kombiniert minimalistisches Design mit Eleganz und wird aus feinem italienischem Kreuznarbenleder von Handwerkern handgen\u00e4ht. Praktische und ger\u00e4umige F\u00e4cher mit einem eleganten Umschlagverschluss, erg\u00e4nzt durch personalisierte Gravuren, die Ihre Pers\u00f6nlichkeit unterstreichen und Ihren einzigartigen Lebensstil betonen.\n\n<strong>Beschreibung:<\/strong>\n- Hergestellt aus 100 % italienischem Premium-Kreuznarbenleder\n- Personalisierte Ledergravur\n- Handgeschliffene und -gekantete Kanten\n- Kombiniert mit einem beliebten Klappdeckel-Design f\u00fcr einfache t\u00e4gliche Kombination und stilvollen Look\n- Mehrere Schriftarten und Gravurvorschl\u00e4ge zur Auswahl\n- Kostenloses Upgrade auf elegantes Geschenkset (inkl. Geschenkkarte und Produktgarantie)\n\n<strong>Kartenf\u00e4cher (12CC)<\/strong>\n- 12 Kreditkartenf\u00e4cher\n- 1 M\u00fcnzfach\n- 2 Geldscheinf\u00e4cher\n\n<strong>Produktionszeit und Versanddetails<\/strong>\n- Jedes Produkt wird in 1-5 Werktagen hergestellt\n- Bestellungen von heute k\u00f6nnen bereits morgen versendet werden\n- Weltweiter Versand","protected":false},"featured_media":297005,"comment_status":"open","ping_status":"closed","template":"","meta":{"inline_featured_image":false},"collection":[],"trending_cat":[],"product_cat":[2373],"product_tag":[],"class_list":{"0":"post-296672","1":"product","2":"type-product","3":"status-publish","4":"has-post-thumbnail","6":"product_cat-wallets","8":"first","9":"instock","10":"sale","11":"shipping-taxable","12":"purchasable","13":"product-type-variable"},"yoast_head":"<!-- This site is optimized with the Yoast SEO plugin v23.4 - https:\/\/yoast.com\/wordpress\/plugins\/seo\/ -->\n<title>Crudo Crayon Shinchan Kooperation: Rosa UV-Druck Rei\u00dfverschluss Leder Portemonnaie<\/title>\n<meta name=\"description\" content=\"Crudo Crayon Shinchan Limited Edition personalisiertes Rei\u00dfverschluss-Lederportemonnaie, pinkes Kreuzmuster-Rindleder mit UV-Druck. Offizielle japanische Lizenz, inklusive exklusiver Geschenkbox, exklusiv f\u00fcr Hongkong, Taiwan und Macau.\" \/>\n<meta name=\"robots\" content=\"index, follow, max-snippet:-1, max-image-preview:large, max-video-preview:-1\" \/>\n<link rel=\"canonical\" href=\"https:\/\/crudo-leather.com\/de\/product\/felicita-customized-long-leather-flap-wallet-saffiano-blue\/\" \/>\n<meta property=\"og:locale\" content=\"en_US\" \/>\n<meta property=\"og:type\" content=\"article\" \/>\n<meta property=\"og:title\" content=\"Crudo Crayon Shinchan Kooperation: Rosa UV-Druck Rei\u00dfverschluss Leder Portemonnaie\" \/>\n<meta property=\"og:description\" content=\"Crudo Crayon Shinchan Limited Edition personalisiertes Rei\u00dfverschluss-Lederportemonnaie, pinkes Kreuzmuster-Rindleder mit UV-Druck. Offizielle japanische Lizenz, inklusive exklusiver Geschenkbox, exklusiv f\u00fcr Hongkong, Taiwan und Macau.\" \/>\n<meta property=\"og:url\" content=\"https:\/\/crudo-leather.com\/product\/felicita-customized-long-leather-flap-wallet-saffiano-blue\/\" \/>\n<meta property=\"og:site_name\" content=\"Crudo\" \/>\n<meta property=\"article:modified_time\" content=\"2025-11-24T08:16:56+00:00\" \/>\n<meta property=\"og:image\" content=\"https:\/\/crudo-leather.com\/wp-content\/uploads\/2024\/11\/LWX02_WBG_BLE_1-2.jpg\" \/>\n\t<meta property=\"og:image:width\" content=\"2000\" \/>\n\t<meta property=\"og:image:height\" content=\"2000\" \/>\n\t<meta property=\"og:image:type\" content=\"image\/jpeg\" \/>\n<meta name=\"twitter:card\" content=\"summary_large_image\" \/>\n<meta name=\"twitter:label1\" content=\"Est. reading time\" \/>\n\t<meta name=\"twitter:data1\" content=\"1 minute\" \/>\n<script type=\"application\/ld+json\" class=\"yoast-schema-graph\">{\"@context\":\"https:\/\/schema.org\",\"@graph\":[{\"@type\":\"WebPage\",\"@id\":\"https:\/\/crudo-leather.com\/product\/felicita-customized-long-leather-flap-wallet-saffiano-blue\/\",\"url\":\"https:\/\/crudo-leather.com\/product\/felicita-customized-long-leather-flap-wallet-saffiano-blue\/\",\"name\":\"Felicita Customized Long Leather Flap Wallet - Saffiano Blue\",\"isPartOf\":{\"@id\":\"https:\/\/crudo-leather.com\/#website\"},\"primaryImageOfPage\":{\"@id\":\"https:\/\/crudo-leather.com\/product\/felicita-customized-long-leather-flap-wallet-saffiano-blue\/#primaryimage\"},\"image\":{\"@id\":\"https:\/\/crudo-leather.com\/product\/felicita-customized-long-leather-flap-wallet-saffiano-blue\/#primaryimage\"},\"thumbnailUrl\":\"https:\/\/crudo-leather.com\/wp-content\/uploads\/2024\/11\/LWX02_WBG_BLE_1-2.jpg\",\"datePublished\":\"2025-01-14T02:07:43+00:00\",\"dateModified\":\"2025-11-24T08:16:56+00:00\",\"description\":\"Discover Felicita customized long leather flap wallet in saffiano blue. Crafted with premium Italian leather, offering ample space and elegant design. A stylish and practical accessory. Shop now!\",\"breadcrumb\":{\"@id\":\"https:\/\/crudo-leather.com\/product\/felicita-customized-long-leather-flap-wallet-saffiano-blue\/#breadcrumb\"},\"inLanguage\":\"en-US\",\"potentialAction\":[{\"@type\":\"ReadAction\",\"target\":[\"https:\/\/crudo-leather.com\/product\/felicita-customized-long-leather-flap-wallet-saffiano-blue\/\"]}]},{\"@type\":\"ImageObject\",\"inLanguage\":\"en-US\",\"@id\":\"https:\/\/crudo-leather.com\/product\/felicita-customized-long-leather-flap-wallet-saffiano-blue\/#primaryimage\",\"url\":\"https:\/\/crudo-leather.com\/wp-content\/uploads\/2024\/11\/LWX02_WBG_BLE_1-2.jpg\",\"contentUrl\":\"https:\/\/crudo-leather.com\/wp-content\/uploads\/2024\/11\/LWX02_WBG_BLE_1-2.jpg\",\"width\":2000,\"height\":2000},{\"@type\":\"BreadcrumbList\",\"@id\":\"https:\/\/crudo-leather.com\/product\/felicita-customized-long-leather-flap-wallet-saffiano-blue\/#breadcrumb\",\"itemListElement\":[{\"@type\":\"ListItem\",\"position\":1,\"name\":\"Shop\",\"item\":\"https:\/\/crudo-leather.com\/shop\/\"},{\"@type\":\"ListItem\",\"position\":2,\"name\":\"Felicita Customized Long Leather Flap Wallet\"}]},{\"@type\":\"WebSite\",\"@id\":\"https:\/\/crudo-leather.com\/#website\",\"url\":\"https:\/\/crudo-leather.com\/\",\"name\":\"Crudo\",\"description\":\"\",\"potentialAction\":[{\"@type\":\"SearchAction\",\"target\":{\"@type\":\"EntryPoint\",\"urlTemplate\":\"https:\/\/crudo-leather.com\/?s={search_term_string}\"},\"query-input\":{\"@type\":\"PropertyValueSpecification\",\"valueRequired\":true,\"valueName\":\"search_term_string\"}}],\"inLanguage\":\"en-US\"}]}<\/script>\n<!-- \/ Yoast SEO plugin. -->","yoast_head_json":{"title":"Crudo Crayon Shinchan Kooperation: Rosa UV-Druck Rei\u00dfverschluss Leder Portemonnaie","description":"Crudo Crayon Shinchan Limited Edition personalisiertes Rei\u00dfverschluss-Lederportemonnaie, pinkes Kreuzmuster-Rindleder mit UV-Druck. Offizielle japanische Lizenz, inklusive exklusiver Geschenkbox, exklusiv f\u00fcr Hongkong, Taiwan und Macau.","robots":{"index":"index","follow":"follow","max-snippet":"max-snippet:-1","max-image-preview":"max-image-preview:large","max-video-preview":"max-video-preview:-1"},"canonical":"https:\/\/crudo-leather.com\/de\/product\/felicita-customized-long-leather-flap-wallet-saffiano-blue\/","og_locale":"en_US","og_type":"article","og_title":"Crudo Crayon Shinchan Kooperation: Rosa UV-Druck Rei\u00dfverschluss Leder Portemonnaie","og_description":"Crudo Crayon Shinchan Limited Edition personalisiertes Rei\u00dfverschluss-Lederportemonnaie, pinkes Kreuzmuster-Rindleder mit UV-Druck. Offizielle japanische Lizenz, inklusive exklusiver Geschenkbox, exklusiv f\u00fcr Hongkong, Taiwan und Macau.","og_url":"https:\/\/crudo-leather.com\/product\/felicita-customized-long-leather-flap-wallet-saffiano-blue\/","og_site_name":"Crudo","article_modified_time":"2025-11-24T08:16:56+00:00","og_image":[{"width":2000,"height":2000,"url":"https:\/\/crudo-leather.com\/wp-content\/uploads\/2024\/11\/LWX02_WBG_BLE_1-2.jpg","type":"image\/jpeg"}],"twitter_card":"summary_large_image","twitter_misc":{"Est. reading time":"1 minute"},"schema":{"@context":"https:\/\/schema.org","@graph":[{"@type":"WebPage","@id":"https:\/\/crudo-leather.com\/product\/felicita-customized-long-leather-flap-wallet-saffiano-blue\/","url":"https:\/\/crudo-leather.com\/product\/felicita-customized-long-leather-flap-wallet-saffiano-blue\/","name":"Felicita Customized Long Leather Flap Wallet - Saffiano Blue","isPartOf":{"@id":"https:\/\/crudo-leather.com\/#website"},"primaryImageOfPage":{"@id":"https:\/\/crudo-leather.com\/product\/felicita-customized-long-leather-flap-wallet-saffiano-blue\/#primaryimage"},"image":{"@id":"https:\/\/crudo-leather.com\/product\/felicita-customized-long-leather-flap-wallet-saffiano-blue\/#primaryimage"},"thumbnailUrl":"https:\/\/crudo-leather.com\/wp-content\/uploads\/2024\/11\/LWX02_WBG_BLE_1-2.jpg","datePublished":"2025-01-14T02:07:43+00:00","dateModified":"2025-11-24T08:16:56+00:00","description":"Discover Felicita customized long leather flap wallet in saffiano blue. Crafted with premium Italian leather, offering ample space and elegant design. A stylish and practical accessory. Shop now!","breadcrumb":{"@id":"https:\/\/crudo-leather.com\/product\/felicita-customized-long-leather-flap-wallet-saffiano-blue\/#breadcrumb"},"inLanguage":"en-US","potentialAction":[{"@type":"ReadAction","target":["https:\/\/crudo-leather.com\/product\/felicita-customized-long-leather-flap-wallet-saffiano-blue\/"]}]},{"@type":"ImageObject","inLanguage":"en-US","@id":"https:\/\/crudo-leather.com\/product\/felicita-customized-long-leather-flap-wallet-saffiano-blue\/#primaryimage","url":"https:\/\/crudo-leather.com\/wp-content\/uploads\/2024\/11\/LWX02_WBG_BLE_1-2.jpg","contentUrl":"https:\/\/crudo-leather.com\/wp-content\/uploads\/2024\/11\/LWX02_WBG_BLE_1-2.jpg","width":2000,"height":2000},{"@type":"BreadcrumbList","@id":"https:\/\/crudo-leather.com\/product\/felicita-customized-long-leather-flap-wallet-saffiano-blue\/#breadcrumb","itemListElement":[{"@type":"ListItem","position":1,"name":"Shop","item":"https:\/\/crudo-leather.com\/shop\/"},{"@type":"ListItem","position":2,"name":"Felicita Customized Long Leather Flap Wallet"}]},{"@type":"WebSite","@id":"https:\/\/crudo-leather.com\/#website","url":"https:\/\/crudo-leather.com\/","name":"Crudo","description":"","potentialAction":[{"@type":"SearchAction","target":{"@type":"EntryPoint","urlTemplate":"https:\/\/crudo-leather.com\/?s={search_term_string}"},"query-input":{"@type":"PropertyValueSpecification","valueRequired":true,"valueName":"search_term_string"}}],"inLanguage":"en-US"}]}},"_links":{"self":[{"href":"https:\/\/crudo-leather.com\/de\/wp-json\/wp\/v2\/product\/296672"}],"collection":[{"href":"https:\/\/crudo-leather.com\/de\/wp-json\/wp\/v2\/product"}],"about":[{"href":"https:\/\/crudo-leather.com\/de\/wp-json\/wp\/v2\/types\/product"}],"replies":[{"embeddable":true,"href":"https:\/\/crudo-leather.com\/de\/wp-json\/wp\/v2\/comments?post=296672"}],"wp:featuredmedia":[{"embeddable":true,"href":"https:\/\/crudo-leather.com\/de\/wp-json\/wp\/v2\/media\/297005"}],"wp:attachment":[{"href":"https:\/\/crudo-leather.com\/de\/wp-json\/wp\/v2\/media?parent=296672"}],"wp:term":[{"taxonomy":"collection","embeddable":true,"href":"https:\/\/crudo-leather.com\/de\/wp-json\/wp\/v2\/collection?post=296672"},{"taxonomy":"trending_cat","embeddable":true,"href":"https:\/\/crudo-leather.com\/de\/wp-json\/wp\/v2\/trending_cat?post=296672"},{"taxonomy":"product_cat","embeddable":true,"href":"https:\/\/crudo-leather.com\/de\/wp-json\/wp\/v2\/product_cat?post=296672"},{"taxonomy":"product_tag","embeddable":true,"href":"https:\/\/crudo-leather.com\/de\/wp-json\/wp\/v2\/product_tag?post=296672"}],"curies":[{"name":"wp","href":"https:\/\/api.w.org\/{rel}","templated":true}]}}