{"id":296831,"date":"2024-11-15T21:47:17","date_gmt":"2024-11-15T13:47:17","guid":{"rendered":"https:\/\/crudo-leather.com\/?post_type=product&#038;p=296831"},"modified":"2026-01-05T17:34:13","modified_gmt":"2026-01-05T09:34:13","slug":"my-melody-kuromi-uv-printed-customzied-rfid-slim-passport-wallet-saffiano-blue","status":"publish","type":"product","link":"https:\/\/crudo-leather.com\/de\/product\/my-melody-kuromi-uv-printed-customzied-rfid-slim-passport-wallet-saffiano-blue\/","title":{"rendered":"My Melody \u2661 Kuromi Limited Edition UV-Druck personalisiertes RFID d\u00fcnnes Leder Reisepassh\u00fclle Portemonnaie"},"content":{"rendered":"","protected":false},"excerpt":{"rendered":"<strong>** Nach Auswahl des Produkts und Klicken auf \"Zum Warenkorb hinzuf\u00fcgen und gestalten\" w\u00e4hlen Sie bitte auf der Gestaltungsseite mindestens ein spezielles Muster aus der My Melody x Kuromi Kollektion aus, um den UV-Druck zu vervollst\u00e4ndigen und das My Melody x Kuromi Geschenkset zu verbessern. **<\/strong>\n\n<strong><u>My Melody x Kuromi x Crudo<\/u><\/strong>\n\nDer Spa\u00df mit der besten Freundin h\u00f6rt nie auf! Die My Melody x Kuromi Special Edition Lederaccessoires erm\u00f6glichen es Ihnen und Ihrer besten Freundin, passende Portemonnaies nach Ihren W\u00fcnschen zu gestalten! Insgesamt 18 s\u00fc\u00dfe und stylische Freundschaftsmotive von My Melody und Kuromi stehen zur Auswahl, die mit UV-Technologie auf die Oberfl\u00e4che der italienischen Kreuznarbenlederaccessoires gedruckt werden k\u00f6nnen. F\u00fcgen Sie eine personalisierte Unterschrift hinzu, um ein einzigartiges Zeichen f\u00fcr Sie und Ihre beste Freundin zu schaffen!\n\n- Offiziell lizenziertes Sanrio Produkt\n\n- Bis zu 18 spezielle Muster der My Melody x Kuromi Kollektion zur Auswahl, die zusammen mit Ihrer personalisierten Unterschrift per UV-Druck auf das Leder-Reisepassportemonnaie gedruckt werden\n\n- Beim Kauf eines My Melody x Kuromi Limited Edition Leder-Reisepassportemonnaies erhalten Sie ein elegantes My Melody x Kuromi Geschenkset mit einer abziehbaren Gru\u00dfkarte\n\n- Hergestellt aus 100% italienischem Kreuznarben-Vollrindleder\n\n- Handgeschliffen und -veredelt\n\n<strong>Kartenf\u00e4cher und Aufteilung\n<\/strong>- Separate Geldscheinfach\n- 5 Kreditkartenf\u00e4cher\n- 1 Reisepassfach\n- 1 Bordkartenfach\n- 1 Innentasche\n\n<strong>Herstellungszeit und Versanddetails\n<\/strong>- Jedes Produkt ben\u00f6tigt nur 1-5 Werktage zur Fertigstellung\n- Bei Bestellung heute kann es bereits morgen versendet werden\n- Nur erh\u00e4ltlich in Hongkong, Macau, Festlandchina, Japan, S\u00fcdkorea und S\u00fcdamerika (au\u00dfer Panama)","protected":false},"featured_media":296835,"comment_status":"open","ping_status":"closed","template":"","meta":{"inline_featured_image":false},"collection":[],"trending_cat":[],"product_cat":[15,82],"product_tag":[2406,2966,2854],"class_list":{"0":"post-296831","1":"product","2":"type-product","3":"status-publish","4":"has-post-thumbnail","6":"product_cat-uncategorized","7":"product_cat-passport-holder","8":"product_tag-kuromi-sanrio-characters","9":"product_tag-my-melody-special-edition","10":"product_tag-my-melody-kuromi-special-edition","12":"first","13":"instock","14":"sale","15":"shipping-taxable","16":"purchasable","17":"product-type-variable"},"yoast_head":"<!-- This site is optimized with the Yoast SEO plugin v23.4 - https:\/\/yoast.com\/wordpress\/plugins\/seo\/ -->\n<title>Crudo My Melody Kuromi UV-beschichtete RFID-Blaue Reisepassh\u00fclle<\/title>\n<meta name=\"description\" content=\"Crudo Leather x Sanrio My Melody Kuromi Kooperations-Saffiano Blau RFID Reisepassh\u00fclle. Italienisches Premium-Rindleder mit UV-bedrucktem personalisiertem Muster und Unterschrift, multifunktionale F\u00e4cher, RFID-Schutz, inklusive elegantem Geschenkkarton.\" \/>\n<meta name=\"robots\" content=\"index, follow, max-snippet:-1, max-image-preview:large, max-video-preview:-1\" \/>\n<link rel=\"canonical\" href=\"https:\/\/crudo-leather.com\/de\/product\/my-melody-kuromi-uv-printed-customzied-rfid-slim-passport-wallet-saffiano-blue\/\" \/>\n<meta property=\"og:locale\" content=\"en_US\" \/>\n<meta property=\"og:type\" content=\"article\" \/>\n<meta property=\"og:title\" content=\"Crudo My Melody Kuromi UV-beschichtete RFID-Blaue Reisepassh\u00fclle\" \/>\n<meta property=\"og:description\" content=\"Crudo Leather x Sanrio My Melody Kuromi Kooperations-Saffiano Blau RFID Reisepassh\u00fclle. Italienisches Premium-Rindleder mit UV-bedrucktem personalisiertem Muster und Unterschrift, multifunktionale F\u00e4cher, RFID-Schutz, inklusive elegantem Geschenkkarton.\" \/>\n<meta property=\"og:url\" content=\"https:\/\/crudo-leather.com\/product\/my-melody-kuromi-uv-printed-customzied-rfid-slim-passport-wallet-saffiano-blue\/\" \/>\n<meta property=\"og:site_name\" content=\"Crudo\" \/>\n<meta property=\"article:modified_time\" content=\"2026-01-05T09:34:13+00:00\" \/>\n<meta property=\"og:image\" content=\"https:\/\/crudo-leather.com\/wp-content\/uploads\/2024\/11\/PPH14_WBG_BLE_1.jpg\" \/>\n\t<meta property=\"og:image:width\" content=\"2000\" \/>\n\t<meta property=\"og:image:height\" content=\"2000\" \/>\n\t<meta property=\"og:image:type\" content=\"image\/jpeg\" \/>\n<meta name=\"twitter:card\" content=\"summary_large_image\" \/>\n<meta name=\"twitter:label1\" content=\"Est. reading time\" \/>\n\t<meta name=\"twitter:data1\" content=\"1 minute\" \/>\n<script type=\"application\/ld+json\" class=\"yoast-schema-graph\">{\"@context\":\"https:\/\/schema.org\",\"@graph\":[{\"@type\":\"WebPage\",\"@id\":\"https:\/\/crudo-leather.com\/product\/my-melody-kuromi-uv-printed-customzied-rfid-slim-passport-wallet-saffiano-blue\/\",\"url\":\"https:\/\/crudo-leather.com\/product\/my-melody-kuromi-uv-printed-customzied-rfid-slim-passport-wallet-saffiano-blue\/\",\"name\":\"My Melody & Kuromi UV Printed RFID Slim Passport Wallet - Saffiano Blue\",\"isPartOf\":{\"@id\":\"https:\/\/crudo-leather.com\/#website\"},\"primaryImageOfPage\":{\"@id\":\"https:\/\/crudo-leather.com\/product\/my-melody-kuromi-uv-printed-customzied-rfid-slim-passport-wallet-saffiano-blue\/#primaryimage\"},\"image\":{\"@id\":\"https:\/\/crudo-leather.com\/product\/my-melody-kuromi-uv-printed-customzied-rfid-slim-passport-wallet-saffiano-blue\/#primaryimage\"},\"thumbnailUrl\":\"https:\/\/crudo-leather.com\/wp-content\/uploads\/2024\/11\/PPH14_WBG_BLE_1.jpg\",\"datePublished\":\"2024-11-15T13:47:17+00:00\",\"dateModified\":\"2026-01-05T09:34:13+00:00\",\"description\":\"Explore officially licensed My Melody & Kuromi UV printed RFID slim passport wallet. Saffiano blue, secure & stylish. Free engraving & luxury gift box. Travel essential. Shop now!\",\"breadcrumb\":{\"@id\":\"https:\/\/crudo-leather.com\/product\/my-melody-kuromi-uv-printed-customzied-rfid-slim-passport-wallet-saffiano-blue\/#breadcrumb\"},\"inLanguage\":\"en-US\",\"potentialAction\":[{\"@type\":\"ReadAction\",\"target\":[\"https:\/\/crudo-leather.com\/product\/my-melody-kuromi-uv-printed-customzied-rfid-slim-passport-wallet-saffiano-blue\/\"]}]},{\"@type\":\"ImageObject\",\"inLanguage\":\"en-US\",\"@id\":\"https:\/\/crudo-leather.com\/product\/my-melody-kuromi-uv-printed-customzied-rfid-slim-passport-wallet-saffiano-blue\/#primaryimage\",\"url\":\"https:\/\/crudo-leather.com\/wp-content\/uploads\/2024\/11\/PPH14_WBG_BLE_1.jpg\",\"contentUrl\":\"https:\/\/crudo-leather.com\/wp-content\/uploads\/2024\/11\/PPH14_WBG_BLE_1.jpg\",\"width\":2000,\"height\":2000},{\"@type\":\"BreadcrumbList\",\"@id\":\"https:\/\/crudo-leather.com\/product\/my-melody-kuromi-uv-printed-customzied-rfid-slim-passport-wallet-saffiano-blue\/#breadcrumb\",\"itemListElement\":[{\"@type\":\"ListItem\",\"position\":1,\"name\":\"Shop\",\"item\":\"https:\/\/crudo-leather.com\/shop\/\"},{\"@type\":\"ListItem\",\"position\":2,\"name\":\"My Melody \u2661 Kuromi UV Printed Customzied RFID Slim Passport Wallet\"}]},{\"@type\":\"WebSite\",\"@id\":\"https:\/\/crudo-leather.com\/#website\",\"url\":\"https:\/\/crudo-leather.com\/\",\"name\":\"Crudo\",\"description\":\"\",\"potentialAction\":[{\"@type\":\"SearchAction\",\"target\":{\"@type\":\"EntryPoint\",\"urlTemplate\":\"https:\/\/crudo-leather.com\/?s={search_term_string}\"},\"query-input\":{\"@type\":\"PropertyValueSpecification\",\"valueRequired\":true,\"valueName\":\"search_term_string\"}}],\"inLanguage\":\"en-US\"}]}<\/script>\n<!-- \/ Yoast SEO plugin. -->","yoast_head_json":{"title":"Crudo My Melody Kuromi UV-beschichtete RFID-Blaue Reisepassh\u00fclle","description":"Crudo Leather x Sanrio My Melody Kuromi Kooperations-Saffiano Blau RFID Reisepassh\u00fclle. Italienisches Premium-Rindleder mit UV-bedrucktem personalisiertem Muster und Unterschrift, multifunktionale F\u00e4cher, RFID-Schutz, inklusive elegantem Geschenkkarton.","robots":{"index":"index","follow":"follow","max-snippet":"max-snippet:-1","max-image-preview":"max-image-preview:large","max-video-preview":"max-video-preview:-1"},"canonical":"https:\/\/crudo-leather.com\/de\/product\/my-melody-kuromi-uv-printed-customzied-rfid-slim-passport-wallet-saffiano-blue\/","og_locale":"en_US","og_type":"article","og_title":"Crudo My Melody Kuromi UV-beschichtete RFID-Blaue Reisepassh\u00fclle","og_description":"Crudo Leather x Sanrio My Melody Kuromi Kooperations-Saffiano Blau RFID Reisepassh\u00fclle. Italienisches Premium-Rindleder mit UV-bedrucktem personalisiertem Muster und Unterschrift, multifunktionale F\u00e4cher, RFID-Schutz, inklusive elegantem Geschenkkarton.","og_url":"https:\/\/crudo-leather.com\/product\/my-melody-kuromi-uv-printed-customzied-rfid-slim-passport-wallet-saffiano-blue\/","og_site_name":"Crudo","article_modified_time":"2026-01-05T09:34:13+00:00","og_image":[{"width":2000,"height":2000,"url":"https:\/\/crudo-leather.com\/wp-content\/uploads\/2024\/11\/PPH14_WBG_BLE_1.jpg","type":"image\/jpeg"}],"twitter_card":"summary_large_image","twitter_misc":{"Est. reading time":"1 minute"},"schema":{"@context":"https:\/\/schema.org","@graph":[{"@type":"WebPage","@id":"https:\/\/crudo-leather.com\/product\/my-melody-kuromi-uv-printed-customzied-rfid-slim-passport-wallet-saffiano-blue\/","url":"https:\/\/crudo-leather.com\/product\/my-melody-kuromi-uv-printed-customzied-rfid-slim-passport-wallet-saffiano-blue\/","name":"My Melody & Kuromi UV Printed RFID Slim Passport Wallet - Saffiano Blue","isPartOf":{"@id":"https:\/\/crudo-leather.com\/#website"},"primaryImageOfPage":{"@id":"https:\/\/crudo-leather.com\/product\/my-melody-kuromi-uv-printed-customzied-rfid-slim-passport-wallet-saffiano-blue\/#primaryimage"},"image":{"@id":"https:\/\/crudo-leather.com\/product\/my-melody-kuromi-uv-printed-customzied-rfid-slim-passport-wallet-saffiano-blue\/#primaryimage"},"thumbnailUrl":"https:\/\/crudo-leather.com\/wp-content\/uploads\/2024\/11\/PPH14_WBG_BLE_1.jpg","datePublished":"2024-11-15T13:47:17+00:00","dateModified":"2026-01-05T09:34:13+00:00","description":"Explore officially licensed My Melody & Kuromi UV printed RFID slim passport wallet. Saffiano blue, secure & stylish. Free engraving & luxury gift box. Travel essential. Shop now!","breadcrumb":{"@id":"https:\/\/crudo-leather.com\/product\/my-melody-kuromi-uv-printed-customzied-rfid-slim-passport-wallet-saffiano-blue\/#breadcrumb"},"inLanguage":"en-US","potentialAction":[{"@type":"ReadAction","target":["https:\/\/crudo-leather.com\/product\/my-melody-kuromi-uv-printed-customzied-rfid-slim-passport-wallet-saffiano-blue\/"]}]},{"@type":"ImageObject","inLanguage":"en-US","@id":"https:\/\/crudo-leather.com\/product\/my-melody-kuromi-uv-printed-customzied-rfid-slim-passport-wallet-saffiano-blue\/#primaryimage","url":"https:\/\/crudo-leather.com\/wp-content\/uploads\/2024\/11\/PPH14_WBG_BLE_1.jpg","contentUrl":"https:\/\/crudo-leather.com\/wp-content\/uploads\/2024\/11\/PPH14_WBG_BLE_1.jpg","width":2000,"height":2000},{"@type":"BreadcrumbList","@id":"https:\/\/crudo-leather.com\/product\/my-melody-kuromi-uv-printed-customzied-rfid-slim-passport-wallet-saffiano-blue\/#breadcrumb","itemListElement":[{"@type":"ListItem","position":1,"name":"Shop","item":"https:\/\/crudo-leather.com\/shop\/"},{"@type":"ListItem","position":2,"name":"My Melody \u2661 Kuromi UV Printed Customzied RFID Slim Passport Wallet"}]},{"@type":"WebSite","@id":"https:\/\/crudo-leather.com\/#website","url":"https:\/\/crudo-leather.com\/","name":"Crudo","description":"","potentialAction":[{"@type":"SearchAction","target":{"@type":"EntryPoint","urlTemplate":"https:\/\/crudo-leather.com\/?s={search_term_string}"},"query-input":{"@type":"PropertyValueSpecification","valueRequired":true,"valueName":"search_term_string"}}],"inLanguage":"en-US"}]}},"_links":{"self":[{"href":"https:\/\/crudo-leather.com\/de\/wp-json\/wp\/v2\/product\/296831"}],"collection":[{"href":"https:\/\/crudo-leather.com\/de\/wp-json\/wp\/v2\/product"}],"about":[{"href":"https:\/\/crudo-leather.com\/de\/wp-json\/wp\/v2\/types\/product"}],"replies":[{"embeddable":true,"href":"https:\/\/crudo-leather.com\/de\/wp-json\/wp\/v2\/comments?post=296831"}],"wp:featuredmedia":[{"embeddable":true,"href":"https:\/\/crudo-leather.com\/de\/wp-json\/wp\/v2\/media\/296835"}],"wp:attachment":[{"href":"https:\/\/crudo-leather.com\/de\/wp-json\/wp\/v2\/media?parent=296831"}],"wp:term":[{"taxonomy":"collection","embeddable":true,"href":"https:\/\/crudo-leather.com\/de\/wp-json\/wp\/v2\/collection?post=296831"},{"taxonomy":"trending_cat","embeddable":true,"href":"https:\/\/crudo-leather.com\/de\/wp-json\/wp\/v2\/trending_cat?post=296831"},{"taxonomy":"product_cat","embeddable":true,"href":"https:\/\/crudo-leather.com\/de\/wp-json\/wp\/v2\/product_cat?post=296831"},{"taxonomy":"product_tag","embeddable":true,"href":"https:\/\/crudo-leather.com\/de\/wp-json\/wp\/v2\/product_tag?post=296831"}],"curies":[{"name":"wp","href":"https:\/\/api.w.org\/{rel}","templated":true}]}}