{"id":296998,"date":"2024-11-16T14:27:58","date_gmt":"2024-11-16T06:27:58","guid":{"rendered":"https:\/\/crudo-leather.com\/?post_type=product&#038;p=296998"},"modified":"2025-11-24T16:17:32","modified_gmt":"2025-11-24T08:17:32","slug":"felicita-long-leather-flap-wallet-saffiano-pink","status":"publish","type":"product","link":"https:\/\/crudo-leather.com\/de\/product\/felicita-long-leather-flap-wallet-saffiano-pink\/","title":{"rendered":"Felicita Personalisiertes Leder Klappportemonnaie"},"content":{"rendered":"","protected":false},"excerpt":{"rendered":"<strong>Klicken Sie auf \"In den Warenkorb legen und gestalten\", um Ihren Gravurtext zu entwerfen.<\/strong>\n\nFelicit\u00e0 Portemonnaie kombiniert minimalistisches Design mit Eleganz und wird aus hochwertigem italienischem Kreuznarbenleder von Hand gefertigt. Mit praktischen und ger\u00e4umigen F\u00e4chern und einem eleganten Umschlagverschluss, erg\u00e4nzt durch personalisierte Gravur, die Ihre Pers\u00f6nlichkeit unterstreicht, verleiht es Ihrem Alltag einen einzigartigen Stil.\n\n<strong>Beschreibung:<\/strong>\n- Hergestellt aus 100 % italienischem Premium-Kreuznarbenleder\n- Personalisierte Ledergravur\n- Handgeschliffene und -gekantete Kanten\n- Kombiniert mit einem beliebten Klappdeckel-Design f\u00fcr einfache Alltagskombinationen und stilvollen Look\n- Mehrere Schriftarten und Gravurvorschl\u00e4ge zur Auswahl\n- Kostenloses Upgrade auf elegantes Geschenkset (inkl. Geschenkkarte und Produktgarantie)\n\n<strong>Kartenf\u00e4cher (12CC)<\/strong>\n- 12 Kreditkartenf\u00e4cher\n- 1 M\u00fcnzfach\n- 2 Geldscheinf\u00e4cher\n\n<strong>Herstellungszeit und Versanddetails<\/strong>\n- Jedes Produkt wird in 1-5 Werktagen hergestellt\n- Bestellungen von heute k\u00f6nnen bereits morgen versendet werden\n- Weltweiter Versand","protected":false},"featured_media":297021,"comment_status":"open","ping_status":"closed","template":"","meta":{"inline_featured_image":false},"collection":[],"trending_cat":[],"product_cat":[2373],"product_tag":[],"class_list":{"0":"post-296998","1":"product","2":"type-product","3":"status-publish","4":"has-post-thumbnail","6":"product_cat-wallets","8":"first","9":"instock","10":"sale","11":"shipping-taxable","12":"purchasable","13":"product-type-variable"},"yoast_head":"<!-- This site is optimized with the Yoast SEO plugin v23.4 - https:\/\/yoast.com\/wordpress\/plugins\/seo\/ -->\n<title>Crudo Felicita Langes Lederklapp-Portemonnaie - Rosa<\/title>\n<meta name=\"description\" content=\"Entdecken Sie die Crudo Felicita lange Lederklappentasche in Rosa. Hergestellt aus italienischem Saffiano-Vollrindleder, mit mehreren Kartenf\u00e4chern, praktisch und modisch. Jetzt kaufen und Ihren t\u00e4glichen Stil verbessern!\" \/>\n<meta name=\"robots\" content=\"index, follow, max-snippet:-1, max-image-preview:large, max-video-preview:-1\" \/>\n<link rel=\"canonical\" href=\"https:\/\/crudo-leather.com\/de\/product\/felicita-long-leather-flap-wallet-saffiano-pink\/\" \/>\n<meta property=\"og:locale\" content=\"en_US\" \/>\n<meta property=\"og:type\" content=\"article\" \/>\n<meta property=\"og:title\" content=\"Crudo Felicita Langes Lederklapp-Portemonnaie - Rosa\" \/>\n<meta property=\"og:description\" content=\"Entdecken Sie die Crudo Felicita lange Lederklappentasche in Rosa. Hergestellt aus italienischem Saffiano-Vollrindleder, mit mehreren Kartenf\u00e4chern, praktisch und modisch. Jetzt kaufen und Ihren t\u00e4glichen Stil verbessern!\" \/>\n<meta property=\"og:url\" content=\"https:\/\/crudo-leather.com\/product\/felicita-long-leather-flap-wallet-saffiano-pink\/\" \/>\n<meta property=\"og:site_name\" content=\"Crudo\" \/>\n<meta property=\"article:modified_time\" content=\"2025-11-24T08:17:32+00:00\" \/>\n<meta property=\"og:image\" content=\"https:\/\/crudo-leather.com\/wp-content\/uploads\/2024\/11\/LWX02_WBG_PIK_tag.jpg\" \/>\n\t<meta property=\"og:image:width\" content=\"2000\" \/>\n\t<meta property=\"og:image:height\" content=\"2000\" \/>\n\t<meta property=\"og:image:type\" content=\"image\/jpeg\" \/>\n<meta name=\"twitter:card\" content=\"summary_large_image\" \/>\n<meta name=\"twitter:label1\" content=\"Est. reading time\" \/>\n\t<meta name=\"twitter:data1\" content=\"1 minute\" \/>\n<script type=\"application\/ld+json\" class=\"yoast-schema-graph\">{\"@context\":\"https:\/\/schema.org\",\"@graph\":[{\"@type\":\"WebPage\",\"@id\":\"https:\/\/crudo-leather.com\/product\/felicita-long-leather-flap-wallet-saffiano-pink\/\",\"url\":\"https:\/\/crudo-leather.com\/product\/felicita-long-leather-flap-wallet-saffiano-pink\/\",\"name\":\"Felicita Long Leather Flap Wallet - Saffiano Pink\",\"isPartOf\":{\"@id\":\"https:\/\/crudo-leather.com\/#website\"},\"primaryImageOfPage\":{\"@id\":\"https:\/\/crudo-leather.com\/product\/felicita-long-leather-flap-wallet-saffiano-pink\/#primaryimage\"},\"image\":{\"@id\":\"https:\/\/crudo-leather.com\/product\/felicita-long-leather-flap-wallet-saffiano-pink\/#primaryimage\"},\"thumbnailUrl\":\"https:\/\/crudo-leather.com\/wp-content\/uploads\/2024\/11\/LWX02_WBG_PIK_tag.jpg\",\"datePublished\":\"2024-11-16T06:27:58+00:00\",\"dateModified\":\"2025-11-24T08:17:32+00:00\",\"description\":\"Discover Felicita long leather flap wallet in saffiano pink. Crafted with premium Italian leather, offering ample space and elegant design. A stylish and practical accessory. Shop now!\",\"breadcrumb\":{\"@id\":\"https:\/\/crudo-leather.com\/product\/felicita-long-leather-flap-wallet-saffiano-pink\/#breadcrumb\"},\"inLanguage\":\"en-US\",\"potentialAction\":[{\"@type\":\"ReadAction\",\"target\":[\"https:\/\/crudo-leather.com\/product\/felicita-long-leather-flap-wallet-saffiano-pink\/\"]}]},{\"@type\":\"ImageObject\",\"inLanguage\":\"en-US\",\"@id\":\"https:\/\/crudo-leather.com\/product\/felicita-long-leather-flap-wallet-saffiano-pink\/#primaryimage\",\"url\":\"https:\/\/crudo-leather.com\/wp-content\/uploads\/2024\/11\/LWX02_WBG_PIK_tag.jpg\",\"contentUrl\":\"https:\/\/crudo-leather.com\/wp-content\/uploads\/2024\/11\/LWX02_WBG_PIK_tag.jpg\",\"width\":2000,\"height\":2000},{\"@type\":\"BreadcrumbList\",\"@id\":\"https:\/\/crudo-leather.com\/product\/felicita-long-leather-flap-wallet-saffiano-pink\/#breadcrumb\",\"itemListElement\":[{\"@type\":\"ListItem\",\"position\":1,\"name\":\"Shop\",\"item\":\"https:\/\/crudo-leather.com\/shop\/\"},{\"@type\":\"ListItem\",\"position\":2,\"name\":\"Felicita Customized Long Leather Flap Wallet\"}]},{\"@type\":\"WebSite\",\"@id\":\"https:\/\/crudo-leather.com\/#website\",\"url\":\"https:\/\/crudo-leather.com\/\",\"name\":\"Crudo\",\"description\":\"\",\"potentialAction\":[{\"@type\":\"SearchAction\",\"target\":{\"@type\":\"EntryPoint\",\"urlTemplate\":\"https:\/\/crudo-leather.com\/?s={search_term_string}\"},\"query-input\":{\"@type\":\"PropertyValueSpecification\",\"valueRequired\":true,\"valueName\":\"search_term_string\"}}],\"inLanguage\":\"en-US\"}]}<\/script>\n<!-- \/ Yoast SEO plugin. -->","yoast_head_json":{"title":"Crudo Felicita Langes Lederklapp-Portemonnaie - Rosa","description":"Entdecken Sie die Crudo Felicita lange Lederklappentasche in Rosa. Hergestellt aus italienischem Saffiano-Vollrindleder, mit mehreren Kartenf\u00e4chern, praktisch und modisch. Jetzt kaufen und Ihren t\u00e4glichen Stil verbessern!","robots":{"index":"index","follow":"follow","max-snippet":"max-snippet:-1","max-image-preview":"max-image-preview:large","max-video-preview":"max-video-preview:-1"},"canonical":"https:\/\/crudo-leather.com\/de\/product\/felicita-long-leather-flap-wallet-saffiano-pink\/","og_locale":"en_US","og_type":"article","og_title":"Crudo Felicita Langes Lederklapp-Portemonnaie - Rosa","og_description":"Entdecken Sie die Crudo Felicita lange Lederklappentasche in Rosa. Hergestellt aus italienischem Saffiano-Vollrindleder, mit mehreren Kartenf\u00e4chern, praktisch und modisch. Jetzt kaufen und Ihren t\u00e4glichen Stil verbessern!","og_url":"https:\/\/crudo-leather.com\/product\/felicita-long-leather-flap-wallet-saffiano-pink\/","og_site_name":"Crudo","article_modified_time":"2025-11-24T08:17:32+00:00","og_image":[{"width":2000,"height":2000,"url":"https:\/\/crudo-leather.com\/wp-content\/uploads\/2024\/11\/LWX02_WBG_PIK_tag.jpg","type":"image\/jpeg"}],"twitter_card":"summary_large_image","twitter_misc":{"Est. reading time":"1 minute"},"schema":{"@context":"https:\/\/schema.org","@graph":[{"@type":"WebPage","@id":"https:\/\/crudo-leather.com\/product\/felicita-long-leather-flap-wallet-saffiano-pink\/","url":"https:\/\/crudo-leather.com\/product\/felicita-long-leather-flap-wallet-saffiano-pink\/","name":"Felicita Long Leather Flap Wallet - Saffiano Pink","isPartOf":{"@id":"https:\/\/crudo-leather.com\/#website"},"primaryImageOfPage":{"@id":"https:\/\/crudo-leather.com\/product\/felicita-long-leather-flap-wallet-saffiano-pink\/#primaryimage"},"image":{"@id":"https:\/\/crudo-leather.com\/product\/felicita-long-leather-flap-wallet-saffiano-pink\/#primaryimage"},"thumbnailUrl":"https:\/\/crudo-leather.com\/wp-content\/uploads\/2024\/11\/LWX02_WBG_PIK_tag.jpg","datePublished":"2024-11-16T06:27:58+00:00","dateModified":"2025-11-24T08:17:32+00:00","description":"Discover Felicita long leather flap wallet in saffiano pink. Crafted with premium Italian leather, offering ample space and elegant design. A stylish and practical accessory. Shop now!","breadcrumb":{"@id":"https:\/\/crudo-leather.com\/product\/felicita-long-leather-flap-wallet-saffiano-pink\/#breadcrumb"},"inLanguage":"en-US","potentialAction":[{"@type":"ReadAction","target":["https:\/\/crudo-leather.com\/product\/felicita-long-leather-flap-wallet-saffiano-pink\/"]}]},{"@type":"ImageObject","inLanguage":"en-US","@id":"https:\/\/crudo-leather.com\/product\/felicita-long-leather-flap-wallet-saffiano-pink\/#primaryimage","url":"https:\/\/crudo-leather.com\/wp-content\/uploads\/2024\/11\/LWX02_WBG_PIK_tag.jpg","contentUrl":"https:\/\/crudo-leather.com\/wp-content\/uploads\/2024\/11\/LWX02_WBG_PIK_tag.jpg","width":2000,"height":2000},{"@type":"BreadcrumbList","@id":"https:\/\/crudo-leather.com\/product\/felicita-long-leather-flap-wallet-saffiano-pink\/#breadcrumb","itemListElement":[{"@type":"ListItem","position":1,"name":"Shop","item":"https:\/\/crudo-leather.com\/shop\/"},{"@type":"ListItem","position":2,"name":"Felicita Customized Long Leather Flap Wallet"}]},{"@type":"WebSite","@id":"https:\/\/crudo-leather.com\/#website","url":"https:\/\/crudo-leather.com\/","name":"Crudo","description":"","potentialAction":[{"@type":"SearchAction","target":{"@type":"EntryPoint","urlTemplate":"https:\/\/crudo-leather.com\/?s={search_term_string}"},"query-input":{"@type":"PropertyValueSpecification","valueRequired":true,"valueName":"search_term_string"}}],"inLanguage":"en-US"}]}},"_links":{"self":[{"href":"https:\/\/crudo-leather.com\/de\/wp-json\/wp\/v2\/product\/296998"}],"collection":[{"href":"https:\/\/crudo-leather.com\/de\/wp-json\/wp\/v2\/product"}],"about":[{"href":"https:\/\/crudo-leather.com\/de\/wp-json\/wp\/v2\/types\/product"}],"replies":[{"embeddable":true,"href":"https:\/\/crudo-leather.com\/de\/wp-json\/wp\/v2\/comments?post=296998"}],"wp:featuredmedia":[{"embeddable":true,"href":"https:\/\/crudo-leather.com\/de\/wp-json\/wp\/v2\/media\/297021"}],"wp:attachment":[{"href":"https:\/\/crudo-leather.com\/de\/wp-json\/wp\/v2\/media?parent=296998"}],"wp:term":[{"taxonomy":"collection","embeddable":true,"href":"https:\/\/crudo-leather.com\/de\/wp-json\/wp\/v2\/collection?post=296998"},{"taxonomy":"trending_cat","embeddable":true,"href":"https:\/\/crudo-leather.com\/de\/wp-json\/wp\/v2\/trending_cat?post=296998"},{"taxonomy":"product_cat","embeddable":true,"href":"https:\/\/crudo-leather.com\/de\/wp-json\/wp\/v2\/product_cat?post=296998"},{"taxonomy":"product_tag","embeddable":true,"href":"https:\/\/crudo-leather.com\/de\/wp-json\/wp\/v2\/product_tag?post=296998"}],"curies":[{"name":"wp","href":"https:\/\/api.w.org\/{rel}","templated":true}]}}