{"id":297057,"date":"2024-11-16T15:46:09","date_gmt":"2024-11-16T07:46:09","guid":{"rendered":"https:\/\/crudo-leather.com\/?post_type=product&#038;p=297057"},"modified":"2025-05-20T11:35:25","modified_gmt":"2025-05-20T03:35:25","slug":"riuscito-ultra-slim-long-leather-wallet-saffiano-pink","status":"publish","type":"product","link":"https:\/\/crudo-leather.com\/de\/product\/riuscito-ultra-slim-long-leather-wallet-saffiano-pink\/","title":{"rendered":"Riuscito Personalisiertes Doppelfalz-D\u00fcnnes Leder-Langportemonnaie"},"content":{"rendered":"","protected":false},"excerpt":{"rendered":"<strong>Klicken Sie auf \"Zum Warenkorb hinzuf\u00fcgen und gestalten\", um Ihren Gravurinhalt zu gestalten.<\/strong>\n\nDer modische und schlichte Riuscito Langportemonnaie \u00fcberzeugt mit einem schlanken und leichten Zweifalldesign. Die praktischen F\u00e4cher erm\u00f6glichen es Ihnen, Karten und Banknoten ordentlich zu verstauen, und er l\u00e4sst sich leicht in der Handtasche unterbringen. Hergestellt aus italienischem Saffiano-Leder, verleiht die einzigartige Kreuzpr\u00e4gung dem Portemonnaie einen modischen Touch. In Kombination mit einer personalisierten Gravur erh\u00e4lt Ihr t\u00e4gliches Accessoire eine pers\u00f6nliche Note.\n\n<strong>Beschreibung:<\/strong>\n- Hergestellt aus 100 % italienischem Rindleder mit Kreuzpr\u00e4gung\n- Handgen\u00e4ht, was die au\u00dfergew\u00f6hnliche Handwerkskunst unterstreicht\n- Handgeschliffen und -veredelt\n- Das Langformat sorgt daf\u00fcr, dass Banknoten nicht knicken \u2013 ein kleines Detail, das Ihren Status unterstreicht\n- Mehrere Kartenf\u00e4cher bieten einen klaren \u00dcberblick und steigern die Effizienz bei der Verwaltung Ihrer Finanzen\n- Verschiedene Schriftarten und Gravurvorschl\u00e4ge zur Auswahl\n- Kostenloses Upgrade auf ein elegantes Geschenkset (inklusive Geschenkkarte und Produktgarantie)\n\n<strong>Kartenf\u00e4cher (12CC)<\/strong>\n- 12 Kreditkartenf\u00e4cher\n- 2 Innentaschen\n- 2 Banknotenf\u00e4cher\n- 1 M\u00fcnzfach\n- Insgesamt Platz f\u00fcr etwa 14 bis 20 Karten\n\n<strong>Produktionszeit und Versanddetails<\/strong>\n- Jedes Produkt ben\u00f6tigt nur 1-5 Werktage zur Fertigstellung\n- Bei Bestellung heute kann die Lieferung bereits morgen erfolgen\n- Weltweiter Versand","protected":false},"featured_media":297095,"comment_status":"open","ping_status":"closed","template":"","meta":{"inline_featured_image":false},"collection":[],"trending_cat":[],"product_cat":[2373],"product_tag":[],"class_list":{"0":"post-297057","1":"product","2":"type-product","3":"status-publish","4":"has-post-thumbnail","6":"product_cat-wallets","8":"first","9":"instock","10":"sale","11":"shipping-taxable","12":"purchasable","13":"product-type-variable"},"yoast_head":"<!-- This site is optimized with the Yoast SEO plugin v23.4 - https:\/\/yoast.com\/wordpress\/plugins\/seo\/ -->\n<title>Riuscito Saffiano Leder Langportemonnaie Rosa<\/title>\n<meta name=\"description\" content=\"Crudo Riuscito Personalisiertes, schlankes, zweifach gefaltetes Leder-Portemonnaie, italienisches Saffiano-Leder, Kreuzstruktur in Rosa. Handgefertigt, mit mehreren Kartenf\u00e4chern, modisch und tragbar.\" \/>\n<meta name=\"robots\" content=\"index, follow, max-snippet:-1, max-image-preview:large, max-video-preview:-1\" \/>\n<link rel=\"canonical\" href=\"https:\/\/crudo-leather.com\/de\/product\/riuscito-ultra-slim-long-leather-wallet-saffiano-pink\/\" \/>\n<meta property=\"og:locale\" content=\"en_US\" \/>\n<meta property=\"og:type\" content=\"article\" \/>\n<meta property=\"og:title\" content=\"Riuscito Saffiano Leder Langportemonnaie Rosa\" \/>\n<meta property=\"og:description\" content=\"Crudo Riuscito Personalisiertes, schlankes, zweifach gefaltetes Leder-Portemonnaie, italienisches Saffiano-Leder, Kreuzstruktur in Rosa. Handgefertigt, mit mehreren Kartenf\u00e4chern, modisch und tragbar.\" \/>\n<meta property=\"og:url\" content=\"https:\/\/crudo-leather.com\/product\/riuscito-ultra-slim-long-leather-wallet-saffiano-pink\/\" \/>\n<meta property=\"og:site_name\" content=\"Crudo\" \/>\n<meta property=\"article:modified_time\" content=\"2025-05-20T03:35:25+00:00\" \/>\n<meta property=\"og:image\" content=\"https:\/\/crudo-leather.com\/wp-content\/uploads\/2024\/11\/LWX02_WBG_PIK_1-3.jpg\" \/>\n\t<meta property=\"og:image:width\" content=\"2000\" \/>\n\t<meta property=\"og:image:height\" content=\"2000\" \/>\n\t<meta property=\"og:image:type\" content=\"image\/jpeg\" \/>\n<meta name=\"twitter:card\" content=\"summary_large_image\" \/>\n<meta name=\"twitter:label1\" content=\"Est. reading time\" \/>\n\t<meta name=\"twitter:data1\" content=\"1 minute\" \/>\n<script type=\"application\/ld+json\" class=\"yoast-schema-graph\">{\"@context\":\"https:\/\/schema.org\",\"@graph\":[{\"@type\":\"WebPage\",\"@id\":\"https:\/\/crudo-leather.com\/product\/riuscito-ultra-slim-long-leather-wallet-saffiano-pink\/\",\"url\":\"https:\/\/crudo-leather.com\/product\/riuscito-ultra-slim-long-leather-wallet-saffiano-pink\/\",\"name\":\"Riuscito Ultra Slim Long Leather Wallet - Saffiano Pink\",\"isPartOf\":{\"@id\":\"https:\/\/crudo-leather.com\/#website\"},\"primaryImageOfPage\":{\"@id\":\"https:\/\/crudo-leather.com\/product\/riuscito-ultra-slim-long-leather-wallet-saffiano-pink\/#primaryimage\"},\"image\":{\"@id\":\"https:\/\/crudo-leather.com\/product\/riuscito-ultra-slim-long-leather-wallet-saffiano-pink\/#primaryimage\"},\"thumbnailUrl\":\"https:\/\/crudo-leather.com\/wp-content\/uploads\/2024\/11\/LWX02_WBG_PIK_1-3.jpg\",\"datePublished\":\"2024-11-16T07:46:09+00:00\",\"dateModified\":\"2025-05-20T03:35:25+00:00\",\"description\":\"Discover Riuscito ultra slim long leather wallet in saffiano pink. Crafted with premium Italian leather, offering minimalist design and practical functionality. Shop now!\",\"breadcrumb\":{\"@id\":\"https:\/\/crudo-leather.com\/product\/riuscito-ultra-slim-long-leather-wallet-saffiano-pink\/#breadcrumb\"},\"inLanguage\":\"en-US\",\"potentialAction\":[{\"@type\":\"ReadAction\",\"target\":[\"https:\/\/crudo-leather.com\/product\/riuscito-ultra-slim-long-leather-wallet-saffiano-pink\/\"]}]},{\"@type\":\"ImageObject\",\"inLanguage\":\"en-US\",\"@id\":\"https:\/\/crudo-leather.com\/product\/riuscito-ultra-slim-long-leather-wallet-saffiano-pink\/#primaryimage\",\"url\":\"https:\/\/crudo-leather.com\/wp-content\/uploads\/2024\/11\/LWX02_WBG_PIK_1-3.jpg\",\"contentUrl\":\"https:\/\/crudo-leather.com\/wp-content\/uploads\/2024\/11\/LWX02_WBG_PIK_1-3.jpg\",\"width\":2000,\"height\":2000},{\"@type\":\"BreadcrumbList\",\"@id\":\"https:\/\/crudo-leather.com\/product\/riuscito-ultra-slim-long-leather-wallet-saffiano-pink\/#breadcrumb\",\"itemListElement\":[{\"@type\":\"ListItem\",\"position\":1,\"name\":\"Shop\",\"item\":\"https:\/\/crudo-leather.com\/shop\/\"},{\"@type\":\"ListItem\",\"position\":2,\"name\":\"Riuscito Customized Ultra-Slim Long Leather Wallet\"}]},{\"@type\":\"WebSite\",\"@id\":\"https:\/\/crudo-leather.com\/#website\",\"url\":\"https:\/\/crudo-leather.com\/\",\"name\":\"Crudo\",\"description\":\"\",\"potentialAction\":[{\"@type\":\"SearchAction\",\"target\":{\"@type\":\"EntryPoint\",\"urlTemplate\":\"https:\/\/crudo-leather.com\/?s={search_term_string}\"},\"query-input\":{\"@type\":\"PropertyValueSpecification\",\"valueRequired\":true,\"valueName\":\"search_term_string\"}}],\"inLanguage\":\"en-US\"}]}<\/script>\n<!-- \/ Yoast SEO plugin. -->","yoast_head_json":{"title":"Riuscito Saffiano Leder Langportemonnaie Rosa","description":"Crudo Riuscito Personalisiertes, schlankes, zweifach gefaltetes Leder-Portemonnaie, italienisches Saffiano-Leder, Kreuzstruktur in Rosa. Handgefertigt, mit mehreren Kartenf\u00e4chern, modisch und tragbar.","robots":{"index":"index","follow":"follow","max-snippet":"max-snippet:-1","max-image-preview":"max-image-preview:large","max-video-preview":"max-video-preview:-1"},"canonical":"https:\/\/crudo-leather.com\/de\/product\/riuscito-ultra-slim-long-leather-wallet-saffiano-pink\/","og_locale":"en_US","og_type":"article","og_title":"Riuscito Saffiano Leder Langportemonnaie Rosa","og_description":"Crudo Riuscito Personalisiertes, schlankes, zweifach gefaltetes Leder-Portemonnaie, italienisches Saffiano-Leder, Kreuzstruktur in Rosa. Handgefertigt, mit mehreren Kartenf\u00e4chern, modisch und tragbar.","og_url":"https:\/\/crudo-leather.com\/product\/riuscito-ultra-slim-long-leather-wallet-saffiano-pink\/","og_site_name":"Crudo","article_modified_time":"2025-05-20T03:35:25+00:00","og_image":[{"width":2000,"height":2000,"url":"https:\/\/crudo-leather.com\/wp-content\/uploads\/2024\/11\/LWX02_WBG_PIK_1-3.jpg","type":"image\/jpeg"}],"twitter_card":"summary_large_image","twitter_misc":{"Est. reading time":"1 minute"},"schema":{"@context":"https:\/\/schema.org","@graph":[{"@type":"WebPage","@id":"https:\/\/crudo-leather.com\/product\/riuscito-ultra-slim-long-leather-wallet-saffiano-pink\/","url":"https:\/\/crudo-leather.com\/product\/riuscito-ultra-slim-long-leather-wallet-saffiano-pink\/","name":"Riuscito Ultra Slim Long Leather Wallet - Saffiano Pink","isPartOf":{"@id":"https:\/\/crudo-leather.com\/#website"},"primaryImageOfPage":{"@id":"https:\/\/crudo-leather.com\/product\/riuscito-ultra-slim-long-leather-wallet-saffiano-pink\/#primaryimage"},"image":{"@id":"https:\/\/crudo-leather.com\/product\/riuscito-ultra-slim-long-leather-wallet-saffiano-pink\/#primaryimage"},"thumbnailUrl":"https:\/\/crudo-leather.com\/wp-content\/uploads\/2024\/11\/LWX02_WBG_PIK_1-3.jpg","datePublished":"2024-11-16T07:46:09+00:00","dateModified":"2025-05-20T03:35:25+00:00","description":"Discover Riuscito ultra slim long leather wallet in saffiano pink. Crafted with premium Italian leather, offering minimalist design and practical functionality. Shop now!","breadcrumb":{"@id":"https:\/\/crudo-leather.com\/product\/riuscito-ultra-slim-long-leather-wallet-saffiano-pink\/#breadcrumb"},"inLanguage":"en-US","potentialAction":[{"@type":"ReadAction","target":["https:\/\/crudo-leather.com\/product\/riuscito-ultra-slim-long-leather-wallet-saffiano-pink\/"]}]},{"@type":"ImageObject","inLanguage":"en-US","@id":"https:\/\/crudo-leather.com\/product\/riuscito-ultra-slim-long-leather-wallet-saffiano-pink\/#primaryimage","url":"https:\/\/crudo-leather.com\/wp-content\/uploads\/2024\/11\/LWX02_WBG_PIK_1-3.jpg","contentUrl":"https:\/\/crudo-leather.com\/wp-content\/uploads\/2024\/11\/LWX02_WBG_PIK_1-3.jpg","width":2000,"height":2000},{"@type":"BreadcrumbList","@id":"https:\/\/crudo-leather.com\/product\/riuscito-ultra-slim-long-leather-wallet-saffiano-pink\/#breadcrumb","itemListElement":[{"@type":"ListItem","position":1,"name":"Shop","item":"https:\/\/crudo-leather.com\/shop\/"},{"@type":"ListItem","position":2,"name":"Riuscito Customized Ultra-Slim Long Leather Wallet"}]},{"@type":"WebSite","@id":"https:\/\/crudo-leather.com\/#website","url":"https:\/\/crudo-leather.com\/","name":"Crudo","description":"","potentialAction":[{"@type":"SearchAction","target":{"@type":"EntryPoint","urlTemplate":"https:\/\/crudo-leather.com\/?s={search_term_string}"},"query-input":{"@type":"PropertyValueSpecification","valueRequired":true,"valueName":"search_term_string"}}],"inLanguage":"en-US"}]}},"_links":{"self":[{"href":"https:\/\/crudo-leather.com\/de\/wp-json\/wp\/v2\/product\/297057"}],"collection":[{"href":"https:\/\/crudo-leather.com\/de\/wp-json\/wp\/v2\/product"}],"about":[{"href":"https:\/\/crudo-leather.com\/de\/wp-json\/wp\/v2\/types\/product"}],"replies":[{"embeddable":true,"href":"https:\/\/crudo-leather.com\/de\/wp-json\/wp\/v2\/comments?post=297057"}],"wp:featuredmedia":[{"embeddable":true,"href":"https:\/\/crudo-leather.com\/de\/wp-json\/wp\/v2\/media\/297095"}],"wp:attachment":[{"href":"https:\/\/crudo-leather.com\/de\/wp-json\/wp\/v2\/media?parent=297057"}],"wp:term":[{"taxonomy":"collection","embeddable":true,"href":"https:\/\/crudo-leather.com\/de\/wp-json\/wp\/v2\/collection?post=297057"},{"taxonomy":"trending_cat","embeddable":true,"href":"https:\/\/crudo-leather.com\/de\/wp-json\/wp\/v2\/trending_cat?post=297057"},{"taxonomy":"product_cat","embeddable":true,"href":"https:\/\/crudo-leather.com\/de\/wp-json\/wp\/v2\/product_cat?post=297057"},{"taxonomy":"product_tag","embeddable":true,"href":"https:\/\/crudo-leather.com\/de\/wp-json\/wp\/v2\/product_tag?post=297057"}],"curies":[{"name":"wp","href":"https:\/\/api.w.org\/{rel}","templated":true}]}}