{"id":297380,"date":"2024-11-17T15:08:50","date_gmt":"2024-11-17T07:08:50","guid":{"rendered":"https:\/\/crudo-leather.com\/?post_type=product&#038;p=297380"},"modified":"2026-01-02T09:47:07","modified_gmt":"2026-01-02T01:47:07","slug":"my-melody-kuromi-uv-printed-customzied-rfid-slim-passport-wallet-saffiano-black","status":"publish","type":"product","link":"https:\/\/crudo-leather.com\/de\/product\/my-melody-kuromi-uv-printed-customzied-rfid-slim-passport-wallet-saffiano-black\/","title":{"rendered":"My Melody \u2661 Kuromi Limited Edition UV-Druck personalisiertes RFID d\u00fcnnes Leder Reisepassh\u00fclle Portemonnaie"},"content":{"rendered":"","protected":false},"excerpt":{"rendered":"<strong>** Nachdem Sie ein Produkt ausgew\u00e4hlt und auf \"In den Warenkorb legen und gestalten\" geklickt haben, w\u00e4hlen Sie bitte auf der Gestaltungsseite mindestens ein spezielles My Melody x Kuromi Motiv aus, um die UV-Druckanpassung abzuschlie\u00dfen und das My Melody x Kuromi Geschenkset zu verbessern. **<\/strong>\n\n<strong><u>My Melody x Kuromi x Crudo<\/u><\/strong>\n\nDer Spa\u00df mit der besten Freundin h\u00f6rt nie auf! Die My Melody x Kuromi Special Edition Lederaccessoires erm\u00f6glichen es Ihnen und Ihrer besten Freundin, passende, personalisierte Portemonnaies zu gestalten! Aus insgesamt 18 s\u00fc\u00dfen und stylischen My Melody und Kuromi Freundschaftsmotiven k\u00f6nnen Sie w\u00e4hlen und diese mit UV-Technologie auf die Oberfl\u00e4che des italienischen Kreuznarbenleder-Accessoires drucken lassen. F\u00fcgen Sie eine personalisierte Unterschrift hinzu, um es zu einem einzigartigen Zeichen f\u00fcr Sie und Ihre beste Freundin zu machen!\n\n- Offiziell lizenziertes Sanrio Produkt\n\n- Bis zu 18 spezielle My Melody x Kuromi Motive zur Auswahl, die zusammen mit Ihrer personalisierten Unterschrift per UV-Druck auf dem Leder-Reisepassportemonnaie aufgebracht werden\n\n- Beim Kauf eines My Melody x Kuromi Limited Edition Leder-Reisepassportemonnaies erhalten Sie eine My Melody x Kuromi Geschenkbox mit abtrennbarer Gru\u00dfkarte\n\n- Hergestellt aus 100% italienischem Kreuznarben-Vollrindleder\n\n- Handgeschliffen und -veredelt\n\n<strong>Kartenf\u00e4cher und Aufteilung\n<\/strong>- Separate Geldscheinfach\n- 5 Kreditkartenf\u00e4cher\n- 1 Reisepassfach\n- 1 Bordkartenfach\n- 1 Innentasche\n\n<strong>Herstellungszeit und Versanddetails\n<\/strong>- Jedes Produkt ben\u00f6tigt nur 1-5 Werktage zur Herstellung\n- Bestellungen von heute k\u00f6nnen bereits morgen versendet werden\n- Nur erh\u00e4ltlich in Hongkong, Macau, Festlandchina, Japan, S\u00fcdkorea und S\u00fcdamerika (au\u00dfer Panama)","protected":false},"featured_media":297299,"comment_status":"open","ping_status":"closed","template":"","meta":{"inline_featured_image":false},"collection":[],"trending_cat":[],"product_cat":[15,82],"product_tag":[2406,2966,2854],"class_list":{"0":"post-297380","1":"product","2":"type-product","3":"status-publish","4":"has-post-thumbnail","6":"product_cat-uncategorized","7":"product_cat-passport-holder","8":"product_tag-kuromi-sanrio-characters","9":"product_tag-my-melody-special-edition","10":"product_tag-my-melody-kuromi-special-edition","12":"first","13":"instock","14":"sale","15":"shipping-taxable","16":"purchasable","17":"product-type-variable"},"yoast_head":"<!-- This site is optimized with the Yoast SEO plugin v23.4 - https:\/\/yoast.com\/wordpress\/plugins\/seo\/ -->\n<title>Crudo My Melody &amp; Kuromi UV-Druck RFID-Diebstahlschutz schlanke Reisepassh\u00fclle - Schwarz<\/title>\n<meta name=\"description\" content=\"Entdecken Sie den Crudo My Melody &amp; Kuromi Limited Edition schwarzen Saffiano-Leder Reisepassh\u00fclle. UV-gedrucktes Design, integrierte RFID-Schutztechnologie, mehrere Kartenf\u00e4cher, SIM-Kartensteckplatz, Bordkartenfach. Inklusive exklusiver Geschenkbox.\" \/>\n<meta name=\"robots\" content=\"index, follow, max-snippet:-1, max-image-preview:large, max-video-preview:-1\" \/>\n<link rel=\"canonical\" href=\"https:\/\/crudo-leather.com\/de\/product\/my-melody-kuromi-uv-printed-customzied-rfid-slim-passport-wallet-saffiano-black\/\" \/>\n<meta property=\"og:locale\" content=\"en_US\" \/>\n<meta property=\"og:type\" content=\"article\" \/>\n<meta property=\"og:title\" content=\"Crudo My Melody &amp; Kuromi UV-Druck RFID-Diebstahlschutz schlanke Reisepassh\u00fclle - Schwarz\" \/>\n<meta property=\"og:description\" content=\"Entdecken Sie den Crudo My Melody &amp; Kuromi Limited Edition schwarzen Saffiano-Leder Reisepassh\u00fclle. UV-gedrucktes Design, integrierte RFID-Schutztechnologie, mehrere Kartenf\u00e4cher, SIM-Kartensteckplatz, Bordkartenfach. Inklusive exklusiver Geschenkbox.\" \/>\n<meta property=\"og:url\" content=\"https:\/\/crudo-leather.com\/product\/my-melody-kuromi-uv-printed-customzied-rfid-slim-passport-wallet-saffiano-black\/\" \/>\n<meta property=\"og:site_name\" content=\"Crudo\" \/>\n<meta property=\"article:modified_time\" content=\"2026-01-02T01:47:07+00:00\" \/>\n<meta property=\"og:image\" content=\"https:\/\/crudo-leather.com\/wp-content\/uploads\/2024\/11\/PPH14_WBG_BLK_1.jpg\" \/>\n\t<meta property=\"og:image:width\" content=\"2000\" \/>\n\t<meta property=\"og:image:height\" content=\"2000\" \/>\n\t<meta property=\"og:image:type\" content=\"image\/jpeg\" \/>\n<meta name=\"twitter:card\" content=\"summary_large_image\" \/>\n<meta name=\"twitter:label1\" content=\"Est. reading time\" \/>\n\t<meta name=\"twitter:data1\" content=\"1 minute\" \/>\n<script type=\"application\/ld+json\" class=\"yoast-schema-graph\">{\"@context\":\"https:\/\/schema.org\",\"@graph\":[{\"@type\":\"WebPage\",\"@id\":\"https:\/\/crudo-leather.com\/product\/my-melody-kuromi-uv-printed-customzied-rfid-slim-passport-wallet-saffiano-black\/\",\"url\":\"https:\/\/crudo-leather.com\/product\/my-melody-kuromi-uv-printed-customzied-rfid-slim-passport-wallet-saffiano-black\/\",\"name\":\"My Melody & Kuromi UV Printed RFID Slim Passport Wallet - Saffiano Black\",\"isPartOf\":{\"@id\":\"https:\/\/crudo-leather.com\/#website\"},\"primaryImageOfPage\":{\"@id\":\"https:\/\/crudo-leather.com\/product\/my-melody-kuromi-uv-printed-customzied-rfid-slim-passport-wallet-saffiano-black\/#primaryimage\"},\"image\":{\"@id\":\"https:\/\/crudo-leather.com\/product\/my-melody-kuromi-uv-printed-customzied-rfid-slim-passport-wallet-saffiano-black\/#primaryimage\"},\"thumbnailUrl\":\"https:\/\/crudo-leather.com\/wp-content\/uploads\/2024\/11\/PPH14_WBG_BLK_1.jpg\",\"datePublished\":\"2024-11-17T07:08:50+00:00\",\"dateModified\":\"2026-01-02T01:47:07+00:00\",\"description\":\"Explore officially licensed My Melody & Kuromi UV printed RFID slim passport wallet. Saffiano black, secure & stylish. Free engraving & luxury gift box. Travel essential. Shop now!\",\"breadcrumb\":{\"@id\":\"https:\/\/crudo-leather.com\/product\/my-melody-kuromi-uv-printed-customzied-rfid-slim-passport-wallet-saffiano-black\/#breadcrumb\"},\"inLanguage\":\"en-US\",\"potentialAction\":[{\"@type\":\"ReadAction\",\"target\":[\"https:\/\/crudo-leather.com\/product\/my-melody-kuromi-uv-printed-customzied-rfid-slim-passport-wallet-saffiano-black\/\"]}]},{\"@type\":\"ImageObject\",\"inLanguage\":\"en-US\",\"@id\":\"https:\/\/crudo-leather.com\/product\/my-melody-kuromi-uv-printed-customzied-rfid-slim-passport-wallet-saffiano-black\/#primaryimage\",\"url\":\"https:\/\/crudo-leather.com\/wp-content\/uploads\/2024\/11\/PPH14_WBG_BLK_1.jpg\",\"contentUrl\":\"https:\/\/crudo-leather.com\/wp-content\/uploads\/2024\/11\/PPH14_WBG_BLK_1.jpg\",\"width\":2000,\"height\":2000},{\"@type\":\"BreadcrumbList\",\"@id\":\"https:\/\/crudo-leather.com\/product\/my-melody-kuromi-uv-printed-customzied-rfid-slim-passport-wallet-saffiano-black\/#breadcrumb\",\"itemListElement\":[{\"@type\":\"ListItem\",\"position\":1,\"name\":\"Shop\",\"item\":\"https:\/\/crudo-leather.com\/shop\/\"},{\"@type\":\"ListItem\",\"position\":2,\"name\":\"My Melody \u2661 Kuromi UV Printed Customzied RFID Slim Passport Wallet\"}]},{\"@type\":\"WebSite\",\"@id\":\"https:\/\/crudo-leather.com\/#website\",\"url\":\"https:\/\/crudo-leather.com\/\",\"name\":\"Crudo\",\"description\":\"\",\"potentialAction\":[{\"@type\":\"SearchAction\",\"target\":{\"@type\":\"EntryPoint\",\"urlTemplate\":\"https:\/\/crudo-leather.com\/?s={search_term_string}\"},\"query-input\":{\"@type\":\"PropertyValueSpecification\",\"valueRequired\":true,\"valueName\":\"search_term_string\"}}],\"inLanguage\":\"en-US\"}]}<\/script>\n<!-- \/ Yoast SEO plugin. -->","yoast_head_json":{"title":"Crudo My Melody & Kuromi UV-Druck RFID-Diebstahlschutz schlanke Reisepassh\u00fclle - Schwarz","description":"Entdecken Sie den Crudo My Melody & Kuromi Limited Edition schwarzen Saffiano-Leder Reisepassh\u00fclle. UV-gedrucktes Design, integrierte RFID-Schutztechnologie, mehrere Kartenf\u00e4cher, SIM-Kartensteckplatz, Bordkartenfach. Inklusive exklusiver Geschenkbox.","robots":{"index":"index","follow":"follow","max-snippet":"max-snippet:-1","max-image-preview":"max-image-preview:large","max-video-preview":"max-video-preview:-1"},"canonical":"https:\/\/crudo-leather.com\/de\/product\/my-melody-kuromi-uv-printed-customzied-rfid-slim-passport-wallet-saffiano-black\/","og_locale":"en_US","og_type":"article","og_title":"Crudo My Melody & Kuromi UV-Druck RFID-Diebstahlschutz schlanke Reisepassh\u00fclle - Schwarz","og_description":"Entdecken Sie den Crudo My Melody & Kuromi Limited Edition schwarzen Saffiano-Leder Reisepassh\u00fclle. UV-gedrucktes Design, integrierte RFID-Schutztechnologie, mehrere Kartenf\u00e4cher, SIM-Kartensteckplatz, Bordkartenfach. Inklusive exklusiver Geschenkbox.","og_url":"https:\/\/crudo-leather.com\/product\/my-melody-kuromi-uv-printed-customzied-rfid-slim-passport-wallet-saffiano-black\/","og_site_name":"Crudo","article_modified_time":"2026-01-02T01:47:07+00:00","og_image":[{"width":2000,"height":2000,"url":"https:\/\/crudo-leather.com\/wp-content\/uploads\/2024\/11\/PPH14_WBG_BLK_1.jpg","type":"image\/jpeg"}],"twitter_card":"summary_large_image","twitter_misc":{"Est. reading time":"1 minute"},"schema":{"@context":"https:\/\/schema.org","@graph":[{"@type":"WebPage","@id":"https:\/\/crudo-leather.com\/product\/my-melody-kuromi-uv-printed-customzied-rfid-slim-passport-wallet-saffiano-black\/","url":"https:\/\/crudo-leather.com\/product\/my-melody-kuromi-uv-printed-customzied-rfid-slim-passport-wallet-saffiano-black\/","name":"My Melody & Kuromi UV Printed RFID Slim Passport Wallet - Saffiano Black","isPartOf":{"@id":"https:\/\/crudo-leather.com\/#website"},"primaryImageOfPage":{"@id":"https:\/\/crudo-leather.com\/product\/my-melody-kuromi-uv-printed-customzied-rfid-slim-passport-wallet-saffiano-black\/#primaryimage"},"image":{"@id":"https:\/\/crudo-leather.com\/product\/my-melody-kuromi-uv-printed-customzied-rfid-slim-passport-wallet-saffiano-black\/#primaryimage"},"thumbnailUrl":"https:\/\/crudo-leather.com\/wp-content\/uploads\/2024\/11\/PPH14_WBG_BLK_1.jpg","datePublished":"2024-11-17T07:08:50+00:00","dateModified":"2026-01-02T01:47:07+00:00","description":"Explore officially licensed My Melody & Kuromi UV printed RFID slim passport wallet. Saffiano black, secure & stylish. Free engraving & luxury gift box. Travel essential. Shop now!","breadcrumb":{"@id":"https:\/\/crudo-leather.com\/product\/my-melody-kuromi-uv-printed-customzied-rfid-slim-passport-wallet-saffiano-black\/#breadcrumb"},"inLanguage":"en-US","potentialAction":[{"@type":"ReadAction","target":["https:\/\/crudo-leather.com\/product\/my-melody-kuromi-uv-printed-customzied-rfid-slim-passport-wallet-saffiano-black\/"]}]},{"@type":"ImageObject","inLanguage":"en-US","@id":"https:\/\/crudo-leather.com\/product\/my-melody-kuromi-uv-printed-customzied-rfid-slim-passport-wallet-saffiano-black\/#primaryimage","url":"https:\/\/crudo-leather.com\/wp-content\/uploads\/2024\/11\/PPH14_WBG_BLK_1.jpg","contentUrl":"https:\/\/crudo-leather.com\/wp-content\/uploads\/2024\/11\/PPH14_WBG_BLK_1.jpg","width":2000,"height":2000},{"@type":"BreadcrumbList","@id":"https:\/\/crudo-leather.com\/product\/my-melody-kuromi-uv-printed-customzied-rfid-slim-passport-wallet-saffiano-black\/#breadcrumb","itemListElement":[{"@type":"ListItem","position":1,"name":"Shop","item":"https:\/\/crudo-leather.com\/shop\/"},{"@type":"ListItem","position":2,"name":"My Melody \u2661 Kuromi UV Printed Customzied RFID Slim Passport Wallet"}]},{"@type":"WebSite","@id":"https:\/\/crudo-leather.com\/#website","url":"https:\/\/crudo-leather.com\/","name":"Crudo","description":"","potentialAction":[{"@type":"SearchAction","target":{"@type":"EntryPoint","urlTemplate":"https:\/\/crudo-leather.com\/?s={search_term_string}"},"query-input":{"@type":"PropertyValueSpecification","valueRequired":true,"valueName":"search_term_string"}}],"inLanguage":"en-US"}]}},"_links":{"self":[{"href":"https:\/\/crudo-leather.com\/de\/wp-json\/wp\/v2\/product\/297380"}],"collection":[{"href":"https:\/\/crudo-leather.com\/de\/wp-json\/wp\/v2\/product"}],"about":[{"href":"https:\/\/crudo-leather.com\/de\/wp-json\/wp\/v2\/types\/product"}],"replies":[{"embeddable":true,"href":"https:\/\/crudo-leather.com\/de\/wp-json\/wp\/v2\/comments?post=297380"}],"wp:featuredmedia":[{"embeddable":true,"href":"https:\/\/crudo-leather.com\/de\/wp-json\/wp\/v2\/media\/297299"}],"wp:attachment":[{"href":"https:\/\/crudo-leather.com\/de\/wp-json\/wp\/v2\/media?parent=297380"}],"wp:term":[{"taxonomy":"collection","embeddable":true,"href":"https:\/\/crudo-leather.com\/de\/wp-json\/wp\/v2\/collection?post=297380"},{"taxonomy":"trending_cat","embeddable":true,"href":"https:\/\/crudo-leather.com\/de\/wp-json\/wp\/v2\/trending_cat?post=297380"},{"taxonomy":"product_cat","embeddable":true,"href":"https:\/\/crudo-leather.com\/de\/wp-json\/wp\/v2\/product_cat?post=297380"},{"taxonomy":"product_tag","embeddable":true,"href":"https:\/\/crudo-leather.com\/de\/wp-json\/wp\/v2\/product_tag?post=297380"}],"curies":[{"name":"wp","href":"https:\/\/api.w.org\/{rel}","templated":true}]}}