{"id":297426,"date":"2024-11-17T16:32:00","date_gmt":"2024-11-17T08:32:00","guid":{"rendered":"https:\/\/crudo-leather.com\/?post_type=product&#038;p=297426"},"modified":"2025-05-20T11:03:26","modified_gmt":"2025-05-20T03:03:26","slug":"my-melody-kuromi-uv-printed-customzied-leather-card-holder-saffiano-pink","status":"publish","type":"product","link":"https:\/\/crudo-leather.com\/de\/product\/my-melody-kuromi-uv-printed-customzied-leather-card-holder-saffiano-pink\/","title":{"rendered":"My Melody \u2661 Kuromi Limited Edition UV-Druck personalisierter Leder-Kartenhalter"},"content":{"rendered":"","protected":false},"excerpt":{"rendered":"** Nachdem Sie ein Produkt ausgew\u00e4hlt und auf \"Zum Warenkorb hinzuf\u00fcgen und gestalten\" geklickt haben, w\u00e4hlen Sie bitte auf der Gestaltungsseite mindestens ein spezielles Muster aus der My Melody x Kuromi Kollektion aus, um die UV-Druckanpassung abzuschlie\u00dfen und das My Melody x Kuromi Geschenkset zu verbessern.**\n\n<strong><u>My Melody x Kuromi x Crudo\n<\/u><\/strong>Der Spa\u00df mit der besten Freundin h\u00f6rt nie auf! Die My Melody x Kuromi Special Edition Lederaccessoires erm\u00f6glichen es Ihnen und Ihrer besten Freundin, passende Portemonnaies nach Ihren W\u00fcnschen anzupassen! Insgesamt 18 s\u00fc\u00dfe und stylische Freundschaftsmotive von My Melody und Kuromi stehen zur Auswahl, die mit UV-Technologie auf die Oberfl\u00e4che italienischer Kreuznarbenlederaccessoires gedruckt und mit einer personalisierten Unterschrift versehen werden k\u00f6nnen, um zu Ihrem pers\u00f6nlichen Markenzeichen mit Ihrer besten Freundin zu werden!\n\n- Offiziell lizenziertes Sanrio-Produkt\n\n- Bis zu 18 spezielle Muster der My Melody x Kuromi Kollektion zur Auswahl, die zusammen mit Ihrer personalisierten Unterschrift per UV-Druck auf dem Leder-Kartenhalter f\u00fcr Ausweise aufgebracht werden\n\n- Beim Kauf eines My Melody x Kuromi Limited Edition Leder-Kartenhalters erhalten Sie ein elegantes My Melody x Kuromi Geschenkset mit einer abziehbaren Gru\u00dfkarte\n\n- Hergestellt aus 100 % italienischem Kreuznarben-Vollrindleder\n\n- Handgeschliffen und -verarbeitet\n\n<strong>Kartenf\u00e4cher\n<\/strong>- 6 Kreditkartenf\u00e4cher\n- 1 Geldscheinfach\n- Platz f\u00fcr 5 bis 7 Karten und Geldscheine\n\n<strong>Produktionszeit und Versanddetails\n<\/strong>- Jedes Produkt ben\u00f6tigt nur 1-5 Werktage zur Fertigstellung\n- Bei Bestellung heute kann es bereits morgen versendet werden\n- Nur erh\u00e4ltlich in Hongkong, Macau, Festlandchina, Japan, S\u00fcdkorea und S\u00fcdamerika (au\u00dfer Panama)","protected":false},"featured_media":297260,"comment_status":"open","ping_status":"closed","template":"","meta":{"inline_featured_image":false},"collection":[],"trending_cat":[],"product_cat":[81],"product_tag":[2406,2966,2854],"class_list":{"0":"post-297426","1":"product","2":"type-product","3":"status-publish","4":"has-post-thumbnail","6":"product_cat-card-holder","7":"product_tag-kuromi-sanrio-characters","8":"product_tag-my-melody-special-edition","9":"product_tag-my-melody-kuromi-special-edition","11":"first","12":"instock","13":"sale","14":"shipping-taxable","15":"purchasable","16":"product-type-variable"},"yoast_head":"<!-- This site is optimized with the Yoast SEO plugin v23.4 - https:\/\/yoast.com\/wordpress\/plugins\/seo\/ -->\n<title>Crudo My Melody Kuromi UV-bedruckte Lederkartenh\u00fclle: Rosa<\/title>\n<meta name=\"description\" content=\"Crudo My Melody Kuromi Kooperations-UV-Druck personalisierte Saffiano-Leder-Kartenh\u00fclle. Pinkes Design, offiziell lizenziert, raffiniert und praktisch. Weltweiter Versand.\" \/>\n<meta name=\"robots\" content=\"index, follow, max-snippet:-1, max-image-preview:large, max-video-preview:-1\" \/>\n<link rel=\"canonical\" href=\"https:\/\/crudo-leather.com\/de\/product\/my-melody-kuromi-uv-printed-customzied-leather-card-holder-saffiano-pink\/\" \/>\n<meta property=\"og:locale\" content=\"en_US\" \/>\n<meta property=\"og:type\" content=\"article\" \/>\n<meta property=\"og:title\" content=\"Crudo My Melody Kuromi UV-bedruckte Lederkartenh\u00fclle: Rosa\" \/>\n<meta property=\"og:description\" content=\"Crudo My Melody Kuromi Kooperations-UV-Druck personalisierte Saffiano-Leder-Kartenh\u00fclle. Pinkes Design, offiziell lizenziert, raffiniert und praktisch. Weltweiter Versand.\" \/>\n<meta property=\"og:url\" content=\"https:\/\/crudo-leather.com\/product\/my-melody-kuromi-uv-printed-customzied-leather-card-holder-saffiano-pink\/\" \/>\n<meta property=\"og:site_name\" content=\"Crudo\" \/>\n<meta property=\"article:modified_time\" content=\"2025-05-20T03:03:26+00:00\" \/>\n<meta property=\"og:image\" content=\"https:\/\/crudo-leather.com\/wp-content\/uploads\/2024\/11\/CCH12_WBG_PIK_1.jpg\" \/>\n\t<meta property=\"og:image:width\" content=\"2000\" \/>\n\t<meta property=\"og:image:height\" content=\"2000\" \/>\n\t<meta property=\"og:image:type\" content=\"image\/jpeg\" \/>\n<meta name=\"twitter:card\" content=\"summary_large_image\" \/>\n<meta name=\"twitter:label1\" content=\"Est. reading time\" \/>\n\t<meta name=\"twitter:data1\" content=\"1 minute\" \/>\n<script type=\"application\/ld+json\" class=\"yoast-schema-graph\">{\"@context\":\"https:\/\/schema.org\",\"@graph\":[{\"@type\":\"WebPage\",\"@id\":\"https:\/\/crudo-leather.com\/product\/my-melody-kuromi-uv-printed-customzied-leather-card-holder-saffiano-pink\/\",\"url\":\"https:\/\/crudo-leather.com\/product\/my-melody-kuromi-uv-printed-customzied-leather-card-holder-saffiano-pink\/\",\"name\":\"My Melody Kuromi Saffiano Pink Card Holder\",\"isPartOf\":{\"@id\":\"https:\/\/crudo-leather.com\/#website\"},\"primaryImageOfPage\":{\"@id\":\"https:\/\/crudo-leather.com\/product\/my-melody-kuromi-uv-printed-customzied-leather-card-holder-saffiano-pink\/#primaryimage\"},\"image\":{\"@id\":\"https:\/\/crudo-leather.com\/product\/my-melody-kuromi-uv-printed-customzied-leather-card-holder-saffiano-pink\/#primaryimage\"},\"thumbnailUrl\":\"https:\/\/crudo-leather.com\/wp-content\/uploads\/2024\/11\/CCH12_WBG_PIK_1.jpg\",\"datePublished\":\"2024-11-17T08:32:00+00:00\",\"dateModified\":\"2025-05-20T03:03:26+00:00\",\"description\":\"Add a touch of cuteness with the My Melody Kuromi UV Printed Customized Leather Card Holder in Saffiano Pink. A charming and practical accessory.\",\"breadcrumb\":{\"@id\":\"https:\/\/crudo-leather.com\/product\/my-melody-kuromi-uv-printed-customzied-leather-card-holder-saffiano-pink\/#breadcrumb\"},\"inLanguage\":\"en-US\",\"potentialAction\":[{\"@type\":\"ReadAction\",\"target\":[\"https:\/\/crudo-leather.com\/product\/my-melody-kuromi-uv-printed-customzied-leather-card-holder-saffiano-pink\/\"]}]},{\"@type\":\"ImageObject\",\"inLanguage\":\"en-US\",\"@id\":\"https:\/\/crudo-leather.com\/product\/my-melody-kuromi-uv-printed-customzied-leather-card-holder-saffiano-pink\/#primaryimage\",\"url\":\"https:\/\/crudo-leather.com\/wp-content\/uploads\/2024\/11\/CCH12_WBG_PIK_1.jpg\",\"contentUrl\":\"https:\/\/crudo-leather.com\/wp-content\/uploads\/2024\/11\/CCH12_WBG_PIK_1.jpg\",\"width\":2000,\"height\":2000},{\"@type\":\"BreadcrumbList\",\"@id\":\"https:\/\/crudo-leather.com\/product\/my-melody-kuromi-uv-printed-customzied-leather-card-holder-saffiano-pink\/#breadcrumb\",\"itemListElement\":[{\"@type\":\"ListItem\",\"position\":1,\"name\":\"Shop\",\"item\":\"https:\/\/crudo-leather.com\/shop\/\"},{\"@type\":\"ListItem\",\"position\":2,\"name\":\"My Melody \u2661 Kuromi UV Printed Customzied Leather Card Holder\"}]},{\"@type\":\"WebSite\",\"@id\":\"https:\/\/crudo-leather.com\/#website\",\"url\":\"https:\/\/crudo-leather.com\/\",\"name\":\"Crudo\",\"description\":\"\",\"potentialAction\":[{\"@type\":\"SearchAction\",\"target\":{\"@type\":\"EntryPoint\",\"urlTemplate\":\"https:\/\/crudo-leather.com\/?s={search_term_string}\"},\"query-input\":{\"@type\":\"PropertyValueSpecification\",\"valueRequired\":true,\"valueName\":\"search_term_string\"}}],\"inLanguage\":\"en-US\"}]}<\/script>\n<!-- \/ Yoast SEO plugin. -->","yoast_head_json":{"title":"Crudo My Melody Kuromi UV-bedruckte Lederkartenh\u00fclle: Rosa","description":"Crudo My Melody Kuromi Kooperations-UV-Druck personalisierte Saffiano-Leder-Kartenh\u00fclle. Pinkes Design, offiziell lizenziert, raffiniert und praktisch. Weltweiter Versand.","robots":{"index":"index","follow":"follow","max-snippet":"max-snippet:-1","max-image-preview":"max-image-preview:large","max-video-preview":"max-video-preview:-1"},"canonical":"https:\/\/crudo-leather.com\/de\/product\/my-melody-kuromi-uv-printed-customzied-leather-card-holder-saffiano-pink\/","og_locale":"en_US","og_type":"article","og_title":"Crudo My Melody Kuromi UV-bedruckte Lederkartenh\u00fclle: Rosa","og_description":"Crudo My Melody Kuromi Kooperations-UV-Druck personalisierte Saffiano-Leder-Kartenh\u00fclle. Pinkes Design, offiziell lizenziert, raffiniert und praktisch. Weltweiter Versand.","og_url":"https:\/\/crudo-leather.com\/product\/my-melody-kuromi-uv-printed-customzied-leather-card-holder-saffiano-pink\/","og_site_name":"Crudo","article_modified_time":"2025-05-20T03:03:26+00:00","og_image":[{"width":2000,"height":2000,"url":"https:\/\/crudo-leather.com\/wp-content\/uploads\/2024\/11\/CCH12_WBG_PIK_1.jpg","type":"image\/jpeg"}],"twitter_card":"summary_large_image","twitter_misc":{"Est. reading time":"1 minute"},"schema":{"@context":"https:\/\/schema.org","@graph":[{"@type":"WebPage","@id":"https:\/\/crudo-leather.com\/product\/my-melody-kuromi-uv-printed-customzied-leather-card-holder-saffiano-pink\/","url":"https:\/\/crudo-leather.com\/product\/my-melody-kuromi-uv-printed-customzied-leather-card-holder-saffiano-pink\/","name":"My Melody Kuromi Saffiano Pink Card Holder","isPartOf":{"@id":"https:\/\/crudo-leather.com\/#website"},"primaryImageOfPage":{"@id":"https:\/\/crudo-leather.com\/product\/my-melody-kuromi-uv-printed-customzied-leather-card-holder-saffiano-pink\/#primaryimage"},"image":{"@id":"https:\/\/crudo-leather.com\/product\/my-melody-kuromi-uv-printed-customzied-leather-card-holder-saffiano-pink\/#primaryimage"},"thumbnailUrl":"https:\/\/crudo-leather.com\/wp-content\/uploads\/2024\/11\/CCH12_WBG_PIK_1.jpg","datePublished":"2024-11-17T08:32:00+00:00","dateModified":"2025-05-20T03:03:26+00:00","description":"Add a touch of cuteness with the My Melody Kuromi UV Printed Customized Leather Card Holder in Saffiano Pink. A charming and practical accessory.","breadcrumb":{"@id":"https:\/\/crudo-leather.com\/product\/my-melody-kuromi-uv-printed-customzied-leather-card-holder-saffiano-pink\/#breadcrumb"},"inLanguage":"en-US","potentialAction":[{"@type":"ReadAction","target":["https:\/\/crudo-leather.com\/product\/my-melody-kuromi-uv-printed-customzied-leather-card-holder-saffiano-pink\/"]}]},{"@type":"ImageObject","inLanguage":"en-US","@id":"https:\/\/crudo-leather.com\/product\/my-melody-kuromi-uv-printed-customzied-leather-card-holder-saffiano-pink\/#primaryimage","url":"https:\/\/crudo-leather.com\/wp-content\/uploads\/2024\/11\/CCH12_WBG_PIK_1.jpg","contentUrl":"https:\/\/crudo-leather.com\/wp-content\/uploads\/2024\/11\/CCH12_WBG_PIK_1.jpg","width":2000,"height":2000},{"@type":"BreadcrumbList","@id":"https:\/\/crudo-leather.com\/product\/my-melody-kuromi-uv-printed-customzied-leather-card-holder-saffiano-pink\/#breadcrumb","itemListElement":[{"@type":"ListItem","position":1,"name":"Shop","item":"https:\/\/crudo-leather.com\/shop\/"},{"@type":"ListItem","position":2,"name":"My Melody \u2661 Kuromi UV Printed Customzied Leather Card Holder"}]},{"@type":"WebSite","@id":"https:\/\/crudo-leather.com\/#website","url":"https:\/\/crudo-leather.com\/","name":"Crudo","description":"","potentialAction":[{"@type":"SearchAction","target":{"@type":"EntryPoint","urlTemplate":"https:\/\/crudo-leather.com\/?s={search_term_string}"},"query-input":{"@type":"PropertyValueSpecification","valueRequired":true,"valueName":"search_term_string"}}],"inLanguage":"en-US"}]}},"_links":{"self":[{"href":"https:\/\/crudo-leather.com\/de\/wp-json\/wp\/v2\/product\/297426"}],"collection":[{"href":"https:\/\/crudo-leather.com\/de\/wp-json\/wp\/v2\/product"}],"about":[{"href":"https:\/\/crudo-leather.com\/de\/wp-json\/wp\/v2\/types\/product"}],"replies":[{"embeddable":true,"href":"https:\/\/crudo-leather.com\/de\/wp-json\/wp\/v2\/comments?post=297426"}],"wp:featuredmedia":[{"embeddable":true,"href":"https:\/\/crudo-leather.com\/de\/wp-json\/wp\/v2\/media\/297260"}],"wp:attachment":[{"href":"https:\/\/crudo-leather.com\/de\/wp-json\/wp\/v2\/media?parent=297426"}],"wp:term":[{"taxonomy":"collection","embeddable":true,"href":"https:\/\/crudo-leather.com\/de\/wp-json\/wp\/v2\/collection?post=297426"},{"taxonomy":"trending_cat","embeddable":true,"href":"https:\/\/crudo-leather.com\/de\/wp-json\/wp\/v2\/trending_cat?post=297426"},{"taxonomy":"product_cat","embeddable":true,"href":"https:\/\/crudo-leather.com\/de\/wp-json\/wp\/v2\/product_cat?post=297426"},{"taxonomy":"product_tag","embeddable":true,"href":"https:\/\/crudo-leather.com\/de\/wp-json\/wp\/v2\/product_tag?post=297426"}],"curies":[{"name":"wp","href":"https:\/\/api.w.org\/{rel}","templated":true}]}}