{"id":2984,"date":"2024-08-01T14:22:11","date_gmt":"2024-08-01T06:22:11","guid":{"rendered":"https:\/\/crudo-leather.com\/product\/peanuts-customized-box-chain-gemstone-bracelet-rose-gold-mother-of-pearl-2\/"},"modified":"2026-02-03T12:07:51","modified_gmt":"2026-02-03T04:07:51","slug":"peanuts-customized-box-chain-gemstone-bracelet-rose-gold-mother-of-pearl-2","status":"publish","type":"product","link":"https:\/\/crudo-leather.com\/de\/product\/peanuts-customized-box-chain-gemstone-bracelet-rose-gold-mother-of-pearl-2\/","title":{"rendered":"Snoopy Limited Edition ma\u00dfgeschneiderte quadratische Stahlstab-Edelsteinarmband"},"content":{"rendered":"","protected":false},"excerpt":{"rendered":"<p>**Bitte w\u00e4hlen Sie mindestens ein PEANUTS Metall-Anh\u00e4nger, um kostenlos auf die PEANUTS Special Edition Geschenkbox zu upgraden**<\/p>\n\n<p><strong>Crudo x PEANUTS<\/strong><\/p>\n\n<p>Umarme den zeitlosen Charme und die R\u00fchrung von PEANUTS. Jedes Stahlarmband ist eine Leinwand f\u00fcr Ihre grenzenlose Fantasie, auf der Sie die filigranen Anh\u00e4nger von Snoopy und seinen Freunden nach Belieben kombinieren k\u00f6nnen, um Ihren einzigartigen Stil zu zeigen und gemeinsam die Kindheitserinnerungen wiederzuerleben, die uns die Peanuts-Comics geschenkt haben.<\/p>\n\n<p><strong>Klicken Sie auf<\/strong><strong>\"<\/strong><strong>In den Warenkorb legen und gestalten<\/strong><strong>\"<\/strong><strong>, um Ihren Gravurtext zu gestalten<\/strong><\/p>\n\n<p>- Offiziell lizenzierte PEANUTS Stahlarmb\u00e4nder<br \/>\n- Kombinierbar mit 12 klassischen Peanuts-Charakteren, darunter Snoopy, Woodstock, Charlie Brown und Olaf, als bunte Emaille-Metallanh\u00e4nger oder 925 Sterling Silber 3D-Anh\u00e4nger<br \/>\n- Beim Kauf eines PEANUTS Stahlarmbands erhalten Sie eine PEANUTS Limited Edition Geschenkbox mit abziehbarer Gru\u00dfkarte<br \/>\n- Einzigartige lange, achteckig geschliffene Stahlst\u00e4be kombiniert mit speziell entworfenen quadratischen Edelstahlketten<br \/>\n- Perlmutt- oder Blauer Goldstaub-Steine sind in die Oberfl\u00e4che aus 316L-Edelstahl eingelassen und reflektieren das Licht kristallklar<br \/>\n- Der Perlmuttstein, der f\u00fcr sanfte und elegante Ausstrahlung steht, besitzt einen nat\u00fcrlichen, sanften Glanz, der sowohl w\u00fcrdevoll als auch zart ist und als Energiestein dem Tr\u00e4ger Ruhe und Gl\u00fcck schenkt<br \/>\n- Der Blaue Goldstaub-Stein, ein Symbol f\u00fcr Mut, gleicht funkelnden Sternen am Nachthimmel und ist ein Wunschstein, der die positive Energie des Menschen steigert<br \/>\n- Handwerker verwenden pr\u00e4zise Edelsteinschleiftechniken, um die wertvollen Steine in funkelndem Glanz erstrahlen zu lassen<br \/>\n- Jeder Edelstein wird nat\u00fcrlich abgebaut und hat ein einzigartiges, nat\u00fcrliches Muster, das unersetzlich ist<br \/>\n- Verblasst und oxidiert nicht leicht, bleibt dauerhaft erhalten<br \/>\n- Geeignet f\u00fcr Menschen mit empfindlicher Haut<br \/>\n- Mit Magnetverschluss<br \/>\n- Mehrere Schriftarten, \u00fcber 100 Emojis und 60 Gravurvorschl\u00e4ge zur Auswahl<\/p>\n\n<p><strong>Herstellungszeit und Versanddetails<\/strong><\/p>\n\n<p>- Jedes Produkt ben\u00f6tigt nur 1-5 Werktage zur Fertigstellung<br \/>\n- Bestellungen von heute k\u00f6nnen bereits morgen versendet werden<br \/>\n- Nur erh\u00e4ltlich in Hongkong, Taiwan, Macau, Singapur, Malaysia und dem chinesischen Festland<\/p>","protected":false},"featured_media":19083,"comment_status":"open","ping_status":"closed","template":"","meta":{"inline_featured_image":false},"collection":[2284],"trending_cat":[2391],"product_cat":[17],"product_tag":[103],"class_list":{"0":"post-2984","1":"product","2":"type-product","3":"status-publish","4":"has-post-thumbnail","6":"trending_cat-miami-love-chain-bracelet","7":"product_cat-bracelets-cuffs","8":"product_tag-peanuts","10":"first","11":"instock","12":"sale","13":"shipping-taxable","14":"purchasable","15":"product-type-variable"},"yoast_head":"<!-- This site is optimized with the Yoast SEO plugin v23.4 - https:\/\/yoast.com\/wordpress\/plugins\/seo\/ -->\n<title>PEANUTS Stahlarmband mit Edelsteinen Ros\u00e9gold Perlmuttstein<\/title>\n<meta name=\"description\" content=\"Crudo x PEANUTS Limited Edition! Personalisierte Stahlstab-Edelsteinarmb\u00e4nder, Ros\u00e9gold Perlmuttstein. 316L deutscher Stahl, offiziell lizenziert, verleiht Ihnen einen sanften Charme.\" \/>\n<meta name=\"robots\" content=\"index, follow, max-snippet:-1, max-image-preview:large, max-video-preview:-1\" \/>\n<link rel=\"canonical\" href=\"https:\/\/crudo-leather.com\/de\/product\/peanuts-customized-box-chain-gemstone-bracelet-rose-gold-mother-of-pearl-2\/\" \/>\n<meta property=\"og:locale\" content=\"en_US\" \/>\n<meta property=\"og:type\" content=\"article\" \/>\n<meta property=\"og:title\" content=\"PEANUTS Stahlarmband mit Edelsteinen Ros\u00e9gold Perlmuttstein\" \/>\n<meta property=\"og:description\" content=\"Crudo x PEANUTS Limited Edition! Personalisierte Stahlstab-Edelsteinarmb\u00e4nder, Ros\u00e9gold Perlmuttstein. 316L deutscher Stahl, offiziell lizenziert, verleiht Ihnen einen sanften Charme.\" \/>\n<meta property=\"og:url\" content=\"https:\/\/crudo-leather.com\/product\/peanuts-customized-box-chain-gemstone-bracelet-rose-gold-mother-of-pearl-2\/\" \/>\n<meta property=\"og:site_name\" content=\"Crudo\" \/>\n<meta property=\"article:modified_time\" content=\"2026-02-03T04:07:51+00:00\" \/>\n<meta property=\"og:image\" content=\"https:\/\/crudo-leather.com\/wp-content\/uploads\/2024\/08\/pns_zbt26_wbg_rgmp_a-1.jpg\" \/>\n\t<meta property=\"og:image:width\" content=\"2000\" \/>\n\t<meta property=\"og:image:height\" content=\"2000\" \/>\n\t<meta property=\"og:image:type\" content=\"image\/jpeg\" \/>\n<meta name=\"twitter:card\" content=\"summary_large_image\" \/>\n<meta name=\"twitter:label1\" content=\"Est. reading time\" \/>\n\t<meta name=\"twitter:data1\" content=\"1 minute\" \/>\n<script type=\"application\/ld+json\" class=\"yoast-schema-graph\">{\"@context\":\"https:\/\/schema.org\",\"@graph\":[{\"@type\":\"WebPage\",\"@id\":\"https:\/\/crudo-leather.com\/product\/peanuts-customized-box-chain-gemstone-bracelet-rose-gold-mother-of-pearl-2\/\",\"url\":\"https:\/\/crudo-leather.com\/product\/peanuts-customized-box-chain-gemstone-bracelet-rose-gold-mother-of-pearl-2\/\",\"name\":\"Peanuts Customized Box Chain Gemstone Bracelet - Rose Gold Mother of Pearl\",\"isPartOf\":{\"@id\":\"https:\/\/crudo-leather.com\/#website\"},\"primaryImageOfPage\":{\"@id\":\"https:\/\/crudo-leather.com\/product\/peanuts-customized-box-chain-gemstone-bracelet-rose-gold-mother-of-pearl-2\/#primaryimage\"},\"image\":{\"@id\":\"https:\/\/crudo-leather.com\/product\/peanuts-customized-box-chain-gemstone-bracelet-rose-gold-mother-of-pearl-2\/#primaryimage\"},\"thumbnailUrl\":\"https:\/\/crudo-leather.com\/wp-content\/uploads\/2024\/08\/pns_zbt26_wbg_rgmp_a-1.jpg\",\"datePublished\":\"2024-08-01T06:22:11+00:00\",\"dateModified\":\"2026-02-03T04:07:51+00:00\",\"description\":\"Own the officially licensed Peanuts customized box chain gemstone bracelet. Rose gold with mother of pearl. Free engraving & luxury gift box. A unique accessory. Shop now!\",\"breadcrumb\":{\"@id\":\"https:\/\/crudo-leather.com\/product\/peanuts-customized-box-chain-gemstone-bracelet-rose-gold-mother-of-pearl-2\/#breadcrumb\"},\"inLanguage\":\"en-US\",\"potentialAction\":[{\"@type\":\"ReadAction\",\"target\":[\"https:\/\/crudo-leather.com\/product\/peanuts-customized-box-chain-gemstone-bracelet-rose-gold-mother-of-pearl-2\/\"]}]},{\"@type\":\"ImageObject\",\"inLanguage\":\"en-US\",\"@id\":\"https:\/\/crudo-leather.com\/product\/peanuts-customized-box-chain-gemstone-bracelet-rose-gold-mother-of-pearl-2\/#primaryimage\",\"url\":\"https:\/\/crudo-leather.com\/wp-content\/uploads\/2024\/08\/pns_zbt26_wbg_rgmp_a-1.jpg\",\"contentUrl\":\"https:\/\/crudo-leather.com\/wp-content\/uploads\/2024\/08\/pns_zbt26_wbg_rgmp_a-1.jpg\",\"width\":2000,\"height\":2000},{\"@type\":\"BreadcrumbList\",\"@id\":\"https:\/\/crudo-leather.com\/product\/peanuts-customized-box-chain-gemstone-bracelet-rose-gold-mother-of-pearl-2\/#breadcrumb\",\"itemListElement\":[{\"@type\":\"ListItem\",\"position\":1,\"name\":\"Shop\",\"item\":\"https:\/\/crudo-leather.com\/shop\/\"},{\"@type\":\"ListItem\",\"position\":2,\"name\":\"Snoopy Customized Box Chain Gemstone Bracelet\"}]},{\"@type\":\"WebSite\",\"@id\":\"https:\/\/crudo-leather.com\/#website\",\"url\":\"https:\/\/crudo-leather.com\/\",\"name\":\"Crudo\",\"description\":\"\",\"potentialAction\":[{\"@type\":\"SearchAction\",\"target\":{\"@type\":\"EntryPoint\",\"urlTemplate\":\"https:\/\/crudo-leather.com\/?s={search_term_string}\"},\"query-input\":{\"@type\":\"PropertyValueSpecification\",\"valueRequired\":true,\"valueName\":\"search_term_string\"}}],\"inLanguage\":\"en-US\"}]}<\/script>\n<!-- \/ Yoast SEO plugin. -->","yoast_head_json":{"title":"PEANUTS Stahlarmband mit Edelsteinen Ros\u00e9gold Perlmuttstein","description":"Crudo x PEANUTS Limited Edition! Personalisierte Stahlstab-Edelsteinarmb\u00e4nder, Ros\u00e9gold Perlmuttstein. 316L deutscher Stahl, offiziell lizenziert, verleiht Ihnen einen sanften Charme.","robots":{"index":"index","follow":"follow","max-snippet":"max-snippet:-1","max-image-preview":"max-image-preview:large","max-video-preview":"max-video-preview:-1"},"canonical":"https:\/\/crudo-leather.com\/de\/product\/peanuts-customized-box-chain-gemstone-bracelet-rose-gold-mother-of-pearl-2\/","og_locale":"en_US","og_type":"article","og_title":"PEANUTS Stahlarmband mit Edelsteinen Ros\u00e9gold Perlmuttstein","og_description":"Crudo x PEANUTS Limited Edition! Personalisierte Stahlstab-Edelsteinarmb\u00e4nder, Ros\u00e9gold Perlmuttstein. 316L deutscher Stahl, offiziell lizenziert, verleiht Ihnen einen sanften Charme.","og_url":"https:\/\/crudo-leather.com\/product\/peanuts-customized-box-chain-gemstone-bracelet-rose-gold-mother-of-pearl-2\/","og_site_name":"Crudo","article_modified_time":"2026-02-03T04:07:51+00:00","og_image":[{"width":2000,"height":2000,"url":"https:\/\/crudo-leather.com\/wp-content\/uploads\/2024\/08\/pns_zbt26_wbg_rgmp_a-1.jpg","type":"image\/jpeg"}],"twitter_card":"summary_large_image","twitter_misc":{"Est. reading time":"1 minute"},"schema":{"@context":"https:\/\/schema.org","@graph":[{"@type":"WebPage","@id":"https:\/\/crudo-leather.com\/product\/peanuts-customized-box-chain-gemstone-bracelet-rose-gold-mother-of-pearl-2\/","url":"https:\/\/crudo-leather.com\/product\/peanuts-customized-box-chain-gemstone-bracelet-rose-gold-mother-of-pearl-2\/","name":"Peanuts Customized Box Chain Gemstone Bracelet - Rose Gold Mother of Pearl","isPartOf":{"@id":"https:\/\/crudo-leather.com\/#website"},"primaryImageOfPage":{"@id":"https:\/\/crudo-leather.com\/product\/peanuts-customized-box-chain-gemstone-bracelet-rose-gold-mother-of-pearl-2\/#primaryimage"},"image":{"@id":"https:\/\/crudo-leather.com\/product\/peanuts-customized-box-chain-gemstone-bracelet-rose-gold-mother-of-pearl-2\/#primaryimage"},"thumbnailUrl":"https:\/\/crudo-leather.com\/wp-content\/uploads\/2024\/08\/pns_zbt26_wbg_rgmp_a-1.jpg","datePublished":"2024-08-01T06:22:11+00:00","dateModified":"2026-02-03T04:07:51+00:00","description":"Own the officially licensed Peanuts customized box chain gemstone bracelet. Rose gold with mother of pearl. Free engraving & luxury gift box. A unique accessory. Shop now!","breadcrumb":{"@id":"https:\/\/crudo-leather.com\/product\/peanuts-customized-box-chain-gemstone-bracelet-rose-gold-mother-of-pearl-2\/#breadcrumb"},"inLanguage":"en-US","potentialAction":[{"@type":"ReadAction","target":["https:\/\/crudo-leather.com\/product\/peanuts-customized-box-chain-gemstone-bracelet-rose-gold-mother-of-pearl-2\/"]}]},{"@type":"ImageObject","inLanguage":"en-US","@id":"https:\/\/crudo-leather.com\/product\/peanuts-customized-box-chain-gemstone-bracelet-rose-gold-mother-of-pearl-2\/#primaryimage","url":"https:\/\/crudo-leather.com\/wp-content\/uploads\/2024\/08\/pns_zbt26_wbg_rgmp_a-1.jpg","contentUrl":"https:\/\/crudo-leather.com\/wp-content\/uploads\/2024\/08\/pns_zbt26_wbg_rgmp_a-1.jpg","width":2000,"height":2000},{"@type":"BreadcrumbList","@id":"https:\/\/crudo-leather.com\/product\/peanuts-customized-box-chain-gemstone-bracelet-rose-gold-mother-of-pearl-2\/#breadcrumb","itemListElement":[{"@type":"ListItem","position":1,"name":"Shop","item":"https:\/\/crudo-leather.com\/shop\/"},{"@type":"ListItem","position":2,"name":"Snoopy Customized Box Chain Gemstone Bracelet"}]},{"@type":"WebSite","@id":"https:\/\/crudo-leather.com\/#website","url":"https:\/\/crudo-leather.com\/","name":"Crudo","description":"","potentialAction":[{"@type":"SearchAction","target":{"@type":"EntryPoint","urlTemplate":"https:\/\/crudo-leather.com\/?s={search_term_string}"},"query-input":{"@type":"PropertyValueSpecification","valueRequired":true,"valueName":"search_term_string"}}],"inLanguage":"en-US"}]}},"_links":{"self":[{"href":"https:\/\/crudo-leather.com\/de\/wp-json\/wp\/v2\/product\/2984"}],"collection":[{"href":"https:\/\/crudo-leather.com\/de\/wp-json\/wp\/v2\/product"}],"about":[{"href":"https:\/\/crudo-leather.com\/de\/wp-json\/wp\/v2\/types\/product"}],"replies":[{"embeddable":true,"href":"https:\/\/crudo-leather.com\/de\/wp-json\/wp\/v2\/comments?post=2984"}],"wp:featuredmedia":[{"embeddable":true,"href":"https:\/\/crudo-leather.com\/de\/wp-json\/wp\/v2\/media\/19083"}],"wp:attachment":[{"href":"https:\/\/crudo-leather.com\/de\/wp-json\/wp\/v2\/media?parent=2984"}],"wp:term":[{"taxonomy":"collection","embeddable":true,"href":"https:\/\/crudo-leather.com\/de\/wp-json\/wp\/v2\/collection?post=2984"},{"taxonomy":"trending_cat","embeddable":true,"href":"https:\/\/crudo-leather.com\/de\/wp-json\/wp\/v2\/trending_cat?post=2984"},{"taxonomy":"product_cat","embeddable":true,"href":"https:\/\/crudo-leather.com\/de\/wp-json\/wp\/v2\/product_cat?post=2984"},{"taxonomy":"product_tag","embeddable":true,"href":"https:\/\/crudo-leather.com\/de\/wp-json\/wp\/v2\/product_tag?post=2984"}],"curies":[{"name":"wp","href":"https:\/\/api.w.org\/{rel}","templated":true}]}}