{"id":3033,"date":"2024-08-01T14:23:27","date_gmt":"2024-08-01T06:23:27","guid":{"rendered":"https:\/\/crudo-leather.com\/product\/ricordi-italian-leather-wrap-bracelet-gemstone-edition-swan-white-mother-of-pearl-rose-gold-edition\/"},"modified":"2026-01-08T12:20:44","modified_gmt":"2026-01-08T04:20:44","slug":"ricordi-italian-leather-wrap-bracelet-gemstone-edition-swan-white-mother-of-pearl-rose-gold-edition","status":"publish","type":"product","link":"https:\/\/crudo-leather.com\/de\/product\/ricordi-italian-leather-wrap-bracelet-gemstone-edition-swan-white-mother-of-pearl-rose-gold-edition\/","title":{"rendered":"Ricordi Italienisches geflochtenes Lederarmband \u2013 Edelstein Limited Edition"},"content":{"rendered":"","protected":false},"excerpt":{"rendered":"<strong>Perlmutt<\/strong><strong> \u2013 <\/strong><strong>Heilt deine negative Energie und negative Emotionen<\/strong>\n\nDer Perlmutt, der f\u00fcr sanfte Anmut steht, verleiht dir beruhigende und friedvolle heilende Energie, wie eine warme Umarmung, die dir stille aber kraftvolle Unterst\u00fctzung gibt. Der nat\u00fcrliche, regenbogenartige Glanz des Edelsteins ist w\u00fcrdevoll und sanftm\u00fctig und ist ein Energiestein, der dem Tr\u00e4ger Frieden und Gl\u00fcck schenken kann. Trage das Ricordi Italienisches Geflochtenes Lederarmband Schwanenwei\u00df - Perlmutt (Ros\u00e9gold Edition) und lass dich von der einzigartigen heilenden Energie des Edelsteins umh\u00fcllen, um die reinste Ruhe und Zufriedenheit zu sp\u00fcren.\n\n<strong>Klicke<\/strong><strong>\"<\/strong><strong>In den Warenkorb legen und gestalten<\/strong><strong>\"<\/strong><strong>um deinen Gravurinhalt zu gestalten<\/strong>\n\n- M\u00f6chtest du deinem Armband Individualit\u00e4t verleihen? Kombiniere frei Anh\u00e4nger mit dem Armband, um deine pers\u00f6nliche Geschichte zu erz\u00e4hlen\n- Perlmutt ist in die Oberfl\u00e4che aus 316L Edelstahl eingefasst und zeigt unter Lichtbrechung einen kristallklaren Glanz, was ihm einen sanften Charme verleiht\n- Handwerker verwenden pr\u00e4zise Edelsteinschneidetechniken, um das wertvolle Material in funkelndem Glanz erstrahlen zu lassen\n- Jeder Edelstein wird nat\u00fcrlich abgebaut und hat eine einzigartige, nat\u00fcrliche Textur, die unersetzlich ist\n- Verwendung von italienischem, geflochtenem Vollrindleder erster Wahl, das langlebig und dauerhaft haltbar ist\n- Magnetverschluss und exklusives kleines Achteck-Metallschliffdesign\n- Geeignet f\u00fcr Menschen mit empfindlicher Haut\n- Mehrere Schriftarten, Emojis und Gravurvorschl\u00e4ge zur Auswahl\n- Kostenloses Upgrade zum eleganten Geschenkset (inklusive Geschenkkarte und Produktgarantie)\n\n<strong>Produktionszeit und Versanddetails<\/strong>\n\n- Jedes Produkt ben\u00f6tigt nur 1-5 Werktage zur Fertigstellung\n- Bei Bestellung heute kann es bereits morgen versendet werden\n- Weltweiter Versand","protected":false},"featured_media":7095,"comment_status":"open","ping_status":"closed","template":"","meta":{"inline_featured_image":false},"collection":[2270],"trending_cat":[2401,2390],"product_cat":[17],"product_tag":[],"class_list":{"0":"post-3033","1":"product","2":"type-product","3":"status-publish","4":"has-post-thumbnail","6":"trending_cat-love-stone-collection","7":"trending_cat-ricordi-leather-bracelet","8":"product_cat-bracelets-cuffs","10":"first","11":"instock","12":"sale","13":"shipping-taxable","14":"purchasable","15":"product-type-variable"},"yoast_head":"<!-- This site is optimized with the Yoast SEO plugin v23.4 - https:\/\/yoast.com\/wordpress\/plugins\/seo\/ -->\n<title>Crudo Ricordi Schwanenwei\u00dfes Perlmuttlederarmband<\/title>\n<meta name=\"description\" content=\"Crudo Ricordi Italienisches geflochtenes Lederarmband mit Edelsteinen. Schwanenwei\u00dfes Perlmutt und Ros\u00e9gold, personalisierte Gravur. Weltweiter Versand, einj\u00e4hrige Pflege.\" \/>\n<meta name=\"robots\" content=\"index, follow, max-snippet:-1, max-image-preview:large, max-video-preview:-1\" \/>\n<link rel=\"canonical\" href=\"https:\/\/crudo-leather.com\/de\/product\/ricordi-italian-leather-wrap-bracelet-gemstone-edition-swan-white-mother-of-pearl-rose-gold-edition\/\" \/>\n<meta property=\"og:locale\" content=\"en_US\" \/>\n<meta property=\"og:type\" content=\"article\" \/>\n<meta property=\"og:title\" content=\"Crudo Ricordi Schwanenwei\u00dfes Perlmuttlederarmband\" \/>\n<meta property=\"og:description\" content=\"Crudo Ricordi Italienisches geflochtenes Lederarmband mit Edelsteinen. Schwanenwei\u00dfes Perlmutt und Ros\u00e9gold, personalisierte Gravur. Weltweiter Versand, einj\u00e4hrige Pflege.\" \/>\n<meta property=\"og:url\" content=\"https:\/\/crudo-leather.com\/product\/ricordi-italian-leather-wrap-bracelet-gemstone-edition-swan-white-mother-of-pearl-rose-gold-edition\/\" \/>\n<meta property=\"og:site_name\" content=\"Crudo\" \/>\n<meta property=\"article:modified_time\" content=\"2026-01-08T04:20:44+00:00\" \/>\n<meta property=\"og:image\" content=\"https:\/\/crudo-leather.com\/wp-content\/uploads\/2024\/08\/brtste_wbg_mpwe_a.jpg\" \/>\n\t<meta property=\"og:image:width\" content=\"640\" \/>\n\t<meta property=\"og:image:height\" content=\"640\" \/>\n\t<meta property=\"og:image:type\" content=\"image\/jpeg\" \/>\n<meta name=\"twitter:card\" content=\"summary_large_image\" \/>\n<meta name=\"twitter:label1\" content=\"Est. reading time\" \/>\n\t<meta name=\"twitter:data1\" content=\"1 minute\" \/>\n<script type=\"application\/ld+json\" class=\"yoast-schema-graph\">{\"@context\":\"https:\/\/schema.org\",\"@graph\":[{\"@type\":\"WebPage\",\"@id\":\"https:\/\/crudo-leather.com\/product\/ricordi-italian-leather-wrap-bracelet-gemstone-edition-swan-white-mother-of-pearl-rose-gold-edition\/\",\"url\":\"https:\/\/crudo-leather.com\/product\/ricordi-italian-leather-wrap-bracelet-gemstone-edition-swan-white-mother-of-pearl-rose-gold-edition\/\",\"name\":\"Ricordi Italian Leather Wrap Bracelet Gemstone Edition - Swan White Mother of Pearl Rose Gold\",\"isPartOf\":{\"@id\":\"https:\/\/crudo-leather.com\/#website\"},\"primaryImageOfPage\":{\"@id\":\"https:\/\/crudo-leather.com\/product\/ricordi-italian-leather-wrap-bracelet-gemstone-edition-swan-white-mother-of-pearl-rose-gold-edition\/#primaryimage\"},\"image\":{\"@id\":\"https:\/\/crudo-leather.com\/product\/ricordi-italian-leather-wrap-bracelet-gemstone-edition-swan-white-mother-of-pearl-rose-gold-edition\/#primaryimage\"},\"thumbnailUrl\":\"https:\/\/crudo-leather.com\/wp-content\/uploads\/2024\/08\/brtste_wbg_mpwe_a.jpg\",\"datePublished\":\"2024-08-01T06:23:27+00:00\",\"dateModified\":\"2026-01-08T04:20:44+00:00\",\"description\":\"Discover Ricordi Italian leather wrap bracelet gemstone edition. Swan white mother of pearl with rose gold. A stylish and versatile accessory. Shop now!\",\"breadcrumb\":{\"@id\":\"https:\/\/crudo-leather.com\/product\/ricordi-italian-leather-wrap-bracelet-gemstone-edition-swan-white-mother-of-pearl-rose-gold-edition\/#breadcrumb\"},\"inLanguage\":\"en-US\",\"potentialAction\":[{\"@type\":\"ReadAction\",\"target\":[\"https:\/\/crudo-leather.com\/product\/ricordi-italian-leather-wrap-bracelet-gemstone-edition-swan-white-mother-of-pearl-rose-gold-edition\/\"]}]},{\"@type\":\"ImageObject\",\"inLanguage\":\"en-US\",\"@id\":\"https:\/\/crudo-leather.com\/product\/ricordi-italian-leather-wrap-bracelet-gemstone-edition-swan-white-mother-of-pearl-rose-gold-edition\/#primaryimage\",\"url\":\"https:\/\/crudo-leather.com\/wp-content\/uploads\/2024\/08\/brtste_wbg_mpwe_a.jpg\",\"contentUrl\":\"https:\/\/crudo-leather.com\/wp-content\/uploads\/2024\/08\/brtste_wbg_mpwe_a.jpg\",\"width\":640,\"height\":640},{\"@type\":\"BreadcrumbList\",\"@id\":\"https:\/\/crudo-leather.com\/product\/ricordi-italian-leather-wrap-bracelet-gemstone-edition-swan-white-mother-of-pearl-rose-gold-edition\/#breadcrumb\",\"itemListElement\":[{\"@type\":\"ListItem\",\"position\":1,\"name\":\"Shop\",\"item\":\"https:\/\/crudo-leather.com\/shop\/\"},{\"@type\":\"ListItem\",\"position\":2,\"name\":\"Ricordi Italian Leather Wrap Bracelet Gemstone Edition\"}]},{\"@type\":\"WebSite\",\"@id\":\"https:\/\/crudo-leather.com\/#website\",\"url\":\"https:\/\/crudo-leather.com\/\",\"name\":\"Crudo\",\"description\":\"\",\"potentialAction\":[{\"@type\":\"SearchAction\",\"target\":{\"@type\":\"EntryPoint\",\"urlTemplate\":\"https:\/\/crudo-leather.com\/?s={search_term_string}\"},\"query-input\":{\"@type\":\"PropertyValueSpecification\",\"valueRequired\":true,\"valueName\":\"search_term_string\"}}],\"inLanguage\":\"en-US\"}]}<\/script>\n<!-- \/ Yoast SEO plugin. -->","yoast_head_json":{"title":"Crudo Ricordi Schwanenwei\u00dfes Perlmuttlederarmband","description":"Crudo Ricordi Italienisches geflochtenes Lederarmband mit Edelsteinen. Schwanenwei\u00dfes Perlmutt und Ros\u00e9gold, personalisierte Gravur. Weltweiter Versand, einj\u00e4hrige Pflege.","robots":{"index":"index","follow":"follow","max-snippet":"max-snippet:-1","max-image-preview":"max-image-preview:large","max-video-preview":"max-video-preview:-1"},"canonical":"https:\/\/crudo-leather.com\/de\/product\/ricordi-italian-leather-wrap-bracelet-gemstone-edition-swan-white-mother-of-pearl-rose-gold-edition\/","og_locale":"en_US","og_type":"article","og_title":"Crudo Ricordi Schwanenwei\u00dfes Perlmuttlederarmband","og_description":"Crudo Ricordi Italienisches geflochtenes Lederarmband mit Edelsteinen. Schwanenwei\u00dfes Perlmutt und Ros\u00e9gold, personalisierte Gravur. Weltweiter Versand, einj\u00e4hrige Pflege.","og_url":"https:\/\/crudo-leather.com\/product\/ricordi-italian-leather-wrap-bracelet-gemstone-edition-swan-white-mother-of-pearl-rose-gold-edition\/","og_site_name":"Crudo","article_modified_time":"2026-01-08T04:20:44+00:00","og_image":[{"width":640,"height":640,"url":"https:\/\/crudo-leather.com\/wp-content\/uploads\/2024\/08\/brtste_wbg_mpwe_a.jpg","type":"image\/jpeg"}],"twitter_card":"summary_large_image","twitter_misc":{"Est. reading time":"1 minute"},"schema":{"@context":"https:\/\/schema.org","@graph":[{"@type":"WebPage","@id":"https:\/\/crudo-leather.com\/product\/ricordi-italian-leather-wrap-bracelet-gemstone-edition-swan-white-mother-of-pearl-rose-gold-edition\/","url":"https:\/\/crudo-leather.com\/product\/ricordi-italian-leather-wrap-bracelet-gemstone-edition-swan-white-mother-of-pearl-rose-gold-edition\/","name":"Ricordi Italian Leather Wrap Bracelet Gemstone Edition - Swan White Mother of Pearl Rose Gold","isPartOf":{"@id":"https:\/\/crudo-leather.com\/#website"},"primaryImageOfPage":{"@id":"https:\/\/crudo-leather.com\/product\/ricordi-italian-leather-wrap-bracelet-gemstone-edition-swan-white-mother-of-pearl-rose-gold-edition\/#primaryimage"},"image":{"@id":"https:\/\/crudo-leather.com\/product\/ricordi-italian-leather-wrap-bracelet-gemstone-edition-swan-white-mother-of-pearl-rose-gold-edition\/#primaryimage"},"thumbnailUrl":"https:\/\/crudo-leather.com\/wp-content\/uploads\/2024\/08\/brtste_wbg_mpwe_a.jpg","datePublished":"2024-08-01T06:23:27+00:00","dateModified":"2026-01-08T04:20:44+00:00","description":"Discover Ricordi Italian leather wrap bracelet gemstone edition. Swan white mother of pearl with rose gold. A stylish and versatile accessory. Shop now!","breadcrumb":{"@id":"https:\/\/crudo-leather.com\/product\/ricordi-italian-leather-wrap-bracelet-gemstone-edition-swan-white-mother-of-pearl-rose-gold-edition\/#breadcrumb"},"inLanguage":"en-US","potentialAction":[{"@type":"ReadAction","target":["https:\/\/crudo-leather.com\/product\/ricordi-italian-leather-wrap-bracelet-gemstone-edition-swan-white-mother-of-pearl-rose-gold-edition\/"]}]},{"@type":"ImageObject","inLanguage":"en-US","@id":"https:\/\/crudo-leather.com\/product\/ricordi-italian-leather-wrap-bracelet-gemstone-edition-swan-white-mother-of-pearl-rose-gold-edition\/#primaryimage","url":"https:\/\/crudo-leather.com\/wp-content\/uploads\/2024\/08\/brtste_wbg_mpwe_a.jpg","contentUrl":"https:\/\/crudo-leather.com\/wp-content\/uploads\/2024\/08\/brtste_wbg_mpwe_a.jpg","width":640,"height":640},{"@type":"BreadcrumbList","@id":"https:\/\/crudo-leather.com\/product\/ricordi-italian-leather-wrap-bracelet-gemstone-edition-swan-white-mother-of-pearl-rose-gold-edition\/#breadcrumb","itemListElement":[{"@type":"ListItem","position":1,"name":"Shop","item":"https:\/\/crudo-leather.com\/shop\/"},{"@type":"ListItem","position":2,"name":"Ricordi Italian Leather Wrap Bracelet Gemstone Edition"}]},{"@type":"WebSite","@id":"https:\/\/crudo-leather.com\/#website","url":"https:\/\/crudo-leather.com\/","name":"Crudo","description":"","potentialAction":[{"@type":"SearchAction","target":{"@type":"EntryPoint","urlTemplate":"https:\/\/crudo-leather.com\/?s={search_term_string}"},"query-input":{"@type":"PropertyValueSpecification","valueRequired":true,"valueName":"search_term_string"}}],"inLanguage":"en-US"}]}},"_links":{"self":[{"href":"https:\/\/crudo-leather.com\/de\/wp-json\/wp\/v2\/product\/3033"}],"collection":[{"href":"https:\/\/crudo-leather.com\/de\/wp-json\/wp\/v2\/product"}],"about":[{"href":"https:\/\/crudo-leather.com\/de\/wp-json\/wp\/v2\/types\/product"}],"replies":[{"embeddable":true,"href":"https:\/\/crudo-leather.com\/de\/wp-json\/wp\/v2\/comments?post=3033"}],"wp:featuredmedia":[{"embeddable":true,"href":"https:\/\/crudo-leather.com\/de\/wp-json\/wp\/v2\/media\/7095"}],"wp:attachment":[{"href":"https:\/\/crudo-leather.com\/de\/wp-json\/wp\/v2\/media?parent=3033"}],"wp:term":[{"taxonomy":"collection","embeddable":true,"href":"https:\/\/crudo-leather.com\/de\/wp-json\/wp\/v2\/collection?post=3033"},{"taxonomy":"trending_cat","embeddable":true,"href":"https:\/\/crudo-leather.com\/de\/wp-json\/wp\/v2\/trending_cat?post=3033"},{"taxonomy":"product_cat","embeddable":true,"href":"https:\/\/crudo-leather.com\/de\/wp-json\/wp\/v2\/product_cat?post=3033"},{"taxonomy":"product_tag","embeddable":true,"href":"https:\/\/crudo-leather.com\/de\/wp-json\/wp\/v2\/product_tag?post=3033"}],"curies":[{"name":"wp","href":"https:\/\/api.w.org\/{rel}","templated":true}]}}