{"id":3034,"date":"2024-08-01T14:23:29","date_gmt":"2024-08-01T06:23:29","guid":{"rendered":"https:\/\/crudo-leather.com\/product\/senzaltro-short-wallet-pinecone-brown-caviar-leather\/"},"modified":"2025-10-03T12:09:57","modified_gmt":"2025-10-03T04:09:57","slug":"senzaltro-short-wallet-pinecone-brown-caviar-leather","status":"publish","type":"product","link":"https:\/\/crudo-leather.com\/de\/product\/senzaltro-short-wallet-pinecone-brown-caviar-leather\/","title":{"rendered":"Senzaltro Leder Kurzportemonnaie"},"content":{"rendered":"","protected":false},"excerpt":{"rendered":"<p><strong>Ein ma\u00dfgeschneidertes Portemonnaie aus Kaviarleder, das Luxus auf ein neues Level hebt<\/strong><\/p>\n\n<p>Sorgf\u00e4ltig verarbeitet, definiert das Senzaltro Kurzportemonnaie Luxus neu. Kaviarleder ist bekannt f\u00fcr seine perlenartige Textur, die an Kaviar erinnert. Hergestellt aus hochwertigem italienischem Leder durch spezielle Pr\u00e4getechniken, bietet das Leder eine einzigartige Textur und strahlt einen unvergleichlichen Charme aus. Exzellente Handwerkskunst und hochwertige Materialien verschmelzen perfekt, um Ihnen grenzenlosen Komfort und Praktikabilit\u00e4t zu bieten.<\/p>\n\n<p><strong>Klicken Sie auf \"Zum Warenkorb hinzuf\u00fcgen und gestalten\", um Ihren Gravurtext zu entwerfen<\/strong><\/p>\n\n<p><strong>Beschreibung :<\/strong><br \/>\n- Kostenloses Upgrade auf ein elegantes Geschenkset (inkl. Geschenkkarte und Produktgarantie)<br \/>\n- Individuelle Ledergravur<br \/>\n- Handgeschliffen und -veredelt<br \/>\n- Hergestellt aus 100% italienischem Kaviarleder (Narbenleder)<\/p>\n\n<p><strong>Fachaufteilung<\/strong><strong>(5CC)<\/strong><br \/>\n- 1 Fotofach &amp; 5 Kreditkartenf\u00e4cher<br \/>\n- 2 Innentaschen (jede fasst 4 bis 5 Karten)<br \/>\n- 2 Geldscheinf\u00e4cher<br \/>\n- Fasst insgesamt ca. 13 bis 15 Karten<\/p>\n\n<p><strong>Kartenfachaufteilung<\/strong><strong>(8CC)<\/strong><br \/>\n- 8 Kreditkartenf\u00e4cher<br \/>\n- 2 Innentaschen (jede fasst 4 bis 5 Karten)<br \/>\n- 2 Geldscheinf\u00e4cher<br \/>\n- Fasst insgesamt ca. 16 bis 18 Karten<\/p>\n\n<p><strong>Klappfach f\u00fcr M\u00fcnzen<\/strong><br \/>\n- 4 Kreditkartenf\u00e4cher<br \/>\n- 2 Innentaschen (jede fasst 1 bis 2 Karten)<br \/>\n- 2 Geldscheinf\u00e4cher<br \/>\n- 1 Klappfach f\u00fcr M\u00fcnzen<br \/>\n<strong>- <\/strong>Fasst insgesamt ca. 6 bis 8 Karten<\/p>\n\n<p><strong>Herstellungszeit und Versanddetails<\/strong><br \/>\n- Jedes Produkt ben\u00f6tigt nur 1-5 Werktage zur Fertigstellung<br \/>\n- Bei Bestellung heute kann es bereits morgen versendet werden<br \/>\n- Weltweiter Versand<\/p>","protected":false},"featured_media":7104,"comment_status":"open","ping_status":"closed","template":"","meta":{"inline_featured_image":false},"collection":[],"trending_cat":[2392],"product_cat":[2373],"product_tag":[],"class_list":{"0":"post-3034","1":"product","2":"type-product","3":"status-publish","4":"has-post-thumbnail","6":"trending_cat-senzaltro-leahter-wallet","7":"product_cat-wallets","9":"first","10":"instock","11":"sale","12":"shipping-taxable","13":"purchasable","14":"product-type-variable"},"yoast_head":"<!-- This site is optimized with the Yoast SEO plugin v23.4 - https:\/\/yoast.com\/wordpress\/plugins\/seo\/ -->\n<title>Crudo Senzaltro Kurzportemonnaie - Tannenzapfenbraunes Kaviarleder<\/title>\n<meta name=\"description\" content=\"Entdecken Sie die Crudo Senzaltro Kurzbrieftasche in Pinienkernbraun mit Kaviarleder. Hergestellt aus italienischem Kaviar-Narben-Vollrindleder, minimalistisch und praktisch, mit multifunktionalem Design. Jetzt kaufen und Ihren t\u00e4glichen Stil verbessern!\" \/>\n<meta name=\"robots\" content=\"index, follow, max-snippet:-1, max-image-preview:large, max-video-preview:-1\" \/>\n<link rel=\"canonical\" href=\"https:\/\/crudo-leather.com\/de\/product\/senzaltro-short-wallet-pinecone-brown-caviar-leather\/\" \/>\n<meta property=\"og:locale\" content=\"en_US\" \/>\n<meta property=\"og:type\" content=\"article\" \/>\n<meta property=\"og:title\" content=\"Crudo Senzaltro Kurzportemonnaie - Tannenzapfenbraunes Kaviarleder\" \/>\n<meta property=\"og:description\" content=\"Entdecken Sie die Crudo Senzaltro Kurzbrieftasche in Pinienkernbraun mit Kaviarleder. Hergestellt aus italienischem Kaviar-Narben-Vollrindleder, minimalistisch und praktisch, mit multifunktionalem Design. Jetzt kaufen und Ihren t\u00e4glichen Stil verbessern!\" \/>\n<meta property=\"og:url\" content=\"https:\/\/crudo-leather.com\/product\/senzaltro-short-wallet-pinecone-brown-caviar-leather\/\" \/>\n<meta property=\"og:site_name\" content=\"Crudo\" \/>\n<meta property=\"article:modified_time\" content=\"2025-10-03T04:09:57+00:00\" \/>\n<meta property=\"og:image\" content=\"https:\/\/crudo-leather.com\/wp-content\/uploads\/2024\/08\/swx13_brown1-2.jpg\" \/>\n\t<meta property=\"og:image:width\" content=\"640\" \/>\n\t<meta property=\"og:image:height\" content=\"640\" \/>\n\t<meta property=\"og:image:type\" content=\"image\/jpeg\" \/>\n<meta name=\"twitter:card\" content=\"summary_large_image\" \/>\n<meta name=\"twitter:label1\" content=\"Est. reading time\" \/>\n\t<meta name=\"twitter:data1\" content=\"1 minute\" \/>\n<script type=\"application\/ld+json\" class=\"yoast-schema-graph\">{\"@context\":\"https:\/\/schema.org\",\"@graph\":[{\"@type\":\"WebPage\",\"@id\":\"https:\/\/crudo-leather.com\/product\/senzaltro-short-wallet-pinecone-brown-caviar-leather\/\",\"url\":\"https:\/\/crudo-leather.com\/product\/senzaltro-short-wallet-pinecone-brown-caviar-leather\/\",\"name\":\"Senzaltro Short Wallet - Pinecone Brown Caviar Leather\",\"isPartOf\":{\"@id\":\"https:\/\/crudo-leather.com\/#website\"},\"primaryImageOfPage\":{\"@id\":\"https:\/\/crudo-leather.com\/product\/senzaltro-short-wallet-pinecone-brown-caviar-leather\/#primaryimage\"},\"image\":{\"@id\":\"https:\/\/crudo-leather.com\/product\/senzaltro-short-wallet-pinecone-brown-caviar-leather\/#primaryimage\"},\"thumbnailUrl\":\"https:\/\/crudo-leather.com\/wp-content\/uploads\/2024\/08\/swx13_brown1-2.jpg\",\"datePublished\":\"2024-08-01T06:23:29+00:00\",\"dateModified\":\"2025-10-03T04:09:57+00:00\",\"description\":\"Discover Senzaltro short wallet in pinecone brown caviar leather. Crafted with premium leather, compact & stylish. A practical and elegant accessory. Shop now!\",\"breadcrumb\":{\"@id\":\"https:\/\/crudo-leather.com\/product\/senzaltro-short-wallet-pinecone-brown-caviar-leather\/#breadcrumb\"},\"inLanguage\":\"en-US\",\"potentialAction\":[{\"@type\":\"ReadAction\",\"target\":[\"https:\/\/crudo-leather.com\/product\/senzaltro-short-wallet-pinecone-brown-caviar-leather\/\"]}]},{\"@type\":\"ImageObject\",\"inLanguage\":\"en-US\",\"@id\":\"https:\/\/crudo-leather.com\/product\/senzaltro-short-wallet-pinecone-brown-caviar-leather\/#primaryimage\",\"url\":\"https:\/\/crudo-leather.com\/wp-content\/uploads\/2024\/08\/swx13_brown1-2.jpg\",\"contentUrl\":\"https:\/\/crudo-leather.com\/wp-content\/uploads\/2024\/08\/swx13_brown1-2.jpg\",\"width\":640,\"height\":640},{\"@type\":\"BreadcrumbList\",\"@id\":\"https:\/\/crudo-leather.com\/product\/senzaltro-short-wallet-pinecone-brown-caviar-leather\/#breadcrumb\",\"itemListElement\":[{\"@type\":\"ListItem\",\"position\":1,\"name\":\"Shop\",\"item\":\"https:\/\/crudo-leather.com\/shop\/\"},{\"@type\":\"ListItem\",\"position\":2,\"name\":\"Senzaltro Short Wallet\"}]},{\"@type\":\"WebSite\",\"@id\":\"https:\/\/crudo-leather.com\/#website\",\"url\":\"https:\/\/crudo-leather.com\/\",\"name\":\"Crudo\",\"description\":\"\",\"potentialAction\":[{\"@type\":\"SearchAction\",\"target\":{\"@type\":\"EntryPoint\",\"urlTemplate\":\"https:\/\/crudo-leather.com\/?s={search_term_string}\"},\"query-input\":{\"@type\":\"PropertyValueSpecification\",\"valueRequired\":true,\"valueName\":\"search_term_string\"}}],\"inLanguage\":\"en-US\"}]}<\/script>\n<!-- \/ Yoast SEO plugin. -->","yoast_head_json":{"title":"Crudo Senzaltro Kurzportemonnaie - Tannenzapfenbraunes Kaviarleder","description":"Entdecken Sie die Crudo Senzaltro Kurzbrieftasche in Pinienkernbraun mit Kaviarleder. Hergestellt aus italienischem Kaviar-Narben-Vollrindleder, minimalistisch und praktisch, mit multifunktionalem Design. Jetzt kaufen und Ihren t\u00e4glichen Stil verbessern!","robots":{"index":"index","follow":"follow","max-snippet":"max-snippet:-1","max-image-preview":"max-image-preview:large","max-video-preview":"max-video-preview:-1"},"canonical":"https:\/\/crudo-leather.com\/de\/product\/senzaltro-short-wallet-pinecone-brown-caviar-leather\/","og_locale":"en_US","og_type":"article","og_title":"Crudo Senzaltro Kurzportemonnaie - Tannenzapfenbraunes Kaviarleder","og_description":"Entdecken Sie die Crudo Senzaltro Kurzbrieftasche in Pinienkernbraun mit Kaviarleder. Hergestellt aus italienischem Kaviar-Narben-Vollrindleder, minimalistisch und praktisch, mit multifunktionalem Design. Jetzt kaufen und Ihren t\u00e4glichen Stil verbessern!","og_url":"https:\/\/crudo-leather.com\/product\/senzaltro-short-wallet-pinecone-brown-caviar-leather\/","og_site_name":"Crudo","article_modified_time":"2025-10-03T04:09:57+00:00","og_image":[{"width":640,"height":640,"url":"https:\/\/crudo-leather.com\/wp-content\/uploads\/2024\/08\/swx13_brown1-2.jpg","type":"image\/jpeg"}],"twitter_card":"summary_large_image","twitter_misc":{"Est. reading time":"1 minute"},"schema":{"@context":"https:\/\/schema.org","@graph":[{"@type":"WebPage","@id":"https:\/\/crudo-leather.com\/product\/senzaltro-short-wallet-pinecone-brown-caviar-leather\/","url":"https:\/\/crudo-leather.com\/product\/senzaltro-short-wallet-pinecone-brown-caviar-leather\/","name":"Senzaltro Short Wallet - Pinecone Brown Caviar Leather","isPartOf":{"@id":"https:\/\/crudo-leather.com\/#website"},"primaryImageOfPage":{"@id":"https:\/\/crudo-leather.com\/product\/senzaltro-short-wallet-pinecone-brown-caviar-leather\/#primaryimage"},"image":{"@id":"https:\/\/crudo-leather.com\/product\/senzaltro-short-wallet-pinecone-brown-caviar-leather\/#primaryimage"},"thumbnailUrl":"https:\/\/crudo-leather.com\/wp-content\/uploads\/2024\/08\/swx13_brown1-2.jpg","datePublished":"2024-08-01T06:23:29+00:00","dateModified":"2025-10-03T04:09:57+00:00","description":"Discover Senzaltro short wallet in pinecone brown caviar leather. Crafted with premium leather, compact & stylish. A practical and elegant accessory. Shop now!","breadcrumb":{"@id":"https:\/\/crudo-leather.com\/product\/senzaltro-short-wallet-pinecone-brown-caviar-leather\/#breadcrumb"},"inLanguage":"en-US","potentialAction":[{"@type":"ReadAction","target":["https:\/\/crudo-leather.com\/product\/senzaltro-short-wallet-pinecone-brown-caviar-leather\/"]}]},{"@type":"ImageObject","inLanguage":"en-US","@id":"https:\/\/crudo-leather.com\/product\/senzaltro-short-wallet-pinecone-brown-caviar-leather\/#primaryimage","url":"https:\/\/crudo-leather.com\/wp-content\/uploads\/2024\/08\/swx13_brown1-2.jpg","contentUrl":"https:\/\/crudo-leather.com\/wp-content\/uploads\/2024\/08\/swx13_brown1-2.jpg","width":640,"height":640},{"@type":"BreadcrumbList","@id":"https:\/\/crudo-leather.com\/product\/senzaltro-short-wallet-pinecone-brown-caviar-leather\/#breadcrumb","itemListElement":[{"@type":"ListItem","position":1,"name":"Shop","item":"https:\/\/crudo-leather.com\/shop\/"},{"@type":"ListItem","position":2,"name":"Senzaltro Short Wallet"}]},{"@type":"WebSite","@id":"https:\/\/crudo-leather.com\/#website","url":"https:\/\/crudo-leather.com\/","name":"Crudo","description":"","potentialAction":[{"@type":"SearchAction","target":{"@type":"EntryPoint","urlTemplate":"https:\/\/crudo-leather.com\/?s={search_term_string}"},"query-input":{"@type":"PropertyValueSpecification","valueRequired":true,"valueName":"search_term_string"}}],"inLanguage":"en-US"}]}},"_links":{"self":[{"href":"https:\/\/crudo-leather.com\/de\/wp-json\/wp\/v2\/product\/3034"}],"collection":[{"href":"https:\/\/crudo-leather.com\/de\/wp-json\/wp\/v2\/product"}],"about":[{"href":"https:\/\/crudo-leather.com\/de\/wp-json\/wp\/v2\/types\/product"}],"replies":[{"embeddable":true,"href":"https:\/\/crudo-leather.com\/de\/wp-json\/wp\/v2\/comments?post=3034"}],"wp:featuredmedia":[{"embeddable":true,"href":"https:\/\/crudo-leather.com\/de\/wp-json\/wp\/v2\/media\/7104"}],"wp:attachment":[{"href":"https:\/\/crudo-leather.com\/de\/wp-json\/wp\/v2\/media?parent=3034"}],"wp:term":[{"taxonomy":"collection","embeddable":true,"href":"https:\/\/crudo-leather.com\/de\/wp-json\/wp\/v2\/collection?post=3034"},{"taxonomy":"trending_cat","embeddable":true,"href":"https:\/\/crudo-leather.com\/de\/wp-json\/wp\/v2\/trending_cat?post=3034"},{"taxonomy":"product_cat","embeddable":true,"href":"https:\/\/crudo-leather.com\/de\/wp-json\/wp\/v2\/product_cat?post=3034"},{"taxonomy":"product_tag","embeddable":true,"href":"https:\/\/crudo-leather.com\/de\/wp-json\/wp\/v2\/product_tag?post=3034"}],"curies":[{"name":"wp","href":"https:\/\/api.w.org\/{rel}","templated":true}]}}