{"id":3040,"date":"2024-08-01T14:23:38","date_gmt":"2024-08-01T06:23:38","guid":{"rendered":"https:\/\/crudo-leather.com\/product\/peanuts-customized-leather-gemstone-bracelet-lavender-purple-amethyst\/"},"modified":"2026-02-03T12:07:52","modified_gmt":"2026-02-03T04:07:52","slug":"peanuts-customized-leather-gemstone-bracelet-lavender-purple-amethyst","status":"publish","type":"product","link":"https:\/\/crudo-leather.com\/de\/product\/peanuts-customized-leather-gemstone-bracelet-lavender-purple-amethyst\/","title":{"rendered":"Snoopy Limited Edition ma\u00dfgeschneidertes geflochtenes Leder Edelstein Armband"},"content":{"rendered":"","protected":false},"excerpt":{"rendered":"<p>**Bitte w\u00e4hlen Sie mindestens ein PEANUTS Charakter Metallanh\u00e4nger oder 925 Sterling Silber 3D-Anh\u00e4nger aus, sonst wird das Produkt nur mit dem urspr\u00fcnglichen Crudo runden Anh\u00e4nger geliefert und nicht mit der PEANUTS Special Edition Geschenkbox**\u00a0<br \/><br \/><ins><strong>Crudo x PEANUTS<\/strong><\/ins><br \/>Crudo pr\u00e4sentiert in Zusammenarbeit mit PEANUTS eine offiziell lizenzierte limitierte Edition von geflochtenen Lederarmb\u00e4ndern. Die klassischen Charaktere aus \"Peanuts\" verwandeln sich in feine und niedliche Metallanh\u00e4nger, die frei kombiniert und an Crudos Premium-Lederarmb\u00e4ndern befestigt werden k\u00f6nnen, um auf humorvolle Weise eine positive und optimistische Einstellung zu vermitteln.\u00a0<br \/><br \/><strong>Klicken Sie auf \"Zum Warenkorb hinzuf\u00fcgen und gestalten\", um Ihren Gravurtext zu entwerfen<\/strong><\/p><p>- Offiziell lizenziertes PEANUTS Kooperations-Lederarmband<br \/>- Kombinierbar mit 12 klassischen Peanuts-Charakteren, darunter Snoopy, Woodstock, Charlie Brown und Olaf, als bunte Emaille-Metallanh\u00e4nger und 925 Sterling Silber 3D-Anh\u00e4nger\u00a0<br \/>- Beim Kauf eines PEANUTS Lederarmbands erhalten Sie eine PEANUTS limitierte Geschenkbox mit abziehbarer Gru\u00dfkarte (inklusive Geschenkkarte und Produktgarantie)<br \/>- Hergestellt aus italienischem, geflochtenem Rindleder erster Wahl, langlebig und f\u00fcr die Ewigkeit gemacht<br \/>- Amantistein in die Oberfl\u00e4che aus 316L Edelstahl (V2A) eingefasst<br \/>- Handwerker verwenden pr\u00e4zise Edelsteinschneidetechniken, damit die wertvollen Steine in bezauberndem Glanz erstrahlen<br \/>- Jeder Stein ist nat\u00fcrlich abgebaut und hat eine einzigartige, nat\u00fcrliche Maserung<br \/>- Kostenloser Gravurservice, verschiedene Schriftarten, \u00fcber 100 Emojis und 60 Gravurvorschl\u00e4ge zur Auswahl\u00a0<br \/>- Magnetverschluss und exklusives kleines Achteck-Metallschliffdesign\u00a0<br \/>- Geeignet f\u00fcr Menschen mit empfindlicher Haut\u00a0<br \/>- Hinweis: Das Armband ist nicht f\u00fcr Kinder unter 3 Jahren geeignet<br \/><br \/><strong>Produktionszeit und Versanddetails<\/strong><br \/>- Jedes Produkt ben\u00f6tigt nur 1-5 Werktage zur Fertigstellung<br \/>-\u00a0Bestellungen von heute k\u00f6nnen bereits morgen versendet werden<br \/>- Nur erh\u00e4ltlich in Hongkong, Taiwan, Macau, Singapur, Malaysia und dem chinesischen Festland<\/p>","protected":false},"featured_media":7149,"comment_status":"open","ping_status":"closed","template":"","meta":{"inline_featured_image":false},"collection":[2284],"trending_cat":[2390],"product_cat":[17],"product_tag":[103],"class_list":{"0":"post-3040","1":"product","2":"type-product","3":"status-publish","4":"has-post-thumbnail","6":"trending_cat-ricordi-leather-bracelet","7":"product_cat-bracelets-cuffs","8":"product_tag-peanuts","10":"first","11":"instock","12":"sale","13":"shipping-taxable","14":"purchasable","15":"product-type-variable"},"yoast_head":"<!-- This site is optimized with the Yoast SEO plugin v23.4 - https:\/\/yoast.com\/wordpress\/plugins\/seo\/ -->\n<title>Crudo Peanuts personalisiertes Leder-Edelsteinarmband - Lavendel Amethyst<\/title>\n<meta name=\"description\" content=\"Entdecken Sie das Crudo Peanuts Kollektion Lavendel Amethyst Leder Edelstein Armband. Italienisches Premium-Rindsleder mit 316L-Stahl und Amethyst-Einlagen, Magnetverschluss, kostenlose Gravur und Zubeh\u00f6ranh\u00e4nger erh\u00e4ltlich. Heilende Mode.\" \/>\n<meta name=\"robots\" content=\"index, follow, max-snippet:-1, max-image-preview:large, max-video-preview:-1\" \/>\n<link rel=\"canonical\" href=\"https:\/\/crudo-leather.com\/de\/product\/peanuts-customized-leather-gemstone-bracelet-lavender-purple-amethyst\/\" \/>\n<meta property=\"og:locale\" content=\"en_US\" \/>\n<meta property=\"og:type\" content=\"article\" \/>\n<meta property=\"og:title\" content=\"Crudo Peanuts personalisiertes Leder-Edelsteinarmband - Lavendel Amethyst\" \/>\n<meta property=\"og:description\" content=\"Entdecken Sie das Crudo Peanuts Kollektion Lavendel Amethyst Leder Edelstein Armband. Italienisches Premium-Rindsleder mit 316L-Stahl und Amethyst-Einlagen, Magnetverschluss, kostenlose Gravur und Zubeh\u00f6ranh\u00e4nger erh\u00e4ltlich. Heilende Mode.\" \/>\n<meta property=\"og:url\" content=\"https:\/\/crudo-leather.com\/product\/peanuts-customized-leather-gemstone-bracelet-lavender-purple-amethyst\/\" \/>\n<meta property=\"og:site_name\" content=\"Crudo\" \/>\n<meta property=\"article:modified_time\" content=\"2026-02-03T04:07:52+00:00\" \/>\n<meta property=\"og:image\" content=\"https:\/\/crudo-leather.com\/wp-content\/uploads\/2024\/08\/sanrio_1st_wbg_brt01stone_purple_notag-1.jpg\" \/>\n\t<meta property=\"og:image:width\" content=\"2000\" \/>\n\t<meta property=\"og:image:height\" content=\"2000\" \/>\n\t<meta property=\"og:image:type\" content=\"image\/jpeg\" \/>\n<meta name=\"twitter:card\" content=\"summary_large_image\" \/>\n<meta name=\"twitter:label1\" content=\"Est. reading time\" \/>\n\t<meta name=\"twitter:data1\" content=\"1 minute\" \/>\n<script type=\"application\/ld+json\" class=\"yoast-schema-graph\">{\"@context\":\"https:\/\/schema.org\",\"@graph\":[{\"@type\":\"WebPage\",\"@id\":\"https:\/\/crudo-leather.com\/product\/peanuts-customized-leather-gemstone-bracelet-lavender-purple-amethyst\/\",\"url\":\"https:\/\/crudo-leather.com\/product\/peanuts-customized-leather-gemstone-bracelet-lavender-purple-amethyst\/\",\"name\":\"Peanuts Customized Leather Gemstone Bracelet - Lavender Purple Amethyst\",\"isPartOf\":{\"@id\":\"https:\/\/crudo-leather.com\/#website\"},\"primaryImageOfPage\":{\"@id\":\"https:\/\/crudo-leather.com\/product\/peanuts-customized-leather-gemstone-bracelet-lavender-purple-amethyst\/#primaryimage\"},\"image\":{\"@id\":\"https:\/\/crudo-leather.com\/product\/peanuts-customized-leather-gemstone-bracelet-lavender-purple-amethyst\/#primaryimage\"},\"thumbnailUrl\":\"https:\/\/crudo-leather.com\/wp-content\/uploads\/2024\/08\/sanrio_1st_wbg_brt01stone_purple_notag-1.jpg\",\"datePublished\":\"2024-08-01T06:23:38+00:00\",\"dateModified\":\"2026-02-03T04:07:52+00:00\",\"description\":\"Explore officially licensed Peanuts customized leather gemstone bracelet. Lavender purple with amethyst. Free engraving & luxury gift box. A unique accessory. Shop now!\",\"breadcrumb\":{\"@id\":\"https:\/\/crudo-leather.com\/product\/peanuts-customized-leather-gemstone-bracelet-lavender-purple-amethyst\/#breadcrumb\"},\"inLanguage\":\"en-US\",\"potentialAction\":[{\"@type\":\"ReadAction\",\"target\":[\"https:\/\/crudo-leather.com\/product\/peanuts-customized-leather-gemstone-bracelet-lavender-purple-amethyst\/\"]}]},{\"@type\":\"ImageObject\",\"inLanguage\":\"en-US\",\"@id\":\"https:\/\/crudo-leather.com\/product\/peanuts-customized-leather-gemstone-bracelet-lavender-purple-amethyst\/#primaryimage\",\"url\":\"https:\/\/crudo-leather.com\/wp-content\/uploads\/2024\/08\/sanrio_1st_wbg_brt01stone_purple_notag-1.jpg\",\"contentUrl\":\"https:\/\/crudo-leather.com\/wp-content\/uploads\/2024\/08\/sanrio_1st_wbg_brt01stone_purple_notag-1.jpg\",\"width\":2000,\"height\":2000},{\"@type\":\"BreadcrumbList\",\"@id\":\"https:\/\/crudo-leather.com\/product\/peanuts-customized-leather-gemstone-bracelet-lavender-purple-amethyst\/#breadcrumb\",\"itemListElement\":[{\"@type\":\"ListItem\",\"position\":1,\"name\":\"Shop\",\"item\":\"https:\/\/crudo-leather.com\/shop\/\"},{\"@type\":\"ListItem\",\"position\":2,\"name\":\"Snoopy Customized Leather Gemstone Bracelet\"}]},{\"@type\":\"WebSite\",\"@id\":\"https:\/\/crudo-leather.com\/#website\",\"url\":\"https:\/\/crudo-leather.com\/\",\"name\":\"Crudo\",\"description\":\"\",\"potentialAction\":[{\"@type\":\"SearchAction\",\"target\":{\"@type\":\"EntryPoint\",\"urlTemplate\":\"https:\/\/crudo-leather.com\/?s={search_term_string}\"},\"query-input\":{\"@type\":\"PropertyValueSpecification\",\"valueRequired\":true,\"valueName\":\"search_term_string\"}}],\"inLanguage\":\"en-US\"}]}<\/script>\n<!-- \/ Yoast SEO plugin. -->","yoast_head_json":{"title":"Crudo Peanuts personalisiertes Leder-Edelsteinarmband - Lavendel Amethyst","description":"Entdecken Sie das Crudo Peanuts Kollektion Lavendel Amethyst Leder Edelstein Armband. Italienisches Premium-Rindsleder mit 316L-Stahl und Amethyst-Einlagen, Magnetverschluss, kostenlose Gravur und Zubeh\u00f6ranh\u00e4nger erh\u00e4ltlich. Heilende Mode.","robots":{"index":"index","follow":"follow","max-snippet":"max-snippet:-1","max-image-preview":"max-image-preview:large","max-video-preview":"max-video-preview:-1"},"canonical":"https:\/\/crudo-leather.com\/de\/product\/peanuts-customized-leather-gemstone-bracelet-lavender-purple-amethyst\/","og_locale":"en_US","og_type":"article","og_title":"Crudo Peanuts personalisiertes Leder-Edelsteinarmband - Lavendel Amethyst","og_description":"Entdecken Sie das Crudo Peanuts Kollektion Lavendel Amethyst Leder Edelstein Armband. Italienisches Premium-Rindsleder mit 316L-Stahl und Amethyst-Einlagen, Magnetverschluss, kostenlose Gravur und Zubeh\u00f6ranh\u00e4nger erh\u00e4ltlich. Heilende Mode.","og_url":"https:\/\/crudo-leather.com\/product\/peanuts-customized-leather-gemstone-bracelet-lavender-purple-amethyst\/","og_site_name":"Crudo","article_modified_time":"2026-02-03T04:07:52+00:00","og_image":[{"width":2000,"height":2000,"url":"https:\/\/crudo-leather.com\/wp-content\/uploads\/2024\/08\/sanrio_1st_wbg_brt01stone_purple_notag-1.jpg","type":"image\/jpeg"}],"twitter_card":"summary_large_image","twitter_misc":{"Est. reading time":"1 minute"},"schema":{"@context":"https:\/\/schema.org","@graph":[{"@type":"WebPage","@id":"https:\/\/crudo-leather.com\/product\/peanuts-customized-leather-gemstone-bracelet-lavender-purple-amethyst\/","url":"https:\/\/crudo-leather.com\/product\/peanuts-customized-leather-gemstone-bracelet-lavender-purple-amethyst\/","name":"Peanuts Customized Leather Gemstone Bracelet - Lavender Purple Amethyst","isPartOf":{"@id":"https:\/\/crudo-leather.com\/#website"},"primaryImageOfPage":{"@id":"https:\/\/crudo-leather.com\/product\/peanuts-customized-leather-gemstone-bracelet-lavender-purple-amethyst\/#primaryimage"},"image":{"@id":"https:\/\/crudo-leather.com\/product\/peanuts-customized-leather-gemstone-bracelet-lavender-purple-amethyst\/#primaryimage"},"thumbnailUrl":"https:\/\/crudo-leather.com\/wp-content\/uploads\/2024\/08\/sanrio_1st_wbg_brt01stone_purple_notag-1.jpg","datePublished":"2024-08-01T06:23:38+00:00","dateModified":"2026-02-03T04:07:52+00:00","description":"Explore officially licensed Peanuts customized leather gemstone bracelet. Lavender purple with amethyst. Free engraving & luxury gift box. A unique accessory. Shop now!","breadcrumb":{"@id":"https:\/\/crudo-leather.com\/product\/peanuts-customized-leather-gemstone-bracelet-lavender-purple-amethyst\/#breadcrumb"},"inLanguage":"en-US","potentialAction":[{"@type":"ReadAction","target":["https:\/\/crudo-leather.com\/product\/peanuts-customized-leather-gemstone-bracelet-lavender-purple-amethyst\/"]}]},{"@type":"ImageObject","inLanguage":"en-US","@id":"https:\/\/crudo-leather.com\/product\/peanuts-customized-leather-gemstone-bracelet-lavender-purple-amethyst\/#primaryimage","url":"https:\/\/crudo-leather.com\/wp-content\/uploads\/2024\/08\/sanrio_1st_wbg_brt01stone_purple_notag-1.jpg","contentUrl":"https:\/\/crudo-leather.com\/wp-content\/uploads\/2024\/08\/sanrio_1st_wbg_brt01stone_purple_notag-1.jpg","width":2000,"height":2000},{"@type":"BreadcrumbList","@id":"https:\/\/crudo-leather.com\/product\/peanuts-customized-leather-gemstone-bracelet-lavender-purple-amethyst\/#breadcrumb","itemListElement":[{"@type":"ListItem","position":1,"name":"Shop","item":"https:\/\/crudo-leather.com\/shop\/"},{"@type":"ListItem","position":2,"name":"Snoopy Customized Leather Gemstone Bracelet"}]},{"@type":"WebSite","@id":"https:\/\/crudo-leather.com\/#website","url":"https:\/\/crudo-leather.com\/","name":"Crudo","description":"","potentialAction":[{"@type":"SearchAction","target":{"@type":"EntryPoint","urlTemplate":"https:\/\/crudo-leather.com\/?s={search_term_string}"},"query-input":{"@type":"PropertyValueSpecification","valueRequired":true,"valueName":"search_term_string"}}],"inLanguage":"en-US"}]}},"_links":{"self":[{"href":"https:\/\/crudo-leather.com\/de\/wp-json\/wp\/v2\/product\/3040"}],"collection":[{"href":"https:\/\/crudo-leather.com\/de\/wp-json\/wp\/v2\/product"}],"about":[{"href":"https:\/\/crudo-leather.com\/de\/wp-json\/wp\/v2\/types\/product"}],"replies":[{"embeddable":true,"href":"https:\/\/crudo-leather.com\/de\/wp-json\/wp\/v2\/comments?post=3040"}],"wp:featuredmedia":[{"embeddable":true,"href":"https:\/\/crudo-leather.com\/de\/wp-json\/wp\/v2\/media\/7149"}],"wp:attachment":[{"href":"https:\/\/crudo-leather.com\/de\/wp-json\/wp\/v2\/media?parent=3040"}],"wp:term":[{"taxonomy":"collection","embeddable":true,"href":"https:\/\/crudo-leather.com\/de\/wp-json\/wp\/v2\/collection?post=3040"},{"taxonomy":"trending_cat","embeddable":true,"href":"https:\/\/crudo-leather.com\/de\/wp-json\/wp\/v2\/trending_cat?post=3040"},{"taxonomy":"product_cat","embeddable":true,"href":"https:\/\/crudo-leather.com\/de\/wp-json\/wp\/v2\/product_cat?post=3040"},{"taxonomy":"product_tag","embeddable":true,"href":"https:\/\/crudo-leather.com\/de\/wp-json\/wp\/v2\/product_tag?post=3040"}],"curies":[{"name":"wp","href":"https:\/\/api.w.org\/{rel}","templated":true}]}}