{"id":307458,"date":"2024-12-30T16:37:28","date_gmt":"2024-12-30T08:37:28","guid":{"rendered":"https:\/\/crudo-leather.com\/?post_type=product&#038;p=307458"},"modified":"2026-01-09T14:37:51","modified_gmt":"2026-01-09T06:37:51","slug":"disney-special-couple-edition-customized-italian-leather-wrap-gemstone-couple-bracelet-swan-white-mother-of-pearl","status":"publish","type":"product","link":"https:\/\/crudo-leather.com\/de\/product\/disney-special-couple-edition-customized-italian-leather-wrap-gemstone-couple-bracelet-swan-white-mother-of-pearl\/","title":{"rendered":"Disney Special Edition f\u00fcr Paare personalisiertes geflochtenes Leder Edelsteine Paararmband"},"content":{"rendered":"","protected":false},"excerpt":{"rendered":"<strong>**Bitte w\u00e4hlen Sie mindestens ein Crudo Disney Charakter Metall-Anh\u00e4nger, sonst wird das Produkt nur mit dem urspr\u00fcnglichen Crudo runden Anh\u00e4nger geliefert und nicht mit der Special Edition Geschenkbox*<\/strong>\n\n<strong><u>Crudo Disney Special Edition f\u00fcr Paare<\/u><\/strong>\nDie romantische Jahreszeit mit Ihnen zusammen, die klassischen Disney-Paare spielen eine klassische s\u00fc\u00dfe Liebesmelodie und schaffen f\u00fcr Sie einzigartige, traumhafte Paarschmuck. Jeder Anh\u00e4nger kann frei mit Leder- oder Stahlschmuck kombiniert und auf dem Armband mit personalisierten Gravuren versehen werden, um mit ihm\/ihr ein ewiges Versprechen einzugehen.\n\n<strong>Klicken Sie auf \"Zum Warenkorb hinzuf\u00fcgen und gestalten\", um Ihren Gravurtext zu gestalten<\/strong>\n\n<span data-contrast=\"auto\">- <\/span><span data-contrast=\"auto\">Offiziell lizenzierte Disney-Produkte<\/span><span data-ccp-props=\"{}\">\n<\/span><span data-contrast=\"auto\">- <\/span><span data-contrast=\"auto\">Verschiedene Disney-farbige Metall-Anh\u00e4nger, die frei kombiniert und an Lederarmb\u00e4ndern befestigt werden k\u00f6nnen<\/span><span data-contrast=\"auto\"> <\/span><span data-ccp-props=\"{}\">\n<\/span><span data-contrast=\"auto\">- Crudo<\/span><span data-contrast=\"auto\"> innovative Anh\u00e4nger-Designs, die Oberfl\u00e4che der Muster ist mit Glitzer<\/span><span data-contrast=\"auto\"> \/ <\/span><span data-contrast=\"auto\">Strasssteine<\/span><span data-contrast=\"auto\"> \/ <\/span><span data-contrast=\"auto\">Nachleuchteffekten verziert<\/span><span data-ccp-props=\"{}\">\n<\/span><span data-contrast=\"auto\">- <\/span><span data-contrast=\"auto\">Beim Kauf von Crudo <\/span><span data-contrast=\"none\">Disney Special Edition f\u00fcr Paare<\/span><span data-contrast=\"auto\"> Schmuck erhalten Sie eine Special Edition Geschenkbox mit abziehbarer Gru\u00dfkarte<\/span><span data-contrast=\"auto\"> (<\/span><span data-contrast=\"auto\">inklusive Geschenkkarte und Produktgarantie<\/span><span data-contrast=\"auto\"> )<\/span><span data-ccp-props=\"{}\">\n<\/span><span data-contrast=\"auto\">- <\/span><span data-contrast=\"auto\">Verwendung von italienischem, geflochtenem Rindleder erster Schicht und fein verarbeitetem<\/span><span data-contrast=\"auto\">316L<\/span><span data-contrast=\"auto\"> Edelstahl\n<\/span>- Einlegen von Perlmuttsteinen in die Oberfl\u00e4che von 316L Edelstahl, um dem Lederarmband heilende Energie zu verleihen\n- Handwerker verwenden pr\u00e4zise Edelsteinschneidetechniken, um wertvolle Steine in funkelndem Glanz erstrahlen zu lassen\n- Jeder Stein ist nat\u00fcrlich abgebaut und hat eine einzigartige, nat\u00fcrliche Textur\n<span data-contrast=\"auto\">- <\/span><span data-contrast=\"auto\">Kostenloser Gravurservice, verschiedene Schriftarten<\/span><span data-contrast=\"auto\">und Gravurvorschl\u00e4ge zur Auswahl<\/span><span data-ccp-props=\"{}\">\n<\/span><span data-contrast=\"auto\">- <\/span><span data-contrast=\"auto\">Verblasst und oxidiert nicht leicht, dauerhafte Haltbarkeit<\/span><span data-ccp-props=\"{}\">\n<\/span><span data-contrast=\"auto\">- <\/span><span data-contrast=\"auto\">Verwendung von Magnetverschl\u00fcssen und exklusivem kleinen Achteck-Schnittdesign<\/span><span data-ccp-props=\"{}\">\n<\/span><span data-contrast=\"auto\">- <\/span><span data-contrast=\"auto\">Geeignet f\u00fcr Personen mit empfindlicher Haut<\/span><span data-ccp-props=\"{}\">\n<\/span><span data-contrast=\"auto\">- <\/span><span data-contrast=\"auto\">Hinweis: Armb\u00e4nder sind nicht f\u00fcr Kinder unter<\/span><span data-contrast=\"auto\">3<\/span><span data-contrast=\"auto\"> Jahren geeignet<\/span><span data-contrast=\"auto\"> <\/span><span data-ccp-props=\"{}\"> <\/span>\n\n<strong>Herstellungszeit und Versanddetails<\/strong>\n\n- Jedes Produkt ben\u00f6tigt nur 1-5 Arbeitstage zur Fertigstellung\n- Bestellungen von heute k\u00f6nnen bereits morgen versendet werden\n- Nur in Hongkong und Macau erh\u00e4ltlich","protected":false},"featured_media":308043,"comment_status":"open","ping_status":"closed","template":"","meta":{"inline_featured_image":false},"collection":[3031],"trending_cat":[],"product_cat":[17],"product_tag":[2402,2840],"class_list":{"0":"post-307458","1":"product","2":"type-product","3":"status-publish","4":"has-post-thumbnail","6":"product_cat-bracelets-cuffs","7":"product_tag-disney-pixar","8":"product_tag-disney-special-couple-collection","10":"first","11":"instock","12":"sale","13":"shipping-taxable","14":"purchasable","15":"product-type-variable"},"yoast_head":"<!-- This site is optimized with the Yoast SEO plugin v23.4 - https:\/\/yoast.com\/wordpress\/plugins\/seo\/ -->\n<title>Crudo Disney Paar Lederarmband<\/title>\n<meta name=\"description\" content=\"Crudo Disney Special Edition f\u00fcr Paare Italienisches Leder geflochtenes Edelsteinarmband, Schwanenwei\u00df Perlmutt Stil. Kostenlose Gravur, elegante Geschenkbox. Erstellen Sie ein einzigartiges Andenken f\u00fcr Ihr Paar.\" \/>\n<meta name=\"robots\" content=\"index, follow, max-snippet:-1, max-image-preview:large, max-video-preview:-1\" \/>\n<link rel=\"canonical\" href=\"https:\/\/crudo-leather.com\/de\/product\/disney-special-couple-edition-customized-italian-leather-wrap-gemstone-couple-bracelet-swan-white-mother-of-pearl\/\" \/>\n<meta property=\"og:locale\" content=\"en_US\" \/>\n<meta property=\"og:type\" content=\"article\" \/>\n<meta property=\"og:title\" content=\"Crudo Disney Paar Lederarmband\" \/>\n<meta property=\"og:description\" content=\"Crudo Disney Special Edition f\u00fcr Paare Italienisches Leder geflochtenes Edelsteinarmband, Schwanenwei\u00df Perlmutt Stil. Kostenlose Gravur, elegante Geschenkbox. Erstellen Sie ein einzigartiges Andenken f\u00fcr Ihr Paar.\" \/>\n<meta property=\"og:url\" content=\"https:\/\/crudo-leather.com\/product\/disney-special-couple-edition-customized-italian-leather-wrap-gemstone-couple-bracelet-swan-white-mother-of-pearl\/\" \/>\n<meta property=\"og:site_name\" content=\"Crudo\" \/>\n<meta property=\"article:modified_time\" content=\"2026-01-09T06:37:51+00:00\" \/>\n<meta property=\"og:image\" content=\"https:\/\/crudo-leather.com\/wp-content\/uploads\/2024\/12\/CC_1st_WBG_BRT01stone_White_Notag-1.jpg\" \/>\n\t<meta property=\"og:image:width\" content=\"2000\" \/>\n\t<meta property=\"og:image:height\" content=\"2000\" \/>\n\t<meta property=\"og:image:type\" content=\"image\/jpeg\" \/>\n<meta name=\"twitter:card\" content=\"summary_large_image\" \/>\n<meta name=\"twitter:label1\" content=\"Est. reading time\" \/>\n\t<meta name=\"twitter:data1\" content=\"1 minute\" \/>\n<script type=\"application\/ld+json\" class=\"yoast-schema-graph\">{\"@context\":\"https:\/\/schema.org\",\"@graph\":[{\"@type\":\"WebPage\",\"@id\":\"https:\/\/crudo-leather.com\/product\/disney-special-couple-edition-customized-italian-leather-wrap-gemstone-couple-bracelet-swan-white-mother-of-pearl\/\",\"url\":\"https:\/\/crudo-leather.com\/product\/disney-special-couple-edition-customized-italian-leather-wrap-gemstone-couple-bracelet-swan-white-mother-of-pearl\/\",\"name\":\"Disney Couple Italian Leather Wrap Gemstone Bracelet - Swan White Mother of Pearl\",\"isPartOf\":{\"@id\":\"https:\/\/crudo-leather.com\/#website\"},\"primaryImageOfPage\":{\"@id\":\"https:\/\/crudo-leather.com\/product\/disney-special-couple-edition-customized-italian-leather-wrap-gemstone-couple-bracelet-swan-white-mother-of-pearl\/#primaryimage\"},\"image\":{\"@id\":\"https:\/\/crudo-leather.com\/product\/disney-special-couple-edition-customized-italian-leather-wrap-gemstone-couple-bracelet-swan-white-mother-of-pearl\/#primaryimage\"},\"thumbnailUrl\":\"https:\/\/crudo-leather.com\/wp-content\/uploads\/2024\/12\/CC_1st_WBG_BRT01stone_White_Notag-1.jpg\",\"datePublished\":\"2024-12-30T08:37:28+00:00\",\"dateModified\":\"2026-01-09T06:37:51+00:00\",\"description\":\"Explore officially licensed Disney Couple Italian leather wrap gemstone bracelet. Swan white with mother of pearl. Free engraving & luxury gift box. A unique accessory. Shop now!\",\"breadcrumb\":{\"@id\":\"https:\/\/crudo-leather.com\/product\/disney-special-couple-edition-customized-italian-leather-wrap-gemstone-couple-bracelet-swan-white-mother-of-pearl\/#breadcrumb\"},\"inLanguage\":\"en-US\",\"potentialAction\":[{\"@type\":\"ReadAction\",\"target\":[\"https:\/\/crudo-leather.com\/product\/disney-special-couple-edition-customized-italian-leather-wrap-gemstone-couple-bracelet-swan-white-mother-of-pearl\/\"]}]},{\"@type\":\"ImageObject\",\"inLanguage\":\"en-US\",\"@id\":\"https:\/\/crudo-leather.com\/product\/disney-special-couple-edition-customized-italian-leather-wrap-gemstone-couple-bracelet-swan-white-mother-of-pearl\/#primaryimage\",\"url\":\"https:\/\/crudo-leather.com\/wp-content\/uploads\/2024\/12\/CC_1st_WBG_BRT01stone_White_Notag-1.jpg\",\"contentUrl\":\"https:\/\/crudo-leather.com\/wp-content\/uploads\/2024\/12\/CC_1st_WBG_BRT01stone_White_Notag-1.jpg\",\"width\":2000,\"height\":2000},{\"@type\":\"BreadcrumbList\",\"@id\":\"https:\/\/crudo-leather.com\/product\/disney-special-couple-edition-customized-italian-leather-wrap-gemstone-couple-bracelet-swan-white-mother-of-pearl\/#breadcrumb\",\"itemListElement\":[{\"@type\":\"ListItem\",\"position\":1,\"name\":\"Shop\",\"item\":\"https:\/\/crudo-leather.com\/shop\/\"},{\"@type\":\"ListItem\",\"position\":2,\"name\":\"Disney Special Couple Edition Customized Italian Leather Wrap Gemstone Couple Bracelet\"}]},{\"@type\":\"WebSite\",\"@id\":\"https:\/\/crudo-leather.com\/#website\",\"url\":\"https:\/\/crudo-leather.com\/\",\"name\":\"Crudo\",\"description\":\"\",\"potentialAction\":[{\"@type\":\"SearchAction\",\"target\":{\"@type\":\"EntryPoint\",\"urlTemplate\":\"https:\/\/crudo-leather.com\/?s={search_term_string}\"},\"query-input\":{\"@type\":\"PropertyValueSpecification\",\"valueRequired\":true,\"valueName\":\"search_term_string\"}}],\"inLanguage\":\"en-US\"}]}<\/script>\n<!-- \/ Yoast SEO plugin. -->","yoast_head_json":{"title":"Crudo Disney Paar Lederarmband","description":"Crudo Disney Special Edition f\u00fcr Paare Italienisches Leder geflochtenes Edelsteinarmband, Schwanenwei\u00df Perlmutt Stil. Kostenlose Gravur, elegante Geschenkbox. Erstellen Sie ein einzigartiges Andenken f\u00fcr Ihr Paar.","robots":{"index":"index","follow":"follow","max-snippet":"max-snippet:-1","max-image-preview":"max-image-preview:large","max-video-preview":"max-video-preview:-1"},"canonical":"https:\/\/crudo-leather.com\/de\/product\/disney-special-couple-edition-customized-italian-leather-wrap-gemstone-couple-bracelet-swan-white-mother-of-pearl\/","og_locale":"en_US","og_type":"article","og_title":"Crudo Disney Paar Lederarmband","og_description":"Crudo Disney Special Edition f\u00fcr Paare Italienisches Leder geflochtenes Edelsteinarmband, Schwanenwei\u00df Perlmutt Stil. Kostenlose Gravur, elegante Geschenkbox. Erstellen Sie ein einzigartiges Andenken f\u00fcr Ihr Paar.","og_url":"https:\/\/crudo-leather.com\/product\/disney-special-couple-edition-customized-italian-leather-wrap-gemstone-couple-bracelet-swan-white-mother-of-pearl\/","og_site_name":"Crudo","article_modified_time":"2026-01-09T06:37:51+00:00","og_image":[{"width":2000,"height":2000,"url":"https:\/\/crudo-leather.com\/wp-content\/uploads\/2024\/12\/CC_1st_WBG_BRT01stone_White_Notag-1.jpg","type":"image\/jpeg"}],"twitter_card":"summary_large_image","twitter_misc":{"Est. reading time":"1 minute"},"schema":{"@context":"https:\/\/schema.org","@graph":[{"@type":"WebPage","@id":"https:\/\/crudo-leather.com\/product\/disney-special-couple-edition-customized-italian-leather-wrap-gemstone-couple-bracelet-swan-white-mother-of-pearl\/","url":"https:\/\/crudo-leather.com\/product\/disney-special-couple-edition-customized-italian-leather-wrap-gemstone-couple-bracelet-swan-white-mother-of-pearl\/","name":"Disney Couple Italian Leather Wrap Gemstone Bracelet - Swan White Mother of Pearl","isPartOf":{"@id":"https:\/\/crudo-leather.com\/#website"},"primaryImageOfPage":{"@id":"https:\/\/crudo-leather.com\/product\/disney-special-couple-edition-customized-italian-leather-wrap-gemstone-couple-bracelet-swan-white-mother-of-pearl\/#primaryimage"},"image":{"@id":"https:\/\/crudo-leather.com\/product\/disney-special-couple-edition-customized-italian-leather-wrap-gemstone-couple-bracelet-swan-white-mother-of-pearl\/#primaryimage"},"thumbnailUrl":"https:\/\/crudo-leather.com\/wp-content\/uploads\/2024\/12\/CC_1st_WBG_BRT01stone_White_Notag-1.jpg","datePublished":"2024-12-30T08:37:28+00:00","dateModified":"2026-01-09T06:37:51+00:00","description":"Explore officially licensed Disney Couple Italian leather wrap gemstone bracelet. Swan white with mother of pearl. Free engraving & luxury gift box. A unique accessory. Shop now!","breadcrumb":{"@id":"https:\/\/crudo-leather.com\/product\/disney-special-couple-edition-customized-italian-leather-wrap-gemstone-couple-bracelet-swan-white-mother-of-pearl\/#breadcrumb"},"inLanguage":"en-US","potentialAction":[{"@type":"ReadAction","target":["https:\/\/crudo-leather.com\/product\/disney-special-couple-edition-customized-italian-leather-wrap-gemstone-couple-bracelet-swan-white-mother-of-pearl\/"]}]},{"@type":"ImageObject","inLanguage":"en-US","@id":"https:\/\/crudo-leather.com\/product\/disney-special-couple-edition-customized-italian-leather-wrap-gemstone-couple-bracelet-swan-white-mother-of-pearl\/#primaryimage","url":"https:\/\/crudo-leather.com\/wp-content\/uploads\/2024\/12\/CC_1st_WBG_BRT01stone_White_Notag-1.jpg","contentUrl":"https:\/\/crudo-leather.com\/wp-content\/uploads\/2024\/12\/CC_1st_WBG_BRT01stone_White_Notag-1.jpg","width":2000,"height":2000},{"@type":"BreadcrumbList","@id":"https:\/\/crudo-leather.com\/product\/disney-special-couple-edition-customized-italian-leather-wrap-gemstone-couple-bracelet-swan-white-mother-of-pearl\/#breadcrumb","itemListElement":[{"@type":"ListItem","position":1,"name":"Shop","item":"https:\/\/crudo-leather.com\/shop\/"},{"@type":"ListItem","position":2,"name":"Disney Special Couple Edition Customized Italian Leather Wrap Gemstone Couple Bracelet"}]},{"@type":"WebSite","@id":"https:\/\/crudo-leather.com\/#website","url":"https:\/\/crudo-leather.com\/","name":"Crudo","description":"","potentialAction":[{"@type":"SearchAction","target":{"@type":"EntryPoint","urlTemplate":"https:\/\/crudo-leather.com\/?s={search_term_string}"},"query-input":{"@type":"PropertyValueSpecification","valueRequired":true,"valueName":"search_term_string"}}],"inLanguage":"en-US"}]}},"_links":{"self":[{"href":"https:\/\/crudo-leather.com\/de\/wp-json\/wp\/v2\/product\/307458"}],"collection":[{"href":"https:\/\/crudo-leather.com\/de\/wp-json\/wp\/v2\/product"}],"about":[{"href":"https:\/\/crudo-leather.com\/de\/wp-json\/wp\/v2\/types\/product"}],"replies":[{"embeddable":true,"href":"https:\/\/crudo-leather.com\/de\/wp-json\/wp\/v2\/comments?post=307458"}],"wp:featuredmedia":[{"embeddable":true,"href":"https:\/\/crudo-leather.com\/de\/wp-json\/wp\/v2\/media\/308043"}],"wp:attachment":[{"href":"https:\/\/crudo-leather.com\/de\/wp-json\/wp\/v2\/media?parent=307458"}],"wp:term":[{"taxonomy":"collection","embeddable":true,"href":"https:\/\/crudo-leather.com\/de\/wp-json\/wp\/v2\/collection?post=307458"},{"taxonomy":"trending_cat","embeddable":true,"href":"https:\/\/crudo-leather.com\/de\/wp-json\/wp\/v2\/trending_cat?post=307458"},{"taxonomy":"product_cat","embeddable":true,"href":"https:\/\/crudo-leather.com\/de\/wp-json\/wp\/v2\/product_cat?post=307458"},{"taxonomy":"product_tag","embeddable":true,"href":"https:\/\/crudo-leather.com\/de\/wp-json\/wp\/v2\/product_tag?post=307458"}],"curies":[{"name":"wp","href":"https:\/\/api.w.org\/{rel}","templated":true}]}}