{"id":307614,"date":"2024-12-31T14:10:24","date_gmt":"2024-12-31T06:10:24","guid":{"rendered":"https:\/\/crudo-leather.com\/?post_type=product&#038;p=307614"},"modified":"2026-01-09T15:07:54","modified_gmt":"2026-01-09T07:07:54","slug":"disney-special-couple-edition-customized-stainless-steel-box-chain-couple-bracelet-rose-gold","status":"publish","type":"product","link":"https:\/\/crudo-leather.com\/de\/product\/disney-special-couple-edition-customized-stainless-steel-box-chain-couple-bracelet-rose-gold\/","title":{"rendered":"Disney Special Edition f\u00fcr Paare personalisierte Stahl-Paararmb\u00e4nder"},"content":{"rendered":"","protected":false},"excerpt":{"rendered":"<strong>**Bitte w\u00e4hlen Sie mindestens ein Crudo Disney Charakter Metall-Anh\u00e4nger, sonst wird das Produkt nur mit dem urspr\u00fcnglichen Crudo runden Anh\u00e4nger geliefert und nicht mit der Special Edition Geschenkbox***<\/strong>\n\n<strong><u>Crudo Disney Special Edition f\u00fcr Paare<\/u><\/strong>\nDie romantische Jahreszeit mit Ihnen zusammen, die klassischen Disney-Paarcharaktere spielen eine klassische s\u00fc\u00dfe Liebesmelodie und kreieren f\u00fcr Sie exklusive Traum-Paaraccessoires. Jeder Anh\u00e4nger kann frei mit Leder- oder Stahlaccessoires kombiniert werden, mit personalisierten Gravuren auf dem Armband, um mit ihm\/ihr ein ewiges Versprechen einzugehen.\n\n<strong>Klicken Sie auf \"Zum Warenkorb hinzuf\u00fcgen und gestalten\", um Ihren Gravurtext zu gestalten<\/strong>\n\n- Offiziell lizenziertes Disney-Produkt\n- Verschiedene Disney-Charakter Metall-Anh\u00e4nger, frei kombinierbar und an Stahlarmb\u00e4ndern befestigbar\n- Innovatives Crudo Anh\u00e4nger-Design, verziert mit Glitzer \/ Strasssteine \/ Leuchteffekten auf der Oberfl\u00e4che\n- Beim Kauf von Crudo Disney Special Edition f\u00fcr Paare Accessoires erhalten Sie eine Special Edition Geschenkbox mit abziehbarer Gru\u00dfkarte (inklusive Geschenkkarte und Produktgarantie)\n- Einzigartige achteckig geschnittene rechteckige Stahlteile kombiniert mit speziell gestalteten quadratischen Edelstahlketten\n- Hergestellt aus 316L Edelstahl\n- Bleicht nicht leicht aus und oxidiert nicht, dauerhafte Aufbewahrung\n- Geeignet f\u00fcr Menschen mit empfindlicher Haut\n- Kann einzeln oder gestapelt getragen werden\n- Magnetverschluss-Design\n- Kostenloser Gravurservice, verschiedene Schriftarten und Gravurvorschl\u00e4ge zur Auswahl\n\n<strong>Produktionszeit und Versanddetails<\/strong>\n\n- Jedes Produkt ben\u00f6tigt nur 1-5 Arbeitstage zur Fertigstellung\n- Bei Bestellung heute kann es bereits morgen versendet werden\n- Nur in Hongkong und Macau erh\u00e4ltlich","protected":false},"featured_media":307618,"comment_status":"open","ping_status":"closed","template":"","meta":{"inline_featured_image":false},"collection":[3031],"trending_cat":[],"product_cat":[17],"product_tag":[2402,2840],"class_list":{"0":"post-307614","1":"product","2":"type-product","3":"status-publish","4":"has-post-thumbnail","6":"product_cat-bracelets-cuffs","7":"product_tag-disney-pixar","8":"product_tag-disney-special-couple-collection","10":"first","11":"instock","12":"sale","13":"shipping-taxable","14":"purchasable","15":"product-type-variable"},"yoast_head":"<!-- This site is optimized with the Yoast SEO plugin v23.4 - https:\/\/yoast.com\/wordpress\/plugins\/seo\/ -->\n<title>Crudo Disney Paararmband<\/title>\n<meta name=\"description\" content=\"Crudo Disney Special Edition f\u00fcr Paare Edelstahl-Quadratkette Paar-Armband, Ros\u00e9gold-Variante. Kostenlose Gravur, elegante Geschenkbox. Ein einzigartiges Andenken f\u00fcr Liebende.\" \/>\n<meta name=\"robots\" content=\"index, follow, max-snippet:-1, max-image-preview:large, max-video-preview:-1\" \/>\n<link rel=\"canonical\" href=\"https:\/\/crudo-leather.com\/de\/product\/disney-special-couple-edition-customized-stainless-steel-box-chain-couple-bracelet-rose-gold\/\" \/>\n<meta property=\"og:locale\" content=\"en_US\" \/>\n<meta property=\"og:type\" content=\"article\" \/>\n<meta property=\"og:title\" content=\"Crudo Disney Paararmband\" \/>\n<meta property=\"og:description\" content=\"Crudo Disney Special Edition f\u00fcr Paare Edelstahl-Quadratkette Paar-Armband, Ros\u00e9gold-Variante. Kostenlose Gravur, elegante Geschenkbox. Ein einzigartiges Andenken f\u00fcr Liebende.\" \/>\n<meta property=\"og:url\" content=\"https:\/\/crudo-leather.com\/product\/disney-special-couple-edition-customized-stainless-steel-box-chain-couple-bracelet-rose-gold\/\" \/>\n<meta property=\"og:site_name\" content=\"Crudo\" \/>\n<meta property=\"article:modified_time\" content=\"2026-01-09T07:07:54+00:00\" \/>\n<meta property=\"og:image\" content=\"https:\/\/crudo-leather.com\/wp-content\/uploads\/2024\/12\/CC_WBG_ZBT26RG__a.jpg\" \/>\n\t<meta property=\"og:image:width\" content=\"2000\" \/>\n\t<meta property=\"og:image:height\" content=\"2000\" \/>\n\t<meta property=\"og:image:type\" content=\"image\/jpeg\" \/>\n<meta name=\"twitter:card\" content=\"summary_large_image\" \/>\n<meta name=\"twitter:label1\" content=\"Est. reading time\" \/>\n\t<meta name=\"twitter:data1\" content=\"1 minute\" \/>\n<script type=\"application\/ld+json\" class=\"yoast-schema-graph\">{\"@context\":\"https:\/\/schema.org\",\"@graph\":[{\"@type\":\"WebPage\",\"@id\":\"https:\/\/crudo-leather.com\/product\/disney-special-couple-edition-customized-stainless-steel-box-chain-couple-bracelet-rose-gold\/\",\"url\":\"https:\/\/crudo-leather.com\/product\/disney-special-couple-edition-customized-stainless-steel-box-chain-couple-bracelet-rose-gold\/\",\"name\":\"Disney Couple Stainless Steel Box Chain Bracelet - Rose Gold\",\"isPartOf\":{\"@id\":\"https:\/\/crudo-leather.com\/#website\"},\"primaryImageOfPage\":{\"@id\":\"https:\/\/crudo-leather.com\/product\/disney-special-couple-edition-customized-stainless-steel-box-chain-couple-bracelet-rose-gold\/#primaryimage\"},\"image\":{\"@id\":\"https:\/\/crudo-leather.com\/product\/disney-special-couple-edition-customized-stainless-steel-box-chain-couple-bracelet-rose-gold\/#primaryimage\"},\"thumbnailUrl\":\"https:\/\/crudo-leather.com\/wp-content\/uploads\/2024\/12\/CC_WBG_ZBT26RG__a.jpg\",\"datePublished\":\"2024-12-31T06:10:24+00:00\",\"dateModified\":\"2026-01-09T07:07:54+00:00\",\"description\":\"Explore officially licensed Disney Couple stainless steel box chain bracelet. Rose gold color. Free engraving & luxury gift box. A unique accessory. Shop now!\",\"breadcrumb\":{\"@id\":\"https:\/\/crudo-leather.com\/product\/disney-special-couple-edition-customized-stainless-steel-box-chain-couple-bracelet-rose-gold\/#breadcrumb\"},\"inLanguage\":\"en-US\",\"potentialAction\":[{\"@type\":\"ReadAction\",\"target\":[\"https:\/\/crudo-leather.com\/product\/disney-special-couple-edition-customized-stainless-steel-box-chain-couple-bracelet-rose-gold\/\"]}]},{\"@type\":\"ImageObject\",\"inLanguage\":\"en-US\",\"@id\":\"https:\/\/crudo-leather.com\/product\/disney-special-couple-edition-customized-stainless-steel-box-chain-couple-bracelet-rose-gold\/#primaryimage\",\"url\":\"https:\/\/crudo-leather.com\/wp-content\/uploads\/2024\/12\/CC_WBG_ZBT26RG__a.jpg\",\"contentUrl\":\"https:\/\/crudo-leather.com\/wp-content\/uploads\/2024\/12\/CC_WBG_ZBT26RG__a.jpg\",\"width\":2000,\"height\":2000},{\"@type\":\"BreadcrumbList\",\"@id\":\"https:\/\/crudo-leather.com\/product\/disney-special-couple-edition-customized-stainless-steel-box-chain-couple-bracelet-rose-gold\/#breadcrumb\",\"itemListElement\":[{\"@type\":\"ListItem\",\"position\":1,\"name\":\"Shop\",\"item\":\"https:\/\/crudo-leather.com\/shop\/\"},{\"@type\":\"ListItem\",\"position\":2,\"name\":\"Disney Special Couple Edition Customized Stainless Steel Box Chain Couple Bracelet\"}]},{\"@type\":\"WebSite\",\"@id\":\"https:\/\/crudo-leather.com\/#website\",\"url\":\"https:\/\/crudo-leather.com\/\",\"name\":\"Crudo\",\"description\":\"\",\"potentialAction\":[{\"@type\":\"SearchAction\",\"target\":{\"@type\":\"EntryPoint\",\"urlTemplate\":\"https:\/\/crudo-leather.com\/?s={search_term_string}\"},\"query-input\":{\"@type\":\"PropertyValueSpecification\",\"valueRequired\":true,\"valueName\":\"search_term_string\"}}],\"inLanguage\":\"en-US\"}]}<\/script>\n<!-- \/ Yoast SEO plugin. -->","yoast_head_json":{"title":"Crudo Disney Paararmband","description":"Crudo Disney Special Edition f\u00fcr Paare Edelstahl-Quadratkette Paar-Armband, Ros\u00e9gold-Variante. Kostenlose Gravur, elegante Geschenkbox. Ein einzigartiges Andenken f\u00fcr Liebende.","robots":{"index":"index","follow":"follow","max-snippet":"max-snippet:-1","max-image-preview":"max-image-preview:large","max-video-preview":"max-video-preview:-1"},"canonical":"https:\/\/crudo-leather.com\/de\/product\/disney-special-couple-edition-customized-stainless-steel-box-chain-couple-bracelet-rose-gold\/","og_locale":"en_US","og_type":"article","og_title":"Crudo Disney Paararmband","og_description":"Crudo Disney Special Edition f\u00fcr Paare Edelstahl-Quadratkette Paar-Armband, Ros\u00e9gold-Variante. Kostenlose Gravur, elegante Geschenkbox. Ein einzigartiges Andenken f\u00fcr Liebende.","og_url":"https:\/\/crudo-leather.com\/product\/disney-special-couple-edition-customized-stainless-steel-box-chain-couple-bracelet-rose-gold\/","og_site_name":"Crudo","article_modified_time":"2026-01-09T07:07:54+00:00","og_image":[{"width":2000,"height":2000,"url":"https:\/\/crudo-leather.com\/wp-content\/uploads\/2024\/12\/CC_WBG_ZBT26RG__a.jpg","type":"image\/jpeg"}],"twitter_card":"summary_large_image","twitter_misc":{"Est. reading time":"1 minute"},"schema":{"@context":"https:\/\/schema.org","@graph":[{"@type":"WebPage","@id":"https:\/\/crudo-leather.com\/product\/disney-special-couple-edition-customized-stainless-steel-box-chain-couple-bracelet-rose-gold\/","url":"https:\/\/crudo-leather.com\/product\/disney-special-couple-edition-customized-stainless-steel-box-chain-couple-bracelet-rose-gold\/","name":"Disney Couple Stainless Steel Box Chain Bracelet - Rose Gold","isPartOf":{"@id":"https:\/\/crudo-leather.com\/#website"},"primaryImageOfPage":{"@id":"https:\/\/crudo-leather.com\/product\/disney-special-couple-edition-customized-stainless-steel-box-chain-couple-bracelet-rose-gold\/#primaryimage"},"image":{"@id":"https:\/\/crudo-leather.com\/product\/disney-special-couple-edition-customized-stainless-steel-box-chain-couple-bracelet-rose-gold\/#primaryimage"},"thumbnailUrl":"https:\/\/crudo-leather.com\/wp-content\/uploads\/2024\/12\/CC_WBG_ZBT26RG__a.jpg","datePublished":"2024-12-31T06:10:24+00:00","dateModified":"2026-01-09T07:07:54+00:00","description":"Explore officially licensed Disney Couple stainless steel box chain bracelet. Rose gold color. Free engraving & luxury gift box. A unique accessory. Shop now!","breadcrumb":{"@id":"https:\/\/crudo-leather.com\/product\/disney-special-couple-edition-customized-stainless-steel-box-chain-couple-bracelet-rose-gold\/#breadcrumb"},"inLanguage":"en-US","potentialAction":[{"@type":"ReadAction","target":["https:\/\/crudo-leather.com\/product\/disney-special-couple-edition-customized-stainless-steel-box-chain-couple-bracelet-rose-gold\/"]}]},{"@type":"ImageObject","inLanguage":"en-US","@id":"https:\/\/crudo-leather.com\/product\/disney-special-couple-edition-customized-stainless-steel-box-chain-couple-bracelet-rose-gold\/#primaryimage","url":"https:\/\/crudo-leather.com\/wp-content\/uploads\/2024\/12\/CC_WBG_ZBT26RG__a.jpg","contentUrl":"https:\/\/crudo-leather.com\/wp-content\/uploads\/2024\/12\/CC_WBG_ZBT26RG__a.jpg","width":2000,"height":2000},{"@type":"BreadcrumbList","@id":"https:\/\/crudo-leather.com\/product\/disney-special-couple-edition-customized-stainless-steel-box-chain-couple-bracelet-rose-gold\/#breadcrumb","itemListElement":[{"@type":"ListItem","position":1,"name":"Shop","item":"https:\/\/crudo-leather.com\/shop\/"},{"@type":"ListItem","position":2,"name":"Disney Special Couple Edition Customized Stainless Steel Box Chain Couple Bracelet"}]},{"@type":"WebSite","@id":"https:\/\/crudo-leather.com\/#website","url":"https:\/\/crudo-leather.com\/","name":"Crudo","description":"","potentialAction":[{"@type":"SearchAction","target":{"@type":"EntryPoint","urlTemplate":"https:\/\/crudo-leather.com\/?s={search_term_string}"},"query-input":{"@type":"PropertyValueSpecification","valueRequired":true,"valueName":"search_term_string"}}],"inLanguage":"en-US"}]}},"_links":{"self":[{"href":"https:\/\/crudo-leather.com\/de\/wp-json\/wp\/v2\/product\/307614"}],"collection":[{"href":"https:\/\/crudo-leather.com\/de\/wp-json\/wp\/v2\/product"}],"about":[{"href":"https:\/\/crudo-leather.com\/de\/wp-json\/wp\/v2\/types\/product"}],"replies":[{"embeddable":true,"href":"https:\/\/crudo-leather.com\/de\/wp-json\/wp\/v2\/comments?post=307614"}],"wp:featuredmedia":[{"embeddable":true,"href":"https:\/\/crudo-leather.com\/de\/wp-json\/wp\/v2\/media\/307618"}],"wp:attachment":[{"href":"https:\/\/crudo-leather.com\/de\/wp-json\/wp\/v2\/media?parent=307614"}],"wp:term":[{"taxonomy":"collection","embeddable":true,"href":"https:\/\/crudo-leather.com\/de\/wp-json\/wp\/v2\/collection?post=307614"},{"taxonomy":"trending_cat","embeddable":true,"href":"https:\/\/crudo-leather.com\/de\/wp-json\/wp\/v2\/trending_cat?post=307614"},{"taxonomy":"product_cat","embeddable":true,"href":"https:\/\/crudo-leather.com\/de\/wp-json\/wp\/v2\/product_cat?post=307614"},{"taxonomy":"product_tag","embeddable":true,"href":"https:\/\/crudo-leather.com\/de\/wp-json\/wp\/v2\/product_tag?post=307614"}],"curies":[{"name":"wp","href":"https:\/\/api.w.org\/{rel}","templated":true}]}}