{"id":307675,"date":"2024-12-31T15:21:43","date_gmt":"2024-12-31T07:21:43","guid":{"rendered":"https:\/\/crudo-leather.com\/?post_type=product&#038;p=307675"},"modified":"2025-05-20T11:13:20","modified_gmt":"2025-05-20T03:13:20","slug":"disney-special-couple-edition-customized-italian-leather-wrap-keychain","status":"publish","type":"product","link":"https:\/\/crudo-leather.com\/de\/product\/disney-special-couple-edition-customized-italian-leather-wrap-keychain\/","title":{"rendered":"Disney Special Edition f\u00fcr Paare personalisierter geflochtener Leder Schl\u00fcsselanh\u00e4nger"},"content":{"rendered":"","protected":false},"excerpt":{"rendered":"<strong>**Bitte w\u00e4hlen Sie mindestens ein Crudo Disney Charakter Metallanh\u00e4nger, sonst wird das Produkt nur mit dem urspr\u00fcnglichen Crudo runden Anh\u00e4nger geliefert und nicht mit der Special Edition Geschenkbox**<\/strong>\n\n<strong><u>Crudo Disney Special Edition f\u00fcr Paare<\/u><\/strong>\n\nDie romantische Jahreszeit mit Ihnen zusammen, die klassischen Disney-Paare spielen eine klassische s\u00fc\u00dfe Liebesmelodie und kreieren f\u00fcr Sie exklusive, traumhafte Paarschmuck. Jeder Anh\u00e4nger kann frei mit dem Schl\u00fcsselbund kombiniert werden, und Sie k\u00f6nnen den Schl\u00fcsselbund mit personalisierten Gravuren versehen, um mit ihm\/ihr ein ewiges Versprechen einzugehen.\n\n<strong>Klicken Sie auf \"In den Warenkorb legen und gestalten\", um Ihre Gravur zu entwerfen<\/strong>\n\n- Offiziell lizenziertes Disney-Produkt\n- Verschiedene Disney-Charakter Metallanh\u00e4nger, die frei kombiniert und am Lederschl\u00fcsselbund befestigt werden k\u00f6nnen\n- Innovatives Crudo Anh\u00e4nger-Design, verziert mit Glitzerpulver \/ Strasssteinen \/ Leuchteffekten auf der Oberfl\u00e4che\n- Beim Kauf von Crudo Disney Special Edition f\u00fcr Paare Schmuck erhalten Sie eine Special Edition Geschenkbox mit abziehbarer Gru\u00dfkarte (inklusive Geschenkkarte und Produktgarantie)\n- Kostenloser Gravurservice, verschiedene Schriftarten und Gravurvorschl\u00e4ge zur Auswahl\n- Handgefertigt aus italienischem Flechtleder der obersten Schicht, erweiterbar f\u00fcr die Verbindung mit verschiedenen Gegenst\u00e4nden\n- Exklusives achteckiges Metall-Cut-Out-Design\n- Kombiniert Kunst, Mode und Funktionalit\u00e4t im Design\n\n<strong>Produktionszeit und Versanddetails<\/strong>\n\n- Jedes Produkt ben\u00f6tigt nur 1-5 Werktage zur Fertigstellung\n- Bei Bestellung heute kann es bereits morgen versendet werden\n- Nur in Hongkong und Macau erh\u00e4ltlich","protected":false},"featured_media":307679,"comment_status":"open","ping_status":"closed","template":"","meta":{"inline_featured_image":false},"collection":[3031],"trending_cat":[],"product_cat":[89],"product_tag":[2402,2840],"class_list":{"0":"post-307675","1":"product","2":"type-product","3":"status-publish","4":"has-post-thumbnail","6":"product_cat-others-accessories","7":"product_tag-disney-pixar","8":"product_tag-disney-special-couple-collection","10":"first","11":"instock","12":"sale","13":"shipping-taxable","14":"purchasable","15":"product-type-variable"},"yoast_head":"<!-- This site is optimized with the Yoast SEO plugin v23.4 - https:\/\/yoast.com\/wordpress\/plugins\/seo\/ -->\n<title>Crudo Disney Paar Leder Schl\u00fcsselanh\u00e4nger<\/title>\n<meta name=\"description\" content=\"Crudo Disney Special Edition f\u00fcr Paare personalisiertes italienisches Lederarmband Schl\u00fcsselanh\u00e4nger. Exklusives Design, kostenlose Gravur, elegante Geschenkbox. Erstellen Sie ein einzigartiges Andenken f\u00fcr Ihr Paar.\" \/>\n<meta name=\"robots\" content=\"index, follow, max-snippet:-1, max-image-preview:large, max-video-preview:-1\" \/>\n<link rel=\"canonical\" href=\"https:\/\/crudo-leather.com\/de\/product\/disney-special-couple-edition-customized-italian-leather-wrap-keychain\/\" \/>\n<meta property=\"og:locale\" content=\"en_US\" \/>\n<meta property=\"og:type\" content=\"article\" \/>\n<meta property=\"og:title\" content=\"Crudo Disney Paar Leder Schl\u00fcsselanh\u00e4nger\" \/>\n<meta property=\"og:description\" content=\"Crudo Disney Special Edition f\u00fcr Paare personalisiertes italienisches Lederarmband Schl\u00fcsselanh\u00e4nger. Exklusives Design, kostenlose Gravur, elegante Geschenkbox. Erstellen Sie ein einzigartiges Andenken f\u00fcr Ihr Paar.\" \/>\n<meta property=\"og:url\" content=\"https:\/\/crudo-leather.com\/product\/disney-special-couple-edition-customized-italian-leather-wrap-keychain\/\" \/>\n<meta property=\"og:site_name\" content=\"Crudo\" \/>\n<meta property=\"article:modified_time\" content=\"2025-05-20T03:13:20+00:00\" \/>\n<meta property=\"og:image\" content=\"https:\/\/crudo-leather.com\/wp-content\/uploads\/2024\/12\/CC_KEC01_Wine_Front.jpg\" \/>\n\t<meta property=\"og:image:width\" content=\"2000\" \/>\n\t<meta property=\"og:image:height\" content=\"2000\" \/>\n\t<meta property=\"og:image:type\" content=\"image\/jpeg\" \/>\n<meta name=\"twitter:card\" content=\"summary_large_image\" \/>\n<meta name=\"twitter:label1\" content=\"Est. reading time\" \/>\n\t<meta name=\"twitter:data1\" content=\"1 minute\" \/>\n<script type=\"application\/ld+json\" class=\"yoast-schema-graph\">{\"@context\":\"https:\/\/schema.org\",\"@graph\":[{\"@type\":\"WebPage\",\"@id\":\"https:\/\/crudo-leather.com\/product\/disney-special-couple-edition-customized-italian-leather-wrap-keychain\/\",\"url\":\"https:\/\/crudo-leather.com\/product\/disney-special-couple-edition-customized-italian-leather-wrap-keychain\/\",\"name\":\"Disney Couple Italian Leather Wrap Keychain\",\"isPartOf\":{\"@id\":\"https:\/\/crudo-leather.com\/#website\"},\"primaryImageOfPage\":{\"@id\":\"https:\/\/crudo-leather.com\/product\/disney-special-couple-edition-customized-italian-leather-wrap-keychain\/#primaryimage\"},\"image\":{\"@id\":\"https:\/\/crudo-leather.com\/product\/disney-special-couple-edition-customized-italian-leather-wrap-keychain\/#primaryimage\"},\"thumbnailUrl\":\"https:\/\/crudo-leather.com\/wp-content\/uploads\/2024\/12\/CC_KEC01_Wine_Front.jpg\",\"datePublished\":\"2024-12-31T07:21:43+00:00\",\"dateModified\":\"2025-05-20T03:13:20+00:00\",\"description\":\"Celebrate love with the Disney Special Couple Edition Customized Italian Leather Wrap Keychain. A unique and heartfelt accessory.\",\"breadcrumb\":{\"@id\":\"https:\/\/crudo-leather.com\/product\/disney-special-couple-edition-customized-italian-leather-wrap-keychain\/#breadcrumb\"},\"inLanguage\":\"en-US\",\"potentialAction\":[{\"@type\":\"ReadAction\",\"target\":[\"https:\/\/crudo-leather.com\/product\/disney-special-couple-edition-customized-italian-leather-wrap-keychain\/\"]}]},{\"@type\":\"ImageObject\",\"inLanguage\":\"en-US\",\"@id\":\"https:\/\/crudo-leather.com\/product\/disney-special-couple-edition-customized-italian-leather-wrap-keychain\/#primaryimage\",\"url\":\"https:\/\/crudo-leather.com\/wp-content\/uploads\/2024\/12\/CC_KEC01_Wine_Front.jpg\",\"contentUrl\":\"https:\/\/crudo-leather.com\/wp-content\/uploads\/2024\/12\/CC_KEC01_Wine_Front.jpg\",\"width\":2000,\"height\":2000},{\"@type\":\"BreadcrumbList\",\"@id\":\"https:\/\/crudo-leather.com\/product\/disney-special-couple-edition-customized-italian-leather-wrap-keychain\/#breadcrumb\",\"itemListElement\":[{\"@type\":\"ListItem\",\"position\":1,\"name\":\"Shop\",\"item\":\"https:\/\/crudo-leather.com\/shop\/\"},{\"@type\":\"ListItem\",\"position\":2,\"name\":\"Disney Special Couple Edition Customized Italian Leather Wrap Keychain\"}]},{\"@type\":\"WebSite\",\"@id\":\"https:\/\/crudo-leather.com\/#website\",\"url\":\"https:\/\/crudo-leather.com\/\",\"name\":\"Crudo\",\"description\":\"\",\"potentialAction\":[{\"@type\":\"SearchAction\",\"target\":{\"@type\":\"EntryPoint\",\"urlTemplate\":\"https:\/\/crudo-leather.com\/?s={search_term_string}\"},\"query-input\":{\"@type\":\"PropertyValueSpecification\",\"valueRequired\":true,\"valueName\":\"search_term_string\"}}],\"inLanguage\":\"en-US\"}]}<\/script>\n<!-- \/ Yoast SEO plugin. -->","yoast_head_json":{"title":"Crudo Disney Paar Leder Schl\u00fcsselanh\u00e4nger","description":"Crudo Disney Special Edition f\u00fcr Paare personalisiertes italienisches Lederarmband Schl\u00fcsselanh\u00e4nger. Exklusives Design, kostenlose Gravur, elegante Geschenkbox. Erstellen Sie ein einzigartiges Andenken f\u00fcr Ihr Paar.","robots":{"index":"index","follow":"follow","max-snippet":"max-snippet:-1","max-image-preview":"max-image-preview:large","max-video-preview":"max-video-preview:-1"},"canonical":"https:\/\/crudo-leather.com\/de\/product\/disney-special-couple-edition-customized-italian-leather-wrap-keychain\/","og_locale":"en_US","og_type":"article","og_title":"Crudo Disney Paar Leder Schl\u00fcsselanh\u00e4nger","og_description":"Crudo Disney Special Edition f\u00fcr Paare personalisiertes italienisches Lederarmband Schl\u00fcsselanh\u00e4nger. Exklusives Design, kostenlose Gravur, elegante Geschenkbox. Erstellen Sie ein einzigartiges Andenken f\u00fcr Ihr Paar.","og_url":"https:\/\/crudo-leather.com\/product\/disney-special-couple-edition-customized-italian-leather-wrap-keychain\/","og_site_name":"Crudo","article_modified_time":"2025-05-20T03:13:20+00:00","og_image":[{"width":2000,"height":2000,"url":"https:\/\/crudo-leather.com\/wp-content\/uploads\/2024\/12\/CC_KEC01_Wine_Front.jpg","type":"image\/jpeg"}],"twitter_card":"summary_large_image","twitter_misc":{"Est. reading time":"1 minute"},"schema":{"@context":"https:\/\/schema.org","@graph":[{"@type":"WebPage","@id":"https:\/\/crudo-leather.com\/product\/disney-special-couple-edition-customized-italian-leather-wrap-keychain\/","url":"https:\/\/crudo-leather.com\/product\/disney-special-couple-edition-customized-italian-leather-wrap-keychain\/","name":"Disney Couple Italian Leather Wrap Keychain","isPartOf":{"@id":"https:\/\/crudo-leather.com\/#website"},"primaryImageOfPage":{"@id":"https:\/\/crudo-leather.com\/product\/disney-special-couple-edition-customized-italian-leather-wrap-keychain\/#primaryimage"},"image":{"@id":"https:\/\/crudo-leather.com\/product\/disney-special-couple-edition-customized-italian-leather-wrap-keychain\/#primaryimage"},"thumbnailUrl":"https:\/\/crudo-leather.com\/wp-content\/uploads\/2024\/12\/CC_KEC01_Wine_Front.jpg","datePublished":"2024-12-31T07:21:43+00:00","dateModified":"2025-05-20T03:13:20+00:00","description":"Celebrate love with the Disney Special Couple Edition Customized Italian Leather Wrap Keychain. A unique and heartfelt accessory.","breadcrumb":{"@id":"https:\/\/crudo-leather.com\/product\/disney-special-couple-edition-customized-italian-leather-wrap-keychain\/#breadcrumb"},"inLanguage":"en-US","potentialAction":[{"@type":"ReadAction","target":["https:\/\/crudo-leather.com\/product\/disney-special-couple-edition-customized-italian-leather-wrap-keychain\/"]}]},{"@type":"ImageObject","inLanguage":"en-US","@id":"https:\/\/crudo-leather.com\/product\/disney-special-couple-edition-customized-italian-leather-wrap-keychain\/#primaryimage","url":"https:\/\/crudo-leather.com\/wp-content\/uploads\/2024\/12\/CC_KEC01_Wine_Front.jpg","contentUrl":"https:\/\/crudo-leather.com\/wp-content\/uploads\/2024\/12\/CC_KEC01_Wine_Front.jpg","width":2000,"height":2000},{"@type":"BreadcrumbList","@id":"https:\/\/crudo-leather.com\/product\/disney-special-couple-edition-customized-italian-leather-wrap-keychain\/#breadcrumb","itemListElement":[{"@type":"ListItem","position":1,"name":"Shop","item":"https:\/\/crudo-leather.com\/shop\/"},{"@type":"ListItem","position":2,"name":"Disney Special Couple Edition Customized Italian Leather Wrap Keychain"}]},{"@type":"WebSite","@id":"https:\/\/crudo-leather.com\/#website","url":"https:\/\/crudo-leather.com\/","name":"Crudo","description":"","potentialAction":[{"@type":"SearchAction","target":{"@type":"EntryPoint","urlTemplate":"https:\/\/crudo-leather.com\/?s={search_term_string}"},"query-input":{"@type":"PropertyValueSpecification","valueRequired":true,"valueName":"search_term_string"}}],"inLanguage":"en-US"}]}},"_links":{"self":[{"href":"https:\/\/crudo-leather.com\/de\/wp-json\/wp\/v2\/product\/307675"}],"collection":[{"href":"https:\/\/crudo-leather.com\/de\/wp-json\/wp\/v2\/product"}],"about":[{"href":"https:\/\/crudo-leather.com\/de\/wp-json\/wp\/v2\/types\/product"}],"replies":[{"embeddable":true,"href":"https:\/\/crudo-leather.com\/de\/wp-json\/wp\/v2\/comments?post=307675"}],"wp:featuredmedia":[{"embeddable":true,"href":"https:\/\/crudo-leather.com\/de\/wp-json\/wp\/v2\/media\/307679"}],"wp:attachment":[{"href":"https:\/\/crudo-leather.com\/de\/wp-json\/wp\/v2\/media?parent=307675"}],"wp:term":[{"taxonomy":"collection","embeddable":true,"href":"https:\/\/crudo-leather.com\/de\/wp-json\/wp\/v2\/collection?post=307675"},{"taxonomy":"trending_cat","embeddable":true,"href":"https:\/\/crudo-leather.com\/de\/wp-json\/wp\/v2\/trending_cat?post=307675"},{"taxonomy":"product_cat","embeddable":true,"href":"https:\/\/crudo-leather.com\/de\/wp-json\/wp\/v2\/product_cat?post=307675"},{"taxonomy":"product_tag","embeddable":true,"href":"https:\/\/crudo-leather.com\/de\/wp-json\/wp\/v2\/product_tag?post=307675"}],"curies":[{"name":"wp","href":"https:\/\/api.w.org\/{rel}","templated":true}]}}