{"id":307702,"date":"2024-12-31T15:57:09","date_gmt":"2024-12-31T07:57:09","guid":{"rendered":"https:\/\/crudo-leather.com\/?post_type=product&#038;p=307702"},"modified":"2025-05-20T11:23:40","modified_gmt":"2025-05-20T03:23:40","slug":"disney-special-couple-edition-customzied-metal-tag-keychain-rose-gold","status":"publish","type":"product","link":"https:\/\/crudo-leather.com\/de\/product\/disney-special-couple-edition-customzied-metal-tag-keychain-rose-gold\/","title":{"rendered":"Disney Special Edition f\u00fcr Paare personalisiertes Stahlanh\u00e4nger Schl\u00fcsselanh\u00e4nger"},"content":{"rendered":"","protected":false},"excerpt":{"rendered":"<strong>**Bitte w\u00e4hlen Sie mindestens ein Crudo Disney Charakter Metallanh\u00e4nger, sonst wird das Produkt nur mit dem urspr\u00fcnglichen Crudo runden Anh\u00e4nger geliefert und nicht mit der Special Edition Geschenkbox**<\/strong>\n\n<strong><u>Crudo Disney Special Edition f\u00fcr Paare<\/u><\/strong>\n\nDie romantische Jahreszeit mit Ihnen, die klassischen Disney-Paare spielen eine klassische s\u00fc\u00dfe Liebesmelodie und schaffen f\u00fcr Sie einzigartige, traumhafte Paarschmuckst\u00fccke. Jeder Anh\u00e4nger kann frei mit dem Schl\u00fcsselanh\u00e4nger kombiniert werden, und auf dem Schl\u00fcsselanh\u00e4nger k\u00f6nnen Sie Ihren eigenen Text gravieren lassen, um mit ihm\/ihr ein ewiges Versprechen einzugehen.\n\n<strong>Klicken Sie auf \"Zum Warenkorb hinzuf\u00fcgen und gestalten\", um Ihren Gravurtext zu gestalten<\/strong>\n\n- Offiziell lizenziertes Disney-Produkt\n- Verschiedene Disney-Charakter Metallanh\u00e4nger, die frei kombiniert und an einem Stahlschl\u00fcsselanh\u00e4nger befestigt werden k\u00f6nnen\n- Innovatives Crudo Anh\u00e4nger-Design, verziert mit Glitzer \/ Strasssteinen \/ Leuchteffekten auf der Oberfl\u00e4che\n- Beim Kauf von Crudo Disney Special Edition f\u00fcr Paare Schmuck erhalten Sie eine Special Edition Geschenkbox mit abziehbarer Gru\u00dfkarte (inklusive Geschenkkarte und Produktgarantie)\n- Kostenloser Gravurservice, verschiedene Schriftarten und Gravurvorschl\u00e4ge zur Auswahl\n- Elegantes abgeschr\u00e4gtes Design\n- Buntmetall verleiht einen modernen Touch\n- Kompakte Ma\u00dfe f\u00fcr einfachen Transport und kann auch als Anh\u00e4nger verwendet werden\n\n<strong>Herstellungszeit und Versanddetails<\/strong>\n\n- Jedes Produkt ben\u00f6tigt nur 1-5 Werktage zur Herstellung\n- Bei Bestellung heute kann es bereits morgen versendet werden\n- Nur in Hongkong und Macau erh\u00e4ltlich","protected":false},"featured_media":308079,"comment_status":"open","ping_status":"closed","template":"","meta":{"inline_featured_image":false},"collection":[3031],"trending_cat":[],"product_cat":[89],"product_tag":[2402,2840],"class_list":{"0":"post-307702","1":"product","2":"type-product","3":"status-publish","4":"has-post-thumbnail","6":"product_cat-others-accessories","7":"product_tag-disney-pixar","8":"product_tag-disney-special-couple-collection","10":"first","11":"instock","12":"sale","13":"shipping-taxable","14":"purchasable","15":"product-type-variable"},"yoast_head":"<!-- This site is optimized with the Yoast SEO plugin v23.4 - https:\/\/yoast.com\/wordpress\/plugins\/seo\/ -->\n<title>Crudo Disney Paar Metall Schl\u00fcsselanh\u00e4nger<\/title>\n<meta name=\"description\" content=\"Crudo Disney Special Edition f\u00fcr Paare personalisiertes Metallanh\u00e4nger Schl\u00fcsselanh\u00e4nger, Ros\u00e9gold-Variante. Kostenlose Gravur, elegante Geschenkbox, schafft ein einzigartiges Andenken f\u00fcr Liebespaare.\" \/>\n<meta name=\"robots\" content=\"index, follow, max-snippet:-1, max-image-preview:large, max-video-preview:-1\" \/>\n<link rel=\"canonical\" href=\"https:\/\/crudo-leather.com\/de\/product\/disney-special-couple-edition-customzied-metal-tag-keychain-rose-gold\/\" \/>\n<meta property=\"og:locale\" content=\"en_US\" \/>\n<meta property=\"og:type\" content=\"article\" \/>\n<meta property=\"og:title\" content=\"Crudo Disney Paar Metall Schl\u00fcsselanh\u00e4nger\" \/>\n<meta property=\"og:description\" content=\"Crudo Disney Special Edition f\u00fcr Paare personalisiertes Metallanh\u00e4nger Schl\u00fcsselanh\u00e4nger, Ros\u00e9gold-Variante. Kostenlose Gravur, elegante Geschenkbox, schafft ein einzigartiges Andenken f\u00fcr Liebespaare.\" \/>\n<meta property=\"og:url\" content=\"https:\/\/crudo-leather.com\/product\/disney-special-couple-edition-customzied-metal-tag-keychain-rose-gold\/\" \/>\n<meta property=\"og:site_name\" content=\"Crudo\" \/>\n<meta property=\"article:modified_time\" content=\"2025-05-20T03:23:40+00:00\" \/>\n<meta property=\"og:image\" content=\"https:\/\/crudo-leather.com\/wp-content\/uploads\/2024\/12\/CC_KEC02_RG-1.jpg\" \/>\n\t<meta property=\"og:image:width\" content=\"2000\" \/>\n\t<meta property=\"og:image:height\" content=\"2000\" \/>\n\t<meta property=\"og:image:type\" content=\"image\/jpeg\" \/>\n<meta name=\"twitter:card\" content=\"summary_large_image\" \/>\n<meta name=\"twitter:label1\" content=\"Est. reading time\" \/>\n\t<meta name=\"twitter:data1\" content=\"1 minute\" \/>\n<script type=\"application\/ld+json\" class=\"yoast-schema-graph\">{\"@context\":\"https:\/\/schema.org\",\"@graph\":[{\"@type\":\"WebPage\",\"@id\":\"https:\/\/crudo-leather.com\/product\/disney-special-couple-edition-customzied-metal-tag-keychain-rose-gold\/\",\"url\":\"https:\/\/crudo-leather.com\/product\/disney-special-couple-edition-customzied-metal-tag-keychain-rose-gold\/\",\"name\":\"Disney Couple Metal Tag Keychain - Rose Gold\",\"isPartOf\":{\"@id\":\"https:\/\/crudo-leather.com\/#website\"},\"primaryImageOfPage\":{\"@id\":\"https:\/\/crudo-leather.com\/product\/disney-special-couple-edition-customzied-metal-tag-keychain-rose-gold\/#primaryimage\"},\"image\":{\"@id\":\"https:\/\/crudo-leather.com\/product\/disney-special-couple-edition-customzied-metal-tag-keychain-rose-gold\/#primaryimage\"},\"thumbnailUrl\":\"https:\/\/crudo-leather.com\/wp-content\/uploads\/2024\/12\/CC_KEC02_RG-1.jpg\",\"datePublished\":\"2024-12-31T07:57:09+00:00\",\"dateModified\":\"2025-05-20T03:23:40+00:00\",\"description\":\"Explore officially licensed Disney Couple metal tag keychain. Rose gold, free engraving & luxury gift box. Perfect personalized gift for your loved one. Shop now!\",\"breadcrumb\":{\"@id\":\"https:\/\/crudo-leather.com\/product\/disney-special-couple-edition-customzied-metal-tag-keychain-rose-gold\/#breadcrumb\"},\"inLanguage\":\"en-US\",\"potentialAction\":[{\"@type\":\"ReadAction\",\"target\":[\"https:\/\/crudo-leather.com\/product\/disney-special-couple-edition-customzied-metal-tag-keychain-rose-gold\/\"]}]},{\"@type\":\"ImageObject\",\"inLanguage\":\"en-US\",\"@id\":\"https:\/\/crudo-leather.com\/product\/disney-special-couple-edition-customzied-metal-tag-keychain-rose-gold\/#primaryimage\",\"url\":\"https:\/\/crudo-leather.com\/wp-content\/uploads\/2024\/12\/CC_KEC02_RG-1.jpg\",\"contentUrl\":\"https:\/\/crudo-leather.com\/wp-content\/uploads\/2024\/12\/CC_KEC02_RG-1.jpg\",\"width\":2000,\"height\":2000},{\"@type\":\"BreadcrumbList\",\"@id\":\"https:\/\/crudo-leather.com\/product\/disney-special-couple-edition-customzied-metal-tag-keychain-rose-gold\/#breadcrumb\",\"itemListElement\":[{\"@type\":\"ListItem\",\"position\":1,\"name\":\"Shop\",\"item\":\"https:\/\/crudo-leather.com\/shop\/\"},{\"@type\":\"ListItem\",\"position\":2,\"name\":\"Disney Special Couple Edition Customzied Metal Tag Keychain\"}]},{\"@type\":\"WebSite\",\"@id\":\"https:\/\/crudo-leather.com\/#website\",\"url\":\"https:\/\/crudo-leather.com\/\",\"name\":\"Crudo\",\"description\":\"\",\"potentialAction\":[{\"@type\":\"SearchAction\",\"target\":{\"@type\":\"EntryPoint\",\"urlTemplate\":\"https:\/\/crudo-leather.com\/?s={search_term_string}\"},\"query-input\":{\"@type\":\"PropertyValueSpecification\",\"valueRequired\":true,\"valueName\":\"search_term_string\"}}],\"inLanguage\":\"en-US\"}]}<\/script>\n<!-- \/ Yoast SEO plugin. -->","yoast_head_json":{"title":"Crudo Disney Paar Metall Schl\u00fcsselanh\u00e4nger","description":"Crudo Disney Special Edition f\u00fcr Paare personalisiertes Metallanh\u00e4nger Schl\u00fcsselanh\u00e4nger, Ros\u00e9gold-Variante. Kostenlose Gravur, elegante Geschenkbox, schafft ein einzigartiges Andenken f\u00fcr Liebespaare.","robots":{"index":"index","follow":"follow","max-snippet":"max-snippet:-1","max-image-preview":"max-image-preview:large","max-video-preview":"max-video-preview:-1"},"canonical":"https:\/\/crudo-leather.com\/de\/product\/disney-special-couple-edition-customzied-metal-tag-keychain-rose-gold\/","og_locale":"en_US","og_type":"article","og_title":"Crudo Disney Paar Metall Schl\u00fcsselanh\u00e4nger","og_description":"Crudo Disney Special Edition f\u00fcr Paare personalisiertes Metallanh\u00e4nger Schl\u00fcsselanh\u00e4nger, Ros\u00e9gold-Variante. Kostenlose Gravur, elegante Geschenkbox, schafft ein einzigartiges Andenken f\u00fcr Liebespaare.","og_url":"https:\/\/crudo-leather.com\/product\/disney-special-couple-edition-customzied-metal-tag-keychain-rose-gold\/","og_site_name":"Crudo","article_modified_time":"2025-05-20T03:23:40+00:00","og_image":[{"width":2000,"height":2000,"url":"https:\/\/crudo-leather.com\/wp-content\/uploads\/2024\/12\/CC_KEC02_RG-1.jpg","type":"image\/jpeg"}],"twitter_card":"summary_large_image","twitter_misc":{"Est. reading time":"1 minute"},"schema":{"@context":"https:\/\/schema.org","@graph":[{"@type":"WebPage","@id":"https:\/\/crudo-leather.com\/product\/disney-special-couple-edition-customzied-metal-tag-keychain-rose-gold\/","url":"https:\/\/crudo-leather.com\/product\/disney-special-couple-edition-customzied-metal-tag-keychain-rose-gold\/","name":"Disney Couple Metal Tag Keychain - Rose Gold","isPartOf":{"@id":"https:\/\/crudo-leather.com\/#website"},"primaryImageOfPage":{"@id":"https:\/\/crudo-leather.com\/product\/disney-special-couple-edition-customzied-metal-tag-keychain-rose-gold\/#primaryimage"},"image":{"@id":"https:\/\/crudo-leather.com\/product\/disney-special-couple-edition-customzied-metal-tag-keychain-rose-gold\/#primaryimage"},"thumbnailUrl":"https:\/\/crudo-leather.com\/wp-content\/uploads\/2024\/12\/CC_KEC02_RG-1.jpg","datePublished":"2024-12-31T07:57:09+00:00","dateModified":"2025-05-20T03:23:40+00:00","description":"Explore officially licensed Disney Couple metal tag keychain. Rose gold, free engraving & luxury gift box. Perfect personalized gift for your loved one. Shop now!","breadcrumb":{"@id":"https:\/\/crudo-leather.com\/product\/disney-special-couple-edition-customzied-metal-tag-keychain-rose-gold\/#breadcrumb"},"inLanguage":"en-US","potentialAction":[{"@type":"ReadAction","target":["https:\/\/crudo-leather.com\/product\/disney-special-couple-edition-customzied-metal-tag-keychain-rose-gold\/"]}]},{"@type":"ImageObject","inLanguage":"en-US","@id":"https:\/\/crudo-leather.com\/product\/disney-special-couple-edition-customzied-metal-tag-keychain-rose-gold\/#primaryimage","url":"https:\/\/crudo-leather.com\/wp-content\/uploads\/2024\/12\/CC_KEC02_RG-1.jpg","contentUrl":"https:\/\/crudo-leather.com\/wp-content\/uploads\/2024\/12\/CC_KEC02_RG-1.jpg","width":2000,"height":2000},{"@type":"BreadcrumbList","@id":"https:\/\/crudo-leather.com\/product\/disney-special-couple-edition-customzied-metal-tag-keychain-rose-gold\/#breadcrumb","itemListElement":[{"@type":"ListItem","position":1,"name":"Shop","item":"https:\/\/crudo-leather.com\/shop\/"},{"@type":"ListItem","position":2,"name":"Disney Special Couple Edition Customzied Metal Tag Keychain"}]},{"@type":"WebSite","@id":"https:\/\/crudo-leather.com\/#website","url":"https:\/\/crudo-leather.com\/","name":"Crudo","description":"","potentialAction":[{"@type":"SearchAction","target":{"@type":"EntryPoint","urlTemplate":"https:\/\/crudo-leather.com\/?s={search_term_string}"},"query-input":{"@type":"PropertyValueSpecification","valueRequired":true,"valueName":"search_term_string"}}],"inLanguage":"en-US"}]}},"_links":{"self":[{"href":"https:\/\/crudo-leather.com\/de\/wp-json\/wp\/v2\/product\/307702"}],"collection":[{"href":"https:\/\/crudo-leather.com\/de\/wp-json\/wp\/v2\/product"}],"about":[{"href":"https:\/\/crudo-leather.com\/de\/wp-json\/wp\/v2\/types\/product"}],"replies":[{"embeddable":true,"href":"https:\/\/crudo-leather.com\/de\/wp-json\/wp\/v2\/comments?post=307702"}],"wp:featuredmedia":[{"embeddable":true,"href":"https:\/\/crudo-leather.com\/de\/wp-json\/wp\/v2\/media\/308079"}],"wp:attachment":[{"href":"https:\/\/crudo-leather.com\/de\/wp-json\/wp\/v2\/media?parent=307702"}],"wp:term":[{"taxonomy":"collection","embeddable":true,"href":"https:\/\/crudo-leather.com\/de\/wp-json\/wp\/v2\/collection?post=307702"},{"taxonomy":"trending_cat","embeddable":true,"href":"https:\/\/crudo-leather.com\/de\/wp-json\/wp\/v2\/trending_cat?post=307702"},{"taxonomy":"product_cat","embeddable":true,"href":"https:\/\/crudo-leather.com\/de\/wp-json\/wp\/v2\/product_cat?post=307702"},{"taxonomy":"product_tag","embeddable":true,"href":"https:\/\/crudo-leather.com\/de\/wp-json\/wp\/v2\/product_tag?post=307702"}],"curies":[{"name":"wp","href":"https:\/\/api.w.org\/{rel}","templated":true}]}}