{"id":309356,"date":"2025-01-10T15:44:14","date_gmt":"2025-01-10T07:44:14","guid":{"rendered":"https:\/\/crudo-leather.com\/?post_type=product&#038;p=309356"},"modified":"2026-01-08T15:55:02","modified_gmt":"2026-01-08T07:55:02","slug":"kuromi-customized-925-sterling-silver-pendant-necklace-sweet-dream","status":"publish","type":"product","link":"https:\/\/crudo-leather.com\/de\/product\/kuromi-customized-925-sterling-silver-pendant-necklace-sweet-dream\/","title":{"rendered":"Kuromi Limited Edition personalisiertes 925 Sterling Silber Anh\u00e4nger Halskette"},"content":{"rendered":"","protected":false},"excerpt":{"rendered":"<u><strong>Kuromi x Crudo\n<\/strong><\/u><span data-contrast=\"auto\">Verstr\u00f6me mit Kuromi einen schwarzen, faszinierenden Charme! <\/span><span data-contrast=\"auto\">Unter dem Motto \"Kuromi in Style\" wird Kuromis modisches Outfit in eine exquisite <\/span> <span data-contrast=\"auto\">Kuromi<\/span><span data-contrast=\"auto\">-925-Silber-Anh\u00e4ngerkette verwandelt, die deinem Look eine einzigartige pers\u00f6nliche Note verleiht!<\/span><span data-contrast=\"auto\">   <\/span><span data-ccp-props=\"{}\"> <\/span>\n\n<b><span data-contrast=\"auto\">Klicke auf \"In den Warenkorb legen und gestalten\", um deinen Gravurtext zu entwerfen<\/span><\/b><span data-contrast=\"auto\">  <\/span><span data-ccp-props=\"{}\">\n<\/span><span data-contrast=\"auto\">- <\/span><span data-contrast=\"auto\">Offiziell lizenziertes Sanrio-Produkt aus Japan<\/span><span data-contrast=\"auto\">  <\/span><span data-ccp-props=\"{}\">\n<\/span><span data-contrast=\"auto\">- <span class=\"TextRun SCXW50139824 BCX0\" lang=\"EN-US\" xml:lang=\"EN-US\" data-contrast=\"auto\"><span class=\"NormalTextRun SCXW50139824 BCX0\">Kuromi<\/span> <\/span><span class=\"TextRun SCXW50139824 BCX0\" lang=\"JA-JP\" xml:lang=\"JA-JP\" data-contrast=\"auto\"><span class=\"NormalTextRun SCXW50139824 BCX0\">Modisches Design, kleine reine Silber<\/span><span class=\"NormalTextRun SCXW50139824 BCX0\">Anh\u00e4nger<\/span><span class=\"NormalTextRun SCXW50139824 BCX0\">kette<\/span><\/span><\/span><span data-contrast=\"auto\">  <\/span><span data-ccp-props=\"{}\">\n<\/span><span data-contrast=\"auto\">- Beim Kauf einer Kuromi Special Edition Kette erh\u00e4ltst du eine Kuromi Special Edition Geschenkbox mit abziehbarer Gru\u00dfkarte (inklusive Geschenkkarte und Produktgarantie)  <\/span><span data-ccp-props=\"{}\">\n<\/span><span data-contrast=\"none\">- Kostenloser Gravurservice, verschiedene Schriftarten zur Auswahl<\/span><span data-ccp-props=\"{}\">\n<\/span><span data-contrast=\"none\">- Verstellbare Verschlussdesign, passt sich perfekt deinen Tragebed\u00fcrfnissen an<\/span><span data-ccp-props=\"{}\">\n<\/span><span data-contrast=\"none\">- 925 Silber, abriebfest und verblasst nicht leicht<\/span><span data-ccp-props=\"{}\">\n<\/span><span data-contrast=\"none\">- Funkelnde Kettenglieder-Design, betont die Eleganz und Sch\u00f6nheit der Kette<\/span><span data-ccp-props=\"{}\"> <\/span>\n\n<b><span data-contrast=\"auto\">Herstellungszeit und Versanddetails<\/span><\/b><span data-ccp-props=\"{}\">\n<\/span><span data-contrast=\"auto\">- Jedes Produkt ben\u00f6tigt nur 1-5 Werktage zur Fertigstellung<\/span><span data-ccp-props=\"{}\">\n<\/span><span data-contrast=\"auto\">- Bestellungen von heute k\u00f6nnen bereits morgen versendet werden<\/span><span data-ccp-props=\"{}\">\n<\/span><span data-contrast=\"auto\">- Nur erh\u00e4ltlich in Hongkong, Macau, Festlandchina, Japan, S\u00fcdkorea und S\u00fcdamerika (au\u00dfer Panama)<\/span>","protected":false},"featured_media":309359,"comment_status":"open","ping_status":"closed","template":"","meta":{"inline_featured_image":false},"collection":[],"trending_cat":[],"product_cat":[85],"product_tag":[2406],"class_list":{"0":"post-309356","1":"product","2":"type-product","3":"status-publish","4":"has-post-thumbnail","6":"product_cat-925-silver-necklace","7":"product_tag-kuromi-sanrio-characters","9":"first","10":"instock","11":"sale","12":"shipping-taxable","13":"purchasable","14":"product-type-variable"},"yoast_head":"<!-- This site is optimized with the Yoast SEO plugin v23.4 - https:\/\/yoast.com\/wordpress\/plugins\/seo\/ -->\n<title>Crudo Kuromi Schlafanzug 925 Sterlingsilber Halskette<\/title>\n<meta name=\"description\" content=\"Crudo Kuromi Limited Edition ma\u00dfgeschneiderte 925 Sterling Silber Anh\u00e4nger Halskette. Gute Nacht Pyjama, offiziell lizenziert, feine Gravur. Weltweiter Versand, ein Jahr Garantie. 48\" \/>\n<meta name=\"robots\" content=\"index, follow, max-snippet:-1, max-image-preview:large, max-video-preview:-1\" \/>\n<link rel=\"canonical\" href=\"https:\/\/crudo-leather.com\/de\/product\/kuromi-customized-925-sterling-silver-pendant-necklace-sweet-dream\/\" \/>\n<meta property=\"og:locale\" content=\"en_US\" \/>\n<meta property=\"og:type\" content=\"article\" \/>\n<meta property=\"og:title\" content=\"Crudo Kuromi Schlafanzug 925 Sterlingsilber Halskette\" \/>\n<meta property=\"og:description\" content=\"Crudo Kuromi Limited Edition ma\u00dfgeschneiderte 925 Sterling Silber Anh\u00e4nger Halskette. Gute Nacht Pyjama, offiziell lizenziert, feine Gravur. Weltweiter Versand, ein Jahr Garantie. 48\" \/>\n<meta property=\"og:url\" content=\"https:\/\/crudo-leather.com\/product\/kuromi-customized-925-sterling-silver-pendant-necklace-sweet-dream\/\" \/>\n<meta property=\"og:site_name\" content=\"Crudo\" \/>\n<meta property=\"article:modified_time\" content=\"2026-01-08T07:55:02+00:00\" \/>\n<meta property=\"og:image\" content=\"https:\/\/crudo-leather.com\/wp-content\/uploads\/2025\/01\/KU_1.jpg\" \/>\n\t<meta property=\"og:image:width\" content=\"2000\" \/>\n\t<meta property=\"og:image:height\" content=\"2000\" \/>\n\t<meta property=\"og:image:type\" content=\"image\/jpeg\" \/>\n<meta name=\"twitter:card\" content=\"summary_large_image\" \/>\n<meta name=\"twitter:label1\" content=\"Est. reading time\" \/>\n\t<meta name=\"twitter:data1\" content=\"1 minute\" \/>\n<script type=\"application\/ld+json\" class=\"yoast-schema-graph\">{\"@context\":\"https:\/\/schema.org\",\"@graph\":[{\"@type\":\"WebPage\",\"@id\":\"https:\/\/crudo-leather.com\/product\/kuromi-customized-925-sterling-silver-pendant-necklace-sweet-dream\/\",\"url\":\"https:\/\/crudo-leather.com\/product\/kuromi-customized-925-sterling-silver-pendant-necklace-sweet-dream\/\",\"name\":\"Kuromi Customized 925 Sterling Silver Pendant Necklace - Sweet Dream\",\"isPartOf\":{\"@id\":\"https:\/\/crudo-leather.com\/#website\"},\"primaryImageOfPage\":{\"@id\":\"https:\/\/crudo-leather.com\/product\/kuromi-customized-925-sterling-silver-pendant-necklace-sweet-dream\/#primaryimage\"},\"image\":{\"@id\":\"https:\/\/crudo-leather.com\/product\/kuromi-customized-925-sterling-silver-pendant-necklace-sweet-dream\/#primaryimage\"},\"thumbnailUrl\":\"https:\/\/crudo-leather.com\/wp-content\/uploads\/2025\/01\/KU_1.jpg\",\"datePublished\":\"2025-01-10T07:44:14+00:00\",\"dateModified\":\"2026-01-08T07:55:02+00:00\",\"description\":\"Explore officially licensed Kuromi customized 925 sterling silver pendant necklace in Sweet Dream design. A charming and personalized accessory. Shop now!\",\"breadcrumb\":{\"@id\":\"https:\/\/crudo-leather.com\/product\/kuromi-customized-925-sterling-silver-pendant-necklace-sweet-dream\/#breadcrumb\"},\"inLanguage\":\"en-US\",\"potentialAction\":[{\"@type\":\"ReadAction\",\"target\":[\"https:\/\/crudo-leather.com\/product\/kuromi-customized-925-sterling-silver-pendant-necklace-sweet-dream\/\"]}]},{\"@type\":\"ImageObject\",\"inLanguage\":\"en-US\",\"@id\":\"https:\/\/crudo-leather.com\/product\/kuromi-customized-925-sterling-silver-pendant-necklace-sweet-dream\/#primaryimage\",\"url\":\"https:\/\/crudo-leather.com\/wp-content\/uploads\/2025\/01\/KU_1.jpg\",\"contentUrl\":\"https:\/\/crudo-leather.com\/wp-content\/uploads\/2025\/01\/KU_1.jpg\",\"width\":2000,\"height\":2000},{\"@type\":\"BreadcrumbList\",\"@id\":\"https:\/\/crudo-leather.com\/product\/kuromi-customized-925-sterling-silver-pendant-necklace-sweet-dream\/#breadcrumb\",\"itemListElement\":[{\"@type\":\"ListItem\",\"position\":1,\"name\":\"Shop\",\"item\":\"https:\/\/crudo-leather.com\/shop\/\"},{\"@type\":\"ListItem\",\"position\":2,\"name\":\"Kuromi Customized 925 Sterling Silver Pendant Necklace\"}]},{\"@type\":\"WebSite\",\"@id\":\"https:\/\/crudo-leather.com\/#website\",\"url\":\"https:\/\/crudo-leather.com\/\",\"name\":\"Crudo\",\"description\":\"\",\"potentialAction\":[{\"@type\":\"SearchAction\",\"target\":{\"@type\":\"EntryPoint\",\"urlTemplate\":\"https:\/\/crudo-leather.com\/?s={search_term_string}\"},\"query-input\":{\"@type\":\"PropertyValueSpecification\",\"valueRequired\":true,\"valueName\":\"search_term_string\"}}],\"inLanguage\":\"en-US\"}]}<\/script>\n<!-- \/ Yoast SEO plugin. -->","yoast_head_json":{"title":"Crudo Kuromi Schlafanzug 925 Sterlingsilber Halskette","description":"Crudo Kuromi Limited Edition ma\u00dfgeschneiderte 925 Sterling Silber Anh\u00e4nger Halskette. Gute Nacht Pyjama, offiziell lizenziert, feine Gravur. Weltweiter Versand, ein Jahr Garantie. 48","robots":{"index":"index","follow":"follow","max-snippet":"max-snippet:-1","max-image-preview":"max-image-preview:large","max-video-preview":"max-video-preview:-1"},"canonical":"https:\/\/crudo-leather.com\/de\/product\/kuromi-customized-925-sterling-silver-pendant-necklace-sweet-dream\/","og_locale":"en_US","og_type":"article","og_title":"Crudo Kuromi Schlafanzug 925 Sterlingsilber Halskette","og_description":"Crudo Kuromi Limited Edition ma\u00dfgeschneiderte 925 Sterling Silber Anh\u00e4nger Halskette. Gute Nacht Pyjama, offiziell lizenziert, feine Gravur. Weltweiter Versand, ein Jahr Garantie. 48","og_url":"https:\/\/crudo-leather.com\/product\/kuromi-customized-925-sterling-silver-pendant-necklace-sweet-dream\/","og_site_name":"Crudo","article_modified_time":"2026-01-08T07:55:02+00:00","og_image":[{"width":2000,"height":2000,"url":"https:\/\/crudo-leather.com\/wp-content\/uploads\/2025\/01\/KU_1.jpg","type":"image\/jpeg"}],"twitter_card":"summary_large_image","twitter_misc":{"Est. reading time":"1 minute"},"schema":{"@context":"https:\/\/schema.org","@graph":[{"@type":"WebPage","@id":"https:\/\/crudo-leather.com\/product\/kuromi-customized-925-sterling-silver-pendant-necklace-sweet-dream\/","url":"https:\/\/crudo-leather.com\/product\/kuromi-customized-925-sterling-silver-pendant-necklace-sweet-dream\/","name":"Kuromi Customized 925 Sterling Silver Pendant Necklace - Sweet Dream","isPartOf":{"@id":"https:\/\/crudo-leather.com\/#website"},"primaryImageOfPage":{"@id":"https:\/\/crudo-leather.com\/product\/kuromi-customized-925-sterling-silver-pendant-necklace-sweet-dream\/#primaryimage"},"image":{"@id":"https:\/\/crudo-leather.com\/product\/kuromi-customized-925-sterling-silver-pendant-necklace-sweet-dream\/#primaryimage"},"thumbnailUrl":"https:\/\/crudo-leather.com\/wp-content\/uploads\/2025\/01\/KU_1.jpg","datePublished":"2025-01-10T07:44:14+00:00","dateModified":"2026-01-08T07:55:02+00:00","description":"Explore officially licensed Kuromi customized 925 sterling silver pendant necklace in Sweet Dream design. A charming and personalized accessory. Shop now!","breadcrumb":{"@id":"https:\/\/crudo-leather.com\/product\/kuromi-customized-925-sterling-silver-pendant-necklace-sweet-dream\/#breadcrumb"},"inLanguage":"en-US","potentialAction":[{"@type":"ReadAction","target":["https:\/\/crudo-leather.com\/product\/kuromi-customized-925-sterling-silver-pendant-necklace-sweet-dream\/"]}]},{"@type":"ImageObject","inLanguage":"en-US","@id":"https:\/\/crudo-leather.com\/product\/kuromi-customized-925-sterling-silver-pendant-necklace-sweet-dream\/#primaryimage","url":"https:\/\/crudo-leather.com\/wp-content\/uploads\/2025\/01\/KU_1.jpg","contentUrl":"https:\/\/crudo-leather.com\/wp-content\/uploads\/2025\/01\/KU_1.jpg","width":2000,"height":2000},{"@type":"BreadcrumbList","@id":"https:\/\/crudo-leather.com\/product\/kuromi-customized-925-sterling-silver-pendant-necklace-sweet-dream\/#breadcrumb","itemListElement":[{"@type":"ListItem","position":1,"name":"Shop","item":"https:\/\/crudo-leather.com\/shop\/"},{"@type":"ListItem","position":2,"name":"Kuromi Customized 925 Sterling Silver Pendant Necklace"}]},{"@type":"WebSite","@id":"https:\/\/crudo-leather.com\/#website","url":"https:\/\/crudo-leather.com\/","name":"Crudo","description":"","potentialAction":[{"@type":"SearchAction","target":{"@type":"EntryPoint","urlTemplate":"https:\/\/crudo-leather.com\/?s={search_term_string}"},"query-input":{"@type":"PropertyValueSpecification","valueRequired":true,"valueName":"search_term_string"}}],"inLanguage":"en-US"}]}},"_links":{"self":[{"href":"https:\/\/crudo-leather.com\/de\/wp-json\/wp\/v2\/product\/309356"}],"collection":[{"href":"https:\/\/crudo-leather.com\/de\/wp-json\/wp\/v2\/product"}],"about":[{"href":"https:\/\/crudo-leather.com\/de\/wp-json\/wp\/v2\/types\/product"}],"replies":[{"embeddable":true,"href":"https:\/\/crudo-leather.com\/de\/wp-json\/wp\/v2\/comments?post=309356"}],"wp:featuredmedia":[{"embeddable":true,"href":"https:\/\/crudo-leather.com\/de\/wp-json\/wp\/v2\/media\/309359"}],"wp:attachment":[{"href":"https:\/\/crudo-leather.com\/de\/wp-json\/wp\/v2\/media?parent=309356"}],"wp:term":[{"taxonomy":"collection","embeddable":true,"href":"https:\/\/crudo-leather.com\/de\/wp-json\/wp\/v2\/collection?post=309356"},{"taxonomy":"trending_cat","embeddable":true,"href":"https:\/\/crudo-leather.com\/de\/wp-json\/wp\/v2\/trending_cat?post=309356"},{"taxonomy":"product_cat","embeddable":true,"href":"https:\/\/crudo-leather.com\/de\/wp-json\/wp\/v2\/product_cat?post=309356"},{"taxonomy":"product_tag","embeddable":true,"href":"https:\/\/crudo-leather.com\/de\/wp-json\/wp\/v2\/product_tag?post=309356"}],"curies":[{"name":"wp","href":"https:\/\/api.w.org\/{rel}","templated":true}]}}