{"id":309824,"date":"2025-01-13T12:21:07","date_gmt":"2025-01-13T04:21:07","guid":{"rendered":"https:\/\/crudo-leather.com\/?post_type=product&#038;p=309824"},"modified":"2026-03-18T17:51:13","modified_gmt":"2026-03-18T09:51:13","slug":"cinnamoroll-customized-925-sterling-silver-pendant-necklace-shy-face-heart-shaped","status":"publish","type":"product","link":"https:\/\/crudo-leather.com\/de\/product\/cinnamoroll-customized-925-sterling-silver-pendant-necklace-shy-face-heart-shaped\/","title":{"rendered":"Cinnamoroll Limited Edition personalisierte 925 Sterling Silber Anh\u00e4nger Halskette"},"content":{"rendered":"","protected":false},"excerpt":{"rendered":"<u><strong>Cinnamoroll x Crudo\n<\/strong><\/u><span data-contrast=\"auto\">Es gibt so viele interessante Dinge im Leben, genau wie Cinnamoroll, entdecke die Dinge, die du liebst! Eine Reihe von<\/span><span data-contrast=\"auto\"> Cinnamoroll <\/span><span data-contrast=\"auto\">925 <\/span><span data-contrast=\"auto\">Silberanh\u00e4ngern<\/span><span data-contrast=\"auto\">, innovatives Design mit<\/span><span data-contrast=\"auto\">Emaille und<\/span><span data-contrast=\"auto\">Strasssteinen verziert, um die<\/span><span data-contrast=\"auto\">Halskette<\/span><span data-contrast=\"auto\"> in ihrer Textur und Eleganz zu veredeln.<\/span><span data-ccp-props=\"{}\">\u00a0<\/span>\n\n<span data-ccp-props=\"{}\">\u00a0<\/span><b><span data-contrast=\"auto\">Klicke auf \"Zum Warenkorb hinzuf\u00fcgen und gestalten\", um deine Gravur zu entwerfen<\/span><\/b><span data-ccp-props=\"{}\">\n<\/span><span data-contrast=\"auto\">- Offiziell lizenzierte Sanrio-Produkte\u00a0<\/span><span data-ccp-props=\"{}\">\n<\/span><span data-contrast=\"auto\">- <span class=\"TextRun SCXW87961870 BCX0\" lang=\"EN-US\" xml:lang=\"EN-US\" data-contrast=\"auto\"><span class=\"NormalTextRun SCXW87961870 BCX0\">Jedes<\/span> <\/span><span class=\"TextRun Highlight SCXW87961870 BCX0\" lang=\"EN-US\" xml:lang=\"EN-US\" data-contrast=\"auto\"><span class=\"NormalTextRun SCXW87961870 BCX0\">Cinnamoroll<\/span> <span class=\"NormalTextRun SCXW87961870 BCX0\">925 Silber<\/span><\/span><span class=\"TextRun Highlight SCXW87961870 BCX0\" lang=\"JA-JP\" xml:lang=\"JA-JP\" data-contrast=\"auto\"><span class=\"NormalTextRun SCXW87961870 BCX0\">kleiner Anh\u00e4nger<\/span><span class=\"NormalTextRun SCXW87961870 BCX0\">Halskette<\/span><\/span><span class=\"TextRun SCXW87961870 BCX0\" lang=\"EN-US\" xml:lang=\"EN-US\" data-contrast=\"auto\"><span class=\"NormalTextRun SCXW87961870 BCX0\">\u00a0<\/span><\/span><\/span><span data-contrast=\"auto\">\u00a0\u00a0<\/span><span data-ccp-props=\"{}\">\n<\/span><span data-contrast=\"auto\">- 925 Sterlingsilber-Anh\u00e4nger mit verschiedenen Formen von Strasssteinen und emaillierten Akzenten f\u00fcr Cinnamorolls <\/span><span data-contrast=\"auto\">charakteristische rosige Wangen, um den traumhaften Look zu veredeln\u00a0<\/span><span data-ccp-props=\"{}\">\n<\/span><span data-contrast=\"auto\">- Beim Kauf einer<\/span><span data-contrast=\"auto\"> Cinnamoroll Special Edition<\/span><span data-contrast=\"auto\">Anh\u00e4ngerhalskette<\/span><span data-contrast=\"auto\"> erhalten Sie eine limitierte Geschenkbox mit einem Set von acht Aufklebern und einer abziehbaren Gru\u00dfkarte (inklusive Geschenkkarte und Produktgarantie)<\/span><span data-ccp-props=\"{}\">\n<\/span><span data-contrast=\"none\">- Kostenloser Gravurservice, verschiedene Schriftarten zur Auswahl<\/span><span data-ccp-props=\"{}\">\n<\/span><span data-contrast=\"none\">- Verstellbare Verschlussdesign, passt sich perfekt Ihren Tragebed\u00fcrfnissen an<\/span><span data-ccp-props=\"{}\">\n<\/span><span data-contrast=\"none\">- 925 Silber ist abriebfest und verblasst nicht leicht<\/span><span data-ccp-props=\"{}\">\n<\/span><span data-contrast=\"none\">- Glitzernde Kettenglieder-Design, betont die Eleganz und Sch\u00f6nheit der Halskette<\/span><span data-ccp-props=\"{}\">\u00a0<\/span>\n\n<span data-ccp-props=\"{}\">\u00a0<\/span><b><span data-contrast=\"none\">Herstellungszeit und Versanddetails<\/span><\/b><span data-ccp-props=\"{}\">\n<\/span><span data-contrast=\"none\">- Jedes Produkt ben\u00f6tigt nur 1-5 Werktage zur Fertigstellung<\/span><span data-ccp-props=\"{}\">\n<\/span><span data-contrast=\"none\">- Bestellungen von heute k\u00f6nnen bereits morgen versendet werden<\/span><span data-ccp-props=\"{}\">\n<\/span><span data-contrast=\"none\">- Nur erh\u00e4ltlich in Hongkong, Macau, Festlandchina, Japan, S\u00fcdkorea und S\u00fcdamerika (au\u00dfer Panama)<\/span><span data-ccp-props=\"{}\">\u00a0<\/span><u><\/u>","protected":false},"featured_media":309363,"comment_status":"open","ping_status":"closed","template":"","meta":{"inline_featured_image":false},"collection":[],"trending_cat":[],"product_cat":[85],"product_tag":[2590,32],"class_list":{"0":"post-309824","1":"product","2":"type-product","3":"status-publish","4":"has-post-thumbnail","6":"product_cat-925-silver-necklace","7":"product_tag-cinnamoroll","8":"product_tag-sanrio-characters","10":"first","11":"instock","12":"sale","13":"shipping-taxable","14":"purchasable","15":"product-type-variable"},"yoast_head":"<!-- This site is optimized with the Yoast SEO plugin v23.4 - https:\/\/yoast.com\/wordpress\/plugins\/seo\/ -->\n<title>Crudo Cinnamoroll 925 Silber Herz Anh\u00e4nger Halskette - Sch\u00fcchterner Ausdruck<\/title>\n<meta name=\"description\" content=\"Entdecken Sie das Crudo x Cinnamoroll 925 Sterlingsilber Herz-Anh\u00e4nger Halskette mit sch\u00fcchternem Gesichtsdesign. Personalisierte Gravur m\u00f6glich, um Ihren einzigartigen und niedlichen Stil zu zeigen. Jetzt kaufen und Ihrem Schmuck Spa\u00df und Pers\u00f6nlichkeit verleihen.\" \/>\n<meta name=\"robots\" content=\"index, follow, max-snippet:-1, max-image-preview:large, max-video-preview:-1\" \/>\n<link rel=\"canonical\" href=\"https:\/\/crudo-leather.com\/de\/product\/cinnamoroll-customized-925-sterling-silver-pendant-necklace-shy-face-heart-shaped\/\" \/>\n<meta property=\"og:locale\" content=\"en_US\" \/>\n<meta property=\"og:type\" content=\"article\" \/>\n<meta property=\"og:title\" content=\"Crudo Cinnamoroll 925 Silber Herz Anh\u00e4nger Halskette - Sch\u00fcchterner Ausdruck\" \/>\n<meta property=\"og:description\" content=\"Entdecken Sie das Crudo x Cinnamoroll 925 Sterlingsilber Herz-Anh\u00e4nger Halskette mit sch\u00fcchternem Gesichtsdesign. Personalisierte Gravur m\u00f6glich, um Ihren einzigartigen und niedlichen Stil zu zeigen. Jetzt kaufen und Ihrem Schmuck Spa\u00df und Pers\u00f6nlichkeit verleihen.\" \/>\n<meta property=\"og:url\" content=\"https:\/\/crudo-leather.com\/product\/cinnamoroll-customized-925-sterling-silver-pendant-necklace-shy-face-heart-shaped\/\" \/>\n<meta property=\"og:site_name\" content=\"Crudo\" \/>\n<meta property=\"article:modified_time\" content=\"2026-03-18T09:51:13+00:00\" \/>\n<meta property=\"og:image\" content=\"https:\/\/crudo-leather.com\/wp-content\/uploads\/2025\/01\/CN_1.jpg\" \/>\n\t<meta property=\"og:image:width\" content=\"2000\" \/>\n\t<meta property=\"og:image:height\" content=\"2000\" \/>\n\t<meta property=\"og:image:type\" content=\"image\/jpeg\" \/>\n<meta name=\"twitter:card\" content=\"summary_large_image\" \/>\n<meta name=\"twitter:label1\" content=\"Est. reading time\" \/>\n\t<meta name=\"twitter:data1\" content=\"1 minute\" \/>\n<script type=\"application\/ld+json\" class=\"yoast-schema-graph\">{\"@context\":\"https:\/\/schema.org\",\"@graph\":[{\"@type\":\"WebPage\",\"@id\":\"https:\/\/crudo-leather.com\/product\/cinnamoroll-customized-925-sterling-silver-pendant-necklace-shy-face-heart-shaped\/\",\"url\":\"https:\/\/crudo-leather.com\/product\/cinnamoroll-customized-925-sterling-silver-pendant-necklace-shy-face-heart-shaped\/\",\"name\":\"Cinnamoroll Customized 925 Sterling Silver Pendant Necklace - Shy Face Heart Shaped\",\"isPartOf\":{\"@id\":\"https:\/\/crudo-leather.com\/#website\"},\"primaryImageOfPage\":{\"@id\":\"https:\/\/crudo-leather.com\/product\/cinnamoroll-customized-925-sterling-silver-pendant-necklace-shy-face-heart-shaped\/#primaryimage\"},\"image\":{\"@id\":\"https:\/\/crudo-leather.com\/product\/cinnamoroll-customized-925-sterling-silver-pendant-necklace-shy-face-heart-shaped\/#primaryimage\"},\"thumbnailUrl\":\"https:\/\/crudo-leather.com\/wp-content\/uploads\/2025\/01\/CN_1.jpg\",\"datePublished\":\"2025-01-13T04:21:07+00:00\",\"dateModified\":\"2026-03-18T09:51:13+00:00\",\"description\":\"Explore officially licensed Cinnamoroll customized 925 sterling silver pendant necklace in Shy Face Heart Shaped design. A charming and personalized accessory. Shop now!\",\"breadcrumb\":{\"@id\":\"https:\/\/crudo-leather.com\/product\/cinnamoroll-customized-925-sterling-silver-pendant-necklace-shy-face-heart-shaped\/#breadcrumb\"},\"inLanguage\":\"en-US\",\"potentialAction\":[{\"@type\":\"ReadAction\",\"target\":[\"https:\/\/crudo-leather.com\/product\/cinnamoroll-customized-925-sterling-silver-pendant-necklace-shy-face-heart-shaped\/\"]}]},{\"@type\":\"ImageObject\",\"inLanguage\":\"en-US\",\"@id\":\"https:\/\/crudo-leather.com\/product\/cinnamoroll-customized-925-sterling-silver-pendant-necklace-shy-face-heart-shaped\/#primaryimage\",\"url\":\"https:\/\/crudo-leather.com\/wp-content\/uploads\/2025\/01\/CN_1.jpg\",\"contentUrl\":\"https:\/\/crudo-leather.com\/wp-content\/uploads\/2025\/01\/CN_1.jpg\",\"width\":2000,\"height\":2000},{\"@type\":\"BreadcrumbList\",\"@id\":\"https:\/\/crudo-leather.com\/product\/cinnamoroll-customized-925-sterling-silver-pendant-necklace-shy-face-heart-shaped\/#breadcrumb\",\"itemListElement\":[{\"@type\":\"ListItem\",\"position\":1,\"name\":\"Shop\",\"item\":\"https:\/\/crudo-leather.com\/shop\/\"},{\"@type\":\"ListItem\",\"position\":2,\"name\":\"Cinnamoroll Customized 925 Sterling Silver Pendant Necklace\"}]},{\"@type\":\"WebSite\",\"@id\":\"https:\/\/crudo-leather.com\/#website\",\"url\":\"https:\/\/crudo-leather.com\/\",\"name\":\"Crudo\",\"description\":\"\",\"potentialAction\":[{\"@type\":\"SearchAction\",\"target\":{\"@type\":\"EntryPoint\",\"urlTemplate\":\"https:\/\/crudo-leather.com\/?s={search_term_string}\"},\"query-input\":{\"@type\":\"PropertyValueSpecification\",\"valueRequired\":true,\"valueName\":\"search_term_string\"}}],\"inLanguage\":\"en-US\"}]}<\/script>\n<!-- \/ Yoast SEO plugin. -->","yoast_head_json":{"title":"Crudo Cinnamoroll 925 Silber Herz Anh\u00e4nger Halskette - Sch\u00fcchterner Ausdruck","description":"Entdecken Sie das Crudo x Cinnamoroll 925 Sterlingsilber Herz-Anh\u00e4nger Halskette mit sch\u00fcchternem Gesichtsdesign. Personalisierte Gravur m\u00f6glich, um Ihren einzigartigen und niedlichen Stil zu zeigen. Jetzt kaufen und Ihrem Schmuck Spa\u00df und Pers\u00f6nlichkeit verleihen.","robots":{"index":"index","follow":"follow","max-snippet":"max-snippet:-1","max-image-preview":"max-image-preview:large","max-video-preview":"max-video-preview:-1"},"canonical":"https:\/\/crudo-leather.com\/de\/product\/cinnamoroll-customized-925-sterling-silver-pendant-necklace-shy-face-heart-shaped\/","og_locale":"en_US","og_type":"article","og_title":"Crudo Cinnamoroll 925 Silber Herz Anh\u00e4nger Halskette - Sch\u00fcchterner Ausdruck","og_description":"Entdecken Sie das Crudo x Cinnamoroll 925 Sterlingsilber Herz-Anh\u00e4nger Halskette mit sch\u00fcchternem Gesichtsdesign. Personalisierte Gravur m\u00f6glich, um Ihren einzigartigen und niedlichen Stil zu zeigen. Jetzt kaufen und Ihrem Schmuck Spa\u00df und Pers\u00f6nlichkeit verleihen.","og_url":"https:\/\/crudo-leather.com\/product\/cinnamoroll-customized-925-sterling-silver-pendant-necklace-shy-face-heart-shaped\/","og_site_name":"Crudo","article_modified_time":"2026-03-18T09:51:13+00:00","og_image":[{"width":2000,"height":2000,"url":"https:\/\/crudo-leather.com\/wp-content\/uploads\/2025\/01\/CN_1.jpg","type":"image\/jpeg"}],"twitter_card":"summary_large_image","twitter_misc":{"Est. reading time":"1 minute"},"schema":{"@context":"https:\/\/schema.org","@graph":[{"@type":"WebPage","@id":"https:\/\/crudo-leather.com\/product\/cinnamoroll-customized-925-sterling-silver-pendant-necklace-shy-face-heart-shaped\/","url":"https:\/\/crudo-leather.com\/product\/cinnamoroll-customized-925-sterling-silver-pendant-necklace-shy-face-heart-shaped\/","name":"Cinnamoroll Customized 925 Sterling Silver Pendant Necklace - Shy Face Heart Shaped","isPartOf":{"@id":"https:\/\/crudo-leather.com\/#website"},"primaryImageOfPage":{"@id":"https:\/\/crudo-leather.com\/product\/cinnamoroll-customized-925-sterling-silver-pendant-necklace-shy-face-heart-shaped\/#primaryimage"},"image":{"@id":"https:\/\/crudo-leather.com\/product\/cinnamoroll-customized-925-sterling-silver-pendant-necklace-shy-face-heart-shaped\/#primaryimage"},"thumbnailUrl":"https:\/\/crudo-leather.com\/wp-content\/uploads\/2025\/01\/CN_1.jpg","datePublished":"2025-01-13T04:21:07+00:00","dateModified":"2026-03-18T09:51:13+00:00","description":"Explore officially licensed Cinnamoroll customized 925 sterling silver pendant necklace in Shy Face Heart Shaped design. A charming and personalized accessory. Shop now!","breadcrumb":{"@id":"https:\/\/crudo-leather.com\/product\/cinnamoroll-customized-925-sterling-silver-pendant-necklace-shy-face-heart-shaped\/#breadcrumb"},"inLanguage":"en-US","potentialAction":[{"@type":"ReadAction","target":["https:\/\/crudo-leather.com\/product\/cinnamoroll-customized-925-sterling-silver-pendant-necklace-shy-face-heart-shaped\/"]}]},{"@type":"ImageObject","inLanguage":"en-US","@id":"https:\/\/crudo-leather.com\/product\/cinnamoroll-customized-925-sterling-silver-pendant-necklace-shy-face-heart-shaped\/#primaryimage","url":"https:\/\/crudo-leather.com\/wp-content\/uploads\/2025\/01\/CN_1.jpg","contentUrl":"https:\/\/crudo-leather.com\/wp-content\/uploads\/2025\/01\/CN_1.jpg","width":2000,"height":2000},{"@type":"BreadcrumbList","@id":"https:\/\/crudo-leather.com\/product\/cinnamoroll-customized-925-sterling-silver-pendant-necklace-shy-face-heart-shaped\/#breadcrumb","itemListElement":[{"@type":"ListItem","position":1,"name":"Shop","item":"https:\/\/crudo-leather.com\/shop\/"},{"@type":"ListItem","position":2,"name":"Cinnamoroll Customized 925 Sterling Silver Pendant Necklace"}]},{"@type":"WebSite","@id":"https:\/\/crudo-leather.com\/#website","url":"https:\/\/crudo-leather.com\/","name":"Crudo","description":"","potentialAction":[{"@type":"SearchAction","target":{"@type":"EntryPoint","urlTemplate":"https:\/\/crudo-leather.com\/?s={search_term_string}"},"query-input":{"@type":"PropertyValueSpecification","valueRequired":true,"valueName":"search_term_string"}}],"inLanguage":"en-US"}]}},"_links":{"self":[{"href":"https:\/\/crudo-leather.com\/de\/wp-json\/wp\/v2\/product\/309824"}],"collection":[{"href":"https:\/\/crudo-leather.com\/de\/wp-json\/wp\/v2\/product"}],"about":[{"href":"https:\/\/crudo-leather.com\/de\/wp-json\/wp\/v2\/types\/product"}],"replies":[{"embeddable":true,"href":"https:\/\/crudo-leather.com\/de\/wp-json\/wp\/v2\/comments?post=309824"}],"wp:featuredmedia":[{"embeddable":true,"href":"https:\/\/crudo-leather.com\/de\/wp-json\/wp\/v2\/media\/309363"}],"wp:attachment":[{"href":"https:\/\/crudo-leather.com\/de\/wp-json\/wp\/v2\/media?parent=309824"}],"wp:term":[{"taxonomy":"collection","embeddable":true,"href":"https:\/\/crudo-leather.com\/de\/wp-json\/wp\/v2\/collection?post=309824"},{"taxonomy":"trending_cat","embeddable":true,"href":"https:\/\/crudo-leather.com\/de\/wp-json\/wp\/v2\/trending_cat?post=309824"},{"taxonomy":"product_cat","embeddable":true,"href":"https:\/\/crudo-leather.com\/de\/wp-json\/wp\/v2\/product_cat?post=309824"},{"taxonomy":"product_tag","embeddable":true,"href":"https:\/\/crudo-leather.com\/de\/wp-json\/wp\/v2\/product_tag?post=309824"}],"curies":[{"name":"wp","href":"https:\/\/api.w.org\/{rel}","templated":true}]}}