{"id":310802,"date":"2025-01-17T15:47:11","date_gmt":"2025-01-17T07:47:11","guid":{"rendered":"https:\/\/crudo-leather.com\/?post_type=product&#038;p=310802"},"modified":"2025-09-15T16:31:08","modified_gmt":"2025-09-15T08:31:08","slug":"crayon-shinchan-uv-printed-customized-women-compact-wallet-saffiano-mauve","status":"publish","type":"product","link":"https:\/\/crudo-leather.com\/de\/product\/crayon-shinchan-uv-printed-customized-women-compact-wallet-saffiano-mauve\/","title":{"rendered":"Crayon Shinchan Limited Edition UV-Druck personalisiertes Rei\u00dfverschluss-Lederportemonnaie"},"content":{"rendered":"","protected":false},"excerpt":{"rendered":"** Nach Auswahl des Produkts und Klicken auf \"Zum Warenkorb hinzuf\u00fcgen und gestalten\" w\u00e4hlen Sie bitte auf der Gestaltungsseite mindestens ein spezielles Crayon Shinchan-Motiv aus, um die UV-Druckanpassung abzuschlie\u00dfen und das Crayon Shinchan-Geschenkset zu verbessern. **\n\n<ins><strong>Crayon Shinchan x Crudo<\/strong><\/ins>\n\nDie Kombination aus Crudos exklusiver UV-Drucktechnik und dem verspielten Image von Crayon Shinchan erm\u00f6glicht es, Shinchan mit hoher Pr\u00e4zision und Detailtreue auf Leder zu drucken. Dadurch werden die Motive farbenfroher und detailreicher, perfekt f\u00fcr Shinchans niedliches Aussehen. Dies verleiht Ihren Lederprodukten Leben und macht sie zu einem Teil Ihres Alltags.\n\n- Offiziell lizenzierte Crayon Shinchan-Produkte aus Japan\n- Bis zu 25 spezielle Crayon Shinchan-Motive zur Auswahl, die zusammen mit Ihrem personalisierten Signatur-UV-Druck auf dem Lederportemonnaie erscheinen\n- Beim Kauf eines limitierten Crayon Shinchan-Lederportemonnaies erhalten Sie ein Crayon Shinchan-Geschenkset mit abziehbarer Gru\u00dfkarte\n- Hergestellt aus 100 % italienischem Kreuznarben-Vollrindleder\n- Handgeschliffen und -verarbeitet\n\n<strong>F\u00e4cher (6CC)<\/strong>\n- 6 Kreditkartenf\u00e4cher\n- 1 M\u00fcnzfach\n- 1 Geldscheinfach\n\n<strong>Produktionszeit und Versanddetails<\/strong>\n- Jedes Produkt ben\u00f6tigt nur 1-5 Werktage zur Fertigstellung\n- Bei Bestellung heute kann es bereits morgen versendet werden\n- Nur in Hongkong, Taiwan und Macau erh\u00e4ltlich","protected":false},"featured_media":310807,"comment_status":"open","ping_status":"closed","template":"","meta":{"inline_featured_image":false},"collection":[],"trending_cat":[],"product_cat":[2373],"product_tag":[101],"class_list":{"0":"post-310802","1":"product","2":"type-product","3":"status-publish","4":"has-post-thumbnail","6":"product_cat-wallets","7":"product_tag-crayon-shinchan","9":"first","10":"instock","11":"sale","12":"shipping-taxable","13":"purchasable","14":"product-type-variable"},"yoast_head":"<!-- This site is optimized with the Yoast SEO plugin v23.4 - https:\/\/yoast.com\/wordpress\/plugins\/seo\/ -->\n<title>Crudo Kuromi Kollektion: Amethyst Leder Edelstein Armband<\/title>\n<meta name=\"description\" content=\"Crudo Kuromi Limited Edition ma\u00dfgeschneidertes geflochtenes Leder Edelsteinarmband, Lavendelviolett mit Amethyst. Sanrio lizenziert, kostenlose Gravur, inklusive exklusiver Geschenkbox.\" \/>\n<meta name=\"robots\" content=\"index, follow, max-snippet:-1, max-image-preview:large, max-video-preview:-1\" \/>\n<link rel=\"canonical\" href=\"https:\/\/crudo-leather.com\/de\/product\/crayon-shinchan-uv-printed-customized-women-compact-wallet-saffiano-mauve\/\" \/>\n<meta property=\"og:locale\" content=\"en_US\" \/>\n<meta property=\"og:type\" content=\"article\" \/>\n<meta property=\"og:title\" content=\"Crudo Kuromi Kollektion: Amethyst Leder Edelstein Armband\" \/>\n<meta property=\"og:description\" content=\"Crudo Kuromi Limited Edition ma\u00dfgeschneidertes geflochtenes Leder Edelsteinarmband, Lavendelviolett mit Amethyst. Sanrio lizenziert, kostenlose Gravur, inklusive exklusiver Geschenkbox.\" \/>\n<meta property=\"og:url\" content=\"https:\/\/crudo-leather.com\/product\/crayon-shinchan-uv-printed-customized-women-compact-wallet-saffiano-mauve\/\" \/>\n<meta property=\"og:site_name\" content=\"Crudo\" \/>\n<meta property=\"article:modified_time\" content=\"2025-09-15T08:31:08+00:00\" \/>\n<meta property=\"og:image\" content=\"https:\/\/crudo-leather.com\/wp-content\/uploads\/2025\/01\/CSC_WSW14_WBG_PUE_1.jpg\" \/>\n\t<meta property=\"og:image:width\" content=\"2000\" \/>\n\t<meta property=\"og:image:height\" content=\"2000\" \/>\n\t<meta property=\"og:image:type\" content=\"image\/jpeg\" \/>\n<meta name=\"twitter:card\" content=\"summary_large_image\" \/>\n<meta name=\"twitter:label1\" content=\"Est. reading time\" \/>\n\t<meta name=\"twitter:data1\" content=\"1 minute\" \/>\n<script type=\"application\/ld+json\" class=\"yoast-schema-graph\">{\"@context\":\"https:\/\/schema.org\",\"@graph\":[{\"@type\":\"WebPage\",\"@id\":\"https:\/\/crudo-leather.com\/product\/crayon-shinchan-uv-printed-customized-women-compact-wallet-saffiano-mauve\/\",\"url\":\"https:\/\/crudo-leather.com\/product\/crayon-shinchan-uv-printed-customized-women-compact-wallet-saffiano-mauve\/\",\"name\":\"Crayon Shinchan UV Printed Women Compact Wallet - Saffiano Mauve\",\"isPartOf\":{\"@id\":\"https:\/\/crudo-leather.com\/#website\"},\"primaryImageOfPage\":{\"@id\":\"https:\/\/crudo-leather.com\/product\/crayon-shinchan-uv-printed-customized-women-compact-wallet-saffiano-mauve\/#primaryimage\"},\"image\":{\"@id\":\"https:\/\/crudo-leather.com\/product\/crayon-shinchan-uv-printed-customized-women-compact-wallet-saffiano-mauve\/#primaryimage\"},\"thumbnailUrl\":\"https:\/\/crudo-leather.com\/wp-content\/uploads\/2025\/01\/CSC_WSW14_WBG_PUE_1.jpg\",\"datePublished\":\"2025-01-17T07:47:11+00:00\",\"dateModified\":\"2025-09-15T08:31:08+00:00\",\"description\":\"Get the officially licensed Crayon Shinchan UV printed women compact wallet. Saffiano mauve, sleek & practical. Free engraving & luxury gift box. Keep your essentials organized. Shop now!\",\"breadcrumb\":{\"@id\":\"https:\/\/crudo-leather.com\/product\/crayon-shinchan-uv-printed-customized-women-compact-wallet-saffiano-mauve\/#breadcrumb\"},\"inLanguage\":\"en-US\",\"potentialAction\":[{\"@type\":\"ReadAction\",\"target\":[\"https:\/\/crudo-leather.com\/product\/crayon-shinchan-uv-printed-customized-women-compact-wallet-saffiano-mauve\/\"]}]},{\"@type\":\"ImageObject\",\"inLanguage\":\"en-US\",\"@id\":\"https:\/\/crudo-leather.com\/product\/crayon-shinchan-uv-printed-customized-women-compact-wallet-saffiano-mauve\/#primaryimage\",\"url\":\"https:\/\/crudo-leather.com\/wp-content\/uploads\/2025\/01\/CSC_WSW14_WBG_PUE_1.jpg\",\"contentUrl\":\"https:\/\/crudo-leather.com\/wp-content\/uploads\/2025\/01\/CSC_WSW14_WBG_PUE_1.jpg\",\"width\":2000,\"height\":2000},{\"@type\":\"BreadcrumbList\",\"@id\":\"https:\/\/crudo-leather.com\/product\/crayon-shinchan-uv-printed-customized-women-compact-wallet-saffiano-mauve\/#breadcrumb\",\"itemListElement\":[{\"@type\":\"ListItem\",\"position\":1,\"name\":\"Shop\",\"item\":\"https:\/\/crudo-leather.com\/shop\/\"},{\"@type\":\"ListItem\",\"position\":2,\"name\":\"Crayon Shinchan UV Printed Customized Compact Wallet\"}]},{\"@type\":\"WebSite\",\"@id\":\"https:\/\/crudo-leather.com\/#website\",\"url\":\"https:\/\/crudo-leather.com\/\",\"name\":\"Crudo\",\"description\":\"\",\"potentialAction\":[{\"@type\":\"SearchAction\",\"target\":{\"@type\":\"EntryPoint\",\"urlTemplate\":\"https:\/\/crudo-leather.com\/?s={search_term_string}\"},\"query-input\":{\"@type\":\"PropertyValueSpecification\",\"valueRequired\":true,\"valueName\":\"search_term_string\"}}],\"inLanguage\":\"en-US\"}]}<\/script>\n<!-- \/ Yoast SEO plugin. -->","yoast_head_json":{"title":"Crudo Kuromi Kollektion: Amethyst Leder Edelstein Armband","description":"Crudo Kuromi Limited Edition ma\u00dfgeschneidertes geflochtenes Leder Edelsteinarmband, Lavendelviolett mit Amethyst. Sanrio lizenziert, kostenlose Gravur, inklusive exklusiver Geschenkbox.","robots":{"index":"index","follow":"follow","max-snippet":"max-snippet:-1","max-image-preview":"max-image-preview:large","max-video-preview":"max-video-preview:-1"},"canonical":"https:\/\/crudo-leather.com\/de\/product\/crayon-shinchan-uv-printed-customized-women-compact-wallet-saffiano-mauve\/","og_locale":"en_US","og_type":"article","og_title":"Crudo Kuromi Kollektion: Amethyst Leder Edelstein Armband","og_description":"Crudo Kuromi Limited Edition ma\u00dfgeschneidertes geflochtenes Leder Edelsteinarmband, Lavendelviolett mit Amethyst. Sanrio lizenziert, kostenlose Gravur, inklusive exklusiver Geschenkbox.","og_url":"https:\/\/crudo-leather.com\/product\/crayon-shinchan-uv-printed-customized-women-compact-wallet-saffiano-mauve\/","og_site_name":"Crudo","article_modified_time":"2025-09-15T08:31:08+00:00","og_image":[{"width":2000,"height":2000,"url":"https:\/\/crudo-leather.com\/wp-content\/uploads\/2025\/01\/CSC_WSW14_WBG_PUE_1.jpg","type":"image\/jpeg"}],"twitter_card":"summary_large_image","twitter_misc":{"Est. reading time":"1 minute"},"schema":{"@context":"https:\/\/schema.org","@graph":[{"@type":"WebPage","@id":"https:\/\/crudo-leather.com\/product\/crayon-shinchan-uv-printed-customized-women-compact-wallet-saffiano-mauve\/","url":"https:\/\/crudo-leather.com\/product\/crayon-shinchan-uv-printed-customized-women-compact-wallet-saffiano-mauve\/","name":"Crayon Shinchan UV Printed Women Compact Wallet - Saffiano Mauve","isPartOf":{"@id":"https:\/\/crudo-leather.com\/#website"},"primaryImageOfPage":{"@id":"https:\/\/crudo-leather.com\/product\/crayon-shinchan-uv-printed-customized-women-compact-wallet-saffiano-mauve\/#primaryimage"},"image":{"@id":"https:\/\/crudo-leather.com\/product\/crayon-shinchan-uv-printed-customized-women-compact-wallet-saffiano-mauve\/#primaryimage"},"thumbnailUrl":"https:\/\/crudo-leather.com\/wp-content\/uploads\/2025\/01\/CSC_WSW14_WBG_PUE_1.jpg","datePublished":"2025-01-17T07:47:11+00:00","dateModified":"2025-09-15T08:31:08+00:00","description":"Get the officially licensed Crayon Shinchan UV printed women compact wallet. Saffiano mauve, sleek & practical. Free engraving & luxury gift box. Keep your essentials organized. Shop now!","breadcrumb":{"@id":"https:\/\/crudo-leather.com\/product\/crayon-shinchan-uv-printed-customized-women-compact-wallet-saffiano-mauve\/#breadcrumb"},"inLanguage":"en-US","potentialAction":[{"@type":"ReadAction","target":["https:\/\/crudo-leather.com\/product\/crayon-shinchan-uv-printed-customized-women-compact-wallet-saffiano-mauve\/"]}]},{"@type":"ImageObject","inLanguage":"en-US","@id":"https:\/\/crudo-leather.com\/product\/crayon-shinchan-uv-printed-customized-women-compact-wallet-saffiano-mauve\/#primaryimage","url":"https:\/\/crudo-leather.com\/wp-content\/uploads\/2025\/01\/CSC_WSW14_WBG_PUE_1.jpg","contentUrl":"https:\/\/crudo-leather.com\/wp-content\/uploads\/2025\/01\/CSC_WSW14_WBG_PUE_1.jpg","width":2000,"height":2000},{"@type":"BreadcrumbList","@id":"https:\/\/crudo-leather.com\/product\/crayon-shinchan-uv-printed-customized-women-compact-wallet-saffiano-mauve\/#breadcrumb","itemListElement":[{"@type":"ListItem","position":1,"name":"Shop","item":"https:\/\/crudo-leather.com\/shop\/"},{"@type":"ListItem","position":2,"name":"Crayon Shinchan UV Printed Customized Compact Wallet"}]},{"@type":"WebSite","@id":"https:\/\/crudo-leather.com\/#website","url":"https:\/\/crudo-leather.com\/","name":"Crudo","description":"","potentialAction":[{"@type":"SearchAction","target":{"@type":"EntryPoint","urlTemplate":"https:\/\/crudo-leather.com\/?s={search_term_string}"},"query-input":{"@type":"PropertyValueSpecification","valueRequired":true,"valueName":"search_term_string"}}],"inLanguage":"en-US"}]}},"_links":{"self":[{"href":"https:\/\/crudo-leather.com\/de\/wp-json\/wp\/v2\/product\/310802"}],"collection":[{"href":"https:\/\/crudo-leather.com\/de\/wp-json\/wp\/v2\/product"}],"about":[{"href":"https:\/\/crudo-leather.com\/de\/wp-json\/wp\/v2\/types\/product"}],"replies":[{"embeddable":true,"href":"https:\/\/crudo-leather.com\/de\/wp-json\/wp\/v2\/comments?post=310802"}],"wp:featuredmedia":[{"embeddable":true,"href":"https:\/\/crudo-leather.com\/de\/wp-json\/wp\/v2\/media\/310807"}],"wp:attachment":[{"href":"https:\/\/crudo-leather.com\/de\/wp-json\/wp\/v2\/media?parent=310802"}],"wp:term":[{"taxonomy":"collection","embeddable":true,"href":"https:\/\/crudo-leather.com\/de\/wp-json\/wp\/v2\/collection?post=310802"},{"taxonomy":"trending_cat","embeddable":true,"href":"https:\/\/crudo-leather.com\/de\/wp-json\/wp\/v2\/trending_cat?post=310802"},{"taxonomy":"product_cat","embeddable":true,"href":"https:\/\/crudo-leather.com\/de\/wp-json\/wp\/v2\/product_cat?post=310802"},{"taxonomy":"product_tag","embeddable":true,"href":"https:\/\/crudo-leather.com\/de\/wp-json\/wp\/v2\/product_tag?post=310802"}],"curies":[{"name":"wp","href":"https:\/\/api.w.org\/{rel}","templated":true}]}}