{"id":3130,"date":"2024-08-01T14:26:01","date_gmt":"2024-08-01T06:26:01","guid":{"rendered":"https:\/\/crudo-leather.com\/product\/ricordi-italian-leather-wrap-bracelet-gemstone-edition-blossom-pink-rose-quartz-rose-gold-edition\/"},"modified":"2026-03-18T17:05:04","modified_gmt":"2026-03-18T09:05:04","slug":"ricordi-italian-leather-wrap-bracelet-gemstone-edition-blossom-pink-rose-quartz-rose-gold-edition","status":"publish","type":"product","link":"https:\/\/crudo-leather.com\/de\/product\/ricordi-italian-leather-wrap-bracelet-gemstone-edition-blossom-pink-rose-quartz-rose-gold-edition\/","title":{"rendered":"Ricordi Italienisches geflochtenes Lederarmband \u2013 Edelsteine Limited Edition"},"content":{"rendered":"","protected":false},"excerpt":{"rendered":"<strong>Rosenquarz \u2013 Unendliche Liebe von einem geliebten Menschen<\/strong>\n\nDie rosa Farbe des Rosenquarzes ist die Farbe der Ehe und die Liebesfarbe des Liebesgottes, daher wird Rosenquarz auch als \"Liebesstein\" bezeichnet und ist der s\u00fc\u00dfeste Ausdruck eurer Liebe. Der heilende Rosenquarz, der Liebe und Gl\u00fcck symbolisiert, hat eine hohe Transparenz und ein weiches Lichtgef\u00fchl, das unter Sonneneinstrahlung einen gl\u00e4nzenden Schimmer zeigt und \u00e4u\u00dferst auff\u00e4llig ist.\n\n<strong>Klicken<\/strong><strong> Sie auf <\/strong><strong>\"<\/strong><strong>In den Warenkorb legen und gestalten<\/strong><strong>\"<\/strong><strong>, um Ihren Gravurinhalt zu gestalten<\/strong>\n\n- M\u00f6chten Sie Ihrem Armband Einzigartigkeit verleihen? Kombinieren Sie frei Anh\u00e4nger mit dem Armband, um Ihre pers\u00f6nliche Geschichte zu erz\u00e4hlen\n- Rosenquarz ist in die Oberfl\u00e4che aus 316L Edelstahl eingefasst und wirkt unter Lichtbrechung durchscheinend, was Ihnen Liebe und Gl\u00fcck bringt\n- Handwerker verwenden raffinierte Edelsteinschneidetechniken, um wertvolle Steine in bezauberndem Glanz erstrahlen zu lassen\n- Jeder Edelstein wird nat\u00fcrlich abgebaut und hat eine einzigartige, nat\u00fcrliche Textur, die unersetzlich ist\n- Verwendung von italienischem, geflochtenem Rindernarbenleder erster Wahl, das langlebig ist und dauerhaft erhalten bleibt\n- Magnetverschluss und exklusives kleines Achteck-Metallschneidedesign\n- Geeignet f\u00fcr Menschen mit empfindlicher Haut\n- Verschiedene Schriftarten, Emojis und Gravurvorschl\u00e4ge zur Auswahl\n- Kostenloses Upgrade zum edlen Geschenkset (inklusive Geschenkkarte und Produktgarantie)\n- Hinweis: Das Armband ist nicht f\u00fcr Kinder unter 3 Jahren geeignet\n\n<strong>Herstellungszeit und Versanddetails<\/strong>\n\n- Jedes Produkt ben\u00f6tigt nur 1-5 Werktage zur Herstellung\n- Bei Bestellung heute kann es bereits morgen versendet werden\n- Weltweiter Versand","protected":false},"featured_media":7389,"comment_status":"open","ping_status":"closed","template":"","meta":{"inline_featured_image":false},"collection":[2270],"trending_cat":[2401,2390],"product_cat":[77],"product_tag":[],"class_list":{"0":"post-3130","1":"product","2":"type-product","3":"status-publish","4":"has-post-thumbnail","6":"trending_cat-love-stone-collection","7":"trending_cat-ricordi-leather-bracelet","8":"product_cat-leather-bracelet","10":"first","11":"instock","12":"sale","13":"shipping-taxable","14":"purchasable","15":"product-type-variable"},"yoast_head":"<!-- This site is optimized with the Yoast SEO plugin v23.4 - https:\/\/yoast.com\/wordpress\/plugins\/seo\/ -->\n<title>Crudo Ricordi Lederarmband<\/title>\n<meta name=\"description\" content=\"Entdecken Sie das Crudo Ricordi italienische Ledergeflecht-Armband Edelsteinversion in der Farbe Sakura Rosa Rosenquarz Ros\u00e9gold. Raffiniertes Design, kostenlose Gravur. Verleiht Ihrem Handgelenk Eleganz. Jetzt einkaufen.\" \/>\n<meta name=\"robots\" content=\"index, follow, max-snippet:-1, max-image-preview:large, max-video-preview:-1\" \/>\n<link rel=\"canonical\" href=\"https:\/\/crudo-leather.com\/de\/product\/ricordi-italian-leather-wrap-bracelet-gemstone-edition-blossom-pink-rose-quartz-rose-gold-edition\/\" \/>\n<meta property=\"og:locale\" content=\"en_US\" \/>\n<meta property=\"og:type\" content=\"article\" \/>\n<meta property=\"og:title\" content=\"Crudo Ricordi Lederarmband\" \/>\n<meta property=\"og:description\" content=\"Entdecken Sie das Crudo Ricordi italienische Ledergeflecht-Armband Edelsteinversion in der Farbe Sakura Rosa Rosenquarz Ros\u00e9gold. Raffiniertes Design, kostenlose Gravur. Verleiht Ihrem Handgelenk Eleganz. Jetzt einkaufen.\" \/>\n<meta property=\"og:url\" content=\"https:\/\/crudo-leather.com\/product\/ricordi-italian-leather-wrap-bracelet-gemstone-edition-blossom-pink-rose-quartz-rose-gold-edition\/\" \/>\n<meta property=\"og:site_name\" content=\"Crudo\" \/>\n<meta property=\"article:modified_time\" content=\"2026-03-18T09:05:04+00:00\" \/>\n<meta property=\"og:image\" content=\"https:\/\/crudo-leather.com\/wp-content\/uploads\/2024\/08\/brtste_wbg_rqpk_a.jpg\" \/>\n\t<meta property=\"og:image:width\" content=\"640\" \/>\n\t<meta property=\"og:image:height\" content=\"640\" \/>\n\t<meta property=\"og:image:type\" content=\"image\/jpeg\" \/>\n<meta name=\"twitter:card\" content=\"summary_large_image\" \/>\n<meta name=\"twitter:label1\" content=\"Est. reading time\" \/>\n\t<meta name=\"twitter:data1\" content=\"1 minute\" \/>\n<script type=\"application\/ld+json\" class=\"yoast-schema-graph\">{\"@context\":\"https:\/\/schema.org\",\"@graph\":[{\"@type\":\"WebPage\",\"@id\":\"https:\/\/crudo-leather.com\/product\/ricordi-italian-leather-wrap-bracelet-gemstone-edition-blossom-pink-rose-quartz-rose-gold-edition\/\",\"url\":\"https:\/\/crudo-leather.com\/product\/ricordi-italian-leather-wrap-bracelet-gemstone-edition-blossom-pink-rose-quartz-rose-gold-edition\/\",\"name\":\"Ricordi Italian Leather Wrap Bracelet Gemstone Edition - Blossom Pink Rose Quartz Rose Gold\",\"isPartOf\":{\"@id\":\"https:\/\/crudo-leather.com\/#website\"},\"primaryImageOfPage\":{\"@id\":\"https:\/\/crudo-leather.com\/product\/ricordi-italian-leather-wrap-bracelet-gemstone-edition-blossom-pink-rose-quartz-rose-gold-edition\/#primaryimage\"},\"image\":{\"@id\":\"https:\/\/crudo-leather.com\/product\/ricordi-italian-leather-wrap-bracelet-gemstone-edition-blossom-pink-rose-quartz-rose-gold-edition\/#primaryimage\"},\"thumbnailUrl\":\"https:\/\/crudo-leather.com\/wp-content\/uploads\/2024\/08\/brtste_wbg_rqpk_a.jpg\",\"datePublished\":\"2024-08-01T06:26:01+00:00\",\"dateModified\":\"2026-03-18T09:05:04+00:00\",\"description\":\"Discover Ricordi Italian leather wrap bracelet gemstone edition. Blossom pink rose quartz with rose gold. A stylish and versatile accessory. Shop now!\",\"breadcrumb\":{\"@id\":\"https:\/\/crudo-leather.com\/product\/ricordi-italian-leather-wrap-bracelet-gemstone-edition-blossom-pink-rose-quartz-rose-gold-edition\/#breadcrumb\"},\"inLanguage\":\"en-US\",\"potentialAction\":[{\"@type\":\"ReadAction\",\"target\":[\"https:\/\/crudo-leather.com\/product\/ricordi-italian-leather-wrap-bracelet-gemstone-edition-blossom-pink-rose-quartz-rose-gold-edition\/\"]}]},{\"@type\":\"ImageObject\",\"inLanguage\":\"en-US\",\"@id\":\"https:\/\/crudo-leather.com\/product\/ricordi-italian-leather-wrap-bracelet-gemstone-edition-blossom-pink-rose-quartz-rose-gold-edition\/#primaryimage\",\"url\":\"https:\/\/crudo-leather.com\/wp-content\/uploads\/2024\/08\/brtste_wbg_rqpk_a.jpg\",\"contentUrl\":\"https:\/\/crudo-leather.com\/wp-content\/uploads\/2024\/08\/brtste_wbg_rqpk_a.jpg\",\"width\":640,\"height\":640},{\"@type\":\"BreadcrumbList\",\"@id\":\"https:\/\/crudo-leather.com\/product\/ricordi-italian-leather-wrap-bracelet-gemstone-edition-blossom-pink-rose-quartz-rose-gold-edition\/#breadcrumb\",\"itemListElement\":[{\"@type\":\"ListItem\",\"position\":1,\"name\":\"Shop\",\"item\":\"https:\/\/crudo-leather.com\/shop\/\"},{\"@type\":\"ListItem\",\"position\":2,\"name\":\"Ricordi Italian Leather Wrap Bracelet Gemstone Edition\"}]},{\"@type\":\"WebSite\",\"@id\":\"https:\/\/crudo-leather.com\/#website\",\"url\":\"https:\/\/crudo-leather.com\/\",\"name\":\"Crudo\",\"description\":\"\",\"potentialAction\":[{\"@type\":\"SearchAction\",\"target\":{\"@type\":\"EntryPoint\",\"urlTemplate\":\"https:\/\/crudo-leather.com\/?s={search_term_string}\"},\"query-input\":{\"@type\":\"PropertyValueSpecification\",\"valueRequired\":true,\"valueName\":\"search_term_string\"}}],\"inLanguage\":\"en-US\"}]}<\/script>\n<!-- \/ Yoast SEO plugin. -->","yoast_head_json":{"title":"Crudo Ricordi Lederarmband","description":"Entdecken Sie das Crudo Ricordi italienische Ledergeflecht-Armband Edelsteinversion in der Farbe Sakura Rosa Rosenquarz Ros\u00e9gold. Raffiniertes Design, kostenlose Gravur. Verleiht Ihrem Handgelenk Eleganz. Jetzt einkaufen.","robots":{"index":"index","follow":"follow","max-snippet":"max-snippet:-1","max-image-preview":"max-image-preview:large","max-video-preview":"max-video-preview:-1"},"canonical":"https:\/\/crudo-leather.com\/de\/product\/ricordi-italian-leather-wrap-bracelet-gemstone-edition-blossom-pink-rose-quartz-rose-gold-edition\/","og_locale":"en_US","og_type":"article","og_title":"Crudo Ricordi Lederarmband","og_description":"Entdecken Sie das Crudo Ricordi italienische Ledergeflecht-Armband Edelsteinversion in der Farbe Sakura Rosa Rosenquarz Ros\u00e9gold. Raffiniertes Design, kostenlose Gravur. Verleiht Ihrem Handgelenk Eleganz. Jetzt einkaufen.","og_url":"https:\/\/crudo-leather.com\/product\/ricordi-italian-leather-wrap-bracelet-gemstone-edition-blossom-pink-rose-quartz-rose-gold-edition\/","og_site_name":"Crudo","article_modified_time":"2026-03-18T09:05:04+00:00","og_image":[{"width":640,"height":640,"url":"https:\/\/crudo-leather.com\/wp-content\/uploads\/2024\/08\/brtste_wbg_rqpk_a.jpg","type":"image\/jpeg"}],"twitter_card":"summary_large_image","twitter_misc":{"Est. reading time":"1 minute"},"schema":{"@context":"https:\/\/schema.org","@graph":[{"@type":"WebPage","@id":"https:\/\/crudo-leather.com\/product\/ricordi-italian-leather-wrap-bracelet-gemstone-edition-blossom-pink-rose-quartz-rose-gold-edition\/","url":"https:\/\/crudo-leather.com\/product\/ricordi-italian-leather-wrap-bracelet-gemstone-edition-blossom-pink-rose-quartz-rose-gold-edition\/","name":"Ricordi Italian Leather Wrap Bracelet Gemstone Edition - Blossom Pink Rose Quartz Rose Gold","isPartOf":{"@id":"https:\/\/crudo-leather.com\/#website"},"primaryImageOfPage":{"@id":"https:\/\/crudo-leather.com\/product\/ricordi-italian-leather-wrap-bracelet-gemstone-edition-blossom-pink-rose-quartz-rose-gold-edition\/#primaryimage"},"image":{"@id":"https:\/\/crudo-leather.com\/product\/ricordi-italian-leather-wrap-bracelet-gemstone-edition-blossom-pink-rose-quartz-rose-gold-edition\/#primaryimage"},"thumbnailUrl":"https:\/\/crudo-leather.com\/wp-content\/uploads\/2024\/08\/brtste_wbg_rqpk_a.jpg","datePublished":"2024-08-01T06:26:01+00:00","dateModified":"2026-03-18T09:05:04+00:00","description":"Discover Ricordi Italian leather wrap bracelet gemstone edition. Blossom pink rose quartz with rose gold. A stylish and versatile accessory. Shop now!","breadcrumb":{"@id":"https:\/\/crudo-leather.com\/product\/ricordi-italian-leather-wrap-bracelet-gemstone-edition-blossom-pink-rose-quartz-rose-gold-edition\/#breadcrumb"},"inLanguage":"en-US","potentialAction":[{"@type":"ReadAction","target":["https:\/\/crudo-leather.com\/product\/ricordi-italian-leather-wrap-bracelet-gemstone-edition-blossom-pink-rose-quartz-rose-gold-edition\/"]}]},{"@type":"ImageObject","inLanguage":"en-US","@id":"https:\/\/crudo-leather.com\/product\/ricordi-italian-leather-wrap-bracelet-gemstone-edition-blossom-pink-rose-quartz-rose-gold-edition\/#primaryimage","url":"https:\/\/crudo-leather.com\/wp-content\/uploads\/2024\/08\/brtste_wbg_rqpk_a.jpg","contentUrl":"https:\/\/crudo-leather.com\/wp-content\/uploads\/2024\/08\/brtste_wbg_rqpk_a.jpg","width":640,"height":640},{"@type":"BreadcrumbList","@id":"https:\/\/crudo-leather.com\/product\/ricordi-italian-leather-wrap-bracelet-gemstone-edition-blossom-pink-rose-quartz-rose-gold-edition\/#breadcrumb","itemListElement":[{"@type":"ListItem","position":1,"name":"Shop","item":"https:\/\/crudo-leather.com\/shop\/"},{"@type":"ListItem","position":2,"name":"Ricordi Italian Leather Wrap Bracelet Gemstone Edition"}]},{"@type":"WebSite","@id":"https:\/\/crudo-leather.com\/#website","url":"https:\/\/crudo-leather.com\/","name":"Crudo","description":"","potentialAction":[{"@type":"SearchAction","target":{"@type":"EntryPoint","urlTemplate":"https:\/\/crudo-leather.com\/?s={search_term_string}"},"query-input":{"@type":"PropertyValueSpecification","valueRequired":true,"valueName":"search_term_string"}}],"inLanguage":"en-US"}]}},"_links":{"self":[{"href":"https:\/\/crudo-leather.com\/de\/wp-json\/wp\/v2\/product\/3130"}],"collection":[{"href":"https:\/\/crudo-leather.com\/de\/wp-json\/wp\/v2\/product"}],"about":[{"href":"https:\/\/crudo-leather.com\/de\/wp-json\/wp\/v2\/types\/product"}],"replies":[{"embeddable":true,"href":"https:\/\/crudo-leather.com\/de\/wp-json\/wp\/v2\/comments?post=3130"}],"wp:featuredmedia":[{"embeddable":true,"href":"https:\/\/crudo-leather.com\/de\/wp-json\/wp\/v2\/media\/7389"}],"wp:attachment":[{"href":"https:\/\/crudo-leather.com\/de\/wp-json\/wp\/v2\/media?parent=3130"}],"wp:term":[{"taxonomy":"collection","embeddable":true,"href":"https:\/\/crudo-leather.com\/de\/wp-json\/wp\/v2\/collection?post=3130"},{"taxonomy":"trending_cat","embeddable":true,"href":"https:\/\/crudo-leather.com\/de\/wp-json\/wp\/v2\/trending_cat?post=3130"},{"taxonomy":"product_cat","embeddable":true,"href":"https:\/\/crudo-leather.com\/de\/wp-json\/wp\/v2\/product_cat?post=3130"},{"taxonomy":"product_tag","embeddable":true,"href":"https:\/\/crudo-leather.com\/de\/wp-json\/wp\/v2\/product_tag?post=3130"}],"curies":[{"name":"wp","href":"https:\/\/api.w.org\/{rel}","templated":true}]}}