{"id":3131,"date":"2024-08-01T14:26:03","date_gmt":"2024-08-01T06:26:03","guid":{"rendered":"https:\/\/crudo-leather.com\/product\/ricordi-italian-leather-wrap-bracelet-gemstone-edition-lavender-purple-amethyst-rose-gold-edition\/"},"modified":"2026-01-08T12:16:39","modified_gmt":"2026-01-08T04:16:39","slug":"ricordi-italian-leather-wrap-bracelet-gemstone-edition-lavender-purple-amethyst-rose-gold-edition","status":"publish","type":"product","link":"https:\/\/crudo-leather.com\/de\/product\/ricordi-italian-leather-wrap-bracelet-gemstone-edition-lavender-purple-amethyst-rose-gold-edition\/","title":{"rendered":"Ricordi Italienisches geflochtenes Lederarmband \u2013 Edelstein Limited Edition"},"content":{"rendered":"","protected":false},"excerpt":{"rendered":"<strong>Amethyst \u2013 Heilt deinen K\u00f6rper, Geist und Seele zur Ruhe<\/strong>\n\nAls Gl\u00fccksstein f\u00fcr im Februar Geborene symbolisiert Amethyst G\u00fcte und Aufrichtigkeit. Das mystische Magnetfeld des Edelsteins wirkt beruhigend und bes\u00e4nftigend, verleiht dir Inspiration und Weisheit. Der sch\u00f6ne violette Glanz reflektiert je nach Lichteinfallswinkel einen geheimnisvollen und bezaubernden violetten Lichteffekt.\n\n<strong>Klicke<\/strong><strong>\"<\/strong><strong>In den Warenkorb legen und gestalten<\/strong><strong>\"<\/strong><strong>, um deine Gravur zu entwerfen<\/strong>\n\n- M\u00f6chtest du deinem Armband eine pers\u00f6nliche Note verleihen? Kombiniere frei Anh\u00e4nger mit deinem Armband und erz\u00e4hle deine pers\u00f6nliche Geschichte.\n- Auf der Oberfl\u00e4che aus 316L Edelstahl sind Rosenquarze eingelassen, die im Licht durchscheinend wirken und dir Liebe und Gl\u00fcck bringen.\n- Handwerker verwenden pr\u00e4zise Edelsteinschleiftechniken, damit die wertvollen Steine in bezauberndem Glanz erstrahlen.\n- Jeder Edelstein wird nat\u00fcrlich abgebaut und hat eine einzigartige, nat\u00fcrliche Maserung, die unersetzlich ist.\n- Verwendung von italienischem, geflochtenem Rindernarbenleder erster Wahl, einem langlebigen Material f\u00fcr dauerhafte Haltbarkeit.\n- Mit Magnetverschluss und exklusivem achteckigem Metallschliff-Design.\n- Geeignet f\u00fcr Menschen mit empfindlicher Haut.\n- Verschiedene Schriftarten, Emojis und Gravurvorschl\u00e4ge zur Auswahl.\n- Kostenloses Upgrade zum edlen Geschenkset (inklusive Geschenkkarte und Produktgarantie).\n- Hinweis: Das Armband ist nicht f\u00fcr Kinder unter 3 Jahren geeignet.\n\n<strong>Herstellungszeit und Versanddetails<\/strong>\n\n- Jedes Produkt ben\u00f6tigt nur 1-5 Werktage zur Fertigstellung.\n- Bei Bestellung heute kann die Lieferung bereits morgen versendet werden.\n- Weltweiter Versand.","protected":false},"featured_media":7398,"comment_status":"open","ping_status":"closed","template":"","meta":{"inline_featured_image":false},"collection":[2270],"trending_cat":[2399,2401],"product_cat":[17],"product_tag":[],"class_list":{"0":"post-3131","1":"product","2":"type-product","3":"status-publish","4":"has-post-thumbnail","6":"trending_cat-gift-for-her","7":"trending_cat-love-stone-collection","8":"product_cat-bracelets-cuffs","10":"first","11":"instock","12":"sale","13":"shipping-taxable","14":"purchasable","15":"product-type-variable"},"yoast_head":"<!-- This site is optimized with the Yoast SEO plugin v23.4 - https:\/\/yoast.com\/wordpress\/plugins\/seo\/ -->\n<title>Crudo Ricordi Italienisches Leder Geflochtenes Armband Edelsteinversion - Lavendel Amethyst Ros\u00e9gold Version<\/title>\n<meta name=\"description\" content=\"Entdecken Sie das Crudo Ricordi italienische Ledergeflecht-Armband Edelsteinversion Lavendel Amethyst Ros\u00e9gold Edition. Hochwertiges Rindsleder mit 316L-Stahl und Amethyst-Einlagen, Magnetverschluss-Design, kostenlose Gravur m\u00f6glich. Heilende Mode.\" \/>\n<meta name=\"robots\" content=\"index, follow, max-snippet:-1, max-image-preview:large, max-video-preview:-1\" \/>\n<link rel=\"canonical\" href=\"https:\/\/crudo-leather.com\/de\/product\/ricordi-italian-leather-wrap-bracelet-gemstone-edition-lavender-purple-amethyst-rose-gold-edition\/\" \/>\n<meta property=\"og:locale\" content=\"en_US\" \/>\n<meta property=\"og:type\" content=\"article\" \/>\n<meta property=\"og:title\" content=\"Crudo Ricordi Italienisches Leder Geflochtenes Armband Edelsteinversion - Lavendel Amethyst Ros\u00e9gold Version\" \/>\n<meta property=\"og:description\" content=\"Entdecken Sie das Crudo Ricordi italienische Ledergeflecht-Armband Edelsteinversion Lavendel Amethyst Ros\u00e9gold Edition. Hochwertiges Rindsleder mit 316L-Stahl und Amethyst-Einlagen, Magnetverschluss-Design, kostenlose Gravur m\u00f6glich. Heilende Mode.\" \/>\n<meta property=\"og:url\" content=\"https:\/\/crudo-leather.com\/product\/ricordi-italian-leather-wrap-bracelet-gemstone-edition-lavender-purple-amethyst-rose-gold-edition\/\" \/>\n<meta property=\"og:site_name\" content=\"Crudo\" \/>\n<meta property=\"article:modified_time\" content=\"2026-01-08T04:16:39+00:00\" \/>\n<meta property=\"og:image\" content=\"https:\/\/crudo-leather.com\/wp-content\/uploads\/2024\/08\/brtste_wbg_atpk_a.jpg\" \/>\n\t<meta property=\"og:image:width\" content=\"640\" \/>\n\t<meta property=\"og:image:height\" content=\"640\" \/>\n\t<meta property=\"og:image:type\" content=\"image\/jpeg\" \/>\n<meta name=\"twitter:card\" content=\"summary_large_image\" \/>\n<meta name=\"twitter:label1\" content=\"Est. reading time\" \/>\n\t<meta name=\"twitter:data1\" content=\"1 minute\" \/>\n<script type=\"application\/ld+json\" class=\"yoast-schema-graph\">{\"@context\":\"https:\/\/schema.org\",\"@graph\":[{\"@type\":\"WebPage\",\"@id\":\"https:\/\/crudo-leather.com\/product\/ricordi-italian-leather-wrap-bracelet-gemstone-edition-lavender-purple-amethyst-rose-gold-edition\/\",\"url\":\"https:\/\/crudo-leather.com\/product\/ricordi-italian-leather-wrap-bracelet-gemstone-edition-lavender-purple-amethyst-rose-gold-edition\/\",\"name\":\"Ricordi Italian Leather Wrap Bracelet Gemstone Edition - Lavender Purple Amethyst Rose Gold\",\"isPartOf\":{\"@id\":\"https:\/\/crudo-leather.com\/#website\"},\"primaryImageOfPage\":{\"@id\":\"https:\/\/crudo-leather.com\/product\/ricordi-italian-leather-wrap-bracelet-gemstone-edition-lavender-purple-amethyst-rose-gold-edition\/#primaryimage\"},\"image\":{\"@id\":\"https:\/\/crudo-leather.com\/product\/ricordi-italian-leather-wrap-bracelet-gemstone-edition-lavender-purple-amethyst-rose-gold-edition\/#primaryimage\"},\"thumbnailUrl\":\"https:\/\/crudo-leather.com\/wp-content\/uploads\/2024\/08\/brtste_wbg_atpk_a.jpg\",\"datePublished\":\"2024-08-01T06:26:03+00:00\",\"dateModified\":\"2026-01-08T04:16:39+00:00\",\"description\":\"Discover Ricordi Italian leather wrap bracelet gemstone edition. Lavender purple amethyst with rose gold. A stylish and versatile accessory. Shop now!\",\"breadcrumb\":{\"@id\":\"https:\/\/crudo-leather.com\/product\/ricordi-italian-leather-wrap-bracelet-gemstone-edition-lavender-purple-amethyst-rose-gold-edition\/#breadcrumb\"},\"inLanguage\":\"en-US\",\"potentialAction\":[{\"@type\":\"ReadAction\",\"target\":[\"https:\/\/crudo-leather.com\/product\/ricordi-italian-leather-wrap-bracelet-gemstone-edition-lavender-purple-amethyst-rose-gold-edition\/\"]}]},{\"@type\":\"ImageObject\",\"inLanguage\":\"en-US\",\"@id\":\"https:\/\/crudo-leather.com\/product\/ricordi-italian-leather-wrap-bracelet-gemstone-edition-lavender-purple-amethyst-rose-gold-edition\/#primaryimage\",\"url\":\"https:\/\/crudo-leather.com\/wp-content\/uploads\/2024\/08\/brtste_wbg_atpk_a.jpg\",\"contentUrl\":\"https:\/\/crudo-leather.com\/wp-content\/uploads\/2024\/08\/brtste_wbg_atpk_a.jpg\",\"width\":640,\"height\":640},{\"@type\":\"BreadcrumbList\",\"@id\":\"https:\/\/crudo-leather.com\/product\/ricordi-italian-leather-wrap-bracelet-gemstone-edition-lavender-purple-amethyst-rose-gold-edition\/#breadcrumb\",\"itemListElement\":[{\"@type\":\"ListItem\",\"position\":1,\"name\":\"Shop\",\"item\":\"https:\/\/crudo-leather.com\/shop\/\"},{\"@type\":\"ListItem\",\"position\":2,\"name\":\"Ricordi Italian Leather Wrap Bracelet Gemstone Edition\"}]},{\"@type\":\"WebSite\",\"@id\":\"https:\/\/crudo-leather.com\/#website\",\"url\":\"https:\/\/crudo-leather.com\/\",\"name\":\"Crudo\",\"description\":\"\",\"potentialAction\":[{\"@type\":\"SearchAction\",\"target\":{\"@type\":\"EntryPoint\",\"urlTemplate\":\"https:\/\/crudo-leather.com\/?s={search_term_string}\"},\"query-input\":{\"@type\":\"PropertyValueSpecification\",\"valueRequired\":true,\"valueName\":\"search_term_string\"}}],\"inLanguage\":\"en-US\"}]}<\/script>\n<!-- \/ Yoast SEO plugin. -->","yoast_head_json":{"title":"Crudo Ricordi Italienisches Leder Geflochtenes Armband Edelsteinversion - Lavendel Amethyst Ros\u00e9gold Version","description":"Entdecken Sie das Crudo Ricordi italienische Ledergeflecht-Armband Edelsteinversion Lavendel Amethyst Ros\u00e9gold Edition. Hochwertiges Rindsleder mit 316L-Stahl und Amethyst-Einlagen, Magnetverschluss-Design, kostenlose Gravur m\u00f6glich. Heilende Mode.","robots":{"index":"index","follow":"follow","max-snippet":"max-snippet:-1","max-image-preview":"max-image-preview:large","max-video-preview":"max-video-preview:-1"},"canonical":"https:\/\/crudo-leather.com\/de\/product\/ricordi-italian-leather-wrap-bracelet-gemstone-edition-lavender-purple-amethyst-rose-gold-edition\/","og_locale":"en_US","og_type":"article","og_title":"Crudo Ricordi Italienisches Leder Geflochtenes Armband Edelsteinversion - Lavendel Amethyst Ros\u00e9gold Version","og_description":"Entdecken Sie das Crudo Ricordi italienische Ledergeflecht-Armband Edelsteinversion Lavendel Amethyst Ros\u00e9gold Edition. Hochwertiges Rindsleder mit 316L-Stahl und Amethyst-Einlagen, Magnetverschluss-Design, kostenlose Gravur m\u00f6glich. Heilende Mode.","og_url":"https:\/\/crudo-leather.com\/product\/ricordi-italian-leather-wrap-bracelet-gemstone-edition-lavender-purple-amethyst-rose-gold-edition\/","og_site_name":"Crudo","article_modified_time":"2026-01-08T04:16:39+00:00","og_image":[{"width":640,"height":640,"url":"https:\/\/crudo-leather.com\/wp-content\/uploads\/2024\/08\/brtste_wbg_atpk_a.jpg","type":"image\/jpeg"}],"twitter_card":"summary_large_image","twitter_misc":{"Est. reading time":"1 minute"},"schema":{"@context":"https:\/\/schema.org","@graph":[{"@type":"WebPage","@id":"https:\/\/crudo-leather.com\/product\/ricordi-italian-leather-wrap-bracelet-gemstone-edition-lavender-purple-amethyst-rose-gold-edition\/","url":"https:\/\/crudo-leather.com\/product\/ricordi-italian-leather-wrap-bracelet-gemstone-edition-lavender-purple-amethyst-rose-gold-edition\/","name":"Ricordi Italian Leather Wrap Bracelet Gemstone Edition - Lavender Purple Amethyst Rose Gold","isPartOf":{"@id":"https:\/\/crudo-leather.com\/#website"},"primaryImageOfPage":{"@id":"https:\/\/crudo-leather.com\/product\/ricordi-italian-leather-wrap-bracelet-gemstone-edition-lavender-purple-amethyst-rose-gold-edition\/#primaryimage"},"image":{"@id":"https:\/\/crudo-leather.com\/product\/ricordi-italian-leather-wrap-bracelet-gemstone-edition-lavender-purple-amethyst-rose-gold-edition\/#primaryimage"},"thumbnailUrl":"https:\/\/crudo-leather.com\/wp-content\/uploads\/2024\/08\/brtste_wbg_atpk_a.jpg","datePublished":"2024-08-01T06:26:03+00:00","dateModified":"2026-01-08T04:16:39+00:00","description":"Discover Ricordi Italian leather wrap bracelet gemstone edition. Lavender purple amethyst with rose gold. A stylish and versatile accessory. Shop now!","breadcrumb":{"@id":"https:\/\/crudo-leather.com\/product\/ricordi-italian-leather-wrap-bracelet-gemstone-edition-lavender-purple-amethyst-rose-gold-edition\/#breadcrumb"},"inLanguage":"en-US","potentialAction":[{"@type":"ReadAction","target":["https:\/\/crudo-leather.com\/product\/ricordi-italian-leather-wrap-bracelet-gemstone-edition-lavender-purple-amethyst-rose-gold-edition\/"]}]},{"@type":"ImageObject","inLanguage":"en-US","@id":"https:\/\/crudo-leather.com\/product\/ricordi-italian-leather-wrap-bracelet-gemstone-edition-lavender-purple-amethyst-rose-gold-edition\/#primaryimage","url":"https:\/\/crudo-leather.com\/wp-content\/uploads\/2024\/08\/brtste_wbg_atpk_a.jpg","contentUrl":"https:\/\/crudo-leather.com\/wp-content\/uploads\/2024\/08\/brtste_wbg_atpk_a.jpg","width":640,"height":640},{"@type":"BreadcrumbList","@id":"https:\/\/crudo-leather.com\/product\/ricordi-italian-leather-wrap-bracelet-gemstone-edition-lavender-purple-amethyst-rose-gold-edition\/#breadcrumb","itemListElement":[{"@type":"ListItem","position":1,"name":"Shop","item":"https:\/\/crudo-leather.com\/shop\/"},{"@type":"ListItem","position":2,"name":"Ricordi Italian Leather Wrap Bracelet Gemstone Edition"}]},{"@type":"WebSite","@id":"https:\/\/crudo-leather.com\/#website","url":"https:\/\/crudo-leather.com\/","name":"Crudo","description":"","potentialAction":[{"@type":"SearchAction","target":{"@type":"EntryPoint","urlTemplate":"https:\/\/crudo-leather.com\/?s={search_term_string}"},"query-input":{"@type":"PropertyValueSpecification","valueRequired":true,"valueName":"search_term_string"}}],"inLanguage":"en-US"}]}},"_links":{"self":[{"href":"https:\/\/crudo-leather.com\/de\/wp-json\/wp\/v2\/product\/3131"}],"collection":[{"href":"https:\/\/crudo-leather.com\/de\/wp-json\/wp\/v2\/product"}],"about":[{"href":"https:\/\/crudo-leather.com\/de\/wp-json\/wp\/v2\/types\/product"}],"replies":[{"embeddable":true,"href":"https:\/\/crudo-leather.com\/de\/wp-json\/wp\/v2\/comments?post=3131"}],"wp:featuredmedia":[{"embeddable":true,"href":"https:\/\/crudo-leather.com\/de\/wp-json\/wp\/v2\/media\/7398"}],"wp:attachment":[{"href":"https:\/\/crudo-leather.com\/de\/wp-json\/wp\/v2\/media?parent=3131"}],"wp:term":[{"taxonomy":"collection","embeddable":true,"href":"https:\/\/crudo-leather.com\/de\/wp-json\/wp\/v2\/collection?post=3131"},{"taxonomy":"trending_cat","embeddable":true,"href":"https:\/\/crudo-leather.com\/de\/wp-json\/wp\/v2\/trending_cat?post=3131"},{"taxonomy":"product_cat","embeddable":true,"href":"https:\/\/crudo-leather.com\/de\/wp-json\/wp\/v2\/product_cat?post=3131"},{"taxonomy":"product_tag","embeddable":true,"href":"https:\/\/crudo-leather.com\/de\/wp-json\/wp\/v2\/product_tag?post=3131"}],"curies":[{"name":"wp","href":"https:\/\/api.w.org\/{rel}","templated":true}]}}