{"id":3136,"date":"2024-08-01T14:26:10","date_gmt":"2024-08-01T06:26:10","guid":{"rendered":"https:\/\/crudo-leather.com\/product\/hello-kitty-customized-leather-gemstone-bracelet-blossom-pink-rose-quartz\/"},"modified":"2026-03-18T17:04:35","modified_gmt":"2026-03-18T09:04:35","slug":"hello-kitty-customized-leather-gemstone-bracelet-blossom-pink-rose-quartz","status":"publish","type":"product","link":"https:\/\/crudo-leather.com\/de\/product\/hello-kitty-customized-leather-gemstone-bracelet-blossom-pink-rose-quartz\/","title":{"rendered":"Hello Kitty Limited Edition personalisiertes geflochtenes Leder Edelstein Armband"},"content":{"rendered":"","protected":false},"excerpt":{"rendered":"**Bitte w\u00e4hlen Sie mindestens ein Hello Kitty Metall- oder Sterlingsilber-Anh\u00e4nger aus, sonst wird das Produkt nur mit dem urspr\u00fcnglichen Crudo runden Anh\u00e4nger geliefert und nicht mit der Hello Kitty Special Edition Geschenkbox**\n\n<ins><strong>Hello Kitty x Crudo<\/strong><\/ins>\nSay HELLO! Die klassischen Hello Kitty Metall- und Sterlingsilber-Accessoires aus den 70er Jahren sind bei Crudo eingetroffen. Die lebhafte Hello Kitty, ob sie ein Flugzeug fliegt oder Fahrrad f\u00e4hrt, jedes niedliche Design ist einfach liebenswert! Einige Anh\u00e4nger sind mit Strasssteinen besetzt und verleihen der klassischen Hello Kitty einen luxuri\u00f6sen Touch. Inspiriert von der Hello Kitty-Schleife hat Crudo erstmals zwei exklusive italienische Leder-Armb\u00e4nder in zwei Farben f\u00fcr Hello Kitty entworfen. Gestalten Sie jetzt Ihr zeitloses, pers\u00f6nliches Alltagsaccessoire!\n\n<strong>Klicken Sie auf \"Zum Warenkorb hinzuf\u00fcgen und gestalten\", um Ihre Gravur zu entwerfen<\/strong>\n- Offiziell lizenziertes Sanrio-Produkt\n- Hello Kitty 70er Jahre klassische Metall- oder Sterlingsilber-Anh\u00e4nger, frei kombinierbar und am Lederarmband befestigbar\n- Beim Kauf eines Hello Kitty Special Edition Lederarmbands erhalten Sie eine Hello Kitty Special Edition Geschenkbox mit abl\u00f6sbarer Gru\u00dfkarte (inklusive Geschenkkarte und Produktgarantie)\n- Hergestellt aus italienischem geflochtenem Rindleder erster Wahl und feinstem 316L Edelstahl\n- Mit eingelassenen Rosenquarzsteinen auf der Oberfl\u00e4che des 316L Edelstahls\n- Handwerker verwenden pr\u00e4zise Edelsteinschneidetechniken, um die wertvollen Steine in funkelndem Glanz erstrahlen zu lassen\n- Jeder Stein ist nat\u00fcrlich abgebaut und hat eine einzigartige, nat\u00fcrliche Textur\n- Kostenloser Gravurservice, verschiedene Schriftarten, Emojis und Gravurvorschl\u00e4ge zur Auswahl\n- Verblasst und oxidiert nicht leicht, bleibt lange erhalten\n- Mit Magnetverschluss und exklusivem achteckigem Schliffdesign\n- Geeignet f\u00fcr Menschen mit empfindlicher Haut\n- Hinweis: Armb\u00e4nder sind nicht f\u00fcr Kinder unter 3 Jahren geeignet\n\n<strong>Herstellungszeit und Versanddetails<\/strong>\n- Jedes Produkt ben\u00f6tigt nur 1-5 Werktage zur Herstellung\n- Bestellungen von heute k\u00f6nnen bereits morgen versendet werden\n- Nur erh\u00e4ltlich in Hongkong, Macau, Festlandchina, Japan, S\u00fcdkorea und S\u00fcdamerika (au\u00dfer Panama)","protected":false},"featured_media":356911,"comment_status":"open","ping_status":"closed","template":"","meta":{"inline_featured_image":false},"collection":[2289],"trending_cat":[2390],"product_cat":[17],"product_tag":[2405],"class_list":{"0":"post-3136","1":"product","2":"type-product","3":"status-publish","4":"has-post-thumbnail","6":"trending_cat-ricordi-leather-bracelet","7":"product_cat-bracelets-cuffs","8":"product_tag-hello-kitty-sanrio-characters","10":"first","11":"instock","12":"sale","13":"shipping-taxable","14":"purchasable","15":"product-type-variable"},"yoast_head":"<!-- This site is optimized with the Yoast SEO plugin v23.4 - https:\/\/yoast.com\/wordpress\/plugins\/seo\/ -->\n<title>Crudo Hello Kitty ma\u00dfgeschmiedetes Leder Edelsteine Armband - Kirschbl\u00fctenrosa Rosenquarz<\/title>\n<meta name=\"description\" content=\"Entdecken Sie das Crudo Hello Kitty Limited Edition Sakura Pink Rosenquarz Leder Edelstein Armband. Hergestellt aus italienischem Premium-Rindsleder und 316L-Stahl mit eingelegtem Rosenquarz, Magnetverschluss, kostenloser Gravur und optionalem Anh\u00e4nger. Heilende Mode.\" \/>\n<meta name=\"robots\" content=\"index, follow, max-snippet:-1, max-image-preview:large, max-video-preview:-1\" \/>\n<link rel=\"canonical\" href=\"https:\/\/crudo-leather.com\/de\/product\/hello-kitty-customized-leather-gemstone-bracelet-blossom-pink-rose-quartz\/\" \/>\n<meta property=\"og:locale\" content=\"en_US\" \/>\n<meta property=\"og:type\" content=\"article\" \/>\n<meta property=\"og:title\" content=\"Crudo Hello Kitty ma\u00dfgeschmiedetes Leder Edelsteine Armband - Kirschbl\u00fctenrosa Rosenquarz\" \/>\n<meta property=\"og:description\" content=\"Entdecken Sie das Crudo Hello Kitty Limited Edition Sakura Pink Rosenquarz Leder Edelstein Armband. Hergestellt aus italienischem Premium-Rindsleder und 316L-Stahl mit eingelegtem Rosenquarz, Magnetverschluss, kostenloser Gravur und optionalem Anh\u00e4nger. Heilende Mode.\" \/>\n<meta property=\"og:url\" content=\"https:\/\/crudo-leather.com\/product\/hello-kitty-customized-leather-gemstone-bracelet-blossom-pink-rose-quartz\/\" \/>\n<meta property=\"og:site_name\" content=\"Crudo\" \/>\n<meta property=\"article:modified_time\" content=\"2026-03-18T09:04:35+00:00\" \/>\n<meta property=\"og:image\" content=\"https:\/\/crudo-leather.com\/wp-content\/uploads\/2024\/08\/KT3D_WBG_BRT01stone_RQ_a-1.jpg\" \/>\n\t<meta property=\"og:image:width\" content=\"2000\" \/>\n\t<meta property=\"og:image:height\" content=\"2000\" \/>\n\t<meta property=\"og:image:type\" content=\"image\/jpeg\" \/>\n<meta name=\"twitter:card\" content=\"summary_large_image\" \/>\n<meta name=\"twitter:label1\" content=\"Est. reading time\" \/>\n\t<meta name=\"twitter:data1\" content=\"1 minute\" \/>\n<script type=\"application\/ld+json\" class=\"yoast-schema-graph\">{\"@context\":\"https:\/\/schema.org\",\"@graph\":[{\"@type\":\"WebPage\",\"@id\":\"https:\/\/crudo-leather.com\/product\/hello-kitty-customized-leather-gemstone-bracelet-blossom-pink-rose-quartz\/\",\"url\":\"https:\/\/crudo-leather.com\/product\/hello-kitty-customized-leather-gemstone-bracelet-blossom-pink-rose-quartz\/\",\"name\":\"Hello Kitty Customized Leather Gemstone Bracelet - Blossom Pink Rose Quartz\",\"isPartOf\":{\"@id\":\"https:\/\/crudo-leather.com\/#website\"},\"primaryImageOfPage\":{\"@id\":\"https:\/\/crudo-leather.com\/product\/hello-kitty-customized-leather-gemstone-bracelet-blossom-pink-rose-quartz\/#primaryimage\"},\"image\":{\"@id\":\"https:\/\/crudo-leather.com\/product\/hello-kitty-customized-leather-gemstone-bracelet-blossom-pink-rose-quartz\/#primaryimage\"},\"thumbnailUrl\":\"https:\/\/crudo-leather.com\/wp-content\/uploads\/2024\/08\/KT3D_WBG_BRT01stone_RQ_a-1.jpg\",\"datePublished\":\"2024-08-01T06:26:10+00:00\",\"dateModified\":\"2026-03-18T09:04:35+00:00\",\"description\":\"Explore officially licensed Hello Kitty customized leather gemstone bracelet. Blossom pink with rose quartz. Free engraving & luxury gift box. A unique accessory. Shop now!\",\"breadcrumb\":{\"@id\":\"https:\/\/crudo-leather.com\/product\/hello-kitty-customized-leather-gemstone-bracelet-blossom-pink-rose-quartz\/#breadcrumb\"},\"inLanguage\":\"en-US\",\"potentialAction\":[{\"@type\":\"ReadAction\",\"target\":[\"https:\/\/crudo-leather.com\/product\/hello-kitty-customized-leather-gemstone-bracelet-blossom-pink-rose-quartz\/\"]}]},{\"@type\":\"ImageObject\",\"inLanguage\":\"en-US\",\"@id\":\"https:\/\/crudo-leather.com\/product\/hello-kitty-customized-leather-gemstone-bracelet-blossom-pink-rose-quartz\/#primaryimage\",\"url\":\"https:\/\/crudo-leather.com\/wp-content\/uploads\/2024\/08\/KT3D_WBG_BRT01stone_RQ_a-1.jpg\",\"contentUrl\":\"https:\/\/crudo-leather.com\/wp-content\/uploads\/2024\/08\/KT3D_WBG_BRT01stone_RQ_a-1.jpg\",\"width\":2000,\"height\":2000},{\"@type\":\"BreadcrumbList\",\"@id\":\"https:\/\/crudo-leather.com\/product\/hello-kitty-customized-leather-gemstone-bracelet-blossom-pink-rose-quartz\/#breadcrumb\",\"itemListElement\":[{\"@type\":\"ListItem\",\"position\":1,\"name\":\"Shop\",\"item\":\"https:\/\/crudo-leather.com\/shop\/\"},{\"@type\":\"ListItem\",\"position\":2,\"name\":\"Hello Kitty Customized Leather Gemstone Bracelet\"}]},{\"@type\":\"WebSite\",\"@id\":\"https:\/\/crudo-leather.com\/#website\",\"url\":\"https:\/\/crudo-leather.com\/\",\"name\":\"Crudo\",\"description\":\"\",\"potentialAction\":[{\"@type\":\"SearchAction\",\"target\":{\"@type\":\"EntryPoint\",\"urlTemplate\":\"https:\/\/crudo-leather.com\/?s={search_term_string}\"},\"query-input\":{\"@type\":\"PropertyValueSpecification\",\"valueRequired\":true,\"valueName\":\"search_term_string\"}}],\"inLanguage\":\"en-US\"}]}<\/script>\n<!-- \/ Yoast SEO plugin. -->","yoast_head_json":{"title":"Crudo Hello Kitty ma\u00dfgeschmiedetes Leder Edelsteine Armband - Kirschbl\u00fctenrosa Rosenquarz","description":"Entdecken Sie das Crudo Hello Kitty Limited Edition Sakura Pink Rosenquarz Leder Edelstein Armband. Hergestellt aus italienischem Premium-Rindsleder und 316L-Stahl mit eingelegtem Rosenquarz, Magnetverschluss, kostenloser Gravur und optionalem Anh\u00e4nger. Heilende Mode.","robots":{"index":"index","follow":"follow","max-snippet":"max-snippet:-1","max-image-preview":"max-image-preview:large","max-video-preview":"max-video-preview:-1"},"canonical":"https:\/\/crudo-leather.com\/de\/product\/hello-kitty-customized-leather-gemstone-bracelet-blossom-pink-rose-quartz\/","og_locale":"en_US","og_type":"article","og_title":"Crudo Hello Kitty ma\u00dfgeschmiedetes Leder Edelsteine Armband - Kirschbl\u00fctenrosa Rosenquarz","og_description":"Entdecken Sie das Crudo Hello Kitty Limited Edition Sakura Pink Rosenquarz Leder Edelstein Armband. Hergestellt aus italienischem Premium-Rindsleder und 316L-Stahl mit eingelegtem Rosenquarz, Magnetverschluss, kostenloser Gravur und optionalem Anh\u00e4nger. Heilende Mode.","og_url":"https:\/\/crudo-leather.com\/product\/hello-kitty-customized-leather-gemstone-bracelet-blossom-pink-rose-quartz\/","og_site_name":"Crudo","article_modified_time":"2026-03-18T09:04:35+00:00","og_image":[{"width":2000,"height":2000,"url":"https:\/\/crudo-leather.com\/wp-content\/uploads\/2024\/08\/KT3D_WBG_BRT01stone_RQ_a-1.jpg","type":"image\/jpeg"}],"twitter_card":"summary_large_image","twitter_misc":{"Est. reading time":"1 minute"},"schema":{"@context":"https:\/\/schema.org","@graph":[{"@type":"WebPage","@id":"https:\/\/crudo-leather.com\/product\/hello-kitty-customized-leather-gemstone-bracelet-blossom-pink-rose-quartz\/","url":"https:\/\/crudo-leather.com\/product\/hello-kitty-customized-leather-gemstone-bracelet-blossom-pink-rose-quartz\/","name":"Hello Kitty Customized Leather Gemstone Bracelet - Blossom Pink Rose Quartz","isPartOf":{"@id":"https:\/\/crudo-leather.com\/#website"},"primaryImageOfPage":{"@id":"https:\/\/crudo-leather.com\/product\/hello-kitty-customized-leather-gemstone-bracelet-blossom-pink-rose-quartz\/#primaryimage"},"image":{"@id":"https:\/\/crudo-leather.com\/product\/hello-kitty-customized-leather-gemstone-bracelet-blossom-pink-rose-quartz\/#primaryimage"},"thumbnailUrl":"https:\/\/crudo-leather.com\/wp-content\/uploads\/2024\/08\/KT3D_WBG_BRT01stone_RQ_a-1.jpg","datePublished":"2024-08-01T06:26:10+00:00","dateModified":"2026-03-18T09:04:35+00:00","description":"Explore officially licensed Hello Kitty customized leather gemstone bracelet. Blossom pink with rose quartz. Free engraving & luxury gift box. A unique accessory. Shop now!","breadcrumb":{"@id":"https:\/\/crudo-leather.com\/product\/hello-kitty-customized-leather-gemstone-bracelet-blossom-pink-rose-quartz\/#breadcrumb"},"inLanguage":"en-US","potentialAction":[{"@type":"ReadAction","target":["https:\/\/crudo-leather.com\/product\/hello-kitty-customized-leather-gemstone-bracelet-blossom-pink-rose-quartz\/"]}]},{"@type":"ImageObject","inLanguage":"en-US","@id":"https:\/\/crudo-leather.com\/product\/hello-kitty-customized-leather-gemstone-bracelet-blossom-pink-rose-quartz\/#primaryimage","url":"https:\/\/crudo-leather.com\/wp-content\/uploads\/2024\/08\/KT3D_WBG_BRT01stone_RQ_a-1.jpg","contentUrl":"https:\/\/crudo-leather.com\/wp-content\/uploads\/2024\/08\/KT3D_WBG_BRT01stone_RQ_a-1.jpg","width":2000,"height":2000},{"@type":"BreadcrumbList","@id":"https:\/\/crudo-leather.com\/product\/hello-kitty-customized-leather-gemstone-bracelet-blossom-pink-rose-quartz\/#breadcrumb","itemListElement":[{"@type":"ListItem","position":1,"name":"Shop","item":"https:\/\/crudo-leather.com\/shop\/"},{"@type":"ListItem","position":2,"name":"Hello Kitty Customized Leather Gemstone Bracelet"}]},{"@type":"WebSite","@id":"https:\/\/crudo-leather.com\/#website","url":"https:\/\/crudo-leather.com\/","name":"Crudo","description":"","potentialAction":[{"@type":"SearchAction","target":{"@type":"EntryPoint","urlTemplate":"https:\/\/crudo-leather.com\/?s={search_term_string}"},"query-input":{"@type":"PropertyValueSpecification","valueRequired":true,"valueName":"search_term_string"}}],"inLanguage":"en-US"}]}},"_links":{"self":[{"href":"https:\/\/crudo-leather.com\/de\/wp-json\/wp\/v2\/product\/3136"}],"collection":[{"href":"https:\/\/crudo-leather.com\/de\/wp-json\/wp\/v2\/product"}],"about":[{"href":"https:\/\/crudo-leather.com\/de\/wp-json\/wp\/v2\/types\/product"}],"replies":[{"embeddable":true,"href":"https:\/\/crudo-leather.com\/de\/wp-json\/wp\/v2\/comments?post=3136"}],"wp:featuredmedia":[{"embeddable":true,"href":"https:\/\/crudo-leather.com\/de\/wp-json\/wp\/v2\/media\/356911"}],"wp:attachment":[{"href":"https:\/\/crudo-leather.com\/de\/wp-json\/wp\/v2\/media?parent=3136"}],"wp:term":[{"taxonomy":"collection","embeddable":true,"href":"https:\/\/crudo-leather.com\/de\/wp-json\/wp\/v2\/collection?post=3136"},{"taxonomy":"trending_cat","embeddable":true,"href":"https:\/\/crudo-leather.com\/de\/wp-json\/wp\/v2\/trending_cat?post=3136"},{"taxonomy":"product_cat","embeddable":true,"href":"https:\/\/crudo-leather.com\/de\/wp-json\/wp\/v2\/product_cat?post=3136"},{"taxonomy":"product_tag","embeddable":true,"href":"https:\/\/crudo-leather.com\/de\/wp-json\/wp\/v2\/product_tag?post=3136"}],"curies":[{"name":"wp","href":"https:\/\/api.w.org\/{rel}","templated":true}]}}