{"id":326030,"date":"2025-03-04T16:32:53","date_gmt":"2025-03-04T08:32:53","guid":{"rendered":"https:\/\/crudo-leather.com\/?post_type=product&#038;p=326030"},"modified":"2026-01-09T15:50:07","modified_gmt":"2026-01-09T07:50:07","slug":"winnie-the-pooh-customized-italian-leather-wrap-bracelet-palace-blue-blue-goldstone","status":"publish","type":"product","link":"https:\/\/crudo-leather.com\/de\/product\/winnie-the-pooh-customized-italian-leather-wrap-bracelet-palace-blue-blue-goldstone\/","title":{"rendered":"Winnie Puuh Kollektion Limited Edition ma\u00dfgeschneidertes geflochtenes Lederarmband - Edelstein Limited Edition"},"content":{"rendered":"","protected":false},"excerpt":{"rendered":"**Bitte w\u00e4hlen Sie mindestens ein Winnie Puuh Metall-Anh\u00e4nger aus, sonst wird das Produkt nur mit dem urspr\u00fcnglichen Crudo runden Anh\u00e4nger geliefert und nicht mit der Winnie Puuh Special Edition Geschenkbox**\n\n<strong><u>Winnie Puuh Kollektion Special Edition <\/u><\/strong>\n\nLiebe wird gef\u00fchlt... F\u00fcr Winnie Puuh und seine Freunde sind gemeinsame Abenteuermomente und begleitendes Lachen der s\u00fc\u00dfeste Honig. Mit der Crudo Winnie Puuh Kollektion k\u00f6nnen Sie die S\u00fc\u00dfe der Freundschaft sp\u00fcren!\n\n<strong>Klicken Sie auf \"Zum Warenkorb hinzuf\u00fcgen und gestalten\", um Ihren Gravurinhalt zu gestalten <\/strong>\n\n- Offiziell lizenziertes Disney Produkt\n- Verschiedene Winnie Puuh Metall-Anh\u00e4nger, die frei kombiniert und am Lederarmband befestigt werden k\u00f6nnen\n- Innovatives Crudo Anh\u00e4nger-Design, verziert mit Strasssteinen \/ Emaille-Effekten auf der Oberfl\u00e4che\n- Beim Kauf von Winnie Puuh Schmuck erhalten Sie eine Winnie Puuh Special Edition Geschenkbox mit abl\u00f6sbarer Gru\u00dfkarte (inklusive Geschenkkarte und Produktgarantie)\n- Hergestellt aus italienischem geflochtenem Vollrindleder und feinstem 316L Edelstahl\n- Einbettung von blauen Sandsteinen in die 316L Edelstahloberfl\u00e4che, um dem Lederarmband heilende Energie zu verleihen\n- Handwerker verwenden pr\u00e4zise Edelsteinschneidetechniken, um wertvolle Steine in funkelndem Glanz erstrahlen zu lassen\n- Jeder Stein ist nat\u00fcrlich abgebaut und hat eine einzigartige nat\u00fcrliche Textur\n- Kostenloser Gravurservice, verschiedene Schriftarten, Winnie Puuh Special Edition Emojis und Gravurvorschl\u00e4ge zur Auswahl\n- Verblasst und oxidiert nicht leicht, dauerhafte Aufbewahrung\n- Mit Magnetverschluss und exklusivem achteckigem Design\n- Geeignet f\u00fcr Menschen mit empfindlicher Haut\n- Hinweis: Das Armband ist nicht f\u00fcr Kinder unter 3 Jahren geeignet\n\n<strong>Herstellungszeit und Versanddetails\n<\/strong>- Jedes Produkt ben\u00f6tigt nur 1-5 Werktage zur Fertigstellung\n- Bestellungen von heute k\u00f6nnen bereits morgen versendet werden\n- Direktversand nach Hongkong und Macau","protected":false},"featured_media":326035,"comment_status":"open","ping_status":"closed","template":"","meta":{"inline_featured_image":false},"collection":[3030],"trending_cat":[],"product_cat":[17],"product_tag":[2402,2898],"class_list":{"0":"post-326030","1":"product","2":"type-product","3":"status-publish","4":"has-post-thumbnail","6":"product_cat-bracelets-cuffs","7":"product_tag-disney-pixar","8":"product_tag-winnie-the-pooh-collection","10":"first","11":"instock","12":"sale","13":"shipping-taxable","14":"purchasable","15":"product-type-variable"},"yoast_head":"<!-- This site is optimized with the Yoast SEO plugin v23.4 - https:\/\/yoast.com\/wordpress\/plugins\/seo\/ -->\n<title>Winnie the Pooh gewebtes Leder Edelstein Armband Dunkelblau Blau Goldsandstein<\/title>\n<meta name=\"description\" content=\"Crudo x Winnie Puuh Limited Edition! Geflochtenes Lederarmband mit Edelsteinen, dunkelblau mit Blau-Gold-Sandstein. Italienisches Vollrindleder und 316L deutscher Stahl, offiziell lizenziert.\" \/>\n<meta name=\"robots\" content=\"index, follow, max-snippet:-1, max-image-preview:large, max-video-preview:-1\" \/>\n<link rel=\"canonical\" href=\"https:\/\/crudo-leather.com\/de\/product\/winnie-the-pooh-customized-italian-leather-wrap-bracelet-palace-blue-blue-goldstone\/\" \/>\n<meta property=\"og:locale\" content=\"en_US\" \/>\n<meta property=\"og:type\" content=\"article\" \/>\n<meta property=\"og:title\" content=\"Winnie the Pooh gewebtes Leder Edelstein Armband Dunkelblau Blau Goldsandstein\" \/>\n<meta property=\"og:description\" content=\"Crudo x Winnie Puuh Limited Edition! Geflochtenes Lederarmband mit Edelsteinen, dunkelblau mit Blau-Gold-Sandstein. Italienisches Vollrindleder und 316L deutscher Stahl, offiziell lizenziert.\" \/>\n<meta property=\"og:url\" content=\"https:\/\/crudo-leather.com\/product\/winnie-the-pooh-customized-italian-leather-wrap-bracelet-palace-blue-blue-goldstone\/\" \/>\n<meta property=\"og:site_name\" content=\"Crudo\" \/>\n<meta property=\"article:modified_time\" content=\"2026-01-09T07:50:07+00:00\" \/>\n<meta property=\"og:image\" content=\"https:\/\/crudo-leather.com\/wp-content\/uploads\/2025\/03\/WTP_WBG_BRT01stone_Blue_a-1.jpg\" \/>\n\t<meta property=\"og:image:width\" content=\"2000\" \/>\n\t<meta property=\"og:image:height\" content=\"2000\" \/>\n\t<meta property=\"og:image:type\" content=\"image\/jpeg\" \/>\n<meta name=\"twitter:card\" content=\"summary_large_image\" \/>\n<meta name=\"twitter:label1\" content=\"Est. reading time\" \/>\n\t<meta name=\"twitter:data1\" content=\"1 minute\" \/>\n<script type=\"application\/ld+json\" class=\"yoast-schema-graph\">{\"@context\":\"https:\/\/schema.org\",\"@graph\":[{\"@type\":\"WebPage\",\"@id\":\"https:\/\/crudo-leather.com\/product\/winnie-the-pooh-customized-italian-leather-wrap-bracelet-palace-blue-blue-goldstone\/\",\"url\":\"https:\/\/crudo-leather.com\/product\/winnie-the-pooh-customized-italian-leather-wrap-bracelet-palace-blue-blue-goldstone\/\",\"name\":\"Winnie the Pooh Customized Italian Leather Wrap Bracelet - Palace Blue Blue Goldstone\",\"isPartOf\":{\"@id\":\"https:\/\/crudo-leather.com\/#website\"},\"primaryImageOfPage\":{\"@id\":\"https:\/\/crudo-leather.com\/product\/winnie-the-pooh-customized-italian-leather-wrap-bracelet-palace-blue-blue-goldstone\/#primaryimage\"},\"image\":{\"@id\":\"https:\/\/crudo-leather.com\/product\/winnie-the-pooh-customized-italian-leather-wrap-bracelet-palace-blue-blue-goldstone\/#primaryimage\"},\"thumbnailUrl\":\"https:\/\/crudo-leather.com\/wp-content\/uploads\/2025\/03\/WTP_WBG_BRT01stone_Blue_a-1.jpg\",\"datePublished\":\"2025-03-04T08:32:53+00:00\",\"dateModified\":\"2026-01-09T07:50:07+00:00\",\"description\":\"Explore officially licensed Winnie the Pooh customized Italian leather wrap bracelet. Palace blue with blue goldstone. Free engraving & luxury gift box. A unique accessory. Shop now!\",\"breadcrumb\":{\"@id\":\"https:\/\/crudo-leather.com\/product\/winnie-the-pooh-customized-italian-leather-wrap-bracelet-palace-blue-blue-goldstone\/#breadcrumb\"},\"inLanguage\":\"en-US\",\"potentialAction\":[{\"@type\":\"ReadAction\",\"target\":[\"https:\/\/crudo-leather.com\/product\/winnie-the-pooh-customized-italian-leather-wrap-bracelet-palace-blue-blue-goldstone\/\"]}]},{\"@type\":\"ImageObject\",\"inLanguage\":\"en-US\",\"@id\":\"https:\/\/crudo-leather.com\/product\/winnie-the-pooh-customized-italian-leather-wrap-bracelet-palace-blue-blue-goldstone\/#primaryimage\",\"url\":\"https:\/\/crudo-leather.com\/wp-content\/uploads\/2025\/03\/WTP_WBG_BRT01stone_Blue_a-1.jpg\",\"contentUrl\":\"https:\/\/crudo-leather.com\/wp-content\/uploads\/2025\/03\/WTP_WBG_BRT01stone_Blue_a-1.jpg\",\"width\":2000,\"height\":2000},{\"@type\":\"BreadcrumbList\",\"@id\":\"https:\/\/crudo-leather.com\/product\/winnie-the-pooh-customized-italian-leather-wrap-bracelet-palace-blue-blue-goldstone\/#breadcrumb\",\"itemListElement\":[{\"@type\":\"ListItem\",\"position\":1,\"name\":\"Shop\",\"item\":\"https:\/\/crudo-leather.com\/shop\/\"},{\"@type\":\"ListItem\",\"position\":2,\"name\":\"Winnie the Pooh Customized Leather Wrap Gemstone Bracelet\"}]},{\"@type\":\"WebSite\",\"@id\":\"https:\/\/crudo-leather.com\/#website\",\"url\":\"https:\/\/crudo-leather.com\/\",\"name\":\"Crudo\",\"description\":\"\",\"potentialAction\":[{\"@type\":\"SearchAction\",\"target\":{\"@type\":\"EntryPoint\",\"urlTemplate\":\"https:\/\/crudo-leather.com\/?s={search_term_string}\"},\"query-input\":{\"@type\":\"PropertyValueSpecification\",\"valueRequired\":true,\"valueName\":\"search_term_string\"}}],\"inLanguage\":\"en-US\"}]}<\/script>\n<!-- \/ Yoast SEO plugin. -->","yoast_head_json":{"title":"Winnie the Pooh gewebtes Leder Edelstein Armband Dunkelblau Blau Goldsandstein","description":"Crudo x Winnie Puuh Limited Edition! Geflochtenes Lederarmband mit Edelsteinen, dunkelblau mit Blau-Gold-Sandstein. Italienisches Vollrindleder und 316L deutscher Stahl, offiziell lizenziert.","robots":{"index":"index","follow":"follow","max-snippet":"max-snippet:-1","max-image-preview":"max-image-preview:large","max-video-preview":"max-video-preview:-1"},"canonical":"https:\/\/crudo-leather.com\/de\/product\/winnie-the-pooh-customized-italian-leather-wrap-bracelet-palace-blue-blue-goldstone\/","og_locale":"en_US","og_type":"article","og_title":"Winnie the Pooh gewebtes Leder Edelstein Armband Dunkelblau Blau Goldsandstein","og_description":"Crudo x Winnie Puuh Limited Edition! Geflochtenes Lederarmband mit Edelsteinen, dunkelblau mit Blau-Gold-Sandstein. Italienisches Vollrindleder und 316L deutscher Stahl, offiziell lizenziert.","og_url":"https:\/\/crudo-leather.com\/product\/winnie-the-pooh-customized-italian-leather-wrap-bracelet-palace-blue-blue-goldstone\/","og_site_name":"Crudo","article_modified_time":"2026-01-09T07:50:07+00:00","og_image":[{"width":2000,"height":2000,"url":"https:\/\/crudo-leather.com\/wp-content\/uploads\/2025\/03\/WTP_WBG_BRT01stone_Blue_a-1.jpg","type":"image\/jpeg"}],"twitter_card":"summary_large_image","twitter_misc":{"Est. reading time":"1 minute"},"schema":{"@context":"https:\/\/schema.org","@graph":[{"@type":"WebPage","@id":"https:\/\/crudo-leather.com\/product\/winnie-the-pooh-customized-italian-leather-wrap-bracelet-palace-blue-blue-goldstone\/","url":"https:\/\/crudo-leather.com\/product\/winnie-the-pooh-customized-italian-leather-wrap-bracelet-palace-blue-blue-goldstone\/","name":"Winnie the Pooh Customized Italian Leather Wrap Bracelet - Palace Blue Blue Goldstone","isPartOf":{"@id":"https:\/\/crudo-leather.com\/#website"},"primaryImageOfPage":{"@id":"https:\/\/crudo-leather.com\/product\/winnie-the-pooh-customized-italian-leather-wrap-bracelet-palace-blue-blue-goldstone\/#primaryimage"},"image":{"@id":"https:\/\/crudo-leather.com\/product\/winnie-the-pooh-customized-italian-leather-wrap-bracelet-palace-blue-blue-goldstone\/#primaryimage"},"thumbnailUrl":"https:\/\/crudo-leather.com\/wp-content\/uploads\/2025\/03\/WTP_WBG_BRT01stone_Blue_a-1.jpg","datePublished":"2025-03-04T08:32:53+00:00","dateModified":"2026-01-09T07:50:07+00:00","description":"Explore officially licensed Winnie the Pooh customized Italian leather wrap bracelet. Palace blue with blue goldstone. Free engraving & luxury gift box. A unique accessory. Shop now!","breadcrumb":{"@id":"https:\/\/crudo-leather.com\/product\/winnie-the-pooh-customized-italian-leather-wrap-bracelet-palace-blue-blue-goldstone\/#breadcrumb"},"inLanguage":"en-US","potentialAction":[{"@type":"ReadAction","target":["https:\/\/crudo-leather.com\/product\/winnie-the-pooh-customized-italian-leather-wrap-bracelet-palace-blue-blue-goldstone\/"]}]},{"@type":"ImageObject","inLanguage":"en-US","@id":"https:\/\/crudo-leather.com\/product\/winnie-the-pooh-customized-italian-leather-wrap-bracelet-palace-blue-blue-goldstone\/#primaryimage","url":"https:\/\/crudo-leather.com\/wp-content\/uploads\/2025\/03\/WTP_WBG_BRT01stone_Blue_a-1.jpg","contentUrl":"https:\/\/crudo-leather.com\/wp-content\/uploads\/2025\/03\/WTP_WBG_BRT01stone_Blue_a-1.jpg","width":2000,"height":2000},{"@type":"BreadcrumbList","@id":"https:\/\/crudo-leather.com\/product\/winnie-the-pooh-customized-italian-leather-wrap-bracelet-palace-blue-blue-goldstone\/#breadcrumb","itemListElement":[{"@type":"ListItem","position":1,"name":"Shop","item":"https:\/\/crudo-leather.com\/shop\/"},{"@type":"ListItem","position":2,"name":"Winnie the Pooh Customized Leather Wrap Gemstone Bracelet"}]},{"@type":"WebSite","@id":"https:\/\/crudo-leather.com\/#website","url":"https:\/\/crudo-leather.com\/","name":"Crudo","description":"","potentialAction":[{"@type":"SearchAction","target":{"@type":"EntryPoint","urlTemplate":"https:\/\/crudo-leather.com\/?s={search_term_string}"},"query-input":{"@type":"PropertyValueSpecification","valueRequired":true,"valueName":"search_term_string"}}],"inLanguage":"en-US"}]}},"_links":{"self":[{"href":"https:\/\/crudo-leather.com\/de\/wp-json\/wp\/v2\/product\/326030"}],"collection":[{"href":"https:\/\/crudo-leather.com\/de\/wp-json\/wp\/v2\/product"}],"about":[{"href":"https:\/\/crudo-leather.com\/de\/wp-json\/wp\/v2\/types\/product"}],"replies":[{"embeddable":true,"href":"https:\/\/crudo-leather.com\/de\/wp-json\/wp\/v2\/comments?post=326030"}],"wp:featuredmedia":[{"embeddable":true,"href":"https:\/\/crudo-leather.com\/de\/wp-json\/wp\/v2\/media\/326035"}],"wp:attachment":[{"href":"https:\/\/crudo-leather.com\/de\/wp-json\/wp\/v2\/media?parent=326030"}],"wp:term":[{"taxonomy":"collection","embeddable":true,"href":"https:\/\/crudo-leather.com\/de\/wp-json\/wp\/v2\/collection?post=326030"},{"taxonomy":"trending_cat","embeddable":true,"href":"https:\/\/crudo-leather.com\/de\/wp-json\/wp\/v2\/trending_cat?post=326030"},{"taxonomy":"product_cat","embeddable":true,"href":"https:\/\/crudo-leather.com\/de\/wp-json\/wp\/v2\/product_cat?post=326030"},{"taxonomy":"product_tag","embeddable":true,"href":"https:\/\/crudo-leather.com\/de\/wp-json\/wp\/v2\/product_tag?post=326030"}],"curies":[{"name":"wp","href":"https:\/\/api.w.org\/{rel}","templated":true}]}}