{"id":326140,"date":"2025-03-11T10:17:39","date_gmt":"2025-03-11T02:17:39","guid":{"rendered":"https:\/\/crudo-leather.com\/?post_type=product&#038;p=326140"},"modified":"2026-01-09T15:56:49","modified_gmt":"2026-01-09T07:56:49","slug":"winnie-the-pooh-customized-stainless-steel-box-chain-bracelet-rose-gold","status":"publish","type":"product","link":"https:\/\/crudo-leather.com\/de\/product\/winnie-the-pooh-customized-stainless-steel-box-chain-bracelet-rose-gold\/","title":{"rendered":"Winnie Puuh Kollektion Limited Edition personalisiertes Stahlarmband"},"content":{"rendered":"","protected":false},"excerpt":{"rendered":"**Bitte w\u00e4hlen Sie mindestens ein Winnie Puuh Metall-Anh\u00e4nger aus, sonst wird das Produkt nur mit dem urspr\u00fcnglichen Crudo runden Anh\u00e4nger geliefert und nicht mit der Winnie Puuh Special Edition Geschenkbox**\n\n<strong><u>Winnie Puuh Kollektion Special Edition <\/u><\/strong>\n\nLiebe wird gef\u00fchlt... F\u00fcr Winnie Puuh und seine Freunde sind gemeinsame Abenteuer und das Lachen zusammen der s\u00fc\u00dfeste Honig. Mit der Crudo Winnie Puuh Kollektion k\u00f6nnen Sie die S\u00fc\u00dfe der Freundschaft sp\u00fcren!\n\n<strong>Klicken Sie auf \"In den Warenkorb legen und gestalten\", um Ihren Gravurtext zu entwerfen <\/strong>\n\n- Offiziell lizenziertes Disney Produkt\n- Verschiedene Winnie Puuh Metall-Anh\u00e4nger, frei kombinierbar und am Stahlarmband befestigbar\n- Innovatives Crudo Anh\u00e4nger-Design, verziert mit Strasssteinen \/ Emaille-Effekten auf der Oberfl\u00e4che\n- Beim Kauf von Winnie Puuh Schmuck erhalten Sie eine Winnie Puuh Special Edition Geschenkbox mit abl\u00f6sbarer Gru\u00dfkarte (inklusive Geschenkkarte und Produktgarantie)\n- Einzigartige Kombination aus einem langen, achteckig geschnittenen Stahlarmband und speziell gestalteten quadratischen Edelstahlketten\n- Kann einzeln oder gestapelt getragen werden\n- Kostenloser Gravurservice, verschiedene Schriftarten, Winnie Puuh Special Edition Emojis und Gravurvorschl\u00e4ge verf\u00fcgbar\n- Verblasst und oxidiert nicht leicht, bleibt lange erhalten\n- Mit Magnetverschluss und exklusivem achteckigem Schnittdesign\n- Geeignet f\u00fcr Menschen mit empfindlicher Haut\n\n<strong>Herstellungszeit und Versanddetails\n<\/strong>- Jedes Produkt ben\u00f6tigt nur 1-5 Werktage zur Herstellung\n- Bestellungen von heute k\u00f6nnen bereits morgen versendet werden\n- Direktversand nach Hongkong und Macau","protected":false},"featured_media":326145,"comment_status":"open","ping_status":"closed","template":"","meta":{"inline_featured_image":false},"collection":[3030],"trending_cat":[],"product_cat":[17],"product_tag":[2402,2898],"class_list":{"0":"post-326140","1":"product","2":"type-product","3":"status-publish","4":"has-post-thumbnail","6":"product_cat-bracelets-cuffs","7":"product_tag-disney-pixar","8":"product_tag-winnie-the-pooh-collection","10":"first","11":"instock","12":"sale","13":"shipping-taxable","14":"purchasable","15":"product-type-variable"},"yoast_head":"<!-- This site is optimized with the Yoast SEO plugin v23.4 - https:\/\/yoast.com\/wordpress\/plugins\/seo\/ -->\n<title>Winnie the Pooh Stahlarmband Ros\u00e9gold<\/title>\n<meta name=\"description\" content=\"Crudo x Winnie Puuh Limited Edition Kollaboration! Personalisiertes Stahlarmband, Ros\u00e9gold. 316L Edelstahl, offiziell lizenziert, personalisierbare Gravur, geeignet f\u00fcr empfindliche Haut.\" \/>\n<meta name=\"robots\" content=\"index, follow, max-snippet:-1, max-image-preview:large, max-video-preview:-1\" \/>\n<link rel=\"canonical\" href=\"https:\/\/crudo-leather.com\/de\/product\/winnie-the-pooh-customized-stainless-steel-box-chain-bracelet-rose-gold\/\" \/>\n<meta property=\"og:locale\" content=\"en_US\" \/>\n<meta property=\"og:type\" content=\"article\" \/>\n<meta property=\"og:title\" content=\"Winnie the Pooh Stahlarmband Ros\u00e9gold\" \/>\n<meta property=\"og:description\" content=\"Crudo x Winnie Puuh Limited Edition Kollaboration! Personalisiertes Stahlarmband, Ros\u00e9gold. 316L Edelstahl, offiziell lizenziert, personalisierbare Gravur, geeignet f\u00fcr empfindliche Haut.\" \/>\n<meta property=\"og:url\" content=\"https:\/\/crudo-leather.com\/product\/winnie-the-pooh-customized-stainless-steel-box-chain-bracelet-rose-gold\/\" \/>\n<meta property=\"og:site_name\" content=\"Crudo\" \/>\n<meta property=\"article:modified_time\" content=\"2026-01-09T07:56:49+00:00\" \/>\n<meta property=\"og:image\" content=\"https:\/\/crudo-leather.com\/wp-content\/uploads\/2025\/03\/WTP_WBG_ZBT26RG__a.jpg\" \/>\n\t<meta property=\"og:image:width\" content=\"2000\" \/>\n\t<meta property=\"og:image:height\" content=\"2000\" \/>\n\t<meta property=\"og:image:type\" content=\"image\/jpeg\" \/>\n<meta name=\"twitter:card\" content=\"summary_large_image\" \/>\n<meta name=\"twitter:label1\" content=\"Est. reading time\" \/>\n\t<meta name=\"twitter:data1\" content=\"1 minute\" \/>\n<script type=\"application\/ld+json\" class=\"yoast-schema-graph\">{\"@context\":\"https:\/\/schema.org\",\"@graph\":[{\"@type\":\"WebPage\",\"@id\":\"https:\/\/crudo-leather.com\/product\/winnie-the-pooh-customized-stainless-steel-box-chain-bracelet-rose-gold\/\",\"url\":\"https:\/\/crudo-leather.com\/product\/winnie-the-pooh-customized-stainless-steel-box-chain-bracelet-rose-gold\/\",\"name\":\"Winnie the Pooh Customized Stainless Steel Box Chain Bracelet - Rose Gold\",\"isPartOf\":{\"@id\":\"https:\/\/crudo-leather.com\/#website\"},\"primaryImageOfPage\":{\"@id\":\"https:\/\/crudo-leather.com\/product\/winnie-the-pooh-customized-stainless-steel-box-chain-bracelet-rose-gold\/#primaryimage\"},\"image\":{\"@id\":\"https:\/\/crudo-leather.com\/product\/winnie-the-pooh-customized-stainless-steel-box-chain-bracelet-rose-gold\/#primaryimage\"},\"thumbnailUrl\":\"https:\/\/crudo-leather.com\/wp-content\/uploads\/2025\/03\/WTP_WBG_ZBT26RG__a.jpg\",\"datePublished\":\"2025-03-11T02:17:39+00:00\",\"dateModified\":\"2026-01-09T07:56:49+00:00\",\"description\":\"Explore officially licensed Winnie the Pooh stainless steel box chain bracelet. Rose gold color. Free engraving & luxury gift box. A unique accessory. Shop now!\",\"breadcrumb\":{\"@id\":\"https:\/\/crudo-leather.com\/product\/winnie-the-pooh-customized-stainless-steel-box-chain-bracelet-rose-gold\/#breadcrumb\"},\"inLanguage\":\"en-US\",\"potentialAction\":[{\"@type\":\"ReadAction\",\"target\":[\"https:\/\/crudo-leather.com\/product\/winnie-the-pooh-customized-stainless-steel-box-chain-bracelet-rose-gold\/\"]}]},{\"@type\":\"ImageObject\",\"inLanguage\":\"en-US\",\"@id\":\"https:\/\/crudo-leather.com\/product\/winnie-the-pooh-customized-stainless-steel-box-chain-bracelet-rose-gold\/#primaryimage\",\"url\":\"https:\/\/crudo-leather.com\/wp-content\/uploads\/2025\/03\/WTP_WBG_ZBT26RG__a.jpg\",\"contentUrl\":\"https:\/\/crudo-leather.com\/wp-content\/uploads\/2025\/03\/WTP_WBG_ZBT26RG__a.jpg\",\"width\":2000,\"height\":2000},{\"@type\":\"BreadcrumbList\",\"@id\":\"https:\/\/crudo-leather.com\/product\/winnie-the-pooh-customized-stainless-steel-box-chain-bracelet-rose-gold\/#breadcrumb\",\"itemListElement\":[{\"@type\":\"ListItem\",\"position\":1,\"name\":\"Shop\",\"item\":\"https:\/\/crudo-leather.com\/shop\/\"},{\"@type\":\"ListItem\",\"position\":2,\"name\":\"Winnie the Pooh Customized Stainless Steel Box Chain Bracelet\"}]},{\"@type\":\"WebSite\",\"@id\":\"https:\/\/crudo-leather.com\/#website\",\"url\":\"https:\/\/crudo-leather.com\/\",\"name\":\"Crudo\",\"description\":\"\",\"potentialAction\":[{\"@type\":\"SearchAction\",\"target\":{\"@type\":\"EntryPoint\",\"urlTemplate\":\"https:\/\/crudo-leather.com\/?s={search_term_string}\"},\"query-input\":{\"@type\":\"PropertyValueSpecification\",\"valueRequired\":true,\"valueName\":\"search_term_string\"}}],\"inLanguage\":\"en-US\"}]}<\/script>\n<!-- \/ Yoast SEO plugin. -->","yoast_head_json":{"title":"Winnie the Pooh Stahlarmband Ros\u00e9gold","description":"Crudo x Winnie Puuh Limited Edition Kollaboration! Personalisiertes Stahlarmband, Ros\u00e9gold. 316L Edelstahl, offiziell lizenziert, personalisierbare Gravur, geeignet f\u00fcr empfindliche Haut.","robots":{"index":"index","follow":"follow","max-snippet":"max-snippet:-1","max-image-preview":"max-image-preview:large","max-video-preview":"max-video-preview:-1"},"canonical":"https:\/\/crudo-leather.com\/de\/product\/winnie-the-pooh-customized-stainless-steel-box-chain-bracelet-rose-gold\/","og_locale":"en_US","og_type":"article","og_title":"Winnie the Pooh Stahlarmband Ros\u00e9gold","og_description":"Crudo x Winnie Puuh Limited Edition Kollaboration! Personalisiertes Stahlarmband, Ros\u00e9gold. 316L Edelstahl, offiziell lizenziert, personalisierbare Gravur, geeignet f\u00fcr empfindliche Haut.","og_url":"https:\/\/crudo-leather.com\/product\/winnie-the-pooh-customized-stainless-steel-box-chain-bracelet-rose-gold\/","og_site_name":"Crudo","article_modified_time":"2026-01-09T07:56:49+00:00","og_image":[{"width":2000,"height":2000,"url":"https:\/\/crudo-leather.com\/wp-content\/uploads\/2025\/03\/WTP_WBG_ZBT26RG__a.jpg","type":"image\/jpeg"}],"twitter_card":"summary_large_image","twitter_misc":{"Est. reading time":"1 minute"},"schema":{"@context":"https:\/\/schema.org","@graph":[{"@type":"WebPage","@id":"https:\/\/crudo-leather.com\/product\/winnie-the-pooh-customized-stainless-steel-box-chain-bracelet-rose-gold\/","url":"https:\/\/crudo-leather.com\/product\/winnie-the-pooh-customized-stainless-steel-box-chain-bracelet-rose-gold\/","name":"Winnie the Pooh Customized Stainless Steel Box Chain Bracelet - Rose Gold","isPartOf":{"@id":"https:\/\/crudo-leather.com\/#website"},"primaryImageOfPage":{"@id":"https:\/\/crudo-leather.com\/product\/winnie-the-pooh-customized-stainless-steel-box-chain-bracelet-rose-gold\/#primaryimage"},"image":{"@id":"https:\/\/crudo-leather.com\/product\/winnie-the-pooh-customized-stainless-steel-box-chain-bracelet-rose-gold\/#primaryimage"},"thumbnailUrl":"https:\/\/crudo-leather.com\/wp-content\/uploads\/2025\/03\/WTP_WBG_ZBT26RG__a.jpg","datePublished":"2025-03-11T02:17:39+00:00","dateModified":"2026-01-09T07:56:49+00:00","description":"Explore officially licensed Winnie the Pooh stainless steel box chain bracelet. Rose gold color. Free engraving & luxury gift box. A unique accessory. Shop now!","breadcrumb":{"@id":"https:\/\/crudo-leather.com\/product\/winnie-the-pooh-customized-stainless-steel-box-chain-bracelet-rose-gold\/#breadcrumb"},"inLanguage":"en-US","potentialAction":[{"@type":"ReadAction","target":["https:\/\/crudo-leather.com\/product\/winnie-the-pooh-customized-stainless-steel-box-chain-bracelet-rose-gold\/"]}]},{"@type":"ImageObject","inLanguage":"en-US","@id":"https:\/\/crudo-leather.com\/product\/winnie-the-pooh-customized-stainless-steel-box-chain-bracelet-rose-gold\/#primaryimage","url":"https:\/\/crudo-leather.com\/wp-content\/uploads\/2025\/03\/WTP_WBG_ZBT26RG__a.jpg","contentUrl":"https:\/\/crudo-leather.com\/wp-content\/uploads\/2025\/03\/WTP_WBG_ZBT26RG__a.jpg","width":2000,"height":2000},{"@type":"BreadcrumbList","@id":"https:\/\/crudo-leather.com\/product\/winnie-the-pooh-customized-stainless-steel-box-chain-bracelet-rose-gold\/#breadcrumb","itemListElement":[{"@type":"ListItem","position":1,"name":"Shop","item":"https:\/\/crudo-leather.com\/shop\/"},{"@type":"ListItem","position":2,"name":"Winnie the Pooh Customized Stainless Steel Box Chain Bracelet"}]},{"@type":"WebSite","@id":"https:\/\/crudo-leather.com\/#website","url":"https:\/\/crudo-leather.com\/","name":"Crudo","description":"","potentialAction":[{"@type":"SearchAction","target":{"@type":"EntryPoint","urlTemplate":"https:\/\/crudo-leather.com\/?s={search_term_string}"},"query-input":{"@type":"PropertyValueSpecification","valueRequired":true,"valueName":"search_term_string"}}],"inLanguage":"en-US"}]}},"_links":{"self":[{"href":"https:\/\/crudo-leather.com\/de\/wp-json\/wp\/v2\/product\/326140"}],"collection":[{"href":"https:\/\/crudo-leather.com\/de\/wp-json\/wp\/v2\/product"}],"about":[{"href":"https:\/\/crudo-leather.com\/de\/wp-json\/wp\/v2\/types\/product"}],"replies":[{"embeddable":true,"href":"https:\/\/crudo-leather.com\/de\/wp-json\/wp\/v2\/comments?post=326140"}],"wp:featuredmedia":[{"embeddable":true,"href":"https:\/\/crudo-leather.com\/de\/wp-json\/wp\/v2\/media\/326145"}],"wp:attachment":[{"href":"https:\/\/crudo-leather.com\/de\/wp-json\/wp\/v2\/media?parent=326140"}],"wp:term":[{"taxonomy":"collection","embeddable":true,"href":"https:\/\/crudo-leather.com\/de\/wp-json\/wp\/v2\/collection?post=326140"},{"taxonomy":"trending_cat","embeddable":true,"href":"https:\/\/crudo-leather.com\/de\/wp-json\/wp\/v2\/trending_cat?post=326140"},{"taxonomy":"product_cat","embeddable":true,"href":"https:\/\/crudo-leather.com\/de\/wp-json\/wp\/v2\/product_cat?post=326140"},{"taxonomy":"product_tag","embeddable":true,"href":"https:\/\/crudo-leather.com\/de\/wp-json\/wp\/v2\/product_tag?post=326140"}],"curies":[{"name":"wp","href":"https:\/\/api.w.org\/{rel}","templated":true}]}}