{"id":326535,"date":"2025-03-06T16:19:10","date_gmt":"2025-03-06T08:19:10","guid":{"rendered":"https:\/\/crudo-leather.com\/?post_type=product&#038;p=326535"},"modified":"2026-01-02T09:47:12","modified_gmt":"2026-01-02T01:47:12","slug":"winnie-the-pooh-uv-printed-customized-rfid-slim-passport-wallet-saffiano-black","status":"publish","type":"product","link":"https:\/\/crudo-leather.com\/de\/product\/winnie-the-pooh-uv-printed-customized-rfid-slim-passport-wallet-saffiano-black\/","title":{"rendered":"Winnie Puuh Kollektion Limited Edition UV-Druck personalisiertes RFID d\u00fcnnes Leder Reisepass Portemonnaie"},"content":{"rendered":"","protected":false},"excerpt":{"rendered":"<strong>** Nach Auswahl des Produkts und Klicken auf \"Zum Warenkorb hinzuf\u00fcgen und gestalten\" w\u00e4hlen Sie bitte auf der Gestaltungsseite mindestens ein spezielles Motiv aus der Winnie Puuh Kollektion aus, um den UV-Druck anzupassen und das Winnie Puuh Geschenkset zu verbessern. **<\/strong>\n\n<strong><u>Winnie Puuh Special Edition\n<\/u><\/strong>Betreten Sie den Hundertmorgenwald mit den Crudo Winnie Puuh Reise-Lederaccessoires und lassen Sie jede Reise zu einer neuen Geschichte werden.\n\n<strong>Klicken Sie auf \"Zum Warenkorb hinzuf\u00fcgen und gestalten\", um Ihren Pr\u00e4getext zu gestalten<\/strong>\n\n- Offiziell lizenzierte Disney-Produkte\n- Die gesamte Kollektion umfasst 8 lebendige und lustige Emojis von Winnie Puuh und seinen Freunden, die per UV-Druck auf italienischem Kreuznarbenleder aufgebracht werden k\u00f6nnen\n- Beim Kauf von Winnie Puuh Accessoires erhalten Sie ein Winnie Puuh Special Edition Geschenkset mit abziehbarer Gru\u00dfkarte (inklusive Geschenkkarte und Produktgarantie)\n- Hergestellt aus 100% italienischem Kreuznarben-Vollrindleder\n- RFID-Blockiertechnologie sch\u00fctzt wichtige Daten auf Karten vor Diebstahl\n- Handgen\u00e4hte Zugschn\u00fcre, geschliffene und vers\u00e4uberte Kanten\n\n<strong>Kartenf\u00e4cher:\n<\/strong>- Separates Geldscheinfach\n- 5 Kreditkartenf\u00e4cher\n- 1 Reisepassfach\n- 1 Bordkartenfach\n- 1 Innentasche\n\nHerstellungszeit und Versanddetails\n- Jedes Produkt ben\u00f6tigt nur 1-5 Werktage zur Fertigstellung\n- Bei Bestellung heute kann es bereits morgen versendet werden\n- Direktversand nach Hongkong und Macau","protected":false},"featured_media":326538,"comment_status":"open","ping_status":"closed","template":"","meta":{"inline_featured_image":false},"collection":[3030],"trending_cat":[],"product_cat":[82],"product_tag":[2402,2898],"class_list":{"0":"post-326535","1":"product","2":"type-product","3":"status-publish","4":"has-post-thumbnail","6":"product_cat-passport-holder","7":"product_tag-disney-pixar","8":"product_tag-winnie-the-pooh-collection","10":"first","11":"instock","12":"sale","13":"shipping-taxable","14":"purchasable","15":"product-type-variable"},"yoast_head":"<!-- This site is optimized with the Yoast SEO plugin v23.4 - https:\/\/yoast.com\/wordpress\/plugins\/seo\/ -->\n<title>Winnie the Pooh RFID schlanke Reisepassh\u00fclle Saffiano Schwarz<\/title>\n<meta name=\"description\" content=\"Crudo x Winnie Puuh Limited Edition! UV-gedrucktes personalisiertes RFID-D\u00fcnnleder-Reisepass-Portemonnaie, Saffiano Schwarz. Offiziell lizenziert, Diebstahlschutztechnologie, multifunktionales Design.\" \/>\n<meta name=\"robots\" content=\"index, follow, max-snippet:-1, max-image-preview:large, max-video-preview:-1\" \/>\n<link rel=\"canonical\" href=\"https:\/\/crudo-leather.com\/de\/product\/winnie-the-pooh-uv-printed-customized-rfid-slim-passport-wallet-saffiano-black\/\" \/>\n<meta property=\"og:locale\" content=\"en_US\" \/>\n<meta property=\"og:type\" content=\"article\" \/>\n<meta property=\"og:title\" content=\"Winnie the Pooh RFID schlanke Reisepassh\u00fclle Saffiano Schwarz\" \/>\n<meta property=\"og:description\" content=\"Crudo x Winnie Puuh Limited Edition! UV-gedrucktes personalisiertes RFID-D\u00fcnnleder-Reisepass-Portemonnaie, Saffiano Schwarz. Offiziell lizenziert, Diebstahlschutztechnologie, multifunktionales Design.\" \/>\n<meta property=\"og:url\" content=\"https:\/\/crudo-leather.com\/product\/winnie-the-pooh-uv-printed-customized-rfid-slim-passport-wallet-saffiano-black\/\" \/>\n<meta property=\"og:site_name\" content=\"Crudo\" \/>\n<meta property=\"article:modified_time\" content=\"2026-01-02T01:47:12+00:00\" \/>\n<meta property=\"og:image\" content=\"https:\/\/crudo-leather.com\/wp-content\/uploads\/2025\/03\/PPH13_1_black_01.jpg\" \/>\n\t<meta property=\"og:image:width\" content=\"2000\" \/>\n\t<meta property=\"og:image:height\" content=\"2000\" \/>\n\t<meta property=\"og:image:type\" content=\"image\/jpeg\" \/>\n<meta name=\"twitter:card\" content=\"summary_large_image\" \/>\n<meta name=\"twitter:label1\" content=\"Est. reading time\" \/>\n\t<meta name=\"twitter:data1\" content=\"1 minute\" \/>\n<script type=\"application\/ld+json\" class=\"yoast-schema-graph\">{\"@context\":\"https:\/\/schema.org\",\"@graph\":[{\"@type\":\"WebPage\",\"@id\":\"https:\/\/crudo-leather.com\/product\/winnie-the-pooh-uv-printed-customized-rfid-slim-passport-wallet-saffiano-black\/\",\"url\":\"https:\/\/crudo-leather.com\/product\/winnie-the-pooh-uv-printed-customized-rfid-slim-passport-wallet-saffiano-black\/\",\"name\":\"Winnie the Pooh UV Printed RFID Slim Passport Wallet - Saffiano Black\",\"isPartOf\":{\"@id\":\"https:\/\/crudo-leather.com\/#website\"},\"primaryImageOfPage\":{\"@id\":\"https:\/\/crudo-leather.com\/product\/winnie-the-pooh-uv-printed-customized-rfid-slim-passport-wallet-saffiano-black\/#primaryimage\"},\"image\":{\"@id\":\"https:\/\/crudo-leather.com\/product\/winnie-the-pooh-uv-printed-customized-rfid-slim-passport-wallet-saffiano-black\/#primaryimage\"},\"thumbnailUrl\":\"https:\/\/crudo-leather.com\/wp-content\/uploads\/2025\/03\/PPH13_1_black_01.jpg\",\"datePublished\":\"2025-03-06T08:19:10+00:00\",\"dateModified\":\"2026-01-02T01:47:12+00:00\",\"description\":\"Discover officially licensed Winnie the Pooh UV printed RFID slim passport wallet. Saffiano black, secure & stylish. Free engraving & luxury gift box. Travel essential. Shop now!\",\"breadcrumb\":{\"@id\":\"https:\/\/crudo-leather.com\/product\/winnie-the-pooh-uv-printed-customized-rfid-slim-passport-wallet-saffiano-black\/#breadcrumb\"},\"inLanguage\":\"en-US\",\"potentialAction\":[{\"@type\":\"ReadAction\",\"target\":[\"https:\/\/crudo-leather.com\/product\/winnie-the-pooh-uv-printed-customized-rfid-slim-passport-wallet-saffiano-black\/\"]}]},{\"@type\":\"ImageObject\",\"inLanguage\":\"en-US\",\"@id\":\"https:\/\/crudo-leather.com\/product\/winnie-the-pooh-uv-printed-customized-rfid-slim-passport-wallet-saffiano-black\/#primaryimage\",\"url\":\"https:\/\/crudo-leather.com\/wp-content\/uploads\/2025\/03\/PPH13_1_black_01.jpg\",\"contentUrl\":\"https:\/\/crudo-leather.com\/wp-content\/uploads\/2025\/03\/PPH13_1_black_01.jpg\",\"width\":2000,\"height\":2000},{\"@type\":\"BreadcrumbList\",\"@id\":\"https:\/\/crudo-leather.com\/product\/winnie-the-pooh-uv-printed-customized-rfid-slim-passport-wallet-saffiano-black\/#breadcrumb\",\"itemListElement\":[{\"@type\":\"ListItem\",\"position\":1,\"name\":\"Shop\",\"item\":\"https:\/\/crudo-leather.com\/shop\/\"},{\"@type\":\"ListItem\",\"position\":2,\"name\":\"Winnie the Pooh UV Printed Customized RFID Slim Passport Wallet\"}]},{\"@type\":\"WebSite\",\"@id\":\"https:\/\/crudo-leather.com\/#website\",\"url\":\"https:\/\/crudo-leather.com\/\",\"name\":\"Crudo\",\"description\":\"\",\"potentialAction\":[{\"@type\":\"SearchAction\",\"target\":{\"@type\":\"EntryPoint\",\"urlTemplate\":\"https:\/\/crudo-leather.com\/?s={search_term_string}\"},\"query-input\":{\"@type\":\"PropertyValueSpecification\",\"valueRequired\":true,\"valueName\":\"search_term_string\"}}],\"inLanguage\":\"en-US\"}]}<\/script>\n<!-- \/ Yoast SEO plugin. -->","yoast_head_json":{"title":"Winnie the Pooh RFID schlanke Reisepassh\u00fclle Saffiano Schwarz","description":"Crudo x Winnie Puuh Limited Edition! UV-gedrucktes personalisiertes RFID-D\u00fcnnleder-Reisepass-Portemonnaie, Saffiano Schwarz. Offiziell lizenziert, Diebstahlschutztechnologie, multifunktionales Design.","robots":{"index":"index","follow":"follow","max-snippet":"max-snippet:-1","max-image-preview":"max-image-preview:large","max-video-preview":"max-video-preview:-1"},"canonical":"https:\/\/crudo-leather.com\/de\/product\/winnie-the-pooh-uv-printed-customized-rfid-slim-passport-wallet-saffiano-black\/","og_locale":"en_US","og_type":"article","og_title":"Winnie the Pooh RFID schlanke Reisepassh\u00fclle Saffiano Schwarz","og_description":"Crudo x Winnie Puuh Limited Edition! UV-gedrucktes personalisiertes RFID-D\u00fcnnleder-Reisepass-Portemonnaie, Saffiano Schwarz. Offiziell lizenziert, Diebstahlschutztechnologie, multifunktionales Design.","og_url":"https:\/\/crudo-leather.com\/product\/winnie-the-pooh-uv-printed-customized-rfid-slim-passport-wallet-saffiano-black\/","og_site_name":"Crudo","article_modified_time":"2026-01-02T01:47:12+00:00","og_image":[{"width":2000,"height":2000,"url":"https:\/\/crudo-leather.com\/wp-content\/uploads\/2025\/03\/PPH13_1_black_01.jpg","type":"image\/jpeg"}],"twitter_card":"summary_large_image","twitter_misc":{"Est. reading time":"1 minute"},"schema":{"@context":"https:\/\/schema.org","@graph":[{"@type":"WebPage","@id":"https:\/\/crudo-leather.com\/product\/winnie-the-pooh-uv-printed-customized-rfid-slim-passport-wallet-saffiano-black\/","url":"https:\/\/crudo-leather.com\/product\/winnie-the-pooh-uv-printed-customized-rfid-slim-passport-wallet-saffiano-black\/","name":"Winnie the Pooh UV Printed RFID Slim Passport Wallet - Saffiano Black","isPartOf":{"@id":"https:\/\/crudo-leather.com\/#website"},"primaryImageOfPage":{"@id":"https:\/\/crudo-leather.com\/product\/winnie-the-pooh-uv-printed-customized-rfid-slim-passport-wallet-saffiano-black\/#primaryimage"},"image":{"@id":"https:\/\/crudo-leather.com\/product\/winnie-the-pooh-uv-printed-customized-rfid-slim-passport-wallet-saffiano-black\/#primaryimage"},"thumbnailUrl":"https:\/\/crudo-leather.com\/wp-content\/uploads\/2025\/03\/PPH13_1_black_01.jpg","datePublished":"2025-03-06T08:19:10+00:00","dateModified":"2026-01-02T01:47:12+00:00","description":"Discover officially licensed Winnie the Pooh UV printed RFID slim passport wallet. Saffiano black, secure & stylish. Free engraving & luxury gift box. Travel essential. Shop now!","breadcrumb":{"@id":"https:\/\/crudo-leather.com\/product\/winnie-the-pooh-uv-printed-customized-rfid-slim-passport-wallet-saffiano-black\/#breadcrumb"},"inLanguage":"en-US","potentialAction":[{"@type":"ReadAction","target":["https:\/\/crudo-leather.com\/product\/winnie-the-pooh-uv-printed-customized-rfid-slim-passport-wallet-saffiano-black\/"]}]},{"@type":"ImageObject","inLanguage":"en-US","@id":"https:\/\/crudo-leather.com\/product\/winnie-the-pooh-uv-printed-customized-rfid-slim-passport-wallet-saffiano-black\/#primaryimage","url":"https:\/\/crudo-leather.com\/wp-content\/uploads\/2025\/03\/PPH13_1_black_01.jpg","contentUrl":"https:\/\/crudo-leather.com\/wp-content\/uploads\/2025\/03\/PPH13_1_black_01.jpg","width":2000,"height":2000},{"@type":"BreadcrumbList","@id":"https:\/\/crudo-leather.com\/product\/winnie-the-pooh-uv-printed-customized-rfid-slim-passport-wallet-saffiano-black\/#breadcrumb","itemListElement":[{"@type":"ListItem","position":1,"name":"Shop","item":"https:\/\/crudo-leather.com\/shop\/"},{"@type":"ListItem","position":2,"name":"Winnie the Pooh UV Printed Customized RFID Slim Passport Wallet"}]},{"@type":"WebSite","@id":"https:\/\/crudo-leather.com\/#website","url":"https:\/\/crudo-leather.com\/","name":"Crudo","description":"","potentialAction":[{"@type":"SearchAction","target":{"@type":"EntryPoint","urlTemplate":"https:\/\/crudo-leather.com\/?s={search_term_string}"},"query-input":{"@type":"PropertyValueSpecification","valueRequired":true,"valueName":"search_term_string"}}],"inLanguage":"en-US"}]}},"_links":{"self":[{"href":"https:\/\/crudo-leather.com\/de\/wp-json\/wp\/v2\/product\/326535"}],"collection":[{"href":"https:\/\/crudo-leather.com\/de\/wp-json\/wp\/v2\/product"}],"about":[{"href":"https:\/\/crudo-leather.com\/de\/wp-json\/wp\/v2\/types\/product"}],"replies":[{"embeddable":true,"href":"https:\/\/crudo-leather.com\/de\/wp-json\/wp\/v2\/comments?post=326535"}],"wp:featuredmedia":[{"embeddable":true,"href":"https:\/\/crudo-leather.com\/de\/wp-json\/wp\/v2\/media\/326538"}],"wp:attachment":[{"href":"https:\/\/crudo-leather.com\/de\/wp-json\/wp\/v2\/media?parent=326535"}],"wp:term":[{"taxonomy":"collection","embeddable":true,"href":"https:\/\/crudo-leather.com\/de\/wp-json\/wp\/v2\/collection?post=326535"},{"taxonomy":"trending_cat","embeddable":true,"href":"https:\/\/crudo-leather.com\/de\/wp-json\/wp\/v2\/trending_cat?post=326535"},{"taxonomy":"product_cat","embeddable":true,"href":"https:\/\/crudo-leather.com\/de\/wp-json\/wp\/v2\/product_cat?post=326535"},{"taxonomy":"product_tag","embeddable":true,"href":"https:\/\/crudo-leather.com\/de\/wp-json\/wp\/v2\/product_tag?post=326535"}],"curies":[{"name":"wp","href":"https:\/\/api.w.org\/{rel}","templated":true}]}}