{"id":329731,"date":"2025-04-01T09:44:36","date_gmt":"2025-04-01T01:44:36","guid":{"rendered":"https:\/\/crudo-leather.com\/?post_type=product&#038;p=329731"},"modified":"2025-12-15T15:44:00","modified_gmt":"2025-12-15T07:44:00","slug":"nobody-limited-uv-printed-customized-rfid-slim-wallet-saffiano-black","status":"publish","type":"product","link":"https:\/\/crudo-leather.com\/de\/product\/nobody-limited-uv-printed-customized-rfid-slim-wallet-saffiano-black\/","title":{"rendered":"Crudo x Nobody Limited Edition UV bedrucktes personalisiertes RFID d\u00fcnnes Portemonnaie"},"content":{"rendered":"","protected":false},"excerpt":{"rendered":"** W\u00e4hlen Sie ein Produkt aus und klicken Sie auf \"Zum Warenkorb hinzuf\u00fcgen und gestalten\". Bitte w\u00e4hlen Sie auf der Gestaltungsseite mindestens ein spezielles Muster aus der Nobody-Kollektion, um die UV-Druckanpassung abzuschlie\u00dfen und das Nobody-Geschenkset zu verbessern.**\n\n<u><strong>Nobody x Crudo<\/strong><\/u>\n\u201eEvery Nobody Is Somebody!\u201c Das NFT-Projekt \u201eNobody\u201c mit Stephen Chow als First Creator und Crudo pr\u00e4sentieren eine gemeinsame Kollektion von Lederportemonnaie-Zubeh\u00f6r. Inspiriert von Stephen Chows klassischen Filmen sind die verschiedenen NFT-Muster klar auf italienischem Leder gedruckt, was eine einzigartige Verschmelzung von Hongkong-Filmnostalgie und feinem italienischem Leder darstellt und einen unverwechselbaren, trendigen Stil schafft!\n\n- Nobody X Crudo gemeinsames Lederportemonnaie\n- Bis zu 13 spezielle Muster mit Nobody NFT-Kollektion und Stephen Chows klassischen Filmcharakteren zur Auswahl, die zusammen mit Ihrer personalisierten Unterschrift per UV-Druck auf das Lederportemonnaie gedruckt werden\n- Beim Kauf eines Nobody X Crudo Limited Edition Lederportemonnaies erhalten Sie ein Nobody-Geschenkset mit einer Gru\u00dfkarte\n- Hergestellt aus italienischem Narbenleder (Kreuznarben) und Aluminium\n- Ultra-leichte und kompakte Form f\u00fcr einfachen Transport\n- \u00c4u\u00dferst glattes, ausklappbares Kartenfachdesign, mit dem Sie alle Karten mit einer Hand entnehmen k\u00f6nnen\n- Mit RFID-Blockerfunktion zum Schutz wichtiger Daten auf Ihren Karten vor Diebstahl\n- Separate Geldfachkonstruktion zur Aufbewahrung von Banknoten\n- Praktischer und sicherer Magnetverschluss\n\n<strong>Portemonnaie-Aufteilung:<\/strong>\n- 1 Kartenfach (f\u00fcr 4 bis 5 Karten)\n- 2 innere Kartenf\u00e4cher (jedes fasst 1 Karte)\n- 1 Geldfach\nInsgesamt Platz f\u00fcr 6-8 Karten\n\n<strong>Produktionszeit und Versanddetails<\/strong>\n- Jedes Produkt ben\u00f6tigt nur 1-5 Werktage zur Fertigstellung\n- Bei Bestellung heute kann der Versand bereits morgen erfolgen\n- Weltweiter Versand","protected":false},"featured_media":329734,"comment_status":"open","ping_status":"closed","template":"","meta":{"inline_featured_image":false},"collection":[],"trending_cat":[2393],"product_cat":[2373],"product_tag":[2411],"class_list":{"0":"post-329731","1":"product","2":"type-product","3":"status-publish","4":"has-post-thumbnail","6":"trending_cat-perito-rfid-slim-wallet","7":"product_cat-wallets","8":"product_tag-nobody-stephen-chow-collection","10":"first","11":"instock","12":"sale","13":"shipping-taxable","14":"purchasable","15":"product-type-variable"},"yoast_head":"<!-- This site is optimized with the Yoast SEO plugin v23.4 - https:\/\/yoast.com\/wordpress\/plugins\/seo\/ -->\n<title>Crudo x Nobody Limited Edition UV bedruckte personalisierte RFID d\u00fcnne Geldb\u00f6rse - Crudo<\/title>\n<meta name=\"description\" content=\"&quot;Every Nobody Is Somebody!&quot; Die NFT-Kollektion &quot;Nobody&quot; mit Stephen Chow als First Creator pr\u00e4sentiert in Zusammenarbeit mit Crudo eine Serie von Lederportemonnaie-Zubeh\u00f6r. Inspiriert von den klassischen Filmen von Stephen Chow, sind die verschiedenen NFT-Designs klar auf italienischem Leder gedruckt. Diese einzigartige Fusion von Hongkong-Filmnostalgie und feinem italienischem Leder schafft einen unverwechselbaren, trendigen Stil!\" \/>\n<meta name=\"robots\" content=\"index, follow, max-snippet:-1, max-image-preview:large, max-video-preview:-1\" \/>\n<link rel=\"canonical\" href=\"https:\/\/crudo-leather.com\/de\/product\/nobody-limited-uv-printed-customized-rfid-slim-wallet-saffiano-black\/\" \/>\n<meta property=\"og:locale\" content=\"en_US\" \/>\n<meta property=\"og:type\" content=\"article\" \/>\n<meta property=\"og:title\" content=\"Crudo x Nobody Limited Edition UV bedruckte personalisierte RFID d\u00fcnne Geldb\u00f6rse - Crudo\" \/>\n<meta property=\"og:description\" content=\"&quot;Every Nobody Is Somebody!&quot; Die NFT-Kollektion &quot;Nobody&quot; mit Stephen Chow als First Creator pr\u00e4sentiert in Zusammenarbeit mit Crudo eine Serie von Lederportemonnaie-Zubeh\u00f6r. Inspiriert von den klassischen Filmen von Stephen Chow, sind die verschiedenen NFT-Designs klar auf italienischem Leder gedruckt. Diese einzigartige Fusion von Hongkong-Filmnostalgie und feinem italienischem Leder schafft einen unverwechselbaren, trendigen Stil!\" \/>\n<meta property=\"og:url\" content=\"https:\/\/crudo-leather.com\/product\/nobody-limited-uv-printed-customized-rfid-slim-wallet-saffiano-black\/\" \/>\n<meta property=\"og:site_name\" content=\"Crudo\" \/>\n<meta property=\"article:modified_time\" content=\"2025-12-15T07:44:00+00:00\" \/>\n<meta property=\"og:image\" content=\"https:\/\/crudo-leather.com\/wp-content\/uploads\/2025\/04\/Nobody_WBG_SLW02_Black_01.jpg\" \/>\n\t<meta property=\"og:image:width\" content=\"2000\" \/>\n\t<meta property=\"og:image:height\" content=\"2000\" \/>\n\t<meta property=\"og:image:type\" content=\"image\/jpeg\" \/>\n<meta name=\"twitter:card\" content=\"summary_large_image\" \/>\n<meta name=\"twitter:label1\" content=\"Est. reading time\" \/>\n\t<meta name=\"twitter:data1\" content=\"1 minute\" \/>\n<script type=\"application\/ld+json\" class=\"yoast-schema-graph\">{\"@context\":\"https:\/\/schema.org\",\"@graph\":[{\"@type\":\"WebPage\",\"@id\":\"https:\/\/crudo-leather.com\/product\/nobody-limited-uv-printed-customized-rfid-slim-wallet-saffiano-black\/\",\"url\":\"https:\/\/crudo-leather.com\/product\/nobody-limited-uv-printed-customized-rfid-slim-wallet-saffiano-black\/\",\"name\":\"Nobody Limited UV Printed RFID Slim Wallet - Saffiano Black\",\"isPartOf\":{\"@id\":\"https:\/\/crudo-leather.com\/#website\"},\"primaryImageOfPage\":{\"@id\":\"https:\/\/crudo-leather.com\/product\/nobody-limited-uv-printed-customized-rfid-slim-wallet-saffiano-black\/#primaryimage\"},\"image\":{\"@id\":\"https:\/\/crudo-leather.com\/product\/nobody-limited-uv-printed-customized-rfid-slim-wallet-saffiano-black\/#primaryimage\"},\"thumbnailUrl\":\"https:\/\/crudo-leather.com\/wp-content\/uploads\/2025\/04\/Nobody_WBG_SLW02_Black_01.jpg\",\"datePublished\":\"2025-04-01T01:44:36+00:00\",\"dateModified\":\"2025-12-15T07:44:00+00:00\",\"description\":\"Explore Nobody Limited UV printed RFID slim wallet. Saffiano black, secure & stylish. Free engraving & luxury gift box. Keep your essentials safe. Shop now!\",\"breadcrumb\":{\"@id\":\"https:\/\/crudo-leather.com\/product\/nobody-limited-uv-printed-customized-rfid-slim-wallet-saffiano-black\/#breadcrumb\"},\"inLanguage\":\"en-US\",\"potentialAction\":[{\"@type\":\"ReadAction\",\"target\":[\"https:\/\/crudo-leather.com\/product\/nobody-limited-uv-printed-customized-rfid-slim-wallet-saffiano-black\/\"]}]},{\"@type\":\"ImageObject\",\"inLanguage\":\"en-US\",\"@id\":\"https:\/\/crudo-leather.com\/product\/nobody-limited-uv-printed-customized-rfid-slim-wallet-saffiano-black\/#primaryimage\",\"url\":\"https:\/\/crudo-leather.com\/wp-content\/uploads\/2025\/04\/Nobody_WBG_SLW02_Black_01.jpg\",\"contentUrl\":\"https:\/\/crudo-leather.com\/wp-content\/uploads\/2025\/04\/Nobody_WBG_SLW02_Black_01.jpg\",\"width\":2000,\"height\":2000},{\"@type\":\"BreadcrumbList\",\"@id\":\"https:\/\/crudo-leather.com\/product\/nobody-limited-uv-printed-customized-rfid-slim-wallet-saffiano-black\/#breadcrumb\",\"itemListElement\":[{\"@type\":\"ListItem\",\"position\":1,\"name\":\"Shop\",\"item\":\"https:\/\/crudo-leather.com\/shop\/\"},{\"@type\":\"ListItem\",\"position\":2,\"name\":\"Crudo x Nobody Limited UV Printed Customized RFID Slim Wallet\"}]},{\"@type\":\"WebSite\",\"@id\":\"https:\/\/crudo-leather.com\/#website\",\"url\":\"https:\/\/crudo-leather.com\/\",\"name\":\"Crudo\",\"description\":\"\",\"potentialAction\":[{\"@type\":\"SearchAction\",\"target\":{\"@type\":\"EntryPoint\",\"urlTemplate\":\"https:\/\/crudo-leather.com\/?s={search_term_string}\"},\"query-input\":{\"@type\":\"PropertyValueSpecification\",\"valueRequired\":true,\"valueName\":\"search_term_string\"}}],\"inLanguage\":\"en-US\"}]}<\/script>\n<!-- \/ Yoast SEO plugin. -->","yoast_head_json":{"title":"Crudo x Nobody Limited Edition UV bedruckte personalisierte RFID d\u00fcnne Geldb\u00f6rse - Crudo","description":"\"Every Nobody Is Somebody!\" Die NFT-Kollektion \"Nobody\" mit Stephen Chow als First Creator pr\u00e4sentiert in Zusammenarbeit mit Crudo eine Serie von Lederportemonnaie-Zubeh\u00f6r. Inspiriert von den klassischen Filmen von Stephen Chow, sind die verschiedenen NFT-Designs klar auf italienischem Leder gedruckt. Diese einzigartige Fusion von Hongkong-Filmnostalgie und feinem italienischem Leder schafft einen unverwechselbaren, trendigen Stil!","robots":{"index":"index","follow":"follow","max-snippet":"max-snippet:-1","max-image-preview":"max-image-preview:large","max-video-preview":"max-video-preview:-1"},"canonical":"https:\/\/crudo-leather.com\/de\/product\/nobody-limited-uv-printed-customized-rfid-slim-wallet-saffiano-black\/","og_locale":"en_US","og_type":"article","og_title":"Crudo x Nobody Limited Edition UV bedruckte personalisierte RFID d\u00fcnne Geldb\u00f6rse - Crudo","og_description":"\"Every Nobody Is Somebody!\" Die NFT-Kollektion \"Nobody\" mit Stephen Chow als First Creator pr\u00e4sentiert in Zusammenarbeit mit Crudo eine Serie von Lederportemonnaie-Zubeh\u00f6r. Inspiriert von den klassischen Filmen von Stephen Chow, sind die verschiedenen NFT-Designs klar auf italienischem Leder gedruckt. Diese einzigartige Fusion von Hongkong-Filmnostalgie und feinem italienischem Leder schafft einen unverwechselbaren, trendigen Stil!","og_url":"https:\/\/crudo-leather.com\/product\/nobody-limited-uv-printed-customized-rfid-slim-wallet-saffiano-black\/","og_site_name":"Crudo","article_modified_time":"2025-12-15T07:44:00+00:00","og_image":[{"width":2000,"height":2000,"url":"https:\/\/crudo-leather.com\/wp-content\/uploads\/2025\/04\/Nobody_WBG_SLW02_Black_01.jpg","type":"image\/jpeg"}],"twitter_card":"summary_large_image","twitter_misc":{"Est. reading time":"1 minute"},"schema":{"@context":"https:\/\/schema.org","@graph":[{"@type":"WebPage","@id":"https:\/\/crudo-leather.com\/product\/nobody-limited-uv-printed-customized-rfid-slim-wallet-saffiano-black\/","url":"https:\/\/crudo-leather.com\/product\/nobody-limited-uv-printed-customized-rfid-slim-wallet-saffiano-black\/","name":"Nobody Limited UV Printed RFID Slim Wallet - Saffiano Black","isPartOf":{"@id":"https:\/\/crudo-leather.com\/#website"},"primaryImageOfPage":{"@id":"https:\/\/crudo-leather.com\/product\/nobody-limited-uv-printed-customized-rfid-slim-wallet-saffiano-black\/#primaryimage"},"image":{"@id":"https:\/\/crudo-leather.com\/product\/nobody-limited-uv-printed-customized-rfid-slim-wallet-saffiano-black\/#primaryimage"},"thumbnailUrl":"https:\/\/crudo-leather.com\/wp-content\/uploads\/2025\/04\/Nobody_WBG_SLW02_Black_01.jpg","datePublished":"2025-04-01T01:44:36+00:00","dateModified":"2025-12-15T07:44:00+00:00","description":"Explore Nobody Limited UV printed RFID slim wallet. Saffiano black, secure & stylish. Free engraving & luxury gift box. Keep your essentials safe. Shop now!","breadcrumb":{"@id":"https:\/\/crudo-leather.com\/product\/nobody-limited-uv-printed-customized-rfid-slim-wallet-saffiano-black\/#breadcrumb"},"inLanguage":"en-US","potentialAction":[{"@type":"ReadAction","target":["https:\/\/crudo-leather.com\/product\/nobody-limited-uv-printed-customized-rfid-slim-wallet-saffiano-black\/"]}]},{"@type":"ImageObject","inLanguage":"en-US","@id":"https:\/\/crudo-leather.com\/product\/nobody-limited-uv-printed-customized-rfid-slim-wallet-saffiano-black\/#primaryimage","url":"https:\/\/crudo-leather.com\/wp-content\/uploads\/2025\/04\/Nobody_WBG_SLW02_Black_01.jpg","contentUrl":"https:\/\/crudo-leather.com\/wp-content\/uploads\/2025\/04\/Nobody_WBG_SLW02_Black_01.jpg","width":2000,"height":2000},{"@type":"BreadcrumbList","@id":"https:\/\/crudo-leather.com\/product\/nobody-limited-uv-printed-customized-rfid-slim-wallet-saffiano-black\/#breadcrumb","itemListElement":[{"@type":"ListItem","position":1,"name":"Shop","item":"https:\/\/crudo-leather.com\/shop\/"},{"@type":"ListItem","position":2,"name":"Crudo x Nobody Limited UV Printed Customized RFID Slim Wallet"}]},{"@type":"WebSite","@id":"https:\/\/crudo-leather.com\/#website","url":"https:\/\/crudo-leather.com\/","name":"Crudo","description":"","potentialAction":[{"@type":"SearchAction","target":{"@type":"EntryPoint","urlTemplate":"https:\/\/crudo-leather.com\/?s={search_term_string}"},"query-input":{"@type":"PropertyValueSpecification","valueRequired":true,"valueName":"search_term_string"}}],"inLanguage":"en-US"}]}},"_links":{"self":[{"href":"https:\/\/crudo-leather.com\/de\/wp-json\/wp\/v2\/product\/329731"}],"collection":[{"href":"https:\/\/crudo-leather.com\/de\/wp-json\/wp\/v2\/product"}],"about":[{"href":"https:\/\/crudo-leather.com\/de\/wp-json\/wp\/v2\/types\/product"}],"replies":[{"embeddable":true,"href":"https:\/\/crudo-leather.com\/de\/wp-json\/wp\/v2\/comments?post=329731"}],"wp:featuredmedia":[{"embeddable":true,"href":"https:\/\/crudo-leather.com\/de\/wp-json\/wp\/v2\/media\/329734"}],"wp:attachment":[{"href":"https:\/\/crudo-leather.com\/de\/wp-json\/wp\/v2\/media?parent=329731"}],"wp:term":[{"taxonomy":"collection","embeddable":true,"href":"https:\/\/crudo-leather.com\/de\/wp-json\/wp\/v2\/collection?post=329731"},{"taxonomy":"trending_cat","embeddable":true,"href":"https:\/\/crudo-leather.com\/de\/wp-json\/wp\/v2\/trending_cat?post=329731"},{"taxonomy":"product_cat","embeddable":true,"href":"https:\/\/crudo-leather.com\/de\/wp-json\/wp\/v2\/product_cat?post=329731"},{"taxonomy":"product_tag","embeddable":true,"href":"https:\/\/crudo-leather.com\/de\/wp-json\/wp\/v2\/product_tag?post=329731"}],"curies":[{"name":"wp","href":"https:\/\/api.w.org\/{rel}","templated":true}]}}