{"id":329773,"date":"2025-04-01T11:54:03","date_gmt":"2025-04-01T03:54:03","guid":{"rendered":"https:\/\/crudo-leather.com\/?post_type=product&#038;p=329773"},"modified":"2025-09-09T09:57:19","modified_gmt":"2025-09-09T01:57:19","slug":"nobody-limited-uv-printed-customized-leather-card-holder-saffiano-black","status":"publish","type":"product","link":"https:\/\/crudo-leather.com\/de\/product\/nobody-limited-uv-printed-customized-leather-card-holder-saffiano-black\/","title":{"rendered":"Crudo x Nobody Limited Edition UV bedruckter personalisierter Lederkartenhalter"},"content":{"rendered":"","protected":false},"excerpt":{"rendered":"** Nach Auswahl des Produkts und Klicken auf \"Zum Warenkorb hinzuf\u00fcgen und gestalten\" w\u00e4hlen Sie bitte auf der Gestaltungsseite mindestens ein spezielles Muster aus der Nobody-Kollektion aus, um die UV-Druckanpassung und das Upgrade auf die Nobody-Geschenkbox abzuschlie\u00dfen. **\n\n<strong><u>Nobody x Crudo<\/u><\/strong>\n\u201eEvery Nobody Is Somebody!\u201c \u2013 Die NFT-Kollektion \u201eNobody\u201c mit Stephen Chow als First Creator pr\u00e4sentiert in Zusammenarbeit mit Crudo eine Serie von Leder-Geldb\u00f6rsen-Zubeh\u00f6r. Inspiriert von den klassischen Filmen von Stephen Chow, sind die verschiedenen NFT-Muster klar auf italienischem Leder gedruckt. Diese ungew\u00f6hnliche Fusion von Hongkong-Filmnostalgie und feinem italienischem Leder schafft einen einzigartigen, trendigen Stil!\n\n- Nobody X Crudo Limited Edition Leder-Kartenhalter\n- Bis zu 13 spezielle Muster mit Nobody NFT-Kollektion Stephen Chow klassischen Filmcharakteren zur Auswahl, zusammen mit Ihrem personalisierten Signatur-UV-Druck auf dem Leder-Kartenhalter\n- Beim Kauf des Nobody X Crudo Limited Edition Leder-Kartenhalters erhalten Sie eine Nobody-Geschenkbox mit Gru\u00dfkarte\n- Hergestellt aus italienischem Kreuznarben-Vollrindleder\n- Handgen\u00e4hte Ziern\u00e4hte, geschliffen und abgekantet\n\n<strong>Details<\/strong>\n- Sechs Kartenf\u00e4cher\n- Ein Geldscheinfach\n- Platz f\u00fcr f\u00fcnf bis sieben Karten und Geldscheine\n\n<strong>Produktionszeit und Versanddetails<\/strong>\n- Jedes Produkt ben\u00f6tigt nur 1-5 Werktage zur Fertigstellung\n- Bei Bestellung heute kann es bereits morgen versendet werden\n- Weltweiter Versand","protected":false},"featured_media":329776,"comment_status":"open","ping_status":"closed","template":"","meta":{"inline_featured_image":false},"collection":[],"trending_cat":[],"product_cat":[81],"product_tag":[2411],"class_list":{"0":"post-329773","1":"product","2":"type-product","3":"status-publish","4":"has-post-thumbnail","6":"product_cat-card-holder","7":"product_tag-nobody-stephen-chow-collection","9":"first","10":"instock","11":"sale","12":"shipping-taxable","13":"purchasable","14":"product-type-variable"},"yoast_head":"<!-- This site is optimized with the Yoast SEO plugin v23.4 - https:\/\/yoast.com\/wordpress\/plugins\/seo\/ -->\n<title>Nobody X Crudo Stephen Chow Limited Edition UV-Druck personalisierte Lederkartenh\u00fclle - Schwarz<\/title>\n<meta name=\"description\" content=\"Crudo in Zusammenarbeit mit dem Stephen Chow NFT-Projekt Nobody, schwarze Saffiano-Leder-Kartenh\u00fclle. UV-bedruckbar mit Motiven aus Stephen Chow-Filmen und Unterschrift, handgefertigt aus italienischem Vollrindleder, mit 6 Kartenschlitzen und 1 Geldscheinfach. Einzigartige Geschenkbox-Verpackung, die die Leidenschaft f\u00fcr Hongkong-Filme zeigt.\" \/>\n<meta name=\"robots\" content=\"index, follow, max-snippet:-1, max-image-preview:large, max-video-preview:-1\" \/>\n<link rel=\"canonical\" href=\"https:\/\/crudo-leather.com\/de\/product\/nobody-limited-uv-printed-customized-leather-card-holder-saffiano-black\/\" \/>\n<meta property=\"og:locale\" content=\"en_US\" \/>\n<meta property=\"og:type\" content=\"article\" \/>\n<meta property=\"og:title\" content=\"Nobody X Crudo Stephen Chow Limited Edition UV-Druck personalisierte Lederkartenh\u00fclle - Schwarz\" \/>\n<meta property=\"og:description\" content=\"Crudo in Zusammenarbeit mit dem Stephen Chow NFT-Projekt Nobody, schwarze Saffiano-Leder-Kartenh\u00fclle. UV-bedruckbar mit Motiven aus Stephen Chow-Filmen und Unterschrift, handgefertigt aus italienischem Vollrindleder, mit 6 Kartenschlitzen und 1 Geldscheinfach. Einzigartige Geschenkbox-Verpackung, die die Leidenschaft f\u00fcr Hongkong-Filme zeigt.\" \/>\n<meta property=\"og:url\" content=\"https:\/\/crudo-leather.com\/product\/nobody-limited-uv-printed-customized-leather-card-holder-saffiano-black\/\" \/>\n<meta property=\"og:site_name\" content=\"Crudo\" \/>\n<meta property=\"article:modified_time\" content=\"2025-09-09T01:57:19+00:00\" \/>\n<meta property=\"og:image\" content=\"https:\/\/crudo-leather.com\/wp-content\/uploads\/2025\/04\/Nobody_CCH12_WBG_BLK_01.jpg\" \/>\n\t<meta property=\"og:image:width\" content=\"2000\" \/>\n\t<meta property=\"og:image:height\" content=\"2000\" \/>\n\t<meta property=\"og:image:type\" content=\"image\/jpeg\" \/>\n<meta name=\"twitter:card\" content=\"summary_large_image\" \/>\n<meta name=\"twitter:label1\" content=\"Est. reading time\" \/>\n\t<meta name=\"twitter:data1\" content=\"1 minute\" \/>\n<script type=\"application\/ld+json\" class=\"yoast-schema-graph\">{\"@context\":\"https:\/\/schema.org\",\"@graph\":[{\"@type\":\"WebPage\",\"@id\":\"https:\/\/crudo-leather.com\/product\/nobody-limited-uv-printed-customized-leather-card-holder-saffiano-black\/\",\"url\":\"https:\/\/crudo-leather.com\/product\/nobody-limited-uv-printed-customized-leather-card-holder-saffiano-black\/\",\"name\":\"Nobody Limited UV Printed Leather Card Holder - Saffiano Black\",\"isPartOf\":{\"@id\":\"https:\/\/crudo-leather.com\/#website\"},\"primaryImageOfPage\":{\"@id\":\"https:\/\/crudo-leather.com\/product\/nobody-limited-uv-printed-customized-leather-card-holder-saffiano-black\/#primaryimage\"},\"image\":{\"@id\":\"https:\/\/crudo-leather.com\/product\/nobody-limited-uv-printed-customized-leather-card-holder-saffiano-black\/#primaryimage\"},\"thumbnailUrl\":\"https:\/\/crudo-leather.com\/wp-content\/uploads\/2025\/04\/Nobody_CCH12_WBG_BLK_01.jpg\",\"datePublished\":\"2025-04-01T03:54:03+00:00\",\"dateModified\":\"2025-09-09T01:57:19+00:00\",\"description\":\"Explore Nobody Limited UV printed leather card holder. Saffiano black, slim design. Free engraving & luxury gift box. Keep your cards organized in style. Shop now!\",\"breadcrumb\":{\"@id\":\"https:\/\/crudo-leather.com\/product\/nobody-limited-uv-printed-customized-leather-card-holder-saffiano-black\/#breadcrumb\"},\"inLanguage\":\"en-US\",\"potentialAction\":[{\"@type\":\"ReadAction\",\"target\":[\"https:\/\/crudo-leather.com\/product\/nobody-limited-uv-printed-customized-leather-card-holder-saffiano-black\/\"]}]},{\"@type\":\"ImageObject\",\"inLanguage\":\"en-US\",\"@id\":\"https:\/\/crudo-leather.com\/product\/nobody-limited-uv-printed-customized-leather-card-holder-saffiano-black\/#primaryimage\",\"url\":\"https:\/\/crudo-leather.com\/wp-content\/uploads\/2025\/04\/Nobody_CCH12_WBG_BLK_01.jpg\",\"contentUrl\":\"https:\/\/crudo-leather.com\/wp-content\/uploads\/2025\/04\/Nobody_CCH12_WBG_BLK_01.jpg\",\"width\":2000,\"height\":2000},{\"@type\":\"BreadcrumbList\",\"@id\":\"https:\/\/crudo-leather.com\/product\/nobody-limited-uv-printed-customized-leather-card-holder-saffiano-black\/#breadcrumb\",\"itemListElement\":[{\"@type\":\"ListItem\",\"position\":1,\"name\":\"Shop\",\"item\":\"https:\/\/crudo-leather.com\/shop\/\"},{\"@type\":\"ListItem\",\"position\":2,\"name\":\"Crudo x Nobody Limited UV Printed Customized Leather Card Holder\"}]},{\"@type\":\"WebSite\",\"@id\":\"https:\/\/crudo-leather.com\/#website\",\"url\":\"https:\/\/crudo-leather.com\/\",\"name\":\"Crudo\",\"description\":\"\",\"potentialAction\":[{\"@type\":\"SearchAction\",\"target\":{\"@type\":\"EntryPoint\",\"urlTemplate\":\"https:\/\/crudo-leather.com\/?s={search_term_string}\"},\"query-input\":{\"@type\":\"PropertyValueSpecification\",\"valueRequired\":true,\"valueName\":\"search_term_string\"}}],\"inLanguage\":\"en-US\"}]}<\/script>\n<!-- \/ Yoast SEO plugin. -->","yoast_head_json":{"title":"Nobody X Crudo Stephen Chow Limited Edition UV-Druck personalisierte Lederkartenh\u00fclle - Schwarz","description":"Crudo in Zusammenarbeit mit dem Stephen Chow NFT-Projekt Nobody, schwarze Saffiano-Leder-Kartenh\u00fclle. UV-bedruckbar mit Motiven aus Stephen Chow-Filmen und Unterschrift, handgefertigt aus italienischem Vollrindleder, mit 6 Kartenschlitzen und 1 Geldscheinfach. Einzigartige Geschenkbox-Verpackung, die die Leidenschaft f\u00fcr Hongkong-Filme zeigt.","robots":{"index":"index","follow":"follow","max-snippet":"max-snippet:-1","max-image-preview":"max-image-preview:large","max-video-preview":"max-video-preview:-1"},"canonical":"https:\/\/crudo-leather.com\/de\/product\/nobody-limited-uv-printed-customized-leather-card-holder-saffiano-black\/","og_locale":"en_US","og_type":"article","og_title":"Nobody X Crudo Stephen Chow Limited Edition UV-Druck personalisierte Lederkartenh\u00fclle - Schwarz","og_description":"Crudo in Zusammenarbeit mit dem Stephen Chow NFT-Projekt Nobody, schwarze Saffiano-Leder-Kartenh\u00fclle. UV-bedruckbar mit Motiven aus Stephen Chow-Filmen und Unterschrift, handgefertigt aus italienischem Vollrindleder, mit 6 Kartenschlitzen und 1 Geldscheinfach. Einzigartige Geschenkbox-Verpackung, die die Leidenschaft f\u00fcr Hongkong-Filme zeigt.","og_url":"https:\/\/crudo-leather.com\/product\/nobody-limited-uv-printed-customized-leather-card-holder-saffiano-black\/","og_site_name":"Crudo","article_modified_time":"2025-09-09T01:57:19+00:00","og_image":[{"width":2000,"height":2000,"url":"https:\/\/crudo-leather.com\/wp-content\/uploads\/2025\/04\/Nobody_CCH12_WBG_BLK_01.jpg","type":"image\/jpeg"}],"twitter_card":"summary_large_image","twitter_misc":{"Est. reading time":"1 minute"},"schema":{"@context":"https:\/\/schema.org","@graph":[{"@type":"WebPage","@id":"https:\/\/crudo-leather.com\/product\/nobody-limited-uv-printed-customized-leather-card-holder-saffiano-black\/","url":"https:\/\/crudo-leather.com\/product\/nobody-limited-uv-printed-customized-leather-card-holder-saffiano-black\/","name":"Nobody Limited UV Printed Leather Card Holder - Saffiano Black","isPartOf":{"@id":"https:\/\/crudo-leather.com\/#website"},"primaryImageOfPage":{"@id":"https:\/\/crudo-leather.com\/product\/nobody-limited-uv-printed-customized-leather-card-holder-saffiano-black\/#primaryimage"},"image":{"@id":"https:\/\/crudo-leather.com\/product\/nobody-limited-uv-printed-customized-leather-card-holder-saffiano-black\/#primaryimage"},"thumbnailUrl":"https:\/\/crudo-leather.com\/wp-content\/uploads\/2025\/04\/Nobody_CCH12_WBG_BLK_01.jpg","datePublished":"2025-04-01T03:54:03+00:00","dateModified":"2025-09-09T01:57:19+00:00","description":"Explore Nobody Limited UV printed leather card holder. Saffiano black, slim design. Free engraving & luxury gift box. Keep your cards organized in style. Shop now!","breadcrumb":{"@id":"https:\/\/crudo-leather.com\/product\/nobody-limited-uv-printed-customized-leather-card-holder-saffiano-black\/#breadcrumb"},"inLanguage":"en-US","potentialAction":[{"@type":"ReadAction","target":["https:\/\/crudo-leather.com\/product\/nobody-limited-uv-printed-customized-leather-card-holder-saffiano-black\/"]}]},{"@type":"ImageObject","inLanguage":"en-US","@id":"https:\/\/crudo-leather.com\/product\/nobody-limited-uv-printed-customized-leather-card-holder-saffiano-black\/#primaryimage","url":"https:\/\/crudo-leather.com\/wp-content\/uploads\/2025\/04\/Nobody_CCH12_WBG_BLK_01.jpg","contentUrl":"https:\/\/crudo-leather.com\/wp-content\/uploads\/2025\/04\/Nobody_CCH12_WBG_BLK_01.jpg","width":2000,"height":2000},{"@type":"BreadcrumbList","@id":"https:\/\/crudo-leather.com\/product\/nobody-limited-uv-printed-customized-leather-card-holder-saffiano-black\/#breadcrumb","itemListElement":[{"@type":"ListItem","position":1,"name":"Shop","item":"https:\/\/crudo-leather.com\/shop\/"},{"@type":"ListItem","position":2,"name":"Crudo x Nobody Limited UV Printed Customized Leather Card Holder"}]},{"@type":"WebSite","@id":"https:\/\/crudo-leather.com\/#website","url":"https:\/\/crudo-leather.com\/","name":"Crudo","description":"","potentialAction":[{"@type":"SearchAction","target":{"@type":"EntryPoint","urlTemplate":"https:\/\/crudo-leather.com\/?s={search_term_string}"},"query-input":{"@type":"PropertyValueSpecification","valueRequired":true,"valueName":"search_term_string"}}],"inLanguage":"en-US"}]}},"_links":{"self":[{"href":"https:\/\/crudo-leather.com\/de\/wp-json\/wp\/v2\/product\/329773"}],"collection":[{"href":"https:\/\/crudo-leather.com\/de\/wp-json\/wp\/v2\/product"}],"about":[{"href":"https:\/\/crudo-leather.com\/de\/wp-json\/wp\/v2\/types\/product"}],"replies":[{"embeddable":true,"href":"https:\/\/crudo-leather.com\/de\/wp-json\/wp\/v2\/comments?post=329773"}],"wp:featuredmedia":[{"embeddable":true,"href":"https:\/\/crudo-leather.com\/de\/wp-json\/wp\/v2\/media\/329776"}],"wp:attachment":[{"href":"https:\/\/crudo-leather.com\/de\/wp-json\/wp\/v2\/media?parent=329773"}],"wp:term":[{"taxonomy":"collection","embeddable":true,"href":"https:\/\/crudo-leather.com\/de\/wp-json\/wp\/v2\/collection?post=329773"},{"taxonomy":"trending_cat","embeddable":true,"href":"https:\/\/crudo-leather.com\/de\/wp-json\/wp\/v2\/trending_cat?post=329773"},{"taxonomy":"product_cat","embeddable":true,"href":"https:\/\/crudo-leather.com\/de\/wp-json\/wp\/v2\/product_cat?post=329773"},{"taxonomy":"product_tag","embeddable":true,"href":"https:\/\/crudo-leather.com\/de\/wp-json\/wp\/v2\/product_tag?post=329773"}],"curies":[{"name":"wp","href":"https:\/\/api.w.org\/{rel}","templated":true}]}}