{"id":331182,"date":"2025-04-15T11:57:26","date_gmt":"2025-04-15T03:57:26","guid":{"rendered":"https:\/\/crudo-leather.com\/?post_type=product&#038;p=331182"},"modified":"2026-01-02T10:44:33","modified_gmt":"2026-01-02T02:44:33","slug":"my-melody-925-silver-pendant-melody-enchantment","status":"publish","type":"product","link":"https:\/\/crudo-leather.com\/de\/product\/my-melody-925-silver-pendant-melody-enchantment\/","title":{"rendered":"My Melody 925 Silberanh\u00e4nger - Pr\u00e4chtige Melody"},"content":{"rendered":"","protected":false},"excerpt":{"rendered":"","protected":false},"featured_media":331184,"comment_status":"open","ping_status":"closed","template":"","meta":{"inline_featured_image":false},"collection":[3028],"trending_cat":[],"product_cat":[15],"product_tag":[],"class_list":{"0":"post-331182","1":"product","2":"type-product","3":"status-publish","4":"has-post-thumbnail","6":"product_cat-uncategorized","8":"first","9":"instock","10":"shipping-taxable","11":"purchasable","12":"product-type-variable"},"yoast_head":"<!-- This site is optimized with the Yoast SEO plugin v23.4 - https:\/\/yoast.com\/wordpress\/plugins\/seo\/ -->\n<title>Crudo My Melody 925 Silber Anh\u00e4nger Melody Enchantment<\/title>\n<meta name=\"description\" content=\"Crudo My Melody 925 Silber Anh\u00e4nger Melody Enchantment. Raffiniertes Design, das Ihren pers\u00f6nlichen Stil zeigt. Entdecken Sie die luxuri\u00f6sen Accessoires von Crudo Leather, um eine einzigartige Modeerkl\u00e4rung f\u00fcr Sie zu schaffen.\" \/>\n<meta name=\"robots\" content=\"index, follow, max-snippet:-1, max-image-preview:large, max-video-preview:-1\" \/>\n<link rel=\"canonical\" href=\"https:\/\/crudo-leather.com\/de\/product\/my-melody-925-silver-pendant-melody-enchantment\/\" \/>\n<meta property=\"og:locale\" content=\"en_US\" \/>\n<meta property=\"og:type\" content=\"article\" \/>\n<meta property=\"og:title\" content=\"Crudo My Melody 925 Silber Anh\u00e4nger Melody Enchantment\" \/>\n<meta property=\"og:description\" content=\"Crudo My Melody 925 Silber Anh\u00e4nger Melody Enchantment. Raffiniertes Design, das Ihren pers\u00f6nlichen Stil zeigt. Entdecken Sie die luxuri\u00f6sen Accessoires von Crudo Leather, um eine einzigartige Modeerkl\u00e4rung f\u00fcr Sie zu schaffen.\" \/>\n<meta property=\"og:url\" content=\"https:\/\/crudo-leather.com\/product\/my-melody-925-silver-pendant-melody-enchantment\/\" \/>\n<meta property=\"og:site_name\" content=\"Crudo\" \/>\n<meta property=\"article:modified_time\" content=\"2026-01-02T02:44:33+00:00\" \/>\n<meta property=\"og:image\" content=\"https:\/\/crudo-leather.com\/wp-content\/uploads\/2025\/04\/MM_Charm_03.jpg\" \/>\n\t<meta property=\"og:image:width\" content=\"2000\" \/>\n\t<meta property=\"og:image:height\" content=\"2000\" \/>\n\t<meta property=\"og:image:type\" content=\"image\/jpeg\" \/>\n<meta name=\"twitter:card\" content=\"summary_large_image\" \/>\n<meta name=\"twitter:label1\" content=\"Est. reading time\" \/>\n\t<meta name=\"twitter:data1\" content=\"1 minute\" \/>\n<script type=\"application\/ld+json\" class=\"yoast-schema-graph\">{\"@context\":\"https:\/\/schema.org\",\"@graph\":[{\"@type\":\"WebPage\",\"@id\":\"https:\/\/crudo-leather.com\/product\/my-melody-925-silver-pendant-melody-enchantment\/\",\"url\":\"https:\/\/crudo-leather.com\/product\/my-melody-925-silver-pendant-melody-enchantment\/\",\"name\":\"My Melody Enchantment 925 Silver Pendant\",\"isPartOf\":{\"@id\":\"https:\/\/crudo-leather.com\/#website\"},\"primaryImageOfPage\":{\"@id\":\"https:\/\/crudo-leather.com\/product\/my-melody-925-silver-pendant-melody-enchantment\/#primaryimage\"},\"image\":{\"@id\":\"https:\/\/crudo-leather.com\/product\/my-melody-925-silver-pendant-melody-enchantment\/#primaryimage\"},\"thumbnailUrl\":\"https:\/\/crudo-leather.com\/wp-content\/uploads\/2025\/04\/MM_Charm_03.jpg\",\"datePublished\":\"2025-04-15T03:57:26+00:00\",\"dateModified\":\"2026-01-02T02:44:33+00:00\",\"description\":\"Get enchanted with the My Melody Melody Enchantment 925 Silver Pendant. A charming accessory for My Melody fans.\",\"breadcrumb\":{\"@id\":\"https:\/\/crudo-leather.com\/product\/my-melody-925-silver-pendant-melody-enchantment\/#breadcrumb\"},\"inLanguage\":\"en-US\",\"potentialAction\":[{\"@type\":\"ReadAction\",\"target\":[\"https:\/\/crudo-leather.com\/product\/my-melody-925-silver-pendant-melody-enchantment\/\"]}]},{\"@type\":\"ImageObject\",\"inLanguage\":\"en-US\",\"@id\":\"https:\/\/crudo-leather.com\/product\/my-melody-925-silver-pendant-melody-enchantment\/#primaryimage\",\"url\":\"https:\/\/crudo-leather.com\/wp-content\/uploads\/2025\/04\/MM_Charm_03.jpg\",\"contentUrl\":\"https:\/\/crudo-leather.com\/wp-content\/uploads\/2025\/04\/MM_Charm_03.jpg\",\"width\":2000,\"height\":2000},{\"@type\":\"BreadcrumbList\",\"@id\":\"https:\/\/crudo-leather.com\/product\/my-melody-925-silver-pendant-melody-enchantment\/#breadcrumb\",\"itemListElement\":[{\"@type\":\"ListItem\",\"position\":1,\"name\":\"Shop\",\"item\":\"https:\/\/crudo-leather.com\/shop\/\"},{\"@type\":\"ListItem\",\"position\":2,\"name\":\"My Melody 925 \u9280\u5c0f\u540a\u589c - \u83ef\u9e97 Melody | \u9810\u8cfc | \u9810\u8a08\u51fa\u8ca8\u65e5\u671f: 12\u670824\u65e5\"}]},{\"@type\":\"WebSite\",\"@id\":\"https:\/\/crudo-leather.com\/#website\",\"url\":\"https:\/\/crudo-leather.com\/\",\"name\":\"Crudo\",\"description\":\"\",\"potentialAction\":[{\"@type\":\"SearchAction\",\"target\":{\"@type\":\"EntryPoint\",\"urlTemplate\":\"https:\/\/crudo-leather.com\/?s={search_term_string}\"},\"query-input\":{\"@type\":\"PropertyValueSpecification\",\"valueRequired\":true,\"valueName\":\"search_term_string\"}}],\"inLanguage\":\"en-US\"}]}<\/script>\n<!-- \/ Yoast SEO plugin. -->","yoast_head_json":{"title":"Crudo My Melody 925 Silber Anh\u00e4nger Melody Enchantment","description":"Crudo My Melody 925 Silber Anh\u00e4nger Melody Enchantment. Raffiniertes Design, das Ihren pers\u00f6nlichen Stil zeigt. Entdecken Sie die luxuri\u00f6sen Accessoires von Crudo Leather, um eine einzigartige Modeerkl\u00e4rung f\u00fcr Sie zu schaffen.","robots":{"index":"index","follow":"follow","max-snippet":"max-snippet:-1","max-image-preview":"max-image-preview:large","max-video-preview":"max-video-preview:-1"},"canonical":"https:\/\/crudo-leather.com\/de\/product\/my-melody-925-silver-pendant-melody-enchantment\/","og_locale":"en_US","og_type":"article","og_title":"Crudo My Melody 925 Silber Anh\u00e4nger Melody Enchantment","og_description":"Crudo My Melody 925 Silber Anh\u00e4nger Melody Enchantment. Raffiniertes Design, das Ihren pers\u00f6nlichen Stil zeigt. Entdecken Sie die luxuri\u00f6sen Accessoires von Crudo Leather, um eine einzigartige Modeerkl\u00e4rung f\u00fcr Sie zu schaffen.","og_url":"https:\/\/crudo-leather.com\/product\/my-melody-925-silver-pendant-melody-enchantment\/","og_site_name":"Crudo","article_modified_time":"2026-01-02T02:44:33+00:00","og_image":[{"width":2000,"height":2000,"url":"https:\/\/crudo-leather.com\/wp-content\/uploads\/2025\/04\/MM_Charm_03.jpg","type":"image\/jpeg"}],"twitter_card":"summary_large_image","twitter_misc":{"Est. reading time":"1 minute"},"schema":{"@context":"https:\/\/schema.org","@graph":[{"@type":"WebPage","@id":"https:\/\/crudo-leather.com\/product\/my-melody-925-silver-pendant-melody-enchantment\/","url":"https:\/\/crudo-leather.com\/product\/my-melody-925-silver-pendant-melody-enchantment\/","name":"My Melody Enchantment 925 Silver Pendant","isPartOf":{"@id":"https:\/\/crudo-leather.com\/#website"},"primaryImageOfPage":{"@id":"https:\/\/crudo-leather.com\/product\/my-melody-925-silver-pendant-melody-enchantment\/#primaryimage"},"image":{"@id":"https:\/\/crudo-leather.com\/product\/my-melody-925-silver-pendant-melody-enchantment\/#primaryimage"},"thumbnailUrl":"https:\/\/crudo-leather.com\/wp-content\/uploads\/2025\/04\/MM_Charm_03.jpg","datePublished":"2025-04-15T03:57:26+00:00","dateModified":"2026-01-02T02:44:33+00:00","description":"Get enchanted with the My Melody Melody Enchantment 925 Silver Pendant. A charming accessory for My Melody fans.","breadcrumb":{"@id":"https:\/\/crudo-leather.com\/product\/my-melody-925-silver-pendant-melody-enchantment\/#breadcrumb"},"inLanguage":"en-US","potentialAction":[{"@type":"ReadAction","target":["https:\/\/crudo-leather.com\/product\/my-melody-925-silver-pendant-melody-enchantment\/"]}]},{"@type":"ImageObject","inLanguage":"en-US","@id":"https:\/\/crudo-leather.com\/product\/my-melody-925-silver-pendant-melody-enchantment\/#primaryimage","url":"https:\/\/crudo-leather.com\/wp-content\/uploads\/2025\/04\/MM_Charm_03.jpg","contentUrl":"https:\/\/crudo-leather.com\/wp-content\/uploads\/2025\/04\/MM_Charm_03.jpg","width":2000,"height":2000},{"@type":"BreadcrumbList","@id":"https:\/\/crudo-leather.com\/product\/my-melody-925-silver-pendant-melody-enchantment\/#breadcrumb","itemListElement":[{"@type":"ListItem","position":1,"name":"Shop","item":"https:\/\/crudo-leather.com\/shop\/"},{"@type":"ListItem","position":2,"name":"My Melody 925 \u9280\u5c0f\u540a\u589c - \u83ef\u9e97 Melody | \u9810\u8cfc | \u9810\u8a08\u51fa\u8ca8\u65e5\u671f: 12\u670824\u65e5"}]},{"@type":"WebSite","@id":"https:\/\/crudo-leather.com\/#website","url":"https:\/\/crudo-leather.com\/","name":"Crudo","description":"","potentialAction":[{"@type":"SearchAction","target":{"@type":"EntryPoint","urlTemplate":"https:\/\/crudo-leather.com\/?s={search_term_string}"},"query-input":{"@type":"PropertyValueSpecification","valueRequired":true,"valueName":"search_term_string"}}],"inLanguage":"en-US"}]}},"_links":{"self":[{"href":"https:\/\/crudo-leather.com\/de\/wp-json\/wp\/v2\/product\/331182"}],"collection":[{"href":"https:\/\/crudo-leather.com\/de\/wp-json\/wp\/v2\/product"}],"about":[{"href":"https:\/\/crudo-leather.com\/de\/wp-json\/wp\/v2\/types\/product"}],"replies":[{"embeddable":true,"href":"https:\/\/crudo-leather.com\/de\/wp-json\/wp\/v2\/comments?post=331182"}],"wp:featuredmedia":[{"embeddable":true,"href":"https:\/\/crudo-leather.com\/de\/wp-json\/wp\/v2\/media\/331184"}],"wp:attachment":[{"href":"https:\/\/crudo-leather.com\/de\/wp-json\/wp\/v2\/media?parent=331182"}],"wp:term":[{"taxonomy":"collection","embeddable":true,"href":"https:\/\/crudo-leather.com\/de\/wp-json\/wp\/v2\/collection?post=331182"},{"taxonomy":"trending_cat","embeddable":true,"href":"https:\/\/crudo-leather.com\/de\/wp-json\/wp\/v2\/trending_cat?post=331182"},{"taxonomy":"product_cat","embeddable":true,"href":"https:\/\/crudo-leather.com\/de\/wp-json\/wp\/v2\/product_cat?post=331182"},{"taxonomy":"product_tag","embeddable":true,"href":"https:\/\/crudo-leather.com\/de\/wp-json\/wp\/v2\/product_tag?post=331182"}],"curies":[{"name":"wp","href":"https:\/\/api.w.org\/{rel}","templated":true}]}}