{"id":331199,"date":"2025-04-15T14:53:41","date_gmt":"2025-04-15T06:53:41","guid":{"rendered":"https:\/\/crudo-leather.com\/?post_type=product&#038;p=331199"},"modified":"2026-01-08T17:06:24","modified_gmt":"2026-01-08T09:06:24","slug":"my-melody-customized-italian-leather-wrap-bracelet-palace-blue-rose-gold","status":"publish","type":"product","link":"https:\/\/crudo-leather.com\/de\/product\/my-melody-customized-italian-leather-wrap-bracelet-palace-blue-rose-gold\/","title":{"rendered":"My Melody Limited Edition personalisiertes geflochtenes Lederarmband"},"content":{"rendered":"","protected":false},"excerpt":{"rendered":"**Bitte w\u00e4hlen Sie mindestens ein My Melody Metallanh\u00e4nger aus, sonst wird das Produkt nur mit dem urspr\u00fcnglichen Crudo runden Anh\u00e4nger geliefert und nicht mit der My Melody Special Edition Geschenkbox**\n\n<strong><u>My Melody Special Edition<\/u><\/strong>\n\nLassen Sie zarte rosa Bl\u00fctenbl\u00e4tter sanft auf Ihr Handgelenk fallen. Tragen Sie das ma\u00dfgeschneiderte My Melody Armband und fangen Sie die ewige Romantik des Fr\u00fchlingsbl\u00fctenzaubers ein \u2013 jedes Bl\u00fctenblatt ist ein Abdruck der Verliebtheit.\n\n<strong>Klicken Sie auf \"Zum Warenkorb hinzuf\u00fcgen und gestalten\", um Ihren Gravurinhalt zu gestalten<\/strong>\n\n- Offiziell lizenziertes Sanrio Produkt\n- Verschiedene My Melory Emaille-Metall- oder 925er Silberanh\u00e4nger k\u00f6nnen frei kombiniert und am Lederarmband befestigt werden\n- Beim Kauf eines My Melody Special Edition Lederarmbands erhalten Sie eine My Melody Special Edition Geschenkbox mit abl\u00f6sbarer Gru\u00dfkarte (inklusive Geschenkkarte und Produktgarantie)\n- Hergestellt aus italienischem geflochtenem Rindernarbenleder und feinstem 316L Edelstahl\n- Kostenloser Gravurservice, verschiedene Schriftarten und Gravurvorschl\u00e4ge zur Auswahl\n- Verblasst und oxidiert nicht leicht, bleibt dauerhaft erhalten\n- Mit Magnetverschluss und exklusivem Oktaeder-Design\n- Geeignet f\u00fcr Menschen mit empfindlicher Haut\n- Hinweis: Das Armband ist nicht f\u00fcr Kinder unter 3 Jahren geeignet\n\n<strong>Herstellungszeit und Versanddetails<\/strong>\n- Jedes Produkt ben\u00f6tigt nur 1-5 Werktage zur Fertigstellung\n- Bei Bestellung heute kann es bereits morgen versendet werden\n- Nur in Hongkong, Macau, Festlandchina, Japan, S\u00fcdkorea und S\u00fcdamerika (au\u00dfer Panama) erh\u00e4ltlich","protected":false},"featured_media":331204,"comment_status":"open","ping_status":"closed","template":"","meta":{"inline_featured_image":false},"collection":[3028],"trending_cat":[2390],"product_cat":[17],"product_tag":[2966],"class_list":{"0":"post-331199","1":"product","2":"type-product","3":"status-publish","4":"has-post-thumbnail","6":"trending_cat-ricordi-leather-bracelet","7":"product_cat-bracelets-cuffs","8":"product_tag-my-melody-special-edition","10":"first","11":"instock","12":"sale","13":"shipping-taxable","14":"purchasable","15":"product-type-variable"},"yoast_head":"<!-- This site is optimized with the Yoast SEO plugin v23.4 - https:\/\/yoast.com\/wordpress\/plugins\/seo\/ -->\n<title>Crudo My Melody Dunkelblau Ros\u00e9gold Lederarmband<\/title>\n<meta name=\"description\" content=\"Crudo My Melody Limited Edition personalisiertes geflochtenes Lederarmband. Marineblau Ros\u00e9gold, offiziell lizenziert, feine Gravur. Weltweiter Versand, einj\u00e4hrige Garantie.\" \/>\n<meta name=\"robots\" content=\"index, follow, max-snippet:-1, max-image-preview:large, max-video-preview:-1\" \/>\n<link rel=\"canonical\" href=\"https:\/\/crudo-leather.com\/de\/product\/my-melody-customized-italian-leather-wrap-bracelet-palace-blue-rose-gold\/\" \/>\n<meta property=\"og:locale\" content=\"en_US\" \/>\n<meta property=\"og:type\" content=\"article\" \/>\n<meta property=\"og:title\" content=\"Crudo My Melody Dunkelblau Ros\u00e9gold Lederarmband\" \/>\n<meta property=\"og:description\" content=\"Crudo My Melody Limited Edition personalisiertes geflochtenes Lederarmband. Marineblau Ros\u00e9gold, offiziell lizenziert, feine Gravur. Weltweiter Versand, einj\u00e4hrige Garantie.\" \/>\n<meta property=\"og:url\" content=\"https:\/\/crudo-leather.com\/product\/my-melody-customized-italian-leather-wrap-bracelet-palace-blue-rose-gold\/\" \/>\n<meta property=\"og:site_name\" content=\"Crudo\" \/>\n<meta property=\"article:modified_time\" content=\"2026-01-08T09:06:24+00:00\" \/>\n<meta property=\"og:image\" content=\"https:\/\/crudo-leather.com\/wp-content\/uploads\/2025\/04\/MM_WBG_BRT01_GDBE_.jpg\" \/>\n\t<meta property=\"og:image:width\" content=\"2000\" \/>\n\t<meta property=\"og:image:height\" content=\"2000\" \/>\n\t<meta property=\"og:image:type\" content=\"image\/jpeg\" \/>\n<meta name=\"twitter:card\" content=\"summary_large_image\" \/>\n<meta name=\"twitter:label1\" content=\"Est. reading time\" \/>\n\t<meta name=\"twitter:data1\" content=\"1 minute\" \/>\n<script type=\"application\/ld+json\" class=\"yoast-schema-graph\">{\"@context\":\"https:\/\/schema.org\",\"@graph\":[{\"@type\":\"WebPage\",\"@id\":\"https:\/\/crudo-leather.com\/product\/my-melody-customized-italian-leather-wrap-bracelet-palace-blue-rose-gold\/\",\"url\":\"https:\/\/crudo-leather.com\/product\/my-melody-customized-italian-leather-wrap-bracelet-palace-blue-rose-gold\/\",\"name\":\"My Melody Customized Italian Leather Wrap Bracelet - Palace Blue Rose Gold\",\"isPartOf\":{\"@id\":\"https:\/\/crudo-leather.com\/#website\"},\"primaryImageOfPage\":{\"@id\":\"https:\/\/crudo-leather.com\/product\/my-melody-customized-italian-leather-wrap-bracelet-palace-blue-rose-gold\/#primaryimage\"},\"image\":{\"@id\":\"https:\/\/crudo-leather.com\/product\/my-melody-customized-italian-leather-wrap-bracelet-palace-blue-rose-gold\/#primaryimage\"},\"thumbnailUrl\":\"https:\/\/crudo-leather.com\/wp-content\/uploads\/2025\/04\/MM_WBG_BRT01_GDBE_.jpg\",\"datePublished\":\"2025-04-15T06:53:41+00:00\",\"dateModified\":\"2026-01-08T09:06:24+00:00\",\"description\":\"Explore officially licensed My Melody customized Italian leather wrap bracelet. Palace blue with rose gold. Free engraving & luxury gift box. A unique accessory. Shop now!\",\"breadcrumb\":{\"@id\":\"https:\/\/crudo-leather.com\/product\/my-melody-customized-italian-leather-wrap-bracelet-palace-blue-rose-gold\/#breadcrumb\"},\"inLanguage\":\"en-US\",\"potentialAction\":[{\"@type\":\"ReadAction\",\"target\":[\"https:\/\/crudo-leather.com\/product\/my-melody-customized-italian-leather-wrap-bracelet-palace-blue-rose-gold\/\"]}]},{\"@type\":\"ImageObject\",\"inLanguage\":\"en-US\",\"@id\":\"https:\/\/crudo-leather.com\/product\/my-melody-customized-italian-leather-wrap-bracelet-palace-blue-rose-gold\/#primaryimage\",\"url\":\"https:\/\/crudo-leather.com\/wp-content\/uploads\/2025\/04\/MM_WBG_BRT01_GDBE_.jpg\",\"contentUrl\":\"https:\/\/crudo-leather.com\/wp-content\/uploads\/2025\/04\/MM_WBG_BRT01_GDBE_.jpg\",\"width\":2000,\"height\":2000},{\"@type\":\"BreadcrumbList\",\"@id\":\"https:\/\/crudo-leather.com\/product\/my-melody-customized-italian-leather-wrap-bracelet-palace-blue-rose-gold\/#breadcrumb\",\"itemListElement\":[{\"@type\":\"ListItem\",\"position\":1,\"name\":\"Shop\",\"item\":\"https:\/\/crudo-leather.com\/shop\/\"},{\"@type\":\"ListItem\",\"position\":2,\"name\":\"My Melody Customized Italian Leather Wrap Bracelet\"}]},{\"@type\":\"WebSite\",\"@id\":\"https:\/\/crudo-leather.com\/#website\",\"url\":\"https:\/\/crudo-leather.com\/\",\"name\":\"Crudo\",\"description\":\"\",\"potentialAction\":[{\"@type\":\"SearchAction\",\"target\":{\"@type\":\"EntryPoint\",\"urlTemplate\":\"https:\/\/crudo-leather.com\/?s={search_term_string}\"},\"query-input\":{\"@type\":\"PropertyValueSpecification\",\"valueRequired\":true,\"valueName\":\"search_term_string\"}}],\"inLanguage\":\"en-US\"}]}<\/script>\n<!-- \/ Yoast SEO plugin. -->","yoast_head_json":{"title":"Crudo My Melody Dunkelblau Ros\u00e9gold Lederarmband","description":"Crudo My Melody Limited Edition personalisiertes geflochtenes Lederarmband. Marineblau Ros\u00e9gold, offiziell lizenziert, feine Gravur. Weltweiter Versand, einj\u00e4hrige Garantie.","robots":{"index":"index","follow":"follow","max-snippet":"max-snippet:-1","max-image-preview":"max-image-preview:large","max-video-preview":"max-video-preview:-1"},"canonical":"https:\/\/crudo-leather.com\/de\/product\/my-melody-customized-italian-leather-wrap-bracelet-palace-blue-rose-gold\/","og_locale":"en_US","og_type":"article","og_title":"Crudo My Melody Dunkelblau Ros\u00e9gold Lederarmband","og_description":"Crudo My Melody Limited Edition personalisiertes geflochtenes Lederarmband. Marineblau Ros\u00e9gold, offiziell lizenziert, feine Gravur. Weltweiter Versand, einj\u00e4hrige Garantie.","og_url":"https:\/\/crudo-leather.com\/product\/my-melody-customized-italian-leather-wrap-bracelet-palace-blue-rose-gold\/","og_site_name":"Crudo","article_modified_time":"2026-01-08T09:06:24+00:00","og_image":[{"width":2000,"height":2000,"url":"https:\/\/crudo-leather.com\/wp-content\/uploads\/2025\/04\/MM_WBG_BRT01_GDBE_.jpg","type":"image\/jpeg"}],"twitter_card":"summary_large_image","twitter_misc":{"Est. reading time":"1 minute"},"schema":{"@context":"https:\/\/schema.org","@graph":[{"@type":"WebPage","@id":"https:\/\/crudo-leather.com\/product\/my-melody-customized-italian-leather-wrap-bracelet-palace-blue-rose-gold\/","url":"https:\/\/crudo-leather.com\/product\/my-melody-customized-italian-leather-wrap-bracelet-palace-blue-rose-gold\/","name":"My Melody Customized Italian Leather Wrap Bracelet - Palace Blue Rose Gold","isPartOf":{"@id":"https:\/\/crudo-leather.com\/#website"},"primaryImageOfPage":{"@id":"https:\/\/crudo-leather.com\/product\/my-melody-customized-italian-leather-wrap-bracelet-palace-blue-rose-gold\/#primaryimage"},"image":{"@id":"https:\/\/crudo-leather.com\/product\/my-melody-customized-italian-leather-wrap-bracelet-palace-blue-rose-gold\/#primaryimage"},"thumbnailUrl":"https:\/\/crudo-leather.com\/wp-content\/uploads\/2025\/04\/MM_WBG_BRT01_GDBE_.jpg","datePublished":"2025-04-15T06:53:41+00:00","dateModified":"2026-01-08T09:06:24+00:00","description":"Explore officially licensed My Melody customized Italian leather wrap bracelet. Palace blue with rose gold. Free engraving & luxury gift box. A unique accessory. Shop now!","breadcrumb":{"@id":"https:\/\/crudo-leather.com\/product\/my-melody-customized-italian-leather-wrap-bracelet-palace-blue-rose-gold\/#breadcrumb"},"inLanguage":"en-US","potentialAction":[{"@type":"ReadAction","target":["https:\/\/crudo-leather.com\/product\/my-melody-customized-italian-leather-wrap-bracelet-palace-blue-rose-gold\/"]}]},{"@type":"ImageObject","inLanguage":"en-US","@id":"https:\/\/crudo-leather.com\/product\/my-melody-customized-italian-leather-wrap-bracelet-palace-blue-rose-gold\/#primaryimage","url":"https:\/\/crudo-leather.com\/wp-content\/uploads\/2025\/04\/MM_WBG_BRT01_GDBE_.jpg","contentUrl":"https:\/\/crudo-leather.com\/wp-content\/uploads\/2025\/04\/MM_WBG_BRT01_GDBE_.jpg","width":2000,"height":2000},{"@type":"BreadcrumbList","@id":"https:\/\/crudo-leather.com\/product\/my-melody-customized-italian-leather-wrap-bracelet-palace-blue-rose-gold\/#breadcrumb","itemListElement":[{"@type":"ListItem","position":1,"name":"Shop","item":"https:\/\/crudo-leather.com\/shop\/"},{"@type":"ListItem","position":2,"name":"My Melody Customized Italian Leather Wrap Bracelet"}]},{"@type":"WebSite","@id":"https:\/\/crudo-leather.com\/#website","url":"https:\/\/crudo-leather.com\/","name":"Crudo","description":"","potentialAction":[{"@type":"SearchAction","target":{"@type":"EntryPoint","urlTemplate":"https:\/\/crudo-leather.com\/?s={search_term_string}"},"query-input":{"@type":"PropertyValueSpecification","valueRequired":true,"valueName":"search_term_string"}}],"inLanguage":"en-US"}]}},"_links":{"self":[{"href":"https:\/\/crudo-leather.com\/de\/wp-json\/wp\/v2\/product\/331199"}],"collection":[{"href":"https:\/\/crudo-leather.com\/de\/wp-json\/wp\/v2\/product"}],"about":[{"href":"https:\/\/crudo-leather.com\/de\/wp-json\/wp\/v2\/types\/product"}],"replies":[{"embeddable":true,"href":"https:\/\/crudo-leather.com\/de\/wp-json\/wp\/v2\/comments?post=331199"}],"wp:featuredmedia":[{"embeddable":true,"href":"https:\/\/crudo-leather.com\/de\/wp-json\/wp\/v2\/media\/331204"}],"wp:attachment":[{"href":"https:\/\/crudo-leather.com\/de\/wp-json\/wp\/v2\/media?parent=331199"}],"wp:term":[{"taxonomy":"collection","embeddable":true,"href":"https:\/\/crudo-leather.com\/de\/wp-json\/wp\/v2\/collection?post=331199"},{"taxonomy":"trending_cat","embeddable":true,"href":"https:\/\/crudo-leather.com\/de\/wp-json\/wp\/v2\/trending_cat?post=331199"},{"taxonomy":"product_cat","embeddable":true,"href":"https:\/\/crudo-leather.com\/de\/wp-json\/wp\/v2\/product_cat?post=331199"},{"taxonomy":"product_tag","embeddable":true,"href":"https:\/\/crudo-leather.com\/de\/wp-json\/wp\/v2\/product_tag?post=331199"}],"curies":[{"name":"wp","href":"https:\/\/api.w.org\/{rel}","templated":true}]}}