{"id":331271,"date":"2025-04-15T16:40:01","date_gmt":"2025-04-15T08:40:01","guid":{"rendered":"https:\/\/crudo-leather.com\/?post_type=product&#038;p=331271"},"modified":"2026-03-18T16:55:46","modified_gmt":"2026-03-18T08:55:46","slug":"my-melody-customized-leather-gemstone-bracelet-blossom-pink-rose-quartz","status":"publish","type":"product","link":"https:\/\/crudo-leather.com\/de\/product\/my-melody-customized-leather-gemstone-bracelet-blossom-pink-rose-quartz\/","title":{"rendered":"My Melody Limited Edition personalisiertes geflochtenes Leder Edelstein Armband"},"content":{"rendered":"","protected":false},"excerpt":{"rendered":"**Bitte w\u00e4hlen Sie mindestens ein My Melody Metall-Anh\u00e4nger aus, sonst wird das Produkt nur mit dem urspr\u00fcnglichen Crudo runden Anh\u00e4nger geliefert und nicht mit der My Melody Special Edition Geschenkbox**\n\n<strong><u>My Melody Special Edition<\/u><\/strong>\n\nLassen Sie zarte rosa Bl\u00fctenbl\u00e4tter sanft auf Ihr Handgelenk fallen. Tragen Sie das ma\u00dfgeschneiderte My Melody Armband und fangen Sie die ewige Romantik des Fr\u00fchlingsbl\u00fctenzaubers ein \u2013 jedes Bl\u00fctenblatt ist ein Zeichen der Verliebtheit.\n\n<strong>Klicken Sie auf \"Zum Warenkorb hinzuf\u00fcgen und gestalten\", um Ihren Gravurinhalt zu gestalten<\/strong>\n\n- Offiziell lizenziertes Sanrio Produkt\n- Verschiedene My Melody Emaille-Metall- oder 925 Sterling Silber-Anh\u00e4nger k\u00f6nnen frei kombiniert und am Lederarmband befestigt werden\n- Beim Kauf eines My Melody Special Edition Lederarmbands erhalten Sie eine My Melody Special Edition Geschenkbox mit abl\u00f6sbarer Gru\u00dfkarte (inklusive Geschenkkarte und Produktgarantie)\n- Hergestellt aus italienischem geflochtenem Vollrindleder und feinstem 316L Edelstahl\n- Mit eingelassenen Rosenquarzsteinen auf der 316L Edelstahloberfl\u00e4che, die dem Lederarmband heilende Energie verleihen\n- Handwerker verwenden pr\u00e4zise Edelsteinschneidetechniken, um wertvolle Steine in funkelndem Glanz erstrahlen zu lassen\n- Jeder Stein ist nat\u00fcrlich abgebaut und hat eine einzigartige nat\u00fcrliche Textur\n- Kostenloser Gravurservice mit einer Auswahl an Schriftarten und Gravurvorschl\u00e4gen\n- Verblasst und oxidiert nicht leicht, bleibt dauerhaft erhalten\n- Mit Magnetverschluss und exklusivem kleinen Achteckschnitt-Design\n- Geeignet f\u00fcr Menschen mit empfindlicher Haut\n- Hinweis: Das Armband ist nicht f\u00fcr Kinder unter 3 Jahren geeignet\n\n<strong>Herstellungszeit und Versanddetails<\/strong>\n- Jedes Produkt ben\u00f6tigt nur 1-5 Werktage zur Fertigstellung\n- Bei Bestellung heute kann es bereits morgen versendet werden\n- Nur in Hongkong, Macau, Festlandchina, Japan, S\u00fcdkorea und S\u00fcdamerika (au\u00dfer Panama) erh\u00e4ltlich","protected":false},"featured_media":331280,"comment_status":"open","ping_status":"closed","template":"","meta":{"inline_featured_image":false},"collection":[3028],"trending_cat":[2390],"product_cat":[17],"product_tag":[2966],"class_list":{"0":"post-331271","1":"product","2":"type-product","3":"status-publish","4":"has-post-thumbnail","6":"trending_cat-ricordi-leather-bracelet","7":"product_cat-bracelets-cuffs","8":"product_tag-my-melody-special-edition","10":"first","11":"instock","12":"sale","13":"shipping-taxable","14":"purchasable","15":"product-type-variable"},"yoast_head":"<!-- This site is optimized with the Yoast SEO plugin v23.4 - https:\/\/yoast.com\/wordpress\/plugins\/seo\/ -->\n<title>Crudo My Melody \u6afb\u82b1\u7c89\u7d05\u73ab\u7470\u77f3\u82f1\u624b\u74b0<\/title>\n<meta name=\"description\" content=\"Crudo My Melody Limited Edition ma\u00dfgeschneidertes geflochtenes Leder Edelstein Armband. Rosa Rosenquarz, offiziell lizenziert, feine Gravur. Weltweiter Versand, einj\u00e4hrige Garantie.\" \/>\n<meta name=\"robots\" content=\"index, follow, max-snippet:-1, max-image-preview:large, max-video-preview:-1\" \/>\n<link rel=\"canonical\" href=\"https:\/\/crudo-leather.com\/de\/product\/my-melody-customized-leather-gemstone-bracelet-blossom-pink-rose-quartz\/\" \/>\n<meta property=\"og:locale\" content=\"en_US\" \/>\n<meta property=\"og:type\" content=\"article\" \/>\n<meta property=\"og:title\" content=\"Crudo My Melody \u6afb\u82b1\u7c89\u7d05\u73ab\u7470\u77f3\u82f1\u624b\u74b0\" \/>\n<meta property=\"og:description\" content=\"Crudo My Melody Limited Edition ma\u00dfgeschneidertes geflochtenes Leder Edelstein Armband. Rosa Rosenquarz, offiziell lizenziert, feine Gravur. Weltweiter Versand, einj\u00e4hrige Garantie.\" \/>\n<meta property=\"og:url\" content=\"https:\/\/crudo-leather.com\/product\/my-melody-customized-leather-gemstone-bracelet-blossom-pink-rose-quartz\/\" \/>\n<meta property=\"og:site_name\" content=\"Crudo\" \/>\n<meta property=\"article:modified_time\" content=\"2026-03-18T08:55:46+00:00\" \/>\n<meta property=\"og:image\" content=\"https:\/\/crudo-leather.com\/wp-content\/uploads\/2025\/04\/KT_WBG_BRT01stone_RQ_a.jpg\" \/>\n\t<meta property=\"og:image:width\" content=\"2000\" \/>\n\t<meta property=\"og:image:height\" content=\"2000\" \/>\n\t<meta property=\"og:image:type\" content=\"image\/jpeg\" \/>\n<meta name=\"twitter:card\" content=\"summary_large_image\" \/>\n<meta name=\"twitter:label1\" content=\"Est. reading time\" \/>\n\t<meta name=\"twitter:data1\" content=\"1 minute\" \/>\n<script type=\"application\/ld+json\" class=\"yoast-schema-graph\">{\"@context\":\"https:\/\/schema.org\",\"@graph\":[{\"@type\":\"WebPage\",\"@id\":\"https:\/\/crudo-leather.com\/product\/my-melody-customized-leather-gemstone-bracelet-blossom-pink-rose-quartz\/\",\"url\":\"https:\/\/crudo-leather.com\/product\/my-melody-customized-leather-gemstone-bracelet-blossom-pink-rose-quartz\/\",\"name\":\"My Melody Customized Leather Gemstone Bracelet - Blossom Pink Rose Quartz\",\"isPartOf\":{\"@id\":\"https:\/\/crudo-leather.com\/#website\"},\"primaryImageOfPage\":{\"@id\":\"https:\/\/crudo-leather.com\/product\/my-melody-customized-leather-gemstone-bracelet-blossom-pink-rose-quartz\/#primaryimage\"},\"image\":{\"@id\":\"https:\/\/crudo-leather.com\/product\/my-melody-customized-leather-gemstone-bracelet-blossom-pink-rose-quartz\/#primaryimage\"},\"thumbnailUrl\":\"https:\/\/crudo-leather.com\/wp-content\/uploads\/2025\/04\/KT_WBG_BRT01stone_RQ_a.jpg\",\"datePublished\":\"2025-04-15T08:40:01+00:00\",\"dateModified\":\"2026-03-18T08:55:46+00:00\",\"description\":\"Explore officially licensed My Melody customized leather gemstone bracelet. Blossom pink with rose quartz. Free engraving & luxury gift box. A unique accessory. Shop now!\",\"breadcrumb\":{\"@id\":\"https:\/\/crudo-leather.com\/product\/my-melody-customized-leather-gemstone-bracelet-blossom-pink-rose-quartz\/#breadcrumb\"},\"inLanguage\":\"en-US\",\"potentialAction\":[{\"@type\":\"ReadAction\",\"target\":[\"https:\/\/crudo-leather.com\/product\/my-melody-customized-leather-gemstone-bracelet-blossom-pink-rose-quartz\/\"]}]},{\"@type\":\"ImageObject\",\"inLanguage\":\"en-US\",\"@id\":\"https:\/\/crudo-leather.com\/product\/my-melody-customized-leather-gemstone-bracelet-blossom-pink-rose-quartz\/#primaryimage\",\"url\":\"https:\/\/crudo-leather.com\/wp-content\/uploads\/2025\/04\/KT_WBG_BRT01stone_RQ_a.jpg\",\"contentUrl\":\"https:\/\/crudo-leather.com\/wp-content\/uploads\/2025\/04\/KT_WBG_BRT01stone_RQ_a.jpg\",\"width\":2000,\"height\":2000},{\"@type\":\"BreadcrumbList\",\"@id\":\"https:\/\/crudo-leather.com\/product\/my-melody-customized-leather-gemstone-bracelet-blossom-pink-rose-quartz\/#breadcrumb\",\"itemListElement\":[{\"@type\":\"ListItem\",\"position\":1,\"name\":\"Shop\",\"item\":\"https:\/\/crudo-leather.com\/shop\/\"},{\"@type\":\"ListItem\",\"position\":2,\"name\":\"My Melody Customized Leather Gemstone Bracelet\"}]},{\"@type\":\"WebSite\",\"@id\":\"https:\/\/crudo-leather.com\/#website\",\"url\":\"https:\/\/crudo-leather.com\/\",\"name\":\"Crudo\",\"description\":\"\",\"potentialAction\":[{\"@type\":\"SearchAction\",\"target\":{\"@type\":\"EntryPoint\",\"urlTemplate\":\"https:\/\/crudo-leather.com\/?s={search_term_string}\"},\"query-input\":{\"@type\":\"PropertyValueSpecification\",\"valueRequired\":true,\"valueName\":\"search_term_string\"}}],\"inLanguage\":\"en-US\"}]}<\/script>\n<!-- \/ Yoast SEO plugin. -->","yoast_head_json":{"title":"Crudo My Melody \u6afb\u82b1\u7c89\u7d05\u73ab\u7470\u77f3\u82f1\u624b\u74b0","description":"Crudo My Melody Limited Edition ma\u00dfgeschneidertes geflochtenes Leder Edelstein Armband. Rosa Rosenquarz, offiziell lizenziert, feine Gravur. Weltweiter Versand, einj\u00e4hrige Garantie.","robots":{"index":"index","follow":"follow","max-snippet":"max-snippet:-1","max-image-preview":"max-image-preview:large","max-video-preview":"max-video-preview:-1"},"canonical":"https:\/\/crudo-leather.com\/de\/product\/my-melody-customized-leather-gemstone-bracelet-blossom-pink-rose-quartz\/","og_locale":"en_US","og_type":"article","og_title":"Crudo My Melody \u6afb\u82b1\u7c89\u7d05\u73ab\u7470\u77f3\u82f1\u624b\u74b0","og_description":"Crudo My Melody Limited Edition ma\u00dfgeschneidertes geflochtenes Leder Edelstein Armband. Rosa Rosenquarz, offiziell lizenziert, feine Gravur. Weltweiter Versand, einj\u00e4hrige Garantie.","og_url":"https:\/\/crudo-leather.com\/product\/my-melody-customized-leather-gemstone-bracelet-blossom-pink-rose-quartz\/","og_site_name":"Crudo","article_modified_time":"2026-03-18T08:55:46+00:00","og_image":[{"width":2000,"height":2000,"url":"https:\/\/crudo-leather.com\/wp-content\/uploads\/2025\/04\/KT_WBG_BRT01stone_RQ_a.jpg","type":"image\/jpeg"}],"twitter_card":"summary_large_image","twitter_misc":{"Est. reading time":"1 minute"},"schema":{"@context":"https:\/\/schema.org","@graph":[{"@type":"WebPage","@id":"https:\/\/crudo-leather.com\/product\/my-melody-customized-leather-gemstone-bracelet-blossom-pink-rose-quartz\/","url":"https:\/\/crudo-leather.com\/product\/my-melody-customized-leather-gemstone-bracelet-blossom-pink-rose-quartz\/","name":"My Melody Customized Leather Gemstone Bracelet - Blossom Pink Rose Quartz","isPartOf":{"@id":"https:\/\/crudo-leather.com\/#website"},"primaryImageOfPage":{"@id":"https:\/\/crudo-leather.com\/product\/my-melody-customized-leather-gemstone-bracelet-blossom-pink-rose-quartz\/#primaryimage"},"image":{"@id":"https:\/\/crudo-leather.com\/product\/my-melody-customized-leather-gemstone-bracelet-blossom-pink-rose-quartz\/#primaryimage"},"thumbnailUrl":"https:\/\/crudo-leather.com\/wp-content\/uploads\/2025\/04\/KT_WBG_BRT01stone_RQ_a.jpg","datePublished":"2025-04-15T08:40:01+00:00","dateModified":"2026-03-18T08:55:46+00:00","description":"Explore officially licensed My Melody customized leather gemstone bracelet. Blossom pink with rose quartz. Free engraving & luxury gift box. A unique accessory. Shop now!","breadcrumb":{"@id":"https:\/\/crudo-leather.com\/product\/my-melody-customized-leather-gemstone-bracelet-blossom-pink-rose-quartz\/#breadcrumb"},"inLanguage":"en-US","potentialAction":[{"@type":"ReadAction","target":["https:\/\/crudo-leather.com\/product\/my-melody-customized-leather-gemstone-bracelet-blossom-pink-rose-quartz\/"]}]},{"@type":"ImageObject","inLanguage":"en-US","@id":"https:\/\/crudo-leather.com\/product\/my-melody-customized-leather-gemstone-bracelet-blossom-pink-rose-quartz\/#primaryimage","url":"https:\/\/crudo-leather.com\/wp-content\/uploads\/2025\/04\/KT_WBG_BRT01stone_RQ_a.jpg","contentUrl":"https:\/\/crudo-leather.com\/wp-content\/uploads\/2025\/04\/KT_WBG_BRT01stone_RQ_a.jpg","width":2000,"height":2000},{"@type":"BreadcrumbList","@id":"https:\/\/crudo-leather.com\/product\/my-melody-customized-leather-gemstone-bracelet-blossom-pink-rose-quartz\/#breadcrumb","itemListElement":[{"@type":"ListItem","position":1,"name":"Shop","item":"https:\/\/crudo-leather.com\/shop\/"},{"@type":"ListItem","position":2,"name":"My Melody Customized Leather Gemstone Bracelet"}]},{"@type":"WebSite","@id":"https:\/\/crudo-leather.com\/#website","url":"https:\/\/crudo-leather.com\/","name":"Crudo","description":"","potentialAction":[{"@type":"SearchAction","target":{"@type":"EntryPoint","urlTemplate":"https:\/\/crudo-leather.com\/?s={search_term_string}"},"query-input":{"@type":"PropertyValueSpecification","valueRequired":true,"valueName":"search_term_string"}}],"inLanguage":"en-US"}]}},"_links":{"self":[{"href":"https:\/\/crudo-leather.com\/de\/wp-json\/wp\/v2\/product\/331271"}],"collection":[{"href":"https:\/\/crudo-leather.com\/de\/wp-json\/wp\/v2\/product"}],"about":[{"href":"https:\/\/crudo-leather.com\/de\/wp-json\/wp\/v2\/types\/product"}],"replies":[{"embeddable":true,"href":"https:\/\/crudo-leather.com\/de\/wp-json\/wp\/v2\/comments?post=331271"}],"wp:featuredmedia":[{"embeddable":true,"href":"https:\/\/crudo-leather.com\/de\/wp-json\/wp\/v2\/media\/331280"}],"wp:attachment":[{"href":"https:\/\/crudo-leather.com\/de\/wp-json\/wp\/v2\/media?parent=331271"}],"wp:term":[{"taxonomy":"collection","embeddable":true,"href":"https:\/\/crudo-leather.com\/de\/wp-json\/wp\/v2\/collection?post=331271"},{"taxonomy":"trending_cat","embeddable":true,"href":"https:\/\/crudo-leather.com\/de\/wp-json\/wp\/v2\/trending_cat?post=331271"},{"taxonomy":"product_cat","embeddable":true,"href":"https:\/\/crudo-leather.com\/de\/wp-json\/wp\/v2\/product_cat?post=331271"},{"taxonomy":"product_tag","embeddable":true,"href":"https:\/\/crudo-leather.com\/de\/wp-json\/wp\/v2\/product_tag?post=331271"}],"curies":[{"name":"wp","href":"https:\/\/api.w.org\/{rel}","templated":true}]}}