{"id":331306,"date":"2025-04-15T17:39:46","date_gmt":"2025-04-15T09:39:46","guid":{"rendered":"https:\/\/crudo-leather.com\/?post_type=product&#038;p=331306"},"modified":"2026-01-02T09:55:10","modified_gmt":"2026-01-02T01:55:10","slug":"my-melody-customized-925-sterling-silver-pendant-necklace-melody-enchantment","status":"publish","type":"product","link":"https:\/\/crudo-leather.com\/de\/product\/my-melody-customized-925-sterling-silver-pendant-necklace-melody-enchantment\/","title":{"rendered":"My Melody Limited Edition personalisiertes 925 Sterling Silber Anh\u00e4nger Halskette"},"content":{"rendered":"","protected":false},"excerpt":{"rendered":"<u>My<\/u><strong><u> Melody Special Edition<\/u><\/strong>\nLassen Sie zarte rosa Bl\u00fctenbl\u00e4tter Ihre Schl\u00fcsselbeinkurve schm\u00fccken. Tragen Sie die ma\u00dfgeschneiderte My Melody Halskette und fangen Sie die ewige Romantik des Fr\u00fchlingsflors ein \u2013 jedes Bl\u00fctenblatt ist ein Abdruck der Verliebtheit.\n\n<strong> Klicken Sie auf \"In den Warenkorb legen und gestalten\", um Ihren Gravurinhalt zu gestalten<\/strong>\n- Offiziell lizenziertes Sanrio-Produkt\n- My Melody Anh\u00e4ngerhalskette aus Sterling Silber\n- Beim Kauf eines My Melody Special Edition Armbands erhalten Sie eine My Melody Special Edition Geschenkbox mit abl\u00f6sbarer Gru\u00dfkarte (inklusive Geschenkkarte und Produktgarantie)\n- Kostenloser Gravurservice, verschiedene Schriftarten zur Auswahl\n- Verstellbare Verschlussdesign, passt sich perfekt Ihren Trageanforderungen an\n- 925 Sterling Silber, abriebfest und verblasst nicht\n- Glitzernde Kettendesign, betont die elegante Sch\u00f6nheit der Halskette\n\n<strong> Herstellungszeit und Versanddetails<\/strong>\n- Jedes Produkt ben\u00f6tigt nur 1-5 Werktage zur Fertigstellung\n- Bei Bestellung heute kann es bereits morgen versendet werden\n- Nur in Hongkong, Macau, Festlandchina, Japan, S\u00fcdkorea und S\u00fcdamerika (au\u00dfer Panama) erh\u00e4ltlich","protected":false},"featured_media":331308,"comment_status":"open","ping_status":"closed","template":"","meta":{"inline_featured_image":false},"collection":[3028],"trending_cat":[],"product_cat":[85],"product_tag":[2966],"class_list":{"0":"post-331306","1":"product","2":"type-product","3":"status-publish","4":"has-post-thumbnail","6":"product_cat-925-silver-necklace","7":"product_tag-my-melody-special-edition","9":"first","10":"instock","11":"sale","12":"shipping-taxable","13":"purchasable","14":"product-type-variable"},"yoast_head":"<!-- This site is optimized with the Yoast SEO plugin v23.4 - https:\/\/yoast.com\/wordpress\/plugins\/seo\/ -->\n<title>Crudo My Melody 925 Sterlingsilber Anh\u00e4nger Halskette: Melodischer Zauber<\/title>\n<meta name=\"description\" content=\"Crudo My Melody Limited Edition ma\u00dfgeschneiderte 925 Sterling Silber Anh\u00e4nger Halskette. Melodische Magie Design, offiziell lizenziert, feine Gravur. Weltweiter Versand, einj\u00e4hrige Garantie.\" \/>\n<meta name=\"robots\" content=\"index, follow, max-snippet:-1, max-image-preview:large, max-video-preview:-1\" \/>\n<link rel=\"canonical\" href=\"https:\/\/crudo-leather.com\/de\/product\/my-melody-customized-925-sterling-silver-pendant-necklace-melody-enchantment\/\" \/>\n<meta property=\"og:locale\" content=\"en_US\" \/>\n<meta property=\"og:type\" content=\"article\" \/>\n<meta property=\"og:title\" content=\"Crudo My Melody 925 Sterlingsilber Anh\u00e4nger Halskette: Melodischer Zauber\" \/>\n<meta property=\"og:description\" content=\"Crudo My Melody Limited Edition ma\u00dfgeschneiderte 925 Sterling Silber Anh\u00e4nger Halskette. Melodische Magie Design, offiziell lizenziert, feine Gravur. Weltweiter Versand, einj\u00e4hrige Garantie.\" \/>\n<meta property=\"og:url\" content=\"https:\/\/crudo-leather.com\/product\/my-melody-customized-925-sterling-silver-pendant-necklace-melody-enchantment\/\" \/>\n<meta property=\"og:site_name\" content=\"Crudo\" \/>\n<meta property=\"article:modified_time\" content=\"2026-01-02T01:55:10+00:00\" \/>\n<meta property=\"og:image\" content=\"https:\/\/crudo-leather.com\/wp-content\/uploads\/2025\/04\/MM_Necklace_1.jpg\" \/>\n\t<meta property=\"og:image:width\" content=\"2000\" \/>\n\t<meta property=\"og:image:height\" content=\"2000\" \/>\n\t<meta property=\"og:image:type\" content=\"image\/jpeg\" \/>\n<meta name=\"twitter:card\" content=\"summary_large_image\" \/>\n<meta name=\"twitter:label1\" content=\"Est. reading time\" \/>\n\t<meta name=\"twitter:data1\" content=\"1 minute\" \/>\n<script type=\"application\/ld+json\" class=\"yoast-schema-graph\">{\"@context\":\"https:\/\/schema.org\",\"@graph\":[{\"@type\":\"WebPage\",\"@id\":\"https:\/\/crudo-leather.com\/product\/my-melody-customized-925-sterling-silver-pendant-necklace-melody-enchantment\/\",\"url\":\"https:\/\/crudo-leather.com\/product\/my-melody-customized-925-sterling-silver-pendant-necklace-melody-enchantment\/\",\"name\":\"My Melody Customized 925 Sterling Silver Pendant Necklace - Melody Enchantment\",\"isPartOf\":{\"@id\":\"https:\/\/crudo-leather.com\/#website\"},\"primaryImageOfPage\":{\"@id\":\"https:\/\/crudo-leather.com\/product\/my-melody-customized-925-sterling-silver-pendant-necklace-melody-enchantment\/#primaryimage\"},\"image\":{\"@id\":\"https:\/\/crudo-leather.com\/product\/my-melody-customized-925-sterling-silver-pendant-necklace-melody-enchantment\/#primaryimage\"},\"thumbnailUrl\":\"https:\/\/crudo-leather.com\/wp-content\/uploads\/2025\/04\/MM_Necklace_1.jpg\",\"datePublished\":\"2025-04-15T09:39:46+00:00\",\"dateModified\":\"2026-01-02T01:55:10+00:00\",\"description\":\"Explore officially licensed My Melody customized 925 sterling silver pendant necklace in Melody Enchantment design. A charming and personalized accessory. Shop now!\",\"breadcrumb\":{\"@id\":\"https:\/\/crudo-leather.com\/product\/my-melody-customized-925-sterling-silver-pendant-necklace-melody-enchantment\/#breadcrumb\"},\"inLanguage\":\"en-US\",\"potentialAction\":[{\"@type\":\"ReadAction\",\"target\":[\"https:\/\/crudo-leather.com\/product\/my-melody-customized-925-sterling-silver-pendant-necklace-melody-enchantment\/\"]}]},{\"@type\":\"ImageObject\",\"inLanguage\":\"en-US\",\"@id\":\"https:\/\/crudo-leather.com\/product\/my-melody-customized-925-sterling-silver-pendant-necklace-melody-enchantment\/#primaryimage\",\"url\":\"https:\/\/crudo-leather.com\/wp-content\/uploads\/2025\/04\/MM_Necklace_1.jpg\",\"contentUrl\":\"https:\/\/crudo-leather.com\/wp-content\/uploads\/2025\/04\/MM_Necklace_1.jpg\",\"width\":2000,\"height\":2000},{\"@type\":\"BreadcrumbList\",\"@id\":\"https:\/\/crudo-leather.com\/product\/my-melody-customized-925-sterling-silver-pendant-necklace-melody-enchantment\/#breadcrumb\",\"itemListElement\":[{\"@type\":\"ListItem\",\"position\":1,\"name\":\"Shop\",\"item\":\"https:\/\/crudo-leather.com\/shop\/\"},{\"@type\":\"ListItem\",\"position\":2,\"name\":\"My Melody Customized 925 Sterling Silver Pendant Necklace\"}]},{\"@type\":\"WebSite\",\"@id\":\"https:\/\/crudo-leather.com\/#website\",\"url\":\"https:\/\/crudo-leather.com\/\",\"name\":\"Crudo\",\"description\":\"\",\"potentialAction\":[{\"@type\":\"SearchAction\",\"target\":{\"@type\":\"EntryPoint\",\"urlTemplate\":\"https:\/\/crudo-leather.com\/?s={search_term_string}\"},\"query-input\":{\"@type\":\"PropertyValueSpecification\",\"valueRequired\":true,\"valueName\":\"search_term_string\"}}],\"inLanguage\":\"en-US\"}]}<\/script>\n<!-- \/ Yoast SEO plugin. -->","yoast_head_json":{"title":"Crudo My Melody 925 Sterlingsilber Anh\u00e4nger Halskette: Melodischer Zauber","description":"Crudo My Melody Limited Edition ma\u00dfgeschneiderte 925 Sterling Silber Anh\u00e4nger Halskette. Melodische Magie Design, offiziell lizenziert, feine Gravur. Weltweiter Versand, einj\u00e4hrige Garantie.","robots":{"index":"index","follow":"follow","max-snippet":"max-snippet:-1","max-image-preview":"max-image-preview:large","max-video-preview":"max-video-preview:-1"},"canonical":"https:\/\/crudo-leather.com\/de\/product\/my-melody-customized-925-sterling-silver-pendant-necklace-melody-enchantment\/","og_locale":"en_US","og_type":"article","og_title":"Crudo My Melody 925 Sterlingsilber Anh\u00e4nger Halskette: Melodischer Zauber","og_description":"Crudo My Melody Limited Edition ma\u00dfgeschneiderte 925 Sterling Silber Anh\u00e4nger Halskette. Melodische Magie Design, offiziell lizenziert, feine Gravur. Weltweiter Versand, einj\u00e4hrige Garantie.","og_url":"https:\/\/crudo-leather.com\/product\/my-melody-customized-925-sterling-silver-pendant-necklace-melody-enchantment\/","og_site_name":"Crudo","article_modified_time":"2026-01-02T01:55:10+00:00","og_image":[{"width":2000,"height":2000,"url":"https:\/\/crudo-leather.com\/wp-content\/uploads\/2025\/04\/MM_Necklace_1.jpg","type":"image\/jpeg"}],"twitter_card":"summary_large_image","twitter_misc":{"Est. reading time":"1 minute"},"schema":{"@context":"https:\/\/schema.org","@graph":[{"@type":"WebPage","@id":"https:\/\/crudo-leather.com\/product\/my-melody-customized-925-sterling-silver-pendant-necklace-melody-enchantment\/","url":"https:\/\/crudo-leather.com\/product\/my-melody-customized-925-sterling-silver-pendant-necklace-melody-enchantment\/","name":"My Melody Customized 925 Sterling Silver Pendant Necklace - Melody Enchantment","isPartOf":{"@id":"https:\/\/crudo-leather.com\/#website"},"primaryImageOfPage":{"@id":"https:\/\/crudo-leather.com\/product\/my-melody-customized-925-sterling-silver-pendant-necklace-melody-enchantment\/#primaryimage"},"image":{"@id":"https:\/\/crudo-leather.com\/product\/my-melody-customized-925-sterling-silver-pendant-necklace-melody-enchantment\/#primaryimage"},"thumbnailUrl":"https:\/\/crudo-leather.com\/wp-content\/uploads\/2025\/04\/MM_Necklace_1.jpg","datePublished":"2025-04-15T09:39:46+00:00","dateModified":"2026-01-02T01:55:10+00:00","description":"Explore officially licensed My Melody customized 925 sterling silver pendant necklace in Melody Enchantment design. A charming and personalized accessory. Shop now!","breadcrumb":{"@id":"https:\/\/crudo-leather.com\/product\/my-melody-customized-925-sterling-silver-pendant-necklace-melody-enchantment\/#breadcrumb"},"inLanguage":"en-US","potentialAction":[{"@type":"ReadAction","target":["https:\/\/crudo-leather.com\/product\/my-melody-customized-925-sterling-silver-pendant-necklace-melody-enchantment\/"]}]},{"@type":"ImageObject","inLanguage":"en-US","@id":"https:\/\/crudo-leather.com\/product\/my-melody-customized-925-sterling-silver-pendant-necklace-melody-enchantment\/#primaryimage","url":"https:\/\/crudo-leather.com\/wp-content\/uploads\/2025\/04\/MM_Necklace_1.jpg","contentUrl":"https:\/\/crudo-leather.com\/wp-content\/uploads\/2025\/04\/MM_Necklace_1.jpg","width":2000,"height":2000},{"@type":"BreadcrumbList","@id":"https:\/\/crudo-leather.com\/product\/my-melody-customized-925-sterling-silver-pendant-necklace-melody-enchantment\/#breadcrumb","itemListElement":[{"@type":"ListItem","position":1,"name":"Shop","item":"https:\/\/crudo-leather.com\/shop\/"},{"@type":"ListItem","position":2,"name":"My Melody Customized 925 Sterling Silver Pendant Necklace"}]},{"@type":"WebSite","@id":"https:\/\/crudo-leather.com\/#website","url":"https:\/\/crudo-leather.com\/","name":"Crudo","description":"","potentialAction":[{"@type":"SearchAction","target":{"@type":"EntryPoint","urlTemplate":"https:\/\/crudo-leather.com\/?s={search_term_string}"},"query-input":{"@type":"PropertyValueSpecification","valueRequired":true,"valueName":"search_term_string"}}],"inLanguage":"en-US"}]}},"_links":{"self":[{"href":"https:\/\/crudo-leather.com\/de\/wp-json\/wp\/v2\/product\/331306"}],"collection":[{"href":"https:\/\/crudo-leather.com\/de\/wp-json\/wp\/v2\/product"}],"about":[{"href":"https:\/\/crudo-leather.com\/de\/wp-json\/wp\/v2\/types\/product"}],"replies":[{"embeddable":true,"href":"https:\/\/crudo-leather.com\/de\/wp-json\/wp\/v2\/comments?post=331306"}],"wp:featuredmedia":[{"embeddable":true,"href":"https:\/\/crudo-leather.com\/de\/wp-json\/wp\/v2\/media\/331308"}],"wp:attachment":[{"href":"https:\/\/crudo-leather.com\/de\/wp-json\/wp\/v2\/media?parent=331306"}],"wp:term":[{"taxonomy":"collection","embeddable":true,"href":"https:\/\/crudo-leather.com\/de\/wp-json\/wp\/v2\/collection?post=331306"},{"taxonomy":"trending_cat","embeddable":true,"href":"https:\/\/crudo-leather.com\/de\/wp-json\/wp\/v2\/trending_cat?post=331306"},{"taxonomy":"product_cat","embeddable":true,"href":"https:\/\/crudo-leather.com\/de\/wp-json\/wp\/v2\/product_cat?post=331306"},{"taxonomy":"product_tag","embeddable":true,"href":"https:\/\/crudo-leather.com\/de\/wp-json\/wp\/v2\/product_tag?post=331306"}],"curies":[{"name":"wp","href":"https:\/\/api.w.org\/{rel}","templated":true}]}}